{"id":733,"date":"2025-07-07T13:20:48","date_gmt":"2025-07-07T13:20:48","guid":{"rendered":"https:\/\/customacrylicproduct.com\/?post_type=product&#038;p=733"},"modified":"2025-07-07T13:37:33","modified_gmt":"2025-07-07T13:37:33","slug":"custom-acrylic-puzzles-piece-waterproof-puzzle-photo-jigsaws","status":"publish","type":"product","link":"https:\/\/customacrylicproduct.com\/it\/custom-acrylic-puzzles-piece-waterproof-puzzle-photo-jigsaws\/","title":{"rendered":"Puzzle acrilici personalizzati Puzzle foto impermeabili"},"content":{"rendered":"<h3 id=\"-title-beyond-the-frame-the-memorable-custom-made-polymer-image-challenge-waterproof-personal-and-made-to-last-\"><strong>Titolo: Oltre la cornice: La sfida dell'immagine memorabile in polimero su misura - impermeabile, personale e destinata a durare nel tempo\u00a0<\/strong>.<\/h3>\n<p>In un'epoca di foto digitali di breve durata e di intrattenimento domestico usa e getta, desideriamo punti concreti, significativi e duraturi. Scattiamo innumerevoli foto, ma quante durano davvero? Acquistiamo puzzle per un momento di divertimento, solo per vederli flettere, sfilacciarsi o essere rovinati da una sola fuoriuscita inaspettata. Un ricordo caro \u00e8 degno di una casa migliore, mentre un'attivit\u00e0 condivisa dovrebbe essere molto pi\u00f9 resistente.<\/p>\n<p>Immaginate un puzzle che non si limiti a catturare un momento, ma lo conservi in una qualit\u00e0 abbagliante e impermeabile. Immaginate un regalo che non sia solo profondamente individuale, ma anche un'esperienza interattiva. Immaginate un ricordo che possa essere apprezzato, esposto e rivissuto per tutta la vita.<\/p>\n<p>Siamo orgogliosi di presentarvi il futuro dei puzzle: il\u00a0<a href=\"https:\/\/customacrylicproduct.com\/it\/custom-acrylic-puzzles-piece-waterproof-puzzle-photo-jigsaws\/\"><strong>Sfida dell'immagine polimerica personalizzata\u00a0<\/strong><\/a>. \u00c8 qui che i vostri ricordi pi\u00f9 cari incontrano la ricerca scientifica sui prodotti moderni. Trasformando le vostre foto personali in un puzzle durevole, vivace e completamente impermeabile, vi offriamo pi\u00f9 di un semplice oggetto; vi offriamo un modo nuovo di entrare in contatto con i vostri ricordi, di creare un'arte duratura e di fare un regalo assolutamente straordinario.<\/p>\n<h3 id=\"-section-1-the-product-transformation-engineered-for-infinity-with-waterproof-acrylic-\"><strong>Sezione 1: La trasformazione del prodotto - Progettato per l'infinito con acrilico impermeabile\u00a0<\/strong>.<\/h3>\n<p>Il cuore della nostra sfida dipende dal suo materiale innovativo. Abbiamo superato la fragile carta e l'ingombrante legno per creare i nostri puzzle con un acrilico (plexiglass) appositamente ottimizzato e di alta qualit\u00e0, selezionato per la sua impareggiabile resistenza e le sue magnifiche propriet\u00e0 estetiche residenziali.<\/p>\n<ul>\n<li><strong>L'ultima opzione impermeabile e a prova di umidit\u00e0:\u00a0<\/strong>Questa \u00e8 la caratteristica che cambia tutto. Il nostro acrilico \u00e8 naturalmente resistente all'acqua. Ci\u00f2 significa che \u00e8 insensibile a fuoriuscite, umidit\u00e0 e umidit\u00e0. Si rovescia involontariamente un bicchiere d'acqua? Nessun problema. Volete risolvere un problema in un ambiente umido o in un ambiente come la cucina o il bagno? Allora andate a colpo sicuro. A differenza dei tradizionali problemi di carta che si deformano, si spellano e si danneggiano immediatamente a contatto con i liquidi, i nostri puzzle acrilici non subiscono alcun danno. Questo particolare eleva l'oggetto da un'attivit\u00e0 delicata per il tempo libero a un'attivit\u00e0 robusta e priva di preoccupazioni, migliorandone drasticamente la longevit\u00e0 e l'utilizzabilit\u00e0.<\/li>\n<li><strong>Costruito per la soddisfazione di tutta la vita:\u00a0<\/strong>La resilienza si prolunga oltre la resistenza all'acqua. Il materiale acrilico \u00e8 rigido e immune da flessioni, crepe o deformazioni nel tempo. Ogni oggetto \u00e8 realizzato per resistere a duplici montaggi e smontaggi senza che le linguette si strappino o che l'immagine si sollevi. \u00c8 un oggetto fatto non per un uso solitario, ma per il piacere di generazioni.<\/li>\n<\/ul>\n<p><a href=\"https:\/\/customacrylicproduct.com\/it\/custom-acrylic-puzzles-piece-waterproof-puzzle-photo-jigsaws\/\"><img fetchpriority=\"high\" decoding=\"async\" class=\"wp-image-735 size-full aligncenter\" src=\"https:\/\/customacrylicproduct.com\/wp-content\/uploads\/2025\/07\/Custom-Acrylic-Puzzles-2.jpg\" alt=\"Puzzle acrilici personalizzati\" width=\"800\" height=\"800\" srcset=\"https:\/\/customacrylicproduct.com\/wp-content\/uploads\/2025\/07\/Custom-Acrylic-Puzzles-2.jpg 800w, https:\/\/customacrylicproduct.com\/wp-content\/uploads\/2025\/07\/Custom-Acrylic-Puzzles-2-300x300.jpg 300w, https:\/\/customacrylicproduct.com\/wp-content\/uploads\/2025\/07\/Custom-Acrylic-Puzzles-2-150x150.jpg 150w, https:\/\/customacrylicproduct.com\/wp-content\/uploads\/2025\/07\/Custom-Acrylic-Puzzles-2-768x768.jpg 768w, https:\/\/customacrylicproduct.com\/wp-content\/uploads\/2025\/07\/Custom-Acrylic-Puzzles-2-12x12.jpg 12w, https:\/\/customacrylicproduct.com\/wp-content\/uploads\/2025\/07\/Custom-Acrylic-Puzzles-2-600x600.jpg 600w, https:\/\/customacrylicproduct.com\/wp-content\/uploads\/2025\/07\/Custom-Acrylic-Puzzles-2-100x100.jpg 100w\" sizes=\"(max-width: 800px) 100vw, 800px\" \/><\/a><\/p>\n<h3 id=\"-area-2-the-heart-of-the-matter-your-story-piece-by-piece-with-endless-personalization-\"><strong>Area 2: Il cuore della questione: la vostra storia, pezzo per pezzo, con un'infinita personalizzazione\u00a0<\/strong>.<\/h3>\n<p>\u00c8 qui che la sfida finisce per essere unicamente vostra. La nostra missione principale \u00e8 offrirvi una tela per la vostra creativit\u00e0 e il vostro amore. La nostra piattaforma sostiene una personalizzazione a tutto campo per trasformare un problema semplice in un artefatto profondamente individuale.<\/p>\n<ul>\n<li><strong>Le vostre foto, la vostra arte, le vostre parole:\u00a0<\/strong>.<\/li>\n<li><strong>Fotografie:\u00a0<\/strong>Pubblicate le vostre immagini pi\u00f9 care: una spettacolare foto di casa, uno scatto sincero del vostro prezioso animale domestico, un paesaggio mozzafiato di una vacanza memorabile o un'incantevole foto del vostro matrimonio.<\/li>\n<li><strong>Modelli:\u00a0<\/strong>Per musicisti, sviluppatori e marchi, siamo in grado di ricreare qualsiasi tipo di modello, da elaborati disegni fantasiosi e personalit\u00e0 anime di giovani a loghi e marchi aziendali innovativi.<\/li>\n<li><strong>Testo:\u00a0<\/strong>Aggiungete un ultimo tocco di genuinit\u00e0. Sovrapponete all'immagine un messaggio speciale, una data commemorativa, una citazione significativa o un semplice \u201cBuon compleanno\u201d.<\/li>\n<li><strong>Stampa all'avanguardia per una riproduzione impeccabile:\u00a0<\/strong>Utilizziamo un'innovativa tecnologia di stampa ad alta definizione per trasferire la vostra immagine direttamente sull'acrilico. Questo processo garantisce che ogni informazione sia catturata con una chiarezza spettacolare, che le sfumature siano rese con una vivacit\u00e0 abbagliante e che l'ultima immagine sia nitida, chiara e fedele alla vostra iniziale.<\/li>\n<li><strong>Su misura per l'esperienza desiderata:\u00a0<\/strong>La modifica non si esaurisce con l'immagine. \u00c8 possibile regolare la difficolt\u00e0 e la portata.<\/li>\n<li><strong>Materia e dimensioni dell'articolo:\u00a0<\/strong>Siamo in grado di sviluppare sfide per soddisfare qualsiasi esigenza. Scegliete un piccolo numero di pezzi grandi e maneggevoli per il primo gioco educativo di un bambino, un problema di base da 500 pezzi per un rilassante compito domestico, o una difficile opera d'arte da oltre 1000 pezzi per l'appassionato adulto. Le dimensioni generali della sfida sono inoltre totalmente personalizzabili per adattarsi al vostro spazio e alla vostra visione.<\/li>\n<\/ul>\n<p><a href=\"https:\/\/customacrylicproduct.com\/it\/custom-acrylic-puzzles-piece-waterproof-puzzle-photo-jigsaws\/\"><img decoding=\"async\" class=\"aligncenter wp-image-736 size-full\" src=\"https:\/\/customacrylicproduct.com\/wp-content\/uploads\/2025\/07\/Custom-Acrylic-Puzzles-3.jpg\" alt=\"Puzzle acrilici personalizzati\" width=\"800\" height=\"800\" srcset=\"https:\/\/customacrylicproduct.com\/wp-content\/uploads\/2025\/07\/Custom-Acrylic-Puzzles-3.jpg 800w, https:\/\/customacrylicproduct.com\/wp-content\/uploads\/2025\/07\/Custom-Acrylic-Puzzles-3-300x300.jpg 300w, https:\/\/customacrylicproduct.com\/wp-content\/uploads\/2025\/07\/Custom-Acrylic-Puzzles-3-150x150.jpg 150w, https:\/\/customacrylicproduct.com\/wp-content\/uploads\/2025\/07\/Custom-Acrylic-Puzzles-3-768x768.jpg 768w, https:\/\/customacrylicproduct.com\/wp-content\/uploads\/2025\/07\/Custom-Acrylic-Puzzles-3-12x12.jpg 12w, https:\/\/customacrylicproduct.com\/wp-content\/uploads\/2025\/07\/Custom-Acrylic-Puzzles-3-600x600.jpg 600w, https:\/\/customacrylicproduct.com\/wp-content\/uploads\/2025\/07\/Custom-Acrylic-Puzzles-3-100x100.jpg 100w\" sizes=\"(max-width: 800px) 100vw, 800px\" \/><\/a><\/p>\n<h3 id=\"-area-3-a-banquet-for-the-eyes-and-hands-the-visual-and-responsive-experience-\"><strong>Area 3: Un banchetto per gli occhi e le mani - L'esperienza visiva e reattiva\u00a0<\/strong>.<\/h3>\n<p>Un problema eccellente non coinvolge solo la mente, ma delizia anche i sensi. Abbiamo progettato meticolosamente ogni aspetto dei nostri problemi per offrire un'esperienza eccellente fin dall'apertura della confezione.<\/p>\n<ul>\n<li><strong>Un aspetto brillante:\u00a0<\/strong>Il potente passaggio di luce del polimero conferisce al problema una qualit\u00e0 luminosa e praticamente tridimensionale. Il motivo stampato appare straordinariamente brillante e completo, come se fosse illuminato dall'interno. Quando \u00e8 completamente assemblata, la sfida ha una struttura chiara e senza soluzione di continuit\u00e0 che la rende un magnifico oggetto decorativo a s\u00e9 stante, pronto per essere mostrato e ammirato.<\/li>\n<li><strong>La perfetta vestibilit\u00e0 e finitura:\u00a0<\/strong>Ogni pezzo del puzzle \u00e8 tagliato con precisione grazie a una sofisticata tecnologia laser moderna. Ci\u00f2 garantisce linee pulite e un eccellente incastro che d\u00e0 un soddisfacente \u201cscatto\u201d quando si collegano i pezzi. I lati sono poi accuratamente lucidati per essere perfettamente lisci e privi di bave, il che non solo contribuisce alla sensazione di costo, ma rende il puzzle sicuro e comodo da gestire, anche per i bambini pi\u00f9 piccoli.<\/li>\n<li><strong>Un'esperienza di splicing senza precedenti:\u00a0<\/strong>I pezzi sono ragionevolmente duri e danno una sensazione soddisfacente e di qualit\u00e0, ma sono molto pi\u00f9 leggeri dei pezzi di legno, il che li rende molto facili da afferrare e manovrare. La caratteristica di impermeabilit\u00e0 del marchio fornisce un'adattabilit\u00e0 senza pari al luogo in cui si fa il puzzle. Potrete divertirvi con un'attivit\u00e0 in famiglia sul pavimento, con un ostacolo in solitaria sul vostro computer fisso, oppure portarlo nel patio o in bagno. Se durante il gioco si rovesciano all'esterno acqua o bevande, \u00e8 sufficiente una semplice pulizia con un panno umido per pulirlo, senza danneggiare in alcun modo la foto o il pezzo stesso.<\/li>\n<\/ul>\n<h3 id=\"-area-4-from-playtime-to-valuable-a-puzzle-for-each-circumstance-\"><strong>Area 4: Da tempo di gioco a valore: un puzzle per ogni circostanza\u00a0<\/strong>.<\/h3>\n<p>Il mix distinto di personalizzazione e resilienza rende il nostro <a href=\"https:\/\/customacrylicproduct.com\/it\/custom-acrylic-puzzles-piece-waterproof-puzzle-photo-jigsaws\/\">puzzle in acrilico<\/a> incredibilmente flessibile, adattandosi perfettamente a una grande variet\u00e0 di momenti della vita.<\/p>\n<ul>\n<li><strong>Per una squisita decorazione della casa:\u00a0<\/strong>Compensare una sfida includendo una splendida foto di famiglia. Una volta terminato, la superficie lucida e l'alta qualit\u00e0 del puzzle lo rendono un pezzo d'arte ideale. Montatelo e appendetelo in salotto o in camera da letto. Diventa pi\u00f9 di una semplice foto: \u00e8 il premio di un successo condiviso e una bella decorazione celebrativa.<\/li>\n<li><strong>Per i giocattoli per bambini pi\u00f9 coinvolgenti:\u00a0<\/strong>Create un puzzle per il vostro bambino con il personaggio d'animazione preferito o una foto divertente e accademica. Grazie agli elementi enormi e facili da afferrare e alla sua natura completamente impermeabile, \u00e8 un giocattolo eccellente per il bagno o il tavolo della cucina. \u00c8 un metodo divertente e interattivo per sviluppare le capacit\u00e0 analitiche e non dovrete mai preoccuparvi che si rovini.<\/li>\n<li><strong>Per un regalo personalizzato perfetto:\u00a0<\/strong>Cercate un regalo di compleanno, anniversario o vacanza che si distingua? Una sfida esclusiva in acrilico \u00e8 la soluzione. \u00c8 un regalo creativo, fantasioso e offre un'esperienza interattiva a chi lo riceve. Non si tratta solo di un oggetto, ma del dono di un'attivit\u00e0 divertente e di un ricordo indelebile in un unico pacchetto.<\/li>\n<li><strong>Per una promozione commerciale innovativa:\u00a0<\/strong>Per le aziende, un problema personalizzato pubblicato con il logo del vostro marchio o un'immagine di marketing \u00e8 un brillante strumento di marketing. Da regalare in occasione di eventi o come ricordo per i consumatori. A differenza di una penna o di un opuscolo, una sfida \u00e8 un oggetto interattivo che richiede coinvolgimento, producendo un legame molto pi\u00f9 forte e notevole con il vostro marchio.<\/li>\n<\/ul>\n<p><a href=\"https:\/\/customacrylicproduct.com\/it\/custom-acrylic-crafts\/\"><img decoding=\"async\" class=\"aligncenter wp-image-734 size-full\" src=\"https:\/\/customacrylicproduct.com\/wp-content\/uploads\/2025\/07\/Custom-Acrylic-Puzzles-1.jpg\" alt=\"Puzzle acrilici personalizzati\" width=\"800\" height=\"800\" srcset=\"https:\/\/customacrylicproduct.com\/wp-content\/uploads\/2025\/07\/Custom-Acrylic-Puzzles-1.jpg 800w, https:\/\/customacrylicproduct.com\/wp-content\/uploads\/2025\/07\/Custom-Acrylic-Puzzles-1-300x300.jpg 300w, https:\/\/customacrylicproduct.com\/wp-content\/uploads\/2025\/07\/Custom-Acrylic-Puzzles-1-150x150.jpg 150w, https:\/\/customacrylicproduct.com\/wp-content\/uploads\/2025\/07\/Custom-Acrylic-Puzzles-1-768x768.jpg 768w, https:\/\/customacrylicproduct.com\/wp-content\/uploads\/2025\/07\/Custom-Acrylic-Puzzles-1-12x12.jpg 12w, https:\/\/customacrylicproduct.com\/wp-content\/uploads\/2025\/07\/Custom-Acrylic-Puzzles-1-600x600.jpg 600w, https:\/\/customacrylicproduct.com\/wp-content\/uploads\/2025\/07\/Custom-Acrylic-Puzzles-1-100x100.jpg 100w\" sizes=\"(max-width: 800px) 100vw, 800px\" \/><\/a><\/p>\n<h3 id=\"-area-5-beyond-the-puzzle-the-added-value-of-a-premium-experience-\"><strong>Area 5: Oltre il puzzle - Il valore aggiunto di un'esperienza premium\u00a0<\/strong>.<\/h3>\n<p>Il nostro team ritiene che un prodotto di qualit\u00e0 superiore abbia diritto a un'esperienza di costo dall'inizio alla fine.<\/p>\n<ul>\n<li><strong>Confezione personalizzata del prodotto:\u00a0<\/strong>Elevate il vostro regalo scegliendo la nostra confezione su misura. Possiamo creare una bella e robusta confezione regalo che includa la stessa foto del puzzle, creando una discussione coesa e di alta qualit\u00e0 che entusiasmi fin dal primo sguardo.<\/li>\n<li><strong>Attrezzatura accessoria utile:\u00a0<\/strong>Per rendere l'esperienza piacevole per tutti i livelli di abilit\u00e0, alcune scelte consistono in strumenti accessori per la giunzione, come un'immagine di raccomandazione a grandezza naturale per indirizzare l'utente o una tavola di posizionamento per aiutare a organizzare gli elementi.<\/li>\n<li><strong>Il presente della riproducibilit\u00e0:\u00a0<\/strong>Grazie all'eccezionale robustezza del prodotto acrilico, la sfida pu\u00f2 essere ripetuta pi\u00f9 volte. Pu\u00f2 trattarsi di una pratica domestica, di un gioco da fare ogni giorno di festa o di un ostacolo personale da superare con costanza. \u00c8 fatto per essere conservato per lunghi periodi senza subire danni, diventando cos\u00ec un'occasione per celebrare i ricordi che si possono vivere fisicamente pi\u00f9 e pi\u00f9 volte.<\/li>\n<\/ul>\n<p><strong>Smettete di lasciare che i vostri ricordi pi\u00f9 belli svaniscano su uno schermo. Smettete di stressarvi per attivit\u00e0 delicate e usa e getta. \u00c8 ora di trasformare le vostre foto in un'opera d'arte tangibile, straordinaria e interattiva che durer\u00e0 per tutta la vita. Create oggi stesso la vostra sfida di immagini acriliche su misura e assemblate i momenti che contano di pi\u00f9.\u00a0<\/strong>.<\/p>","protected":false},"excerpt":{"rendered":"<p>Trasformate la vostra foto preferita in uno splendido puzzle personalizzato in acrilico! I nostri puzzle fotografici impermeabili sono realizzati in acrilico resistente e di alta qualit\u00e0, che li rende un ricordo duraturo. \u00c8 il regalo personalizzato perfetto per matrimoni, anniversari o qualsiasi altra occasione speciale. Un modo unico per conservare i vostri ricordi!<\/p>","protected":false},"featured_media":738,"template":"","meta":{"_kad_post_transparent":"default","_kad_post_title":"","_kad_post_layout":"default","_kad_post_sidebar_id":"","_kad_post_content_style":"default","_kad_post_vertical_padding":"default","_kad_post_feature":"","_kad_post_feature_position":"","_kad_post_header":false,"_kad_post_footer":false,"_kad_post_classname":""},"product_brand":[],"product_cat":[20],"product_tag":[77,65,76],"class_list":{"0":"post-733","1":"product","2":"type-product","3":"status-publish","4":"has-post-thumbnail","6":"product_cat-custom-acrylic-crafts","7":"product_tag-acrylic-puzzles","8":"product_tag-custom-acrylic-crafts","9":"product_tag-custom-acrylic-puzzles","11":"first","12":"instock","13":"shipping-taxable","14":"product-type-simple","15":"entry","16":"content-bg","17":"loop-entry"},"_links":{"self":[{"href":"https:\/\/customacrylicproduct.com\/it\/wp-json\/wp\/v2\/product\/733","targetHints":{"allow":["GET"]}}],"collection":[{"href":"https:\/\/customacrylicproduct.com\/it\/wp-json\/wp\/v2\/product"}],"about":[{"href":"https:\/\/customacrylicproduct.com\/it\/wp-json\/wp\/v2\/types\/product"}],"wp:featuredmedia":[{"embeddable":true,"href":"https:\/\/customacrylicproduct.com\/it\/wp-json\/wp\/v2\/media\/738"}],"wp:attachment":[{"href":"https:\/\/customacrylicproduct.com\/it\/wp-json\/wp\/v2\/media?parent=733"}],"wp:term":[{"taxonomy":"product_brand","embeddable":true,"href":"https:\/\/customacrylicproduct.com\/it\/wp-json\/wp\/v2\/product_brand?post=733"},{"taxonomy":"product_cat","embeddable":true,"href":"https:\/\/customacrylicproduct.com\/it\/wp-json\/wp\/v2\/product_cat?post=733"},{"taxonomy":"product_tag","embeddable":true,"href":"https:\/\/customacrylicproduct.com\/it\/wp-json\/wp\/v2\/product_tag?post=733"}],"curies":[{"name":"wp","href":"https:\/\/api.w.org\/{rel}","templated":true}]}}