{"id":751,"date":"2025-07-08T10:22:12","date_gmt":"2025-07-08T10:22:12","guid":{"rendered":"https:\/\/customacrylicproduct.com\/?post_type=product&#038;p=751"},"modified":"2025-07-08T13:04:47","modified_gmt":"2025-07-08T13:04:47","slug":"clear-acrylic-bookshelf-bookcases-storage-furniture-supplier","status":"publish","type":"product","link":"https:\/\/customacrylicproduct.com\/it\/clear-acrylic-bookshelf-bookcases-storage-furniture-supplier\/","title":{"rendered":"Chiaro acrilico scaffale Librerie Mobili di stoccaggio Fornitore di mobili di stoccaggio"},"content":{"rendered":"<h3 id=\"-redefining-area-and-style-your-premier-provider-for-bespoke-clear-acrylic-bookshelves-and-storage-furniture-\"><strong>Ridefinire lo spazio e lo stile: Il vostro principale fornitore di librerie in acrilico trasparente su misura e di mobili per l'archiviazione\u00a0<\/strong>.<\/h3>\n<p>Immaginate una stanza in cui le storie e gli oggetti pi\u00f9 cari non rimangano solo su uno scaffale, ma sembrino fluttuare a mezz'aria. Immaginate un'area che vi sembri immediatamente pi\u00f9 grande, pi\u00f9 luminosa e pi\u00f9 organizzata, dove l'arredamento non domini ma elevi l'ambiente circostante. Questo \u00e8 il potere di trasformazione dell'acrilico trasparente e noi, in qualit\u00e0 di fornitori specializzati, siamo qui per trasformare questa visione in una realt\u00e0 impressionante.<\/p>\n<p>Ci concentriamo sulla progettazione, la fabbricazione e la fornitura di librerie in acrilico trasparente, armadi in lucite e servizi di archiviazione su misura. Superando di gran lunga i mobili tradizionali e pesanti che possono affollare un'area, le nostre collezioni sono realizzate per offrire un'immagine di leggerezza, modernit\u00e0 e minimalismo innovativo in qualsiasi tipo di ambiente. Che si tratti di una casa privata, di un'area industriale o di un ufficio professionale, i nostri mobili non sono semplicemente un luogo di stoccaggio, ma una dichiarazione di notevole preferenza e di design intelligente.<\/p>\n<h4 id=\"-the-heart-of-our-craft-unparalleled-product-characteristics-\"><strong>Il cuore del nostro mestiere: Caratteristiche del prodotto ineguagliabili\u00a0<\/strong>.<\/h4>\n<p>La struttura di ogni pezzo che produciamo \u00e8 il prodotto stesso. Adottiamo esclusivamente una qualit\u00e0 notevole, <a href=\"https:\/\/customacrylicproduct.com\/it\/clear-acrylic-bookshelf-bookcases-storage-furniture-supplier\/\">lastra acrilica ad alta trasmittanza,<\/a> scelto per le sue straordinarie qualit\u00e0 che lo rendono molto pi\u00f9 importante rispetto alle opzioni minime.<\/p>\n<ul>\n<li><strong>Qualit\u00e0 e purezza del cristallo:\u00a0<\/strong>Il nostro acrilico vanta una trasmittanza luminosa di oltre 92%, pari alla qualit\u00e0 dei migliori cristalli ottici. Questa eccellente apertura garantisce l'assenza di distorsioni delle tonalit\u00e0 o di nebulosit\u00e0. La texture \u00e8 impeccabilmente chiara e lucida, consentendo di mettere in mostra tutte le informazioni pi\u00f9 complesse delle copertine dei libri, delle opere d'arte e dei prodotti ornamentali. Il ripiano diventa una struttura quasi invisibile, rendendo i componenti il fulcro della verit\u00e0.<\/li>\n<li><strong>Resistenza silenziosa e sicurezza incrollabile:\u00a0<\/strong>Pur possedendo una bellezza eterea, simile al vetro, il nostro polimero ha una robustezza tutt'altro che delicata. Con una resistenza agli urti circa 20 volte superiore a quella del vetro normale, offre una forza e una longevit\u00e0 eccezionali. Questa eccezionale durata implica che i nostri arredi non sono soggetti a rovinarsi o incrinarsi a causa di urti e colpi quotidiani, rendendoli un'opzione impeccabilmente molto pi\u00f9 sicura per case con bambini, cani da compagnia o luoghi industriali ad alto traffico. Potrete apprezzare il suo aspetto fragile con il massimo comfort.<\/li>\n<li><strong>Apertura duratura e senza tempo:\u00a0<\/strong>Sappiamo che i mobili sono un investimento. Ecco perch\u00e9 il nostro polimero \u00e8 progettato per resistere alle intemperie e ai raggi UV. Se collocato all'interno della casa, non ingiallisce, non si annebbia e non si indebolisce con il tempo, anche se esposto alla luce solare. Mantiene il suo aspetto cristallino per anni, assicurando che la vostra libreria sia splendida al suo decimo anniversario di matrimonio come il giorno in cui \u00e8 stata installata.<\/li>\n<\/ul>\n<p><a href=\"https:\/\/customacrylicproduct.com\/it\/clear-acrylic-bookshelf-bookcases-storage-furniture-supplier\/\"><img fetchpriority=\"high\" decoding=\"async\" class=\"aligncenter wp-image-754 size-full\" src=\"https:\/\/customacrylicproduct.com\/wp-content\/uploads\/2025\/07\/Acrylic-Bookcases-4.jpg\" alt=\"Librerie in acrilico\" width=\"800\" height=\"800\" srcset=\"https:\/\/customacrylicproduct.com\/wp-content\/uploads\/2025\/07\/Acrylic-Bookcases-4.jpg 800w, https:\/\/customacrylicproduct.com\/wp-content\/uploads\/2025\/07\/Acrylic-Bookcases-4-300x300.jpg 300w, https:\/\/customacrylicproduct.com\/wp-content\/uploads\/2025\/07\/Acrylic-Bookcases-4-150x150.jpg 150w, https:\/\/customacrylicproduct.com\/wp-content\/uploads\/2025\/07\/Acrylic-Bookcases-4-768x768.jpg 768w, https:\/\/customacrylicproduct.com\/wp-content\/uploads\/2025\/07\/Acrylic-Bookcases-4-12x12.jpg 12w, https:\/\/customacrylicproduct.com\/wp-content\/uploads\/2025\/07\/Acrylic-Bookcases-4-600x600.jpg 600w, https:\/\/customacrylicproduct.com\/wp-content\/uploads\/2025\/07\/Acrylic-Bookcases-4-100x100.jpg 100w\" sizes=\"(max-width: 800px) 100vw, 800px\" \/><\/a><\/p>\n<h4 id=\"-engineering-sophistication-the-art-of-structural-layout-\"><strong>Sofisticazione ingegneristica: L'arte della progettazione strutturale\u00a0<\/strong>.<\/h4>\n<p>Un prodotto attraente \u00e8 valido solo quanto la sua integrit\u00e0 architettonica. Il nostro approccio progettuale coniuga la grazia visiva con la durevolezza tecnica per creare arredi tanto stabili e utili quanto belli.<\/p>\n<ul>\n<li><strong>Combinazioni multistrato personalizzate:\u00a0<\/strong>Siamo consapevoli che non esistono due collezioni uguali. I nostri layout includono mix multistrato flessibili, che consentono di aumentare o diminuire la capacit\u00e0 di stoccaggio. Inoltre, la distanza tra i ripiani \u00e8 totalmente personalizzata. Possiamo creare altezze su misura, adatte a contenere qualsiasi cosa, dai piccoli tascabili e DVD ai fogli d'arte pi\u00f9 alti, alle pubblicazioni illustrate per bambini di grandi dimensioni e persino alle collezioni di dischi in plastica. Questa intelligenza verticale garantisce che ogni centimetro quadrato della vostra area sia sfruttato in modo efficace.<\/li>\n<li><strong>Stabilit\u00e0 e supporto solidi come la roccia:\u00a0<\/strong>Un'estetica galleggiante non deve mai andare a scapito della sicurezza. A seconda dello stile, utilizziamo una serie di strategie avanzate per garantire una struttura protetta e priva di oscillazioni. Queste consistono in fibbie a incastro abilmente nascoste, staffe di assistenza in acciaio lisce e minimali, o il massimo della resistenza: una costruzione integrata e sagomata in un unico pezzo. Ogni ripiano \u00e8 progettato per sopportare un carico considerevole, in genere tra i 5 e i 10 kg (11-22 libbre) a seconda della densit\u00e0 dell'acrilico, assicurando che i vostri libri pi\u00f9 preziosi e gli oggetti pesanti siano sostenuti con assoluta sicurezza.<\/li>\n<li><strong>Aperto o semi-chiuso: A vostra scelta:\u00a0<\/strong>I nostri progetti rispondono a diverse esigenze di accesso e protezione. Il tradizionale\u00a0<strong>stile aperto\u00a0<\/strong>utilizza un accesso semplice, che invita a prendere una pubblicazione o a riposizionare lo schermo con un minuto di preavviso. \u00c8 eccellente per gli oggetti di uso frequente e per creare un'atmosfera di biblioteca ariosa e facilmente accessibile. Per le collezioni pi\u00f9 preziose, offriamo un\u00a0<strong>semi-chiuso\u00a0<\/strong>che pu\u00f2 essere dotata di ante in acrilico trasparente e impeccabile. Questi sportelli proteggono le vostre pubblicazioni utili da sporco, umidit\u00e0 e parassiti, pur mantenendo una trasparenza visiva completa, creando una teca di qualit\u00e0 museale.<\/li>\n<\/ul>\n<p><a href=\"https:\/\/customacrylicproduct.com\/it\/custom-size-acrylic-pet-house-suppliers-acrylic-furnitures\/\"><img decoding=\"async\" class=\"aligncenter wp-image-755 size-full\" src=\"https:\/\/customacrylicproduct.com\/wp-content\/uploads\/2025\/07\/Acrylic-Bookcases.jpg\" alt=\"Librerie in acrilico\" width=\"800\" height=\"800\" srcset=\"https:\/\/customacrylicproduct.com\/wp-content\/uploads\/2025\/07\/Acrylic-Bookcases.jpg 800w, https:\/\/customacrylicproduct.com\/wp-content\/uploads\/2025\/07\/Acrylic-Bookcases-300x300.jpg 300w, https:\/\/customacrylicproduct.com\/wp-content\/uploads\/2025\/07\/Acrylic-Bookcases-150x150.jpg 150w, https:\/\/customacrylicproduct.com\/wp-content\/uploads\/2025\/07\/Acrylic-Bookcases-768x768.jpg 768w, https:\/\/customacrylicproduct.com\/wp-content\/uploads\/2025\/07\/Acrylic-Bookcases-12x12.jpg 12w, https:\/\/customacrylicproduct.com\/wp-content\/uploads\/2025\/07\/Acrylic-Bookcases-600x600.jpg 600w, https:\/\/customacrylicproduct.com\/wp-content\/uploads\/2025\/07\/Acrylic-Bookcases-100x100.jpg 100w\" sizes=\"(max-width: 800px) 100vw, 800px\" \/><\/a><\/p>\n<h4 id=\"-your-vision-understood-the-unmatched-power-of-modification-\"><strong>La vostra visione, compresa: Il potere ineguagliabile della modifica\u00a0<\/strong>.<\/h4>\n<p>Il vostro spazio \u00e8 unico e anche i vostri mobili devono esserlo. Non siamo semplici venditori; siamo i vostri compagni di progettazione, in grado di offrire una gamma completa di scelte di personalizzazione per creare un articolo assolutamente vostro.<\/p>\n<ul>\n<li><strong>Dimensioni e misure su misura:\u00a0<\/strong>Dite addio allo stress del \u201cquasi\u201d montaggio. Possiamo produrre i nostri scaffali in base alle vostre specifiche esigenze. Da una piccola libreria in miniatura per un comodino a un grandioso sistema di libreria da parete a parete, possiamo riadattare le dimensioni, le misure e l'altezza per adattarle perfettamente allo spazio che vi viene offerto. I nostri stili si integrano perfettamente in spazi abitativi, ricerche, camere da letto, corridoi e persino dilemmi, creando un aspetto da incasso senza i costi della lavorazione convenzionale del legno.<\/li>\n<li><strong>Personalizzazione creativa e artistica delle forme:\u00a0<\/strong>Liberatevi dalla tirannia del rettangolo. Le nostre capacit\u00e0 di fabbricazione ci permettono di produrre librerie in un'ampia gamma di forme. Immaginate un'elegante libreria ad arco che ammorbidisce le linee di un'area, un vivace dispositivo trapezoidale che include un tocco d'avanguardia, o una disposizione creativa dei bordi che trasforma uno spazio scomodo e aggiuntivo in un utile attributo. Possiamo anche incorporare tagli geometrici e motivi irregolari per sviluppare una scultura funzionale che funga da enfasi estetica negli interni.<\/li>\n<li><strong>Personalizzazione delle informazioni:\u00a0<\/strong>Gli ultimi ritocchi sono quelli che portano un pezzo da fantastico a straordinario. Offriamo una serie di miglioramenti informativi:.<\/li>\n<li><strong>Illuminazione a LED integrata:\u00a0<\/strong>Possiamo installare sottili strisce luminose a LED lungo i bordi degli scaffali. L'illuminazione crea un'atmosfera morbida e calda che trasforma lo scaffale in un elemento atmosferico accattivante, eccellente per l'atmosfera notturna.<\/li>\n<li><strong>Finiture smerigliate o acidate:\u00a0<\/strong>Per un tocco di privacy personale o per aggiungere una texture, \u00e8 possibile smerigliare alcune aree dell'acrilico.<\/li>\n<li><strong>Incisione laser:\u00a0<\/strong>Includete una componente davvero individuale con l'incisione laser personalizzata. Possiamo incidere sull'acrilico i titoli di una pubblicazione, il monogramma di una famiglia, una citazione preferita o motivi dettagliati, migliorando la sua struttura individuale e sviluppando un'anticaglia distintiva.<\/li>\n<\/ul>\n<h4 id=\"-past-storage-the-practical-advantages-of-polymer-furnishings-\"><strong>Conservazione del passato: I vantaggi pratici dell'arredamento in polimeri\u00a0<\/strong>.<\/h4>\n<p>Il nostro <a href=\"https:\/\/customacrylicproduct.com\/it\/clear-acrylic-bookshelf-bookcases-storage-furniture-supplier\/\">librerie in acrilico trasparente<\/a> utilizzare una serie di vantaggi pratici che migliorano la vostra vita quotidiana e l'atmosfera della vostra zona.<\/p>\n<ul>\n<li><strong>Sviluppo visivo e sensazione di spazio:\u00a0<\/strong>Questa \u00e8 forse la qualit\u00e0 pi\u00f9 affascinante dell'acrilico. Essendo trasparente, il mobile si ritira visivamente, illudendo l'occhio di vedere un luogo pi\u00f9 grande e pi\u00f9 aperto. Indebolisce la propria presenza, eliminando il \u201cpeso\u201d estetico e il senso di ingiustizia che possono derivare da grandi mobili in legno o metallo. Questo lo rende un'opzione eccellente per monolocali, aree strette o qualsiasi spazio in cui sia necessario sfruttare al meglio la sensazione di apertura.<\/li>\n<li><strong>Compatibilit\u00e0 multifunzionale e versatile:\u00a0<\/strong>Pur essendo fatti per i libri, l'estetica pura e neutra dei nostri scaffali li rende incredibilmente flessibili. Servono da sensazionale paravento per una grande variet\u00e0 di prodotti: mettere in mostra una collezione di statuette di porcellana di design, creare un giardino verticale interno con sontuose piante ecologiche, organizzare elegantemente le strutture per le foto di famiglia o curare una vetrina di ceramiche artigianali o contenitori di profumi. Un unico mobile pu\u00f2 offrire numerosi obiettivi, stabilizzando facilmente un'archiviazione di prima qualit\u00e0 con un arredamento di alto livello.<\/li>\n<li><strong>Pulizia e manutenzione semplici e facili:\u00a0<\/strong>La superficie non porosa ed eccezionalmente liscia del nostro acrilico lo rende eccezionalmente facile da mantenere. Sporco e macchie non penetrano nel prodotto e possono essere eliminate in pochi secondi con un tessuto morbido e umido. Non sono necessari lucidanti speciali, oli o complesse procedure di manutenzione. I vostri arredi rimarranno perfettamente trasparenti e puliti con un'iniziativa marginale, massimizzando il tempo a vostra disposizione per godervi la vostra splendida stanza.<\/li>\n<\/ul>\n<p><a href=\"https:\/\/customacrylicproduct.com\/it\/custom-acrylic-furnitures\/\"><img decoding=\"async\" class=\"aligncenter wp-image-753 size-full\" src=\"https:\/\/customacrylicproduct.com\/wp-content\/uploads\/2025\/07\/Acrylic-Bookcases-2.jpg\" alt=\"Librerie in acrilico\" width=\"800\" height=\"800\" srcset=\"https:\/\/customacrylicproduct.com\/wp-content\/uploads\/2025\/07\/Acrylic-Bookcases-2.jpg 800w, https:\/\/customacrylicproduct.com\/wp-content\/uploads\/2025\/07\/Acrylic-Bookcases-2-300x300.jpg 300w, https:\/\/customacrylicproduct.com\/wp-content\/uploads\/2025\/07\/Acrylic-Bookcases-2-150x150.jpg 150w, https:\/\/customacrylicproduct.com\/wp-content\/uploads\/2025\/07\/Acrylic-Bookcases-2-768x768.jpg 768w, https:\/\/customacrylicproduct.com\/wp-content\/uploads\/2025\/07\/Acrylic-Bookcases-2-12x12.jpg 12w, https:\/\/customacrylicproduct.com\/wp-content\/uploads\/2025\/07\/Acrylic-Bookcases-2-600x600.jpg 600w, https:\/\/customacrylicproduct.com\/wp-content\/uploads\/2025\/07\/Acrylic-Bookcases-2-100x100.jpg 100w\" sizes=\"(max-width: 800px) 100vw, 800px\" \/><\/a><\/p>\n<h4 id=\"-a-canvas-for-your-life-scenarios-and-applications-\"><strong>Una tela per la vostra vita: Scenari e applicazioni\u00a0<\/strong>.<\/h4>\n<p>L'adattabilit\u00e0 del nostro <a href=\"https:\/\/customacrylicproduct.com\/it\/clear-acrylic-bookshelf-bookcases-storage-furniture-supplier\/\">mobili in acrilico trasparente<\/a> permette di irradiare in qualsiasi tipo di configurazione.<\/p>\n<ul>\n<li><strong>Per la casa:\u00a0<\/strong>In un\u00a0<strong>studio di ricerca\u00a0<\/strong>, sviluppare una libreria panoramica a tutta altezza che renda visibile e accessibile l'intera biblioteca. Nel\u00a0<strong>spazio vitale\u00a0<\/strong>, Una libreria da terra, snella, pu\u00f2 contenere le vostre recensioni preferite e completare uno stile di arredamento moderno, leggero, di fascia alta o minimalista. Nel\u00a0<strong>camera da letto\u00a0<\/strong>, Una mini mensola progettata su misura vicino al letto \u00e8 funzionale ma non ingombrante.<\/li>\n<li><strong>Per le aree commerciali:\u00a0<\/strong>In\u00a0<strong>librerie e biblioteche\u00a0<\/strong>, Le nostre librerie trasparenti sono utilizzate per creare esposizioni \u201cfluttuanti\u201d per i bestseller e le novit\u00e0, registrando istantaneamente l'attenzione del cliente. In\u00a0<strong>caffetterie, negozi e laboratori\u00a0<\/strong>, Utilizzate scaffalature artistiche per mostrare gli articoli o sviluppate un ambiente innovativo e letterario che valorizzi il marchio ed elevi l'esperienza del consumatore.<\/li>\n<li><strong>Per il luogo di lavoro Posizione:\u00a0<\/strong>Sostituite gli armadi di archiviazione grandi e non trasparenti con i nostri servizi in acrilico trasparente. In questo modo non solo si aggiunge un tocco di stile moderno all'ufficio, ma si rende anche pi\u00f9 veloce e affidabile la ricerca di documenti e atti. Contribuisce a mantenere un'atmosfera ordinata, organizzata e professionale che entusiasma i clienti e migliora i processi.<\/li>\n<\/ul>\n<h4 id=\"-the-style-aesthetic-a-symphony-of-light-and-kind-\"><strong>L'estetica dello stile: Una sinfonia di luce e gentilezza\u00a0<\/strong>.<\/h4>\n<p>La vera eleganza dei nostri scaffali in acrilico si basa sulla loro filosofia visiva. La struttura trasparente produce un significativo e bellissimo confronto con le ricche tonalit\u00e0 e apparenze delle colonne vertebrali delle guide, trasformando le guide stesse nel principale elemento di attrazione. In questo modo si crea la sensazione leggera e ventilata di uno \u201cschermo galleggiante\u201d, come se la vostra collezione fosse sospesa davanti a voi.<\/p>\n<p>Inoltre, possiamo combinare ad arte l'acrilico puro con altri prodotti per ottenere un certo stile. Abbinato all'ottone lucido o all'acciaio dorato, emana una sensazione di lusso moderno. In combinazione con l'acciaio nero opaco, si inserisce in un'elegante atmosfera industriale o minimalista. Accostata a una piastra posteriore in legno caldo, stabilizza la freddezza tecnica con il calore naturale. Questa interazione di prodotti infonde un ambiente artistico distinto nella vostra stanza, creando un oggetto che \u00e8 al tempo stesso un oggetto utile e un'opera d'arte.<\/p>\n<p><strong>Contattateci oggi stesso. Lasciate che i nostri consulenti di design vi aiutino a scoprire le infinite opportunit\u00e0 dell'acrilico trasparente e iniziate il viaggio verso uno spazio pi\u00f9 luminoso, pi\u00f9 bello e perfettamente organizzato.\u00a0<\/strong>.<\/p>","protected":false},"excerpt":{"rendered":"<p>Il vostro principale fornitore di librerie in acrilico trasparente e lucite di alta qualit\u00e0. I nostri mobili moderni e resistenti creano un look minimalista e spazioso per qualsiasi casa o ufficio. Offriamo design personalizzati e prezzi di fabbrica. Esplorate oggi stesso la nostra collezione di scaffali trasparenti.<\/p>","protected":false},"featured_media":755,"template":"","meta":{"_kad_post_transparent":"default","_kad_post_title":"","_kad_post_layout":"default","_kad_post_sidebar_id":"","_kad_post_content_style":"default","_kad_post_vertical_padding":"default","_kad_post_feature":"","_kad_post_feature_position":"","_kad_post_header":false,"_kad_post_footer":false,"_kad_post_classname":""},"product_brand":[],"product_cat":[21],"product_tag":[80,69],"class_list":{"0":"post-751","1":"product","2":"type-product","3":"status-publish","4":"has-post-thumbnail","6":"product_cat-custom-acrylic-furnitures","7":"product_tag-acrylic-bookshelf","8":"product_tag-custom-acrylic-furnitures","10":"first","11":"instock","12":"shipping-taxable","13":"product-type-simple","14":"entry","15":"content-bg","16":"loop-entry"},"_links":{"self":[{"href":"https:\/\/customacrylicproduct.com\/it\/wp-json\/wp\/v2\/product\/751","targetHints":{"allow":["GET"]}}],"collection":[{"href":"https:\/\/customacrylicproduct.com\/it\/wp-json\/wp\/v2\/product"}],"about":[{"href":"https:\/\/customacrylicproduct.com\/it\/wp-json\/wp\/v2\/types\/product"}],"wp:featuredmedia":[{"embeddable":true,"href":"https:\/\/customacrylicproduct.com\/it\/wp-json\/wp\/v2\/media\/755"}],"wp:attachment":[{"href":"https:\/\/customacrylicproduct.com\/it\/wp-json\/wp\/v2\/media?parent=751"}],"wp:term":[{"taxonomy":"product_brand","embeddable":true,"href":"https:\/\/customacrylicproduct.com\/it\/wp-json\/wp\/v2\/product_brand?post=751"},{"taxonomy":"product_cat","embeddable":true,"href":"https:\/\/customacrylicproduct.com\/it\/wp-json\/wp\/v2\/product_cat?post=751"},{"taxonomy":"product_tag","embeddable":true,"href":"https:\/\/customacrylicproduct.com\/it\/wp-json\/wp\/v2\/product_tag?post=751"}],"curies":[{"name":"wp","href":"https:\/\/api.w.org\/{rel}","templated":true}]}}