{"id":758,"date":"2025-07-08T13:00:04","date_gmt":"2025-07-08T13:00:04","guid":{"rendered":"https:\/\/customacrylicproduct.com\/?post_type=product&#038;p=758"},"modified":"2025-07-08T13:09:17","modified_gmt":"2025-07-08T13:09:17","slug":"4x8-colored-water-rippled-acrylic-glass-sheets-wholesale","status":"publish","type":"product","link":"https:\/\/customacrylicproduct.com\/it\/4x8-colored-water-rippled-acrylic-glass-sheets-wholesale\/","title":{"rendered":"4\u00d78 acqua colorata increspata strati di vetro acrilico all'ingrosso"},"content":{"rendered":"<h3 id=\"-heading-catch-the-significance-of-light-and-activity-wholesale-4x8-colored-water-rippled-polymer-sheets-\"><strong>Titolo: Cogliere il significato di luce e attivit\u00e0: Vendita all'ingrosso di fogli di polimero increspato ad acqua colorata 4\u00d78\u00a0<\/strong>.<\/h3>\n<p><strong>Introduzione: L'intersezione tra il fascino della natura e i progressi moderni\u00a0<\/strong>.<\/p>\n<p>Nel mondo dell'allestimento e dell'architettura, i materiali sono il linguaggio che usiamo per raccontare. Possono trasmettere forza, raffinatezza, calore o innovazione. Tuttavia, raramente si presenta un materiale che cattura cos\u00ec completamente il fascino liquido e dinamico del mondo naturale, pur utilizzando le prestazioni senza compromessi del design moderno. Siamo orgogliosi di presentare la nostra linea leader di\u00a0<strong>4<a href=\"https:\/\/customacrylicproduct.com\/it\/4x8-colored-water-rippled-acrylic-glass-sheets-wholesale758\/\">x8 Lastre acriliche colorate increspate d'acqua\u00a0<\/a><\/strong>- un materiale all'avanguardia progettato per i visionari che non sanno scegliere tra estetica e funzionalit\u00e0.<\/p>\n<p>Queste grandi lastre di 4\u00d78 piedi sono molto pi\u00f9 di un semplice materiale da costruzione: sono una tela per la luce. La caratteristica struttura a \u201cincrespature d'acqua\u201d, diligentemente impressa sulla superficie, ricorda il tranquillo e mutevole disegno della danza della luce su una superficie d'acqua disturbata. Questo impatto cambia qualsiasi tipo di area, creando un emozionante gioco di luce e oscurit\u00e0, diffondendo il forte abbagliamento in una morbida luminosit\u00e0 ambientale e conferendo un grado di oscurit\u00e0 elegante, perfetto per le applicazioni di privacy. Che si tratti di un ingegnere che sta realizzando un edificio simbolo, di uno sviluppatore di interni che sta creando uno spazio commerciale distinto, di un fabbricante che sta costruendo espositori su misura per la vendita al dettaglio o di un artista fantasioso che sta spingendo i limiti del proprio mestiere, queste lastre offrono una possibilit\u00e0 unica di infondere ai propri lavori una sensazione di stile liquido e di ombra vivace.<\/p>\n<h3 id=\"-section-1-unrivaled-resilience-for-enduring-designs-the-guarantee-of-superior-weather-condition-resistance-\"><strong>Sezione 1: Resilienza impareggiabile per progetti duraturi - La garanzia di una resistenza superiore alle condizioni atmosferiche\u00a0<\/strong>.<\/h3>\n<p>Un bel layout \u00e8 buono solo quanto i materiali utilizzati per costruirlo. Il nostro <a href=\"https:\/\/customacrylicproduct.com\/it\/4x8-colored-water-rippled-acrylic-glass-sheets-wholesale758\/\">Lastre acriliche increspate dall'acqua<\/a> sono realizzati non solo per il progetto di oggi, ma anche per anni di efficienza affidabile, sia all'interno che all'esterno.<\/p>\n<p><strong>Eccezionale resistenza alle condizioni atmosferiche:\u00a0<\/strong>Uno dei vantaggi pi\u00f9 significativi della nostra formula acrilica \u00e8 la sua superiore resistenza agli aspetti. A differenza delle plastiche minime o di alcuni materiali polimerizzati, le nostre lastre sono costruite per resistere alle asperit\u00e0 dell'ambiente esterno. Sono state attentamente esaminate e verificate per resistere ai risultati dannosi di un'esposizione prolungata al sole e alla pioggia. Il polimetilmetacrilato (PMMA) di alta qualit\u00e0 \u00e8 naturalmente stabile ai raggi UV, il che significa che non ingiallisce, non diventa fragile e non si idrolizza con il tempo.<\/p>\n<p><strong>Una lunga durata di vita:\u00a0<\/strong>Questa notevole resistenza agli agenti atmosferici si traduce in una durata impressionante: le applicazioni per esterni conservano l'integrit\u00e0 strutturale e la vivacit\u00e0 delle tinte per un periodo di tempo di circa due anni.\u00a0<strong>Da 5 a 8 anni o anche di pi\u00f9\u00a0<\/strong>, a seconda delle condizioni ecologiche. Questo li rende la scelta ideale e senza preoccupazioni per un'ampia gamma di applicazioni esterne. Immaginate gli abbaglianti pannelli acrilici colorati che formano la facciata di una struttura commerciale contemporanea, i cartelloni pubblicitari esterni vibranti e accattivanti che non sbiadiscono, o i lucernari per serre resistenti e in grado di diffondere la luce, che promuovono la crescita sana delle piante senza deteriorarsi sotto la costante esposizione diretta alla luce solare. Questa longevit\u00e0 garantisce un roi pi\u00f9 elevato, riducendo al minimo la necessit\u00e0 di costose sostituzioni e manutenzioni.<\/p>\n<p><a href=\"https:\/\/customacrylicproduct.com\/it\/custom-size-cut-laser-acrylic-sheets-engraving-perspex-sheet\/\"><img fetchpriority=\"high\" decoding=\"async\" class=\"aligncenter wp-image-761 size-full\" src=\"https:\/\/customacrylicproduct.com\/wp-content\/uploads\/2025\/07\/Acrylic-Glass-Sheets.jpg\" alt=\"Lastre di vetro acrilico\" width=\"800\" height=\"800\" srcset=\"https:\/\/customacrylicproduct.com\/wp-content\/uploads\/2025\/07\/Acrylic-Glass-Sheets.jpg 800w, https:\/\/customacrylicproduct.com\/wp-content\/uploads\/2025\/07\/Acrylic-Glass-Sheets-300x300.jpg 300w, https:\/\/customacrylicproduct.com\/wp-content\/uploads\/2025\/07\/Acrylic-Glass-Sheets-150x150.jpg 150w, https:\/\/customacrylicproduct.com\/wp-content\/uploads\/2025\/07\/Acrylic-Glass-Sheets-768x768.jpg 768w, https:\/\/customacrylicproduct.com\/wp-content\/uploads\/2025\/07\/Acrylic-Glass-Sheets-12x12.jpg 12w, https:\/\/customacrylicproduct.com\/wp-content\/uploads\/2025\/07\/Acrylic-Glass-Sheets-600x600.jpg 600w, https:\/\/customacrylicproduct.com\/wp-content\/uploads\/2025\/07\/Acrylic-Glass-Sheets-100x100.jpg 100w\" sizes=\"(max-width: 800px) 100vw, 800px\" \/><\/a><\/p>\n<h3 id=\"-section-2-the-fabricator-s-option-uncomplicated-and-versatile-handling-\"><strong>Sezione 2: L'opzione del fabbricante - Manipolazione semplice e versatile\u00a0<\/strong>.<\/h3>\n<p>L'immaginazione non dovrebbe mai essere limitata dai vincoli di un prodotto. Il nostro 4\u00d78 <a href=\"https:\/\/customacrylicproduct.com\/it\/custom-size-cut-laser-acrylic-sheets-engraving-perspex-sheet\/\">Lastre acriliche increspate dall'acqua<\/a> sono stati creati pensando al produttore, offrendo un grado di praticit\u00e0 di lavorazione che favorisce infinite possibilit\u00e0 di progettazione.<\/p>\n<p><strong>Semplice da tagliare, piegare e modellare:\u00a0<\/strong>Le strutture intrinseche dell'acrilico lo rendono straordinariamente facile da lavorare. Queste grandi lastre 4\u00d78 possono essere ridotte in modo semplice e mirato con gli strumenti di base dell'officina, come seghe da banco con lame in metallo duro, seghetti alternativi o fresatrici. Inoltre, il prodotto pu\u00f2 essere forato senza crepe o fratture, consentendo un posizionamento e una messa in opera molto semplici. Per i layout tridimensionali pi\u00f9 complessi, le nostre lastre acriliche reagiscono meravigliosamente al calore. Possono essere termoformate o piegate a caldo in contorni eleganti e angoli personalizzati, eccellenti per produrre mobili distinti, tavoli a cascata o divisori curvi che sarebbe difficile o proibitivo realizzare con il vetro.<\/p>\n<p><strong>Precisione con l'innovazione laser:\u00a0<\/strong>Per le attivit\u00e0 che richiedono la massima precisione e informazioni complesse, le nostre lastre sono pienamente compatibili con il taglio e l'incisione laser. Il laser \u00e8 in grado di tracciare senza sforzo motivi intricati, eliminare loghi accurati con bordi perfettamente lucidi o incidere disegni fragili sulla superficie. Questa capacit\u00e0 apre un mondo di personalizzazione per la creazione di insegne affascinanti, pannelli artistici attraenti, schermi complessi per la vendita al dettaglio e articoli personalizzati, rendendoli un bene prezioso sia per le produzioni su larga scala sia per le produzioni su misura e distintive. Questa facilit\u00e0 di lavorazione rende le nostre lastre accessibili non solo a negozi di fabbricazione esperti, ma anche a designer, artisti e appassionati del fai-da-te che intendono dare vita a visioni entusiastiche.<\/p>\n<p><a href=\"https:\/\/customacrylicproduct.com\/it\/custom-size-cut-laser-acrylic-sheets-engraving-perspex-sheet\/\"><img decoding=\"async\" class=\"aligncenter wp-image-759 size-full\" src=\"https:\/\/customacrylicproduct.com\/wp-content\/uploads\/2025\/07\/Acrylic-Glass-Sheets-2.jpg\" alt=\"Lastre di vetro acrilico\" width=\"800\" height=\"800\" srcset=\"https:\/\/customacrylicproduct.com\/wp-content\/uploads\/2025\/07\/Acrylic-Glass-Sheets-2.jpg 800w, https:\/\/customacrylicproduct.com\/wp-content\/uploads\/2025\/07\/Acrylic-Glass-Sheets-2-300x300.jpg 300w, https:\/\/customacrylicproduct.com\/wp-content\/uploads\/2025\/07\/Acrylic-Glass-Sheets-2-150x150.jpg 150w, https:\/\/customacrylicproduct.com\/wp-content\/uploads\/2025\/07\/Acrylic-Glass-Sheets-2-768x768.jpg 768w, https:\/\/customacrylicproduct.com\/wp-content\/uploads\/2025\/07\/Acrylic-Glass-Sheets-2-12x12.jpg 12w, https:\/\/customacrylicproduct.com\/wp-content\/uploads\/2025\/07\/Acrylic-Glass-Sheets-2-600x600.jpg 600w, https:\/\/customacrylicproduct.com\/wp-content\/uploads\/2025\/07\/Acrylic-Glass-Sheets-2-100x100.jpg 100w\" sizes=\"(max-width: 800px) 100vw, 800px\" \/><\/a><\/p>\n<h3 id=\"-area-3-a-combination-of-opportunities-a-rich-range-of-colors-and-finishes-\"><strong>Area 3: Una combinazione di opportunit\u00e0 - Una ricca gamma di colori e finiture\u00a0<\/strong>.<\/h3>\n<p>Il colore \u00e8 l'anima del layout e il nostro <a href=\"https:\/\/customacrylicproduct.com\/it\/custom-size-cut-laser-acrylic-sheets-engraving-perspex-sheet\/\">Lastre acriliche increspate dall'acqua<\/a> offrono una combinazione vibrante e funzionale per dare vita a qualsiasi visione. Siamo consapevoli che ogni progetto ha un'estetica distinta, per questo offriamo un'opzione completa che va ben oltre i comuni pannelli trasparenti.<\/p>\n<p><strong>Esplorate un mondo di colori:\u00a0<\/strong>La nostra collezione \u00e8 composta da un'ampia variet\u00e0 di colori spettacolari, dai blu profondi e significativi agli eco-amici, fino ai rossi e ai gialli caldi e accoglienti. Queste lastre colorate sono disponibili in numerose opacit\u00e0 per soddisfare le vostre specifiche esigenze di trasmissione della luce e di privacy personale.<\/p>\n<ul>\n<li><strong>Colori traslucidi:\u00a0<\/strong>Questi teli lasciano passare la luce, diffondendola in modo meraviglioso e aggiungendo un'ombra abbondante. Sono ideali per creare effetti di illuminazione climatica, per creare un'atmosfera di privacy personale che non offuschi un'area e per creare lucernari colorati.<\/li>\n<li><strong>Bianco latte e opale:\u00a0<\/strong>Questa scelta di spicco fornisce un'eccellente diffusione della luce, sviluppando un bagliore morbido e uniforme adatto a lightbox, insegne retroilluminate e pannelli a soffitto in cui si desidera un'illuminazione leggera e priva di ombre.<\/li>\n<li><strong>Colori personalizzati:\u00a0<\/strong>Per gli ordini all'ingrosso di grandi dimensioni, possiamo creare insieme a voi tonalit\u00e0 personalizzate che si adattino a specifiche linee guida del marchio o a schemi stilistici, garantendo la migliore comunicazione nel vostro compito.<\/li>\n<\/ul>\n<p><strong>Effetti di superficie per una misura aggiuntiva:\u00a0<\/strong>Al di l\u00e0 del colore, la finitura della superficie stessa pu\u00f2 essere un potente strumento di design. Sebbene la funzione principale sia la spettacolare struttura ad increspature d'acqua, queste lastre mantengono una\u00a0<strong>superficie lucida\u00a0<\/strong>che mostra la luce e trasmette una sensazione di lusso e profondit\u00e0. Questo mix di aspetto vibrante e finitura lucida crea un prodotto visivamente complesso che trasforma il suo aspetto a seconda dei movimenti del cliente e dei cambiamenti di luce, garantendo che il vostro lavoro rimanga interessante e affascinante.<\/p>\n<h3 id=\"-section-4-the-best-alternate-to-glass-toughness-security-and-financial-savings-\"><strong>Sezione 4: La migliore alternativa al vetro: resistenza, sicurezza e risparmio finanziario\u00a0<\/strong>.<\/h3>\n<p>Per decenni il vetro \u00e8 stato l'opzione predefinita per le applicazioni trasparenti, ma presenta notevoli svantaggi in termini di peso, fragilit\u00e0 e sicurezza. Le nostre lastre acriliche increspate dall'acqua offrono tutti i vantaggi estetici del vetro ornamentale senza alcuna limitazione.<\/p>\n<p><strong>Resistenza all'urto e robustezza superiori:\u00a0<\/strong>Il polimero \u00e8 rinomato per la sua elevata tenacit\u00e0 e per l'incredibile resistenza agli effetti, tanto quanto\u00a0<strong>17 volte superiore a quello del vetro standard\u00a0<\/strong>. Questo lo rende praticamente infrangibile. Un colpo che farebbe volare frammenti di vetro dannosi probabilmente provocher\u00e0 solo una spaccatura o un segno locale su una lastra acrilica. Questa resistenza fondamentale lo rende l'opzione pi\u00f9 adatta per spazi pubblici ad alto traffico, istituzioni, strutture mediche e negozi dove la sicurezza \u00e8 fondamentale. Inoltre, riduce notevolmente le perdite dovute a rotture durante la costruzione, il trasporto e l'installazione.<\/p>\n<p><strong>Resistente ed estremamente leggero:\u00a0<\/strong>A prescindere dalla sua resistenza, l'acrilico pesa meno della met\u00e0 del vetro. Questo \u00e8 un vantaggio che cambia le carte in tavola per le applicazioni all'ingrosso. Le lastre pi\u00f9 leggere comportano una riduzione dei prezzi di spedizione e di trasporto. Sono pi\u00f9 semplici e sicure da gestire in loco, riducendo al minimo i costi di manodopera e i tempi di allestimento. Il carico architettonico ridotto al minimo implica che le strutture di supporto possono essere molto meno grandi e costose, consentendo di realizzare design ancora pi\u00f9 eleganti e minimali.<\/p>\n<p><strong>Qualit\u00e0 eccezionale e lunga durata:\u00a0<\/strong>Le nostre lastre sono prodotte con un monomero vergine 100% di prima qualit\u00e0, che garantisce una qualit\u00e0 ottica fenomenale, una lucentezza solida e una superficie perfettamente liscia (sul lato non testurizzato). Ogni lastra \u00e8 protetta su entrambi i lati da una pellicola di lunga durata, che evita graffi e scalfitture durante il trasporto e la lavorazione, assicurando che raggiunga il sito web in condizioni ottimali.<\/p>\n<p><a href=\"https:\/\/customacrylicproduct.com\/it\/4x8-colored-water-rippled-acrylic-glass-sheets-wholesale758\/\"><img decoding=\"async\" class=\"aligncenter wp-image-760 size-full\" src=\"https:\/\/customacrylicproduct.com\/wp-content\/uploads\/2025\/07\/Acrylic-Glass-Sheets-3.jpg\" alt=\"Lastre di vetro acrilico\" width=\"800\" height=\"800\" srcset=\"https:\/\/customacrylicproduct.com\/wp-content\/uploads\/2025\/07\/Acrylic-Glass-Sheets-3.jpg 800w, https:\/\/customacrylicproduct.com\/wp-content\/uploads\/2025\/07\/Acrylic-Glass-Sheets-3-300x300.jpg 300w, https:\/\/customacrylicproduct.com\/wp-content\/uploads\/2025\/07\/Acrylic-Glass-Sheets-3-150x150.jpg 150w, https:\/\/customacrylicproduct.com\/wp-content\/uploads\/2025\/07\/Acrylic-Glass-Sheets-3-768x768.jpg 768w, https:\/\/customacrylicproduct.com\/wp-content\/uploads\/2025\/07\/Acrylic-Glass-Sheets-3-12x12.jpg 12w, https:\/\/customacrylicproduct.com\/wp-content\/uploads\/2025\/07\/Acrylic-Glass-Sheets-3-600x600.jpg 600w, https:\/\/customacrylicproduct.com\/wp-content\/uploads\/2025\/07\/Acrylic-Glass-Sheets-3-100x100.jpg 100w\" sizes=\"(max-width: 800px) 100vw, 800px\" \/><\/a><\/p>\n<h3 id=\"-area-5-multi-purpose-deliberately-a-world-of-applications-\"><strong>Area 5: Multi-Purpose deliberatamente- Un mondo di applicazioni\u00a0<\/strong>.<\/h3>\n<p>Il vero valore di un materiale si misura dalla sua adattabilit\u00e0. La speciale combinazione di fascino, longevit\u00e0 e lavorabilit\u00e0 rende i nostri 4\u00d78 <a href=\"https:\/\/customacrylicproduct.com\/it\/4x8-colored-water-rippled-acrylic-glass-sheets-wholesale758\/\">Fogli di polimero increspati ad acqua colorata<\/a> ideale per una variet\u00e0 praticamente illimitata di applicazioni in numerosi mercati.<\/p>\n<ul>\n<li><strong>Progettazione architettonica e di interni:\u00a0<\/strong>Producono spettacolari superfici a parete, eleganti divisori di aree e utili divisori per la privacy in uffici, hotel e ristoranti. Utilizzateli per pannelli di balaustra, inserti decorativi per soffitti e rivestimenti unici per pareti.<\/li>\n<li><strong>Vendita al dettaglio e cordialit\u00e0:\u00a0<\/strong>Progettate schermi accattivanti per i punti vendita, in grado di far risaltare gli articoli. Realizzate eleganti scaffalature, moderni frontali per bar e pannelli per menu retroilluminati. Utilizzate i fogli per sviluppare un ambiente di marca immersivo che affascini i clienti.<\/li>\n<li><strong>Arredamento e mobili da cucina:\u00a0<\/strong>Realizzate elementi d'arredo su misura con aspetti distinti e caratteristici. Utilizzateli come inserti sensazionali e leggeri per le ante degli armadi in bagno e in cucina, aggiungendo una spruzzata di colore e un tocco di design moderno.<\/li>\n<li><strong>Segnaletica e segnaletica stradale:\u00a0<\/strong>Costruite indicatori esterni resilienti e resistenti alle intemperie o indicazioni interne sofisticate e illuminate internamente. La superficie testurizzata aggiunge una qualit\u00e0 unica che fa risaltare la segnaletica.<\/li>\n<li><strong>Arte, fotografia e stile di vita:\u00a0<\/strong>Per i creativi, questi fogli sono un desiderio. Utilizzateli come sfondi vibranti per la fotografia di prodotto o per le riprese video. La texture water surge rifrange e diffonde magnificamente la luce, consentendo di ottenere un aspetto tridimensionale e diviso e un'atmosfera avanzata per foto e set cinematografici.<\/li>\n<li><strong>Progetti di artigianato e fai da te:\u00a0<\/strong>La dimensione del foglio 4\u00d78 \u00e8 eccellente per massimizzare la resa di lavori di piccole dimensioni, come montagne russe personalizzate, cornici di immagini, gioielli, oggetti di design per la casa e progetti artistici su misura.<\/li>\n<\/ul>\n<p><strong>Il vostro partner all'ingrosso per il successo\u00a0<\/strong>.<\/p>\n<p>Ci impegniamo ad essere molto pi\u00f9 di un semplice fornitore: siamo il vostro partner per il progresso. Scegliendo il nostro ingrosso 4\u00d78 acqua colorata increspato <a href=\"https:\/\/customacrylicproduct.com\/it\/4x8-colored-water-rippled-acrylic-glass-sheets-wholesale758\/\">Lastre acriliche<\/a>, investite in un prodotto che offre risultati su tutti i fronti. Offriamo prezzi di massa accessibili, gradi di fornitura affidabili e un impegno per l'alta qualit\u00e0 che garantisce la coerenza di ogni foglio. L'enorme misura 4\u00d78 \u00e8 stata scelta appositamente per massimizzare l'efficacia, ridurre gli sprechi e fornire la scala necessaria per compiti ambiziosi.<\/p>\n<p>Elevate le vostre attivit\u00e0 artigianali e specialistiche da comuni a straordinarie.\u00a0<strong>Contattateci oggi stesso per richiedere un preventivo all'ingrosso, ordinare campioni di tonalit\u00e0 o parlare dei requisiti particolari del vostro prossimo lavoro.\u00a0<\/strong>Sviluppiamo qualcosa di straordinario l'uno con l'altro.<\/p>","protected":false},"excerpt":{"rendered":"<p>Lastre acriliche colorate 4\u00d78 con increspature d'acqua all'ingrosso. I nostri esclusivi pannelli strutturati creano un'immagine liquida sorprendente, perfetta per pareti divisorie decorative, segnaletica e mobili personalizzati. Durevoli, vivaci e facili da fabbricare. Ottenete i prezzi diretti di fabbrica ed esplorate la nostra gamma completa di colori oggi stesso!<\/p>","protected":false},"featured_media":759,"template":"","meta":{"_kad_post_transparent":"default","_kad_post_title":"","_kad_post_layout":"default","_kad_post_sidebar_id":"","_kad_post_content_style":"default","_kad_post_vertical_padding":"default","_kad_post_feature":"","_kad_post_feature_position":"","_kad_post_header":false,"_kad_post_footer":false,"_kad_post_classname":""},"product_brand":[],"product_cat":[24],"product_tag":[81,82,75],"class_list":{"0":"post-758","1":"product","2":"type-product","3":"status-publish","4":"has-post-thumbnail","6":"product_cat-custom-acrylic-sheets","7":"product_tag-acrylic-glass-sheets","8":"product_tag-colored-acrylic-sheets","9":"product_tag-custom-cut-acrylic-sheets","11":"first","12":"instock","13":"shipping-taxable","14":"product-type-simple","15":"entry","16":"content-bg","17":"loop-entry"},"_links":{"self":[{"href":"https:\/\/customacrylicproduct.com\/it\/wp-json\/wp\/v2\/product\/758","targetHints":{"allow":["GET"]}}],"collection":[{"href":"https:\/\/customacrylicproduct.com\/it\/wp-json\/wp\/v2\/product"}],"about":[{"href":"https:\/\/customacrylicproduct.com\/it\/wp-json\/wp\/v2\/types\/product"}],"wp:featuredmedia":[{"embeddable":true,"href":"https:\/\/customacrylicproduct.com\/it\/wp-json\/wp\/v2\/media\/759"}],"wp:attachment":[{"href":"https:\/\/customacrylicproduct.com\/it\/wp-json\/wp\/v2\/media?parent=758"}],"wp:term":[{"taxonomy":"product_brand","embeddable":true,"href":"https:\/\/customacrylicproduct.com\/it\/wp-json\/wp\/v2\/product_brand?post=758"},{"taxonomy":"product_cat","embeddable":true,"href":"https:\/\/customacrylicproduct.com\/it\/wp-json\/wp\/v2\/product_cat?post=758"},{"taxonomy":"product_tag","embeddable":true,"href":"https:\/\/customacrylicproduct.com\/it\/wp-json\/wp\/v2\/product_tag?post=758"}],"curies":[{"name":"wp","href":"https:\/\/api.w.org\/{rel}","templated":true}]}}