{"id":762,"date":"2025-07-09T12:37:11","date_gmt":"2025-07-09T12:37:11","guid":{"rendered":"https:\/\/customacrylicproduct.com\/?post_type=product&#038;p=762"},"modified":"2025-07-09T12:47:27","modified_gmt":"2025-07-09T12:47:27","slug":"factory-custom-clear-acrylic-serving-trays-with-gold-handle","status":"publish","type":"product","link":"https:\/\/customacrylicproduct.com\/it\/factory-custom-clear-acrylic-serving-trays-with-gold-handle\/","title":{"rendered":"Fabbrica Custom Clear vassoi di servizio in acrilico con maniglia d'oro"},"content":{"rendered":"<h3 id=\"-the-apex-of-service-presenting-the-factory-personalized-clear-acrylic-offering-tray-with-gold-handles-\"><strong>L'apice del servizio: Presentazione del vassoio per le offerte personalizzato in acrilico trasparente con manici dorati\u00a0<\/strong>.<\/h3>\n<p>Nel mondo della cordialit\u00e0 d'\u00e9lite e del piacere critico della casa, ogni dettaglio interagisce con un messaggio. Il peso di una porta, la consistenza di un tovagliolo di carta di lino e lo stile di un oggetto da servire contribuiscono a creare un'esperienza straordinaria. \u00c8 con questa consapevolezza che forniamo il nostro prodotto di punta: la Fabbrica. <a href=\"https:\/\/customacrylicproduct.com\/it\/factory-custom-clear-acrylic-serving-trays-with-gold-handle\/\">Vassoio per offerte in polimero trasparente personalizzato<\/a> con l'oro. Non si tratta di un semplice prodotto di utilit\u00e0, ma di una dichiarazione di raffinatezza, di un dispositivo per un servizio di grande effetto e di una tela per l'identit\u00e0 distinta del vostro marchio.<\/p>\n<p>Creato per i resort di fascia alta, i ristoranti di alto livello, gli organizzatori di occasioni speciali e i proprietari di case alla moda, questo vassoio fonde perfettamente un'estetica cristallina con una funzionalit\u00e0 eccezionale e una personalizzazione su misura. Rappresenta l'eccellente unione di stile contemporaneo e utilit\u00e0 senza tempo, realizzato per elevare ogni comunicazione da una semplice distribuzione a una grande discussione.<\/p>\n<h3 id=\"-area-1-the-brilliance-of-material-the-acrylic-benefit-\"><strong>Area 1: La brillantezza del materiale - Il vantaggio dell'acrilico\u00a0<\/strong>.<\/h3>\n<p>La base della straordinaria qualit\u00e0 del nostro vassoio risiede nel suo prodotto principale: il costo del polimetilmetacrilato (PMMA) di alta qualit\u00e0, comunemente noto come acrilico o plexiglass. Abbiamo scelto di proposito questo materiale rispetto al vetro o alla plastica standard per la sua notevole combinazione di fascino ed efficienza, importante per gli ambienti di servizio pi\u00f9 esigenti.<\/p>\n<p><strong>Trasparenza e qualit\u00e0 luminosa ineguagliabili\u00a0<\/strong>. L'attributo pi\u00f9 evidente del nostro vassoio di base \u00e8 la sua notevole trasparenza, simile al vetro. Questa qualit\u00e0 cristallina sviluppa un'impressione di leggerezza e di superficie, permettendo ai colori e alle texture vivaci delle vostre produzioni culinarie di risaltare. A differenza dei materiali plastici di qualit\u00e0 inferiore, che possono apparire troppo fusi o avere una tonalit\u00e0 blu, il nostro acrilico di alta qualit\u00e0 offre una splendida trasparenza che rifrange perfettamente la luce, conferendo un raffinato scintillio alla vostra presentazione. Questa eleganza minimalista fa s\u00ec che il vassoio valorizzi qualsiasi tipo di design, da quello ultramoderno a quello classico, senza mai stonare o entrare in conflitto.<\/p>\n<p><strong>Robusto, resistente agli urti e agli schizzi\u00a0<\/strong>. Pur condividendo la bellezza del vetro, l'acrilico offre una maggiore resistenza agli urti. In un resort o in un ristorante frenetico, gli urti sono inevitabili. Un vassoio di vetro che cade pu\u00f2 portare a frammenti pericolosi e a costose sostituzioni. I nostri vassoi in acrilico sono fatti per resistere ai rigori dell'uso quotidiano, essendo molto pi\u00f9 resistenti agli urti. Questa robustezza intrinseca si traduce in una maggiore durata, in una riduzione delle spese di sostituzione e in un ambiente pi\u00f9 sicuro sia per il personale che per i visitatori.<\/p>\n<p><strong>Manipolazione semplice e leggera\u00a0<\/strong>. Un vantaggio ergonomico fondamentale dell'acrilico \u00e8 la sua incredibile leggerezza. \u00c8 pi\u00f9 leggero di circa 50% rispetto al vetro dello stesso spessore. Per i camerieri che trasportano vassoi a grande distanza o che si occupano di numerose ordinazioni in orari ottimali, questa diminuzione di peso \u00e8 trasformativa. Riduce lo stress fisico, minimizza l'affaticamento e migliora la manovrabilit\u00e0, consentendo un servizio pi\u00f9 rapido, sicuro ed efficiente.<\/p>\n<p><strong>Resistenza superiore al clima e all'invecchiamento\u00a0<\/strong>. Il nostro prodotto acrilico presenta un'eccellente resistenza agli agenti atmosferici, che lo rende inattaccabile dall'ingiallimento o dalla fragilit\u00e0 del tempo, nonostante l'esposizione diretta ai raggi solari o agli sbalzi di temperatura. Ci\u00f2 garantisce che il vostro investimento finanziario conservi il suo aspetto bello e come nuovo per anni, mantenendo gli elevati standard del vostro locale.<\/p>\n<p><strong>Igienico e facile da pulire\u00a0<\/strong>. La superficie liscia e non porosa dell'acrilico \u00e8 incredibilmente facile da conservare. Non assorbe oli, liquidi o odori e le macchie non hanno modo di depositarsi. Basta una semplice passata con un tessuto morbido e un detergente leggero per recuperare la sua fantastica lucentezza, soddisfacendo i rigidi requisiti igienici necessari per la ristorazione. La sua eccezionale stabilit\u00e0 chimica fa s\u00ec che non venga arrugginito dai tipici detergenti per alimenti.<\/p>\n<p><a href=\"https:\/\/customacrylicproduct.com\/it\/factory-custom-clear-acrylic-serving-trays-with-gold-handle\/\"><img fetchpriority=\"high\" decoding=\"async\" class=\"aligncenter wp-image-763 size-full\" src=\"https:\/\/customacrylicproduct.com\/wp-content\/uploads\/2025\/07\/Acrylic-Serving-Trays-1.jpg\" alt=\"Vassoi da portata in acrilico\" width=\"800\" height=\"800\" srcset=\"https:\/\/customacrylicproduct.com\/wp-content\/uploads\/2025\/07\/Acrylic-Serving-Trays-1.jpg 800w, https:\/\/customacrylicproduct.com\/wp-content\/uploads\/2025\/07\/Acrylic-Serving-Trays-1-300x300.jpg 300w, https:\/\/customacrylicproduct.com\/wp-content\/uploads\/2025\/07\/Acrylic-Serving-Trays-1-150x150.jpg 150w, https:\/\/customacrylicproduct.com\/wp-content\/uploads\/2025\/07\/Acrylic-Serving-Trays-1-768x768.jpg 768w, https:\/\/customacrylicproduct.com\/wp-content\/uploads\/2025\/07\/Acrylic-Serving-Trays-1-12x12.jpg 12w, https:\/\/customacrylicproduct.com\/wp-content\/uploads\/2025\/07\/Acrylic-Serving-Trays-1-600x600.jpg 600w, https:\/\/customacrylicproduct.com\/wp-content\/uploads\/2025\/07\/Acrylic-Serving-Trays-1-100x100.jpg 100w\" sizes=\"(max-width: 800px) 100vw, 800px\" \/><\/a><\/p>\n<h3 id=\"-section-2-design-in-harmony-where-kind-fulfills-function-\"><strong>Sezione 2: Progettare in armonia - Dove il genere soddisfa la funzione\u00a0<\/strong>.<\/h3>\n<p>Un articolo assolutamente fantastico \u00e8 quello che presenta uno stile attraente e intelligente. Il nostro <a href=\"https:\/\/customacrylicproduct.com\/it\/custom-acrylic-trays\/\">vassoio in acrilico<\/a> \u00e8 una masterclass in questa ideologia, dalla sua silhouette tradizionale agli elementi pratici realizzati con cura.<\/p>\n<p><strong>La forma classica e senza tempo\u00a0<\/strong>. Lo stile del vassoio segue i concetti di raffinatezza minimalista. Con linee pulite e lisce e percentuali unificate, la sua forma rettangolare \u00e8 al tempo stesso pratica e sempre alla moda. Questa forma senza tempo \u00e8 eccezionalmente versatile e lo rende un contenitore perfetto per un'ampia selezione di articoli, in particolare per pane, pasticcini e dolcetti, dove i suoi confini ordinati montano il cibo in modo eccellente.<\/p>\n<p><strong>La Firma d'Oro Gestisce: Un tocco di lusso\u00a0<\/strong>. L'attributo specifico di questo vassoio \u00e8 la sua spettacolare ed elegante gestione in oro. Pi\u00f9 che un componente utile, queste maniglie sono una dichiarazione di stile. Il tono accogliente e lucido dell'oro fornisce un contrasto sorprendente e lussuoso con l'impressionante chiarezza dell'acrilico. Questo abbinamento \u00e8 indice di un senso di opulenza contemporanea e di un gusto superiore.<\/p>\n<p>Dal punto di vista funzionale, gli accordi sono fondamentali:.<\/p>\n<ul>\n<li><strong>Impugnatura ergonomica:\u00a0<\/strong>Creata per garantire comfort e stabilit\u00e0, la custodia offre una presa sicura per il trasporto con una o due mani. In questo modo si riduce notevolmente il rischio di rotazione o scivolamento, assicurando che il contenuto arrivi in modo sicuro.<\/li>\n<li><strong>Maggiore sicurezza ed efficacia:\u00a0<\/strong>Il sistema consente al team di prelevare e deporre il vassoio in tutta tranquillit\u00e0, in particolare quando ci si trova in sale affollate o si forniscono bevande calde e articoli delicati.<\/li>\n<li><strong>Ostacolo igienico:\u00a0<\/strong>Offrono un punto di richiamo ordinato, evitando impronte digitali sulla superficie del vassoio e proteggendo le mani da qualsiasi tipo di possibile residuo degli articoli offerti.<\/li>\n<\/ul>\n<p><a href=\"https:\/\/customacrylicproduct.com\/it\/custom-acrylic-trays\/\"><img decoding=\"async\" class=\"aligncenter wp-image-767 size-full\" src=\"https:\/\/customacrylicproduct.com\/wp-content\/uploads\/2025\/07\/Acrylic-Serving-Trays.jpg\" alt=\"Vassoi da portata in acrilico\" width=\"800\" height=\"800\" srcset=\"https:\/\/customacrylicproduct.com\/wp-content\/uploads\/2025\/07\/Acrylic-Serving-Trays.jpg 800w, https:\/\/customacrylicproduct.com\/wp-content\/uploads\/2025\/07\/Acrylic-Serving-Trays-300x300.jpg 300w, https:\/\/customacrylicproduct.com\/wp-content\/uploads\/2025\/07\/Acrylic-Serving-Trays-150x150.jpg 150w, https:\/\/customacrylicproduct.com\/wp-content\/uploads\/2025\/07\/Acrylic-Serving-Trays-768x768.jpg 768w, https:\/\/customacrylicproduct.com\/wp-content\/uploads\/2025\/07\/Acrylic-Serving-Trays-12x12.jpg 12w, https:\/\/customacrylicproduct.com\/wp-content\/uploads\/2025\/07\/Acrylic-Serving-Trays-600x600.jpg 600w, https:\/\/customacrylicproduct.com\/wp-content\/uploads\/2025\/07\/Acrylic-Serving-Trays-100x100.jpg 100w\" sizes=\"(max-width: 800px) 100vw, 800px\" \/><\/a><\/p>\n<h3 id=\"-area-3-the-power-of-modification-your-vision-our-craft-\"><strong>Area 3: Il potere della modifica: la vostra visione, il nostro mestiere\u00a0<\/strong>.<\/h3>\n<p>L'aspetto \u201cFactory Custom\u201d dei nostri prodotti \u00e8 il nostro vantaggio principale e ci\u00f2 che ci distingue veramente. Siamo consapevoli che la coerenza del marchio \u00e8 fondamentale. I vostri dispositivi devono essere un'estensione dell'identit\u00e0 del vostro marchio, non un generico ripensamento. Collaboriamo con voi per creare un vassoio completamente personalizzato in base alle vostre esigenze operative e alla vostra visione estetica.<\/p>\n<p>Le nostre alternative di personalizzazione sono complete:.<\/p>\n<ul>\n<li><strong>Modifica di dimensioni e dimensioni:\u00a0<\/strong>Che si tratti di un piccolo vassoio per i servizi in camera, di un vassoio lungo e stretto per le baguette o di un grande piatto per il servizio di ricevimento, possiamo produrlo secondo le vostre esatte specifiche di lunghezza, larghezza e altezza.<\/li>\n<li><strong>Personalizzazione della densit\u00e0:\u00a0<\/strong>\u00c8 possibile scegliere tra diverse densit\u00e0 di lastre acriliche (ad esempio, 3 mm, 5 mm, 8 mm). Una lastra pi\u00f9 sottile offre una sensazione di fragilit\u00e0 e leggerezza, mentre una lastra pi\u00f9 spessa conferisce un aspetto pi\u00f9 considerevole e pregiato e una migliore capacit\u00e0 di carico.<\/li>\n<li><strong>Personalizzazione della maniglia:\u00a0<\/strong>Sebbene il nostro marchio di fabbrica in oro sia l'opzione preferita, siamo in grado di personalizzarne la forma, le dimensioni, il rivestimento (ad esempio, oro opaco, nichel pulito, cromo) e lo stile di montaggio in modo che si allinei perfettamente con l'attrezzatura e il linguaggio stilistico del vostro marchio.<\/li>\n<li><strong>Finitura laterale:\u00a0<\/strong>I dettagli sono importanti. Offriamo una serie di trattamenti laterali, che consistono in bordi dritti, affilati e contemporanei; bordi arrotondati, lisci e privi di rischi; o lati diagonali eleganti e luminosi. Ogni superficie influisce sull'aspetto e sulla sensazione finale del vassoio.<\/li>\n<li><strong>Terapia di superficie e colore:\u00a0<\/strong>Se il cristallo \u00e8 il nostro criterio, la vostra visione \u00e8 il nostro comando. Possiamo produrre vassoi con una finitura opaca avanzata per ridurre al minimo il bagliore e nascondere le impronte digitali. Inoltre, possiamo sviluppare vassoi in colori personalizzati. A\u00a0<strong>nero trasparente\u00a0<\/strong>o polimero grigio fumo, ad esempio, offre un aspetto drammatico e di pregio, fenomenale nel nascondere piccoli graffi e nel far risaltare i cibi chiari, come dolci e pane.<\/li>\n<li><strong>Design del logo e assimilazione del marchio:\u00a0<\/strong>Il miglior segno di modifica. Possiamo incidere, incidere o pubblicare il logo del vostro resort o ristorante direttamente sul vassoio. In questo modo un semplice oggetto di servizio si trasforma in un potente dispositivo di branding, rafforzando la vostra identit\u00e0 a ogni utilizzo.<\/li>\n<\/ul>\n<h3 id=\"-section-4-convenience-in-application-a-tray-for-each-occasion-\"><strong>Sezione 4: Convenienza nell'applicazione - Un vassoio per ogni occasione\u00a0<\/strong>.<\/h3>\n<p>La grande praticit\u00e0 di questo vassoio personalizzato lo rende indispensabile in un'ampia gamma di scenari di vendita al dettaglio:.<\/p>\n<ul>\n<li><strong>Mangiare in camera:\u00a0<\/strong>Fotografate un visitatore mentre fa colazione, con un piatto di frutta fresca e croissant caldi preparati ad arte su questo vassoio scintillante. L'esperienza culinaria in camera passa immediatamente da un piatto semplice a un minuto di lusso.<\/li>\n<li><strong>Soluzione per la sala da pranzo:\u00a0<\/strong>Utilizzatelo in un grande ristorante per presentare il cestino del pane prima del pasto o come sistema di classe per consegnare antipasti e dolcetti al tavolo.<\/li>\n<li><strong>Banchetti e conferenze:\u00a0<\/strong>Allestite file di questi vassoi nel luogo della pausa t\u00e8, pieni di eleganti pasticcini, dolcetti e frutta. Il loro aspetto elegante e pregiato conferisce un senso di ordine e raffinatezza a qualsiasi tipo di occasione di massa.<\/li>\n<li><strong>Bar e lounge della hall:\u00a0<\/strong>\u00c8 l'amico ideale per un servizio di t\u00e8 delle cinque o per offrire cocktail e antipasti, aggiungendo un tocco di glamour all'atmosfera del salotto.<\/li>\n<li><strong>Esposizioni a buffet:\u00a0<\/strong>Utilizzate diversi vassoi su un tavolo da buffet per separare e presentare con stile diversi tipi di pane, formaggi o dessert, creando un banchetto visivo ordinato e ben organizzato.<\/li>\n<li><strong>Panifici e pasticcerie:\u00a0<\/strong>Al di l\u00e0 della soluzione, il vassoio \u00e8 un fenomenale contenitore per schermi. La sua qualit\u00e0 e il suo stile faranno apparire le vostre migliori produzioni ancora pi\u00f9 allettanti in una vetrina.<\/li>\n<\/ul>\n<p><a href=\"https:\/\/customacrylicproduct.com\/it\/factory-custom-clear-acrylic-serving-trays-with-gold-handle\/\"><img decoding=\"async\" class=\"aligncenter wp-image-765 size-full\" src=\"https:\/\/customacrylicproduct.com\/wp-content\/uploads\/2025\/07\/Acrylic-Serving-Trays-3.jpg\" alt=\"Vassoi da portata in acrilico\" width=\"800\" height=\"800\" srcset=\"https:\/\/customacrylicproduct.com\/wp-content\/uploads\/2025\/07\/Acrylic-Serving-Trays-3.jpg 800w, https:\/\/customacrylicproduct.com\/wp-content\/uploads\/2025\/07\/Acrylic-Serving-Trays-3-300x300.jpg 300w, https:\/\/customacrylicproduct.com\/wp-content\/uploads\/2025\/07\/Acrylic-Serving-Trays-3-150x150.jpg 150w, https:\/\/customacrylicproduct.com\/wp-content\/uploads\/2025\/07\/Acrylic-Serving-Trays-3-768x768.jpg 768w, https:\/\/customacrylicproduct.com\/wp-content\/uploads\/2025\/07\/Acrylic-Serving-Trays-3-12x12.jpg 12w, https:\/\/customacrylicproduct.com\/wp-content\/uploads\/2025\/07\/Acrylic-Serving-Trays-3-600x600.jpg 600w, https:\/\/customacrylicproduct.com\/wp-content\/uploads\/2025\/07\/Acrylic-Serving-Trays-3-100x100.jpg 100w\" sizes=\"(max-width: 800px) 100vw, 800px\" \/><\/a><\/p>\n<h3 id=\"-section-5-enduring-top-quality-maintenance-and-treatment-\"><strong>Sezione 5: Qualit\u00e0 superiore duratura - Manutenzione e trattamento\u00a0<\/strong>.<\/h3>\n<p>Costruiamo i nostri vassoi per durare nel tempo. Con un trattamento adeguato, serviranno magnificamente la vostra struttura per anni.<\/p>\n<p><strong>Durata:\u00a0<\/strong>Pur essendo molto resistente agli urti, la solidit\u00e0 della superficie dell'acrilico \u00e8 inferiore a quella del vetro. Per evitare graffi sottili, sconsigliamo di spostare oggetti duri o taglienti sulla sua superficie.<\/p>\n<p><strong>Pulizia consigliata:\u00a0<\/strong>.<\/p>\n<ul>\n<li><strong>Utilizzo:\u00a0<\/strong>Un tessuto morbido o una spugna con acqua tiepida e un detergente leggero e neutro (come il sapone da cucina).<\/li>\n<li><strong>Secco:\u00a0<\/strong>Asciugare delicatamente con un panno in microfibra pulito e morbido per evitare macchie d'acqua e ripristinare la sua grande lucentezza.<\/li>\n<\/ul>\n<p><strong>Cosa prevenire:\u00a0<\/strong>.<\/p>\n<ul>\n<li><strong>Non utilizzare MAI:\u00a0<\/strong>Detergenti, pagliette o lana d'acciaio non sono adatti, perch\u00e9 graffiano e rovinano completamente la superficie.<\/li>\n<li><strong>Non utilizzare MAI:\u00a0<\/strong>Solventi chimici come alcol, acetone, ammoniaca o detergenti per vetri. Questi possono far s\u00ec che l'acrilico si sfaldi (sviluppando una rete di grandi fratture) e perda la sua trasparenza.<\/li>\n<\/ul>\n<p>Seguendo queste semplici istruzioni per la cura, vi assicurerete che i vostri vassoi acrilici personalizzati rimangano un motivo di orgoglio e un'icona della vostra dedizione alla massima qualit\u00e0.<\/p>\n<h3 id=\"-verdict-an-investment-in-excellence-\"><strong>Il verdetto: Un investimento nell'eccellenza\u00a0<\/strong>.<\/h3>\n<p>Lo stabilimento di produzione Su misura <a href=\"https:\/\/customacrylicproduct.com\/it\/factory-custom-clear-acrylic-serving-trays-with-gold-handle\/\">Vassoio da portata in acrilico trasparente<\/a> con maniglie in oro \u00e8 pi\u00f9 di un prodotto: \u00e8 una collaborazione. \u00c8 un'opportunit\u00e0 per infondere la vostra speciale identit\u00e0 di marca in ogni aspetto della vostra soluzione. \u00c8 un impegno a fornire al vostro personale dispositivi tanto efficaci e sicuri quanto attraenti. Soprattutto, \u00e8 un investimento nell'esperienza del visitatore, che dimostra un livello di cura e interesse per i dettagli che definisce il vero lusso.<\/p>\n<p>Chiamate il nostro team di progettazione oggi stesso per fissare un appuntamento. Collaboriamo per creare un'opzione di servizio su misura che sia distinta e fenomenale come il vostro marchio.<\/p>","protected":false},"excerpt":{"rendered":"<p>Elevate il vostro arredamento con questo splendido vassoio da portata in acrilico trasparente. Le maniglie dorate lucide aggiungono un tocco di lusso moderno, rendendolo perfetto per servire gli ospiti, per organizzare un vanity o come accento chic sul tavolino da caff\u00e8. Un pezzo versatile ed elegante per ogni casa.<\/p>","protected":false},"featured_media":767,"template":"","meta":{"_kad_post_transparent":"default","_kad_post_title":"","_kad_post_layout":"default","_kad_post_sidebar_id":"","_kad_post_content_style":"default","_kad_post_vertical_padding":"default","_kad_post_feature":"","_kad_post_feature_position":"","_kad_post_header":false,"_kad_post_footer":false,"_kad_post_classname":""},"product_brand":[],"product_cat":[22],"product_tag":[83,56,57],"class_list":{"0":"post-762","1":"product","2":"type-product","3":"status-publish","4":"has-post-thumbnail","6":"product_cat-custom-acrylic-trays","7":"product_tag-acrylic-serving-trays","8":"product_tag-custom-acrylic-trays","9":"product_tag-perspex-acrylic-tray","11":"first","12":"instock","13":"shipping-taxable","14":"product-type-simple","15":"entry","16":"content-bg","17":"loop-entry"},"_links":{"self":[{"href":"https:\/\/customacrylicproduct.com\/it\/wp-json\/wp\/v2\/product\/762","targetHints":{"allow":["GET"]}}],"collection":[{"href":"https:\/\/customacrylicproduct.com\/it\/wp-json\/wp\/v2\/product"}],"about":[{"href":"https:\/\/customacrylicproduct.com\/it\/wp-json\/wp\/v2\/types\/product"}],"wp:featuredmedia":[{"embeddable":true,"href":"https:\/\/customacrylicproduct.com\/it\/wp-json\/wp\/v2\/media\/767"}],"wp:attachment":[{"href":"https:\/\/customacrylicproduct.com\/it\/wp-json\/wp\/v2\/media?parent=762"}],"wp:term":[{"taxonomy":"product_brand","embeddable":true,"href":"https:\/\/customacrylicproduct.com\/it\/wp-json\/wp\/v2\/product_brand?post=762"},{"taxonomy":"product_cat","embeddable":true,"href":"https:\/\/customacrylicproduct.com\/it\/wp-json\/wp\/v2\/product_cat?post=762"},{"taxonomy":"product_tag","embeddable":true,"href":"https:\/\/customacrylicproduct.com\/it\/wp-json\/wp\/v2\/product_tag?post=762"}],"curies":[{"name":"wp","href":"https:\/\/api.w.org\/{rel}","templated":true}]}}