{"id":768,"date":"2025-07-09T13:08:31","date_gmt":"2025-07-09T13:08:31","guid":{"rendered":"https:\/\/customacrylicproduct.com\/?post_type=product&#038;p=768"},"modified":"2025-07-09T13:25:04","modified_gmt":"2025-07-09T13:25:04","slug":"custom-logo-clear-acrylic-room-signs-hotel-perspex-signage","status":"publish","type":"product","link":"https:\/\/customacrylicproduct.com\/it\/custom-logo-clear-acrylic-room-signs-hotel-perspex-signage\/","title":{"rendered":"Logo personalizzato chiaro acrilico camera segni Hotel Perspex segnaletica"},"content":{"rendered":"<h3 id=\"-defining-area-elevating-brands-the-personalized-clear-polymer-signs-collection-\"><strong>Definire l'area, elevare i marchi: La collezione di cartelli personalizzati in polimero trasparente\u00a0<\/strong>.<\/h3>\n<p>Nel panorama dell'ospitalit\u00e0 moderna e degli ambienti aziendali, la prima impressione \u00e8 una delle pi\u00f9 durature. Non inizia semplicemente all'ingresso, ma in ogni successivo punto di contatto. La porta di una camera per gli ospiti, l'ingresso di una sala conferenze, l'etichetta di una collezione esclusiva: ognuna di esse \u00e8 un'opportunit\u00e0 per interagire con la qualit\u00e0, rafforzare l'identit\u00e0 del marchio e garantire una navigazione fluida. \u00c8 con questa profonda consapevolezza che presentiamo la nostra linea di punta di indicatori di spazio in polimero trasparente con design personalizzato del logo e <a href=\"https:\/\/customacrylicproduct.com\/it\/custom-logo-clear-acrylic-room-signs-hotel-perspex-signage\/\">Segnaletica in perspex del resort<\/a>, Un servizio realizzato per essere tanto pratico quanto bello.<\/p>\n<p>Non si tratta di una semplice targhetta, ma di un gioiello architettonico. Diligentemente realizzate con materiali di alta qualit\u00e0 e con un eccezionale livello di personalizzazione, le nostre insegne sono fatte per le aziende che non vogliono rinunciare ai dettagli. Per i resort di alto livello, gli hotel di lusso, le case di lusso e i luoghi di lavoro aziendali innovativi, le nostre insegne sono una chiara dichiarazione di professionalit\u00e0, fiducia e stile.<\/p>\n<h3 id=\"-area-1-the-structure-of-brilliance-core-materials-and-qualities-\"><strong>Area 1: La struttura della brillantezza - Materiali e qualit\u00e0 fondamentali\u00a0<\/strong>.<\/h3>\n<p>Il cuore della nostra segnaletica \u00e8 il suo prodotto chiave: l'acrilico trasparente di prima qualit\u00e0, conosciuto anche con il nome commerciale di plexiglas. Abbiamo scelto questo prodotto per la sua spiccata capacit\u00e0 di coniugare la purezza estetica con la robusta efficienza richiesta dagli ambienti ad alto traffico.<\/p>\n<p><strong>Modernit\u00e0 cristallina\u00a0<\/strong>. L'attributo principale dell'acrilico \u00e8 la sua fenomenale chiarezza ottica, pari a quella del vetro pi\u00f9 pregiato, ma senza la sua fragilit\u00e0. Questa trasparenza incontaminata produce un effetto visivo elegante e contemporaneo, che fa apparire messaggi e loghi come se si muovessero elegantemente sulla superficie della porta o della parete. Se esposti all'illuminazione ambientale o diretta, gli eleganti bordi dell'acrilico catturano e rifrangono la luce, producendo un sottile e innovativo luccichio che ne migliora la dimensionalit\u00e0 e l'aspetto. Questo crea un'impressione molto pi\u00f9 dinamica e di alto livello rispetto ai materiali opachi e livellati.<\/p>\n<p><strong>Longevit\u00e0 e sicurezza inflessibili\u00a0<\/strong>. Pur essendo fragile nell'aspetto, l'acrilico \u00e8 straordinariamente duro. Ha una resistenza agli effetti superiore a quella del vetro, che lo rende praticamente infrangibile e perfetto per le esigenze dell'uso quotidiano. Questa resistenza assicura una lunga durata, senza le crepe e le schegge che possono rovinare materiali meno resistenti. Inoltre, le sue intrinseche propriet\u00e0 anti-invecchiamento fanno s\u00ec che non ingiallisca o diventi fragile con il passare del tempo, mantenendo la sua impeccabilit\u00e0 per anni. Essendo sostanzialmente pi\u00f9 leggero del vetro, \u00e8 anche pi\u00f9 sicuro e meno complicato da montare, riducendo i pericoli e la complessit\u00e0 logistica.<\/p>\n<p><strong>Manutenzione semplice\u00a0<\/strong>. La superficie liscia e non porosa dell'acrilico \u00e8 estremamente facile da pulire e conservare. Resiste alle impronte digitali e alle sbavature e pu\u00f2 essere rapidamente ripulita con un tessuto morbido, assicurando che la vostra segnaletica abbia sempre un aspetto immacolato ed esperto.<\/p>\n<p><a href=\"https:\/\/customacrylicproduct.com\/it\/custom-logo-clear-acrylic-room-signs-hotel-perspex-signage\/\"><img fetchpriority=\"high\" decoding=\"async\" class=\"aligncenter wp-image-769 size-full\" src=\"https:\/\/customacrylicproduct.com\/wp-content\/uploads\/2025\/07\/Custom-Hotel-Signs.jpg\" alt=\"Insegne alberghiere personalizzate\" width=\"800\" height=\"800\" srcset=\"https:\/\/customacrylicproduct.com\/wp-content\/uploads\/2025\/07\/Custom-Hotel-Signs.jpg 800w, https:\/\/customacrylicproduct.com\/wp-content\/uploads\/2025\/07\/Custom-Hotel-Signs-300x300.jpg 300w, https:\/\/customacrylicproduct.com\/wp-content\/uploads\/2025\/07\/Custom-Hotel-Signs-150x150.jpg 150w, https:\/\/customacrylicproduct.com\/wp-content\/uploads\/2025\/07\/Custom-Hotel-Signs-768x768.jpg 768w, https:\/\/customacrylicproduct.com\/wp-content\/uploads\/2025\/07\/Custom-Hotel-Signs-12x12.jpg 12w, https:\/\/customacrylicproduct.com\/wp-content\/uploads\/2025\/07\/Custom-Hotel-Signs-600x600.jpg 600w, https:\/\/customacrylicproduct.com\/wp-content\/uploads\/2025\/07\/Custom-Hotel-Signs-100x100.jpg 100w\" sizes=\"(max-width: 800px) 100vw, 800px\" \/><\/a><\/p>\n<h3 id=\"-area-2-the-art-of-style-framework-and-aesthetic-appeal-\"><strong>Area 2: L'arte dello stile - Struttura e fascino estetico\u00a0<\/strong>.<\/h3>\n<p>La nostra filosofia di design \u00e8 radicata in una visione contemporanea e minimale, dove le linee ordinate e la struttura deliberata creano un impatto visivo efficace. Ogni indicatore \u00e8 una struttura accuratamente pensata di tipo e funzione.<\/p>\n<p><strong>Il tipo tradizionale rettangolare\u00a0<\/strong>. Il testo della nostra segnaletica \u00e8 un rettangolo senza tempo, una forma intramontabile che garantisce chiarezza, leggibilit\u00e0 e una facile combinazione con qualsiasi tipo di stile architettonico. Le sue proporzioni semplici e caritatevoli offrono la tela perfetta per il vostro marchio e le vostre informazioni personalizzate.<\/p>\n<p><strong>Progetti multistrato e partizionati\u00a0<\/strong>. Per aggiungere interesse estetico e un senso di ordine molto pi\u00f9 profondo, offriamo layout avanzati multistrato e segmentati. Come mostrato nei nostri esempi, un indicatore pu\u00f2 essere diviso in aree uniche: una parte superiore per il logo del vostro marchio e un'area inferiore con una striscia attraente. Questa separazione non solo organizza i dettagli, ma presenta anche un abbondante gioco di apparenze e colori, trasformando l'indicatore da una semplice penna in un elemento di stile composto.<\/p>\n<p><strong>Sofisticazione pratica: Confini e aperture sospese\u00a0<\/strong>. Le informazioni fanno lo stile. Per un tocco di lusso classico, le insegne possono essere montate con un sottile bordo dorato lucido. Questo unico componente aumenta drasticamente il valore percepito e la struttura dell'oggetto, rendendolo assolutamente adatto ad atmosfere da resort di alto livello.<\/p>\n<p>Per i cartelli di stato come \u201cNon interrompere\u201d o \u201cSi prega di salire in camera\u201d, \u00e8 stato sviluppato un foro di sospensione rotondo integrato per la funzionalit\u00e0. Ci\u00f2 consente di appendere comodamente e saldamente l'indicazione a qualsiasi porta, assicurando che il messaggio venga mostrato in modo chiaro ed elegante senza problemi.<\/p>\n<p><a href=\"https:\/\/customacrylicproduct.com\/it\/custom-logo-clear-acrylic-room-signs-hotel-perspex-signage\/\"><img decoding=\"async\" class=\"aligncenter wp-image-772 size-full\" src=\"https:\/\/customacrylicproduct.com\/wp-content\/uploads\/2025\/07\/Custom-Hotel-Signs-3.jpg\" alt=\"Insegne alberghiere personalizzate\" width=\"800\" height=\"800\" srcset=\"https:\/\/customacrylicproduct.com\/wp-content\/uploads\/2025\/07\/Custom-Hotel-Signs-3.jpg 800w, https:\/\/customacrylicproduct.com\/wp-content\/uploads\/2025\/07\/Custom-Hotel-Signs-3-300x300.jpg 300w, https:\/\/customacrylicproduct.com\/wp-content\/uploads\/2025\/07\/Custom-Hotel-Signs-3-150x150.jpg 150w, https:\/\/customacrylicproduct.com\/wp-content\/uploads\/2025\/07\/Custom-Hotel-Signs-3-768x768.jpg 768w, https:\/\/customacrylicproduct.com\/wp-content\/uploads\/2025\/07\/Custom-Hotel-Signs-3-12x12.jpg 12w, https:\/\/customacrylicproduct.com\/wp-content\/uploads\/2025\/07\/Custom-Hotel-Signs-3-600x600.jpg 600w, https:\/\/customacrylicproduct.com\/wp-content\/uploads\/2025\/07\/Custom-Hotel-Signs-3-100x100.jpg 100w\" sizes=\"(max-width: 800px) 100vw, 800px\" \/><\/a><\/p>\n<h3 id=\"-section-3-the-power-of-identification-unrivaled-personalization-\"><strong>Sezione 3: Il potere dell'identificazione - Personalizzazione senza pari\u00a0<\/strong>.<\/h3>\n<p>La parola \u201cpersonalizzato\u201d \u00e8 alla base della nostra offerta. Forniamo una vasta gamma di opzioni di personalizzazione, incoraggiandovi a sviluppare una segnaletica che sia una vera e propria estensione del vostro marchio.<\/p>\n<p><strong>1. Modifica del testo e delle informazioni:\u00a0<\/strong>. Questo \u00e8 il livello pi\u00f9 elementare di personalizzazione. \u00c8 possibile definire qualsiasi tipo di messaggio in qualsiasi combinazione di lingue per soddisfare le proprie esigenze operative:.<\/p>\n<ul>\n<li><strong>Numeri di camera:\u00a0<\/strong>\u201c502\u201d, \u201cCollezione 1208\u201d, \u201cCollezione governativa\u201d.<\/li>\n<li><strong>Indicatori di stato:\u00a0<\/strong>\u201cNon interrompere\u201d, \u201cSi prega di pulire ora\u201d, \u201cSi richiede una soluzione in camera\u201d.<\/li>\n<li><strong>Etichette di aree utili:\u00a0<\/strong>\u201cSala conferenze\u201d, \u201ccentro benessere\u201d, \u201cristorante\u201d, \u201cpersonale\u201d.<\/li>\n<\/ul>\n<p><strong>2. Modifica del logo e dei simboli:\u00a0<\/strong>. Il vostro logo \u00e8 il vostro marchio di fabbrica. Forniamo una serie di metodi di costo per realizzarlo con precisione e impatto:.<\/p>\n<ul>\n<li><strong>Lamiera d'acciaio Inserto\/attacco:\u00a0<\/strong>Come nel caso dell'emblema \u201cXinji\u201d in oro, \u00e8 possibile applicare alla superficie acrilica un logo in metallo realizzato in modo indipendente. Questo crea un sensazionale impatto tridimensionale con un'autentica struttura metallica.<\/li>\n<li><strong>Stampa UV ad alta risoluzione:\u00a0<\/strong>Per i disegni di logo complessi e multicolore, il nostro avanzato processo di stampa UV applica l'inchiostro direttamente sull'acrilico, ottenendo una grafica nitida, vibrante e robusta.<\/li>\n<li><strong>Precisione iscrizione laser:\u00a0<\/strong>Per un impatto raffinato e sofisticato, il vostro logo pu\u00f2 essere inciso al laser nell'acrilico, producendo un aspetto calcografico congelato o un layout pulito e scavato.<\/li>\n<\/ul>\n<p><strong>3. Personalizzazione del numero dell'area e dello stile del carattere:\u00a0<\/strong>. I numeri delle stanze sono una possibilit\u00e0 di design. Possiamo crearli utilizzando varie tecniche per adattarli alla vostra visuale preferita:.<\/p>\n<ul>\n<li><strong>Personaggi in metallo 3D:\u00a0<\/strong>Collegati separatamente alla superficie dell'insegna, sviluppano un look famoso e di alto livello con un vero gioco di profondit\u00e0 e oscurit\u00e0.<\/li>\n<li><strong>Appartamento Stampa metallizzata:\u00a0<\/strong>Un'alternativa economica ma elegante che utilizza inchiostri specializzati per riprodurre una finitura metallica.<\/li>\n<li><strong>Incisione e riempimento:\u00a0<\/strong>I numeri vengono dapprima incisi nell'acrilico, e successivamente l'incavo viene caricato con un pigmento colorato (ad esempio, oro, argento, nero) per ottenere un risultato nitido e resistente.<\/li>\n<\/ul>\n<p><strong>4. Modifica di ombreggiatura, prodotti e decorazioni:\u00a0<\/strong>. \u00c8 qui che \u00e8 possibile allineare completamente la segnaletica con lo schema di design degli interni:.<\/p>\n<ul>\n<li><strong>Piastra di base Paralume:\u00a0<\/strong>Sebbene l'acrilico trasparente sia comune, possiamo ottenere qualsiasi tipo di colore storico retroverniciando l'acrilico o utilizzando un film colorato. In questo modo \u00e8 possibile ottenere una perfetta corrispondenza dei colori del marchio, dal bianco grezzo al nero profondo e innovativo.<\/li>\n<li><strong>Testo e design del logo Colore:\u00a0<\/strong>Scegliete tra una gamma completa di colori, composta da splendidi metalli oro, argento e bronzo.<\/li>\n<li><strong>Personalizzazione della cornice:\u00a0<\/strong>Il bordo pu\u00f2 essere personalizzato in numerosi colori e rivestimenti (oro, argento, nero opaco, cromo) per adattarsi alla ferramenta e alla decorazione della porta.<\/li>\n<li><strong>Strisce decorative:\u00a0<\/strong>Lo stile segmentato consente l'assimilazione di diversi materiali e texture. Includete una striscia con una pratica venatura del legno, una raffinata struttura in pelle, un aspetto pulito dell'acciaio o un motivo in pietra per aggiungere calore e raffinatezza.<\/li>\n<\/ul>\n<p><a href=\"https:\/\/customacrylicproduct.com\/it\/custom-acrylic-signs\/\"><img decoding=\"async\" class=\"aligncenter wp-image-771 size-full\" src=\"https:\/\/customacrylicproduct.com\/wp-content\/uploads\/2025\/07\/Custom-Hotel-Signs-2.jpg\" alt=\"Insegne alberghiere personalizzate\" width=\"800\" height=\"800\" srcset=\"https:\/\/customacrylicproduct.com\/wp-content\/uploads\/2025\/07\/Custom-Hotel-Signs-2.jpg 800w, https:\/\/customacrylicproduct.com\/wp-content\/uploads\/2025\/07\/Custom-Hotel-Signs-2-300x300.jpg 300w, https:\/\/customacrylicproduct.com\/wp-content\/uploads\/2025\/07\/Custom-Hotel-Signs-2-150x150.jpg 150w, https:\/\/customacrylicproduct.com\/wp-content\/uploads\/2025\/07\/Custom-Hotel-Signs-2-768x768.jpg 768w, https:\/\/customacrylicproduct.com\/wp-content\/uploads\/2025\/07\/Custom-Hotel-Signs-2-12x12.jpg 12w, https:\/\/customacrylicproduct.com\/wp-content\/uploads\/2025\/07\/Custom-Hotel-Signs-2-600x600.jpg 600w, https:\/\/customacrylicproduct.com\/wp-content\/uploads\/2025\/07\/Custom-Hotel-Signs-2-100x100.jpg 100w\" sizes=\"(max-width: 800px) 100vw, 800px\" \/><\/a><\/p>\n<h3 id=\"-section-4-a-testimony-to-craftsmanship-\"><strong>Sezione 4: Una testimonianza di artigianato\u00a0<\/strong>.<\/h3>\n<p>Il prodotto finale \u00e8 il riflesso della cura meticolosa e della tecnologia avanzata utilizzata per la sua creazione.<\/p>\n<p><strong>Produzione ad alta precisione:\u00a0<\/strong>Per la stampa, l'incisione o il taglio utilizziamo macchinari avanzati. In questo modo, tutti i testi, i loghi e le linee sono resi con assoluta nitidezza e qualit\u00e0, senza sfocature e senza lati aspri.<\/p>\n<p><strong>Impatti metallici e 3D autentici:\u00a0<\/strong>I nostri elementi dorati non sono semplicemente plastica colorata. Sono realizzati in modo da ottenere una vera lucentezza metallica e una sostanziale tridimensionalit\u00e0. Questa attenzione al realismo dei materiali \u00e8 ci\u00f2 che distingue un indicatore premium da uno convenzionale, e che conferisce un senso palpabile di massima qualit\u00e0 e di alta gamma.<\/p>\n<p><strong>Finitura superficiale impeccabile:\u00a0<\/strong>Ogni pezzo di acrilico viene sapientemente ridotto e i suoi bordi vengono lucidati a fiamma per ottenere una finitura liscia e simile al vetro, assicurando un prodotto finale privo di rischi e gradevole alla vista.<\/p>\n<h3 id=\"-area-5-the-range-of-application-\"><strong>Area 5: Il campo di applicazione\u00a0<\/strong>.<\/h3>\n<p>Pur essendo stati creati pensando al moderno resort, la qualit\u00e0 e la versatilit\u00e0 dei nostri <a href=\"https:\/\/customacrylicproduct.com\/it\/custom-acrylic-signs\/\">insegne acriliche personalizzate<\/a> lo rendono l'opzione perfetta per una vasta gamma di ambienti di alto livello:.<\/p>\n<ul>\n<li><strong>Aree di visita dell'hotel:\u00a0<\/strong>Per il riconoscimento del numero di stanza e la visualizzazione in piedi (\u201dNon disturbare\u201d).<\/li>\n<li><strong>Resort Luoghi comuni:\u00a0<\/strong>Per il riconoscimento di aree pratiche come sale riunioni, centri organizzativi, centri benessere e ristoranti.<\/li>\n<li><strong>Appartamenti serviti e resort Deluxe:\u00a0<\/strong>Per mantenere un'immagine regolare e di qualit\u00e0 in tutta la propriet\u00e0 residenziale o commerciale.<\/li>\n<li><strong>Uffici commerciali:\u00a0<\/strong>Per nomi di sale riunioni, porte di uffici direzionali e indicazioni stradali.<\/li>\n<li><strong>Strutture sanitarie:\u00a0<\/strong>Per i reparti VIP, le cliniche personali e le aree di appuntamento in cui si desidera un'immagine esperta e rilassante.<\/li>\n<\/ul>\n<h3 id=\"-conclusion-an-apparent-advantage-\"><strong>Conclusione: Un vantaggio apparente\u00a0<\/strong>.<\/h3>\n<p>Scegliere i nostri cartelli personalizzati in polimero trasparente \u00e8 un investimento finanziario in ogni aspetto della visibilit\u00e0 fisica del vostro marchio. Fornisce:.<\/p>\n<ul>\n<li><strong>Professionalit\u00e0 e affidabilit\u00e0 senza pari:\u00a0<\/strong>Un sistema chiaro e sofisticato per il riconoscimento dello spazio e delle condizioni.<\/li>\n<li><strong>Personalizzazione complessiva:\u00a0<\/strong>Liberty per allineare completamente la segnaletica all'identit\u00e0 del vostro marchio e al design degli interni.<\/li>\n<li><strong>Alta qualit\u00e0 e robustezza superiori:\u00a0<\/strong>Costruito con prodotti di qualit\u00e0 superiore per avere un aspetto eccezionale per anni.<\/li>\n<li><strong>Estetica di alto livello:\u00a0<\/strong>Un design moderno e avanzato che valorizza qualsiasi area.<\/li>\n<li><strong>Qualit\u00e0 eccezionale:\u00a0<\/strong>I design ad alto contrasto assicurano che le informazioni siano facilmente consultabili a colpo d'occhio.<\/li>\n<li><strong>Installazione e utilizzo semplici:\u00a0<\/strong>I prodotti leggeri e gli accorgimenti per il layout li rendono semplici da installare o appendere.<\/li>\n<\/ul>\n<p>Superate i segni comuni. Lasciate che vi aiutiamo a creare un servizio su misura che parli della vostra dedizione alla qualit\u00e0 e all'informazione. Contattate oggi stesso i nostri specialisti del design per iniziare a sviluppare la prima impressione ideale, porta per porta.<\/p>","protected":false},"excerpt":{"rendered":"<p>Definite il vostro spazio con una segnaletica personalizzata con logo. Realizzate in acrilico cristallino e resistente (Perspex), queste insegne creano un sofisticato aspetto \u2018fluttuante\u2019 per i numeri e i nomi delle camere. Il tocco professionale definitivo per gli hotel e gli uffici moderni.<\/p>","protected":false},"featured_media":769,"template":"","meta":{"_kad_post_transparent":"default","_kad_post_title":"","_kad_post_layout":"default","_kad_post_sidebar_id":"","_kad_post_content_style":"default","_kad_post_vertical_padding":"default","_kad_post_feature":"","_kad_post_feature_position":"","_kad_post_header":false,"_kad_post_footer":false,"_kad_post_classname":""},"product_brand":[],"product_cat":[18],"product_tag":[84,51,85],"class_list":{"0":"post-768","1":"product","2":"type-product","3":"status-publish","4":"has-post-thumbnail","6":"product_cat-custom-acrylic-signs","7":"product_tag-clear-acrylic-signs","8":"product_tag-custom-acrylic-signs","9":"product_tag-custom-hotel-signs","11":"first","12":"instock","13":"shipping-taxable","14":"product-type-simple","15":"entry","16":"content-bg","17":"loop-entry"},"_links":{"self":[{"href":"https:\/\/customacrylicproduct.com\/it\/wp-json\/wp\/v2\/product\/768","targetHints":{"allow":["GET"]}}],"collection":[{"href":"https:\/\/customacrylicproduct.com\/it\/wp-json\/wp\/v2\/product"}],"about":[{"href":"https:\/\/customacrylicproduct.com\/it\/wp-json\/wp\/v2\/types\/product"}],"wp:featuredmedia":[{"embeddable":true,"href":"https:\/\/customacrylicproduct.com\/it\/wp-json\/wp\/v2\/media\/769"}],"wp:attachment":[{"href":"https:\/\/customacrylicproduct.com\/it\/wp-json\/wp\/v2\/media?parent=768"}],"wp:term":[{"taxonomy":"product_brand","embeddable":true,"href":"https:\/\/customacrylicproduct.com\/it\/wp-json\/wp\/v2\/product_brand?post=768"},{"taxonomy":"product_cat","embeddable":true,"href":"https:\/\/customacrylicproduct.com\/it\/wp-json\/wp\/v2\/product_cat?post=768"},{"taxonomy":"product_tag","embeddable":true,"href":"https:\/\/customacrylicproduct.com\/it\/wp-json\/wp\/v2\/product_tag?post=768"}],"curies":[{"name":"wp","href":"https:\/\/api.w.org\/{rel}","templated":true}]}}