{"id":776,"date":"2025-07-09T13:34:19","date_gmt":"2025-07-09T13:34:19","guid":{"rendered":"https:\/\/customacrylicproduct.com\/?post_type=product&#038;p=776"},"modified":"2025-07-09T13:41:50","modified_gmt":"2025-07-09T13:41:50","slug":"bespoke-clear-round-acrylic-perspex-coffee-tables-suppliers","status":"publish","type":"product","link":"https:\/\/customacrylicproduct.com\/it\/bespoke-clear-round-acrylic-perspex-coffee-tables-suppliers\/","title":{"rendered":"Tavoli da caff\u00e8 rotondi in perspex acrilico su misura fornitori"},"content":{"rendered":"<h3 id=\"-the-art-of-invisibility-your-premier-uk-partner-for-bespoke-clear-acrylic-coffee-tables-\"><strong>L'arte dell'invisibilit\u00e0: Il vostro partner principale per i tavolini da caff\u00e8 su misura in acrilico trasparente <\/strong>.<\/h3>\n<p>Nel pianeta dell'arredamento moderno, il lusso supremo spesso non \u00e8 quello che si vede, ma la vera sensazione che una stanza stimola. \u00c8 la sensazione di apertura, luce e facile eleganza. Al centro di questi principi minimalisti si trova un materiale che sfida le convenzioni: l'acrilico trasparente. Non siamo semplici fornitori, ma produttori specializzati e partner fantasiosi, dedicati alla creazione di oggetti eleganti, <a href=\"https:\/\/customacrylicproduct.com\/it\/bespoke-clear-round-acrylic-perspex-coffee-tables-suppliers\/\">tavolini da caff\u00e8 su misura in acrilico trasparente (Perspex)<\/a> che fungono da centro silenzioso e sensazionale di qualsiasi tipo di interno moderno.<\/p>\n<p>Realizzato con precisione nel nostro stabilimento di produzione nell'East Yorkshire, ogni tavolo \u00e8 una testimonianza dell'artigianato britannico, del layout all'avanguardia e della profonda comprensione delle visioni uniche dei nostri clienti. Che siate un progettista di interni che si approvvigiona per un progetto residenziale di alto livello, un acquirente industriale che allestisce un caff\u00e8 alla moda o un negozio pop-up, o un commerciante che cerca di fornire arredi esclusivi e di alta qualit\u00e0, siamo la vostra fonte diretta per pezzi che mescolano eleganza angelica e funzionalit\u00e0 quotidiana.<\/p>\n<p>Non si tratta solo di mobili. \u00c8 un'arte utile, fatta su misura per voi.<\/p>\n<h3 id=\"-area-1-the-material-of-the-moment-the-polymer-benefit-\"><strong>Area 1: Il materiale del momento - Il beneficio dei polimeri\u00a0<\/strong>.<\/h3>\n<p>Il fondamento dei nostri tavolini \u00e8 la straordinaria qualit\u00e0 del prodotto scelto: una nuova lastra acrilica PMMA di qualit\u00e0 superiore. Scegliamo solo i materiali pi\u00f9 pregiati per garantire che ogni pezzo che produciamo non solo soddisfi, ma superi i criteri del settore.<\/p>\n<p><strong>Eccezionale apertura e agilit\u00e0\u00a0<\/strong>. Il nostro acrilico vanta un passaggio di luce di oltre 93%, offrendo una purezza cristallina e simile al vetro che non \u00e8 seconda a nessuno. Questa eccezionale trasparenza sviluppa un risultato \u201cfantasma\u201d, permettendo al tavolo di integrarsi perfettamente in qualsiasi tipo di ambiente. Non controlla una stanza, ma la eleva. Consentendo alla luce di passare e di specchiarsi sulle sue superfici lucide, aumenta la sensazione di spazio, facendo sentire anche i salotti pi\u00f9 piccoli o i locali commerciali pi\u00f9 aperti, ventilati e ampi.<\/p>\n<p><strong>Robustezza e sicurezza superiori\u00a0<\/strong>. Pur condividendo il fascino visivo del vetro, l'acrilico \u00e8 notevolmente superiore in termini di efficienza. \u00c8 naturalmente infrangibile e possiede una resistenza agli urti nettamente superiore. Questo rende i nostri tavolini una scelta molto pi\u00f9 sicura e funzionale per le case con bambini e cani da compagnia, oltre che per i locali commerciali ad alto traffico. Questa robustezza \u00e8 rafforzata da un'eccezionale resistenza agli agenti atmosferici, che assicura che il prodotto non ingiallisca o si rompa con il tempo, mantenendo la sua impeccabile chiarezza per diversi anni. A testimonianza della sua alta qualit\u00e0, il nostro materiale pu\u00f2 superare la rigorosa certificazione SGS per la sicurezza e l'alta qualit\u00e0.<\/p>\n<p><strong>Igienico e di facile manutenzione\u00a0<\/strong>. La superficie non porosa dell'acrilico \u00e8 incredibilmente igienica e facile da pulire, un attributo fondamentale sia per la casa che per l'arredamento. Fuoriuscite, impronte digitali e polvere possono essere eliminate con un tessuto morbido e un sapone leggero, lasciando una superficie bella e priva di striature. A differenza del legno, non si appanna e non assorbe l'umidit\u00e0 e, a differenza di alcuni metalli, non si arrugginisce n\u00e9 si appanna.<\/p>\n<p><a href=\"https:\/\/customacrylicproduct.com\/it\/bespoke-clear-round-acrylic-perspex-coffee-tables-suppliers\/\"><img fetchpriority=\"high\" decoding=\"async\" class=\"alignnone wp-image-779 size-full\" src=\"https:\/\/customacrylicproduct.com\/wp-content\/uploads\/2025\/07\/Acrylic-Coffee-Tables-4.jpg\" alt=\"Tavolini in acrilico\" width=\"1000\" height=\"1000\" srcset=\"https:\/\/customacrylicproduct.com\/wp-content\/uploads\/2025\/07\/Acrylic-Coffee-Tables-4.jpg 1000w, https:\/\/customacrylicproduct.com\/wp-content\/uploads\/2025\/07\/Acrylic-Coffee-Tables-4-300x300.jpg 300w, https:\/\/customacrylicproduct.com\/wp-content\/uploads\/2025\/07\/Acrylic-Coffee-Tables-4-150x150.jpg 150w, https:\/\/customacrylicproduct.com\/wp-content\/uploads\/2025\/07\/Acrylic-Coffee-Tables-4-768x768.jpg 768w, https:\/\/customacrylicproduct.com\/wp-content\/uploads\/2025\/07\/Acrylic-Coffee-Tables-4-12x12.jpg 12w, https:\/\/customacrylicproduct.com\/wp-content\/uploads\/2025\/07\/Acrylic-Coffee-Tables-4-600x600.jpg 600w, https:\/\/customacrylicproduct.com\/wp-content\/uploads\/2025\/07\/Acrylic-Coffee-Tables-4-100x100.jpg 100w\" sizes=\"(max-width: 1000px) 100vw, 1000px\" \/><\/a><\/p>\n<h3 id=\"-area-2-the-workmanship-behind-the-clarity-our-core-modern-technology-and-quality-control-\"><strong>Area 2: La lavorazione dietro la chiarezza: la nostra tecnologia moderna e il nostro controllo qualit\u00e0\u00a0<\/strong>.<\/h3>\n<p>Un prodotto finale eccellente nasce da un processo di assoluta precisione e tecnica magistrale. Nel nostro stabilimento di produzione dell'East Yorkshire, incorporiamo le antiche abilit\u00e0 di rifinitura a mano con le pi\u00f9 moderne tecnologie per raggiungere un livello di alta qualit\u00e0 che \u00e8 concreto.<\/p>\n<p><strong>Taglio laser di precisione\u00a0<\/strong>. Ogni parte dei nostri tavoli inizia con un taglio ottimale. Ci avvaliamo di un'avanzata tecnologia di taglio laser che garantisce una resistenza di precisione \u2264 0,3 mm. Questa incredibile precisione fa s\u00ec che tutte le parti si incastrino perfettamente, sviluppando linee pulite e contorni eccellenti, che sono le caratteristiche del design minimale di alta gamma.<\/p>\n<p><strong>Innovazione nell'incollaggio senza saldatura\u00a0<\/strong>. Una delle sfide pi\u00f9 ardue nella produzione di acrilico \u00e8 quella di ottenere giunzioni impercettibili. I nostri esperti professionisti impiegano un processo di incollaggio specializzato e senza tracce che lega chimicamente elementi di acrilico tra loro. In questo modo si ottengono giunzioni non solo eccezionalmente resistenti, ma anche otticamente chiare, che danno l'illusione di un pezzo unico e monolitico. La superficie del tavolo \u00e8 garantita come perfettamente piana e liscia, senza linee visibili che ne interrompano l'estetica.<\/p>\n<p><strong>Superficie e terapia laterale eccellenti\u00a0<\/strong>. La sensazione di un mobile \u00e8 fondamentale quanto il suo aspetto. Offriamo 2 rivestimenti superficiali fondamentali:.<\/p>\n<ul>\n<li><strong>Lucidatura a specchio:\u00a0<\/strong>Il nostro rivestimento convenzionale, in cui l'intero tavolo viene accuratamente lucidato a mano per ottenere una lucentezza abbagliante e liquida che riflette meravigliosamente la luce.<\/li>\n<li><strong>Effetto opaco\/smerigliato:\u00a0<\/strong>Per un aspetto pi\u00f9 morbido e diffuso che riduce il bagliore e le impronte digitali, possiamo utilizzare una finitura avanzata congelata.<\/li>\n<\/ul>\n<p>Inoltre, prestiamo molta attenzione agli spigoli, utilizzando una tecnica di smussatura che smussa leggermente i lati. Questo non solo migliora lo stile, ma rende il tavolo pi\u00f9 liscio al tatto e pi\u00f9 immune alle crepe, garantendo sicurezza e durata. Ogni tavolo \u00e8 realizzato con un'importante\u00a0<strong>Acrilico di alta qualit\u00e0 da 12 mm\u00a0<\/strong>di serie, che gli conferisce un peso visivo gradevole e una sensazione di durata.<\/p>\n<p><a href=\"https:\/\/customacrylicproduct.com\/it\/bespoke-clear-round-acrylic-perspex-coffee-tables-suppliers\/\"><img decoding=\"async\" class=\"aligncenter wp-image-778 size-full\" src=\"https:\/\/customacrylicproduct.com\/wp-content\/uploads\/2025\/07\/Acrylic-Coffee-Tables-2.jpg\" alt=\"Tavolini in acrilico\" width=\"1000\" height=\"1000\" srcset=\"https:\/\/customacrylicproduct.com\/wp-content\/uploads\/2025\/07\/Acrylic-Coffee-Tables-2.jpg 1000w, https:\/\/customacrylicproduct.com\/wp-content\/uploads\/2025\/07\/Acrylic-Coffee-Tables-2-300x300.jpg 300w, https:\/\/customacrylicproduct.com\/wp-content\/uploads\/2025\/07\/Acrylic-Coffee-Tables-2-150x150.jpg 150w, https:\/\/customacrylicproduct.com\/wp-content\/uploads\/2025\/07\/Acrylic-Coffee-Tables-2-768x768.jpg 768w, https:\/\/customacrylicproduct.com\/wp-content\/uploads\/2025\/07\/Acrylic-Coffee-Tables-2-12x12.jpg 12w, https:\/\/customacrylicproduct.com\/wp-content\/uploads\/2025\/07\/Acrylic-Coffee-Tables-2-600x600.jpg 600w, https:\/\/customacrylicproduct.com\/wp-content\/uploads\/2025\/07\/Acrylic-Coffee-Tables-2-100x100.jpg 100w\" sizes=\"(max-width: 1000px) 100vw, 1000px\" \/><\/a><\/p>\n<h3 id=\"-area-3-your-vision-understood-our-bespoke-personalization-process-and-service-\"><strong>Area 3: La vostra visione, compresa - Il nostro processo e servizio di personalizzazione su misura\u00a0<\/strong>.<\/h3>\n<p>\u201d Bespoke\u201d \u00e8 il fulcro della nostra filosofia di servizio. Crediamo che i mobili debbano adattarsi allo spazio, non viceversa. Il nostro processo congiunto \u00e8 stato sviluppato per essere trasparente, flessibile e incentrato sulla realizzazione del vostro progetto unico.<\/p>\n<p><strong>Adattabilit\u00e0 al design senza pari\u00a0<\/strong>. La collaborazione \u00e8 fondamentale e siamo in grado di lavorare a partire dalle vostre illustrazioni tecniche, dagli schizzi e persino dalle immagini di ispirazione. Le nostre capacit\u00e0 di personalizzazione sono notevoli:.<\/p>\n<ul>\n<li><strong>Dimensioni:\u00a0<\/strong>Siamo in grado di sviluppare tavoli di ogni tipo di dimensione, con la nostra gamma pi\u00f9 popolare che va da\u00a0<strong>Da 60 cm a 135 cm\u00a0<\/strong>.<\/li>\n<li><strong>Spessore:\u00a0<\/strong>Scegliere tra una gamma di densit\u00e0 di acrilico, di solito da\u00a0<strong>6 mm per i pezzi pi\u00f9 leggeri fino a 20 mm o pi\u00f9.\u00a0<\/strong>per una dichiarazione vivace.<\/li>\n<li><strong>Supporto e base:\u00a0<\/strong>Sebbene un tavolo in puro acrilico sia magnifico, possiamo integrare altri materiali per adattarlo al vostro stile. Si tratta di basi e gambe realizzate in\u00a0<strong>acciaio inossidabile spazzolato, cromo lucido o acciai placcati in oro.\u00a0<\/strong>.<\/li>\n<li><strong>Progettazione architettonica:\u00a0<\/strong>Possiamo realizzare il vostro tavolo con prestazioni migliorate, come ad esempio un\u00a0<strong>stile a doppio strato\u00a0<\/strong>per l'archiviazione, un\u00a0<strong>allestimento staccabile\u00a0<\/strong>per una consegna e un'installazione meno complicate, o addirittura innovativi\u00a0<strong>stili pieghevoli\u00a0<\/strong>per aree versatili.<\/li>\n<\/ul>\n<p><strong>Una collaborazione chiara e affidabile\u00a0<\/strong>. Abbiamo snellito la nostra procedura per garantire un'esperienza agevole e prevedibile ai nostri clienti:.<\/p>\n<ol>\n<li><strong>Esame e preventivo:\u00a0<\/strong>Condividete con noi il vostro layout. Vi forniremo un preventivo approfondito e una consulenza professionale.<\/li>\n<li><strong>Prove\/prototipi:\u00a0<\/strong>Per i progetti nuovi o complessi, offriamo un servizio di proofing. Un prototipo pu\u00f2 essere creato semplicemente\u00a0<strong>3-7 giorni,<\/strong>\u00a0che \u00e8 completamente deducibile dall'ultima spesa di un ordine di massa. Questo vi permette di vedere e accettare l'articolo fisico prima di impegnarvi in una produzione completa.<\/li>\n<li><strong>Produzione:\u00a0<\/strong>Una volta che il progetto \u00e8 stato accettato, la produzione di massa richiede un tempo compreso tra\u00a0<strong>10-30 giorni\u00a0<\/strong>, in base alla complessit\u00e0 e alla quantit\u00e0 dell'ordine.<\/li>\n<li><strong>Liquidazione e spedizione:\u00a0<\/strong>Il nostro disegno di partecipazione convenzionale \u00e8 un\u00a0<strong>30% deposito\u00a0<\/strong>per iniziare la produzione, mentre i restanti\u00a0<strong>70% debito prima della spedizione\u00a0<\/strong>. Sosteniamo pienamente e accogliamo con favore l'esame dei prodotti finiti presso la nostra fabbrica prima che l'insediamento finale sia fatto, assicurando la completa fiducia in se stessi e la soddisfazione.<\/li>\n<\/ol>\n<h3 id=\"-area-4-a-style-for-every-story-application-scenarios-and-market-positioning-\"><strong>Area 4: Uno stile per ogni storia - Scenari applicativi e posizionamento sul mercato\u00a0<\/strong>.<\/h3>\n<p>Il fascino di un <a href=\"https:\/\/customacrylicproduct.com\/it\/custom-acrylic-furnitures\/\">tavolino in acrilico trasparente<\/a> \u00e8 la sua incredibile flessibilit\u00e0. \u00c8 un camaleonte stilistico, in grado di fissare una stanza o di mescolarsi alla storia, completando un'ampia variet\u00e0 di apparenze e ambienti.<\/p>\n<p><strong>Adattamento alla situazione:\u00a0<\/strong>.<\/p>\n<ul>\n<li><strong>Spazi abitativi residenziali:\u00a0<\/strong>Un'opzione eccellente per mantenere una sensazione di visibilit\u00e0. Si abbina magnificamente con divani lussuosi e tappeti vivaci, consentendo a questi componenti funzionali di irradiarsi.<\/li>\n<li><strong>Caff\u00e8 e Store Hotel:\u00a0<\/strong>La sua durata e la facilit\u00e0 di pulizia lo rendono ottimale per l'uso aziendale. D\u00e0 un tocco di tendenza contemporanea senza ingombrare esteticamente lo spazio.<\/li>\n<li><strong>Studi e ufficio:\u00a0<\/strong>Offre una superficie utile senza appesantire l'estetica, promuovendo un ambiente pulito e mirato.<\/li>\n<li><strong>Spazi commerciali e al dettaglio:\u00a0<\/strong>Una scelta fantastica per case vacanza, negozi pop-up e showroom in cui si desidera un aspetto avanzato, moderno e ordinato.<\/li>\n<\/ul>\n<p><strong>Stili di tendenza:\u00a0<\/strong>. I nostri tavoli sono all'avanguardia delle mode del design contemporaneo:.<\/p>\n<ul>\n<li><strong>Semplicit\u00e0 moderna e design nordico:\u00a0<\/strong>Le linee pulite e la natura chiara sono l'epitome dello stile minimalista e scandinavo.<\/li>\n<li><strong>\u201d Design \u201dInstagram Star\":\u00a0<\/strong>La combinazione di acrilico trasparente con un elegante\u00a0<strong>base oro o metallizzata\u00a0<\/strong>\u00e8 una tendenza ampiamente diffusa, che sviluppa un'immediata sensazione di prestigio e di alta gamma, di grande impatto estetico e di grande fotogenia.<\/li>\n<\/ul>\n<p>Fornendo un pezzo che \u00e8 allo stesso tempo tradizionale e perfettamente di tendenza, poniamo i nostri tavoli come un investimento saggio, alla moda e duraturo per qualsiasi tipo di lavoro di allestimento.<\/p>\n<p><a href=\"https:\/\/customacrylicproduct.com\/it\/bespoke-clear-round-acrylic-perspex-coffee-tables-suppliers\/\"><img decoding=\"async\" class=\"aligncenter wp-image-777 size-full\" src=\"https:\/\/customacrylicproduct.com\/wp-content\/uploads\/2025\/07\/Acrylic-Coffee-Tables-1.jpg\" alt=\"Tavolini in acrilico\" width=\"1000\" height=\"1000\" srcset=\"https:\/\/customacrylicproduct.com\/wp-content\/uploads\/2025\/07\/Acrylic-Coffee-Tables-1.jpg 1000w, https:\/\/customacrylicproduct.com\/wp-content\/uploads\/2025\/07\/Acrylic-Coffee-Tables-1-300x300.jpg 300w, https:\/\/customacrylicproduct.com\/wp-content\/uploads\/2025\/07\/Acrylic-Coffee-Tables-1-150x150.jpg 150w, https:\/\/customacrylicproduct.com\/wp-content\/uploads\/2025\/07\/Acrylic-Coffee-Tables-1-768x768.jpg 768w, https:\/\/customacrylicproduct.com\/wp-content\/uploads\/2025\/07\/Acrylic-Coffee-Tables-1-12x12.jpg 12w, https:\/\/customacrylicproduct.com\/wp-content\/uploads\/2025\/07\/Acrylic-Coffee-Tables-1-600x600.jpg 600w, https:\/\/customacrylicproduct.com\/wp-content\/uploads\/2025\/07\/Acrylic-Coffee-Tables-1-100x100.jpg 100w\" sizes=\"(max-width: 1000px) 100vw, 1000px\" \/><\/a><\/p>\n<h3 id=\"-conclusion-companion-with-the-uk-s-polymer-specialists-\"><strong>Conclusione: Compagno di uno specialista dei polimeri <\/strong>.<\/h3>\n<p>Quando scegliete di trattare con noi, state scegliendo qualcosa di pi\u00f9 di un semplice fornitore. State scegliendo un partner di produzione dedicato alla qualit\u00e0, alla versatilit\u00e0 e alla completa soddisfazione del cliente. State scegliendo un prodotto fatto a mano, realizzato con cura e precisione nel nostro stabilimento. State scegliendo la sicurezza e la robustezza dell'acrilico infrangibile, l'eleganza di un layout impeccabile e l'infinita possibilit\u00e0 di modifiche su misura.<\/p>\n<p>Lasciate che vi aiutiamo a creare spazi pi\u00f9 leggeri, pi\u00f9 luminosi e pi\u00f9 belli. Contattate oggi stesso il nostro gruppo di progettazione e vendita per discutere del vostro progetto, richiedere un esempio o ottenere un preventivo non vincolante. Realizziamo insieme qualcosa di fenomenale.<\/p>","protected":false},"excerpt":{"rendered":"<p>In qualit\u00e0 di fornitori specializzati, realizziamo su misura tavolini da caff\u00e8 rotondi in acrilico trasparente che fungono da splendidi centrotavola minimalisti. Collaborate con noi per creare mobili in perspex su misura, per dare un'estetica impeccabile e moderna ai vostri progetti d'interni di alto livello.<\/p>","protected":false},"featured_media":780,"template":"","meta":{"_kad_post_transparent":"default","_kad_post_title":"","_kad_post_layout":"default","_kad_post_sidebar_id":"","_kad_post_content_style":"default","_kad_post_vertical_padding":"default","_kad_post_feature":"","_kad_post_feature_position":"","_kad_post_header":false,"_kad_post_footer":false,"_kad_post_classname":""},"product_brand":[],"product_cat":[21],"product_tag":[86,69],"class_list":{"0":"post-776","1":"product","2":"type-product","3":"status-publish","4":"has-post-thumbnail","6":"product_cat-custom-acrylic-furnitures","7":"product_tag-acrylic-coffee-tables","8":"product_tag-custom-acrylic-furnitures","10":"first","11":"instock","12":"shipping-taxable","13":"product-type-simple","14":"entry","15":"content-bg","16":"loop-entry"},"_links":{"self":[{"href":"https:\/\/customacrylicproduct.com\/it\/wp-json\/wp\/v2\/product\/776","targetHints":{"allow":["GET"]}}],"collection":[{"href":"https:\/\/customacrylicproduct.com\/it\/wp-json\/wp\/v2\/product"}],"about":[{"href":"https:\/\/customacrylicproduct.com\/it\/wp-json\/wp\/v2\/types\/product"}],"wp:featuredmedia":[{"embeddable":true,"href":"https:\/\/customacrylicproduct.com\/it\/wp-json\/wp\/v2\/media\/780"}],"wp:attachment":[{"href":"https:\/\/customacrylicproduct.com\/it\/wp-json\/wp\/v2\/media?parent=776"}],"wp:term":[{"taxonomy":"product_brand","embeddable":true,"href":"https:\/\/customacrylicproduct.com\/it\/wp-json\/wp\/v2\/product_brand?post=776"},{"taxonomy":"product_cat","embeddable":true,"href":"https:\/\/customacrylicproduct.com\/it\/wp-json\/wp\/v2\/product_cat?post=776"},{"taxonomy":"product_tag","embeddable":true,"href":"https:\/\/customacrylicproduct.com\/it\/wp-json\/wp\/v2\/product_tag?post=776"}],"curies":[{"name":"wp","href":"https:\/\/api.w.org\/{rel}","templated":true}]}}