{"id":916,"date":"2025-07-11T13:24:04","date_gmt":"2025-07-11T13:24:04","guid":{"rendered":"https:\/\/customacrylicproduct.com\/?post_type=product&#038;p=916"},"modified":"2025-07-11T13:45:21","modified_gmt":"2025-07-11T13:45:21","slug":"personalized-clear-acrylic-classroom-office-door-signs","status":"publish","type":"product","link":"https:\/\/customacrylicproduct.com\/it\/personalized-clear-acrylic-classroom-office-door-signs\/","title":{"rendered":"Segni personalizzati della porta dell'ufficio dell'aula in acrilico trasparente"},"content":{"rendered":"<h3 id=\"-transform-your-space-an-introduction-to-personalized-clear-acrylic-door-indications-\"><strong>Trasformare lo spazio: Introduzione alle indicazioni personalizzate per porte in acrilico trasparente\u00a0<\/strong>.<\/h3>\n<p>In qualsiasi tipo di ambiente specialistico o accademico, la prima impressione \u00e8 fondamentale. Stabilisce il tono, collega un criterio di alta qualit\u00e0, e presenta i visitatori del sito con qualit\u00e0 e fiducia. Una semplice indicazione per porta \u00e8 spesso il primo fattore di contatto fisico di una persona con la vostra area, sia che si tratti di uno studente che scopre la sua classe, di un cliente che si trova in un ufficio o di un paziente che naviga in una clinica. Le nostre indicazioni personalizzate per porte in polimero trasparente sono realizzate con cura per garantire che la prima impressione sia di raffinatezza contemporanea, eccellente professionalit\u00e0 e affidabilit\u00e0 e identit\u00e0 su misura.<\/p>\n<p>Non si tratta di semplici penne, ma di affermazioni. Uniscono una funzionalit\u00e0 impeccabile a un'estetica avanzata, offrendo un servizio flessibile che valorizza qualsiasi tipo di design. Superando la segnaletica convenzionale e poco fantasiosa, \u00e8 possibile aumentare istantaneamente la qualit\u00e0 visiva e l'organizzazione dell'ambiente. Questa introduzione completa scopre le sei colonne portanti che rendono le nostre insegne in acrilico trasparente la scelta eccezionale per aule, uffici e locali: le straordinarie caratteristiche del materiale, la sofisticata procedura di produzione, l'infinita capacit\u00e0 stilistica, i requisiti flessibili, l'installazione semplice e l'ampia applicabilit\u00e0.<\/p>\n<h3 id=\"-1-the-heart-of-radiance-unboxing-the-product-characteristics-\"><strong>1. Il cuore di Radiance: Unboxing delle caratteristiche del prodotto\u00a0<\/strong>.<\/h3>\n<p>Alla base di ogni segno straordinario c'\u00e8 un materiale eccezionale. Il nostro <a href=\"https:\/\/customacrylicproduct.com\/it\/custom-acrylic-signs\/\">segni acilici<\/a> sono realizzati in acrilico trasparente di altissima qualit\u00e0, un materiale che si \u00e8 veramente guadagnato il nome di \"acrilico\". <strong>\u201dcristallo di plastica\u201d.\u201d\u00a0<\/strong>Questo nome non \u00e8 solo un termine di marketing, ma indica le eccezionali propriet\u00e0 estetiche e fisiche del prodotto, che lo distinguono dalla normale plastica o dal vetro vulnerabile.<\/p>\n<p><strong>Chiarezza e comunicazione luminosa senza pari:\u00a0<\/strong>Una delle caratteristiche pi\u00f9 evidenti del nostro polimero \u00e8 la sua incredibile trasmittanza luminosa, che arriva a\u00a0<strong>93%\u00a0<\/strong>. Questo valore \u00e8 superiore a quello di molti altri tipi di vetro e consente alla luce di passare con una distorsione marginale. Il risultato \u00e8 un indicatore che sembra davvero brillante, ventilato e straordinariamente chiaro. Interagisce magnificamente con la luce ambientale, sia che provenga da un corridoio illuminato dal sole o dall'illuminazione generale dell'ufficio, sviluppando un bagliore morbido e uniforme che fa s\u00ec che il messaggio stampato e la grafica appaiano nitidi e vividi. L'impatto di questa \u201cluce morbida\u201d impedisce una luminosit\u00e0 estrema, garantendo la leggibilit\u00e0 da numerose angolazioni.<\/p>\n<p><strong>Influenza visiva e finitura impeccabile:\u00a0<\/strong>La superficie del polimero \u00e8 completamente liscia e non porosa, e offre una tela perfetta per la stampa ad alta risoluzione. I colori appaiono ricchi e fedeli, creando una solida influenza estetica che cattura l'attenzione. Che si scelga un layout minimale con un semplice messaggio in nero o un logo a colori, la base acrilica ne migliora l'aspetto, offrendogli una profondit\u00e0 e una vivacit\u00e0 che altri materiali non possono riprodurre.<\/p>\n<p><strong>Resilienza e sicurezza superiori:\u00a0<\/strong>Pur vantando la bellezza del vetro, l'acrilico possiede un'immensa resistenza. Ha una resistenza agli urti che \u00e8\u00a0<strong>200 volte superiore a quello del vetro tipico\u00a0<\/strong>, che lo rende essenzialmente infrangibile. Si tratta di una funzione di sicurezza fondamentale, soprattutto in ambienti ad alto traffico come scuole, uffici e centri pubblici. Gli urti involontari di carrelli, zaini o arredi in movimento non causano frammenti di materiale danneggiato.<\/p>\n<p><strong>Clima eccezionale e resistenza ecologica:\u00a0<\/strong>Le nostre indicazioni acriliche sono costruite per durare nel tempo. Ogni pannello \u00e8 progettato con un'eccellente resistenza agli agenti atmosferici e integra un'elevata concentrazione di assorbitori di raggi ultravioletti (UV). Questa qualit\u00e0 protettiva garantisce che l'indicazione non ingiallisca o si rompa se esposta alla luce del sole e che i colori stampati non sbiadiscano. Inoltre, il materiale \u00e8 incredibilmente stabile, con un livello di temperatura di deformazione termica pari a\u00a0<strong>\u2265 78 \u00b0 C( 172 \u00b0 F)\u00a0<\/strong>, Il polimero \u00e8 un materiale di alta qualit\u00e0, che non si deforma e non perde la sua forma in ambienti caldi o quando viene installato vicino a fonti di calore. Per una maggiore tranquillit\u00e0, il polimero ha propriet\u00e0 autoestinguenti e non si autoaccende, il che lo rende una scelta sicura che rispetta le linee guida per la costruzione.<\/p>\n<p><a href=\"https:\/\/customacrylicproduct.com\/it\/personalized-clear-acrylic-classroom-office-door-signs\/\"><img fetchpriority=\"high\" decoding=\"async\" class=\"aligncenter wp-image-919 size-full\" src=\"https:\/\/customacrylicproduct.com\/wp-content\/uploads\/2025\/07\/Acrylic-School-Signs-3.jpg\" alt=\"Segni scolastici in acrilico\" width=\"800\" height=\"800\" srcset=\"https:\/\/customacrylicproduct.com\/wp-content\/uploads\/2025\/07\/Acrylic-School-Signs-3.jpg 800w, https:\/\/customacrylicproduct.com\/wp-content\/uploads\/2025\/07\/Acrylic-School-Signs-3-300x300.jpg 300w, https:\/\/customacrylicproduct.com\/wp-content\/uploads\/2025\/07\/Acrylic-School-Signs-3-150x150.jpg 150w, https:\/\/customacrylicproduct.com\/wp-content\/uploads\/2025\/07\/Acrylic-School-Signs-3-768x768.jpg 768w, https:\/\/customacrylicproduct.com\/wp-content\/uploads\/2025\/07\/Acrylic-School-Signs-3-12x12.jpg 12w, https:\/\/customacrylicproduct.com\/wp-content\/uploads\/2025\/07\/Acrylic-School-Signs-3-600x600.jpg 600w, https:\/\/customacrylicproduct.com\/wp-content\/uploads\/2025\/07\/Acrylic-School-Signs-3-100x100.jpg 100w\" sizes=\"(max-width: 800px) 100vw, 800px\" \/><\/a><\/p>\n<h3 id=\"-2-the-art-of-production-our-advanced-manufacturing-refine-\"><strong>2. L'arte della produzione: La nostra produzione avanzata perfeziona\u00a0<\/strong>.<\/h3>\n<p>Un materiale pregiato ha diritto a una procedura di produzione avanzata. Integriamo una tecnologia all'avanguardia con una lavorazione meticolosa per trasformare una lastra acrilica di base in un'opera d'arte personalizzata. Le nostre tecniche principali sono la stampa UV in piano e l'incisione laser di precisione, che possono essere utilizzate separatamente o insieme per ottenere l'aspetto desiderato.<\/p>\n<p><strong>Tecnologia di stampa UV a letto piano:\u00a0<\/strong>Questo \u00e8 il requisito d'oro per stampare direttamente su substrati rigidi come l'acrilico. A differenza dei metodi che prevedono l'uso di un adesivo, le nostre stampanti UV utilizzano l'inchiostro direttamente sulla superficie. Quando l'inchiostro viene trasferito, viene istantaneamente guarito e legato all'acrilico da efficaci luci ultraviolette. Questa procedura crea una finitura duratura e indelebile, resistente alla raschiatura, all'umidit\u00e0 e allo sbiadimento. Permette:.<\/p>\n<ul>\n<li><strong>Dettaglio fotorealistico:\u00a0<\/strong>Siamo in grado di ricreare disegni di logo intricati, motivi complessi e foto ad alta risoluzione con una nitidezza straordinaria.<\/li>\n<li><strong>Stili di colore vivaci e opachi:\u00a0<\/strong>La stampa UV consente di pubblicare uno strato di inchiostro bianco dietro i colori, facendoli risaltare con incredibile vivacit\u00e0, anche su una storia chiara.<\/li>\n<li><strong>Testo nitido e leggibile:\u00a0<\/strong>Ogni lettera e numero \u00e8 reso con precisione lancinante, garantendo che il vostro cartello sia semplice da controllare.<\/li>\n<\/ul>\n<p><strong>Incisione laser di precisione:\u00a0<\/strong>Per un effetto molto pi\u00f9 tattile e innovativo, utilizziamo l'incisione laser. Un raggio laser altamente focalizzato incide il vostro stile direttamente nell'acrilico, sviluppando un aspetto smerigliato e tridimensionale. Questa strategia \u00e8 ideale per:.<\/p>\n<ul>\n<li><strong>Eleganza raffinata:\u00a0<\/strong>I messaggi o i loghi incisi offrono un'estetica unica e migliorata che si diverte con la luce e l'oscurit\u00e0.<\/li>\n<li><strong>Aggiungere profondit\u00e0:\u00a0<\/strong>Inciso sul retro dell'insegna, il layout sembra muoversi all'interno dell'acrilico, aggiungendo un affascinante strato di profondit\u00e0.<\/li>\n<li><strong>Modelli intricati:\u00a0<\/strong>Il laser \u00e8 in grado di produrre linee incredibilmente sottili e modelli geometrici complicati, offrendo un livello di informazione difficilmente ottenibile con la sola stampa.<\/li>\n<\/ul>\n<p>Incorporando queste due strategie, siamo in grado di sviluppare design unici e multistrato, come ad esempio un logo aziendale stampato in UV a colori accompagnato da nomi e titoli incisi al laser per un rivestimento vibrante e di qualit\u00e0.<\/p>\n<p><a href=\"https:\/\/customacrylicproduct.com\/it\/personalized-clear-acrylic-classroom-office-door-signs\/\"><img decoding=\"async\" class=\"aligncenter wp-image-920 size-full\" src=\"https:\/\/customacrylicproduct.com\/wp-content\/uploads\/2025\/07\/Acrylic-School-Signs-4.jpg\" alt=\"Segni scolastici in acrilico\" width=\"800\" height=\"800\" srcset=\"https:\/\/customacrylicproduct.com\/wp-content\/uploads\/2025\/07\/Acrylic-School-Signs-4.jpg 800w, https:\/\/customacrylicproduct.com\/wp-content\/uploads\/2025\/07\/Acrylic-School-Signs-4-300x300.jpg 300w, https:\/\/customacrylicproduct.com\/wp-content\/uploads\/2025\/07\/Acrylic-School-Signs-4-150x150.jpg 150w, https:\/\/customacrylicproduct.com\/wp-content\/uploads\/2025\/07\/Acrylic-School-Signs-4-768x768.jpg 768w, https:\/\/customacrylicproduct.com\/wp-content\/uploads\/2025\/07\/Acrylic-School-Signs-4-12x12.jpg 12w, https:\/\/customacrylicproduct.com\/wp-content\/uploads\/2025\/07\/Acrylic-School-Signs-4-600x600.jpg 600w, https:\/\/customacrylicproduct.com\/wp-content\/uploads\/2025\/07\/Acrylic-School-Signs-4-100x100.jpg 100w\" sizes=\"(max-width: 800px) 100vw, 800px\" \/><\/a><\/p>\n<h3 id=\"-3-designing-your-identification-the-looks-of-look-\"><strong>3. Progettare l'identificazione: L'aspetto del look\u00a0<\/strong>.<\/h3>\n<p>Il vero fascino delle nostre insegne in acrilico risiede nella loro illimitata personalizzazione. La natura trasparente del prodotto funziona come una tela vuota, che permette di integrarsi senza sforzo in qualsiasi atmosfera e di essere un'espressione speciale del nome del vostro marchio o della vostra personalit\u00e0.<\/p>\n<p><strong>Integrazione camaleontica:\u00a0<\/strong>Un'indicazione chiara non si scontra con l'arredamento, ma si abbina ad esso. Che sia installata su una porta in legno rustico, su una superficie in cartongesso verniciato, su una struttura in acciaio liscio o su una parete divisoria in vetro, l'apertura dell'indicatore permette all'aspetto e alla tonalit\u00e0 dello sfondo di trasparire, creando un aspetto armonioso e incorporato che sembra intenzionale e contemporaneo.<\/p>\n<p><strong>Personalizzazione libera:\u00a0<\/strong>.<\/p>\n<ul>\n<li><strong>Formatura e tipo:\u00a0<\/strong>Non ci limitiamo alle forme rettangolari. La vostra indicazione pu\u00f2 essere un quadrato o un cerchio tradizionale, un ovale sofisticato o una forma completamente personalizzata che rispecchi il vostro logo o offra uno scopo creativo. Da un semplice pannello piatto a un edificio e una costruzione tridimensionale a pi\u00f9 strati, le opportunit\u00e0 architettoniche sono notevoli.<\/li>\n<li><strong>Colore e video:\u00a0<\/strong>Grazie alla stampa UV, \u00e8 possibile realizzare qualsiasi combinazione di colori. Possiamo abbinare completamente i colori Pantone del vostro marchio, stampare motivi vivaci o utilizzare tonalit\u00e0 raffinate per un look pi\u00f9 sobrio. Anche la colorazione e la serigrafia sono alternative per lavori particolari, offrendo una gamma completa di scelte innovative.<\/li>\n<li><strong>Stile e finitura:\u00a0<\/strong>Lo stile pu\u00f2 variare da minimale ed esperto con una sola riga di messaggio a vivace e dinamico per una classe di scuola materna. Possiamo ottenere un aspetto completamente non trasparente, un impatto semitrasparente \u201csmerigliato\u201d o mantenere una trasparenza cristallina intorno agli aspetti del layout per soddisfare le vostre esigenze visive.<\/li>\n<\/ul>\n<h3 id=\"-4-the-perfect-fit-requirements-and-measurements-\"><strong>4. La vestibilit\u00e0 perfetta: Requisiti e misure\u00a0<\/strong>.<\/h3>\n<p>Una strategia unica per tutti i tipi di cartelli non funziona con i cartelli per esperti. Le dimensioni di un'insegna per porta devono essere dettate dal suo scopo, dal raggio d'azione e dall'ambiente in cui si trova. Forniamo una serie di misure comuni e una personalizzazione completa per garantire che la vostra indicazione sia perfettamente proporzionata.<\/p>\n<p><strong>Dimensioni del criterio:\u00a0<\/strong>Per il comfort, forniamo numerose dimensioni preferite che sono state confermate per funzionare bene in molti ambienti, come ad esempio\u00a0<strong>29 \u00d7 11 cm (circa 11,4\u2033 x 4,3\u2033)\u00a0<\/strong>e\u00a0<strong>29 \u00d7 8 cm (circa 11,4\u2033 x 3,1\u2033)\u00a0<\/strong>. Sono scelte eccezionali per le porte di base dell'ufficio e della classe.<\/p>\n<p><strong>Misure su misura:\u00a0<\/strong>Le vostre esigenze sono diverse e anche il vostro cartello deve esserlo. Siamo in grado di produrre indicazioni in base alle vostre esigenze.<\/p>\n<ul>\n<li><strong>Per le classi universitarie:\u00a0<\/strong>Uno stile pi\u00f9 grande pu\u00f2 essere adatto a garantire la chiarezza di un lungo corridoio, consentendo agli alunni e alle mamme e ai pap\u00e0 di individuare comodamente la loro destinazione.<\/li>\n<li><strong>Per i luoghi di lavoro privati:\u00a0<\/strong>Una dimensione ancora pi\u00f9 discreta come\u00a0<strong>20 \u00d7 8 cm (7,9\u2033 x 3,1\u2033)\u00a0<\/strong>o\u00a0<strong>25 \u00d7 10 cm (9,8\u2033 x 3,9\u2033)\u00a0<\/strong>pu\u00f2 essere utile un tocco di professionalit\u00e0 personalizzata e di fiducia, senza appesantire la porta.<\/li>\n<li><strong>Per la sala riunioni o gli elenchi:\u00a0<\/strong>\u00c8 possibile sviluppare indicatori pi\u00f9 grandi e pi\u00f9 famosi per presentare pi\u00f9 informazioni o fare una dichiarazione di costruzione pi\u00f9 potente.<\/li>\n<\/ul>\n<p>Lavoriamo con voi per stabilire le dimensioni e il rapporto di aspetto ottimali per la vostra applicazione, garantendo che il prodotto finale sia funzionale ed esteticamente equilibrato.<\/p>\n<p><a href=\"https:\/\/customacrylicproduct.com\/it\/custom-acrylic-signs\/\"><img decoding=\"async\" class=\"aligncenter wp-image-918 size-full\" src=\"https:\/\/customacrylicproduct.com\/wp-content\/uploads\/2025\/07\/Acrylic-School-Signs-2.jpg\" alt=\"Segni scolastici in acrilico\" width=\"800\" height=\"800\" srcset=\"https:\/\/customacrylicproduct.com\/wp-content\/uploads\/2025\/07\/Acrylic-School-Signs-2.jpg 800w, https:\/\/customacrylicproduct.com\/wp-content\/uploads\/2025\/07\/Acrylic-School-Signs-2-300x300.jpg 300w, https:\/\/customacrylicproduct.com\/wp-content\/uploads\/2025\/07\/Acrylic-School-Signs-2-150x150.jpg 150w, https:\/\/customacrylicproduct.com\/wp-content\/uploads\/2025\/07\/Acrylic-School-Signs-2-768x768.jpg 768w, https:\/\/customacrylicproduct.com\/wp-content\/uploads\/2025\/07\/Acrylic-School-Signs-2-12x12.jpg 12w, https:\/\/customacrylicproduct.com\/wp-content\/uploads\/2025\/07\/Acrylic-School-Signs-2-600x600.jpg 600w, https:\/\/customacrylicproduct.com\/wp-content\/uploads\/2025\/07\/Acrylic-School-Signs-2-100x100.jpg 100w\" sizes=\"(max-width: 800px) 100vw, 800px\" \/><\/a><\/p>\n<h3 id=\"-5-easy-style-simple-and-safeguard-installation-\"><strong>5. Stile facile: Installazione semplice e sicura\u00a0<\/strong>.<\/h3>\n<p>Un'indicazione ben realizzata deve essere facile da montare. Noi offriamo alternative di montaggio semplici e protette che non richiedono l'aiuto di specialisti o di dispositivi specializzati, consentendovi di avere il vostro nuovo abbonamento in pochi minuti.<\/p>\n<p><strong>Tecnica principale: biadesivo ad alta adesione:\u00a0<\/strong>Uno dei metodi pi\u00f9 tipici e convenienti \u00e8 il biadesivo industriale preapplicato sul retro dell'indicazione. L'installazione \u00e8 un semplice processo in tre fasi:.<\/p>\n<ol>\n<li><strong>Preparare:\u00a0<\/strong>Procedere e contrassegnare l'impostazione desiderata sulla porta o sulla superficie della parete. Assicurarsi che la superficie sia ordinata, asciutta e priva di sporco o olio.<\/li>\n<li><strong>Sbucciare:\u00a0<\/strong>Strappare con molta attenzione la carta protettiva dal retro del cartello per esporre l'adesivo.<\/li>\n<li><strong>Stampa:\u00a0<\/strong>Allineare l'indicazione con i segni e premerla con decisione e in modo uniforme sulla superficie per 30-60 secondi per sviluppare un'adesione sicura e duratura.<\/li>\n<\/ol>\n<p>Questo adesivo \u00e8 stato creato per garantire una forte adesione a diverse superfici piane, come porte verniciate, legno, metallo, cartongesso, piastrelle e vetro.<\/p>\n<p><strong>Approccio a scelta: Fissaggio a vite con distanziatori:\u00a0<\/strong>Per un aspetto pi\u00f9 elegante, le indicazioni possono essere acquistate con fori preforati per il montaggio a vite. Questo approccio prevede spesso l'utilizzo di distanziatori ornamentali, piccoli paletti in acciaio che mantengono l'indicazione a una certa distanza dalla superficie della parete. In questo modo si crea un sofisticato impatto \u201cfluttuante\u201d, aggiungendo profondit\u00e0 e ombra che migliorano il fascino estetico dell'indicazione.<\/p>\n<h3 id=\"-6-a-sign-for-every-area-versatile-applicable-situations-\"><strong>6. Un segno per ogni area: Situazioni applicabili in modo versatile\u00a0<\/strong>.<\/h3>\n<p>Il mix di longevit\u00e0, sicurezza ed eleganza personalizzabile rende i nostri prodotti<a href=\"https:\/\/customacrylicproduct.com\/it\/custom-acrylic-signs\/\"> indicatori in acrilico trasparente<\/a> eccezionalmente versatili. Sono il servizio ideale per conferire chiarezza e design a una grande variet\u00e0 di ambienti.<\/p>\n<ul>\n<li><strong>Istituzioni educative:\u00a0<\/strong>Dalle scuole materne alle universit\u00e0, questi segnali possono identificare\u00a0<strong>aule, nomi degli insegnanti, biblioteca, ufficio del preside, area artistica o laboratori di ricerca scientifica.\u00a0<\/strong>La loro robustezza li rende eccellenti per resistere all'usura quotidiana dell'ambiente universitario.<\/li>\n<li><strong>Ambienti di lavoro aziendali:\u00a0<\/strong>Lavorare a una foto luminosa e unitaria utilizzando i segni per\u00a0<strong>postazioni di lavoro, nomi di reparti (pubblicit\u00e0, risorse umane), sale riunioni, zone silenziose e suite executive.\u00a0<\/strong>Aiutano la navigazione e rafforzano una cultura aziendale esperta e ben organizzata.<\/li>\n<li><strong>Strutture di assistenza medica:\u00a0<\/strong>In\u00a0<strong>ospedali, strutture e studi privati,\u00a0<\/strong>\u00e8 necessaria una segnaletica chiara e pulita. Utilizzateli per\u00a0<strong>aree di visita, studi medici, aree funzionali e laboratori.\u00a0<\/strong>La superficie non porosa \u00e8 inoltre molto facile da pulire e igienizzare.<\/li>\n<li><strong>Vendita al dettaglio e cordialit\u00e0:\u00a0<\/strong>Panoramica dei consumatori e valorizzazione del vostro marchio in\u00a0<strong>centri commerciali, negozi, resort e ristoranti.\u00a0<\/strong>Possono essere utilizzati per i numeri delle aree, per gli indicatori dei servizi igienici, per le aree \u201cTeam Only\u201d o per le targhe didattiche.<\/li>\n<li><strong>Centri educativi e comunitari:\u00a0<\/strong>Contrassegnare chiaramente\u00a0<strong>aule di formazione, auditorium e uffici di direzione\u00a0<\/strong>per aiutare i visitatori e i membri a navigare facilmente nell'area.<\/li>\n<\/ul>\n<p>In ogni caso, questi cartelli non si limitano a definire un locale. Semplificano il traffico pedonale, eliminano le complicazioni e contribuiscono all'immagine e alla qualit\u00e0 generale del locale, dimostrando che un piccolo dettaglio pu\u00f2 avere un impatto sostanziale.<\/p>","protected":false},"excerpt":{"rendered":"<p>Elevate il vostro ufficio o la vostra aula con un'insegna personalizzata in acrilico trasparente. Personalizzata con il vostro nome o logo, aggiunge un tocco moderno e professionale. Include una ferramenta resistente per un look elegante e fluttuante. Una dichiarazione elegante e accogliente per qualsiasi porta.<\/p>","protected":false},"featured_media":922,"template":"","meta":{"_kad_post_transparent":"default","_kad_post_title":"","_kad_post_layout":"default","_kad_post_sidebar_id":"","_kad_post_content_style":"default","_kad_post_vertical_padding":"default","_kad_post_feature":"","_kad_post_feature_position":"","_kad_post_header":false,"_kad_post_footer":false,"_kad_post_classname":""},"product_brand":[],"product_cat":[18],"product_tag":[94,84,51],"class_list":{"0":"post-916","1":"product","2":"type-product","3":"status-publish","4":"has-post-thumbnail","6":"product_cat-custom-acrylic-signs","7":"product_tag-acrylic-school-signs","8":"product_tag-clear-acrylic-signs","9":"product_tag-custom-acrylic-signs","11":"first","12":"instock","13":"shipping-taxable","14":"product-type-simple","15":"entry","16":"content-bg","17":"loop-entry"},"_links":{"self":[{"href":"https:\/\/customacrylicproduct.com\/it\/wp-json\/wp\/v2\/product\/916","targetHints":{"allow":["GET"]}}],"collection":[{"href":"https:\/\/customacrylicproduct.com\/it\/wp-json\/wp\/v2\/product"}],"about":[{"href":"https:\/\/customacrylicproduct.com\/it\/wp-json\/wp\/v2\/types\/product"}],"wp:featuredmedia":[{"embeddable":true,"href":"https:\/\/customacrylicproduct.com\/it\/wp-json\/wp\/v2\/media\/922"}],"wp:attachment":[{"href":"https:\/\/customacrylicproduct.com\/it\/wp-json\/wp\/v2\/media?parent=916"}],"wp:term":[{"taxonomy":"product_brand","embeddable":true,"href":"https:\/\/customacrylicproduct.com\/it\/wp-json\/wp\/v2\/product_brand?post=916"},{"taxonomy":"product_cat","embeddable":true,"href":"https:\/\/customacrylicproduct.com\/it\/wp-json\/wp\/v2\/product_cat?post=916"},{"taxonomy":"product_tag","embeddable":true,"href":"https:\/\/customacrylicproduct.com\/it\/wp-json\/wp\/v2\/product_tag?post=916"}],"curies":[{"name":"wp","href":"https:\/\/api.w.org\/{rel}","templated":true}]}}