{"id":950,"date":"2025-07-12T04:13:28","date_gmt":"2025-07-12T04:13:28","guid":{"rendered":"https:\/\/customacrylicproduct.com\/?post_type=product&#038;p=950"},"modified":"2025-07-17T12:58:49","modified_gmt":"2025-07-17T12:58:49","slug":"coloured-acrylic-wine-serving-tray-food-drinks-bar-home","status":"publish","type":"product","link":"https:\/\/customacrylicproduct.com\/it\/coloured-acrylic-wine-serving-tray-food-drinks-bar-home\/","title":{"rendered":"Vassoio di servizio per vino in acrilico colorato Bar per alimenti e bevande Casa"},"content":{"rendered":"<h3 id=\"-the-chroma-tray-a-crossway-of-art-function-and-modern-living-\"><strong>Il vassoio acrilico: Un incrocio di arte, funzione e vita moderna <\/strong>.<\/h3>\n<p>Nella casa moderna, ogni oggetto racconta una storia. Curiamo i nostri spazi non solo con i mobili, ma anche con gli oggetti che mostrano le nostre preferenze, supportano il nostro modo di vivere e portano un senso di pace e piacere alla nostra routine quotidiana. Cerchiamo un mix unificato di forma e funzione, prodotti che siano tanto belli da vedere quanto utili da usare. \u00c8 da questo punto di vista che il <a href=\"https:\/\/customacrylicproduct.com\/it\/coloured-acrylic-wine-serving-tray-food-drinks-bar-home\/\">Vassoio da portata in polimero colorato<\/a> \u00e8 nato. Questo non \u00e8 un semplice vassoio: \u00e8 una tela da vivere, un palcoscenico flessibile per qualsiasi cosa, dagli aperitivi di auguri ai momenti di riflessione. \u00c8 un investimento finanziario di facile raffinatezza, fatto per elevare la vostra casa e semplificare la vostra vita con una spruzzata di colore contemporaneo e un'alta qualit\u00e0 senza compromessi.<\/p>\n<h4 id=\"-numerous-features-the-art-of-infinite-flexibility-\"><strong>Numerose caratteristiche: L'arte della flessibilit\u00e0 infinita\u00a0<\/strong>.<\/h4>\n<p>Il vero mago di un oggetto fatto in modo eccezionale \u00e8 la sua versatilit\u00e0. Il vassoio Chroma \u00e8 stato sviluppato per essere il solo accessorio pi\u00f9 funzionale della casa, in grado di passare senza sforzo da una funzione all'altra con grazia e design. Le sue possibilit\u00e0 sono limitate solo dalla vostra immaginazione.<\/p>\n<ul>\n<li><strong>Il centro dell'intrattenimento domestico:\u00a0<\/strong>Immaginate di organizzare una serata con gli amici. Il vassoio Chroma diventa il vostro importante compagno. Ricco di formaggi e salumi artigianali, \u00e8 un piatto da portata avanzato. Nel vostro carrello da bar, organizza amari, shaker e bicchieri. Nelle vostre mani, \u00e8 una piattaforma stabile ed elegante per portare ai vostri ospiti un giro di bevande alcoliche perfettamente miscelate o flutes di champagne ghiacciato, con il suo colore vivace che aggiunge un tocco di allegria alla celebrazione. Vi trasforma da padroni di casa attivi in eleganti padroni di casa.<\/li>\n<li><strong>L'amico perfetto del poggiapiedi:\u00a0<\/strong>Per quelle preziose serate silenziose, il vassoio trasforma il vostro pouf morbido e imbottito in un tavolino stabile e alla moda. \u00c8 perfettamente dimensionato per creare un \u201cminuto\u201d, uno spazio per il vostro libro preferito, una candela profumata che getta una luce calda, una tazza fumante di tisana o un semplice bicchiere di vino. \u00c8 il vostro rifugio di convenienza, che vi permette di avere tutto ci\u00f2 che vi serve a portata di mano, proteggendo al contempo il tessuto dei vostri arredi.<\/li>\n<li><strong>Mangiare, ridefinito:\u00a0<\/strong>Dalle cene rilassate sul divano mentre si guarda la propria collezione preferita, ai pranzi eleganti all'aperto nel patio, il vassoio fornisce una superficie solida e bella per i piatti. Grazie alla sua natura impermeabile, non dovrete preoccuparvi della condensa causata da una bevanda fresca o da un piccolo rovesciamento. Inoltre, il vassoio ha un'ulteriore funzione di cura, consentendo di offrire un piatto rilassante a una persona cara che si sta rilassando a letto, trasformando un semplice atto di cura in un gesto straordinario e premuroso.<\/li>\n<li><strong>Il curatore dell'area individuale:\u00a0<\/strong>Oltre a servire, il vassoio Chroma \u00e8 un'opera d'arte. Posizionatelo sul com\u00f2 della camera da letto o sul vanity per creare un'esposizione sensazionale per i vostri profumi, flaconi di prodotti per la cura della pelle e gioielli preferiti. Confina il caos attraente, trasformando le cose di tutti i giorni in una vignetta curata. All'ingresso, diventa un elegante contenitore per trucchi, posta e occhiali da sole. Sulla scrivania dell'ufficio, sistema la cancelleria e gli oggetti di base, dando un tocco di colore innovativo allo spazio di lavoro e aiutando a concentrare la mente. \u00c8, in ogni senso, un pezzo che fa davvero tutto.<\/li>\n<\/ul>\n<p><a href=\"https:\/\/customacrylicproduct.com\/it\/coloured-acrylic-wine-serving-tray-food-drinks-bar-home\/\"><img fetchpriority=\"high\" decoding=\"async\" class=\"wp-image-953 size-full aligncenter\" src=\"https:\/\/customacrylicproduct.com\/wp-content\/uploads\/2025\/07\/Coloured-Acrylic-Tray.jpg\" alt=\"Vassoio acrilico colorato\" width=\"800\" height=\"800\" srcset=\"https:\/\/customacrylicproduct.com\/wp-content\/uploads\/2025\/07\/Coloured-Acrylic-Tray.jpg 800w, https:\/\/customacrylicproduct.com\/wp-content\/uploads\/2025\/07\/Coloured-Acrylic-Tray-300x300.jpg 300w, https:\/\/customacrylicproduct.com\/wp-content\/uploads\/2025\/07\/Coloured-Acrylic-Tray-150x150.jpg 150w, https:\/\/customacrylicproduct.com\/wp-content\/uploads\/2025\/07\/Coloured-Acrylic-Tray-768x768.jpg 768w, https:\/\/customacrylicproduct.com\/wp-content\/uploads\/2025\/07\/Coloured-Acrylic-Tray-12x12.jpg 12w, https:\/\/customacrylicproduct.com\/wp-content\/uploads\/2025\/07\/Coloured-Acrylic-Tray-600x600.jpg 600w, https:\/\/customacrylicproduct.com\/wp-content\/uploads\/2025\/07\/Coloured-Acrylic-Tray-100x100.jpg 100w\" sizes=\"(max-width: 800px) 100vw, 800px\" \/><\/a><\/p>\n<h4 id=\"-phenomenal-craftsmanship-an-ideology-of-design-\"><strong>Artigianato fenomenale: Un'ideologia del design\u00a0<\/strong>.<\/h4>\n<p>Il nostro attraente vassoio in acrilico testimonia la convinzione che il fascino dipenda dalla ponderata semplicit\u00e0. \u00c8 stato progettato in modo meraviglioso e mirato per essere un camaleonte, con la capacit\u00e0 di assimilarsi a qualsiasi tipo di stile e allo stesso tempo di fare una dichiarazione. Le linee pulite e il tipo di geometria pura - che si adatta a pouf rettangolari e quadrati - gli permettono di valorizzare una vasta gamma di interni.<\/p>\n<p>Che la vostra casa sia un'oasi di minimalismo scandinavo, un forte loft industriale, un comodo resort boh\u00e9mien o un tempio del lusso contemporaneo, l'aspetto minimale del vassoio e le sue abbondanti tonalit\u00e0 gioiello vi faranno sentire a casa vostra. Non si sostituisce allo stile esistente, ma lo esalta. L'alta qualit\u00e0 luminosa e quasi fluida dell'acrilico colorato cattura perfettamente la luce, aggiungendo un vibrante strato di profondit\u00e0 e di interesse a qualsiasi tipo di stanza.<\/p>\n<p>Abbiamo curato le misure, assicurandoci che raggiungesse un ottimo equilibrio tra lo spazio sufficiente per essere veramente utile e la trasportabilit\u00e0 sufficiente per non disorientare un'area. Le dimensioni sono state calcolate con cura per contenere i vostri oggetti vitali senza che si sentano in disordine. I raffinati bordi rialzati sono un capolavoro di design funzionale: sufficientemente alti da contenere piccole fuoriuscite e impedire agli oggetti di spostarsi, ma abbastanza ridotti da mantenere un profilo elegante e poco appariscente. \u00c8 un lavoro artigianale che si vede e si sente.<\/p>\n<p><a href=\"https:\/\/customacrylicproduct.com\/it\/coloured-acrylic-wine-serving-tray-food-drinks-bar-home\/\"><img decoding=\"async\" class=\"aligncenter wp-image-952 size-full\" src=\"https:\/\/customacrylicproduct.com\/wp-content\/uploads\/2025\/07\/Coloured-Acrylic-Tray-2.jpg\" alt=\"Vassoio acrilico colorato\" width=\"800\" height=\"800\" srcset=\"https:\/\/customacrylicproduct.com\/wp-content\/uploads\/2025\/07\/Coloured-Acrylic-Tray-2.jpg 800w, https:\/\/customacrylicproduct.com\/wp-content\/uploads\/2025\/07\/Coloured-Acrylic-Tray-2-300x300.jpg 300w, https:\/\/customacrylicproduct.com\/wp-content\/uploads\/2025\/07\/Coloured-Acrylic-Tray-2-150x150.jpg 150w, https:\/\/customacrylicproduct.com\/wp-content\/uploads\/2025\/07\/Coloured-Acrylic-Tray-2-768x768.jpg 768w, https:\/\/customacrylicproduct.com\/wp-content\/uploads\/2025\/07\/Coloured-Acrylic-Tray-2-12x12.jpg 12w, https:\/\/customacrylicproduct.com\/wp-content\/uploads\/2025\/07\/Coloured-Acrylic-Tray-2-600x600.jpg 600w, https:\/\/customacrylicproduct.com\/wp-content\/uploads\/2025\/07\/Coloured-Acrylic-Tray-2-100x100.jpg 100w\" sizes=\"(max-width: 800px) 100vw, 800px\" \/><\/a><\/p>\n<h4 id=\"-a-lifetime-of-service-engineered-for-toughness-and-comfort-\"><strong>Una vita di servizio: Progettato per la resistenza e il comfort\u00a0<\/strong>.<\/h4>\n<p>Un oggetto attraente \u00e8 veramente utile solo se \u00e8 costruito per durare. Abbiamo progettato il vassoio Chroma per offrire una vita lunga e vantaggiosa, utilizzando solo costi, acrilico di alto livello. Questo prodotto \u00e8 stato scelto per la sua straordinaria combinazione di trasparenza simile al vetro e notevole resistenza. \u00c8 incredibilmente durevole ed estremamente resistente alla rottura, dandovi la certezza di poterlo utilizzare quotidianamente senza preoccuparvi di crepe o frantumi, a differenza delle fragili controparti in vetro o ceramica.<\/p>\n<p>La vita \u00e8 piena di piccoli incidenti, per questo abbiamo fatto in modo che il vassoio sia totalmente resistente all'acqua e alle fuoriuscite. Merlot, caff\u00e8, condensa: nulla penetra nella sua superficie non porosa. Questo lo rende estremamente semplice da pulire e conservare, oltre a salvaguardare le superfici sottostanti. Una bevanda rovesciata su un poggiapiedi in tessuto non \u00e8 pi\u00f9 una catastrofe, ma un piccolo inconveniente che pu\u00f2 essere pulito in pochi secondi. Questa resistenza rende il vassoio non un semplice acquisto, ma un investimento finanziario a lungo termine per la vostra casa.<\/p>\n<h4 id=\"-the-creative-gift-an-expression-of-preference-and-warmth-\"><strong>Il dono creativo: Un'espressione di preferenza e calore\u00a0<\/strong>.<\/h4>\n<p>Per la persona della vostra vita che apprezza l'arredamento elegante - l'amico con la casa immacolata, il familiare che ama ospitare, il nuovo proprietario di casa che sta costruendo il suo nido - trovare un regalo che soddisfi i suoi standard elevati pu\u00f2 essere una difficolt\u00e0. Il vassoio Chroma \u00e8 il rimedio perfetto. \u00c8 un regalo creativo e premuroso che la dice lunga sul vostro gusto eccezionale e sul vostro amore per loro.<\/p>\n<p>Questo vassoio \u00e8 pi\u00f9 di un oggetto: \u00e8 la rappresentazione di un modo di vivere avanzato. Regalarlo dimostra che riconoscete e apprezzate il loro entusiasmo per uno spazio attraente. \u00c8 un regalo perfetto per ogni tipo di occasione unica: una festa di compleanno.\u00a0<strong>inaugurazione della casa\u00a0<\/strong>un regalo che sia utile e alla moda, un\u00a0<strong>compleanno\u00a0<\/strong>esistente per i fanatici del design, un\u00a0<strong>celebrazione del matrimonio\u00a0<\/strong>o\u00a0<strong>anniversario di matrimonio\u00a0<\/strong>regalo per la coppia che ama intrattenere. Si tratta di un gesto che sicuramente avr\u00e0 un riscontro autentico e trover\u00e0 uno spazio prezioso nella loro casa per molti anni a venire.<\/p>\n<h4 id=\"-uncomplicated-maintenance-the-beauty-of-simplicity-\"><strong>Manutenzione senza complicazioni: La bellezza della semplicit\u00e0\u00a0<\/strong>.<\/h4>\n<p>Crediamo che l'alto livello debba essere semplice. L'eleganza del vostro Chroma Tray \u00e8 stata sviluppata per essere mantenuta rapidamente. Non c'\u00e8 bisogno di detergenti estremi, strofinamenti bruschi o lucidature speciali per mantenere il suo aspetto liscio, lucido e straordinariamente colorato. Per la manutenzione quotidiana e le piccole fuoriuscite, \u00e8 sufficiente una semplice pulizia con un panno morbido e umido per ritrovare il suo eccellente splendore. Questo processo di pulizia senza problemi fa s\u00ec che il vostro vassoio rimanga un punto di riferimento straordinario con il minimo sforzo, permettendovi di avere ancora pi\u00f9 tempo per apprezzare il suo fascino e le sue prestazioni.<\/p>\n<p><a href=\"https:\/\/customacrylicproduct.com\/it\/coloured-acrylic-wine-serving-tray-food-drinks-bar-home\/\"><img decoding=\"async\" class=\"aligncenter wp-image-951 size-full\" src=\"https:\/\/customacrylicproduct.com\/wp-content\/uploads\/2025\/07\/Coloured-Acrylic-Tray-1.jpg\" alt=\"Vassoio acrilico colorato\" width=\"800\" height=\"800\" srcset=\"https:\/\/customacrylicproduct.com\/wp-content\/uploads\/2025\/07\/Coloured-Acrylic-Tray-1.jpg 800w, https:\/\/customacrylicproduct.com\/wp-content\/uploads\/2025\/07\/Coloured-Acrylic-Tray-1-300x300.jpg 300w, https:\/\/customacrylicproduct.com\/wp-content\/uploads\/2025\/07\/Coloured-Acrylic-Tray-1-150x150.jpg 150w, https:\/\/customacrylicproduct.com\/wp-content\/uploads\/2025\/07\/Coloured-Acrylic-Tray-1-768x768.jpg 768w, https:\/\/customacrylicproduct.com\/wp-content\/uploads\/2025\/07\/Coloured-Acrylic-Tray-1-12x12.jpg 12w, https:\/\/customacrylicproduct.com\/wp-content\/uploads\/2025\/07\/Coloured-Acrylic-Tray-1-600x600.jpg 600w, https:\/\/customacrylicproduct.com\/wp-content\/uploads\/2025\/07\/Coloured-Acrylic-Tray-1-100x100.jpg 100w\" sizes=\"(max-width: 800px) 100vw, 800px\" \/><\/a><\/p>\n<h4 id=\"-the-ultimate-personalization-your-vision-crafted-by-united-states-\"><strong>Il massimo della personalizzazione: La vostra visione, realizzata dagli Stati Uniti\u00a0<\/strong>.<\/h4>\n<p>Sebbene la nostra collezione curata di colori e dimensioni sia stata creata per soddisfare i gusti pi\u00f9 esigenti, siamo consapevoli che il vero high-end dipende dall'espressione personale. Per chi \u00e8 alla ricerca di un pezzo unico, di un regalo aziendale firmato o di un design particolare per un lavoro d'interni, la nostra fabbrica fornisce una soluzione di personalizzazione completa.<\/p>\n<p>I nostri competenti artigiani possono lavorare con voi per dare vita alla vostra visione speciale. Questo viaggio collaborativo vi mette al posto del designer:.<\/p>\n<ul>\n<li><strong>Dimensioni e forma:\u00a0<\/strong>Fantasticate oltre la forma rettangolare. Possiamo produrre vassoi in forme personalizzate - rotonde, esagonali o completamente uniche - e secondo le vostre specifiche dimensionali.<\/li>\n<li><strong>Colore:\u00a0<\/strong>Abbinate un particolare colore Pantone del vostro marchio o della vostra tavolozza di arredamento per ottenere un articolo realmente integrato.<\/li>\n<li><strong>Modelli e messaggi incisi:\u00a0<\/strong>\u00c8 qui che il vassoio si trasforma in un tesoro individuale. Incidete un monogramma di famiglia, una citazione significativa, un giorno unico per un regalo di matrimonio o il logo di un'azienda per un regalo aziendale avanzato.<\/li>\n<\/ul>\n<p>Il processo \u00e8 senza soluzione di continuit\u00e0. I clienti possono proporre i loro disegni di progettazione dettagliati o semplicemente interagire con le loro idee al nostro team di progettazione professionale, che li aiuter\u00e0 a convertire un principio in una realt\u00e0 sostanziale e meravigliosamente realizzata. Questa \u00e8 la vostra possibilit\u00e0 di produrre non semplicemente un vassoio, ma una storia.<\/p>\n<p>Per concludere, il Chroma <a href=\"https:\/\/customacrylicproduct.com\/it\/coloured-acrylic-wine-serving-tray-food-drinks-bar-home\/\">Vassoio acrilico colorato<\/a> \u00e8 superiore alla somma delle sue parti. \u00c8 un oggetto da dichiarazione, un cavallo di battaglia, un oggetto di stile e una tela personale. \u00c8 una celebrazione della vita moderna, dove fascino e praticit\u00e0 convivono in un'armonia ideale. Investite in un oggetto che funzioni quanto voi e che sia bello nel farlo. Elevate la vostra casa, migliorate la vostra vita.<\/p>","protected":false},"excerpt":{"rendered":"<p>The Acrylic Tray: A Crossway of Art, Function, and Modern Living . In the modern-day home, every item tells a story. We curate our spaces not simply with furniture, however with items that show our preference, support our way of living, and bring a peaceful sense of delight to our everyday routines. We look for&#8230;<\/p>","protected":false},"featured_media":953,"template":"","meta":{"_kad_post_transparent":"default","_kad_post_title":"","_kad_post_layout":"default","_kad_post_sidebar_id":"","_kad_post_content_style":"default","_kad_post_vertical_padding":"default","_kad_post_feature":"","_kad_post_feature_position":"","_kad_post_header":false,"_kad_post_footer":false,"_kad_post_classname":""},"product_brand":[],"product_cat":[22],"product_tag":[56,57],"class_list":{"0":"post-950","1":"product","2":"type-product","3":"status-publish","4":"has-post-thumbnail","6":"product_cat-custom-acrylic-trays","7":"product_tag-custom-acrylic-trays","8":"product_tag-perspex-acrylic-tray","10":"first","11":"instock","12":"shipping-taxable","13":"product-type-simple","14":"entry","15":"content-bg","16":"loop-entry"},"_links":{"self":[{"href":"https:\/\/customacrylicproduct.com\/it\/wp-json\/wp\/v2\/product\/950","targetHints":{"allow":["GET"]}}],"collection":[{"href":"https:\/\/customacrylicproduct.com\/it\/wp-json\/wp\/v2\/product"}],"about":[{"href":"https:\/\/customacrylicproduct.com\/it\/wp-json\/wp\/v2\/types\/product"}],"wp:featuredmedia":[{"embeddable":true,"href":"https:\/\/customacrylicproduct.com\/it\/wp-json\/wp\/v2\/media\/953"}],"wp:attachment":[{"href":"https:\/\/customacrylicproduct.com\/it\/wp-json\/wp\/v2\/media?parent=950"}],"wp:term":[{"taxonomy":"product_brand","embeddable":true,"href":"https:\/\/customacrylicproduct.com\/it\/wp-json\/wp\/v2\/product_brand?post=950"},{"taxonomy":"product_cat","embeddable":true,"href":"https:\/\/customacrylicproduct.com\/it\/wp-json\/wp\/v2\/product_cat?post=950"},{"taxonomy":"product_tag","embeddable":true,"href":"https:\/\/customacrylicproduct.com\/it\/wp-json\/wp\/v2\/product_tag?post=950"}],"curies":[{"name":"wp","href":"https:\/\/api.w.org\/{rel}","templated":true}]}}