{"id":1064,"date":"2025-07-14T09:37:08","date_gmt":"2025-07-14T09:37:08","guid":{"rendered":"https:\/\/customacrylicproduct.com\/?post_type=product&#038;p=1064"},"modified":"2025-07-14T09:58:05","modified_gmt":"2025-07-14T09:58:05","slug":"bespoke-freestanding-laser-engraving-acrylic-awards-factory","status":"publish","type":"product","link":"https:\/\/customacrylicproduct.com\/pt\/bespoke-freestanding-laser-engraving-acrylic-awards-factory\/","title":{"rendered":"F\u00e1brica de Pr\u00e9mios em Acr\u00edlico com Grava\u00e7\u00e3o a Laser \u00e0 Medida"},"content":{"rendered":"<h3 id=\"-the-art-of-recognition-a-thorough-intro-to-bespoke-freestanding-laser-engraved-acrylic-awards-\"><strong>A arte do reconhecimento: Uma introdu\u00e7\u00e3o completa aos pr\u00e9mios acr\u00edlicos personalizados gravados a laser e independentes\u00a0<\/strong>.<\/h3>\n<p>Num mundo repleto de reconhecimentos digitais fugazes, o ato tang\u00edvel de reconhecer o sucesso tornou-se, na verdade, muito mais substancial do que nunca. Um pr\u00e9mio n\u00e3o \u00e9 apenas uma coisa; \u00e9 um sinal, um marcador permanente de qualidade, dedica\u00e7\u00e3o e sucesso. \u00c9 uma hist\u00f3ria contada em forma f\u00edsica. Os nossos pr\u00e9mios acr\u00edlicos personalizados gravados a laser s\u00e3o feitos para contar essa hist\u00f3ria com uma eleg\u00e2ncia, precis\u00e3o e modernidade inigual\u00e1veis.<\/p>\n<p>Estes n\u00e3o s\u00e3o os pr\u00e9mios convencionais que acumulam p\u00f3. S\u00e3o pe\u00e7as de arte, concebidas para registar a luz e a criatividade. Ao combinar as not\u00e1veis propriedades residenciais do acr\u00edlico de \u00faltima gera\u00e7\u00e3o com a precis\u00e3o microsc\u00f3pica da moderna tecnologia laser, desenvolvemos pr\u00e9mios que s\u00e3o t\u00e3o \u00fanicos e fant\u00e1sticos como os indiv\u00edduos e grupos que comemoram. Desde a sala de confer\u00eancias da empresa at\u00e9 ao p\u00f3dio escolar, estes pr\u00e9mios s\u00e3o um testemunho de sucesso, concebidos para serem valorizados para toda a vida.<\/p>\n<p>Esta introdu\u00e7\u00e3o ir\u00e1 certamente gui\u00e1-lo atrav\u00e9s das seis colunas fundamentais que especificam os nossos pr\u00e9mios: as altas qualidades premium do material, a maravilha t\u00e9cnica do nosso processo de grava\u00e7\u00e3o, as infinitas oportunidades de design, a vasta sele\u00e7\u00e3o de aplica\u00e7\u00f5es, o nosso servi\u00e7o de modifica\u00e7\u00e3o colaborativo e o valor excecional que representam.<\/p>\n<h4 id=\"-1-the-spirit-of-the-honor-unmatched-product-qualities-of-acrylic-\"><strong>1. O esp\u00edrito da honra: Qualidades inigual\u00e1veis do produto acr\u00edlico\u00a0<\/strong>.<\/h4>\n<p>A estrutura de qualquer grande honra \u00e9 o produto onde \u00e9 trabalhada. Seleccionamos o acr\u00edlico, frequentemente admirado como a \u201cRainha dos Pl\u00e1sticos\u201d, pela sua not\u00e1vel combina\u00e7\u00e3o de atratividade, resist\u00eancia e flexibilidade. \u00c9 um material que se realiza, proporcionando uma experi\u00eancia de custos que vai para al\u00e9m das expectativas.<\/p>\n<p><strong>Clareza luminosa e brilho:\u00a0<\/strong>O atributo mais marcante do nosso acr\u00edlico \u00e9 a sua extraordin\u00e1ria transpar\u00eancia. Com uma transmiss\u00e3o de luz que iguala ou mesmo ultrapassa a do vidro e do cristal mais finos, permite que a luz viaje e se refracte num ecr\u00e3 espetacular. Esta pureza \u00f3tica garante que a informa\u00e7\u00e3o detalhada da grava\u00e7\u00e3o a laser no seu interior seja vista com total clareza, desenvolvendo uma sensa\u00e7\u00e3o de profundidade e dimens\u00e3o que \u00e9 simplesmente excitante. Ao contr\u00e1rio dos pl\u00e1sticos inferiores, o nosso acr\u00edlico de qualidade superior n\u00e3o tem a tonalidade azul p\u00e1lida ou amiga do ambiente do vidro, utilizando uma tela perfeitamente neutra para o seu estilo.<\/p>\n<p><strong>Peso e sensa\u00e7\u00e3o significativos:\u00a0<\/strong>Um pr\u00e9mio tem de ser realmente significativo nas m\u00e3os do seu destinat\u00e1rio. Embora mais leve do que o vidro, o nosso acr\u00edlico possui uma densidade e um peso agrad\u00e1veis que transmitem uma sensa\u00e7\u00e3o de valor, valor e durabilidade. Este contentamento reativo \u00e9 um aspeto vital, frequentemente negligenciado, da experi\u00eancia da homenagem. Quando uma pessoa segura a sua condecora\u00e7\u00e3o, a sua sensa\u00e7\u00e3o consider\u00e1vel refor\u00e7a a gravidade e o significado do seu sucesso.<\/p>\n<p><strong>Resist\u00eancia e for\u00e7a excepcionais:\u00a0<\/strong>A beleza tem de ser duradoura. O pol\u00edmero \u00e9 consideravelmente mais resistente ao impacto do que o vidro ou o cristal, tornando-o muito menos suscet\u00edvel de se partir ou estilha\u00e7ar. Esta resist\u00eancia fundamental proporciona conforto, garantindo que a honra pode ser exibida com orgulho em locais de trabalho, escolas ou casas movimentados, sem medo cont\u00ednuo de danos involunt\u00e1rios. Al\u00e9m disso, o acr\u00edlico apresenta uma excelente resist\u00eancia \u00e0s intemp\u00e9ries e estabilidade qu\u00edmica. N\u00e3o amarelece nem se torna fr\u00e1gil quando exposto \u00e0 luz do sol com o passar do tempo, assegurando que a homenagem continua a ser t\u00e3o pura e fant\u00e1stica como no dia em que foi recebida. A sua superf\u00edcie resistente ao desgaste \u00e9 cuidada e limpa, preservando o seu revestimento brilhante e polido durante v\u00e1rios anos.<\/p>\n<p><a href=\"https:\/\/customacrylicproduct.com\/pt\/bespoke-freestanding-laser-engraving-acrylic-awards-factory\/\"><img fetchpriority=\"high\" decoding=\"async\" class=\"aligncenter wp-image-1068 size-large\" src=\"https:\/\/customacrylicproduct.com\/wp-content\/uploads\/2025\/07\/Acrylic-Awards-1024x1024.jpg\" alt=\"Pr\u00e9mios em acr\u00edlico\" width=\"1024\" height=\"1024\" srcset=\"https:\/\/customacrylicproduct.com\/wp-content\/uploads\/2025\/07\/Acrylic-Awards-1024x1024.jpg 1024w, https:\/\/customacrylicproduct.com\/wp-content\/uploads\/2025\/07\/Acrylic-Awards-300x300.jpg 300w, https:\/\/customacrylicproduct.com\/wp-content\/uploads\/2025\/07\/Acrylic-Awards-150x150.jpg 150w, https:\/\/customacrylicproduct.com\/wp-content\/uploads\/2025\/07\/Acrylic-Awards-768x768.jpg 768w, https:\/\/customacrylicproduct.com\/wp-content\/uploads\/2025\/07\/Acrylic-Awards-12x12.jpg 12w, https:\/\/customacrylicproduct.com\/wp-content\/uploads\/2025\/07\/Acrylic-Awards-600x600.jpg 600w, https:\/\/customacrylicproduct.com\/wp-content\/uploads\/2025\/07\/Acrylic-Awards-100x100.jpg 100w, https:\/\/customacrylicproduct.com\/wp-content\/uploads\/2025\/07\/Acrylic-Awards.jpg 1465w\" sizes=\"(max-width: 1024px) 100vw, 1024px\" \/><\/a><\/p>\n<h4 id=\"-2-accuracy-perfected-the-technological-benefits-of-laser-inscription-\"><strong>2. Precis\u00e3o aperfei\u00e7oada: As vantagens tecnol\u00f3gicas da inscri\u00e7\u00e3o a laser\u00a0<\/strong>.<\/h4>\n<p>Se o acr\u00edlico \u00e9 a alma da honra, o nosso procedimento de inscri\u00e7\u00e3o a laser \u00e9 a sua voz. Utilizamos tecnologia laser moderna de \u00faltima gera\u00e7\u00e3o para transformar um bloco vazio de acr\u00edlico numa obra-prima personalizada. Este processo oferece uma s\u00e9rie de vantagens em rela\u00e7\u00e3o \u00e0s abordagens tradicionais, conduzindo a um produto de qualidade superior e informa\u00e7\u00e3o de primeira qualidade.<\/p>\n<p><strong>Precis\u00e3o microsc\u00f3pica e pormenores not\u00e1veis:\u00a0<\/strong>Os nossos lasers funcionam com uma precis\u00e3o impressionante de aproximadamente \u00b1 0,1 mm. Esta precis\u00e3o microsc\u00f3pica permite-nos reproduzir at\u00e9 os estilos mais complicados com uma fidelidade impressionante. Desenhos elaborados de log\u00f3tipos de empresas, fontes manuscritas fr\u00e1geis, imagens profundas e mensagens finas s\u00e3o gravados com uma qualidade n\u00edtida. As arestas de cada elemento gravado s\u00e3o perfeitamente lisas e limpas, n\u00e3o necessitando de um segundo polimento ou retifica\u00e7\u00e3o. Isto resulta numa superf\u00edcie n\u00edtida e profissional que \u00e9 dif\u00edcil de obter com dispositivos mec\u00e2nicos.<\/p>\n<p><strong>Processo sem contacto e sem stress:\u00a0<\/strong>Ao contr\u00e1rio da dire\u00e7\u00e3o CNC convencional ou da grava\u00e7\u00e3o mec\u00e2nica que aplica tens\u00e3o f\u00edsica ao produto, a inscri\u00e7\u00e3o a laser \u00e9 um procedimento sem contacto. Um feixe focalizado vaporiza o acr\u00edlico num ponto espec\u00edfico, eliminando a amea\u00e7a de tens\u00e3o mec\u00e2nica, micro-fracturas ou deforma\u00e7\u00e3o. Isto \u00e9 particularmente importante quando se colabora com formas detalhadas ou desenhos delicados, uma vez que garante a integridade arquitet\u00f3nica e a \u00e1rea de superf\u00edcie impec\u00e1vel do acr\u00edlico \u00e9 preservada durante todo o processo de fabrico.<\/p>\n<p><strong>Velocidade e efici\u00eancia inigual\u00e1veis:\u00a0<\/strong>A velocidade dos nossos sistemas laser \u00e9 uma vantagem significativa. O processo de grava\u00e7\u00e3o \u00e9 mais de 3 vezes mais r\u00e1pido do que a inscri\u00e7\u00e3o CNC convencional, permitindo tempos de resposta r\u00e1pidos, mesmo em grandes encomendas. Esta efic\u00e1cia \u00e9 ainda melhorada pela aplica\u00e7\u00e3o de software inteligente de composi\u00e7\u00e3o e coloca\u00e7\u00e3o, que maximiza a disposi\u00e7\u00e3o de v\u00e1rios estilos numa \u00fanica folha de acr\u00edlico. Isto n\u00e3o s\u00f3 acelera o fabrico, como tamb\u00e9m diminui o desperd\u00edcio de produto, contribuindo para um processo mais sustent\u00e1vel e permitindo-nos passar essas poupan\u00e7as financeiras diretamente para os nossos clientes.<\/p>\n<p><a href=\"https:\/\/customacrylicproduct.com\/pt\/bespoke-freestanding-laser-engraving-acrylic-awards-factory\/\"><img decoding=\"async\" class=\"aligncenter wp-image-1065 size-large\" src=\"https:\/\/customacrylicproduct.com\/wp-content\/uploads\/2025\/07\/Acrylic-Awards-1-1024x1024.jpg\" alt=\"Pr\u00e9mios em acr\u00edlico\" width=\"1024\" height=\"1024\" srcset=\"https:\/\/customacrylicproduct.com\/wp-content\/uploads\/2025\/07\/Acrylic-Awards-1-1024x1024.jpg 1024w, https:\/\/customacrylicproduct.com\/wp-content\/uploads\/2025\/07\/Acrylic-Awards-1-300x300.jpg 300w, https:\/\/customacrylicproduct.com\/wp-content\/uploads\/2025\/07\/Acrylic-Awards-1-150x150.jpg 150w, https:\/\/customacrylicproduct.com\/wp-content\/uploads\/2025\/07\/Acrylic-Awards-1-768x768.jpg 768w, https:\/\/customacrylicproduct.com\/wp-content\/uploads\/2025\/07\/Acrylic-Awards-1-12x12.jpg 12w, https:\/\/customacrylicproduct.com\/wp-content\/uploads\/2025\/07\/Acrylic-Awards-1-600x600.jpg 600w, https:\/\/customacrylicproduct.com\/wp-content\/uploads\/2025\/07\/Acrylic-Awards-1-100x100.jpg 100w, https:\/\/customacrylicproduct.com\/wp-content\/uploads\/2025\/07\/Acrylic-Awards-1.jpg 1500w\" sizes=\"(max-width: 1024px) 100vw, 1024px\" \/><\/a><\/p>\n<h4 id=\"-3-layout-beyond-convention-crafting-a-vision-in-acrylic-\"><strong>3. Layout para al\u00e9m da conven\u00e7\u00e3o: Criar uma vis\u00e3o em acr\u00edlico\u00a0<\/strong>.<\/h4>\n<p>A natureza livre dos nossos pr\u00e9mios abre um globo de oportunidades criativas. Sem os constrangimentos de uma base t\u00edpica, o pr\u00f3prio pr\u00e9mio acaba por ser a declara\u00e7\u00e3o imaginativa completa. As nossas capacidades de design permitem-lhe desenvolver uma pe\u00e7a verdadeiramente distinta que reflecte completamente a sua marca, evento ou mensagem.<\/p>\n<p><strong>Formas e formatos infinitos:\u00a0<\/strong>Desde os cl\u00e1ssicos blocos rectangulares e c\u00edrculos elegantes at\u00e9 \u00e0s silhuetas personalizadas que reflectem o design do log\u00f3tipo da sua empresa ou um sinal relevante, o potencial de estilo \u00e9 praticamente infinito. O pr\u00e9mio pode ser espesso e consider\u00e1vel para uma declara\u00e7\u00e3o forte, ou aerodin\u00e2mico e fino para um visual mais minimalista. Podemos produzir lados facetados que captam a luz como um diamante ou cantos arredondados para um toque mais suave e moderno.<\/p>\n<p><strong>O poder da base:\u00a0<\/strong>Embora alguns dos nossos pr\u00e9mios sejam criados para serem totalmente aut\u00f3nomos, uma base diferente pode acrescentar uma camada adicional de classe. Uma base cl\u00e1ssica em acr\u00edlico preto de alto brilho oferece uma compara\u00e7\u00e3o impressionante com o corpo transparente do pr\u00e9mio, actuando como um suporte elegante. Esta base \u00e9, al\u00e9m disso, uma tela perfeita para uma segunda personaliza\u00e7\u00e3o, como a publica\u00e7\u00e3o de um log\u00f3tipo a cores, a inscri\u00e7\u00e3o do nome do destinat\u00e1rio ou a inclus\u00e3o da data da ocasi\u00e3o. Para um efeito verdadeiramente espetacular, a base pode ser concebida num estilo de caixa oca, equipada com luzes LED integradas. Ao premir um bot\u00e3o, todo o pr\u00e9mio se ilumina, transformando-se num trof\u00e9u din\u00e2mico e vibrante que chama a aten\u00e7\u00e3o.<\/p>\n<p><strong>A magia do al\u00edvio 3D:\u00a0<\/strong>Uma das nossas capacidades mais excepcionais \u00e9 o desenvolvimento de efeitos de al\u00edvio 3D atrav\u00e9s de uma estrat\u00e9gia h\u00e1bil denominada inscri\u00e7\u00e3o em escala de cinzentos. Ao gerir especificamente a pot\u00eancia e a focagem do laser, os nossos artes\u00e3os podem criar diferentes n\u00edveis de inscri\u00e7\u00e3o no acr\u00edlico. Isto d\u00e1 a impress\u00e3o de que o padr\u00e3o ou log\u00f3tipo est\u00e1 a flutuar holograficamente no interior do bloco, desenvolvendo um magn\u00edfico encanto tridimensional que deve ser visto para se acreditar. Acrescenta uma camada de profundidade e sofistica\u00e7\u00e3o que faz com que o pr\u00e9mio passe de uma simples placa a uma verdadeira obra-prima.<\/p>\n<h4 id=\"-4-a-canvas-for-every-single-occasion-versatile-application-situations-\"><strong>4. Uma tela para cada ocasi\u00e3o: Situa\u00e7\u00f5es de aplica\u00e7\u00e3o vers\u00e1teis\u00a0<\/strong>.<\/h4>\n<p>O visual contempor\u00e2neo, a resili\u00eancia e as consider\u00e1veis op\u00e7\u00f5es de personaliza\u00e7\u00e3o das nossas homenagens acr\u00edlicas aut\u00f3nomas fazem delas a escolha perfeita para uma variedade inacredit\u00e1vel de eventos e reconhecimentos.<\/p>\n<ul>\n<li><strong>Mundo empresarial e organizacional:\u00a0<\/strong>Comemore a qualidade no ambiente de trabalho com pr\u00e9mios para \u201cEmpregado do M\u00eas\u201d, \u201cMelhor Animador de Vendas\u201d, \u201cPresidente do Clube\u201d ou \u201cAnos de Servi\u00e7o\u201d. S\u00e3o adequados para reuni\u00f5es anuais de empresas, reconhecimentos de parceiros e presentes para reformados.<\/li>\n<li><strong>Institui\u00e7\u00f5es acad\u00e9micas e educativas:\u00a0<\/strong>Honrar o sucesso dos estudantes com distin\u00e7\u00f5es para oradores, qualidade escolar e campe\u00f5es desportivos. Identifique os pagamentos do corpo docente, o desenvolvimento da investiga\u00e7\u00e3o e a generosidade dos benfeitores com uma lembran\u00e7a sofisticada.<\/li>\n<li><strong>Desportos e competi\u00e7\u00f5es:\u00a0<\/strong>Desde competi\u00e7\u00f5es locais a jogos de campeonato, estas honras funcionam como magn\u00edficos trof\u00e9us e medalhas que captam o esp\u00edrito de vit\u00f3ria. A sua durabilidade garante que durar\u00e3o muito mais tempo do que os t\u00edpicos trof\u00e9us de pl\u00e1stico.<\/li>\n<li><strong>Ocasi\u00f5es comerciais e promocionais:\u00a0<\/strong>Utilize blocos de acr\u00edlico gravados por encomenda como objectos publicit\u00e1rios de primeira qualidade, brindes para conven\u00e7\u00f5es comerciais ou lembran\u00e7as para lan\u00e7amentos de produtos e ocasi\u00f5es \u00fanicas. Eles funcionam como um indicador duradouro do compromisso da sua marca com a qualidade.<\/li>\n<li><strong>Marcos pessoais e organiza\u00e7\u00f5es sem fins lucrativos:\u00a0<\/strong>Homenageie anivers\u00e1rios de casamento, celebre realiza\u00e7\u00f5es individuais ou utilize-os como presentes especiais de \u201cagradecimento\u201d para volunt\u00e1rios e clientes no mercado da caridade. S\u00e3o um excelente prestador de servi\u00e7os para comunicar honra, gratid\u00e3o e sentimento.<\/li>\n<\/ul>\n<h4 id=\"-5-your-vision-our-knowledge-a-genuinely-bespoke-personalization-service-\"><strong>5. A sua vis\u00e3o, o nosso conhecimento: Um servi\u00e7o de personaliza\u00e7\u00e3o genuinamente \u00e0 medida\u00a0<\/strong>.<\/h4>\n<p>A nossa empresa acredita que uma homenagem personalizada deve ser uma produ\u00e7\u00e3o colaborativa. O nosso procedimento foi criado para ser simples, claro e centrado em dar vida \u00e0 sua vis\u00e3o distinta.<\/p>\n<p>O nosso grupo de layout dedicado acompanha-o em todas as ac\u00e7\u00f5es do caminho. Pode solicitar-nos documentos de design completos, prontos para impress\u00e3o, ou apenas um conceito. Os nossos especialistas ir\u00e3o certamente ouvir os seus requisitos, compreender o contexto do pr\u00e9mio e colaborar consigo para estabelecer um princ\u00edpio. Utilizando aplica\u00e7\u00f5es de software de estilo profissional como o CorelDRAW e o AutoCAD, converteremos as suas ideias numa prova digital detalhada. Isto permite-lhe ver especificamente o aspeto do seu pr\u00e9mio, e podemos fazer quaisquer modifica\u00e7\u00f5es necess\u00e1rias na forma, dimens\u00e3o, mensagem ou coloca\u00e7\u00e3o do log\u00f3tipo at\u00e9 ficar 100% satisfeito. Esta dedica\u00e7\u00e3o \u00e0 parceria garante que o produto final n\u00e3o \u00e9 simplesmente algo que produzimos para si, mas algo que produzimos consigo.<\/p>\n<p><a href=\"https:\/\/customacrylicproduct.com\/pt\/bespoke-freestanding-laser-engraving-acrylic-awards-factory\/\"><img decoding=\"async\" class=\"aligncenter wp-image-1067 size-full\" src=\"https:\/\/customacrylicproduct.com\/wp-content\/uploads\/2025\/07\/Acrylic-Awards-3.jpg\" alt=\"Pr\u00e9mios em acr\u00edlico\" width=\"1500\" height=\"1500\" srcset=\"https:\/\/customacrylicproduct.com\/wp-content\/uploads\/2025\/07\/Acrylic-Awards-3.jpg 1500w, https:\/\/customacrylicproduct.com\/wp-content\/uploads\/2025\/07\/Acrylic-Awards-3-300x300.jpg 300w, https:\/\/customacrylicproduct.com\/wp-content\/uploads\/2025\/07\/Acrylic-Awards-3-1024x1024.jpg 1024w, https:\/\/customacrylicproduct.com\/wp-content\/uploads\/2025\/07\/Acrylic-Awards-3-150x150.jpg 150w, https:\/\/customacrylicproduct.com\/wp-content\/uploads\/2025\/07\/Acrylic-Awards-3-768x768.jpg 768w, https:\/\/customacrylicproduct.com\/wp-content\/uploads\/2025\/07\/Acrylic-Awards-3-12x12.jpg 12w, https:\/\/customacrylicproduct.com\/wp-content\/uploads\/2025\/07\/Acrylic-Awards-3-600x600.jpg 600w, https:\/\/customacrylicproduct.com\/wp-content\/uploads\/2025\/07\/Acrylic-Awards-3-100x100.jpg 100w\" sizes=\"(max-width: 1500px) 100vw, 1500px\" \/><\/a><\/p>\n<h4 id=\"-6-premium-top-quality-accessible-rate-the-smart-financial-investment-in-recognition-\"><strong>6. Qualidade superior, pre\u00e7o acess\u00edvel: O investimento financeiro inteligente em reconhecimento\u00a0<\/strong>.<\/h4>\n<p>A exclusividade e a alta qualidade excecional n\u00e3o t\u00eam de incluir um pre\u00e7o exorbitante. Uma das facetas mais cativantes da nossa <a href=\"https:\/\/customacrylicproduct.com\/pt\/bespoke-freestanding-laser-engraving-acrylic-awards-factory\/\">pr\u00e9mios em acr\u00edlico<\/a> \u00e9 a sua excecional rela\u00e7\u00e3o pre\u00e7o\/valor.<\/p>\n<p>O pr\u00f3prio acr\u00edlico \u00e9 um produto altamente econ\u00f3mico. Uma placa de acr\u00edlico comum, que custa uma parte do cristal bruto ou do metal, oferece a mat\u00e9ria-prima para estes artigos espectaculares. Quando combinado com a efici\u00eancia de alta velocidade do nosso procedimento de inscri\u00e7\u00e3o a laser, o custo geral de produ\u00e7\u00e3o mant\u00e9m-se extremamente reduzido.<\/p>\n<p>Por conseguinte, as nossas honras aut\u00f3nomas em acr\u00edlico s\u00e3o significativamente mais competitivas em termos de pre\u00e7o do que honras compar\u00e1veis feitas de cristal ou a\u00e7o. Permitem-lhe obter um produto deslumbrante, duradouro e totalmente personalizado a um pre\u00e7o que \u00e9 normalmente mais adequado para planos or\u00e7amentais de todas as dimens\u00f5es. Este custo-benef\u00edcio \u00e9 especialmente valioso para uma grande personaliza\u00e7\u00e3o, tornando os nossos pr\u00e9mios a excelente escolha para ocasi\u00f5es de neg\u00f3cios, eventos escolares ou qualquer ocasi\u00e3o que exija muitas honras individualizadas e de alta qualidade sem quebrar a institui\u00e7\u00e3o financeira.<\/p>\n<p>Para concluir, o nosso produto Bespoke Freestanding Laser Engraved<a href=\"https:\/\/customacrylicproduct.com\/pt\/custom-acrylic-trophies-awards\/\"> Suporte para pr\u00e9mios em acr\u00edlico<\/a> para uma harmonia perfeita entre g\u00e9nero, fun\u00e7\u00e3o e valor. S\u00e3o uma op\u00e7\u00e3o moderna, resistente e constantemente ajust\u00e1vel para qualquer pessoa que pretenda celebrar o sucesso de uma forma significativa e not\u00e1vel. Ligue hoje mesmo para a nossa equipa de layout e deixe-nos ajud\u00e1-lo a produzir algo realmente extraordin\u00e1rio.<\/p>","protected":false},"excerpt":{"rendered":"<p>Celebre o sucesso com os nossos pr\u00e9mios em acr\u00edlico independentes. Gravados com precis\u00e3o a laser com o seu log\u00f3tipo e texto personalizados em acr\u00edlico polido de alta qualidade. Este design elegante e aut\u00f3nomo oferece uma recorda\u00e7\u00e3o moderna e elegante para honrar qualquer conquista.<\/p>","protected":false},"featured_media":1068,"template":"","meta":{"_kad_post_transparent":"default","_kad_post_title":"","_kad_post_layout":"default","_kad_post_sidebar_id":"","_kad_post_content_style":"default","_kad_post_vertical_padding":"default","_kad_post_feature":"","_kad_post_feature_position":"","_kad_post_header":false,"_kad_post_footer":false,"_kad_post_classname":""},"product_brand":[],"product_cat":[19],"product_tag":[96,59,58],"class_list":{"0":"post-1064","1":"product","2":"type-product","3":"status-publish","4":"has-post-thumbnail","6":"product_cat-custom-acrylic-trophies-awards","7":"product_tag-acrylic-awards","8":"product_tag-custom-acrylic-awards","9":"product_tag-custom-acrylic-trophies","11":"first","12":"instock","13":"shipping-taxable","14":"product-type-simple","15":"entry","16":"content-bg","17":"loop-entry"},"_links":{"self":[{"href":"https:\/\/customacrylicproduct.com\/pt\/wp-json\/wp\/v2\/product\/1064","targetHints":{"allow":["GET"]}}],"collection":[{"href":"https:\/\/customacrylicproduct.com\/pt\/wp-json\/wp\/v2\/product"}],"about":[{"href":"https:\/\/customacrylicproduct.com\/pt\/wp-json\/wp\/v2\/types\/product"}],"wp:featuredmedia":[{"embeddable":true,"href":"https:\/\/customacrylicproduct.com\/pt\/wp-json\/wp\/v2\/media\/1068"}],"wp:attachment":[{"href":"https:\/\/customacrylicproduct.com\/pt\/wp-json\/wp\/v2\/media?parent=1064"}],"wp:term":[{"taxonomy":"product_brand","embeddable":true,"href":"https:\/\/customacrylicproduct.com\/pt\/wp-json\/wp\/v2\/product_brand?post=1064"},{"taxonomy":"product_cat","embeddable":true,"href":"https:\/\/customacrylicproduct.com\/pt\/wp-json\/wp\/v2\/product_cat?post=1064"},{"taxonomy":"product_tag","embeddable":true,"href":"https:\/\/customacrylicproduct.com\/pt\/wp-json\/wp\/v2\/product_tag?post=1064"}],"curies":[{"name":"wp","href":"https:\/\/api.w.org\/{rel}","templated":true}]}}