{"id":1076,"date":"2025-07-14T12:26:45","date_gmt":"2025-07-14T12:26:45","guid":{"rendered":"https:\/\/customacrylicproduct.com\/?post_type=product&#038;p=1076"},"modified":"2025-07-14T12:29:31","modified_gmt":"2025-07-14T12:29:31","slug":"oem-butterfly-shaped-acrylic-plaques-christmas-souvenir-gift","status":"publish","type":"product","link":"https:\/\/customacrylicproduct.com\/pt\/oem-butterfly-shaped-acrylic-plaques-christmas-souvenir-gift\/","title":{"rendered":"Placas acr\u00edlicas em forma de borboleta OEM Prenda de lembran\u00e7a de Natal"},"content":{"rendered":"<h3 id=\"-the-long-lasting-butterfly-a-xmas-memento-of-enduring-love-for-your-granny-\"><strong>A Borboleta Duradoura: Uma recorda\u00e7\u00e3o de Natal de amor duradouro para a tua av\u00f3\u00a0<\/strong>.<\/h3>\n<p>No sil\u00eancio da \u00e9poca festiva, no meio das luzes cintilantes e da alegria, procuramos mais do que um simples presente. Procuramos uma sensa\u00e7\u00e3o, uma mem\u00f3ria gravada, um peda\u00e7o tang\u00edvel do nosso cora\u00e7\u00e3o que possamos oferecer \u00e0queles que moldaram o nosso mundo. Para a senhora que guarda um universo de hist\u00f3rias no seu sorriso, cujas m\u00e3os usaram efetivamente a conveni\u00eancia e cujo cora\u00e7\u00e3o tem sido um ref\u00fagio constante, encontrar a express\u00e3o ideal de amor pode parecer uma tarefa imposs\u00edvel. Neste Natal, convidamo-lo a oferecer-lhe algo t\u00e3o intemporal e deslumbrante como o seu esp\u00edrito: a nossa bela <a href=\"https:\/\/customacrylicproduct.com\/pt\/oem-butterfly-shaped-acrylic-plaques-christmas-souvenir-gift\/\">Placa de pol\u00edmero em forma de borboleta<\/a>.<\/p>\n<p>N\u00e3o se trata apenas de um desenho; \u00e9 uma heran\u00e7a de amor, um monumento \u00e0 liga\u00e7\u00e3o maravilhosa que partilha com a senhora mais especial da sua vida - a sua av\u00f3.<\/p>\n<h4 id=\"-finest-granny-gifts-redefining-the-art-of-gifting-\"><strong>AS MELHORES PRENDAS DA AV\u00d3: Redefinindo a arte de presentear\u00a0<\/strong>.<\/h4>\n<p>O nosso <a href=\"https:\/\/customacrylicproduct.com\/pt\/oem-butterfly-shaped-acrylic-plaques-christmas-souvenir-gift\/\">placa acr\u00edlica borboleta<\/a> redefine a arte de presentear as av\u00f3s, transformando um simples direito existente numa declara\u00e7\u00e3o extensa. Compreendemos que as av\u00f3s s\u00e3o as guardi\u00e3s da hist\u00f3ria da fam\u00edlia, as colunas de apoio constante e o recurso do amor incondicional. T\u00eam direito a uma prenda que espelhe a profundidade e a eleg\u00e2ncia do seu dever nas nossas vidas. Com o seu contorno de borboleta delicadamente trabalhado, esta placa \u00e9 um \u00edcone poderoso de equil\u00edbrio, transforma\u00e7\u00e3o e um amor duradouro que resiste aos exames do tempo.<\/p>\n<p>A borboleta, uma criatura de encanto et\u00e9reo, representa muito do que \u00e9 uma av\u00f3. Simboliza a viagem da vida, o desenvolvimento que ela realmente cultivou em ti, e o esp\u00edrito suave e dur\u00e1vel que realmente guiou os membros da tua fam\u00edlia. As suas asas, embora aparentemente delicadas, levam-na atrav\u00e9s de quil\u00f3metros de pa\u00eds, tal como o seu amor vos levou atrav\u00e9s dos muitos per\u00edodos da vida.<\/p>\n<p>Esta placa acaba por ser um ponto focal elegante e ideal para qualquer tipo de celebra\u00e7\u00e3o em sua honra. Quer esteja \u00e0 procura da placa ideal\u00a0<strong>Prenda para o Dia da M\u00e3e\u00a0<\/strong>para comemorar a sua resist\u00eancia matriarcal, uma\u00a0<strong>Presente de celebra\u00e7\u00e3o do anivers\u00e1rio da av\u00f3\u00a0<\/strong>que atrai a aten\u00e7\u00e3o dos outros, uma\u00a0<strong>Presente de Natal\u00a0<\/strong>para colocar debaixo da \u00e1rvore, ou uma lembran\u00e7a memor\u00e1vel para um\u00a0<strong>Anivers\u00e1rio de casamento, evento de casamento ou vida de reformado\u00a0<\/strong>, Esta placa de borboleta transcende a ocasi\u00e3o. \u00c9, antes de mais, o melhor meio para dizer tudo o que se sente, o que faz dela o melhor presente da av\u00f3 para qualquer tipo de momento que valha a pena apreciar.<\/p>\n<p><a href=\"https:\/\/customacrylicproduct.com\/pt\/oem-butterfly-shaped-acrylic-plaques-christmas-souvenir-gift\/\"><img fetchpriority=\"high\" decoding=\"async\" class=\"aligncenter wp-image-1083 size-large\" src=\"https:\/\/customacrylicproduct.com\/wp-content\/uploads\/2025\/07\/Butterfly-Shaped-Acrylic-Plaque-2-1024x1024.jpg\" alt=\"Placa acr\u00edlica em forma de borboleta\" width=\"1024\" height=\"1024\" srcset=\"https:\/\/customacrylicproduct.com\/wp-content\/uploads\/2025\/07\/Butterfly-Shaped-Acrylic-Plaque-2-1024x1024.jpg 1024w, https:\/\/customacrylicproduct.com\/wp-content\/uploads\/2025\/07\/Butterfly-Shaped-Acrylic-Plaque-2-300x300.jpg 300w, https:\/\/customacrylicproduct.com\/wp-content\/uploads\/2025\/07\/Butterfly-Shaped-Acrylic-Plaque-2-150x150.jpg 150w, https:\/\/customacrylicproduct.com\/wp-content\/uploads\/2025\/07\/Butterfly-Shaped-Acrylic-Plaque-2-768x768.jpg 768w, https:\/\/customacrylicproduct.com\/wp-content\/uploads\/2025\/07\/Butterfly-Shaped-Acrylic-Plaque-2-12x12.jpg 12w, https:\/\/customacrylicproduct.com\/wp-content\/uploads\/2025\/07\/Butterfly-Shaped-Acrylic-Plaque-2-600x600.jpg 600w, https:\/\/customacrylicproduct.com\/wp-content\/uploads\/2025\/07\/Butterfly-Shaped-Acrylic-Plaque-2-100x100.jpg 100w, https:\/\/customacrylicproduct.com\/wp-content\/uploads\/2025\/07\/Butterfly-Shaped-Acrylic-Plaque-2.jpg 1500w\" sizes=\"(max-width: 1024px) 100vw, 1024px\" \/><\/a><\/p>\n<h4 id=\"-love-messages-for-every-grandma-words-to-last-a-lifetime-\"><strong>MENSAGENS DE AMOR PARA TODAS AS AV\u00d3S: Palavras para toda a vida\u00a0<\/strong>.<\/h4>\n<p>Por vezes, as palavras mais importantes s\u00e3o as mais dif\u00edceis de dizer. O \u201cgosto de ti\u201d de todos os dias pode parecer muito regular, deixando de captar a imensa gratid\u00e3o e afeto que guardamos no nosso cora\u00e7\u00e3o. A nossa placa de borboletas preenche essa lacuna, gravando os seus pontos de vista mais \u00edntimos num objeto deslumbrante que ela pode ver e tocar todos os dias.<\/p>\n<p>Gravada com precis\u00e3o e tratamento, a placa cont\u00e9m uma mensagem simultaneamente b\u00e1sica e extensa:.<\/p>\n<p><strong>\u201d Para a minha linda av\u00f3, lembra-te sempre que te amo\u201d.\u201d\u00a0<\/strong>.<\/p>\n<p>Esta frase eficaz \u00e9 uma garantia consistente e suave. \u00c9 um indicador para os minutos de sil\u00eancio quando n\u00e3o estamos presentes, um murm\u00fario de amor que se reflecte na sua casa. \u00c9 para a av\u00f3, para a avozinha, para a nana, para a naninha - para cada um dos t\u00edtulos que ela tem, esta mensagem fala uma linguagem universal de amor. Informa-a de que, mesmo que o ritmo ativo da vida signifique que n\u00e3o o dizemos o suficiente, a nossa gratid\u00e3o \u00e9 inabal\u00e1vel. Lembra-lhe que ela \u00e9 vista, valorizada e apreciada sem medida. \u00c9 uma promessa de que a liga\u00e7\u00e3o que partilham \u00e9 uma parte fundamental do que s\u00e3o, uma liga\u00e7\u00e3o que ser\u00e1 sempre acarinhada.<\/p>\n<h4 id=\"-durable-and-eco-friendly-high-quality-a-commitment-to-elegance-and-duty-\"><strong>ALTA QUALIDADE DUR\u00c1VEL E AMIG\u00c1VEL AO MEIO AMBIENTE: Um compromisso com a eleg\u00e2ncia e o dever\u00a0<\/strong>.<\/h4>\n<p>Uma prenda que se destina a durar uma vida inteira tem de ser fabricada com materiais resistentes. As nossas placas para av\u00f3s s\u00e3o cuidadosamente fabricadas em acr\u00edlico robusto, de qualidade superior e cristalino, representando o auge da longa vida e do artesanato moderno. N\u00e3o se trata de pl\u00e1stico fr\u00e1gil; \u00e9 um material significativo e substancial com a not\u00e1vel abertura do vidro, mas sem a sua fragilidade integral. Pode ficar descansado sabendo que esta linda lembran\u00e7a n\u00e3o se vai partir ou quebrar, mantendo a sua mensagem e o seu encanto durante d\u00e9cadas.<\/p>\n<p>Os lados s\u00e3o polidos com diamante at\u00e9 obterem um revestimento luminescente suave, que capta e refracta a luz de uma forma que d\u00e1 vida a todo o objeto. A transpar\u00eancia do acr\u00edlico produz um resultado magn\u00edfico, praticamente a\u00e9reo, permitindo que as cores intrincadas do desenho da borboleta e a qualidade do texto brilhem com uma vibra\u00e7\u00e3o excecional.<\/p>\n<p>Al\u00e9m disso, numa \u00e9poca em que o consumismo consciente \u00e9 mais importante do que nunca, orgulhamo-nos do facto de a nossa dedica\u00e7\u00e3o \u00e0 alta qualidade se alinhar com um compromisso para com o nosso planeta. O pol\u00edmero de alta qualidade que utilizamos \u00e9 recicl\u00e1vel, um atributo que se enquadra profundamente nos valores de consci\u00eancia ecol\u00f3gica dos consumidores do Reino Unido. Ao escolher a nossa placa da av\u00f3, n\u00e3o est\u00e1 apenas a escolher um presente resistente e duradouro, mas tamb\u00e9m a fazer uma escolha respons\u00e1vel que reflecte um compromisso comum com um futuro mais verde e duradouro. Esta \u00e9 uma prenda que sabe bem oferecer, em todos os sentidos da palavra.<\/p>\n<p><a href=\"https:\/\/customacrylicproduct.com\/pt\/custom-acrylic-crafts\/\"><img decoding=\"async\" class=\"aligncenter wp-image-1081 size-large\" src=\"https:\/\/customacrylicproduct.com\/wp-content\/uploads\/2025\/07\/Acrylic-Plaques-1024x1024.jpg\" alt=\"Placas de acr\u00edlico\" width=\"1024\" height=\"1024\" srcset=\"https:\/\/customacrylicproduct.com\/wp-content\/uploads\/2025\/07\/Acrylic-Plaques-1024x1024.jpg 1024w, https:\/\/customacrylicproduct.com\/wp-content\/uploads\/2025\/07\/Acrylic-Plaques-300x300.jpg 300w, https:\/\/customacrylicproduct.com\/wp-content\/uploads\/2025\/07\/Acrylic-Plaques-150x150.jpg 150w, https:\/\/customacrylicproduct.com\/wp-content\/uploads\/2025\/07\/Acrylic-Plaques-768x768.jpg 768w, https:\/\/customacrylicproduct.com\/wp-content\/uploads\/2025\/07\/Acrylic-Plaques-12x12.jpg 12w, https:\/\/customacrylicproduct.com\/wp-content\/uploads\/2025\/07\/Acrylic-Plaques-600x600.jpg 600w, https:\/\/customacrylicproduct.com\/wp-content\/uploads\/2025\/07\/Acrylic-Plaques-100x100.jpg 100w, https:\/\/customacrylicproduct.com\/wp-content\/uploads\/2025\/07\/Acrylic-Plaques.jpg 1200w\" sizes=\"(max-width: 1024px) 100vw, 1024px\" \/><\/a><\/p>\n<h4 id=\"-trendy-home-accent-boosting-her-cherished-spaces-\"><strong>SOTAQUE MODERNO PARA A CASA: Refor\u00e7ar os seus espa\u00e7os queridos\u00a0<\/strong>.<\/h4>\n<p>O nosso <a href=\"https:\/\/customacrylicproduct.com\/pt\/oem-butterfly-shaped-acrylic-plaques-christmas-souvenir-gift\/\">placa de borboleta<\/a> \u00e9 mais do que um s\u00edmbolo emocional; \u00e9 uma obra de arte desenvolvida para melhorar o encanto da sua casa. Com a sua disposi\u00e7\u00e3o distinta de p\u00e9 livre e a impress\u00e3o a cores delicadamente abrangente, esta placa \u00e9 uma decora\u00e7\u00e3o de casa impressionante que se mistura na perfei\u00e7\u00e3o com qualquer tipo de estilo de interior, desde o cl\u00e1ssico e relaxante ao moderno e minimalista.<\/p>\n<p>Imagine-o colocado no parapeito de uma janela ensolarada na sala de estar dela, com a luz a atravessar as asas da borboleta e a lan\u00e7ar uma escurid\u00e3o vibrante sobre a \u00e1rea. Imagine-a aconchegada na sua mesa de cabeceira, o primeiro e o \u00faltimo ponto que ela v\u00ea todos os dias, uma dica cont\u00ednua do seu amor. Veja-a a ocupar um lugar de destaque na lareira, perto de fotografias de fam\u00edlia preciosas, ou a dar um toque de estilo a um canto tranquilo do seu est\u00fadio de investiga\u00e7\u00e3o ou a uma prateleira na casa de banho. Pode at\u00e9 dar um toque de beleza interior a um p\u00e1tio seguro ou a uma \u00e1rea de sol\u00e1rio.<\/p>\n<p>A base est\u00e1vel e aut\u00f3noma da placa dispensa a necessidade de suportes ou cavaletes inc\u00f3modos. Foi criada para ser colocada sem esfor\u00e7o e apreciada de imediato. A sua exist\u00eancia \u00e9 simultaneamente substancial e elegante, incluindo um toque sofisticado e individual que transforma uma casa num lar carregado de amor e recorda\u00e7\u00f5es.<\/p>\n<p><a href=\"https:\/\/customacrylicproduct.com\/pt\/custom-acrylic-crafts\/\"><img decoding=\"async\" class=\"aligncenter wp-image-1082 size-large\" src=\"https:\/\/customacrylicproduct.com\/wp-content\/uploads\/2025\/07\/Butterfly-Shaped-Acrylic-Plaque-1-1024x1024.jpg\" alt=\"Placa acr\u00edlica em forma de borboleta\" width=\"1024\" height=\"1024\" srcset=\"https:\/\/customacrylicproduct.com\/wp-content\/uploads\/2025\/07\/Butterfly-Shaped-Acrylic-Plaque-1-1024x1024.jpg 1024w, https:\/\/customacrylicproduct.com\/wp-content\/uploads\/2025\/07\/Butterfly-Shaped-Acrylic-Plaque-1-300x300.jpg 300w, https:\/\/customacrylicproduct.com\/wp-content\/uploads\/2025\/07\/Butterfly-Shaped-Acrylic-Plaque-1-150x150.jpg 150w, https:\/\/customacrylicproduct.com\/wp-content\/uploads\/2025\/07\/Butterfly-Shaped-Acrylic-Plaque-1-768x768.jpg 768w, https:\/\/customacrylicproduct.com\/wp-content\/uploads\/2025\/07\/Butterfly-Shaped-Acrylic-Plaque-1-12x12.jpg 12w, https:\/\/customacrylicproduct.com\/wp-content\/uploads\/2025\/07\/Butterfly-Shaped-Acrylic-Plaque-1-600x600.jpg 600w, https:\/\/customacrylicproduct.com\/wp-content\/uploads\/2025\/07\/Butterfly-Shaped-Acrylic-Plaque-1-100x100.jpg 100w, https:\/\/customacrylicproduct.com\/wp-content\/uploads\/2025\/07\/Butterfly-Shaped-Acrylic-Plaque-1.jpg 1500w\" sizes=\"(max-width: 1024px) 100vw, 1024px\" \/><\/a><\/p>\n<h4 id=\"-a-world-of-possibilities-the-power-of-personalization-\"><strong>UM MUNDO DE POSSIBILIDADES: O poder da personaliza\u00e7\u00e3o\u00a0<\/strong>.<\/h4>\n<p>Embora o nosso esquema convencional fale de um amor global, reconhecemos que cada liga\u00e7\u00e3o com uma av\u00f3 \u00e9 \u00fanica. \u00c9 uma hist\u00f3ria escrita em risos partilhados, pratos secretos e piadas pessoais. Para honrar essa individualidade, oferecemos um servi\u00e7o de personaliza\u00e7\u00e3o completo diretamente a partir das nossas instala\u00e7\u00f5es de fabrico.<\/p>\n<p>Os nossos artes\u00e3os qualificados podem dar vida \u00e0 sua vis\u00e3o. Tem o poder de desenvolver uma obra de arte genuinamente \u00fanica.<\/p>\n<ul>\n<li><strong>Forma e tamanho:\u00a0<\/strong>Embora a borboleta seja a nossa assinatura, provavelmente mais uma forma tem um significado \u00fanico para si e para a sua av\u00f3. Podemos trabalhar consigo para ajustar as dimens\u00f5es ou para encontrar novos tipos.<\/li>\n<li><strong>Esquema de cores:\u00a0<\/strong>Adapte as cores da borboleta para combinar com o design da sua casa ou para incluir os seus tons mais queridos.<\/li>\n<li><strong>Padr\u00f5es e textos gravados:\u00a0<\/strong>\u00c9 aqui que a magia acontece de facto. Modifique \u201cAv\u00f3\u201d para \u201cNana\u201d, \u201cAma\u201d, \u201cAv\u00f3\u201d ou qualquer outro termo carinhoso. Acrescente um dia importante - a celebra\u00e7\u00e3o do anivers\u00e1rio dela, o anivers\u00e1rio de casamento ou o dia em que nasceu. Consiste numa breve piada pessoal ou numa cita\u00e7\u00e3o diferente que tenha especificado constantemente a sua liga\u00e7\u00e3o.<\/li>\n<\/ul>\n<p>O procedimento \u00e9 simples e direto. Pode fornecer os seus pr\u00f3prios desenhos de design, ou pode interagir os seus conceitos diretamente com o nosso talentoso grupo de estilo de f\u00e1brica, que o ajudar\u00e1 a criar a melhor placa personalizada. Este grau de personaliza\u00e7\u00e3o transforma o presente de um objeto ador\u00e1vel numa heran\u00e7a profundamente individual, um pr\u00e9mio que \u00e9 \u00fanica e exclusivamente dela.<\/p>\n<h4 id=\"-pleasant-gifting-experience-our-pledge-of-excellence-\"><strong>EXPERI\u00caNCIA AGRAD\u00c1VEL DE PRESENTEAR: O nosso compromisso de excel\u00eancia\u00a0<\/strong>.<\/h4>\n<p>A nossa equipa acredita que o ato de oferecer deve ser t\u00e3o feliz e tranquilo para o cliente como para o destinat\u00e1rio. A nossa marca assenta numa base de confian\u00e7a e numa dedica\u00e7\u00e3o \u00e0 satisfa\u00e7\u00e3o total. Certificamo-nos de que todas as placas que saem das nossas instala\u00e7\u00f5es cumprem os mais elevados padr\u00f5es de qualidade.<\/p>\n<p>Para os nossos compradores que procuram uma viagem excelente e despreocupada para oferecer presentes, pode comprar com total confian\u00e7a. Apoiamos os nossos produtos com uma garantia inabal\u00e1vel. No caso improv\u00e1vel de a sua placa chegar com algum tipo de defeito ou ser danificada durante o percurso, comprometemo-nos a substitu\u00ed-la sem demora e sem inconvenientes. A sua felicidade, e a da sua av\u00f3, \u00e9 a nossa prioridade m\u00e1xima.<\/p>\n<p>Neste Natal, ultrapasse o normal. Ofere\u00e7a uma prenda que vibra com vida, fala com o cora\u00e7\u00e3o e \u00e9 um testemunho duradouro do amor mais belo de todos. Ofere\u00e7a-lhe a Borboleta Eterna.<\/p>","protected":false},"excerpt":{"rendered":"<p>Expanda a sua linha de produtos com a nossa placa acr\u00edlica em forma de borboleta, totalmente personaliz\u00e1vel. Como fabricante l\u00edder de OEM, oferecemos controlo total sobre o design, a marca e a embalagem para criar uma lembran\u00e7a de elevada procura para os mercados de Natal, f\u00e9rias e presentes sentimentais. Associe-se a n\u00f3s para obter uma qualidade fi\u00e1vel e pre\u00e7os competitivos por grosso.<\/p>","protected":false},"featured_media":1077,"template":"","meta":{"_kad_post_transparent":"default","_kad_post_title":"","_kad_post_layout":"default","_kad_post_sidebar_id":"","_kad_post_content_style":"default","_kad_post_vertical_padding":"default","_kad_post_feature":"","_kad_post_feature_position":"","_kad_post_header":false,"_kad_post_footer":false,"_kad_post_classname":""},"product_brand":[],"product_cat":[20],"product_tag":[97,65],"class_list":{"0":"post-1076","1":"product","2":"type-product","3":"status-publish","4":"has-post-thumbnail","6":"product_cat-custom-acrylic-crafts","7":"product_tag-acrylic-plaques","8":"product_tag-custom-acrylic-crafts","10":"first","11":"instock","12":"shipping-taxable","13":"product-type-simple","14":"entry","15":"content-bg","16":"loop-entry"},"_links":{"self":[{"href":"https:\/\/customacrylicproduct.com\/pt\/wp-json\/wp\/v2\/product\/1076","targetHints":{"allow":["GET"]}}],"collection":[{"href":"https:\/\/customacrylicproduct.com\/pt\/wp-json\/wp\/v2\/product"}],"about":[{"href":"https:\/\/customacrylicproduct.com\/pt\/wp-json\/wp\/v2\/types\/product"}],"wp:featuredmedia":[{"embeddable":true,"href":"https:\/\/customacrylicproduct.com\/pt\/wp-json\/wp\/v2\/media\/1077"}],"wp:attachment":[{"href":"https:\/\/customacrylicproduct.com\/pt\/wp-json\/wp\/v2\/media?parent=1076"}],"wp:term":[{"taxonomy":"product_brand","embeddable":true,"href":"https:\/\/customacrylicproduct.com\/pt\/wp-json\/wp\/v2\/product_brand?post=1076"},{"taxonomy":"product_cat","embeddable":true,"href":"https:\/\/customacrylicproduct.com\/pt\/wp-json\/wp\/v2\/product_cat?post=1076"},{"taxonomy":"product_tag","embeddable":true,"href":"https:\/\/customacrylicproduct.com\/pt\/wp-json\/wp\/v2\/product_tag?post=1076"}],"curies":[{"name":"wp","href":"https:\/\/api.w.org\/{rel}","templated":true}]}}