{"id":1094,"date":"2025-07-14T12:48:08","date_gmt":"2025-07-14T12:48:08","guid":{"rendered":"https:\/\/customacrylicproduct.com\/?post_type=product&#038;p=1094"},"modified":"2025-07-15T08:54:27","modified_gmt":"2025-07-15T08:54:27","slug":"customized-printed-acrylic-no-smoking-signs-signage-supplier","status":"publish","type":"product","link":"https:\/\/customacrylicproduct.com\/pt\/customized-printed-acrylic-no-smoking-signs-signage-supplier\/","title":{"rendered":"Fornecedor de sinais de sinaliza\u00e7\u00e3o para n\u00e3o fumadores em acr\u00edlico impresso personalizado"},"content":{"rendered":"<h3 id=\"-boost-your-setting-the-ultimate-overview-to-custom-printed-polymer-no-smoking-indications-\"><strong>Melhore o seu cen\u00e1rio: A melhor vis\u00e3o geral das indica\u00e7\u00f5es para n\u00e3o fumar em pol\u00edmeros impressos personalizados\u00a0<\/strong>.<\/h3>\n<p>Em qualquer tipo de espa\u00e7o profissional ou p\u00fablico, a informa\u00e7\u00e3o \u00e9 importante. O ambiente, a marca e a comunica\u00e7\u00e3o clara dos planos contribuem para a experi\u00eancia, seguran\u00e7a e prote\u00e7\u00e3o do visitante. Uma das pe\u00e7as mais importantes da sinal\u00e9tica educativa \u00e9 o humilde sinal de proibi\u00e7\u00e3o de fumar. No entanto, \u201cmodesto\u201d n\u00e3o precisa de sugerir \u201csem imagina\u00e7\u00e3o\u201d. Longe v\u00e3o os dias dos indicadores leves e gen\u00e9ricos que descascam, descoloram e prejudicam o seu visual cuidadosamente selecionado. Convide para o novo crit\u00e9rio de conformidade e design: <a href=\"https:\/\/customacrylicproduct.com\/pt\/customized-printed-acrylic-no-smoking-signs-signage-supplier\/\">acr\u00edlico publicado \u00e0 medida indica\u00e7\u00f5es para n\u00e3o fumadores<\/a>.<\/p>\n<p>Como fornecedor l\u00edder de sinal\u00e9tica,\u00a0<strong><a href=\"https:\/\/customacrylicproduct.com\/pt\/custom-acrylic-signs\/\">Produto acr\u00edlico personalizado<\/a>\u00a0<\/strong>est\u00e1 no centro deste avan\u00e7o. N\u00e3o somos apenas um distribuidor; somos o seu parceiro estrat\u00e9gico na transforma\u00e7\u00e3o de um requisito f\u00e1cil numa declara\u00e7\u00e3o eficaz de qualidade e profissionalismo. O nosso know-how em indicadores de sa\u00fade e seguran\u00e7a, banners e op\u00e7\u00f5es personalizadas desenvolveu-nos como um l\u00edder de mercado, identificado pelo nosso compromisso inabal\u00e1vel com a qualidade superior e a satisfa\u00e7\u00e3o total do consumidor. Esta vis\u00e3o geral ir\u00e1 certamente verificar o extraordin\u00e1rio mundo dos sinais acr\u00edlicos personalizados, mostrando como os nossos produtos podem integrar-se perfeitamente no seu ambiente, melhorar o nome da sua marca e fornecer um rem\u00e9dio duradouro e dur\u00e1vel para qualquer local.<\/p>\n<h4 id=\"-the-product-benefit-why-acrylic-is-the-superior-option-\"><strong>A vantagem do produto: porque \u00e9 que o acr\u00edlico \u00e9 a melhor op\u00e7\u00e3o\u00a0<\/strong>.<\/h4>\n<p>A estrutura de qualquer tipo de indica\u00e7\u00e3o fant\u00e1stica \u00e9 o seu produto. As nossas indica\u00e7\u00f5es para n\u00e3o fumadores s\u00e3o constru\u00eddas com custos, acr\u00edlico autoadesivo, um material escolhido especificamente pela sua mistura inigual\u00e1vel de robustez, estilo e longevidade.<\/p>\n<ul>\n<li><strong>Robustez e durabilidade excepcionais:\u00a0<\/strong>Ao contr\u00e1rio do papel ou do pl\u00e1stico econ\u00f3mico, o acr\u00edlico \u00e9 um policarbonato robusto reconhecido pela sua resist\u00eancia \u00e0 influ\u00eancia, ao estilha\u00e7amento e ao stress ecol\u00f3gico. <a href=\"https:\/\/customacrylicproduct.com\/pt\/customized-printed-acrylic-no-smoking-signs-signage-supplier\/\">Um\u00a0<\/a><strong>sinal acr\u00edlico\u00a0<\/strong>n\u00e3o se deformam, fracturam ou desvanecem convenientemente, mesmo em locais de tr\u00e1fego intenso ou \u00e1reas sujeitas a luz solar indireta. Isto garante que o seu investimento continua a ter um aspeto imaculado durante v\u00e1rios anos, preservando uma apar\u00eancia de especialista sem a necessidade de substitui\u00e7\u00e3o regular.<\/li>\n<li><strong>Est\u00e9tica cristalina e moderna:\u00a0<\/strong>O pol\u00edmero fornece a nitidez do vidro sem a sua fragilidade. Esta qualidade cristalina fornece um fundo sofisticado e de qualidade superior para a sua impress\u00e3o personalizada, fazendo com que o texto e os gr\u00e1ficos apare\u00e7am n\u00edtidos e vivos. As arestas elegantes e polidas de um\u00a0<strong>sinalizador acr\u00edlico de proibi\u00e7\u00e3o de fumar\u00a0<\/strong>proporcionam um toque moderno e minimalista que real\u00e7a qualquer tipo de decora\u00e7\u00e3o de interiores, desde locais de trabalho de empresas a est\u00e2ncias de luxo.<\/li>\n<li><strong>Leve e seguro:\u00a0<\/strong>Apesar da sua natureza dur\u00e1vel, o acr\u00edlico \u00e9 substancialmente mais leve do que o vidro, tornando-o mais seguro e menos complicado de cuidar e instalar. Este facto reduz as despesas de entrega e diminui o risco durante a instala\u00e7\u00e3o, o que constitui uma vantagem significativa tanto para os gestores de centros como para os propriet\u00e1rios de empresas.<\/li>\n<\/ul>\n<p><a href=\"https:\/\/customacrylicproduct.com\/pt\/customized-printed-acrylic-no-smoking-signs-signage-supplier\/\"><img fetchpriority=\"high\" decoding=\"async\" class=\"aligncenter wp-image-1095 size-full\" src=\"https:\/\/customacrylicproduct.com\/wp-content\/uploads\/2025\/07\/No-Smoking-Sign-Clear-Acrylic.jpg\" alt=\"Sinal de proibi\u00e7\u00e3o de fumar Acr\u00edlico transparente\" width=\"750\" height=\"750\" srcset=\"https:\/\/customacrylicproduct.com\/wp-content\/uploads\/2025\/07\/No-Smoking-Sign-Clear-Acrylic.jpg 750w, https:\/\/customacrylicproduct.com\/wp-content\/uploads\/2025\/07\/No-Smoking-Sign-Clear-Acrylic-300x300.jpg 300w, https:\/\/customacrylicproduct.com\/wp-content\/uploads\/2025\/07\/No-Smoking-Sign-Clear-Acrylic-150x150.jpg 150w, https:\/\/customacrylicproduct.com\/wp-content\/uploads\/2025\/07\/No-Smoking-Sign-Clear-Acrylic-600x600.jpg 600w, https:\/\/customacrylicproduct.com\/wp-content\/uploads\/2025\/07\/No-Smoking-Sign-Clear-Acrylic-100x100.jpg 100w\" sizes=\"(max-width: 750px) 100vw, 750px\" \/><\/a><\/p>\n<h4 id=\"-the-power-of-real-personalization-an-indicator-as-unique-as-your-brand-\"><strong>O poder da personaliza\u00e7\u00e3o real: Um indicador t\u00e3o \u00fanico como a sua marca\u00a0<\/strong>.<\/h4>\n<p>Na Custom Acrylic Product, a nossa empresa acredita que um indicador deve ser mais do que uma simples diretiva; deve ser uma extens\u00e3o da identifica\u00e7\u00e3o da sua marca. Constru\u00edmos as nossas instala\u00e7\u00f5es de fabrico e os nossos procedimentos com base num n\u00edvel inigual\u00e1vel de personaliza\u00e7\u00e3o, garantindo que cada\u00a0<strong>sinal de aviso de proibido fumar\u00a0<\/strong>que geramos \u00e9 adaptado \u00e0s suas necessidades exactas.<\/p>\n<p><strong>1. Personaliza\u00e7\u00e3o de tamanhos e formas: Ultrapassar o crit\u00e9rio Forma retangular\u00a0<\/strong>.<\/p>\n<p>A sua \u00e1rea tem atributos especiais de constru\u00e7\u00e3o e a sua sinal\u00e9tica tem de refletir isso. Libertamo-nos do modelo de tamanho \u00fanico, proporcionando uma personaliza\u00e7\u00e3o completa da forma e do tamanho.<\/p>\n<ul>\n<li><strong>Qualquer tipo de forma\u00e7\u00e3o imagin\u00e1vel:\u00a0<\/strong>Quer pretenda um sinal quadrado ou redondo intemporal, um oval refinado ou um contorno de forma especial totalmente personalizado que espelhe o seu log\u00f3tipo ou um elemento arquitet\u00f3nico, a nossa inova\u00e7\u00e3o de redu\u00e7\u00e3o avan\u00e7ada pode consegui-lo.<\/li>\n<li><strong>Escal\u00e1vel para qualquer tipo de procura:\u00a0<\/strong>A nossa capacidade de reajustar as dimens\u00f5es permite-lhe criar um aspeto coeso em toda a sua casa. Desde um pequeno e discreto\u00a0<strong>etiqueta de n\u00e3o fumador na parede\u00a0<\/strong>para uma porta de escrit\u00f3rio individual para um grande e proeminente\u00a0<strong>placa de proibi\u00e7\u00e3o de fumar\u00a0<\/strong>para uma entrada principal ou para uma \u00e1rea de p\u00e1tio exterior, asseguramos que a mensagem \u00e9 transmitida com o impacto adequado.<\/li>\n<\/ul>\n<p><strong>2. Personaliza\u00e7\u00e3o de cores, padr\u00f5es e gr\u00e1ficos: Uma tela para o nome da sua marca\u00a0<\/strong>.<\/p>\n<p>\u00c9 aqui que a sua marca ganha verdadeiramente vida. As nossas inova\u00e7\u00f5es avan\u00e7adas de impress\u00e3o e acabamento permitem uma grande variedade de oportunidades visuais.<\/p>\n<ul>\n<li><strong>Impress\u00e3o animada e a cores:\u00a0<\/strong>Utilizando a tecnologia moderna e sofisticada de impress\u00e3o UV, podemos criar qualquer tipo de desenho em cores brilhantes e completas. Este processo trata a tinta diretamente sobre a superf\u00edcie do acr\u00edlico, criando um revestimento resistente, resistente a riscos e ao desvanecimento. Pode adicionar desenhos de log\u00f3tipos a cores, padr\u00f5es elaborados ou detalhes de cores Pantone correspondentes \u00e0 marca.<\/li>\n<li><strong>Colora\u00e7\u00e3o da superf\u00edcie e do corpo:\u00a0<\/strong>Para um aspeto muito mais profundo e incorporado, o pr\u00f3prio material acr\u00edlico pode ser tingido, garantindo que a tonalidade corresponde a toda a extens\u00e3o, mesmo nos bordos cortados.<\/li>\n<li><strong>Texto, log\u00f3tipos e gr\u00e1ficos \u00fateis:\u00a0<\/strong>Inclua o nome da sua empresa, instru\u00e7\u00f5es de seguran\u00e7a espec\u00edficas e at\u00e9 um c\u00f3digo QR que ligue ao s\u00edtio Web da sua empresa ou a pol\u00edticas detalhadas. Isto torna f\u00e1cil\u00a0<strong><a href=\"https:\/\/customacrylicproduct.com\/pt\/custom-acrylic-signs\/\">sinal de n\u00e3o fumador<\/a>\u00a0<\/strong>num ponto de contacto interativo e perspicaz com a marca.<\/li>\n<li><strong>Impactos \u00fanicos para um custo completo:\u00a0<\/strong>Para os clientes que pretendem fazer uma declara\u00e7\u00e3o \u00fanica, fornecemos uma s\u00e9rie de impactos especiais, incluindo tons fluorescentes apelativos, acabamentos met\u00e1licos ou perolados inovadores e declives subtis e sofisticados.<\/li>\n<\/ul>\n<p><a href=\"https:\/\/customacrylicproduct.com\/pt\/custom-acrylic-signs\/\"><img decoding=\"async\" class=\"aligncenter wp-image-1098 size-full\" src=\"https:\/\/customacrylicproduct.com\/wp-content\/uploads\/2025\/07\/No-Smoking-Sign-Clear-Acrylic-3.jpg\" alt=\"Sinal de proibi\u00e7\u00e3o de fumar Acr\u00edlico transparente\" width=\"800\" height=\"800\" srcset=\"https:\/\/customacrylicproduct.com\/wp-content\/uploads\/2025\/07\/No-Smoking-Sign-Clear-Acrylic-3.jpg 800w, https:\/\/customacrylicproduct.com\/wp-content\/uploads\/2025\/07\/No-Smoking-Sign-Clear-Acrylic-3-300x300.jpg 300w, https:\/\/customacrylicproduct.com\/wp-content\/uploads\/2025\/07\/No-Smoking-Sign-Clear-Acrylic-3-150x150.jpg 150w, https:\/\/customacrylicproduct.com\/wp-content\/uploads\/2025\/07\/No-Smoking-Sign-Clear-Acrylic-3-768x768.jpg 768w, https:\/\/customacrylicproduct.com\/wp-content\/uploads\/2025\/07\/No-Smoking-Sign-Clear-Acrylic-3-600x600.jpg 600w, https:\/\/customacrylicproduct.com\/wp-content\/uploads\/2025\/07\/No-Smoking-Sign-Clear-Acrylic-3-100x100.jpg 100w\" sizes=\"(max-width: 800px) 100vw, 800px\" \/><\/a><\/p>\n<p><strong>3. Personaliza\u00e7\u00e3o de texto e conte\u00fado da Web: Ligar com absoluta clareza\u00a0<\/strong>.<\/p>\n<p>Uma comunica\u00e7\u00e3o eficiente \u00e9 extremamente importante. Podemos imprimir qualquer tipo de texto que necessite, em qualquer tipo de estilo de letra que esteja de acordo com as diretrizes da sua marca. Isto inclui indica\u00e7\u00f5es em v\u00e1rios idiomas para lidar com uma clientela variada, garantindo que os seus planos s\u00e3o reconhecidos por todos os visitantes em locais p\u00fablicos como hot\u00e9is, aeroportos e locais tur\u00edsticos em todo o mundo.<\/p>\n<h4 id=\"-manufacturing-excellence-the-technology-behind-the-quality-\"><strong>Excel\u00eancia de fabrico: A tecnologia por detr\u00e1s da qualidade\u00a0<\/strong>.<\/h4>\n<p>O nosso compromisso com a qualidade estende-se a todas as etapas do processo de produ\u00e7\u00e3o. Utilizamos tecnologia moderna e inovadora e utilizamos uma escolha de materiais para corresponder perfeitamente \u00e0s exig\u00eancias do seu projeto e ao seu plano or\u00e7amental.<\/p>\n<p><strong>1. Op\u00e7\u00e3o de produto e espessura\u00a0<\/strong>.<\/p>\n<ul>\n<li><strong>Folha de pol\u00edmero fundido:\u00a0<\/strong>A sele\u00e7\u00e3o premium. O acr\u00edlico fundido oferece a maior nitidez \u00f3tica poss\u00edvel, uma dureza not\u00e1vel da \u00e1rea da superf\u00edcie e uma resist\u00eancia not\u00e1vel ao clima, o que o torna o material ideal para aplica\u00e7\u00f5es interiores de alta qualidade e para qualquer tipo de exterior duradouro\u00a0<strong>sinal de parede para n\u00e3o fumadores\u00a0<\/strong>. Est\u00e1 dispon\u00edvel em densidades que variam entre 2,5 mm e uns consider\u00e1veis 200 mm.<\/li>\n<li><strong>Folha de acr\u00edlico extrudido:\u00a0<\/strong>Uma op\u00e7\u00e3o ainda mais econ\u00f3mica, mas altamente eficaz. O acr\u00edlico extrudido \u00e9 mais leve e tem uma nitidez excecional, o que o torna perfeitamente adequado para a maior parte das necessidades de sinaliza\u00e7\u00e3o de interiores, nomeadamente portas de escrit\u00f3rios, superf\u00edcies de paredes interiores e \u00e1reas protegidas. As espessuras habituais variam entre 1 mm e 12 mm.<\/li>\n<\/ul>\n<p>Os nossos especialistas ajud\u00e1-lo-\u00e3o a selecionar o material e a espessura adequados com base na sua aplica\u00e7\u00e3o espec\u00edfica, garantindo a efici\u00eancia e o valor ideais.<\/p>\n<p><strong>2. Processamento e acabamento de precis\u00e3o\u00a0<\/strong>.<\/p>\n<ul>\n<li><strong>Tecnologia avan\u00e7ada de redu\u00e7\u00e3o:\u00a0<\/strong>Para conseguir as formas complicadas e as linhas limpas de que os nossos clientes necessitam, utilizamos o corte a laser CNC e o corte por jato de \u00e1gua de alta press\u00e3o. Estas t\u00e9cnicas permitem uma precis\u00e3o inigual\u00e1vel, possibilitando a cria\u00e7\u00e3o de layouts complexos e lados perfeitamente polidos que s\u00e3o imposs\u00edveis de alcan\u00e7ar com t\u00e9cnicas t\u00edpicas.<\/li>\n<li><strong>Tratamentos especializados:\u00a0<\/strong>Fornecemos uma variedade de toques finais para aumentar adicionalmente os seus indicadores. Estes consistem em\u00a0<strong>inscri\u00e7\u00e3o\u00a0<\/strong>para um impacto tradicional e dimensional;\u00a0<strong>dobragem a quente\u00a0<\/strong>para desenvolver indica\u00e7\u00f5es tridimensionais ou dobradas que se ajustam \u00e0s arestas; e precisas\u00a0<strong>abrilhantamento de arestas\u00a0<\/strong>para obter uma superf\u00edcie impec\u00e1vel, semelhante ao vidro.<\/li>\n<li><strong>Indica\u00e7\u00e3o luminescente Fabrico:\u00a0<\/strong>Para obter o melhor em presen\u00e7a e design moderno, podemos desenvolver indica\u00e7\u00f5es luminescentes para n\u00e3o fumadores. Ao incorporar uma fonte de luz LED energeticamente eficiente por tr\u00e1s de um painel acr\u00edlico feito \u00e0 medida, criamos uma indica\u00e7\u00e3o elegante e iluminada que \u00e9 simultaneamente cativante e ecol\u00f3gica, perfeita para ambientes pouco iluminados como bares, restaurantes e corredores de hot\u00e9is.<\/li>\n<\/ul>\n<p><a href=\"https:\/\/customacrylicproduct.com\/pt\/customized-printed-acrylic-no-smoking-signs-signage-supplier\/\"><img decoding=\"async\" class=\"aligncenter wp-image-1099 size-full\" src=\"https:\/\/customacrylicproduct.com\/wp-content\/uploads\/2025\/07\/No-Smoking-Sign-Clear-Acrylic-4.jpg\" alt=\"Sinal de proibi\u00e7\u00e3o de fumar Acr\u00edlico transparente\" width=\"800\" height=\"800\" srcset=\"https:\/\/customacrylicproduct.com\/wp-content\/uploads\/2025\/07\/No-Smoking-Sign-Clear-Acrylic-4.jpg 800w, https:\/\/customacrylicproduct.com\/wp-content\/uploads\/2025\/07\/No-Smoking-Sign-Clear-Acrylic-4-300x300.jpg 300w, https:\/\/customacrylicproduct.com\/wp-content\/uploads\/2025\/07\/No-Smoking-Sign-Clear-Acrylic-4-150x150.jpg 150w, https:\/\/customacrylicproduct.com\/wp-content\/uploads\/2025\/07\/No-Smoking-Sign-Clear-Acrylic-4-768x768.jpg 768w, https:\/\/customacrylicproduct.com\/wp-content\/uploads\/2025\/07\/No-Smoking-Sign-Clear-Acrylic-4-600x600.jpg 600w, https:\/\/customacrylicproduct.com\/wp-content\/uploads\/2025\/07\/No-Smoking-Sign-Clear-Acrylic-4-100x100.jpg 100w\" sizes=\"(max-width: 800px) 100vw, 800px\" \/><\/a><\/p>\n<h4 id=\"-easy-installment-and-versatile-application-\"><strong>Parcela f\u00e1cil e aplica\u00e7\u00e3o vers\u00e1til\u00a0<\/strong>.<\/h4>\n<p>Um indicador bem feito s\u00f3 \u00e9 fi\u00e1vel se puder ser instalado de forma conveniente e firme. Na verdade, concebemos os nossos sinais para o m\u00e1ximo conforto sem sacrificar a estabilidade.<\/p>\n<ul>\n<li><strong>Parcela auto-adesiva descomplicada:\u00a0<\/strong>Todos\u00a0<strong>indicador de parede interior\u00a0<\/strong>\u00e9 obrigat\u00f3rio com um suporte autoadesivo de alta resist\u00eancia e de n\u00edvel industrial. Esta carater\u00edstica elimina totalmente a necessidade de berbequins, parafusos ou instaladores especializados. Basta remover a camada protetora e utilizar a indica\u00e7\u00e3o em qualquer superf\u00edcie lisa, limpa e completamente seca, como paredes, portas, divis\u00f3rias de vidro ou janelas. A instala\u00e7\u00e3o \u00e9 limpa, sem danos e demora apenas alguns segundos.<\/li>\n<li><strong>Utiliza\u00e7\u00e3o vers\u00e1til em todos os locais:\u00a0<\/strong>A combina\u00e7\u00e3o de um layout moderno e port\u00e1til com uma constru\u00e7\u00e3o duradoura faz com que os nossos sinais acr\u00edlicos personalizados sejam ideais para uma variedade incont\u00e1vel de locais p\u00fablicos e pessoais. S\u00e3o a sele\u00e7\u00e3o perfeita para:.<\/li>\n<li><strong>Retalho:\u00a0<\/strong>Centros comerciais, mercearias e lojas.<\/li>\n<li><strong>Hospitalidade:\u00a0<\/strong>Hot\u00e9is, est\u00e2ncias tur\u00edsticas, restaurantes, caf\u00e9s e bares.<\/li>\n<li><strong>Neg\u00f3cio:\u00a0<\/strong>Locais de trabalho, instala\u00e7\u00f5es para reuni\u00f5es e parques de organiza\u00e7\u00e3o.<\/li>\n<li><strong>P\u00fablico e institucional:\u00a0<\/strong>Instala\u00e7\u00f5es m\u00e9dicas, centros, col\u00e9gios, colec\u00e7\u00f5es e estruturas governamentais.<\/li>\n<\/ul>\n<p>Quer necessite de um quarto solit\u00e1rio e elegante\u00a0<strong>sinal de superf\u00edcie de parede\u00a0<\/strong>para uma sala de reuni\u00f5es ou centenas de sinais coesos para um novo complexo tur\u00edstico, a nossa op\u00e7\u00e3o foi criada para ser dimensionada e ajustada.<\/p>\n<h4 id=\"-the-personalized-acrylic-item-benefit-your-trusted-signs-companion-\"><strong>A vantagem do item acr\u00edlico personalizado: o seu companheiro de confian\u00e7a para sinais\u00a0<\/strong>.<\/h4>\n<p>A escolha de um fornecedor tem a ver com mais do que simplesmente o item; trata-se de depend\u00eancia, confiabilidade e experi\u00eancia. Na Custom-made Acrylic Product, constru\u00edmos a nossa credibilidade com base no facto de sermos um parceiro em que os nossos clientes podem confiar. Quando colabora connosco, est\u00e1 a selecionar uma empresa l\u00edder no sector que garante:.<\/p>\n<ul>\n<li><strong>Dedica\u00e7\u00e3o inabal\u00e1vel \u00e0 alta qualidade:\u00a0<\/strong>Desde as mat\u00e9rias-primas que utilizamos at\u00e9 ao \u00faltimo brilho, cada passo \u00e9 controlado por normas rigorosas de garantia de qualidade.<\/li>\n<li><strong>Profundo conhecimento do sector:\u00a0<\/strong>A nossa equipa compreende as nuances de uma sinaliza\u00e7\u00e3o eficaz - desde as necessidades de conformidade at\u00e9 \u00e0 cria\u00e7\u00e3o de conceitos - e est\u00e1 aqui para o orientar ao longo do processo.<\/li>\n<li><strong>Satisfa\u00e7\u00e3o total do cliente:\u00a0<\/strong>A sua vis\u00e3o \u00e9 o nosso objetivo. Trabalhamos em colabora\u00e7\u00e3o consigo para garantir que o produto final n\u00e3o s\u00f3 satisfaz como ultrapassa as suas expectativas.<\/li>\n<\/ul>\n<p>Eleve a sua \u00e1rea, melhore a sua marca e garanta uma comunica\u00e7\u00e3o clara com sinais acr\u00edlicos para n\u00e3o fumar cigarros publicados e personalizados de um fornecedor em que pode confiar.<\/p>\n<p><strong>Pronto para criar a melhor sinal\u00e9tica para a sua divis\u00e3o? Contacte hoje mesmo os nossos profissionais de estilo para uma consulta e um or\u00e7amento gratuitos. Vamos desenvolver algo fant\u00e1stico em conjunto.\u00a0<\/strong>.<\/p>","protected":false},"excerpt":{"rendered":"<p>Crie sinais de proibi\u00e7\u00e3o de fumar em acr\u00edlico personalizados e profissionais para a sua empresa. Os nossos sinais dur\u00e1veis e resistentes \u00e0s intemp\u00e9ries s\u00e3o impressos com o seu log\u00f3tipo para uma correspond\u00eancia perfeita com a marca. Como fornecedor l\u00edder, garantimos qualidade e envio r\u00e1pido. Encomende o seu hoje mesmo!<\/p>","protected":false},"featured_media":1095,"template":"","meta":{"_kad_post_transparent":"default","_kad_post_title":"","_kad_post_layout":"default","_kad_post_sidebar_id":"","_kad_post_content_style":"default","_kad_post_vertical_padding":"default","_kad_post_feature":"","_kad_post_feature_position":"","_kad_post_header":false,"_kad_post_footer":false,"_kad_post_classname":""},"product_brand":[],"product_cat":[18],"product_tag":[98,51],"class_list":{"0":"post-1094","1":"product","2":"type-product","3":"status-publish","4":"has-post-thumbnail","6":"product_cat-custom-acrylic-signs","7":"product_tag-acrylic-signs","8":"product_tag-custom-acrylic-signs","10":"first","11":"instock","12":"shipping-taxable","13":"product-type-simple","14":"entry","15":"content-bg","16":"loop-entry"},"_links":{"self":[{"href":"https:\/\/customacrylicproduct.com\/pt\/wp-json\/wp\/v2\/product\/1094","targetHints":{"allow":["GET"]}}],"collection":[{"href":"https:\/\/customacrylicproduct.com\/pt\/wp-json\/wp\/v2\/product"}],"about":[{"href":"https:\/\/customacrylicproduct.com\/pt\/wp-json\/wp\/v2\/types\/product"}],"wp:featuredmedia":[{"embeddable":true,"href":"https:\/\/customacrylicproduct.com\/pt\/wp-json\/wp\/v2\/media\/1095"}],"wp:attachment":[{"href":"https:\/\/customacrylicproduct.com\/pt\/wp-json\/wp\/v2\/media?parent=1094"}],"wp:term":[{"taxonomy":"product_brand","embeddable":true,"href":"https:\/\/customacrylicproduct.com\/pt\/wp-json\/wp\/v2\/product_brand?post=1094"},{"taxonomy":"product_cat","embeddable":true,"href":"https:\/\/customacrylicproduct.com\/pt\/wp-json\/wp\/v2\/product_cat?post=1094"},{"taxonomy":"product_tag","embeddable":true,"href":"https:\/\/customacrylicproduct.com\/pt\/wp-json\/wp\/v2\/product_tag?post=1094"}],"curies":[{"name":"wp","href":"https:\/\/api.w.org\/{rel}","templated":true}]}}