{"id":1111,"date":"2025-07-15T08:47:11","date_gmt":"2025-07-15T08:47:11","guid":{"rendered":"https:\/\/customacrylicproduct.com\/?post_type=product&#038;p=1111"},"modified":"2025-07-15T09:01:48","modified_gmt":"2025-07-15T09:01:48","slug":"custom-acrylic-storage-trolleys-clear-acrylic-rolling-cart","status":"publish","type":"product","link":"https:\/\/customacrylicproduct.com\/pt\/custom-acrylic-storage-trolleys-clear-acrylic-rolling-cart\/","title":{"rendered":"Carrinhos de armazenamento personalizados em acr\u00edlico Carrinho de rolamento em acr\u00edlico transparente"},"content":{"rendered":"<h3 id=\"-redefine-your-area-the-ultimate-overview-to-custom-made-polymer-storage-trolleys-clear-rolling-carts-\"><strong>Redefina a sua \u00e1rea: A melhor vis\u00e3o geral dos carrinhos de arruma\u00e7\u00e3o em pol\u00edmero feitos \u00e0 medida e dos carrinhos de rolamento transparentes\u00a0<\/strong>.<\/h3>\n<p>No mundo moderno, as nossas salas de estar e de trabalho s\u00e3o mais do que simples locais \u00fateis; s\u00e3o reflexos da nossa personalidade, dos nossos padr\u00f5es e da nossa necessidade de ordem e beleza. A melhor dificuldade depende normalmente da harmoniza\u00e7\u00e3o dos elementos fundamentais de que necessitamos com o visual arrumado e limpo que desejamos. Os servi\u00e7os de espa\u00e7o de arruma\u00e7\u00e3o de prateleira for\u00e7am frequentemente um compromisso: ou se obt\u00e9m a carater\u00edstica que se pretende ou o estilo que se quer, mas raramente ambos.<\/p>\n<p>A nossa empresa acredita que nunca \u00e9 necess\u00e1rio p\u00f4r em risco a sua seguran\u00e7a.<\/p>\n<p>Apresentando a melhor s\u00edntese de forma e fun\u00e7\u00e3o: o\u00a0<strong><a href=\"https:\/\/customacrylicproduct.com\/pt\/custom-acrylic-storage-trolleys-clear-acrylic-rolling-cart\/\">Carrinho de armazenamento acr\u00edlico personalizado<\/a>\u00a0<\/strong>. N\u00e3o se trata simplesmente de mais uma pe\u00e7a de mobili\u00e1rio; \u00e9 um servi\u00e7o vers\u00e1til, elegante e extremamente personalizado, desenvolvido para vencer a confus\u00e3o e elevar qualquer tipo de ambiente. Da sala de estar \u00e0 casa de banho, do escrit\u00f3rio ao sal\u00e3o de beleza, os nossos carrinhos de rolamento em acr\u00edlico transparente proporcionam uma mistura harmoniosa de empresa de grande capacidade e design minimalista e contempor\u00e2neo. Esta vis\u00e3o geral completa ir\u00e1 gui\u00e1-lo atrav\u00e9s da qualidade excecional, da versatilidade sem paralelo e das alternativas de personaliza\u00e7\u00e3o profunda que fazem dos nossos carrinhos uma melhoria necess\u00e1ria para quem procura op\u00e7\u00f5es de espa\u00e7o de arruma\u00e7\u00e3o eficientes e elegantes.<\/p>\n<h4 id=\"-chapter-1-a-chameleon-of-design-adaptability-in-every-space-\"><strong>Cap\u00edtulo 1: Um camale\u00e3o do design - Adaptabilidade em todos os espa\u00e7os\u00a0<\/strong>.<\/h4>\n<p>A verdadeira genialidade de um carrinho de rolamentos em acr\u00edlico transparente depende da sua capacidade de ser uma pe\u00e7a de destaque e um ajudante invis\u00edvel. A sua natureza transparente permite-lhe integrar-se perfeitamente em qualquer tipo de plano de estilo, adaptando-se \u00e0 personalidade do ambiente que o rodeia, ao mesmo tempo que lhe confere uma energia inestim\u00e1vel.<\/p>\n<ul>\n<li><strong>A obra-prima do espa\u00e7o habitacional:\u00a0<\/strong>Transforme-o num carrinho de bar elegante e moderno, pronto para oferecer aos convidados num momento de notifica\u00e7\u00e3o. As prateleiras robustas podem facilmente conter contentores, artigos de vidro e dispositivos. Quando n\u00e3o est\u00e1 a ser utilizado, passa a ser uma mesa de apoio inovadora, mostrando os seus livros de mesa de caf\u00e9 favoritos, uma luz de vela de revela\u00e7\u00e3o ou uma pequena planta sem adicionar peso visual ao espa\u00e7o.<\/li>\n<li><strong>O amigo sereno do quarto:\u00a0<\/strong>Crie um abrigo tranquilo e organizado. Utilize-a como mesa de cabeceira para o seu candeeiro, telefone e leitura nocturna, ou como um carrinho de toucador para arrumar perfeitamente a maquilhagem, os artigos de cuidados da pele e as fragr\u00e2ncias. O estilo claro torna mais f\u00e1cil encontrar o que precisa, melhorando as suas rotinas matinais e nocturnas.<\/li>\n<li><strong>A esta\u00e7\u00e3o de prepara\u00e7\u00e3o m\u00f3vel da \u00e1rea da cozinha:\u00a0<\/strong>Numa \u00e1rea de cozinha ativa, o espa\u00e7o adicional no balc\u00e3o \u00e9 uma mais-valia. O nosso carrinho funciona como uma ilha m\u00f3vel, perfeita para guardar aromas, \u00f3leos ou fruta e legumes frescos. A sua grande capacidade e o seu desenvolvimento robusto permitem-lhe funcionar como uma esta\u00e7\u00e3o de caf\u00e9, guardando o seu aparelho, ch\u00e1venas e conchas, libertando espa\u00e7o \u00fatil na bancada.<\/li>\n<li><strong>O Santu\u00e1rio da Casa de Banho:\u00a0<\/strong>Arrume as suas toalhas, artigos de higiene e artigos b\u00e1sicos de sa\u00fade neste carrinho imperme\u00e1vel e f\u00e1cil de limpar. O seu design elegante transforma a arruma\u00e7\u00e3o da casa de banho de uma necessidade num atributo, criando um ambiente elegante, semelhante ao de um hotel, que anuncia o lazer.<\/li>\n<\/ul>\n<p>Este\u00a0<strong>Carrinho de arruma\u00e7\u00e3o elegante\u00a0<\/strong>melhora qualquer tipo de espa\u00e7o ou local de trabalho com o seu aspeto tradicional e cl\u00e1ssico. \u00c9 o coordenador m\u00e1ximo, criado para ser o que quer que seja, onde quer que seja necess\u00e1rio.<\/p>\n<p><a href=\"https:\/\/customacrylicproduct.com\/pt\/custom-acrylic-storage-trolleys-clear-acrylic-rolling-cart\/\"><img fetchpriority=\"high\" decoding=\"async\" class=\"aligncenter wp-image-1113 size-full\" src=\"https:\/\/customacrylicproduct.com\/wp-content\/uploads\/2025\/07\/Custom-Acrylic-Storage-Trolleys-2.jpg\" alt=\"Carrinhos de arruma\u00e7\u00e3o em acr\u00edlico\" width=\"800\" height=\"800\" srcset=\"https:\/\/customacrylicproduct.com\/wp-content\/uploads\/2025\/07\/Custom-Acrylic-Storage-Trolleys-2.jpg 800w, https:\/\/customacrylicproduct.com\/wp-content\/uploads\/2025\/07\/Custom-Acrylic-Storage-Trolleys-2-300x300.jpg 300w, https:\/\/customacrylicproduct.com\/wp-content\/uploads\/2025\/07\/Custom-Acrylic-Storage-Trolleys-2-150x150.jpg 150w, https:\/\/customacrylicproduct.com\/wp-content\/uploads\/2025\/07\/Custom-Acrylic-Storage-Trolleys-2-768x768.jpg 768w, https:\/\/customacrylicproduct.com\/wp-content\/uploads\/2025\/07\/Custom-Acrylic-Storage-Trolleys-2-600x600.jpg 600w, https:\/\/customacrylicproduct.com\/wp-content\/uploads\/2025\/07\/Custom-Acrylic-Storage-Trolleys-2-100x100.jpg 100w\" sizes=\"(max-width: 800px) 100vw, 800px\" \/><\/a><\/p>\n<h4 id=\"-phase-2-the-foundation-of-quality-sturdy-layout-and-large-capacity-space-\"><strong>Fase 2: A base da qualidade - Disposi\u00e7\u00e3o robusta e espa\u00e7o de grande capacidade\u00a0<\/strong>.<\/h4>\n<p>Uma disposi\u00e7\u00e3o atractiva n\u00e3o tem qualquer valor se n\u00e3o conseguir resistir \u00e0s exig\u00eancias do dia a dia. Concebemos os nossos carrinhos em acr\u00edlico com um foco inabal\u00e1vel na estabilidade, resili\u00eancia e uma elevada capacidade de suporte, garantindo que s\u00e3o t\u00e3o sens\u00edveis como atraentes.<\/p>\n<p>O n\u00facleo da sua resist\u00eancia depende da sua constru\u00e7\u00e3o. Este \u00fatil carrinho funciona\u00a0<strong>tubos de suporte robustos feitos de material alargado\u00a0<\/strong>. Ao contr\u00e1rio das escolhas leves, a nossa estrutura garante que cada taxa continua a ser est\u00e1vel e segura, eliminando qualquer oscila\u00e7\u00e3o ou inclina\u00e7\u00e3o. Esta elevada capacidade de carga sugere que pode embalar com confian\u00e7a cada estante - as nossas estantes padr\u00e3o em acr\u00edlico fundido com 3-5 mm de espessura est\u00e3o classificadas para suportar at\u00e9 15 kg (mais de 30 libras) por camada.<\/p>\n<p>Esta constru\u00e7\u00e3o robusta permite-lhe guardar uma vasta gama de objectos sem preocupa\u00e7\u00f5es:.<\/p>\n<ul>\n<li>Livros de arte pesados ou discos de pl\u00e1stico na sala de estar.<\/li>\n<li>Frascos de champ\u00f4 e amaciador de cabelo de tamanho normal na casa de banho.<\/li>\n<li>Pequenos aparelhos de cozinha, como um liquidificador ou uma m\u00e1quina de caf\u00e9.<\/li>\n<li>Ferramentas e produtos especializados num escrit\u00f3rio, oficina ou sal\u00e3o de beleza.<\/li>\n<\/ul>\n<p>Este \u00e9 um carrinho funcional constru\u00eddo n\u00e3o s\u00f3 para expor bugigangas ligeiras, mas tamb\u00e9m para uma organiza\u00e7\u00e3o aut\u00eantica e resistente na sua casa, local de trabalho ou garagem.<\/p>\n<h4 id=\"-chapter-3-the-heart-of-our-service-unparalleled-personalization-\"><strong>Cap\u00edtulo 3: O cora\u00e7\u00e3o do nosso servi\u00e7o - Personaliza\u00e7\u00e3o sem paralelo\u00a0<\/strong>.<\/h4>\n<p>\u00c9 aqui que o nosso servi\u00e7o irradia verdadeiramente. Reconhecemos que cada \u00e1rea \u00e9 \u00fanica e que cada cliente tem v\u00e1rias necessidades. \u00c9 por isso que fomos al\u00e9m do modelo de tamanho \u00fanico para fornecer uma experi\u00eancia profundamente ajust\u00e1vel, permitindo-lhe desenvolver um carrinho que \u00e9 completamente personalizado para si.<\/p>\n<p><strong>1. Forma: Esculpido para o seu estilo e espa\u00e7o\u00a0<\/strong>.<\/p>\n<p>A silhueta do seu carrinho pode afetar substancialmente a sua funcionalidade e est\u00e9tica. Oferecemos uma s\u00e9rie de op\u00e7\u00f5es de forma para corresponder \u00e0 sua vis\u00e3o:.<\/p>\n<ul>\n<li><strong>Vers\u00f5es b\u00e1sicas:\u00a0<\/strong>Escolha entre um cl\u00e1ssico\u00a0<strong>quadrado\/retangular\u00a0<\/strong>forma, que utiliza uma seguran\u00e7a \u00f3ptima e se adapta perfeitamente aos cantos e \u00e0s superf\u00edcies das paredes, ou uma\u00a0<strong>redondo\/el\u00edptico\u00a0<\/strong>com arestas suaves, ideais para zonas de tr\u00e1fego intenso ou para casas com crian\u00e7as, fornecendo um servi\u00e7o sofisticado e anti-colis\u00e3o.<\/li>\n<li><strong>Vers\u00f5es \u00fanicas:\u00a0<\/strong>Para uma pe\u00e7a de declara\u00e7\u00e3o verdadeiramente \u00fanica, podemos criar carrinhos com\u00a0<strong>formas trapezoidais, bordos irregulares,\u00a0<\/strong>ou v\u00e1rias outras formas feitas \u00e0 medida. Basta fornecer-nos uma ilustra\u00e7\u00e3o CAD e a nossa inova\u00e7\u00e3o de corte de precis\u00e3o dar\u00e1 vida ao seu desenho.<\/li>\n<li><strong>Modelos funcionais:\u00a0<\/strong>Aumente a utilidade do seu carrinho adicionando fun\u00e7\u00f5es incorporadas como\u00a0<strong>cestos suspensos\u00a0<\/strong>para objectos pequenos, discretos\u00a0<strong>arm\u00e1rios\u00a0<\/strong>para arruma\u00e7\u00e3o oculta, ou talvez uma\u00a0<strong>estantes dobr\u00e1veis\u00a0<\/strong>para desenvolver uma \u00e1rea adicional quando necess\u00e1rio.<\/li>\n<\/ul>\n<p><a href=\"https:\/\/customacrylicproduct.com\/pt\/custom-acrylic-storage-trolleys-clear-acrylic-rolling-cart\/\"><img decoding=\"async\" class=\"aligncenter wp-image-1114 size-full\" src=\"https:\/\/customacrylicproduct.com\/wp-content\/uploads\/2025\/07\/Custom-Acrylic-Storage-Trolleys-3.jpg\" alt=\"Carrinhos de arruma\u00e7\u00e3o em acr\u00edlico\" width=\"800\" height=\"800\" srcset=\"https:\/\/customacrylicproduct.com\/wp-content\/uploads\/2025\/07\/Custom-Acrylic-Storage-Trolleys-3.jpg 800w, https:\/\/customacrylicproduct.com\/wp-content\/uploads\/2025\/07\/Custom-Acrylic-Storage-Trolleys-3-300x300.jpg 300w, https:\/\/customacrylicproduct.com\/wp-content\/uploads\/2025\/07\/Custom-Acrylic-Storage-Trolleys-3-150x150.jpg 150w, https:\/\/customacrylicproduct.com\/wp-content\/uploads\/2025\/07\/Custom-Acrylic-Storage-Trolleys-3-768x768.jpg 768w, https:\/\/customacrylicproduct.com\/wp-content\/uploads\/2025\/07\/Custom-Acrylic-Storage-Trolleys-3-600x600.jpg 600w, https:\/\/customacrylicproduct.com\/wp-content\/uploads\/2025\/07\/Custom-Acrylic-Storage-Trolleys-3-100x100.jpg 100w\" sizes=\"(max-width: 800px) 100vw, 800px\" \/><\/a><\/p>\n<p><strong>2. Dimens\u00e3o: Personalizado para a Excel\u00eancia\u00a0<\/strong>.<\/p>\n<p>Obtenha a medida exacta adequada ao seu espa\u00e7o e \u00e0s suas coisas. Oferecemos um controlo total sobre cada medida:.<\/p>\n<ul>\n<li><strong>Dimens\u00f5es gerais:\u00a0<\/strong>Podemos gerar tudo, desde um carrinho fino e estreito (<strong>\u00a028-40 cm de largura\u00a0<\/strong>) concebido para abranger uma \u00e1rea limitada, para um sistema maior e mais significativo (<strong>\u00a0at\u00e9 76 cm de largura\u00a0<\/strong>). As alturas dos requisitos variam de\u00a0<strong>60-85cm\u00a0<\/strong>com\u00a0<strong>2-5 camadas\u00a0<\/strong>, mas este \u00e9 totalmente flex\u00edvel.<\/li>\n<li><strong>Eleva\u00e7\u00e3o da camada ajust\u00e1vel:\u00a0<\/strong>Isto muda tudo. Acabou-se a \u00e1rea vertical perdida ou coisas que s\u00e3o demasiado altas para caberem. Permitimos-lhe especificar a altura entre cada camada. Necessita de uma divis\u00e3o mais alta de\u00a0<strong>um m\u00ednimo de 18 cm para cosm\u00e9ticos e laca\u00a0<\/strong>? Ou uma generosa\u00a0<strong>25 cm ou mais de espa\u00e7o livre para publica\u00e7\u00f5es ou pastas de grandes dimens\u00f5es\u00a0<\/strong>? Podemos desenvolv\u00ea-lo de acordo com as suas necessidades espec\u00edficas.<\/li>\n<li><strong>Modifica\u00e7\u00e3o do dispositivo:\u00a0<\/strong>At\u00e9 os pormenores s\u00e3o da sua responsabilidade. Escolha um tamanho de roda (<strong>\u00a05-8cm\u00a0<\/strong>) que se adapte ao seu revestimento de pavimento, e definir vers\u00f5es\u00a0<strong>com trav\u00f5es\u00a0<\/strong>para um posicionamento seguro. Adicione ganchos flex\u00edveis com uma profundidade personalizada para pendurar toalhas, sacos ou ferramentas.<\/li>\n<\/ul>\n<p><strong>3. Material e completo: A assinatura da qualidade\u00a0<\/strong>.<\/p>\n<p>O toque final \u00e9 a escolha do produto e do revestimento que melhor se adapta \u00e0s suas necessidades e ao seu estilo.<\/p>\n<ul>\n<li><strong>Produto de crit\u00e9rio:\u00a0<\/strong>Utilizamos\u00a0<strong>acr\u00edlico fundido\u00a0<\/strong>como padr\u00e3o. As prateleiras s\u00e3o tipicamente\u00a0<strong>3-5 mm de espessura\u00a0<\/strong>para um suporte de carga ideal, enquanto a estrutura \u00e9 fabricada em acr\u00edlico tamb\u00e9m mais espesso (<strong>\u00a0\u2265 8mm\u00a0<\/strong>) para uma rigidez \u00f3ptima.<\/li>\n<li><strong>Tratamentos especiais:\u00a0<\/strong>.<\/li>\n<li><strong>Produto resistente aos raios UV:\u00a0<\/strong>Est\u00e1 a preparar-se para utilizar o seu carrinho num p\u00e1tio exterior protegido, numa sala de sol ou perto de uma janela intensa? Opte pelo nosso tratamento resistente aos raios UV para evitar o amarelecimento e garantir uma clareza duradoura para utiliza\u00e7\u00e3o no exterior.<\/li>\n<li><strong>Tratamento anti-riscos:\u00a0<\/strong>Para ambientes comerciais de elevado tr\u00e1fego, como sal\u00f5es de beleza ou casas activas, o nosso revestimento dif\u00edcil resistente a riscos (atingindo uma firmeza de superf\u00edcie de 3-4H) protege o acabamento imaculado dos danos do dia a dia.<\/li>\n<li><strong>Cor e processo:\u00a0<\/strong>.<\/li>\n<li><strong>Colora\u00e7\u00e3o do corpo:\u00a0<\/strong>Para um aspeto vibrante e s\u00f3lido, podemos utilizar acr\u00edlico que \u00e9 colorido em todo o corpo, garantindo que n\u00e3o h\u00e1 diferen\u00e7a de tonalidade nas extremidades cortadas para um aspeto suave e de qualidade superior.<\/li>\n<li><strong>\u00c1rea de superf\u00edcie Acabamentos:\u00a0<\/strong>Escolha entre um inovador\u00a0<strong>fosco\u00a0<\/strong>para um impacto n\u00edtido e de focagem suave; um glamoroso\u00a0<strong>espelho\u00a0<\/strong>para um toque de art-deco deluxe; ou um ambiente completamente personalizado\u00a0<strong>impresso\u00a0<\/strong>estilo com o design do log\u00f3tipo da sua marca, um padr\u00e3o \u00fanico ou um visual espec\u00edfico.<\/li>\n<\/ul>\n<p><a href=\"https:\/\/customacrylicproduct.com\/pt\/custom-acrylic-storage-trolleys-clear-acrylic-rolling-cart\/\"><img decoding=\"async\" class=\"aligncenter wp-image-1112 size-full\" src=\"https:\/\/customacrylicproduct.com\/wp-content\/uploads\/2025\/07\/Custom-Acrylic-Storage-Trolleys-1.jpg\" alt=\"Carrinhos de arruma\u00e7\u00e3o em acr\u00edlico\" width=\"800\" height=\"800\" srcset=\"https:\/\/customacrylicproduct.com\/wp-content\/uploads\/2025\/07\/Custom-Acrylic-Storage-Trolleys-1.jpg 800w, https:\/\/customacrylicproduct.com\/wp-content\/uploads\/2025\/07\/Custom-Acrylic-Storage-Trolleys-1-300x300.jpg 300w, https:\/\/customacrylicproduct.com\/wp-content\/uploads\/2025\/07\/Custom-Acrylic-Storage-Trolleys-1-150x150.jpg 150w, https:\/\/customacrylicproduct.com\/wp-content\/uploads\/2025\/07\/Custom-Acrylic-Storage-Trolleys-1-768x768.jpg 768w, https:\/\/customacrylicproduct.com\/wp-content\/uploads\/2025\/07\/Custom-Acrylic-Storage-Trolleys-1-600x600.jpg 600w, https:\/\/customacrylicproduct.com\/wp-content\/uploads\/2025\/07\/Custom-Acrylic-Storage-Trolleys-1-100x100.jpg 100w\" sizes=\"(max-width: 800px) 100vw, 800px\" \/><\/a><\/p>\n<h4 id=\"-chapter-4-simplicity-from-start-to-finish-uncomplicated-assembly-\"><strong>Cap\u00edtulo 4: Simplicidade do princ\u00edpio ao fim - Montagem descomplicada\u00a0<\/strong>.<\/h4>\n<p>A nossa empresa acredita que um artigo de qualidade superior tem de proporcionar uma experi\u00eancia de custos a partir do momento em que chega \u00e0 sua porta. O agravamento de instru\u00e7\u00f5es de montagem complicadas e a falta de dispositivos n\u00e3o t\u00eam lugar no nosso mundo.<\/p>\n<p>Este\u00a0<strong>Carro de energia\u00a0<\/strong>apresenta um processo de instala\u00e7\u00e3o simples e de f\u00e1cil utiliza\u00e7\u00e3o. \u00c9 fornecido com\u00a0<strong>instru\u00e7\u00f5es claras e f\u00e1ceis de seguir\u00a0<\/strong>que o guiam atrav\u00e9s de algumas ac\u00e7\u00f5es simples. O mais importante,\u00a0<strong>n\u00e3o s\u00e3o necess\u00e1rias ferramentas adicionais\u00a0<\/strong>. Tudo o que precisa est\u00e1 inclu\u00eddo, o que o torna a op\u00e7\u00e3o perfeita para quem valoriza os benef\u00edcios. Esta experi\u00eancia suave garante que pode passar da desembalagem \u00e0 organiza\u00e7\u00e3o da sua casa, escrit\u00f3rio ou oficina em minutos, n\u00e3o em horas.<\/p>\n<p>O seu quarto \u00e9 \u00fanico. A sua arruma\u00e7\u00e3o tamb\u00e9m o deve ser. Pare de se comprometer e comece a personalizar. Melhore a organiza\u00e7\u00e3o da sua casa hoje mesmo com uma solu\u00e7\u00e3o de arruma\u00e7\u00e3o t\u00e3o flex\u00edvel, resistente e elegante como voc\u00ea.<\/p>\n<p><strong>Pronto para desenvolver a sua <a href=\"https:\/\/customacrylicproduct.com\/pt\/custom-acrylic-storage-trolleys-clear-acrylic-rolling-cart\/\">carrinho de rolamento em acr\u00edlico<\/a>? Contacte os nossos especialistas para analisar a sua vis\u00e3o e receber um or\u00e7amento personalizado. Vamos criar algo lindo e \u00fatil, uns com os outros.\u00a0<\/strong>.<\/p>","protected":false},"excerpt":{"rendered":"<p>Melhore o seu espa\u00e7o com os nossos carrinhos de arruma\u00e7\u00e3o em acr\u00edlico personalizados. Este carrinho com rodas transparente oferece uma organiza\u00e7\u00e3o elegante e m\u00f3vel para casa, escrit\u00f3rio ou sal\u00e3o de beleza. Perfeito como um carrinho de bar moderno ou um organizador minimalista. Fabricado de acordo com as suas especifica\u00e7\u00f5es de tamanho exato. Encomende o seu!<\/p>","protected":false},"featured_media":1115,"template":"","meta":{"_kad_post_transparent":"default","_kad_post_title":"","_kad_post_layout":"default","_kad_post_sidebar_id":"","_kad_post_content_style":"default","_kad_post_vertical_padding":"default","_kad_post_feature":"","_kad_post_feature_position":"","_kad_post_header":false,"_kad_post_footer":false,"_kad_post_classname":""},"product_brand":[],"product_cat":[21],"product_tag":[99,69],"class_list":{"0":"post-1111","1":"product","2":"type-product","3":"status-publish","4":"has-post-thumbnail","6":"product_cat-custom-acrylic-furnitures","7":"product_tag-acrylic-storage-trolleys","8":"product_tag-custom-acrylic-furnitures","10":"first","11":"instock","12":"shipping-taxable","13":"product-type-simple","14":"entry","15":"content-bg","16":"loop-entry"},"_links":{"self":[{"href":"https:\/\/customacrylicproduct.com\/pt\/wp-json\/wp\/v2\/product\/1111","targetHints":{"allow":["GET"]}}],"collection":[{"href":"https:\/\/customacrylicproduct.com\/pt\/wp-json\/wp\/v2\/product"}],"about":[{"href":"https:\/\/customacrylicproduct.com\/pt\/wp-json\/wp\/v2\/types\/product"}],"wp:featuredmedia":[{"embeddable":true,"href":"https:\/\/customacrylicproduct.com\/pt\/wp-json\/wp\/v2\/media\/1115"}],"wp:attachment":[{"href":"https:\/\/customacrylicproduct.com\/pt\/wp-json\/wp\/v2\/media?parent=1111"}],"wp:term":[{"taxonomy":"product_brand","embeddable":true,"href":"https:\/\/customacrylicproduct.com\/pt\/wp-json\/wp\/v2\/product_brand?post=1111"},{"taxonomy":"product_cat","embeddable":true,"href":"https:\/\/customacrylicproduct.com\/pt\/wp-json\/wp\/v2\/product_cat?post=1111"},{"taxonomy":"product_tag","embeddable":true,"href":"https:\/\/customacrylicproduct.com\/pt\/wp-json\/wp\/v2\/product_tag?post=1111"}],"curies":[{"name":"wp","href":"https:\/\/api.w.org\/{rel}","templated":true}]}}