{"id":1116,"date":"2025-07-15T09:30:05","date_gmt":"2025-07-15T09:30:05","guid":{"rendered":"https:\/\/customacrylicproduct.com\/?post_type=product&#038;p=1116"},"modified":"2025-07-15T09:45:40","modified_gmt":"2025-07-15T09:45:40","slug":"coloured-cast-acrylic-panel-tinted-acrylic-sheets-wholesaler","status":"publish","type":"product","link":"https:\/\/customacrylicproduct.com\/pt\/coloured-cast-acrylic-panel-tinted-acrylic-sheets-wholesaler\/","title":{"rendered":"Painel de acr\u00edlico colorido fundido Folhas de acr\u00edlico colorido Atacadista"},"content":{"rendered":"<h3 id=\"-the-art-of-shade-the-scientific-research-of-product-a-wholesaler-s-guide-to-costs-coloured-cast-acrylic-\"><strong>A Arte da Sombra, A Investiga\u00e7\u00e3o Cient\u00edfica do Produto: Um Guia do Grossista para Custos de Acr\u00edlico Fundido Colorido\u00a0<\/strong>.<\/h3>\n<p>No planeta do design, do fabrico e da arte, os produtos s\u00e3o o vocabul\u00e1rio que utilizamos para narrar. A op\u00e7\u00e3o adequada pode elevar um simples trabalho a uma obra de arte, transformar um espa\u00e7o comercial numa experi\u00eancia de marca imersiva e transformar um objeto \u00fatil numa pe\u00e7a de arte. Durante d\u00e9cadas, um material tem-se revelado constantemente como um dos meios mais vers\u00e1teis, vibrantes e modernos para criadores de todos os tipos: o acr\u00edlico.<\/p>\n<p>Como revendedor l\u00edder, reconhecemos que os nossos clientes - os designers, criadores, produtores e fabricantes em massa - precisam de mais do que apenas um artigo. Precisam de um companheiro de confian\u00e7a, de uma combina\u00e7\u00e3o substancial de oportunidades e de um produto que funcione na perfei\u00e7\u00e3o sob press\u00e3o. Orgulhamo-nos de fornecer a nossa linha l\u00edder de\u00a0<strong><a href=\"https:\/\/customacrylicproduct.com\/pt\/coloured-cast-acrylic-panel-tinted-acrylic-sheets-wholesaler\/\">Chapas de pol\u00edmero fundido coloridas e matizadas<\/a>\u00a0<\/strong>, uma cole\u00e7\u00e3o criada n\u00e3o s\u00f3 para satisfazer as suas necessidades, mas tamb\u00e9m para influenciar o seu pr\u00f3ximo desenvolvimento excelente.<\/p>\n<p>Este guia ir\u00e1 verificar as qualidades not\u00e1veis dos nossos pain\u00e9is em acr\u00edlico fundido, desde a sua deslumbrante gama de tonalidades e casas f\u00edsicas superiores at\u00e9 \u00e0 sua comodidade de fabrico e aplica\u00e7\u00f5es ilimitadas. Descubra porque \u00e9 que somos o recurso de confian\u00e7a dos profissionais que exigem o mais eficaz.<\/p>\n<h4 id=\"-chapter-1-a-spectrum-of-infinite-opportunity-our-unrivaled-color-scheme-\"><strong>Cap\u00edtulo 1: Um espetro de oportunidades infinitas - O nosso esquema de cores inigual\u00e1vel\u00a0<\/strong>.<\/h4>\n<p>A cor \u00e9 emo\u00e7\u00e3o, identifica\u00e7\u00e3o e luz tornada vis\u00edvel. A nossa cole\u00e7\u00e3o \u00e9 constru\u00edda com base nesta abordagem. Quando nos fornece recursos, tem acesso a um espetro fant\u00e1stico de op\u00e7\u00f5es desenvolvidas para dar vida a qualquer vis\u00e3o.<\/p>\n<p>Obter\u00e1 certamente uma gama espetacular de\u00a0<strong><a href=\"https:\/\/customacrylicproduct.com\/pt\/coloured-cast-acrylic-panel-tinted-acrylic-sheets-wholesaler\/\">actores coloridos transparentes folhas de acr\u00edlico<\/a>\u00a0<\/strong>numa infinidade de cores diferentes. A nossa oferta comum consiste em, mas n\u00e3o se limita a:.<\/p>\n<ul>\n<li><strong>Blues profundos e oce\u00e2nicos\u00a0<\/strong>.<\/li>\n<li><strong>Laranjas vibrantes e energizadas\u00a0<\/strong>.<\/li>\n<li><strong>Amarelos brilhantes e beijados pelo sol\u00a0<\/strong>.<\/li>\n<li><strong>Exuberante, amigo do ambiente natural\u00a0<\/strong>.<\/li>\n<li><strong>Vermelhos fortes e entusiastas\u00a0<\/strong>.<\/li>\n<li><strong>Vermelhos rosa chiques e divertidos\u00a0<\/strong>.<\/li>\n<li><strong>Negros puros e profundos\u00a0<\/strong>.<\/li>\n<li><strong>Transpar\u00eancias cristalinas\u00a0<\/strong>.<\/li>\n<\/ul>\n<p>Isto \u00e9 mais do que apenas uma lista de cores; \u00e9 um conjunto de ferramentas para a criatividade. A magia da verdade reside na intera\u00e7\u00e3o do material com a luz. Sendo um meio transparente, o aspeto de cada folha \u00e9 vibrante.\u00a0<strong>As cores est\u00e3o em diferentes ilumina\u00e7\u00f5es, o programa \u00e9 variado.\u00a0<\/strong>Um painel que parece um azul profundo e irrit\u00e1vel em luz reduzida pode transformar-se numa safira luminescente e celestial quando iluminado por tr\u00e1s. Esta qualidade permite o desenvolvimento de sinal\u00e9tica din\u00e2mica, lumin\u00e1rias fascinantes e objectos de arte com v\u00e1rias camadas com uma profundidade incr\u00edvel.<\/p>\n<p>A nossa gama de tons \u00e9 selecionada para satisfazer os seus requisitos variados de \"fa\u00e7a voc\u00ea mesmo\" e de especialista, desde a correspond\u00eancia com cores espec\u00edficas de marcas de empresas at\u00e9 \u00e0 cria\u00e7\u00e3o de esquemas imaginativos \u00fanicos.<\/p>\n<p><a href=\"https:\/\/customacrylicproduct.com\/pt\/coloured-cast-acrylic-panel-tinted-acrylic-sheets-wholesaler\/\"><img fetchpriority=\"high\" decoding=\"async\" class=\"aligncenter wp-image-1123 size-full\" src=\"https:\/\/customacrylicproduct.com\/wp-content\/uploads\/2025\/07\/Tinted-Acrylic-Sheets.jpg\" alt=\"Folhas de acr\u00edlico colorido\" width=\"800\" height=\"800\" srcset=\"https:\/\/customacrylicproduct.com\/wp-content\/uploads\/2025\/07\/Tinted-Acrylic-Sheets.jpg 800w, https:\/\/customacrylicproduct.com\/wp-content\/uploads\/2025\/07\/Tinted-Acrylic-Sheets-300x300.jpg 300w, https:\/\/customacrylicproduct.com\/wp-content\/uploads\/2025\/07\/Tinted-Acrylic-Sheets-150x150.jpg 150w, https:\/\/customacrylicproduct.com\/wp-content\/uploads\/2025\/07\/Tinted-Acrylic-Sheets-768x768.jpg 768w, https:\/\/customacrylicproduct.com\/wp-content\/uploads\/2025\/07\/Tinted-Acrylic-Sheets-600x600.jpg 600w, https:\/\/customacrylicproduct.com\/wp-content\/uploads\/2025\/07\/Tinted-Acrylic-Sheets-100x100.jpg 100w\" sizes=\"(max-width: 800px) 100vw, 800px\" \/><\/a><\/p>\n<h4 id=\"-chapter-2-the-structure-of-quality-superior-product-unwavering-quality-\"><strong>Cap\u00edtulo 2: A estrutura da qualidade - produto superior e qualidade inabal\u00e1vel\u00a0<\/strong>.<\/h4>\n<p>Uma cor atractiva \u00e9 apenas como o material que a cont\u00e9m. N\u00f3s fornecemos apenas\u00a0<strong>acr\u00edlico fundido\u00a0<\/strong>, A gama de produtos de a\u00e7o inoxid\u00e1vel, o padr\u00e3o superior no mercado, reconhecido pela sua resist\u00eancia, qualidade e consist\u00eancia superiores.<\/p>\n<ul>\n<li><strong>Robusto, dur\u00e1vel e leve:\u00a0<\/strong>\u00c9 este o paradoxo que torna o acr\u00edlico t\u00e3o importante. O nosso\u00a0<strong>folhas de pl\u00e1stico para artesanato e uso especializado\u00a0<\/strong>s\u00e3o constru\u00eddos a partir de acr\u00edlico incrivelmente resistente que resiste a efeitos e estilha\u00e7os muito melhor do que o vidro. \u00c9 um material forte e robusto constru\u00eddo para a longevidade. No entanto, \u00e9 incrivelmente leve, o que o torna muito mais f\u00e1cil e seguro de transferir, cuidar e montar, o que se traduz numa diminui\u00e7\u00e3o das despesas e num risco minimizado para projectos de grande escala.<\/li>\n<li><strong>Flawless Complete e Protection:\u00a0<\/strong>A qualidade superior est\u00e1 na informa\u00e7\u00e3o. Cada folha que oferecemos \u00e9 feita para ter uma qualidade impec\u00e1vel\u00a0<strong>arestas lisas\u00a0<\/strong>, garantindo um revestimento profissional desde o in\u00edcio. Para garantir que esta bela e elevada qualidade chega at\u00e9 si intacta,\u00a0<strong>cada folha de acr\u00edlico \u00e9 coberta por uma pel\u00edcula protetora em ambos os lados.\u00a0<\/strong>Esta a\u00e7\u00e3o crucial protege a superf\u00edcie contra arranh\u00f5es e impress\u00f5es digitais durante o transporte, manuseamento e constru\u00e7\u00e3o, reduzindo os res\u00edduos e assegurando que cada cent\u00edmetro quadrado do produto \u00e9 utiliz\u00e1vel.<\/li>\n<li><strong>Cor que perdura:\u00a0<\/strong>A tonalidade das nossas placas de acr\u00edlico fundido n\u00e3o \u00e9 um acabamento ao n\u00edvel da superf\u00edcie. \u00c9 incorporada diretamente no mon\u00f3mero antes do in\u00edcio do processo de espalhamento, o que sugere que a tonalidade \u00e9 consistente ao longo de toda a densidade do painel. Isto garante que o\u00a0<strong>a cor perdura e \u00e9 dif\u00edcil de descolorir\u00a0<\/strong>, apesar da exposi\u00e7\u00e3o direta a longo prazo \u00e0 ilumina\u00e7\u00e3o interior. A vibra\u00e7\u00e3o com que se desenvolve \u00e9 a vibra\u00e7\u00e3o que certamente perdurar\u00e1.<\/li>\n<\/ul>\n<p><a href=\"https:\/\/customacrylicproduct.com\/pt\/coloured-cast-acrylic-panel-tinted-acrylic-sheets-wholesaler\/\"><img decoding=\"async\" class=\"aligncenter wp-image-1120 size-full\" src=\"https:\/\/customacrylicproduct.com\/wp-content\/uploads\/2025\/07\/Tinted-Acrylic-Sheets-1.jpg\" alt=\"Folhas de acr\u00edlico colorido\" width=\"800\" height=\"800\" srcset=\"https:\/\/customacrylicproduct.com\/wp-content\/uploads\/2025\/07\/Tinted-Acrylic-Sheets-1.jpg 800w, https:\/\/customacrylicproduct.com\/wp-content\/uploads\/2025\/07\/Tinted-Acrylic-Sheets-1-300x300.jpg 300w, https:\/\/customacrylicproduct.com\/wp-content\/uploads\/2025\/07\/Tinted-Acrylic-Sheets-1-150x150.jpg 150w, https:\/\/customacrylicproduct.com\/wp-content\/uploads\/2025\/07\/Tinted-Acrylic-Sheets-1-768x768.jpg 768w, https:\/\/customacrylicproduct.com\/wp-content\/uploads\/2025\/07\/Tinted-Acrylic-Sheets-1-600x600.jpg 600w, https:\/\/customacrylicproduct.com\/wp-content\/uploads\/2025\/07\/Tinted-Acrylic-Sheets-1-100x100.jpg 100w\" sizes=\"(max-width: 800px) 100vw, 800px\" \/><\/a><\/p>\n<h4 id=\"-chapter-3-engineered-for-development-customization-effortless-construction-\"><strong>Cap\u00edtulo 3: Concebido para o desenvolvimento - Personaliza\u00e7\u00e3o e constru\u00e7\u00e3o sem esfor\u00e7o\u00a0<\/strong>.<\/h4>\n<p>Os seus trabalhos t\u00eam requisitos especiais, e a nossa solu\u00e7\u00e3o \u00e9 desenvolvida para os satisfazer com precis\u00e3o e versatilidade. Encorajamo-lo a ir al\u00e9m das restri\u00e7\u00f5es b\u00e1sicas com uma personaliza\u00e7\u00e3o extensiva e um produto que \u00e9 um sonho para trabalhar.<\/p>\n<ul>\n<li><strong>Tamanhos personalizados para Zero Res\u00edduos:\u00a0<\/strong>Reconhecemos que o desempenho \u00e9 um tipo de opera\u00e7\u00e3o profissional. A nossa folha de acr\u00edlico colorido \u00e9 oferecida em\u00a0<strong>tamanhos por medida\u00a0<\/strong>. Embora tenhamos em stock chapas comerciais de dimens\u00f5es padr\u00e3o, o nosso principal servi\u00e7o como revendedor consiste em fornecer pain\u00e9is cortados \u00e0 medida, adaptados \u00e0s dimens\u00f5es espec\u00edficas da sua tarefa. Isto reduz o desperd\u00edcio, poupa tempo de constru\u00e7\u00e3o ben\u00e9fico e diminui as suas despesas globais. Para al\u00e9m disso, pode facilmente\u00a0<strong>cort\u00e1-lo com dispositivos redutores at\u00e9 \u00e0 forma pretendida\u00a0<\/strong>no local.<\/li>\n<li><strong>Maximizado para uma constru\u00e7\u00e3o f\u00e1cil:\u00a0<\/strong>As nossas chapas de acr\u00edlico s\u00e3o conhecidas pela sua excelente maquinabilidade. A proeminente\u00a0<strong>Espessura de 1\/8 de polegada (cerca de 3 mm)\u00a0<\/strong>fornece o melhor equil\u00edbrio entre rigidez e comodidade de manuseamento, no entanto, como grossista, podemos obter uma vasta gama de espessuras para se adequar a qualquer tipo de aplica\u00e7\u00e3o. A densidade uniforme e a qualidade superior do produto tornam-no incrivelmente simples de manusear. Pode:.<\/li>\n<li><strong>Corte com precis\u00e3o:\u00a0<\/strong>Utilizar um\u00a0<strong>serra de fita, serra de mesa ou serrote\u00a0<\/strong>para cortar chapas acr\u00edlicas com linhas bem definidas e n\u00edtidas, permitindo-lhe obter rapidamente a forma desejada.<\/li>\n<li><strong>Corte e grava\u00e7\u00e3o a laser:\u00a0<\/strong>O produto responde perfeitamente aos cortadores a laser, tornando poss\u00edvel o desenvolvimento de padr\u00f5es elaborados, desenhos de log\u00f3tipos aprofundados e formas complicadas com lados elegantes.<\/li>\n<li><strong>Perfurar, percorrer e fresar:\u00a0<\/strong>Pode ser maquinado convenientemente com ferramentas t\u00edpicas de oficina sem rachar ou fissurar.<\/li>\n<li><strong>Curvatura e forma quentes:\u00a0<\/strong>O aquecimento delicado dos pain\u00e9is permite-lhes ser dobrados e criados em contornos e formas tridimensionais.<\/li>\n<\/ul>\n<p>Esta simplicidade de constru\u00e7\u00e3o faz com que o nosso acr\u00edlico seja a sele\u00e7\u00e3o ideal tanto para a cria\u00e7\u00e3o r\u00e1pida de prot\u00f3tipos como para grandes s\u00e9ries de produ\u00e7\u00e3o.<\/p>\n<h4 id=\"-chapter-4-the-canvas-for-development-a-cosmos-of-applications-\"><strong>Cap\u00edtulo 4: O Canvas para o Desenvolvimento - Um Cosmos de Aplica\u00e7\u00f5es\u00a0<\/strong>.<\/h4>\n<p>A adaptabilidade dos nossos pain\u00e9is acr\u00edlicos coloridos para actores \u00e9 limitada apenas pela sua imagina\u00e7\u00e3o. Estas chapas tornaram-se, de facto, um material importante numa grande variedade de sectores e de pesquisas imaginativas.<\/p>\n<ul>\n<li><strong>Sinais e expositores de retalho:\u00a0<\/strong>Produzir indica\u00e7\u00f5es atraentes e luminescentes, expositores de pontos de venda e dispositivos bem conhecidos que atraem os consumidores. As cores vibrantes e transparentes s\u00e3o particularmente eficientes quando retroiluminadas.<\/li>\n<li><strong>Arquitetura e design de interiores:\u00a0<\/strong>Utilize os pain\u00e9is como divis\u00f3rias decorativas, frentes de arm\u00e1rios modernos, vidros coloridos para substituir\u00a0<strong>vidro de estrutura de imagem\u00a0<\/strong>, pe\u00e7as de mobili\u00e1rio por medida e prote\u00e7\u00e3o\u00a0<strong>decora\u00e7\u00f5es de balc\u00e3o\u00a0<\/strong>. A sua leveza e robustez tornam-no numa op\u00e7\u00e3o superior para \u00e1reas p\u00fablicas.<\/li>\n<li><strong>Arte e trabalhos manuais do tipo \"fa\u00e7a voc\u00ea mesmo\":\u00a0<\/strong>Este \u00e9 o melhor suporte para artistas e programadores. Utilize-o como uma superf\u00edcie lisa e n\u00e3o porosa para\u00a0<strong>pintura\u00a0<\/strong>, A base para esculturas de meios mistos ou para objectos de arte elaborados cortados a laser.<\/li>\n<li><strong>Exposi\u00e7\u00f5es e mostras em museus:\u00a0<\/strong>Construa caixas, vitrinas e obst\u00e1culos protectores suaves e duradouros que proporcionem clareza \u00f3tica e um toque de sombra sem desviar a aten\u00e7\u00e3o dos artefactos.<\/li>\n<li><strong>Decora\u00e7\u00e3o de casa e eventos:\u00a0<\/strong>D\u00ea largas \u00e0 sua criatividade para eventos sazonais e comemorativos.\u00a0<strong>Luzes de Natal ornamentais do tipo \"fa\u00e7a voc\u00ea mesmo\u00a0<\/strong>cortando formas personalizadas, criar centros de mesa sensacionais ou desenvolver\u00a0<strong>decora\u00e7\u00f5es para eventos\u00a0<\/strong>que certamente deixar\u00e1 uma perce\u00e7\u00e3o duradoura.<\/li>\n<\/ul>\n<p><a href=\"https:\/\/customacrylicproduct.com\/pt\/coloured-cast-acrylic-panel-tinted-acrylic-sheets-wholesaler\/\"><img decoding=\"async\" class=\"aligncenter wp-image-1121 size-full\" src=\"https:\/\/customacrylicproduct.com\/wp-content\/uploads\/2025\/07\/Tinted-Acrylic-Sheets-2.jpg\" alt=\"Folhas de acr\u00edlico colorido\" width=\"800\" height=\"800\" srcset=\"https:\/\/customacrylicproduct.com\/wp-content\/uploads\/2025\/07\/Tinted-Acrylic-Sheets-2.jpg 800w, https:\/\/customacrylicproduct.com\/wp-content\/uploads\/2025\/07\/Tinted-Acrylic-Sheets-2-300x300.jpg 300w, https:\/\/customacrylicproduct.com\/wp-content\/uploads\/2025\/07\/Tinted-Acrylic-Sheets-2-150x150.jpg 150w, https:\/\/customacrylicproduct.com\/wp-content\/uploads\/2025\/07\/Tinted-Acrylic-Sheets-2-768x768.jpg 768w, https:\/\/customacrylicproduct.com\/wp-content\/uploads\/2025\/07\/Tinted-Acrylic-Sheets-2-600x600.jpg 600w, https:\/\/customacrylicproduct.com\/wp-content\/uploads\/2025\/07\/Tinted-Acrylic-Sheets-2-100x100.jpg 100w\" sizes=\"(max-width: 800px) 100vw, 800px\" \/><\/a><\/p>\n<p>Desde o comercial mais exigente\u00a0<strong>mostrar tarefas\u00a0<\/strong>para o pessoal\u00a0<strong>decora\u00e7\u00e3o de casa\u00a0<\/strong>melhorias, os nossos <a href=\"https:\/\/customacrylicproduct.com\/pt\/coloured-cast-acrylic-panel-tinted-acrylic-sheets-wholesaler\/\">folhas de acr\u00edlico<\/a> oferecem uma estrutura de elevada qualidade e uma combina\u00e7\u00e3o de inspira\u00e7\u00e3o.<\/p>\n<h4 id=\"-the-wholesale-advantage-your-strategic-companion-in-supply-\"><strong>A Vantagem do Atacado: O seu companheiro estrat\u00e9gico no fornecimento\u00a0<\/strong>.<\/h4>\n<p>Escolher-nos como seu revendedor sugere adquirir mais do que apenas um distribuidor; sugere ganhar um parceiro empenhado no seu sucesso. Compreendemos as exig\u00eancias \u00fanicas de organiza\u00e7\u00f5es, fabricantes e fabricantes de grandes volumes. Todo o nosso procedimento est\u00e1 estruturado para lhe oferecer:.<\/p>\n<ul>\n<li><strong>Pre\u00e7os competitivos a granel:\u00a0<\/strong>Proporcionamos poupan\u00e7as financeiras substanciais em encomendas de grande volume, permitindo-lhe aumentar as suas margens de lucro e apresentar propostas mais competitivas em projectos.<\/li>\n<li><strong>Uniformidade inabal\u00e1vel:\u00a0<\/strong>Garantimos a consist\u00eancia da cor e da espessura em todas as folhas da sua encomenda, assegurando a uniformidade para grandes trabalhos e s\u00e9ries de fabrico.<\/li>\n<li><strong>Invent\u00e1rio substancial:\u00a0<\/strong>O nosso enorme invent\u00e1rio em stock de cores e dimens\u00f5es preferidas implica que podemos satisfazer prontamente as suas encomendas, minimizando os preparativos e mantendo os seus projectos dentro do prazo.<\/li>\n<li><strong>Assist\u00eancia dedicada:\u00a0<\/strong>O nosso grupo de profissionais est\u00e1 \u00e0 sua disposi\u00e7\u00e3o para o ajudar a escolher o produto adequado \u00e0 sua aplica\u00e7\u00e3o, dar sugest\u00f5es t\u00e9cnicas e assegurar um processo de compra sem problemas do princ\u00edpio ao fim.<\/li>\n<li><strong>Log\u00edstica fi\u00e1vel:\u00a0<\/strong>Com uma embalagem robusta e uma rede de parceiros de entrega fi\u00e1veis, garantimos que a sua encomenda chega de forma segura, r\u00e1pida e em perfeitas condi\u00e7\u00f5es.<\/li>\n<\/ul>\n<p>Entre num mundo de cores vibrantes, qualidade superior sem paralelo e potencial ilimitado. Permita que as nossas chapas acr\u00edlicas coloridas e matizadas para actores sejam a pedra angular do seu trabalho seguinte.<\/p>\n<p><strong>Contacte os nossos profissionais de vendas por grosso hoje mesmo para pedir um exemplo de pacote, obter um or\u00e7amento acess\u00edvel para as suas necessidades de quantidade ou falar sobre as exig\u00eancias personalizadas do seu pr\u00f3ximo projeto.\u00a0<\/strong>.<\/p>","protected":false},"excerpt":{"rendered":"<p>O seu grossista de confian\u00e7a para chapas de acr\u00edlico fundido coloridas e matizadas de primeira qualidade. Fornecemos uma vasta gama de pain\u00e9is vibrantes, perfeitos para sinaliza\u00e7\u00e3o, fabrico e expositores de retalho. Obtenha pre\u00e7os fi\u00e1veis a granel, servi\u00e7os personalizados de corte \u00e0 medida e envio r\u00e1pido.<\/p>","protected":false},"featured_media":1123,"template":"","meta":{"_kad_post_transparent":"default","_kad_post_title":"","_kad_post_layout":"default","_kad_post_sidebar_id":"","_kad_post_content_style":"default","_kad_post_vertical_padding":"default","_kad_post_feature":"","_kad_post_feature_position":"","_kad_post_header":false,"_kad_post_footer":false,"_kad_post_classname":""},"product_brand":[],"product_cat":[24],"product_tag":[100,75,73],"class_list":{"0":"post-1116","1":"product","2":"type-product","3":"status-publish","4":"has-post-thumbnail","6":"product_cat-custom-acrylic-sheets","7":"product_tag-coloured-acrylic-sheets","8":"product_tag-custom-cut-acrylic-sheets","9":"product_tag-laser-acrylic-sheets","11":"first","12":"instock","13":"shipping-taxable","14":"product-type-simple","15":"entry","16":"content-bg","17":"loop-entry"},"_links":{"self":[{"href":"https:\/\/customacrylicproduct.com\/pt\/wp-json\/wp\/v2\/product\/1116","targetHints":{"allow":["GET"]}}],"collection":[{"href":"https:\/\/customacrylicproduct.com\/pt\/wp-json\/wp\/v2\/product"}],"about":[{"href":"https:\/\/customacrylicproduct.com\/pt\/wp-json\/wp\/v2\/types\/product"}],"wp:featuredmedia":[{"embeddable":true,"href":"https:\/\/customacrylicproduct.com\/pt\/wp-json\/wp\/v2\/media\/1123"}],"wp:attachment":[{"href":"https:\/\/customacrylicproduct.com\/pt\/wp-json\/wp\/v2\/media?parent=1116"}],"wp:term":[{"taxonomy":"product_brand","embeddable":true,"href":"https:\/\/customacrylicproduct.com\/pt\/wp-json\/wp\/v2\/product_brand?post=1116"},{"taxonomy":"product_cat","embeddable":true,"href":"https:\/\/customacrylicproduct.com\/pt\/wp-json\/wp\/v2\/product_cat?post=1116"},{"taxonomy":"product_tag","embeddable":true,"href":"https:\/\/customacrylicproduct.com\/pt\/wp-json\/wp\/v2\/product_tag?post=1116"}],"curies":[{"name":"wp","href":"https:\/\/api.w.org\/{rel}","templated":true}]}}