{"id":1136,"date":"2025-07-17T06:24:15","date_gmt":"2025-07-17T06:24:15","guid":{"rendered":"https:\/\/customacrylicproduct.com\/?post_type=product&#038;p=1136"},"modified":"2025-07-17T11:57:30","modified_gmt":"2025-07-17T11:57:30","slug":"acrylic-chairs-home-internet-celebrity-backrest-table-chair","status":"publish","type":"product","link":"https:\/\/customacrylicproduct.com\/pt\/acrylic-chairs-home-internet-celebrity-backrest-table-chair\/","title":{"rendered":"Cadeiras acr\u00edlicas Internet dom\u00e9stica Cadeira de mesa com encosto"},"content":{"rendered":"<h3 id=\"the-acrylic-cantilever-chair-an-icon-of-modernity-and-a-declaration-of-unparalleled-style\">A cadeira cantilever em acr\u00edlico: Um \u00edcone da modernidade e uma declara\u00e7\u00e3o de estilo inigual\u00e1vel<\/h3>\n<p>Na narrativa em constante evolu\u00e7\u00e3o do design de interiores, h\u00e1 pe\u00e7as de mobili\u00e1rio que simplesmente preenchem uma \u00e1rea e, depois, h\u00e1 aquelas que a especificam. A cadeira de mesa com encosto Polymer Chairs Home Internet Star pertence enfaticamente \u00e0 \u00faltima classifica\u00e7\u00e3o. \u00c9 mais do que um simples assento; \u00e9 uma afirma\u00e7\u00e3o de prefer\u00eancia sofisticada, um elemento escultural que se diverte com a luz e o espa\u00e7o, e um testemunho do poder duradouro do design famoso. Esta cadeira \u00e9 para o indiv\u00edduo perspicaz que compreende que os objectos com que lidamos devem ser t\u00e3o motivadores como funcionais. Destina-se ao designer de espa\u00e7os atractivos, ao anfitri\u00e3o de jantares inesquec\u00edveis e ao aficionado tranquilo do estilo quotidiano. Com a sua abertura a\u00e9rea e o seu tipo que desafia a gravidade, esta cadeira transforma qualquer tipo de espa\u00e7o de uma resid\u00eancia simples numa galeria com curadoria da vida moderna. A sua posi\u00e7\u00e3o de \u201cWeb Celeb\u201d n\u00e3o \u00e9 um acidente; \u00e9 o resultado org\u00e2nico de um design t\u00e3o fotog\u00e9nico, t\u00e3o vers\u00e1til, t\u00e3o naturalmente elegante que capta a imagina\u00e7\u00e3o criativa e impulsiona todos os ambientes que embeleza. N\u00e3o se trata apenas de mobili\u00e1rio; \u00e9 arte funcional, preparada para infundir a sua casa com uma lufada de ar fresco e contempor\u00e2neo.<\/p>\n<p><a href=\"http:\/\/https:\/\/customacrylicproduct.com\/acrylic-chairs-home-internet-celebrity-backrest-table-chair\/\"><img fetchpriority=\"high\" decoding=\"async\" class=\"aligncenter wp-image-1146 size-full\" src=\"https:\/\/customacrylicproduct.com\/wp-content\/uploads\/2025\/07\/Acrylic-Chairs.jpg\" alt=\"Cadeiras em acr\u00edlico\" width=\"800\" height=\"800\" srcset=\"https:\/\/customacrylicproduct.com\/wp-content\/uploads\/2025\/07\/Acrylic-Chairs.jpg 800w, https:\/\/customacrylicproduct.com\/wp-content\/uploads\/2025\/07\/Acrylic-Chairs-300x300.jpg 300w, https:\/\/customacrylicproduct.com\/wp-content\/uploads\/2025\/07\/Acrylic-Chairs-150x150.jpg 150w, https:\/\/customacrylicproduct.com\/wp-content\/uploads\/2025\/07\/Acrylic-Chairs-768x768.jpg 768w, https:\/\/customacrylicproduct.com\/wp-content\/uploads\/2025\/07\/Acrylic-Chairs-600x600.jpg 600w, https:\/\/customacrylicproduct.com\/wp-content\/uploads\/2025\/07\/Acrylic-Chairs-100x100.jpg 100w\" sizes=\"(max-width: 800px) 100vw, 800px\" \/><\/a><\/p>\n<h3 id=\"a-heritage-of-advancement-the-cantilever-form\">Uma heran\u00e7a de progresso: A forma cantilever<\/h3>\n<p>Para valorizar a genialidade desta cadeira, \u00e9 necess\u00e1rio reconhecer primeiro a sua not\u00e1vel \u00e1rvore geneal\u00f3gica. O design cantilever, que cria a impress\u00e3o de um assento flutuante, est\u00e1 entre uma das tecnologias mais significativas no passado do mobili\u00e1rio. Concebida inicialmente na d\u00e9cada de 1920 pelo arquiteto holand\u00eas Mart Stam, que ficou c\u00e9lebre por ter tra\u00e7ado a ideia inicial utilizando condutas de g\u00e1s curvas, a cadeira cantilever foi um desvio extremo da estrutura t\u00edpica de quatro pernas. Este princ\u00edpio inovador foi rapidamente acolhido e aperfei\u00e7oado por tit\u00e3s do movimento Bauhaus, como Marcel Breuer e Ludwig Mies van der Rohe, que ficaram cativados pela ideia de utilizar produtos comerciais como o a\u00e7o tubular para produzir mobili\u00e1rio que fosse simultaneamente leve e s\u00f3lido.<\/p>\n<p>A cadeira cantilever, com a sua base em forma de C carater\u00edstica, simboliza um conceito crucial de inova\u00e7\u00e3o: a harmonia entre forma e fun\u00e7\u00e3o. O estilo n\u00e3o \u00e9 apenas uma sele\u00e7\u00e3o visual; proporciona um n\u00edvel de conforto \u00fanico. A estrutura tem uma flexibilidade natural, permitindo que o assento se flexione suavemente e reaja aos movimentos do indiv\u00edduo, uma melhoria subtil mas significativa em rela\u00e7\u00e3o aos designs de cadeiras r\u00edgidas. Esta cadeira d\u00e1 continuidade a essa tradi\u00e7\u00e3o, associando a base em consola intemporal, fabricada aqui mesmo em cromado polido, com um assento que representa mais um salto no desenvolvimento do produto. \u00c9 um aceno atencioso ao passado, perfeitamente misturado com a vis\u00e3o de futuro do design contempor\u00e2neo.<\/p>\n<p><a href=\"http:\/\/https:\/\/customacrylicproduct.com\/acrylic-chairs-home-internet-celebrity-backrest-table-chair\/\"><img decoding=\"async\" class=\"aligncenter wp-image-1145 size-full\" src=\"https:\/\/customacrylicproduct.com\/wp-content\/uploads\/2025\/07\/Acrylic-Chairs-4.jpg\" alt=\"Acr\u00edlico - Cadeiras\" width=\"800\" height=\"800\" srcset=\"https:\/\/customacrylicproduct.com\/wp-content\/uploads\/2025\/07\/Acrylic-Chairs-4.jpg 800w, https:\/\/customacrylicproduct.com\/wp-content\/uploads\/2025\/07\/Acrylic-Chairs-4-300x300.jpg 300w, https:\/\/customacrylicproduct.com\/wp-content\/uploads\/2025\/07\/Acrylic-Chairs-4-150x150.jpg 150w, https:\/\/customacrylicproduct.com\/wp-content\/uploads\/2025\/07\/Acrylic-Chairs-4-768x768.jpg 768w, https:\/\/customacrylicproduct.com\/wp-content\/uploads\/2025\/07\/Acrylic-Chairs-4-600x600.jpg 600w, https:\/\/customacrylicproduct.com\/wp-content\/uploads\/2025\/07\/Acrylic-Chairs-4-100x100.jpg 100w\" sizes=\"(max-width: 800px) 100vw, 800px\" \/><\/a><\/p>\n<h3 id=\"the-magic-of-polymer-openness-longevity-and-light\">A magia do pol\u00edmero: Abertura, longevidade e luz<\/h3>\n<p>O assento desta not\u00e1vel cadeira \u00e9 fabricado em acr\u00edlico de alta qualidade, um produto que alterou a disposi\u00e7\u00e3o do mobili\u00e1rio moderno desde que ganhou popularidade na d\u00e9cada de 1960. Normalmente designado por nomes comerciais como Lucite ou Plexiglas, o acr\u00edlico oferece a qualidade imaculada do vidro sem a sua fragilidade. Esta transpar\u00eancia \u00e9 a particularidade que define a cadeira e a sua melhor resist\u00eancia visual. Uma cadeira transparente tem a capacidade \u00fanica de habitar um espa\u00e7o sem o frustrar visualmente. Produz uma impress\u00e3o de abertura, fazendo com que mesmo as \u00e1reas mais pequenas pare\u00e7am maiores, mais luminosas e mais arejadas. A luz solar e a luz ambiente atravessam o produto, refractando e reflectindo num fascinante jogo de luz que anima toda a divis\u00e3o.<\/p>\n<p>Mas o atrativo do acr\u00edlico vai muito para al\u00e9m da sua eleg\u00e2ncia. \u00c9 um material extremamente resistente e sens\u00edvel, o que o torna adequado para os rigores da vida quotidiana. Ao contr\u00e1rio do vidro, o pol\u00edmero de alta qualidade \u00e9 resistente a estilha\u00e7os, uma carater\u00edstica vital para um objeto de utiliza\u00e7\u00e3o intensiva, como uma cadeira de refei\u00e7\u00e3o ou de escrit\u00f3rio. \u00c9 igualmente muito mais leve do que o vidro, o que torna as cadeiras muito f\u00e1ceis de deslocar, reorganizar e adaptar \u00e0s suas necessidades em constante mudan\u00e7a. A superf\u00edcie n\u00e3o porosa \u00e9 incrivelmente simples de arrumar e preservar, resistindo a manchas e necessitando apenas de uma limpeza b\u00e1sica para recuperar o seu grande brilho. Esta mistura de charme et\u00e9reo e praticidade duradoura \u00e9 o que faz da cadeira acr\u00edlica uma verdadeira maravilha contempor\u00e2nea.<\/p>\n<p><a href=\"http:\/\/https:\/\/customacrylicproduct.com\/acrylic-chairs-home-internet-celebrity-backrest-table-chair\/\"><img decoding=\"async\" class=\"aligncenter wp-image-1144 size-full\" src=\"https:\/\/customacrylicproduct.com\/wp-content\/uploads\/2025\/07\/Acrylic-Chairs-3.jpg\" alt=\"\" width=\"800\" height=\"800\" srcset=\"https:\/\/customacrylicproduct.com\/wp-content\/uploads\/2025\/07\/Acrylic-Chairs-3.jpg 800w, https:\/\/customacrylicproduct.com\/wp-content\/uploads\/2025\/07\/Acrylic-Chairs-3-300x300.jpg 300w, https:\/\/customacrylicproduct.com\/wp-content\/uploads\/2025\/07\/Acrylic-Chairs-3-150x150.jpg 150w, https:\/\/customacrylicproduct.com\/wp-content\/uploads\/2025\/07\/Acrylic-Chairs-3-768x768.jpg 768w, https:\/\/customacrylicproduct.com\/wp-content\/uploads\/2025\/07\/Acrylic-Chairs-3-600x600.jpg 600w, https:\/\/customacrylicproduct.com\/wp-content\/uploads\/2025\/07\/Acrylic-Chairs-3-100x100.jpg 100w\" sizes=\"(max-width: 800px) 100vw, 800px\" \/><\/a><\/p>\n<h3 id=\"sculpted-for-convenience-the-functional-designs-of-style\">Esculpidos para a conveni\u00eancia: As concep\u00e7\u00f5es funcionais do estilo<\/h3>\n<p>Poder-se-ia pensar, erradamente, que uma cadeira t\u00e3o atraente do ponto de vista est\u00e9tico n\u00e3o seria conveniente. No entanto, um olhar mais detalhado revela um layout que \u00e9 t\u00e3o ergon\u00f3mico quanto elegante. A constru\u00e7\u00e3o em pe\u00e7a \u00fanica do assento e do encosto permite um tipo l\u00edquido e cont\u00ednuo que \u00e9 cuidadosamente formado para apoiar o corpo humano.<\/p>\n<p>O encosto inclui um contorno suave e antropom\u00f3rfico que proporciona uma assist\u00eancia lombar essencial, exigindo uma \u00f3ptima posi\u00e7\u00e3o durante jantares prolongados ou sess\u00f5es de trabalho. O pr\u00f3prio assento culmina num rebordo em \u201ccascata\u201d - um subtil contorno descendente na parte da frente que elimina a press\u00e3o na parte de tr\u00e1s das pernas, promovendo a circula\u00e7\u00e3o e evitando dores. Esta forma ergon\u00f3mica e cuidadosa, combinada com a pequena flex\u00e3o da base cromada em consola, proporciona uma experi\u00eancia de assento surpreendentemente confort\u00e1vel e \u00fatil. Trata-se de uma cadeira desenvolvida n\u00e3o s\u00f3 para ser vista, mas tamb\u00e9m para ser habitada.<\/p>\n<h3 id=\"a-chromatic-symphony-curate-your-perfect-scheme\">Uma Sinfonia Crom\u00e1tica: Crie o seu esquema perfeito<\/h3>\n<p>Enquanto a varia\u00e7\u00e3o clara desta cadeira utiliza o supremo da eleg\u00e2ncia minimalista, o design revive absolutamente atrav\u00e9s da sua espetacular variedade de op\u00e7\u00f5es de tonalidade. Cada tom claro \u00e9 cuidadosamente escolhido para evocar um determinado estado de esp\u00edrito, permitindo-lhe tornar-se o curador do seu pr\u00f3prio espa\u00e7o. A cole\u00e7\u00e3o de cores dispon\u00edveis utiliza um esquema sofisticado para expressar o seu design \u00fanico.<\/p>\n<p>Imagine um conjunto de refei\u00e7\u00f5es composto inteiramente por\u00a0<strong>Cinzento fumado\u00a0<\/strong>para um toque de drama sofisticado e temperamental. Foto de um \u00fanico\u00a0<strong>\u00c2mbar\u00a0<\/strong>incluindo um brilho acolhedor e de inspira\u00e7\u00e3o retro num recanto de leitura acolhedor. O subtil e tranquilo\u00a0<strong>Taupe\u00a0<\/strong>pode dar um toque de terra a um visual minimalista, enquanto que o\u00a0<strong>Amarelo\u00a0<\/strong>infunde um toque de cor arrojado e cheio de energia. Para um ambiente relaxante e inovador num escrit\u00f3rio em casa ou num toucador, a\u00a0<strong>Azul-petr\u00f3leo\u00a0<\/strong>ou\u00a0<strong>Lil\u00e1s\u00a0<\/strong>As alternativas proporcionam um brio \u00fanico e imaginativo.<\/p>\n<p>O atrativo destas cadeiras depende da sua conveni\u00eancia. Pode criar um uniforme, procurar uma declara\u00e7\u00e3o elegante e natural, ou pode aceitar um design mais diversificado e divertido, misturando e combinando diferentes tons \u00e0 volta de uma mesa solit\u00e1ria. Esta abordagem \u201cmisturar e combinar\u201d permite-lhe produzir um interior vibrante e personalizado que \u00e9 uma verdadeira representa\u00e7\u00e3o do seu car\u00e1cter.<\/p>\n<p><a href=\"http:\/\/https:\/\/customacrylicproduct.com\/acrylic-chairs-home-internet-celebrity-backrest-table-chair\/\"><img loading=\"lazy\" decoding=\"async\" class=\"aligncenter wp-image-1143 size-full\" src=\"https:\/\/customacrylicproduct.com\/wp-content\/uploads\/2025\/07\/Acrylic-Chairs-2.jpg\" alt=\"\" width=\"800\" height=\"800\" srcset=\"https:\/\/customacrylicproduct.com\/wp-content\/uploads\/2025\/07\/Acrylic-Chairs-2.jpg 800w, https:\/\/customacrylicproduct.com\/wp-content\/uploads\/2025\/07\/Acrylic-Chairs-2-300x300.jpg 300w, https:\/\/customacrylicproduct.com\/wp-content\/uploads\/2025\/07\/Acrylic-Chairs-2-150x150.jpg 150w, https:\/\/customacrylicproduct.com\/wp-content\/uploads\/2025\/07\/Acrylic-Chairs-2-768x768.jpg 768w, https:\/\/customacrylicproduct.com\/wp-content\/uploads\/2025\/07\/Acrylic-Chairs-2-600x600.jpg 600w, https:\/\/customacrylicproduct.com\/wp-content\/uploads\/2025\/07\/Acrylic-Chairs-2-100x100.jpg 100w\" sizes=\"(max-width: 800px) 100vw, 800px\" \/><\/a><\/p>\n<h3 id=\"the-net-star-a-star-of-the-social-media-site-age\">A \u201cNet Star\u201d: Uma estrela da era dos sites de redes sociais<\/h3>\n<p>No mundo est\u00e9tico atual, o estatuto de \u201cWeb Celeb\u201d de uma disposi\u00e7\u00e3o \u00e9 uma indica\u00e7\u00e3o poderosa do seu encanto visual. Esta cadeira \u00e9 uma estrela natural. As suas linhas bem definidas, o seu tipo especial e a sua comunica\u00e7\u00e3o com a luz tornam-na extremamente fotog\u00e9nica. Acabou por ser a preferida entre os designers de interiores, influenciadores de estilo de casa e propriet\u00e1rios conscientes do estilo que exibem os seus quartos em sistemas como o Instagram e o Pinterest.<\/p>\n<p>O atrativo da cadeira adv\u00e9m da sua capacidade de impulsionar, em vez de controlar, uma imagem. A sua transpar\u00eancia permite a irradia\u00e7\u00e3o do resto da decora\u00e7\u00e3o do espa\u00e7o - uma mesa bem estabelecida, uma alcatifa bem formada, uma obra de arte marcante. Inclui uma camada de eleg\u00e2ncia de design e uma taxa de interesse est\u00e9tico sem produzir desordem. Num mundo em que a casa se tornou uma tela prim\u00e1ria para a auto-express\u00e3o, a cadeira Polymer Cantilever \u00e9 o dispositivo perfeito para desenvolver momentos dignos de revista e de serem partilhados.<\/p>\n<h3 id=\"unrivaled-adaptability-a-chair-for-every-single-area\">Adaptabilidade sem igual: Uma cadeira para cada \u00e1rea<\/h3>\n<p>Embora seja perfeitamente adequada como cadeira de jantar, o seu design sofisticado e as suas fun\u00e7\u00f5es funcionais tornam-na extremamente funcional e eficaz para dinamizar qualquer divis\u00e3o da sua casa ou escrit\u00f3rio.<\/p>\n<ul>\n<li><strong>Na sala de jantar:\u00a0<\/strong>Como cadeira de jantar, d\u00e1 uma sensa\u00e7\u00e3o de evento a cada refei\u00e7\u00e3o. A sua leveza visual, que permite poupar espa\u00e7o, torna-a ideal tanto para grandes salas de jantar como para recantos de cozinha ainda mais compactos.<\/li>\n<li><strong>No Minist\u00e9rio do Interior:\u00a0<\/strong>Troque uma cadeira de escrit\u00f3rio grande e desinteressante por esta op\u00e7\u00e3o simples. Proporciona apoio ergon\u00f3mico, preservando um visual especializado e limpo, transformando o seu escrit\u00f3rio num centro de pensamento criativo.<\/li>\n<li><strong>Na Vanity:\u00a0<\/strong>Colocado em frente a uma mesa de roupa ou num closet, inclui um toque de glamour e sofistica\u00e7\u00e3o, criando um local elegante para planear o dia.<\/li>\n<li><strong>Como cadeira de acento:\u00a0<\/strong>Uma cadeira solit\u00e1ria pode funcionar como um sensacional item escultural num canto da sala de estar, numa entrada ou num quarto de cama. Fornece assentos adicionais pr\u00e1ticos enquanto funciona como uma pe\u00e7a de arte.<\/li>\n<li><strong>Em espa\u00e7os comerciais:\u00a0<\/strong>A mistura de estilo elevado e longevidade da cadeira torna-a uma excelente op\u00e7\u00e3o para ambientes comerciais com design avan\u00e7ado, como caf\u00e9s elegantes, boutiques modernas, \u00e1reas funcionais e empresas criativas.<\/li>\n<\/ul>\n<p>Esta cadeira \u00e9 mais do que uma pe\u00e7a de mobili\u00e1rio; \u00e9 um investimento com estilo, um aceno para criar fundo e uma ferramenta flex\u00edvel para a vida moderna. \u00c9 um acontecimento de luz, de simpatia e de cor, pronto a transformar o seu espa\u00e7o e a inspirar a sua vida. Acolha a clareza, a comodidade e o carisma indiscut\u00edvel da cadeira Polymer Cantilever e deixe a sua casa brilhar.<\/p>","protected":false},"excerpt":{"rendered":"<p class=\"ng-star-inserted\"><span class=\"ng-star-inserted\">Eleve a sua casa com a cadeira Toyas, a favorita das celebridades da Internet. Esta moderna cadeira de mesa apresenta um elegante encosto transparente e uma elegante base cromada em cantilever. O seu design minimalista d\u00e1 um toque de eleg\u00e2ncia contempor\u00e2nea a qualquer divis\u00e3o. Perfeita para refei\u00e7\u00f5es ou como uma pe\u00e7a de destaque elegante.<\/span><\/p>","protected":false},"featured_media":1146,"template":"","meta":{"_kad_post_transparent":"default","_kad_post_title":"","_kad_post_layout":"default","_kad_post_sidebar_id":"","_kad_post_content_style":"default","_kad_post_vertical_padding":"default","_kad_post_feature":"","_kad_post_feature_position":"","_kad_post_header":false,"_kad_post_footer":false,"_kad_post_classname":""},"product_brand":[],"product_cat":[21],"product_tag":[106,69],"class_list":{"0":"post-1136","1":"product","2":"type-product","3":"status-publish","4":"has-post-thumbnail","6":"product_cat-custom-acrylic-furnitures","7":"product_tag-acrylic-chairs","8":"product_tag-custom-acrylic-furnitures","10":"first","11":"instock","12":"shipping-taxable","13":"product-type-simple","14":"entry","15":"content-bg","16":"loop-entry"},"_links":{"self":[{"href":"https:\/\/customacrylicproduct.com\/pt\/wp-json\/wp\/v2\/product\/1136","targetHints":{"allow":["GET"]}}],"collection":[{"href":"https:\/\/customacrylicproduct.com\/pt\/wp-json\/wp\/v2\/product"}],"about":[{"href":"https:\/\/customacrylicproduct.com\/pt\/wp-json\/wp\/v2\/types\/product"}],"wp:featuredmedia":[{"embeddable":true,"href":"https:\/\/customacrylicproduct.com\/pt\/wp-json\/wp\/v2\/media\/1146"}],"wp:attachment":[{"href":"https:\/\/customacrylicproduct.com\/pt\/wp-json\/wp\/v2\/media?parent=1136"}],"wp:term":[{"taxonomy":"product_brand","embeddable":true,"href":"https:\/\/customacrylicproduct.com\/pt\/wp-json\/wp\/v2\/product_brand?post=1136"},{"taxonomy":"product_cat","embeddable":true,"href":"https:\/\/customacrylicproduct.com\/pt\/wp-json\/wp\/v2\/product_cat?post=1136"},{"taxonomy":"product_tag","embeddable":true,"href":"https:\/\/customacrylicproduct.com\/pt\/wp-json\/wp\/v2\/product_tag?post=1136"}],"curies":[{"name":"wp","href":"https:\/\/api.w.org\/{rel}","templated":true}]}}