{"id":1164,"date":"2025-07-17T11:23:43","date_gmt":"2025-07-17T11:23:43","guid":{"rendered":"https:\/\/customacrylicproduct.com\/?post_type=product&#038;p=1164"},"modified":"2025-07-22T07:32:18","modified_gmt":"2025-07-22T07:32:18","slug":"acrylic-side-table-nordic-style-coffee-table-customization","status":"publish","type":"product","link":"https:\/\/customacrylicproduct.com\/pt\/acrylic-side-table-nordic-style-coffee-table-customization\/","title":{"rendered":"Mesa lateral acr\u00edlica Mesa de centro estilo n\u00f3rdico Personaliza\u00e7\u00e3o"},"content":{"rendered":"<h3 id=\"-the-arc-table-a-building-research-in-light-and-room-\"><strong>A Mesa em Arco: Um edif\u00edcio de investiga\u00e7\u00e3o em luz e espa\u00e7o<\/strong><\/h3>\n<p><strong>Introdu\u00e7\u00e3o: A arte da invisibilidade com classe\u00a0<\/strong>.<\/p>\n<p>Na paisagem do estilo moderno, as declara\u00e7\u00f5es mais profundas s\u00e3o normalmente feitas com a voz mais calma. De facto, entr\u00e1mos numa era em que o luxo n\u00e3o \u00e9 especificado pela complexidade ornamentada, mas pelo tipo puro, pela intencionalidade e pela festa do pr\u00f3prio espa\u00e7o. \u00c9 a partir desta filosofia de simplicidade polida que o\u00a0<strong>Mesa de arco\u00a0<\/strong>nasceu. Mais do que um simples mobili\u00e1rio, \u00e9 um princ\u00edpio de constru\u00e7\u00e3o que deu origem a um tributo \u00e0 eleg\u00e2ncia simples do estilo n\u00f3rdico e um estudo sobre o poder elegante do que n\u00e3o se v\u00ea.<\/p>\n<p>Fabricada a partir de uma aeronave \u00fanica e constante de acr\u00edlico opticamente puro, a mesa Arc \u00e9 especificada pelo seu lend\u00e1rio contorno em cascata - um gesto suave e fluido que torna a carpintaria e o equipamento obsoletos. N\u00e3o exige ser o centro das aten\u00e7\u00f5es; d\u00e1-lhe as boas-vindas para valorizar o espa\u00e7o em que vive. Quando vista no seu ambiente natural, aconchegada junto \u00e0s linhas arrumadas de um sof\u00e1 contempor\u00e2neo ou servindo de pedestal transparente para os trabalhos de um mestre da arquitetura como Tadao Ando, a Mesa Arc \u00e9 um objeto \u201cfantasma\u201d. Atinge um estado de quase invisibilidade deslumbrante, o que lhe permite ser uma companheira tranquila na hist\u00f3ria do estilo da sua casa, refor\u00e7ando, em vez de frustrar, a sua atmosfera.<\/p>\n<p>Esta introdu\u00e7\u00e3o d\u00e1-lhe as boas-vindas para descobrir a profundidade por detr\u00e1s deste tipo furtivamente simples. Exploraremos a abordagem de constru\u00e7\u00e3o do seu layout, a qualidade not\u00e1vel do seu material cristalino, a sua flexibilidade sem limites e a modifica\u00e7\u00e3o \u00e0 medida que o torna uma extens\u00e3o da sua vis\u00e3o individual.<\/p>\n<p><img fetchpriority=\"high\" decoding=\"async\" class=\"aligncenter wp-image-1165 size-full\" src=\"https:\/\/customacrylicproduct.com\/wp-content\/uploads\/2025\/07\/\u8be6\u60c5\u56fe13-\u526f\u672c.jpg\" alt=\"Mesa de apoio acr\u00edlica\" width=\"790\" height=\"523\" srcset=\"https:\/\/customacrylicproduct.com\/wp-content\/uploads\/2025\/07\/\u8be6\u60c5\u56fe13-\u526f\u672c.jpg 790w, https:\/\/customacrylicproduct.com\/wp-content\/uploads\/2025\/07\/\u8be6\u60c5\u56fe13-\u526f\u672c-300x199.jpg 300w, https:\/\/customacrylicproduct.com\/wp-content\/uploads\/2025\/07\/\u8be6\u60c5\u56fe13-\u526f\u672c-768x508.jpg 768w, https:\/\/customacrylicproduct.com\/wp-content\/uploads\/2025\/07\/\u8be6\u60c5\u56fe13-\u526f\u672c-600x397.jpg 600w\" sizes=\"(max-width: 790px) 100vw, 790px\" \/><\/p>\n<p>-.<\/p>\n<h3 id=\"-the-style-viewpoint-a-contour-of-quiet-confidence-\"><strong>O ponto de vista do estilo: Um contorno de confian\u00e7a tranquila<\/strong><\/h3>\n<p>A conce\u00e7\u00e3o da mesa Arc \u00e9 um ato de diminui\u00e7\u00e3o deliberada. \u00c9 o resultado da elimina\u00e7\u00e3o de todos os pormenores sup\u00e9rfluos at\u00e9 restar apenas o necess\u00e1rio: tipo puro ao servi\u00e7o perfeito da fun\u00e7\u00e3o. \u00c9 a simplicidade como declara\u00e7\u00e3o de confian\u00e7a.<\/p>\n<p><strong>A curva em cascata da marca registada:\u00a0<\/strong>. A alma da Mesa em Arco \u00e9 o seu tipo ininterrupto e fluido. Enquanto uma mesa normal \u00e9 um conjunto de pe\u00e7as, a mesa Arc \u00e9 uma escultura monol\u00edtica. Este estilo \u201ccascata\u201d, em que a superf\u00edcie horizontal desliza facilmente para os seus apoios verticais, \u00e9 uma realiza\u00e7\u00e3o do design moderno. A curva n\u00e3o \u00e9 um \u00e2ngulo agudo e agressivo, mas uma dist\u00e2ncia caridosa e suave que estimula uma sensa\u00e7\u00e3o de calma e fluidez. Esta linha \u00fanica e constante desenvolve uma poderosa harmonia visual, permitindo que o olho siga o seu curso sem interrup\u00e7\u00f5es.<\/p>\n<p>Esta aus\u00eancia de costuras \u00e9 um princ\u00edpio fundamental da arquitetura minimalista. Ao remover juntas e ferragens, a mesa proporciona uma forma limpa e alternativa que parece simultaneamente avan\u00e7ada e intemporalmente natural. Suaviza os lados duros de um espa\u00e7o, mantendo uma imagem distintamente moderna.<\/p>\n<p><strong>O impacto \u201cfantasma\u201d: Produzir \u00e1rea visual\u00a0<\/strong>. Uma das qualidades mais transformadoras da mesa Arc \u00e9 a sua abertura. Fabricada em acr\u00edlico cristalino de grande beleza, ganha a sua alcunha de \u201cfantasma\u201d ao criar uma impress\u00e3o de leveza e abertura. Trata-se de um dispositivo de design eficaz, especialmente em espa\u00e7os onde \u00e9 crucial manter uma sensa\u00e7\u00e3o de leveza.<\/p>\n<p>Ao contr\u00e1rio de uma mesa s\u00f3lida que esteticamente corta uma divis\u00e3o e ocupa espa\u00e7o no ch\u00e3o, a mesa Arc permite que a luz e as linhas de vis\u00e3o a atravessem sem obstru\u00e7\u00f5es. A textura rica de um tapete de l\u00e3, o gr\u00e3o acolhedor de um soalho de madeira ou a cor da parede por detr\u00e1s da mesa continuam a fazer parte da paisagem est\u00e9tica. Isto faz com que qualquer tipo de espa\u00e7o pare\u00e7a realmente maior, mais luminoso e menos ca\u00f3tico. \u00c9 a op\u00e7\u00e3o ideal para incluir uma \u00e1rea de superf\u00edcie funcional sem acrescentar peso est\u00e9tico, permitindo que os elementos de estilo que selecionou cuidadosamente continuem a ser os her\u00f3is da divis\u00e3o.<\/p>\n<p><img decoding=\"async\" class=\"aligncenter wp-image-1167 size-full\" src=\"https:\/\/customacrylicproduct.com\/wp-content\/uploads\/2025\/07\/\u8be6\u60c5\u56fe15.jpg\" alt=\"Mesa de apoio acr\u00edlica\" width=\"790\" height=\"436\" srcset=\"https:\/\/customacrylicproduct.com\/wp-content\/uploads\/2025\/07\/\u8be6\u60c5\u56fe15.jpg 790w, https:\/\/customacrylicproduct.com\/wp-content\/uploads\/2025\/07\/\u8be6\u60c5\u56fe15-300x166.jpg 300w, https:\/\/customacrylicproduct.com\/wp-content\/uploads\/2025\/07\/\u8be6\u60c5\u56fe15-768x424.jpg 768w, https:\/\/customacrylicproduct.com\/wp-content\/uploads\/2025\/07\/\u8be6\u60c5\u56fe15-600x331.jpg 600w\" sizes=\"(max-width: 790px) 100vw, 790px\" \/><\/p>\n<p>-.<\/p>\n<h3 id=\"-the-product-as-the-tool-the-purity-of-polymer-\"><strong>O produto como ferramenta: A pureza do pol\u00edmero<\/strong><\/h3>\n<p>O charme ang\u00e9lico e a funcionalidade robusta da Mesa Arco t\u00eam origem na sua constru\u00e7\u00e3o e na utiliza\u00e7\u00e3o de uma \u00fanica pe\u00e7a de acr\u00edlico fundido (PMMA) de alta qualidade, um material escolhido pela sua combina\u00e7\u00e3o distinta de virtudes est\u00e9ticas e funcionais.<\/p>\n<p><strong>Clareza \u00f3tica e qualidade superior luminosa:\u00a0<\/strong>. O acr\u00edlico fundido de primeira qualidade tem uma nitidez \u00f3tica que transcende a do vidro, enviando luz extra e evitando a cor verde frequentemente vis\u00edvel em pain\u00e9is de vidro mais espessos. Isto assegura que a mesa Arc \u00e9 brilhante e simplesmente clara. Os seus rebordos s\u00e3o polidos com diamante para uma superf\u00edcie not\u00e1vel e lustrosa, permitindo-lhes captar e refratar a luz ambiente. Isto cria um brilho refinado e excitante ao longo das formas da mesa, como se esta fosse ligeiramente iluminada a partir do interior, incluindo uma medida vibrante e inovadora na sua sala.<\/p>\n<p><strong>Resist\u00eancia, seguran\u00e7a e transportabilidade ligeira:\u00a0<\/strong>. Independentemente do seu aspeto delicado, semelhante ao vidro, o pol\u00edmero \u00e9 um material incrivelmente s\u00f3lido e duradouro. \u00c9 consideravelmente mais resistente aos estilha\u00e7os do que o vidro, oferecendo uma vantagem de seguran\u00e7a essencial em qualquer tipo de casa. Al\u00e9m disso, a sua natureza leve torna a Mesa Arc facilmente m\u00f3vel. Desloque-se do sof\u00e1 para uma poltrona, ou da sala de estar para o seu escrit\u00f3rio em casa, ajustando a sua sala \u00e0s suas necessidades sem esfor\u00e7o. Esta combina\u00e7\u00e3o de resist\u00eancia e agilidade \u00e9 um testemunho da ci\u00eancia contempor\u00e2nea dos materiais.<\/p>\n<p><strong>Concebida para uma longa vida \u00fatil:\u00a0<\/strong>. Utilizamos apenas acr\u00edlico resistente aos raios UV para garantir que a sua mesa n\u00e3o amarelece nem enfraquece com o tempo, preservando o seu aspeto cristalino durante muitos anos. A superf\u00edcie n\u00e3o porosa \u00e9 adicionalmente resistente \u00e0 humidade e \u00e0s descolora\u00e7\u00f5es, tornando-a incrivelmente simples de arrumar e manter - uma limpeza f\u00e1cil com um pano macio restaura o seu brilho imaculado.<\/p>\n<p>-.<\/p>\n<h3 id=\"-the-versatile-minimalist-a-table-for-every-room-\"><strong>O minimalista vers\u00e1til: Uma mesa para cada divis\u00e3o<\/strong><\/h3>\n<p>O verdadeiro mago da mesa Arc depende da sua incr\u00edvel versatilidade. O seu estilo minimalista \u00e9 uma tela vazia, permitindo-lhe misturar-se perfeitamente numa multiplicidade de pap\u00e9is em v\u00e1rios espa\u00e7os e estilos de design.<\/p>\n<ul>\n<li><strong>O curador da sala de estar:\u00a0<\/strong>Como mesa de apoio, \u00e9 a companheira perfeita de um sof\u00e1 ou de uma cadeira de cotovelo, fornecendo uma superf\u00edcie de apoio para um candeeiro, uma bebida ou um livro. A sua transpar\u00eancia garante que real\u00e7a qualquer tipo de estofo, desde o distinto boucle ao suave couro natural. Coloque duas pe\u00e7as uma na outra para produzir uma mesa de centro embutida, com v\u00e1rios n\u00edveis, que \u00e9 simultaneamente \u00fatil e esteticamente leve.<\/li>\n<li><strong>O guarda sereno do quarto de dormir:\u00a0<\/strong>Como mesa de cabeceira, a mesa Arc anuncia uma atmosfera de tranquilidade e limpeza. Cont\u00e9m apenas o essencial - um telem\u00f3vel, um copo de \u00e1gua, uma pequena planta - mantendo uma sensa\u00e7\u00e3o de abertura e arejamento, incorporando os conceitos de um abrigo minimalista.<\/li>\n<li><strong>As boas-vindas graciosas da entrada:\u00a0<\/strong>Num hall de entrada ou num corredor, serve de mesa de consola sofisticada e discreta. \u00c9 uma \u00e1rea de toque moderna para chaves e correio que oferece funcionalidade sem restringir visualmente um espa\u00e7o estreito.<\/li>\n<li><strong>O moderno impulsionador do espa\u00e7o de trabalho:\u00a0<\/strong>Num escrit\u00f3rio, utilize-o como uma superf\u00edcie complementar para uma impressora ou registos para maximizar o espa\u00e7o valioso da secret\u00e1ria. As suas linhas simples contribuem para um ambiente de trabalho concentrado e organizado.<\/li>\n<\/ul>\n<p><img decoding=\"async\" class=\"aligncenter wp-image-1168 size-full\" src=\"https:\/\/customacrylicproduct.com\/wp-content\/uploads\/2025\/07\/\u4e3b\u56fe05-2.jpg\" alt=\"Mesa de apoio acr\u00edlica\" width=\"800\" height=\"800\" srcset=\"https:\/\/customacrylicproduct.com\/wp-content\/uploads\/2025\/07\/\u4e3b\u56fe05-2.jpg 800w, https:\/\/customacrylicproduct.com\/wp-content\/uploads\/2025\/07\/\u4e3b\u56fe05-2-300x300.jpg 300w, https:\/\/customacrylicproduct.com\/wp-content\/uploads\/2025\/07\/\u4e3b\u56fe05-2-150x150.jpg 150w, https:\/\/customacrylicproduct.com\/wp-content\/uploads\/2025\/07\/\u4e3b\u56fe05-2-768x768.jpg 768w, https:\/\/customacrylicproduct.com\/wp-content\/uploads\/2025\/07\/\u4e3b\u56fe05-2-600x600.jpg 600w, https:\/\/customacrylicproduct.com\/wp-content\/uploads\/2025\/07\/\u4e3b\u56fe05-2-100x100.jpg 100w\" sizes=\"(max-width: 800px) 100vw, 800px\" \/><\/p>\n<p>&nbsp;<\/p>\n<h3 id=\"-the-last-touch-a-dedication-to-customization-\"><strong>O \u00faltimo toque: Uma dedica\u00e7\u00e3o \u00e0 personaliza\u00e7\u00e3o<\/strong><\/h3>\n<p>Compreendemos que a \u00e1rea excelente \u00e9 uma \u00e1rea individual. Embora a nossa mesa Arc b\u00e1sica tenha sido desenvolvida para ser globalmente elegante, fornecemos um servi\u00e7o de personaliza\u00e7\u00e3o \u00e0 medida para criar uma pe\u00e7a que seja distintamente sua. Quer necessite de medidas detalhadas para corresponder completamente \u00e0 altura do seu sof\u00e1, de um perfil mais largo para funcionar como uma mesa de centro minimalista e at\u00e9 de uma cor subtil - como um cinzento fumado avan\u00e7ado ou um bronze quente - podemos trabalhar consigo para criar uma mesa que se adapte especificamente \u00e0 sua vis\u00e3o.<\/p>\n<p><strong>Veredicto: Um investimento no design cl\u00e1ssico\u00a0<\/strong>.<\/p>\n<p>A mesa Arc \u00e9 mais do que um objeto; \u00e9 um ponto de vista de design tornado concreto. \u00c9 um investimento em luz, \u00e1rea e a eleg\u00e2ncia resistente do minimalismo. Com o seu tipo intemporal, constru\u00e7\u00e3o robusta e comodidade infinita, \u00e9 um objeto que se adaptar\u00e1 a si com o passar dos anos. Ao selecionar a Mesa Arc, est\u00e1 a escolher criar uma atmosfera de qualidade, tranquilidade e eleg\u00e2ncia subestimada - uma sala onde pode realmente respirar.<\/p>","protected":false},"excerpt":{"rendered":"<p class=\"ng-star-inserted\"><span class=\"ng-star-inserted\">Descubra a eleg\u00e2ncia n\u00f3rdica minimalista com a nossa mesa de apoio em acr\u00edlico transparente. Fabricada a partir de uma \u00fanica pe\u00e7a com uma curva em cascata perfeita, o seu design \u201cfantasma\u201d faz com que qualquer divis\u00e3o pare\u00e7a maior. Perfeita como mesa de centro, mesa de cabeceira ou expositor elegante. Dur\u00e1vel, elegante e personaliz\u00e1vel para se adaptar ao seu espa\u00e7o \u00fanico.<\/span><\/p>","protected":false},"featured_media":1168,"template":"","meta":{"_kad_post_transparent":"default","_kad_post_title":"","_kad_post_layout":"default","_kad_post_sidebar_id":"","_kad_post_content_style":"default","_kad_post_vertical_padding":"default","_kad_post_feature":"","_kad_post_feature_position":"","_kad_post_header":false,"_kad_post_footer":false,"_kad_post_classname":""},"product_brand":[],"product_cat":[21],"product_tag":[123],"class_list":{"0":"post-1164","1":"product","2":"type-product","3":"status-publish","4":"has-post-thumbnail","6":"product_cat-custom-acrylic-furnitures","7":"product_tag-acrylic-side-table","9":"first","10":"instock","11":"shipping-taxable","12":"product-type-simple","13":"entry","14":"content-bg","15":"loop-entry"},"_links":{"self":[{"href":"https:\/\/customacrylicproduct.com\/pt\/wp-json\/wp\/v2\/product\/1164","targetHints":{"allow":["GET"]}}],"collection":[{"href":"https:\/\/customacrylicproduct.com\/pt\/wp-json\/wp\/v2\/product"}],"about":[{"href":"https:\/\/customacrylicproduct.com\/pt\/wp-json\/wp\/v2\/types\/product"}],"wp:featuredmedia":[{"embeddable":true,"href":"https:\/\/customacrylicproduct.com\/pt\/wp-json\/wp\/v2\/media\/1168"}],"wp:attachment":[{"href":"https:\/\/customacrylicproduct.com\/pt\/wp-json\/wp\/v2\/media?parent=1164"}],"wp:term":[{"taxonomy":"product_brand","embeddable":true,"href":"https:\/\/customacrylicproduct.com\/pt\/wp-json\/wp\/v2\/product_brand?post=1164"},{"taxonomy":"product_cat","embeddable":true,"href":"https:\/\/customacrylicproduct.com\/pt\/wp-json\/wp\/v2\/product_cat?post=1164"},{"taxonomy":"product_tag","embeddable":true,"href":"https:\/\/customacrylicproduct.com\/pt\/wp-json\/wp\/v2\/product_tag?post=1164"}],"curies":[{"name":"wp","href":"https:\/\/api.w.org\/{rel}","templated":true}]}}