{"id":1169,"date":"2025-07-17T11:30:47","date_gmt":"2025-07-17T11:30:47","guid":{"rendered":"https:\/\/customacrylicproduct.com\/?post_type=product&#038;p=1169"},"modified":"2025-07-22T07:33:23","modified_gmt":"2025-07-22T07:33:23","slug":"acrylic-transparent-chair-outdoor-event-bamboo-napoleon-chair","status":"publish","type":"product","link":"https:\/\/customacrylicproduct.com\/pt\/acrylic-transparent-chair-outdoor-event-bamboo-napoleon-chair\/","title":{"rendered":"Cadeira acr\u00edlica transparente Evento ao ar livre Cadeira Napole\u00e3o de bambu"},"content":{"rendered":"<h3 id=\"the-crystal-napoleon-chair-where-classic-style-meets-modern-radiance\">A cadeira Napoleon Crystal: Onde o estilo cl\u00e1ssico encontra o brilho moderno<\/h3>\n<p>Pense numa ocasi\u00e3o em que todas as informa\u00e7\u00f5es murmuram eleg\u00e2ncia. Imagine uma cerim\u00f3nia num p\u00e1tio banhado pelo sol, uma gala atraente iluminada pelas estrelas ou um lan\u00e7amento de uma empresa chique em que a decora\u00e7\u00e3o parece realmente grandiosa e facilmente iluminada. No centro desta vis\u00e3o est\u00e1 uma sele\u00e7\u00e3o de assentos que faz mais do que apenas oferecer uma funcionalidade - eleva toda a atmosfera. Apresentamos-lhe a cadeira Napole\u00e3o \u201cGhost\u201d em pol\u00edmero transparente, uma fus\u00e3o h\u00e1bil de grandeza hist\u00f3rica e tecnologia de disposi\u00e7\u00e3o moderna. N\u00e3o se trata apenas de uma cadeira; \u00e9 um objeto de afirma\u00e7\u00e3o, um elemento de disposi\u00e7\u00e3o e o truque para produzir uma atmosfera memor\u00e1vel.<\/p>\n<p><img fetchpriority=\"high\" decoding=\"async\" class=\"aligncenter wp-image-1172 size-full\" src=\"https:\/\/customacrylicproduct.com\/wp-content\/uploads\/2025\/07\/\u4e3b\u56fe05-3.jpg\" alt=\"Cadeira acr\u00edlica transparente\" width=\"800\" height=\"800\" srcset=\"https:\/\/customacrylicproduct.com\/wp-content\/uploads\/2025\/07\/\u4e3b\u56fe05-3.jpg 800w, https:\/\/customacrylicproduct.com\/wp-content\/uploads\/2025\/07\/\u4e3b\u56fe05-3-300x300.jpg 300w, https:\/\/customacrylicproduct.com\/wp-content\/uploads\/2025\/07\/\u4e3b\u56fe05-3-150x150.jpg 150w, https:\/\/customacrylicproduct.com\/wp-content\/uploads\/2025\/07\/\u4e3b\u56fe05-3-768x768.jpg 768w, https:\/\/customacrylicproduct.com\/wp-content\/uploads\/2025\/07\/\u4e3b\u56fe05-3-600x600.jpg 600w, https:\/\/customacrylicproduct.com\/wp-content\/uploads\/2025\/07\/\u4e3b\u56fe05-3-100x100.jpg 100w\" sizes=\"(max-width: 800px) 100vw, 800px\" \/><\/p>\n<p><strong>Um Legado Reimaginado: O esp\u00edrito napole\u00f3nico<\/strong><\/p>\n<p>A cadeira Napoleon ostenta uma heran\u00e7a abundante, com as suas ra\u00edzes a remontarem ao luxuoso per\u00edodo do Dom\u00ednio Franc\u00eas do in\u00edcio do s\u00e9culo XIX. Reconhecida pela sua silhueta majestosa mas requintada, a cadeira Napole\u00e3o intemporal \u00e9 identificada pelas suas carater\u00edsticas distintivas: uma calha de ataque cuidadosamente recortada ou ondulada, pinos ou ripas verticais elegantes que desenvolvem o encosto e pernas maravilhosamente torneadas. A nossa cadeira Napoleon em pol\u00edmero presta uma homenagem fiel a este design cl\u00e1ssico.<\/p>\n<p>Preserv\u00e1mos cuidadosamente a forma lend\u00e1ria que embelezou as salas de rece\u00e7\u00e3o e as casas senhoriais durante s\u00e9culos. A calha da crista subtilmente curvada produz um perfil suave e convidativo, enquanto os pinos finos e uniformemente espa\u00e7ados proporcionam charme visual e assist\u00eancia ergon\u00f3mica \u00e0s costas. As pernas e os degraus de assist\u00eancia apresentam torneados fr\u00e1geis, ao estilo do bambu - uma refer\u00eancia \u00e0 moda Chinoiserie preferida no design europeu - que incluem estrutura, pormenor e uma sensa\u00e7\u00e3o de artesanato. Ao captar esta ess\u00eancia hist\u00f3rica, a cadeira d\u00e1 um toque de apelo cl\u00e1ssico e continental a qualquer tipo de ambiente.<img decoding=\"async\" class=\"aligncenter wp-image-1170 size-full\" src=\"https:\/\/customacrylicproduct.com\/wp-content\/uploads\/2025\/07\/\u4e3b\u56fe03-1.jpg\" alt=\"Cadeira acr\u00edlica transparente\" width=\"800\" height=\"800\" srcset=\"https:\/\/customacrylicproduct.com\/wp-content\/uploads\/2025\/07\/\u4e3b\u56fe03-1.jpg 800w, https:\/\/customacrylicproduct.com\/wp-content\/uploads\/2025\/07\/\u4e3b\u56fe03-1-300x300.jpg 300w, https:\/\/customacrylicproduct.com\/wp-content\/uploads\/2025\/07\/\u4e3b\u56fe03-1-150x150.jpg 150w, https:\/\/customacrylicproduct.com\/wp-content\/uploads\/2025\/07\/\u4e3b\u56fe03-1-768x768.jpg 768w, https:\/\/customacrylicproduct.com\/wp-content\/uploads\/2025\/07\/\u4e3b\u56fe03-1-600x600.jpg 600w, https:\/\/customacrylicproduct.com\/wp-content\/uploads\/2025\/07\/\u4e3b\u56fe03-1-100x100.jpg 100w\" sizes=\"(max-width: 800px) 100vw, 800px\" \/><\/p>\n<p><strong>A transforma\u00e7\u00e3o da abertura: A magia do pol\u00edmero<\/strong><\/p>\n<p>Enquanto a sua forma \u00e9 intemporal, o seu produto \u00e9 inovador. A cadeira \u00e9 fabricada a partir de uma pe\u00e7a \u00fanica de policarbonato (acr\u00edlico) moldado por inje\u00e7\u00e3o de \u00faltima gera\u00e7\u00e3o. Este processo de produ\u00e7\u00e3o sofisticado garante uma constru\u00e7\u00e3o perfeita e sem juntas, parafusos ou impot\u00eancia, o que resulta numa for\u00e7a e resist\u00eancia not\u00e1veis.<\/p>\n<p>A magia da verdade, no entanto, assenta na sua incr\u00edvel abertura. Frequentemente descrita como uma cadeira \u201cfantasma\u201d ou \u201ccristal\u201d, a sua limpidez l\u00edquida produz um impacto est\u00e9tico sensacional. Veja abaixo exatamente como esta propriedade residencial ou comercial \u00fanica muda a sua \u00e1rea:.<\/p>\n<ul>\n<li><strong>Desenvolve uma impress\u00e3o da \u00e1rea:\u00a0<\/strong>Em locais mais pequenos ou com muitos lugares sentados, as cadeiras normais podem fazer com que um espa\u00e7o pare\u00e7a realmente cheio e pesado. A cadeira Crystal Napoleon faz o contr\u00e1rio. A sua natureza clara permite que a luz passe atrav\u00e9s dela, criando uma apar\u00eancia aberta, ventilada e minimalista. Faz com que qualquer \u00e1rea pare\u00e7a realmente maior, mais brilhante e muito mais acolhedora.<\/li>\n<li><strong>Uma tela perfeita para a sua decora\u00e7\u00e3o:\u00a0<\/strong>Esta cadeira n\u00e3o assume o seu tema de layout; real\u00e7a-o. A estrutura clara permite que a roupa de cama da mesa, os planos florais e a disposi\u00e7\u00e3o das luzes ocupem o centro do palco. Combina na perfei\u00e7\u00e3o com qualquer tipo de esquema de cores, desde os past\u00e9is suaves e as cores creme sofisticadas at\u00e9 \u00e0s cores arrojadas e significativas. \u00c9 o maior camale\u00e3o, adaptando-se perfeitamente \u00e0 est\u00e9tica r\u00fastica, moderna, cl\u00e1ssica ou bo\u00e9mia.<\/li>\n<li><strong>Interage perfeitamente com a luz:\u00a0<\/strong>Durante o dia, a cadeira capta a luz natural do sol, refractando-a de uma forma que a faz brilhar e reluzir. \u00c0 noite, acaba por ser uma tela para as luzes da ocasi\u00e3o. A ilumina\u00e7\u00e3o superior, as luzes de cordas ou os LED coloridos ir\u00e3o certamente percorrer e exibir as cadeiras, produzindo um brilho espetacular e celestial que inclui uma camada de encanto ao seu evento.<\/li>\n<\/ul>\n<p><img decoding=\"async\" class=\"aligncenter wp-image-1173 size-full\" src=\"https:\/\/customacrylicproduct.com\/wp-content\/uploads\/2025\/07\/\u4e3b\u56fe06-1.jpg\" alt=\"Cadeira acr\u00edlica transparente\" width=\"800\" height=\"800\" srcset=\"https:\/\/customacrylicproduct.com\/wp-content\/uploads\/2025\/07\/\u4e3b\u56fe06-1.jpg 800w, https:\/\/customacrylicproduct.com\/wp-content\/uploads\/2025\/07\/\u4e3b\u56fe06-1-300x300.jpg 300w, https:\/\/customacrylicproduct.com\/wp-content\/uploads\/2025\/07\/\u4e3b\u56fe06-1-150x150.jpg 150w, https:\/\/customacrylicproduct.com\/wp-content\/uploads\/2025\/07\/\u4e3b\u56fe06-1-768x768.jpg 768w, https:\/\/customacrylicproduct.com\/wp-content\/uploads\/2025\/07\/\u4e3b\u56fe06-1-600x600.jpg 600w, https:\/\/customacrylicproduct.com\/wp-content\/uploads\/2025\/07\/\u4e3b\u56fe06-1-100x100.jpg 100w\" sizes=\"(max-width: 800px) 100vw, 800px\" \/><\/p>\n<p><strong>Concebido para a festa: A robustez cumpre a praticidade<\/strong><\/p>\n<p>Uma cadeira para ocasi\u00f5es deve ser mais do que apenas bonita; tem de ser um cavalo de batalha. A cadeira Napoleon em acr\u00edlico foi concebida para satisfazer as necessidades alargadas da ind\u00fastria de ocasi\u00f5es e os pressupostos dos propriet\u00e1rios mais exigentes.<\/p>\n<ul>\n<li><strong>Resist\u00eancia inigual\u00e1vel:\u00a0<\/strong>Apesar do seu aspeto fr\u00e1gil, semelhante ao vidro, esta cadeira \u00e9 excecionalmente dur\u00e1vel. Constru\u00edda a partir de policarbonato resistente ao impacto, foi criada para resistir \u00e0 aspereza da utiliza\u00e7\u00e3o frequente, suportando um peso significativo sem se dobrar ou rachar.<\/li>\n<li><strong>Clima e imunidade aos raios UV:\u00a0<\/strong>Perfeito para ocasi\u00f5es no interior e no exterior, o material \u00e9 imperme\u00e1vel e resistente aos elementos. Al\u00e9m disso, \u00e9 tratado com um estabilizador UV, garantindo que n\u00e3o amarelece nem fica fraco quando sujeito \u00e0 luz solar, mantendo a sua transpar\u00eancia durante v\u00e1rios anos.<\/li>\n<li><strong>Manuten\u00e7\u00e3o simples e f\u00e1cil:\u00a0<\/strong>Os salpicos, as impress\u00f5es digitais e a sujidade s\u00e3o convenientemente limpos com um pano macio, tornando a limpeza ap\u00f3s uma ocasi\u00e3o r\u00e1pida e b\u00e1sica. A superf\u00edcie n\u00e3o porosa resiste a manchas, mantendo as cadeiras com um aspeto impec\u00e1vel em cada evento.<\/li>\n<li><strong>Leve e empilh\u00e1vel:\u00a0<\/strong>Para os organizadores de eventos e empresas de aluguer, a log\u00edstica \u00e9 fundamental. Estas cadeiras s\u00e3o extremamente leves, permitindo um transporte, configura\u00e7\u00e3o e reorganiza\u00e7\u00e3o f\u00e1ceis. S\u00e3o igualmente desenvolvidas para serem empilhadas de forma eficiente, reduzindo as necessidades de espa\u00e7o de armazenamento.<\/li>\n<\/ul>\n<p><strong>A conveni\u00eancia personificada: Do \u201cEu aceito\u201d \u00e0 empresa elegante<\/strong><\/p>\n<p>O encanto universal da Cadeira Crystal Napoleon faz dela a sele\u00e7\u00e3o ideal para uma gama incrivelmente vasta de ocasi\u00f5es:.<\/p>\n<ul>\n<li><strong>Casamentos e recep\u00e7\u00f5es:\u00a0<\/strong>Quer seja ao longo do corredor para a cerim\u00f3nia ou organizada em torno de mesas perfeitamente postas durante o evento, esta cadeira acrescenta um toque de romance de conto de fadas e classe contempor\u00e2nea.<\/li>\n<li><strong>Jantares de Gala e Banquetes:\u00a0<\/strong>D\u00ea um impulso a um evento formal com assentos que demonstram luxo e classe. A abertura das cadeiras evita a desarruma\u00e7\u00e3o est\u00e9tica, permitindo linhas de vis\u00e3o sem perturba\u00e7\u00f5es em todo o espa\u00e7o.<\/li>\n<li><strong>Eventos e confer\u00eancias da empresa:\u00a0<\/strong>Projetar uma imagem de vanguarda, moderna e especializada. Estas cadeiras s\u00e3o ideais para cerim\u00f3nias de entrega de pr\u00e9mios, lan\u00e7amentos de produtos e workshops de alta qualidade.<\/li>\n<li><strong>Celebra\u00e7\u00f5es e festas pessoais:\u00a0<\/strong>Desde anivers\u00e1rios marcantes a festas sofisticadas no jardim e festas de despedida de solteira, esta cadeira melhora instantaneamente o aspeto de qualquer festa pessoal.<\/li>\n<li><strong>Em casa:\u00a0<\/strong>Em eventos passados, serve como uma deslumbrante cadeira de refei\u00e7\u00e3o, uma elegante cadeira de destaque numa sala de estar ou uma glamorosa cadeira de toucador num quarto de cama ou num closet.<\/li>\n<\/ul>\n<p><strong>Adapte o seu conforto<\/strong><\/p>\n<p>Embora espetacular por si s\u00f3, a cadeira pode ser convenientemente adornada. Acrescente uma das nossas almofadas de assento feitas \u00e0 medida, dispon\u00edveis numa gama de cores como o branco tradicional, o marfim ou o preto, para proporcionar um conforto extra aos visitantes durante ocasi\u00f5es mais longas e para se enquadrarem no seu esquema de cores espec\u00edfico. O encosto elegante \u00e9 tamb\u00e9m ideal para acess\u00f3rios com arranjos de flores, faixas ou sinais personalizados.<\/p>\n<p>A cadeira Napoleon Acr\u00edlico Transparente \u00e9 mais do que uma \u00e1rea de descanso. \u00c9 um dispositivo de disposi\u00e7\u00e3o que lhe permite criar espa\u00e7os espectaculares. Personifica o melhor paradoxo: \u00e9 uma presen\u00e7a substancial que cria uma sensa\u00e7\u00e3o de leveza; um layout hist\u00f3rico que parece absolutamente novo; um cavalo de batalha robusto que parece uma fr\u00e1gil obra de arte. Escolha a Cadeira Crystal Napoleon e deixe que a sua eleg\u00e2ncia intemporal e o seu brilho contempor\u00e2neo sejam a base dos seus momentos mais marcantes.<\/p>","protected":false},"excerpt":{"rendered":"<p class=\"ng-star-inserted\"><strong class=\"ng-star-inserted\"><span class=\"ng-star-inserted\">Op\u00e7\u00e3o 1 (Elegante e Evocativa):<\/span><\/strong><br class=\"ng-star-inserted\" \/><span class=\"ng-star-inserted\">Eleve o seu evento com a nossa impressionante cadeira Napoleon em acr\u00edlico. O seu design \u201cfantasma\u201d cristalino e a estrutura cl\u00e1ssica em estilo bambu oferecem uma eleg\u00e2ncia intemporal. Duradoura e chique, \u00e9 perfeita para casamentos sofisticados, banquetes e festas ao ar livre.<\/span><\/p>\n<p class=\"ng-star-inserted\"><strong class=\"ng-star-inserted\"><span class=\"ng-star-inserted\">Op\u00e7\u00e3o 2 (direta e informativa):<\/span><\/strong><br class=\"ng-star-inserted\" \/><span class=\"ng-star-inserted\">Um cl\u00e1ssico moderno para qualquer evento. A nossa cadeira Napoleon em acr\u00edlico transparente apresenta pormenores elegantes em estilo bambu. Esta cadeira duradoura \u00e9 perfeita para dar um toque de sofistica\u00e7\u00e3o a casamentos, galas e eventos no interior e no exterior.<\/span><\/p>\n<p class=\"ng-star-inserted\"><strong class=\"ng-star-inserted\"><span class=\"ng-star-inserted\">Op\u00e7\u00e3o 3 (curto e incisivo):<\/span><\/strong><br class=\"ng-star-inserted\" \/><span class=\"ng-star-inserted\">A eleg\u00e2ncia moderna alia-se ao design intemporal. A nossa cadeira Napoleon em acr\u00edlico transparente com pormenores em estilo bambu cria um visual deslumbrante para qualquer ocasi\u00e3o. Ideal para casamentos e eventos chiques, no interior ou no exterior. Forte, elegante e inesquec\u00edvel.<\/span><\/p>","protected":false},"featured_media":1172,"template":"","meta":{"_kad_post_transparent":"default","_kad_post_title":"","_kad_post_layout":"default","_kad_post_sidebar_id":"","_kad_post_content_style":"default","_kad_post_vertical_padding":"default","_kad_post_feature":"","_kad_post_feature_position":"","_kad_post_header":false,"_kad_post_footer":false,"_kad_post_classname":""},"product_brand":[],"product_cat":[21],"product_tag":[122],"class_list":{"0":"post-1169","1":"product","2":"type-product","3":"status-publish","4":"has-post-thumbnail","6":"product_cat-custom-acrylic-furnitures","7":"product_tag-acrylic-transparent-chair","9":"first","10":"instock","11":"shipping-taxable","12":"product-type-simple","13":"entry","14":"content-bg","15":"loop-entry"},"_links":{"self":[{"href":"https:\/\/customacrylicproduct.com\/pt\/wp-json\/wp\/v2\/product\/1169","targetHints":{"allow":["GET"]}}],"collection":[{"href":"https:\/\/customacrylicproduct.com\/pt\/wp-json\/wp\/v2\/product"}],"about":[{"href":"https:\/\/customacrylicproduct.com\/pt\/wp-json\/wp\/v2\/types\/product"}],"wp:featuredmedia":[{"embeddable":true,"href":"https:\/\/customacrylicproduct.com\/pt\/wp-json\/wp\/v2\/media\/1172"}],"wp:attachment":[{"href":"https:\/\/customacrylicproduct.com\/pt\/wp-json\/wp\/v2\/media?parent=1169"}],"wp:term":[{"taxonomy":"product_brand","embeddable":true,"href":"https:\/\/customacrylicproduct.com\/pt\/wp-json\/wp\/v2\/product_brand?post=1169"},{"taxonomy":"product_cat","embeddable":true,"href":"https:\/\/customacrylicproduct.com\/pt\/wp-json\/wp\/v2\/product_cat?post=1169"},{"taxonomy":"product_tag","embeddable":true,"href":"https:\/\/customacrylicproduct.com\/pt\/wp-json\/wp\/v2\/product_tag?post=1169"}],"curies":[{"name":"wp","href":"https:\/\/api.w.org\/{rel}","templated":true}]}}