{"id":1175,"date":"2025-07-17T12:17:59","date_gmt":"2025-07-17T12:17:59","guid":{"rendered":"https:\/\/customacrylicproduct.com\/?post_type=product&#038;p=1175"},"modified":"2025-07-22T07:34:19","modified_gmt":"2025-07-22T07:34:19","slug":"acrylic-medal-cup-trophy-commemorative-trophy-customization","status":"publish","type":"product","link":"https:\/\/customacrylicproduct.com\/pt\/acrylic-medal-cup-trophy-commemorative-trophy-customization\/","title":{"rendered":"Medalha acr\u00edlica Ta\u00e7a Trof\u00e9u Comemorativo Trof\u00e9u Personaliza\u00e7\u00e3o"},"content":{"rendered":"<h3 id=\"-celebrate-quality-with-our-bespoke-custom-polymer-trophies-honors-\"><strong>Celebre a qualidade com os nossos trof\u00e9us e distin\u00e7\u00f5es personalizados em pol\u00edmero\u00a0<\/strong>.<\/h3>\n<p>Num mundo de momentos de curta dura\u00e7\u00e3o e de distin\u00e7\u00f5es electr\u00f3nicas, o poder de um sinal concreto de reconhecimento continua a ser inigual\u00e1vel. Um pr\u00e9mio \u00e9 mais do que um simples objeto; \u00e9 uma hist\u00f3ria, um testemunho de empenho, um marcador de um ponto de viragem significativo. Convidamo-lo a ir para al\u00e9m da m\u00e9dia e a abra\u00e7ar a beleza moderna e o potencial ilimitado dos nossos Trof\u00e9us de Pol\u00edmero Personalizados. Feitos para registar o esp\u00edrito \u00fanico de cada conquista, as nossas homenagens transformam a aprecia\u00e7\u00e3o numa obra de arte intemporal.<\/p>\n<p>Quer se trate de reconhecer um trabalhador de renome, de celebrar uma equipa campe\u00e3 ou de agradecer a um conselheiro querido, os nossos artigos em acr\u00edlico personalizados constituem um meio inovador, duradouro e profundamente pessoal de dizer: \u201cA sua contribui\u00e7\u00e3o \u00e9 importante\u201d.<\/p>\n<p><img fetchpriority=\"high\" decoding=\"async\" class=\"aligncenter wp-image-1179 size-full\" src=\"https:\/\/customacrylicproduct.com\/wp-content\/uploads\/2025\/07\/\u4e3b\u56fe05-4.jpg\" alt=\"Ta\u00e7a para medalhas em acr\u00edlico\" width=\"800\" height=\"800\" srcset=\"https:\/\/customacrylicproduct.com\/wp-content\/uploads\/2025\/07\/\u4e3b\u56fe05-4.jpg 800w, https:\/\/customacrylicproduct.com\/wp-content\/uploads\/2025\/07\/\u4e3b\u56fe05-4-300x300.jpg 300w, https:\/\/customacrylicproduct.com\/wp-content\/uploads\/2025\/07\/\u4e3b\u56fe05-4-150x150.jpg 150w, https:\/\/customacrylicproduct.com\/wp-content\/uploads\/2025\/07\/\u4e3b\u56fe05-4-768x768.jpg 768w, https:\/\/customacrylicproduct.com\/wp-content\/uploads\/2025\/07\/\u4e3b\u56fe05-4-600x600.jpg 600w, https:\/\/customacrylicproduct.com\/wp-content\/uploads\/2025\/07\/\u4e3b\u56fe05-4-100x100.jpg 100w\" sizes=\"(max-width: 800px) 100vw, 800px\" \/><\/p>\n<h4 id=\"-why-acrylic-the-clear-selection-for-modern-acknowledgment-\"><strong>Porqu\u00ea acr\u00edlico? A sele\u00e7\u00e3o clara para um reconhecimento moderno\u00a0<\/strong>.<\/h4>\n<p>Durante anos, os pr\u00e9mios padr\u00e3o limitavam-se ao a\u00e7o e ao vidro. Atualmente, o acr\u00edlico de qualidade superior surgiu como o material superior para pr\u00e9mios modernos, integrando o melhor de todos os mundos.<\/p>\n<ul>\n<li><strong>Qualidade e brilho visual imaculados:\u00a0<\/strong>O nosso acr\u00edlico ostenta uma alta qualidade cristalina que corresponde a um dos vidros \u00f3pticos mais dispendiosos. Capta e refracta a luz de forma magn\u00edfica, dando a cada homenagem um brilho radiante e uma sensa\u00e7\u00e3o de emin\u00eancia. Ao contr\u00e1rio do vidro, \u00e9 inerentemente isento de cor esverdeada, garantindo que o foco permanece totalmente no seu layout e grava\u00e7\u00e3o personalizados.<\/li>\n<li><strong>Longevidade, seguran\u00e7a e prote\u00e7\u00e3o excepcionais:\u00a0<\/strong>A vida acontece e os acidentes podem acontecer. O acr\u00edlico \u00e9 significativamente mais resistente a estilha\u00e7os e a impactos do que o vidro, o que o torna uma escolha mais segura e duradoura, especialmente para trof\u00e9us desportivos ou pr\u00e9mios exibidos em \u00e1reas de tr\u00e1fego intenso. Sua natureza leve tamb\u00e9m torna mais f\u00e1cil e muito mais seguro lidar com, apresentar e enviar.<\/li>\n<li><strong>Adaptabilidade de design inigual\u00e1vel:\u00a0<\/strong>\u00c9 aqui que o acr\u00edlico brilha verdadeiramente. O material pode ser cortado com precis\u00e3o em basicamente qualquer tipo de forma poss\u00edvel. Como se pode ver na nossa galeria, podemos produzir qualquer coisa, desde um bloco cl\u00e1ssico em forma de ret\u00e2ngulo para um presente de agradecimento de uma empresa a um pr\u00e9mio de futebol din\u00e2mico e com v\u00e1rias partes, uma celebridade com classe, um guarda formal ou um tesouro facetado distinto. A sua vis\u00e3o \u00e9 a \u00fanica limita\u00e7\u00e3o.<\/li>\n<li><strong>Sofistica\u00e7\u00e3o econ\u00f3mica:\u00a0<\/strong>Obtenha o aspeto do cristal de primeira qualidade sem o pre\u00e7o excessivamente elevado. O acr\u00edlico proporciona um visual de primeira qualidade que faz uma poderosa declara\u00e7\u00e3o de valor, permitindo-lhe atribuir o seu plano de despesas a uma personaliza\u00e7\u00e3o mais complexa ou a premiar ainda mais destinat\u00e1rios.<\/li>\n<\/ul>\n<p><img decoding=\"async\" class=\"aligncenter wp-image-1176 size-full\" src=\"https:\/\/customacrylicproduct.com\/wp-content\/uploads\/2025\/07\/\u8be6\u60c5\u56fe15-1.jpg\" alt=\"Ta\u00e7a para medalhas em acr\u00edlico\" width=\"790\" height=\"738\" srcset=\"https:\/\/customacrylicproduct.com\/wp-content\/uploads\/2025\/07\/\u8be6\u60c5\u56fe15-1.jpg 790w, https:\/\/customacrylicproduct.com\/wp-content\/uploads\/2025\/07\/\u8be6\u60c5\u56fe15-1-300x280.jpg 300w, https:\/\/customacrylicproduct.com\/wp-content\/uploads\/2025\/07\/\u8be6\u60c5\u56fe15-1-768x717.jpg 768w, https:\/\/customacrylicproduct.com\/wp-content\/uploads\/2025\/07\/\u8be6\u60c5\u56fe15-1-600x561.jpg 600w\" sizes=\"(max-width: 790px) 100vw, 790px\" \/><\/p>\n<h4 id=\"-the-art-of-customization-your-vision-brought-to-life-\"><strong>A arte da personaliza\u00e7\u00e3o: A sua vis\u00e3o, trazida \u00e0 vida\u00a0<\/strong>.<\/h4>\n<p>Uma homenagem gen\u00e9rica e pronta a usar pode parecer impessoal. O nosso processo de personaliza\u00e7\u00e3o foi concebido para garantir que cada pr\u00e9mio \u00e9 t\u00e3o especial como a pessoa ou o feito que comemora. Fornecemos uma extensa cole\u00e7\u00e3o de op\u00e7\u00f5es de personaliza\u00e7\u00e3o para desenvolver uma pe\u00e7a realmente distinta.<\/p>\n<p><strong>1. Forma e tipo: Para al\u00e9m do Ret\u00e2ngulo\u00a0<\/strong>. As fotografias mostram apenas uma parte das possibilidades. Podemos criar o seu pr\u00e9mio de v\u00e1rias formas:.<\/p>\n<ul>\n<li><strong>Formul\u00e1rios espec\u00edficos para desportos:\u00a0<\/strong>Tal como acontece com os nossos impressionantes trof\u00e9us de futebol e nata\u00e7\u00e3o, podemos criar uma homenagem sob a forma de uma bola, uma pe\u00e7a de equipamento, uma mascote ou qualquer tipo de \u00edcone relevante para o desporto.<\/li>\n<li><strong>Formas simb\u00f3licas:\u00a0<\/strong>O pr\u00e9mio em forma de estrela \u00e9 perfeito para reconhecer um \u201cartista estrela\u201d, enquanto o pr\u00e9mio de guarda comunica prote\u00e7\u00e3o, honra e dureza. As formas de cristal octogonal e facetado incluem um toque de estilo geom\u00e9trico e diferen\u00e7a.<\/li>\n<li><strong>Estilos centrados no log\u00f3tipo:\u00a0<\/strong>Podemos reduzir o acr\u00edlico ao resumo do log\u00f3tipo da sua empresa ou grupo para um pr\u00e9mio que seja imediatamente conhecido e com uma marca incr\u00edvel.<\/li>\n<li><strong>Placas e blocos padr\u00e3o:\u00a0<\/strong>O charme intemporal de um bloco retangular ou quadrado iluminado, como a nossa placa de agradecimento \u201cObrigado\u201d, proporciona uma enorme tela para mensagens detalhadas e \u00e9 perfeita para um ecr\u00e3 de secret\u00e1ria.<\/li>\n<\/ul>\n<p><strong>2. Inscri\u00e7\u00e3o e impress\u00e3o: Incluindo profundidade e pormenor\u00a0<\/strong>. Utilizamos tecnologia moderna e avan\u00e7ada para aplicar a sua mensagem e gr\u00e1ficos com uma precis\u00e3o espetacular.<\/p>\n<ul>\n<li><strong>Inscri\u00e7\u00e3o a laser:\u00a0<\/strong>Para uma personaliza\u00e7\u00e3o n\u00edtida, organizada e irrevers\u00edvel, a grava\u00e7\u00e3o a laser \u00e9 o crit\u00e9rio de ouro. Desenvolve uma mensagem branca fosca atraente e uma linha de arte que contrasta elegantemente com o pol\u00edmero transparente. Este m\u00e9todo \u00e9 perfeito para mensagens pormenorizadas, como as mensagens sinceras que aparecem nos nossos pr\u00e9mios de reconhecimento:\u00a0<em>\u201d Que te sintas orgulhoso do trabalho que fazes, da pessoa que \u00e9s e da distin\u00e7\u00e3o que fazes\u201d.\u201d\u00a0<\/em>.<\/li>\n<li><strong>Impress\u00e3o UV a cores:\u00a0<\/strong>Para incluir desenhos vibrantes de log\u00f3tipos, fotografias ou gr\u00e1ficos coloridos, utilizamos a impress\u00e3o UV avan\u00e7ada. Esta t\u00e9cnica imprime a tinta diretamente na superf\u00edcie acr\u00edlica, que \u00e9 depois prontamente curada para desenvolver uma imagem a cores robusta, resistente a riscos e esteticamente magn\u00edfica. A rica textura castanha da bola de futebol e o amarelo forte do nadador s\u00e3o excelentes exemplos desta tecnologia moderna no escrit\u00f3rio.<\/li>\n<\/ul>\n<p><strong>3. Conte\u00fado Web personalizado: O cora\u00e7\u00e3o do pr\u00e9mio\u00a0<\/strong>. Cada pr\u00e9mio narra. Colaboraremos certamente consigo para integrar todos os componentes importantes:.<\/p>\n<ul>\n<li><strong>Chamada e t\u00edtulo do destinat\u00e1rio\u00a0<\/strong>.<\/li>\n<li><strong>Chamada de Honra (por exemplo, \u201cFuncion\u00e1rio do Ano\u201d, \u201cMVP\u201d, \u201cChefe do Clube do Estado\u201d)\u00a0<\/strong>.<\/li>\n<li><strong>Dia do Sucesso\u00a0<\/strong>.<\/li>\n<li><strong>Cita\u00e7\u00f5es motivacionais ou mensagens individuais\u00a0<\/strong>.<\/li>\n<li><strong>Log\u00f3tipos de empresas, grupos ou eventos\u00a0<\/strong>.<\/li>\n<\/ul>\n<p><img decoding=\"async\" class=\"aligncenter wp-image-1177 size-full\" src=\"https:\/\/customacrylicproduct.com\/wp-content\/uploads\/2025\/07\/\u8be6\u60c5\u56fe16.jpg\" alt=\"Ta\u00e7a para medalhas em acr\u00edlico\" width=\"790\" height=\"767\" srcset=\"https:\/\/customacrylicproduct.com\/wp-content\/uploads\/2025\/07\/\u8be6\u60c5\u56fe16.jpg 790w, https:\/\/customacrylicproduct.com\/wp-content\/uploads\/2025\/07\/\u8be6\u60c5\u56fe16-300x291.jpg 300w, https:\/\/customacrylicproduct.com\/wp-content\/uploads\/2025\/07\/\u8be6\u60c5\u56fe16-768x746.jpg 768w, https:\/\/customacrylicproduct.com\/wp-content\/uploads\/2025\/07\/\u8be6\u60c5\u56fe16-600x583.jpg 600w\" sizes=\"(max-width: 790px) 100vw, 790px\" \/><\/p>\n<h4 id=\"-a-prize-for-each-celebration-\"><strong>Um pr\u00e9mio para cada celebra\u00e7\u00e3o\u00a0<\/strong>.<\/h4>\n<p>Os nossos pr\u00e9mios acr\u00edlicos personalizados s\u00e3o suficientemente flex\u00edveis para se adaptarem a qualquer tipo de evento ou marco que mere\u00e7a ser homenageado.<\/p>\n<ul>\n<li><strong>Reconhecimento de empresas e neg\u00f3cios:\u00a0<\/strong>Aumentar o esp\u00edrito e cultivar uma cultura de admira\u00e7\u00e3o. Perfeitamente dispon\u00edvel para pr\u00e9mios de venda, membro do pessoal do m\u00eas, trof\u00e9us de lideran\u00e7a, presentes de reforma e placas de reconhecimento de parcerias. O bloco gravado \u201cObrigado\u201d \u00e9 um presente ideal para clientes, companheiros e mentores.<\/li>\n<li><strong>Trof\u00e9us e medalhas desportivas:\u00a0<\/strong>Desde organiza\u00e7\u00f5es juvenis a competi\u00e7\u00f5es especializadas, desenvolva uma homenagem que os jogadores ter\u00e3o certamente a honra de oferecer. Podemos personalizar trof\u00e9us para futebol, nata\u00e7\u00e3o, basquetebol, futebol, golfe e qualquer outro desporto.<\/li>\n<li><strong>Realiza\u00e7\u00f5es acad\u00e9micas e educativas:\u00a0<\/strong>Reconhecer o esfor\u00e7o de alunos, professores e docentes. Adequado para a gradua\u00e7\u00e3o universit\u00e1ria, pr\u00e9mios de orador, feiras de investiga\u00e7\u00e3o cient\u00edfica, clubes de debate e distin\u00e7\u00f5es de \u201cEducador do Ano\u201d.<\/li>\n<li><strong>Presentes pessoais e memorabilias comemorativas:\u00a0<\/strong>Marque um anivers\u00e1rio especial, celebra\u00e7\u00e3o de anivers\u00e1rio ou ponto de viragem individual. Desenvolva uma recorda\u00e7\u00e3o encantadora para agradecer a um amigo, familiar ou volunt\u00e1rio da \u00e1rea pela distin\u00e7\u00e3o que eles realmente fizeram na sua vida. A mensagem,\u00a0<em>\u201d Nunca ignorem a diferen\u00e7a que fizeram e as vidas que tocaram\u201d.\u201d\u00a0<\/em>\u00e9 uma vis\u00e3o poderosa para uma celebra\u00e7\u00e3o deste g\u00e9nero.<\/li>\n<\/ul>\n<h4 id=\"-our-commitment-to-remarkable-quality-\"><strong>O nosso compromisso com uma qualidade not\u00e1vel\u00a0<\/strong>.<\/h4>\n<p>Acreditamos que um pr\u00e9mio \u00e9 um reflexo tanto da qualidade de quem o recebe como da estima de quem o atribui. \u00c9 por isso que somos intransigentes na nossa dedica\u00e7\u00e3o \u00e0 qualidade de topo. Cada trof\u00e9u \u00e9 fabricado a partir de acr\u00edlico fundido de alta densidade, de qualidade superior, que garante a resist\u00eancia ao amarelecimento ao longo do tempo. Os nossos cortadores a laser de precis\u00e3o garantem lados not\u00e1veis e refinados, e o nosso processo minucioso de garantia de qualidade assegura que o seu produto final \u00e9 uma obra de arte ideal, pronta para ser discutida com orgulho.<\/p>\n<p>N\u00e3o se limite a oferecer um pr\u00e9mio. Ofere\u00e7a um \u00edcone de honra, uma pe\u00e7a de arte e uma mem\u00f3ria duradoura. Explore as oportunidades com os nossos pr\u00e9mios acr\u00edlicos personalizados e permita-nos ajud\u00e1-lo a celebrar as conquistas em voga.<\/p>\n<p><strong>Encomende o seu hoje e desenvolva um patrim\u00f3nio de reconhecimento.\u00a0<\/strong>.<\/p>","protected":false},"excerpt":{"rendered":"<p class=\"ng-star-inserted\"><span class=\"ng-star-inserted\">Comemore qualquer conquista com os nossos trof\u00e9us acr\u00edlicos personalizados. Oferecemos uma vasta gama de modelos, desde medalhas desportivas a pr\u00e9mios empresariais e placas comemorativas. Personalize com o seu log\u00f3tipo ou texto para obter um presente \u00fanico, de alta qualidade e memor\u00e1vel. Perfeito para qualquer ocasi\u00e3o.<\/span><\/p>","protected":false},"featured_media":1179,"template":"","meta":{"_kad_post_transparent":"default","_kad_post_title":"","_kad_post_layout":"default","_kad_post_sidebar_id":"","_kad_post_content_style":"default","_kad_post_vertical_padding":"default","_kad_post_feature":"","_kad_post_feature_position":"","_kad_post_header":false,"_kad_post_footer":false,"_kad_post_classname":""},"product_brand":[],"product_cat":[19],"product_tag":[121],"class_list":{"0":"post-1175","1":"product","2":"type-product","3":"status-publish","4":"has-post-thumbnail","6":"product_cat-custom-acrylic-trophies-awards","7":"product_tag-acrylic-medal-cup","9":"first","10":"instock","11":"shipping-taxable","12":"product-type-simple","13":"entry","14":"content-bg","15":"loop-entry"},"_links":{"self":[{"href":"https:\/\/customacrylicproduct.com\/pt\/wp-json\/wp\/v2\/product\/1175","targetHints":{"allow":["GET"]}}],"collection":[{"href":"https:\/\/customacrylicproduct.com\/pt\/wp-json\/wp\/v2\/product"}],"about":[{"href":"https:\/\/customacrylicproduct.com\/pt\/wp-json\/wp\/v2\/types\/product"}],"wp:featuredmedia":[{"embeddable":true,"href":"https:\/\/customacrylicproduct.com\/pt\/wp-json\/wp\/v2\/media\/1179"}],"wp:attachment":[{"href":"https:\/\/customacrylicproduct.com\/pt\/wp-json\/wp\/v2\/media?parent=1175"}],"wp:term":[{"taxonomy":"product_brand","embeddable":true,"href":"https:\/\/customacrylicproduct.com\/pt\/wp-json\/wp\/v2\/product_brand?post=1175"},{"taxonomy":"product_cat","embeddable":true,"href":"https:\/\/customacrylicproduct.com\/pt\/wp-json\/wp\/v2\/product_cat?post=1175"},{"taxonomy":"product_tag","embeddable":true,"href":"https:\/\/customacrylicproduct.com\/pt\/wp-json\/wp\/v2\/product_tag?post=1175"}],"curies":[{"name":"wp","href":"https:\/\/api.w.org\/{rel}","templated":true}]}}