{"id":1188,"date":"2025-07-17T12:52:29","date_gmt":"2025-07-17T12:52:29","guid":{"rendered":"https:\/\/customacrylicproduct.com\/?post_type=product&#038;p=1188"},"modified":"2025-07-22T07:43:01","modified_gmt":"2025-07-22T07:43:01","slug":"acrylic-products-round-rod-special-rod-sample-customization","status":"publish","type":"product","link":"https:\/\/customacrylicproduct.com\/pt\/acrylic-products-round-rod-special-rod-sample-customization\/","title":{"rendered":"Produtos acr\u00edlicos Haste redonda Haste especial Personaliza\u00e7\u00e3o de amostras"},"content":{"rendered":"<h3 id=\"-discover-the-brilliance-of-custom-made-polymer-rods-where-quality-satisfies-creative-thinking-\"><strong>Descubra o brilho das varas de pol\u00edmero feitas \u00e0 medida: Onde a qualidade satisfaz o pensamento criativo<\/strong><\/h3>\n<p>No mundo do layout, do estilo e da produ\u00e7\u00e3o, o produto ideal pode fazer com que uma tarefa passe de comum a espetacular. Pode captar a luz, definir o espa\u00e7o e transformar uma ideia b\u00e1sica numa verdade espetacular. Convidamo-lo a descobrir o potencial infinito dos nossos postes de acr\u00edlico personalizados - uma fus\u00e3o perfeita de clareza bonita, efici\u00eancia robusta e criatividade personalizada, exibida pela espetacular haste \u201cstarlight bubble\u201d apresentada na nossa galeria.<\/p>\n<p><img fetchpriority=\"high\" decoding=\"async\" class=\"aligncenter wp-image-1191 size-full\" src=\"https:\/\/customacrylicproduct.com\/wp-content\/uploads\/2025\/07\/O1CN01hYxjII1Bs2hJGf7OW_0-0-cib.jpg\" alt=\"Produtos acr\u00edlicos Haste redonda\" width=\"800\" height=\"800\" srcset=\"https:\/\/customacrylicproduct.com\/wp-content\/uploads\/2025\/07\/O1CN01hYxjII1Bs2hJGf7OW_0-0-cib.jpg 800w, https:\/\/customacrylicproduct.com\/wp-content\/uploads\/2025\/07\/O1CN01hYxjII1Bs2hJGf7OW_0-0-cib-300x300.jpg 300w, https:\/\/customacrylicproduct.com\/wp-content\/uploads\/2025\/07\/O1CN01hYxjII1Bs2hJGf7OW_0-0-cib-150x150.jpg 150w, https:\/\/customacrylicproduct.com\/wp-content\/uploads\/2025\/07\/O1CN01hYxjII1Bs2hJGf7OW_0-0-cib-768x768.jpg 768w, https:\/\/customacrylicproduct.com\/wp-content\/uploads\/2025\/07\/O1CN01hYxjII1Bs2hJGf7OW_0-0-cib-600x600.jpg 600w, https:\/\/customacrylicproduct.com\/wp-content\/uploads\/2025\/07\/O1CN01hYxjII1Bs2hJGf7OW_0-0-cib-100x100.jpg 100w\" sizes=\"(max-width: 800px) 100vw, 800px\" \/><\/p>\n<p><strong>Um primeiro olhar: A magia do material<\/strong><\/p>\n<p>A imagem diante de si mostra mais do que um simples peda\u00e7o de pl\u00e1stico; revela um mundo de possibilidades gravadas num tipo perfeitamente redondo. Esta \u00e9 a nossa barra de acr\u00edlico de resultado \u00fanico, diligentemente trabalhada para inspirar admira\u00e7\u00e3o. Notificar o corpo cristalino, t\u00e3o puro que parece ter sido girado a partir de luz l\u00edquida. Suspensas neste meio not\u00e1vel est\u00e3o numerosas bolhas min\u00fasculas e iridescentes, congeladas no tempo como uma gal\u00e1xia de estrelas. \u00c0 medida que a luz passa, cada bolha capta-a e refracta-a, produzindo um efeito din\u00e2mico e cintilante que \u00e9 simultaneamente subtil e emocionante. O acabamento \u00e9 reduzido com uma precis\u00e3o absoluta, expondo uma superf\u00edcie polida, semelhante a vidro, que demonstra a qualidade superior do produto e do nosso trabalho artesanal. Este \u00e9 o crit\u00e9rio de qualidade que pode esperar de cada objeto que criamos.<\/p>\n<p><strong>A qualidade incompar\u00e1vel do pol\u00edmero Premium (PMMA)<\/strong><\/p>\n<p>Os nossos var\u00f5es s\u00e3o fabricados a partir de polimetacrilato de metilo (PMMA) do mais alto grau poss\u00edvel, conhecido pelas suas propriedades extraordin\u00e1rias. Quando escolhe o nosso acr\u00edlico, est\u00e1 a escolher um material que proporciona:.<\/p>\n<ul>\n<li><strong>Preemin\u00eancia \u00f3tica:\u00a0<\/strong>Com um pre\u00e7o de transmiss\u00e3o de luz superior a 92%, os nossos var\u00f5es de acr\u00edlico s\u00e3o mais transparentes do que o vidro, proporcionando uma qualidade inigual\u00e1vel sem a cor verde t\u00edpica dos materiais de qualidade inferior. Isto torna-as ideais para aplica\u00e7\u00f5es em que o jogo de luz e a pureza est\u00e9tica s\u00e3o fundamentais.<\/li>\n<li><strong>Durabilidade surpreendente:\u00a0<\/strong>Apesar do seu aspeto fr\u00e1gil, o pol\u00edmero \u00e9 incrivelmente dur\u00e1vel. Apresenta uma resist\u00eancia ao impacto significativamente superior \u00e0 do vidro, o que o torna uma op\u00e7\u00e3o mais segura e mais robusta para instala\u00e7\u00f5es p\u00fablicas, ecr\u00e3s de retalho e pe\u00e7as de mobili\u00e1rio \u00fateis. Resiste \u00e0 ru\u00edna, diminuindo os perigos e as despesas de substitui\u00e7\u00e3o.<\/li>\n<li><strong>Resist\u00eancia leve:\u00a0<\/strong>O pol\u00edmero tem menos de cinquenta por cento do peso do vidro, o que facilita o transporte, o manuseamento e a instala\u00e7\u00e3o. Esta natureza leve permite uma maior liberdade de design, possibilitando o desenvolvimento de instala\u00e7\u00f5es em maior escala e estruturas mais complexas sem a necessidade de um grupo de apoio robusto.<\/li>\n<li><strong>Resist\u00eancia \u00e0s condi\u00e7\u00f5es climat\u00e9ricas e aos raios UV:\u00a0<\/strong>Os nossos var\u00f5es de acr\u00edlico s\u00e3o inerentemente resistentes \u00e0s intemp\u00e9ries e aos resultados destrutivos da radia\u00e7\u00e3o ultravioleta. N\u00e3o amarelecem nem se partem quando expostos aos elementos, garantindo que os seus empreendimentos mant\u00eam o seu encanto e integridade estrutural durante v\u00e1rios anos, quer sejam utilizados no interior ou no exterior.<\/li>\n<li><strong>Trabalhabilidade:\u00a0<\/strong>O acr\u00edlico \u00e9 o material de sonho de um programador. Pode ser exatamente cortado, perfurado, maquinado, dobrado com calor e iluminado at\u00e9 obter um brilho fant\u00e1stico. Esta simplicidade de constru\u00e7\u00e3o permite esquemas complexos e uma assimila\u00e7\u00e3o perfeita com v\u00e1rios outros materiais, como a madeira, o metal e a rocha.<\/li>\n<\/ul>\n<p><img decoding=\"async\" class=\"aligncenter wp-image-1192 size-full\" src=\"https:\/\/customacrylicproduct.com\/wp-content\/uploads\/2025\/07\/O1CN01KxWG7J2558tIF5BY9_2817387474-0-cib.jpg\" alt=\"Produtos acr\u00edlicos Haste redonda\" width=\"800\" height=\"800\" srcset=\"https:\/\/customacrylicproduct.com\/wp-content\/uploads\/2025\/07\/O1CN01KxWG7J2558tIF5BY9_2817387474-0-cib.jpg 800w, https:\/\/customacrylicproduct.com\/wp-content\/uploads\/2025\/07\/O1CN01KxWG7J2558tIF5BY9_2817387474-0-cib-300x300.jpg 300w, https:\/\/customacrylicproduct.com\/wp-content\/uploads\/2025\/07\/O1CN01KxWG7J2558tIF5BY9_2817387474-0-cib-150x150.jpg 150w, https:\/\/customacrylicproduct.com\/wp-content\/uploads\/2025\/07\/O1CN01KxWG7J2558tIF5BY9_2817387474-0-cib-768x768.jpg 768w, https:\/\/customacrylicproduct.com\/wp-content\/uploads\/2025\/07\/O1CN01KxWG7J2558tIF5BY9_2817387474-0-cib-600x600.jpg 600w, https:\/\/customacrylicproduct.com\/wp-content\/uploads\/2025\/07\/O1CN01KxWG7J2558tIF5BY9_2817387474-0-cib-100x100.jpg 100w\" sizes=\"(max-width: 800px) 100vw, 800px\" \/><\/p>\n<p><strong>O poder da personaliza\u00e7\u00e3o: Sua vis\u00e3o, realizada<\/strong><\/p>\n<p>Acreditamos que cada projeto \u00e9 especial e que os elementos prontos a usar n\u00e3o devem limitar a sua imagina\u00e7\u00e3o. O nosso principal servi\u00e7o \u00e9 a personaliza\u00e7\u00e3o completa, permitindo-lhe especificar o var\u00e3o espec\u00edfico de que necessita para dar vida \u00e0 sua vis\u00e3o.<\/p>\n<p>As nossas op\u00e7\u00f5es de personaliza\u00e7\u00e3o incluem:.<\/p>\n<ul>\n<li><strong>Tamanho e comprimento:\u00a0<\/strong>Desde postes finos e fr\u00e1geis para suportes de j\u00f3ias preciosas at\u00e9 barras grossas e significativas para componentes arquitect\u00f3nicos, podemos criar postes numa grande variedade de di\u00e2metros. Efectuamos cortes de precis\u00e3o para qualquer tipo de comprimento de que o seu projeto necessite, garantindo sempre um ajuste ideal.<\/li>\n<li><strong>Impactos e estilos especiais:\u00a0<\/strong>A vareta \u201cstarlight bubble\u201d \u00e9 apenas um exemplo das nossas capacidades. Podemos produzir um perfil variado de barras de impacto especiais, incluindo:.<\/li>\n<li><strong>P\u00f3los de redemoinho:\u00a0<\/strong>Elegantes redemoinhos coloridos envoltos numa haste transparente para um impacto art\u00edstico e vibrante.<\/li>\n<li><strong>Hastes foscas e mate:\u00a0<\/strong>Uma superf\u00edcie areada ou mate que difunde maravilhosamente a luz, perfeita para lumin\u00e1rias contempor\u00e2neas e ecr\u00e3s de privacidade.<\/li>\n<li><strong>Postes fluorescentes:\u00a0<\/strong>Var\u00f5es com lados radiantes e de cor vibrante que parecem iluminar-se por si pr\u00f3prios, perfeitos para sinal\u00e9tica e expositores atractivos.<\/li>\n<li><strong>Varetas coloridas:\u00a0<\/strong>Um espetro completo de cores transparentes, transl\u00facidas e opacas para corresponder \u00e0 sua identidade de marca ou combina\u00e7\u00e3o de estilos.<\/li>\n<li><strong>Formas:\u00a0<\/strong>Embora o var\u00e3o redondo seja um cl\u00e1ssico intemporal, tamb\u00e9m fornecemos formas de var\u00e3o \u00fanicas, como quadradas, triangulares ou talvez contas personalizadas, para cumprir obst\u00e1culos de disposi\u00e7\u00e3o espec\u00edficos.<\/li>\n<li><strong>Toques finais:\u00a0<\/strong>Podemos oferecer solu\u00e7\u00f5es de constru\u00e7\u00e3o adicionais, que consistem em chanfrar os lados para obter um aspeto polido, fazer orif\u00edcios precisos para a instala\u00e7\u00e3o ou roscar as extremidades para uma fixa\u00e7\u00e3o mec\u00e2nica.<\/li>\n<\/ul>\n<p><img decoding=\"async\" class=\"aligncenter wp-image-1189 size-full\" src=\"https:\/\/customacrylicproduct.com\/wp-content\/uploads\/2025\/07\/O1CN01Ac8edu2558tN3XBpg_2817387474-0-cib.jpg\" alt=\"Produtos acr\u00edlicos Haste redonda\" width=\"800\" height=\"800\" srcset=\"https:\/\/customacrylicproduct.com\/wp-content\/uploads\/2025\/07\/O1CN01Ac8edu2558tN3XBpg_2817387474-0-cib.jpg 800w, https:\/\/customacrylicproduct.com\/wp-content\/uploads\/2025\/07\/O1CN01Ac8edu2558tN3XBpg_2817387474-0-cib-300x300.jpg 300w, https:\/\/customacrylicproduct.com\/wp-content\/uploads\/2025\/07\/O1CN01Ac8edu2558tN3XBpg_2817387474-0-cib-150x150.jpg 150w, https:\/\/customacrylicproduct.com\/wp-content\/uploads\/2025\/07\/O1CN01Ac8edu2558tN3XBpg_2817387474-0-cib-768x768.jpg 768w, https:\/\/customacrylicproduct.com\/wp-content\/uploads\/2025\/07\/O1CN01Ac8edu2558tN3XBpg_2817387474-0-cib-600x600.jpg 600w, https:\/\/customacrylicproduct.com\/wp-content\/uploads\/2025\/07\/O1CN01Ac8edu2558tN3XBpg_2817387474-0-cib-100x100.jpg 100w\" sizes=\"(max-width: 800px) 100vw, 800px\" \/><\/p>\n<p><strong>Aplica\u00e7\u00f5es: Onde \u00e9 que as nossas barras de acr\u00edlico o podem levar?<\/strong><\/p>\n<p>A adaptabilidade dos nossos var\u00f5es acr\u00edlicos personalizados torna-os apropriados para uma incr\u00edvel sele\u00e7\u00e3o de mercados e aplica\u00e7\u00f5es:.<\/p>\n<ul>\n<li><strong>Arquitetura e design de interiores:\u00a0<\/strong>Crie balaustradas de escadas deslumbrantes, divis\u00f3rias atractivas, p\u00e9s de mobili\u00e1rio \u00fanicos, var\u00f5es de cortinas e lumin\u00e1rias personalizadas que servem de ponto central de uma \u00e1rea.<\/li>\n<li><strong>Retalho e Visual Retailing:\u00a0<\/strong>Crie expositores de ponto de venda topo de gama, propriet\u00e1rios de j\u00f3ias de moda, stands est\u00e9ticos e sinais que captem o interesse do cliente e elevem o valor visual da sua marca.<\/li>\n<li><strong>Arte e escultura:\u00a0<\/strong>Para os artistas e escultores, os nossos var\u00f5es oferecem uma ferramenta \u00fanica para jogar com a luz, o tipo e a abertura, permitindo a cria\u00e7\u00e3o de cen\u00e1rios e objectos de arte de cortar a respira\u00e7\u00e3o.<\/li>\n<li><strong>Passatempo e artesanato:\u00a0<\/strong>Desde a cria\u00e7\u00e3o de l\u00e2minas personalizadas e espa\u00e7os para canetas at\u00e9 \u00e0 constru\u00e7\u00e3o de vers\u00f5es distintas ou mesmo de varinhas de aspeto m\u00e1gico, os nossos postes fornecem um produto de alta qualidade para os amadores mais exigentes.<\/li>\n<li><strong>Industrial e t\u00e9cnico:\u00a0<\/strong>Utilize-os como condutas de luz para canalizar a ilumina\u00e7\u00e3o em espa\u00e7os limitados, visores duradouros para monitoriza\u00e7\u00e3o de l\u00edquidos ou elementos n\u00e3o condutores em configura\u00e7\u00f5es digitais.<\/li>\n<\/ul>\n<p><strong>Pe\u00e7a hoje a sua amostra personalizada<\/strong><\/p>\n<p>Compreendemos que ver e sentir \u00e9 acreditar. Para garantir que o nosso artigo \u00e9 o mais adequado \u00e0s suas necessidades, fornecemos um programa de modifica\u00e7\u00e3o de amostras abrangente. N\u00e3o tem de escolher um exemplo gen\u00e9rico; pode pedir um item de amostra feito de acordo com as suas exig\u00eancias espec\u00edficas. Avalie a claridade, reveja o impacto da \u201cbolha de luz das estrelas\u201d nas suas pr\u00f3prias condi\u00e7\u00f5es de ilumina\u00e7\u00e3o e valide as medidas e a superf\u00edcie. Esta experi\u00eancia pr\u00e1tica garante a sua auto-confian\u00e7a antes de se dedicar a uma produ\u00e7\u00e3o completa.<\/p>\n<p>Associe-se a n\u00f3s para desbloquear um novo n\u00edvel de potencial de estilo. Vamos juntar-nos para produzir pe\u00e7as que n\u00e3o s\u00e3o apenas \u00fateis, mas genuinamente motivadoras.<\/p>\n<p><strong>Contacte-nos hoje para analisar o seu trabalho, descobrir as nossas op\u00e7\u00f5es de modifica\u00e7\u00e3o e solicitar a sua amostra de poste acr\u00edlico \u00e0 medida. Vamos construir algo fant\u00e1stico em conjunto.\u00a0<\/strong>.<\/p>","protected":false},"excerpt":{"rendered":"<p class=\"ng-star-inserted\"><span class=\"ng-star-inserted\">Varetas de acr\u00edlico personalizadas de alta qualidade. Oferecemos uma sele\u00e7\u00e3o vibrante de varetas redondas e especiais, incluindo padr\u00f5es de bolhas e redemoinhos. Dispon\u00edvel em v\u00e1rias cores e di\u00e2metros. Dur\u00e1vel e cristalino. Solicite hoje uma amostra para o seu projeto exclusivo<\/span><\/p>","protected":false},"featured_media":1191,"template":"","meta":{"_kad_post_transparent":"default","_kad_post_title":"","_kad_post_layout":"default","_kad_post_sidebar_id":"","_kad_post_content_style":"default","_kad_post_vertical_padding":"default","_kad_post_feature":"","_kad_post_feature_position":"","_kad_post_header":false,"_kad_post_footer":false,"_kad_post_classname":""},"product_brand":[],"product_cat":[23],"product_tag":[119],"class_list":{"0":"post-1188","1":"product","2":"type-product","3":"status-publish","4":"has-post-thumbnail","6":"product_cat-custom-acrylic-rods-tubes","7":"product_tag-acrylic-products-round-rod","9":"first","10":"instock","11":"shipping-taxable","12":"product-type-simple","13":"entry","14":"content-bg","15":"loop-entry"},"_links":{"self":[{"href":"https:\/\/customacrylicproduct.com\/pt\/wp-json\/wp\/v2\/product\/1188","targetHints":{"allow":["GET"]}}],"collection":[{"href":"https:\/\/customacrylicproduct.com\/pt\/wp-json\/wp\/v2\/product"}],"about":[{"href":"https:\/\/customacrylicproduct.com\/pt\/wp-json\/wp\/v2\/types\/product"}],"wp:featuredmedia":[{"embeddable":true,"href":"https:\/\/customacrylicproduct.com\/pt\/wp-json\/wp\/v2\/media\/1191"}],"wp:attachment":[{"href":"https:\/\/customacrylicproduct.com\/pt\/wp-json\/wp\/v2\/media?parent=1188"}],"wp:term":[{"taxonomy":"product_brand","embeddable":true,"href":"https:\/\/customacrylicproduct.com\/pt\/wp-json\/wp\/v2\/product_brand?post=1188"},{"taxonomy":"product_cat","embeddable":true,"href":"https:\/\/customacrylicproduct.com\/pt\/wp-json\/wp\/v2\/product_cat?post=1188"},{"taxonomy":"product_tag","embeddable":true,"href":"https:\/\/customacrylicproduct.com\/pt\/wp-json\/wp\/v2\/product_tag?post=1188"}],"curies":[{"name":"wp","href":"https:\/\/api.w.org\/{rel}","templated":true}]}}