{"id":1197,"date":"2025-07-18T01:30:25","date_gmt":"2025-07-18T01:30:25","guid":{"rendered":"https:\/\/customacrylicproduct.com\/?post_type=product&#038;p=1197"},"modified":"2025-07-22T07:45:08","modified_gmt":"2025-07-22T07:45:08","slug":"crystal-acrylic-trophy-digital-anniversary-trophy-custom-made","status":"publish","type":"product","link":"https:\/\/customacrylicproduct.com\/pt\/crystal-acrylic-trophy-digital-anniversary-trophy-custom-made\/","title":{"rendered":"Trof\u00e9u acr\u00edlico de cristal Trof\u00e9u de anivers\u00e1rio digital feito \u00e0 medida"},"content":{"rendered":"<h3 id=\"redefining-acknowledgment-the-custom-made-crystal-polymer-anniversary-trophy\">Redefinindo o reconhecimento: O trof\u00e9u de anivers\u00e1rio em pol\u00edmero de cristal feito \u00e0 medida<\/h3>\n<p>A n\u00edvel mundial, o reconhecimento \u00e9 a moeda de troca da motiva\u00e7\u00e3o, quer se trate de realiza\u00e7\u00f5es empresariais ou de pontos de viragem individuais. \u00c9 a express\u00e3o substancial de apre\u00e7o, a recomenda\u00e7\u00e3o p\u00fablica de qualidade e o artefacto a longo prazo de um trabalho bem feito. No entanto, durante demasiado tempo, os \u00edcones deste reconhecimento continuaram estagnados - placas gen\u00e9ricas e formas de vidro previs\u00edveis que, embora simp\u00e1ticas, normalmente n\u00e3o conseguem captar a vibra\u00e7\u00e3o e o dinamismo do sucesso contempor\u00e2neo.<\/p>\n<p>A nossa equipa acredita que uma contribui\u00e7\u00e3o impressionante \u00e9 digna de um pr\u00e9mio excecional. Est\u00e1 na altura de ultrapassar o tradicional e dar as boas-vindas a um tipo de reconhecimento que \u00e9 t\u00e3o \u00fanico, deslumbrante e multifacetado como os feitos que celebra. Temos o prazer de apresentar a nossa linha de Trof\u00e9us em acr\u00edlico e cristal feitos \u00e0 medida, uma nova gera\u00e7\u00e3o de pr\u00e9mios desenvolvidos para serem mais do que um simples s\u00edmbolo - s\u00e3o uma obra de arte.<\/p>\n<p>Como se pode ver nas magn\u00edficas inst\u00e2ncias criadas para o 30\u00ba anivers\u00e1rio da MINGYANG, estes trof\u00e9us n\u00e3o s\u00e3o apenas objectos; s\u00e3o afirma\u00e7\u00f5es. S\u00e3o uma fus\u00e3o de layout de vanguarda, cores vivas e narra\u00e7\u00e3o personalizada, criada para reconhecer as realiza\u00e7\u00f5es mais significativas do seu grupo de uma forma que eles certamente nunca esquecer\u00e3o.<\/p>\n<p><img fetchpriority=\"high\" decoding=\"async\" class=\"aligncenter wp-image-1201 size-large\" src=\"https:\/\/customacrylicproduct.com\/wp-content\/uploads\/2025\/07\/\u4e3b\u56fe05-6-1024x1024.jpg\" alt=\" Trof\u00e9u em acr\u00edlico \" width=\"1024\" height=\"1024\" srcset=\"https:\/\/customacrylicproduct.com\/wp-content\/uploads\/2025\/07\/\u4e3b\u56fe05-6-1024x1024.jpg 1024w, https:\/\/customacrylicproduct.com\/wp-content\/uploads\/2025\/07\/\u4e3b\u56fe05-6-300x300.jpg 300w, https:\/\/customacrylicproduct.com\/wp-content\/uploads\/2025\/07\/\u4e3b\u56fe05-6-150x150.jpg 150w, https:\/\/customacrylicproduct.com\/wp-content\/uploads\/2025\/07\/\u4e3b\u56fe05-6-768x768.jpg 768w, https:\/\/customacrylicproduct.com\/wp-content\/uploads\/2025\/07\/\u4e3b\u56fe05-6-600x600.jpg 600w, https:\/\/customacrylicproduct.com\/wp-content\/uploads\/2025\/07\/\u4e3b\u56fe05-6-100x100.jpg 100w, https:\/\/customacrylicproduct.com\/wp-content\/uploads\/2025\/07\/\u4e3b\u56fe05-6.jpg 1440w\" sizes=\"(max-width: 1024px) 100vw, 1024px\" \/><\/p>\n<h4 id=\"a-symphony-of-light-color-and-measurement\">Uma sinfonia de luz, cor e medi\u00e7\u00e3o<\/h4>\n<p>O que rapidamente distingue os nossos trof\u00e9us em pol\u00edmero de cristal \u00e9 a sua extensa profundidade est\u00e9tica e exist\u00eancia vibrante. Cada pr\u00e9mio \u00e9 uma estrutura de camadas meticulosamente orquestrada, desenvolvida para atrair o olhar e contar uma hist\u00f3ria de todos os \u00e2ngulos.<\/p>\n<p><strong>A Funda\u00e7\u00e3o: O Bloco Acr\u00edlico de Cristal\u00a0<\/strong>. O cora\u00e7\u00e3o de cada trof\u00e9u \u00e9 um bloco significativo e forte de custos, pol\u00edmero de actores de grau \u00f3tico. Chamamos-lhe \u201cCristal Acr\u00edlico\u201d por uma raz\u00e3o. Tem a qualidade not\u00e1vel e o peso satisfat\u00f3rio do cristal tradicional, mas com uma longevidade e adaptabilidade de layout de primeira qualidade. Cada bloco \u00e9 cortado com precis\u00e3o e os seus lados s\u00e3o polidos com diamante para um acabamento ideal, semelhante ao vidro, que capta e refracta a luz ambiente, produzindo um brilho sofisticado e luminescente. Esta tela s\u00f3lida e transparente oferece o melhor palco para a arte interior.<\/p>\n<p><strong>O Cora\u00e7\u00e3o: A hist\u00f3ria vibrante e dividida\u00a0<\/strong>. O cora\u00e7\u00e3o da honra reside na sua espetacular hist\u00f3ria a cores. Utilizando uma t\u00e9cnica de impress\u00e3o inversa de \u00faltima gera\u00e7\u00e3o, infundimos a parte de tr\u00e1s do bloco de acr\u00edlico com imagens abundantes e vibrantes. Como se pode ver nas imagens, este pode ser um belo declive - passando de um vermelho intenso para um laranja quente e festivo, ou de um azul celeste sereno para um tom profundo e n\u00e1utico. Esta t\u00e9cnica de impress\u00e3o na parte de tr\u00e1s do bloco sugere que a imagem \u00e9 verificada\u00a0<em>atrav\u00e9s de\u00a0<\/em>A cor do trof\u00e9u \u00e9 a mais profunda do acr\u00edlico, oferecendo-lhe uma inacredit\u00e1vel sensa\u00e7\u00e3o de dimens\u00e3o e protegendo a obra de arte de arranh\u00f5es na superf\u00edcie. Os tons parecem flutuar dentro do trof\u00e9u, desenvolvendo um resultado encantador que \u00e9 simultaneamente sofisticado e moderno.<\/p>\n<p><strong>O s\u00edtio: O impressionante componente 3D\u00a0<\/strong>. A verdade \u00e9 que este design tem como ponto alto o famoso n\u00famero tridimensional que parece saltar da superf\u00edcie. Para os pr\u00e9mios MINGYANG, estes n\u00fameros - \u201d5\u201d, \u201c20\u201d, \u201c30\u201d - significam francamente os anos de solu\u00e7\u00e3o ou o anivers\u00e1rio de casamento que est\u00e1 a ser comemorado. Estes elementos s\u00e3o cortados a laser com precis\u00e3o a partir de uma pe\u00e7a separada de acr\u00edlico branco s\u00f3lido e n\u00e3o transparente e meticulosamente colocados na face do trof\u00e9u. Isto cria uma sensa\u00e7\u00e3o eficaz de profundidade, lan\u00e7ando uma escurid\u00e3o refinada sobre a hist\u00f3ria colorida e proporcionando um foco principal t\u00e1til e de grande impacto. A adi\u00e7\u00e3o do sufixo \u201cTH\u201d, igualmente em 3D, inclui um toque de linguagem comemorativa tradicional a este design extremamente moderno.<\/p>\n<p><strong>A mensagem: A inscri\u00e7\u00e3o n\u00edtida e personalizada\u00a0<\/strong>. A \u00faltima camada \u00e9 a mensagem propriamente dita. O design do log\u00f3tipo da empresa, o t\u00edtulo do pr\u00e9mio (\u201d Superior Payment Individual\u201d), o departamento (\u201d \u4e0a\u6d77\u4e8b\u4e1a\u90e8\u201d) e a informa\u00e7\u00e3o sobre o anivers\u00e1rio s\u00e3o todos impressos com precis\u00e3o de lancinamento diretamente na superf\u00edcie do acr\u00edlico, utilizando a inova\u00e7\u00e3o avan\u00e7ada da impress\u00e3o UV. Esta estrat\u00e9gia garante que todas as linhas de texto e todas as curvas do seu log\u00f3tipo s\u00e3o fornecidas com excelente nitidez e resist\u00eancia, terminando a narrativa de reconhecimento.<\/p>\n<h4 id=\"the-power-of-true-customization-\">O poder da verdadeira personaliza\u00e7\u00e3o<\/h4>\n<p>Estes pr\u00e9mios n\u00e3o s\u00e3o artigos de prateleira. Cada um \u00e9 uma produ\u00e7\u00e3o \u00e0 medida, personalizada para refletir o nome da sua marca, a sua mensagem e o seu evento \u00fanico. O nosso procedimento de layout \u00e9 uma coopera\u00e7\u00e3o, permitindo-lhe produzir uma homenagem que \u00e9 uma verdadeira extens\u00e3o da sua sociedade empresarial.<\/p>\n<p><strong>A sua marca, as suas cores:\u00a0<\/strong>Podemos fazer corresponder na perfei\u00e7\u00e3o os gradientes da hist\u00f3ria e o texto publicado ao esquema de sombras da sua empresa, assegurando uma assimila\u00e7\u00e3o suave do nome da marca. O seu log\u00f3tipo ser\u00e1 reproduzido com uma integridade impec\u00e1vel.<\/p>\n<p><strong>A sua mensagem, o seu ponto de viragem:\u00a0<\/strong>Quer se trate de comemorar um 5\u00ba, 10\u00ba, 25\u00ba ou 50\u00ba anivers\u00e1rio, um sucesso de vendas ou uma vida de reformado, o n\u00famero de site 3D e toda a mensagem inscrita s\u00e3o totalmente personaliz\u00e1veis. Podemos reconhecer um \u201cTrabalhador do Ano\u201d, um \u201cChefe de Clube do Estado\u201d ou um \u201cGrupo de Apresenta\u00e7\u00e3o de Tarefas\u201d com o mesmo n\u00edvel de informa\u00e7\u00e3o personalizada.<\/p>\n<p><strong>A sua vis\u00e3o, o nosso trabalho artesanal:\u00a0<\/strong>A nossa equipa de criadores e artes\u00e3os ir\u00e1 trabalhar consigo para transformar a sua vis\u00e3o numa espetacular homenagem f\u00edsica. Desde o conceito preliminar at\u00e9 ao \u00faltimo produto elegante, estamos empenhados em desenvolver um pr\u00e9mio que ultrapasse as suas expectativas e actue como um sinal eficaz de gratid\u00e3o.<\/p>\n<p><img decoding=\"async\" class=\"aligncenter wp-image-1200 size-large\" src=\"https:\/\/customacrylicproduct.com\/wp-content\/uploads\/2025\/07\/\u4e3b\u56fe04-2-1024x1024.jpg\" alt=\" Trof\u00e9u em acr\u00edlico \" width=\"1024\" height=\"1024\" srcset=\"https:\/\/customacrylicproduct.com\/wp-content\/uploads\/2025\/07\/\u4e3b\u56fe04-2-1024x1024.jpg 1024w, https:\/\/customacrylicproduct.com\/wp-content\/uploads\/2025\/07\/\u4e3b\u56fe04-2-300x300.jpg 300w, https:\/\/customacrylicproduct.com\/wp-content\/uploads\/2025\/07\/\u4e3b\u56fe04-2-150x150.jpg 150w, https:\/\/customacrylicproduct.com\/wp-content\/uploads\/2025\/07\/\u4e3b\u56fe04-2-768x768.jpg 768w, https:\/\/customacrylicproduct.com\/wp-content\/uploads\/2025\/07\/\u4e3b\u56fe04-2-600x600.jpg 600w, https:\/\/customacrylicproduct.com\/wp-content\/uploads\/2025\/07\/\u4e3b\u56fe04-2-100x100.jpg 100w, https:\/\/customacrylicproduct.com\/wp-content\/uploads\/2025\/07\/\u4e3b\u56fe04-2.jpg 1440w\" sizes=\"(max-width: 1024px) 100vw, 1024px\" \/><\/p>\n<h4 id=\"greater-than-an-honor-a-device-for-motivation-\">Maior que uma honra: Um dispositivo para a motiva\u00e7\u00e3o<\/h4>\n<p>Em qualquer tipo de organiza\u00e7\u00e3o, uma forte sociedade de reconhecimento \u00e9 importante. Estimula o esp\u00edrito, motiva a competi\u00e7\u00e3o saud\u00e1vel e equilibrada e refor\u00e7a os valores que se pretende promover. Entregar a um colaborador um destes trof\u00e9us em pol\u00edmero de cristal \u00e9 um momento eficaz. Diz mais do que \u201cobrigado\u201d.<\/p>\n<p>Diz: \u201cEstamos a ver-vos\u201d. Diz: \u201cO teu pagamento \u00e9 v\u00edvido e tem profundidade\u201d. Diz: \u201cO seu trabalho \u00e9 contempor\u00e2neo, engenhoso e merecedor de uma celebra\u00e7\u00e3o de destaque\u201d.<\/p>\n<p>Ao contr\u00e1rio de um trof\u00e9u normal que poderia ser escondido, este \u00e9 um objeto de arte da secret\u00e1ria - um iniciador de discuss\u00e3o e um lembrete consistente e deslumbrante de realiza\u00e7\u00e3o. \u00c9 uma satisfa\u00e7\u00e3o para quem o recebe e uma motiva\u00e7\u00e3o para os seus colegas de trabalho, demonstrando de forma tang\u00edvel que a excel\u00eancia \u00e9 vista, valorizada e celebrada de uma forma genuinamente not\u00e1vel.<\/p>\n<p><img decoding=\"async\" class=\"aligncenter wp-image-1199 size-large\" src=\"https:\/\/customacrylicproduct.com\/wp-content\/uploads\/2025\/07\/\u4e3b\u56fe03-3-1024x1024.jpg\" alt=\" Trof\u00e9u em acr\u00edlico \" width=\"1024\" height=\"1024\" srcset=\"https:\/\/customacrylicproduct.com\/wp-content\/uploads\/2025\/07\/\u4e3b\u56fe03-3-1024x1024.jpg 1024w, https:\/\/customacrylicproduct.com\/wp-content\/uploads\/2025\/07\/\u4e3b\u56fe03-3-300x300.jpg 300w, https:\/\/customacrylicproduct.com\/wp-content\/uploads\/2025\/07\/\u4e3b\u56fe03-3-150x150.jpg 150w, https:\/\/customacrylicproduct.com\/wp-content\/uploads\/2025\/07\/\u4e3b\u56fe03-3-768x768.jpg 768w, https:\/\/customacrylicproduct.com\/wp-content\/uploads\/2025\/07\/\u4e3b\u56fe03-3-600x600.jpg 600w, https:\/\/customacrylicproduct.com\/wp-content\/uploads\/2025\/07\/\u4e3b\u56fe03-3-100x100.jpg 100w, https:\/\/customacrylicproduct.com\/wp-content\/uploads\/2025\/07\/\u4e3b\u56fe03-3.jpg 1440w\" sizes=\"(max-width: 1024px) 100vw, 1024px\" \/><\/p>\n<p><strong>Ideal para uma variedade de ocasi\u00f5es:<\/strong><\/p>\n<ul>\n<li><strong>Anivers\u00e1rios de empresas:\u00a0<\/strong>Honrar o percurso da empresa e as pessoas que o tornaram poss\u00edvel.<\/li>\n<li><strong>Anivers\u00e1rios de trabalho e homenagens de servi\u00e7o:\u00a0<\/strong>Celebre a lealdade dos trabalhadores com uma homenagem \u00fanica por 5, 10, 20 ou mesmo mais anos de solu\u00e7\u00e3o.<\/li>\n<li><strong>Pr\u00e9mios de vendas e efici\u00eancia:\u00a0<\/strong>Identifique os artistas de topo com um trof\u00e9u que espelhe o seu sucesso vibrante.<\/li>\n<li><strong>Gest\u00e3o e Desenvolvimento Honras:\u00a0<\/strong>Homenagear l\u00edderes vision\u00e1rios e ideias revolucion\u00e1rias.<\/li>\n<li><strong>Aprecia\u00e7\u00e3o de clientes e parceiros:\u00a0<\/strong>Agrade\u00e7a aos parceiros cruciais com um presente memor\u00e1vel e de alta qualidade que representa a vossa s\u00f3lida liga\u00e7\u00e3o.<\/li>\n<li><strong>Presentes de reforma:\u00a0<\/strong>Honre um trabalho longo e eficaz com uma bela lembran\u00e7a.<\/li>\n<\/ul>\n<p>Opte por tornar memor\u00e1vel o momento de reconhecimento que se segue. Escolha um trof\u00e9u acr\u00edlico de cristal feito \u00e0 medida e ofere\u00e7a um pr\u00e9mio t\u00e3o fant\u00e1stico e not\u00e1vel como o sucesso que representa.<\/p>","protected":false},"excerpt":{"rendered":"<p class=\"ng-star-inserted\"><span class=\"ng-star-inserted\">Honre os seus feitos com os nossos modernos trof\u00e9us em acr\u00edlico cristal. Perfeitos para anivers\u00e1rios digitais, estes pr\u00e9mios personalizados apresentam fundos vibrantes em camadas e n\u00fameros 3D impressionantes. Uma forma \u00fanica e de alta qualidade de celebrar contribui\u00e7\u00f5es extraordin\u00e1rias e marcos empresariais. Totalmente personaliz\u00e1vel.<\/span><\/p>","protected":false},"featured_media":1201,"template":"","meta":{"_kad_post_transparent":"default","_kad_post_title":"","_kad_post_layout":"default","_kad_post_sidebar_id":"","_kad_post_content_style":"default","_kad_post_vertical_padding":"default","_kad_post_feature":"","_kad_post_feature_position":"","_kad_post_header":false,"_kad_post_footer":false,"_kad_post_classname":""},"product_brand":[],"product_cat":[19],"product_tag":[96,107],"class_list":{"0":"post-1197","1":"product","2":"type-product","3":"status-publish","4":"has-post-thumbnail","6":"product_cat-custom-acrylic-trophies-awards","7":"product_tag-acrylic-awards","8":"product_tag-digital-anniversary","10":"first","11":"instock","12":"shipping-taxable","13":"product-type-simple","14":"entry","15":"content-bg","16":"loop-entry"},"_links":{"self":[{"href":"https:\/\/customacrylicproduct.com\/pt\/wp-json\/wp\/v2\/product\/1197","targetHints":{"allow":["GET"]}}],"collection":[{"href":"https:\/\/customacrylicproduct.com\/pt\/wp-json\/wp\/v2\/product"}],"about":[{"href":"https:\/\/customacrylicproduct.com\/pt\/wp-json\/wp\/v2\/types\/product"}],"wp:featuredmedia":[{"embeddable":true,"href":"https:\/\/customacrylicproduct.com\/pt\/wp-json\/wp\/v2\/media\/1201"}],"wp:attachment":[{"href":"https:\/\/customacrylicproduct.com\/pt\/wp-json\/wp\/v2\/media?parent=1197"}],"wp:term":[{"taxonomy":"product_brand","embeddable":true,"href":"https:\/\/customacrylicproduct.com\/pt\/wp-json\/wp\/v2\/product_brand?post=1197"},{"taxonomy":"product_cat","embeddable":true,"href":"https:\/\/customacrylicproduct.com\/pt\/wp-json\/wp\/v2\/product_cat?post=1197"},{"taxonomy":"product_tag","embeddable":true,"href":"https:\/\/customacrylicproduct.com\/pt\/wp-json\/wp\/v2\/product_tag?post=1197"}],"curies":[{"name":"wp","href":"https:\/\/api.w.org\/{rel}","templated":true}]}}