{"id":1202,"date":"2025-07-18T01:42:21","date_gmt":"2025-07-18T01:42:21","guid":{"rendered":"https:\/\/customacrylicproduct.com\/?post_type=product&#038;p=1202"},"modified":"2025-07-22T07:46:08","modified_gmt":"2025-07-22T07:46:08","slug":"custom-acrylic-display-stand-small-shelf-in-front-of-cash-register","status":"publish","type":"product","link":"https:\/\/customacrylicproduct.com\/pt\/custom-acrylic-display-stand-small-shelf-in-front-of-cash-register\/","title":{"rendered":"Expositor acr\u00edlico personalizado Prateleira pequena em frente \u00e0 caixa registadora"},"content":{"rendered":"<h3 id=\"-maximize-your-point-of-sale-prospective-the-ultimate-custom-made-acrylic-present-mean-your-countertop-\"><strong>Maximize a sua perspetiva de ponto de venda: O melhor presente acr\u00edlico feito \u00e0 medida para a sua bancada\u00a0<\/strong>.<\/h3>\n<p>No mundo agitado do com\u00e9rcio a retalho, a caixa \u00e9 mais do que apenas um local para compras; \u00e9 o ponto de contacto final e crucial no percurso do cliente. \u00c9 a sua \u00faltima oportunidade para causar uma boa impress\u00e3o, real\u00e7ar a sua marca e conseguir uma \u00faltima venda. Bancadas ca\u00f3ticas e ca\u00f3ticas com ecr\u00e3s gen\u00e9ricos podem resultar em oportunidades perdidas e numa mensagem de marca dilu\u00edda. Chegou a altura de transformar este espa\u00e7o \u00fatil num local de receitas efectivas com o nosso expositor acr\u00edlico personalizado, concebido com per\u00edcia para estar em frente \u00e0 caixa registadora de vendas e transformar a taxa de interesse passageira em aquisi\u00e7\u00f5es por impulso.<\/p>\n<p>Como se pode ver nas imagens, n\u00e3o se trata apenas de uma prateleira - \u00e9 um equipamento publicit\u00e1rio feito \u00e0 medida. Fabricados em acr\u00edlico v\u00edvido de alta qualidade, estes ecr\u00e3s s\u00e3o concebidos para serem esteticamente magn\u00edficos e extremamente \u00fateis, proporcionando a fase perfeita para os seus artigos min\u00fasculos e de elevada margem de lucro.<\/p>\n<p><img fetchpriority=\"high\" decoding=\"async\" class=\"aligncenter wp-image-1207 size-full\" src=\"https:\/\/customacrylicproduct.com\/wp-content\/uploads\/2025\/07\/\u4e3b\u56fe05-7.jpg\" alt=\"Expositor acr\u00edlico personalizado\" width=\"800\" height=\"800\" srcset=\"https:\/\/customacrylicproduct.com\/wp-content\/uploads\/2025\/07\/\u4e3b\u56fe05-7.jpg 800w, https:\/\/customacrylicproduct.com\/wp-content\/uploads\/2025\/07\/\u4e3b\u56fe05-7-300x300.jpg 300w, https:\/\/customacrylicproduct.com\/wp-content\/uploads\/2025\/07\/\u4e3b\u56fe05-7-150x150.jpg 150w, https:\/\/customacrylicproduct.com\/wp-content\/uploads\/2025\/07\/\u4e3b\u56fe05-7-768x768.jpg 768w, https:\/\/customacrylicproduct.com\/wp-content\/uploads\/2025\/07\/\u4e3b\u56fe05-7-600x600.jpg 600w, https:\/\/customacrylicproduct.com\/wp-content\/uploads\/2025\/07\/\u4e3b\u56fe05-7-100x100.jpg 100w\" sizes=\"(max-width: 800px) 100vw, 800px\" \/><\/p>\n<p><strong>A psicologia do posicionamento perfeito\u00a0<\/strong>.<\/p>\n<p>O posicionamento calculado dos produtos no ponto de venda (POS) \u00e9 uma estrat\u00e9gia de retalho comprovada ao longo do tempo. Os clientes que aguardam na fila s\u00e3o um mercado-alvo restrito. As suas mentes est\u00e3o atualmente em \u201cmodo de compra\u201d, o que os torna extremamente suscept\u00edveis a melhorias bem apresentadas e de \u00faltima hora. Os nossos expositores em acr\u00edlico foram desenvolvidos para capitalizar este momento psicol\u00f3gico. Ao levantar os seus artigos do balc\u00e3o e apresent\u00e1-los de forma organizada, atraente e rapidamente acess\u00edvel, elimina a fric\u00e7\u00e3o e decide descomplicar. O estilo suave e moderno regula a aten\u00e7\u00e3o, atraindo o olhar do cliente diretamente para os produtos que mais deseja movimentar, sejam eles guloseimas, doces, cosm\u00e9ticos, pequenos aparelhos electr\u00f3nicos ou artigos promocionais.<\/p>\n<p><strong>Produto superior, impress\u00e3o inesquec\u00edvel\u00a0<\/strong>.<\/p>\n<p>A base dos nossos suportes para ecr\u00e3s \u00e9 acr\u00edlico de qualidade superior. Escolhemos este material pela sua combina\u00e7\u00e3o \u00fanica de encanto visual e robustez duradoura.<\/p>\n<ul>\n<li><strong>Brilho visual:\u00a0<\/strong>Ao contr\u00e1rio do pl\u00e1stico de baixo custo, o acr\u00edlico possui uma qualidade cristalina, semelhante \u00e0 do vidro, que demonstra sofistica\u00e7\u00e3o. O acr\u00edlico vermelho transl\u00facido que se v\u00ea nas fotografias mostra como a sombra pode ser utilizada para produzir uma declara\u00e7\u00e3o de marca eficaz. Capta a luz, acrescenta um toque de energia vibrante ao balc\u00e3o e alinha-se com a identifica\u00e7\u00e3o da marca. O acabamento brilhante d\u00e1-lhe um toque de alta qualidade que eleva o valor percebido dos produtos que cont\u00e9m.<\/li>\n<li><strong>Resist\u00eancia Extraordin\u00e1ria:\u00a0<\/strong>Embora tenha um aspeto t\u00e3o elegante como o vidro, o acr\u00edlico \u00e9 significativamente mais dur\u00e1vel e resistente a estilha\u00e7os. Isto torna-o uma op\u00e7\u00e3o muito mais segura e muito mais sensata para um ambiente de retalho ativo. Ele resiste aos solavancos e batidas do dia a dia de uma \u00e1rea de cobertura de dinheiro de alto tr\u00e1fego sem lascar ou rachar, garantindo uma apar\u00eancia duradoura e especializada.<\/li>\n<li><strong>Leve e vers\u00e1til:\u00a0<\/strong>Apesar da sua resist\u00eancia, o acr\u00edlico \u00e9 leve, o que lhe permite reposicionar convenientemente o expositor, conforme necess\u00e1rio, para otimizar o formato do seu balc\u00e3o ou para fazer funcionar v\u00e1rios artigos.<\/li>\n<\/ul>\n<p><img decoding=\"async\" class=\"aligncenter wp-image-1206 size-full\" src=\"https:\/\/customacrylicproduct.com\/wp-content\/uploads\/2025\/07\/\u4e3b\u56fe04-3.jpg\" alt=\"Expositor acr\u00edlico personalizado\" width=\"800\" height=\"800\" srcset=\"https:\/\/customacrylicproduct.com\/wp-content\/uploads\/2025\/07\/\u4e3b\u56fe04-3.jpg 800w, https:\/\/customacrylicproduct.com\/wp-content\/uploads\/2025\/07\/\u4e3b\u56fe04-3-300x300.jpg 300w, https:\/\/customacrylicproduct.com\/wp-content\/uploads\/2025\/07\/\u4e3b\u56fe04-3-150x150.jpg 150w, https:\/\/customacrylicproduct.com\/wp-content\/uploads\/2025\/07\/\u4e3b\u56fe04-3-768x768.jpg 768w, https:\/\/customacrylicproduct.com\/wp-content\/uploads\/2025\/07\/\u4e3b\u56fe04-3-600x600.jpg 600w, https:\/\/customacrylicproduct.com\/wp-content\/uploads\/2025\/07\/\u4e3b\u56fe04-3-100x100.jpg 100w\" sizes=\"(max-width: 800px) 100vw, 800px\" \/><\/p>\n<p><strong>Estilo inteligente, adaptado \u00e0s suas necessidades\u00a0<\/strong>.<\/p>\n<p>A nossa cole\u00e7\u00e3o de fotografias mostra a extraordin\u00e1ria conveni\u00eancia das nossas capacidades de estilo. Compreendemos que um tamanho n\u00e3o serve para todos.<\/p>\n<ul>\n<li><strong>Design em camadas e em \u00e2ngulo (Imagens 1 e 2):\u00a0<\/strong>Este estilo vibrante apresenta v\u00e1rias taxas inclinadas que caem para baixo. Esta disposi\u00e7\u00e3o inteligente garante que todos os artigos, desde a primeira fila at\u00e9 \u00e0 \u00faltima, s\u00e3o completamente vis\u00edveis para o cliente. O \u00e2ngulo faz com que seja natural para os clientes entrarem e pegarem num artigo, encorajando a comunica\u00e7\u00e3o. Os perfis laterais podem ser cortados \u00e0 medida em formas distintas, como os suportes arredondados apresentados, acrescentando um toque estil\u00edstico distinto.<\/li>\n<li><strong>Design da caixa com ponta (Imagens 3 e 4):\u00a0<\/strong>Este design cl\u00e1ssico, mas muito fi\u00e1vel, utiliza uma estrutura escalonada dentro de uma estrutura limpa, semelhante a uma caixa. \u00c9 excelente para arrumar artigos de tamanho uniforme, como as bolsas de guloseimas da imagem. Este estilo maximiza a densidade do produto com um impacto compacto, mantendo o seu balc\u00e3o limpo ao mesmo tempo que armazena uma quantidade significativa de stock. A placa traseira alta funciona como uma excelente tela para uma marca famosa.<\/li>\n<\/ul>\n<p><img decoding=\"async\" class=\"aligncenter wp-image-1204 size-full\" src=\"https:\/\/customacrylicproduct.com\/wp-content\/uploads\/2025\/07\/\u4e3b\u56fe02-3.jpg\" alt=\"Expositor acr\u00edlico personalizado\" width=\"800\" height=\"800\" srcset=\"https:\/\/customacrylicproduct.com\/wp-content\/uploads\/2025\/07\/\u4e3b\u56fe02-3.jpg 800w, https:\/\/customacrylicproduct.com\/wp-content\/uploads\/2025\/07\/\u4e3b\u56fe02-3-300x300.jpg 300w, https:\/\/customacrylicproduct.com\/wp-content\/uploads\/2025\/07\/\u4e3b\u56fe02-3-150x150.jpg 150w, https:\/\/customacrylicproduct.com\/wp-content\/uploads\/2025\/07\/\u4e3b\u56fe02-3-768x768.jpg 768w, https:\/\/customacrylicproduct.com\/wp-content\/uploads\/2025\/07\/\u4e3b\u56fe02-3-600x600.jpg 600w, https:\/\/customacrylicproduct.com\/wp-content\/uploads\/2025\/07\/\u4e3b\u56fe02-3-100x100.jpg 100w\" sizes=\"(max-width: 800px) 100vw, 800px\" \/><\/p>\n<p><strong>Personaliza\u00e7\u00e3o: A sua marca, em primeiro plano\u00a0<\/strong>.<\/p>\n<p>O verdadeiro poder dos nossos suportes de ecr\u00e3s depende da sua total personaliza\u00e7\u00e3o. Trabalhamos consigo para produzir um expositor que seja uma verdadeira expans\u00e3o da identifica\u00e7\u00e3o da sua marca.<\/p>\n<ul>\n<li><strong>Design do log\u00f3tipo e integra\u00e7\u00e3o do lema:\u00a0<\/strong>Como se pode ver com o log\u00f3tipo \u201c\u5bbe\u4e4b\u90ce\u201d (Container Zhi Lang) e o slogan \u201c\u7528\u5fc3\u505a\u597d\u6bcf1\u53e3\u69df\u6994\u201d (Fazer cuidadosamente cada item de noz de b\u00e9tel), podemos integrar perfeitamente a sua marca diretamente no ecr\u00e3 de visualiza\u00e7\u00e3o. Utilizando a impress\u00e3o de alta resolu\u00e7\u00e3o, o seu log\u00f3tipo, marca e mensagens de marketing s\u00e3o apresentados de forma n\u00edtida e adequada, refor\u00e7ando o reconhecimento da marca no ponto de viragem da liquida\u00e7\u00e3o.<\/li>\n<li><strong>Correspond\u00eancia de cores:\u00a0<\/strong>Embora o vermelho din\u00e2mico seja apelativo, podemos gerar o seu ecr\u00e3 em qualquer tonalidade do espetro Pantone. Quer necessite de um preto elegante, de um branco limpo ou de um tom espec\u00edfico do esquema de cores da sua empresa, garantimos uma consist\u00eancia perfeita.<\/li>\n<li><strong>Capacidades personalizadas e forma\u00e7\u00e3o:\u00a0<\/strong>Adaptamos a dimens\u00e3o, a forma e a variedade de compartimentos para se adaptarem perfeitamente ao seu produto espec\u00edfico e \u00e0 \u00e1rea do balc\u00e3o. Quer esteja a comercializar pequenos b\u00e1lsamos labiais redondos, cart\u00f5es de oferta de n\u00edvel ou snacks ensacados, desenvolveremos os compartimentos para um ajuste perfeito e perfeito.<\/li>\n<\/ul>\n<p><strong>Aplica\u00e7\u00f5es ilimitadas em todos os sectores\u00a0<\/strong>.<\/p>\n<p>Estes ecr\u00e3s de cozinha funcionais s\u00e3o o servi\u00e7o adequado para uma grande variedade de organiza\u00e7\u00f5es:.<\/p>\n<ul>\n<li><strong>Lojas de conveni\u00eancia e supermercados:\u00a0<\/strong>Para mostrar pastilhas el\u00e1sticas, pastilhas de mentol, deliciosas barras de chocolate, menos pesadas e guloseimas de dose \u00fanica.<\/li>\n<li><strong>Caf\u00e9s e padarias:\u00a0<\/strong>Perfeita para expor bolachas embaladas, cart\u00f5es de compromisso, pacotes de a\u00e7\u00facar ou pequenos sacos de caf\u00e9 em gr\u00e3o.<\/li>\n<li><strong>Boutiques e sal\u00f5es de beleza:\u00a0<\/strong>Esmaltes de unhas, b\u00e1lsamos labiais, lo\u00e7\u00f5es de viagem e v\u00e1rios outros pequenos acess\u00f3rios de atra\u00e7\u00e3o elegantemente existentes.<\/li>\n<li><strong>Farm\u00e1cias:\u00a0<\/strong>Organize produtos de higiene pessoal \u00e0 prova de bala, desinfectantes para as m\u00e3os e compras de impulso sem receita m\u00e9dica.<\/li>\n<li><strong>Dispositivos electr\u00f3nicos Lojas:\u00a0<\/strong>Organize bem pequenos objectos, como cabos de fatura\u00e7\u00e3o, situa\u00e7\u00f5es telef\u00f3nicas e unidades flash.<\/li>\n<\/ul>\n<p><strong>Comprar um representante de vendas silencioso\u00a0<\/strong>.<\/p>\n<p>Deixe de permitir que a sua \u00e1rea de retalho mais vantajosa seja subutilizada. Uma prateleira de arame comum ou uma pilha de produtos desordenada transmite uma mensagem de falta de organiza\u00e7\u00e3o. O nosso expositor acr\u00edlico personalizado \u00e9 um investimento financeiro fundamental que o beneficia a todo o momento. \u00c9 um vendedor silencioso que organiza, apresenta, marca e vende, tudo a partir de uma pegada port\u00e1til. \u00c9 muito f\u00e1cil de arrumar, constru\u00eddo para durar e desenvolvido para fornecer um retorno mensur\u00e1vel, aumentando as vendas por impulso e impulsionando a experi\u00eancia de compra total dos seus clientes.<\/p>\n<p>Eleve a sua marca e potencie as suas vendas. Ligue-nos hoje para come\u00e7ar a conceber um espet\u00e1culo de caixa registadora em acr\u00edlico personalizado que capte na perfei\u00e7\u00e3o a ess\u00eancia da sua marca e gere resultados substanciais.<\/p>","protected":false},"excerpt":{"rendered":"<p class=\"ng-star-inserted\"><span class=\"ng-star-inserted\">Aumente as compras por impulso com um expositor acr\u00edlico personalizado para a sua caixa registadora. Esta prateleira duradoura e apelativa organiza cuidadosamente os pequenos produtos no ponto de venda. Totalmente personaliz\u00e1vel com o log\u00f3tipo e as cores da sua marca para aumentar a visibilidade e impulsionar as vendas.<\/span><\/p>","protected":false},"featured_media":1207,"template":"","meta":{"_kad_post_transparent":"default","_kad_post_title":"","_kad_post_layout":"default","_kad_post_sidebar_id":"","_kad_post_content_style":"default","_kad_post_vertical_padding":"default","_kad_post_feature":"","_kad_post_feature_position":"","_kad_post_header":false,"_kad_post_footer":false,"_kad_post_classname":""},"product_brand":[],"product_cat":[15],"product_tag":[110,109],"class_list":{"0":"post-1202","1":"product","2":"type-product","3":"status-publish","4":"has-post-thumbnail","6":"product_cat-custom-acrylic-displays","7":"product_tag-custom-acrylic","8":"product_tag-display","10":"first","11":"instock","12":"shipping-taxable","13":"product-type-simple","14":"entry","15":"content-bg","16":"loop-entry"},"_links":{"self":[{"href":"https:\/\/customacrylicproduct.com\/pt\/wp-json\/wp\/v2\/product\/1202","targetHints":{"allow":["GET"]}}],"collection":[{"href":"https:\/\/customacrylicproduct.com\/pt\/wp-json\/wp\/v2\/product"}],"about":[{"href":"https:\/\/customacrylicproduct.com\/pt\/wp-json\/wp\/v2\/types\/product"}],"wp:featuredmedia":[{"embeddable":true,"href":"https:\/\/customacrylicproduct.com\/pt\/wp-json\/wp\/v2\/media\/1207"}],"wp:attachment":[{"href":"https:\/\/customacrylicproduct.com\/pt\/wp-json\/wp\/v2\/media?parent=1202"}],"wp:term":[{"taxonomy":"product_brand","embeddable":true,"href":"https:\/\/customacrylicproduct.com\/pt\/wp-json\/wp\/v2\/product_brand?post=1202"},{"taxonomy":"product_cat","embeddable":true,"href":"https:\/\/customacrylicproduct.com\/pt\/wp-json\/wp\/v2\/product_cat?post=1202"},{"taxonomy":"product_tag","embeddable":true,"href":"https:\/\/customacrylicproduct.com\/pt\/wp-json\/wp\/v2\/product_tag?post=1202"}],"curies":[{"name":"wp","href":"https:\/\/api.w.org\/{rel}","templated":true}]}}