{"id":1213,"date":"2025-07-18T02:07:09","date_gmt":"2025-07-18T02:07:09","guid":{"rendered":"https:\/\/customacrylicproduct.com\/?post_type=product&#038;p=1213"},"modified":"2025-07-22T08:29:05","modified_gmt":"2025-07-22T08:29:05","slug":"highly-transparent-acrylic-sheet-processing-plastic-sheet-custom","status":"publish","type":"product","link":"https:\/\/customacrylicproduct.com\/pt\/highly-transparent-acrylic-sheet-processing-plastic-sheet-custom\/","title":{"rendered":"Folha de acr\u00edlico altamente transparente Processamento de folha de pl\u00e1stico personalizado"},"content":{"rendered":"<h3 id=\"-the-ultimate-option-for-clearness-longevity-and-layout-highly-transparent-customized-acrylic-sheets-\"><strong>A melhor op\u00e7\u00e3o para clareza, longevidade e layout: Folhas de acr\u00edlico personalizadas altamente transparentes<\/strong><\/h3>\n<p>Num mundo orientado para o desenvolvimento, a apar\u00eancia e a efici\u00eancia, a op\u00e7\u00e3o de material pode especificar o sucesso de uma tarefa. Desde carater\u00edsticas marcantes de edif\u00edcios e belos ecr\u00e3s de retalho a elementos comerciais robustos e obras de arte detalhadas, a procura de um produto que proporcione charme e energia nunca foi t\u00e3o grande. Temos a honra de oferecer a op\u00e7\u00e3o conclusiva: as nossas chapas acr\u00edlicas de qualidade superior e muito transparentes, apoiadas por um conjunto detalhado de servi\u00e7os personalizados de manuseamento e fabrico.<\/p>\n<p>O nosso artigo \u00e9 mais do que uma simples folha de pl\u00e1stico; \u00e9 uma tela em branco para a sua criatividade, criada para fazer e concebida para motivar. Como demonstrado pela nossa oferta abrangente e exemplos acabados com precis\u00e3o, fazemos uma ponte perfeita entre o seu conceito e uma realidade f\u00edsica espetacular.<\/p>\n<p><img fetchpriority=\"high\" decoding=\"async\" class=\"aligncenter wp-image-1217 size-full\" src=\"https:\/\/customacrylicproduct.com\/wp-content\/uploads\/2025\/07\/O1CN01LUmO5Y2D4hSeFRhoU_2208409208556-0-cib.jpg\" alt=\"Folha de acr\u00edlico\" width=\"800\" height=\"800\" srcset=\"https:\/\/customacrylicproduct.com\/wp-content\/uploads\/2025\/07\/O1CN01LUmO5Y2D4hSeFRhoU_2208409208556-0-cib.jpg 800w, https:\/\/customacrylicproduct.com\/wp-content\/uploads\/2025\/07\/O1CN01LUmO5Y2D4hSeFRhoU_2208409208556-0-cib-300x300.jpg 300w, https:\/\/customacrylicproduct.com\/wp-content\/uploads\/2025\/07\/O1CN01LUmO5Y2D4hSeFRhoU_2208409208556-0-cib-150x150.jpg 150w, https:\/\/customacrylicproduct.com\/wp-content\/uploads\/2025\/07\/O1CN01LUmO5Y2D4hSeFRhoU_2208409208556-0-cib-768x768.jpg 768w, https:\/\/customacrylicproduct.com\/wp-content\/uploads\/2025\/07\/O1CN01LUmO5Y2D4hSeFRhoU_2208409208556-0-cib-600x600.jpg 600w, https:\/\/customacrylicproduct.com\/wp-content\/uploads\/2025\/07\/O1CN01LUmO5Y2D4hSeFRhoU_2208409208556-0-cib-100x100.jpg 100w\" sizes=\"(max-width: 800px) 100vw, 800px\" \/><\/p>\n<h4 id=\"-unparalleled-optical-clarity-a-window-to-excellence-\"><strong>Clareza \u00f3tica sem paralelo: Uma janela para a excel\u00eancia<\/strong><\/h4>\n<p>A carater\u00edstica distintiva das nossas chapas acr\u00edlicas \u00e9 a sua transpar\u00eancia excecional, semelhante \u00e0 do vidro. Fabricadas a partir de polimetacrilato de metilo virgem (PMMA) 100%, as nossas chapas possuem uma passagem de luz superior a 92%, provocando uma vis\u00e3o cristalina e sem distor\u00e7\u00f5es que as torna esteticamente equivalentes ao melhor vidro \u00f3tico. Esta alta qualidade luminosa garante que os seus desenhos, produtos ou expositores s\u00e3o apresentados na sua luz mais verdadeira, sem a cor verde frequentemente associada ao vidro b\u00e1sico. Quer esteja a produzir uma vitrina com qualidade de museu que proporcione uma vis\u00e3o desimpedida de um artefacto valioso ou a fazer uma balaustrada suave e contempor\u00e2nea, o nosso acr\u00edlico oferece a excelente nitidez de que a sua tarefa \u00e9 digna.<\/p>\n<p>A primeira imagem, que mostra um bloco de acr\u00edlico espesso e impecavelmente liso, \u00e9 um testemunho desta elevada qualidade. As arestas s\u00e3o polidas com diamante para um acabamento espelhado, demonstrando n\u00e3o s\u00f3 o brilho integral do material, mas tamb\u00e9m a nossa capacidade de fornecer um produto que \u00e9 not\u00e1vel desde o seu n\u00facleo at\u00e9 \u00e0 sua superf\u00edcie.<\/p>\n<p><img decoding=\"async\" class=\"aligncenter wp-image-1215 size-full\" src=\"https:\/\/customacrylicproduct.com\/wp-content\/uploads\/2025\/07\/20247715544_1456577355.jpg\" alt=\"Folha de acr\u00edlico\" width=\"800\" height=\"800\" srcset=\"https:\/\/customacrylicproduct.com\/wp-content\/uploads\/2025\/07\/20247715544_1456577355.jpg 800w, https:\/\/customacrylicproduct.com\/wp-content\/uploads\/2025\/07\/20247715544_1456577355-300x300.jpg 300w, https:\/\/customacrylicproduct.com\/wp-content\/uploads\/2025\/07\/20247715544_1456577355-150x150.jpg 150w, https:\/\/customacrylicproduct.com\/wp-content\/uploads\/2025\/07\/20247715544_1456577355-768x768.jpg 768w, https:\/\/customacrylicproduct.com\/wp-content\/uploads\/2025\/07\/20247715544_1456577355-600x600.jpg 600w, https:\/\/customacrylicproduct.com\/wp-content\/uploads\/2025\/07\/20247715544_1456577355-100x100.jpg 100w\" sizes=\"(max-width: 800px) 100vw, 800px\" \/><\/p>\n<h4 id=\"-the-power-of-customization-precision-engineered-for-your-requirements-\"><strong>O poder da personaliza\u00e7\u00e3o: Concebido com precis\u00e3o para as suas necessidades<\/strong><\/h4>\n<p>Compreendemos que uma dimens\u00e3o quase nunca serve para todos. O verdadeiro poder da nossa oferta reside nas nossas capacidades avan\u00e7adas de manuseamento e personaliza\u00e7\u00e3o. As chapas standard s\u00e3o apenas o come\u00e7o. O nosso centro de tecnologia de ponta, representado pelo armaz\u00e9m bem abastecido e ordenado, est\u00e1 equipado para transformar chapas acr\u00edlicas em bruto em elementos adaptados \u00e0s suas necessidades exactas.<\/p>\n<p><img decoding=\"async\" class=\"aligncenter wp-image-1216 size-full\" src=\"https:\/\/customacrylicproduct.com\/wp-content\/uploads\/2025\/07\/20329025579_1456577355.jpg\" alt=\"Folha de acr\u00edlico\" width=\"800\" height=\"800\" srcset=\"https:\/\/customacrylicproduct.com\/wp-content\/uploads\/2025\/07\/20329025579_1456577355.jpg 800w, https:\/\/customacrylicproduct.com\/wp-content\/uploads\/2025\/07\/20329025579_1456577355-300x300.jpg 300w, https:\/\/customacrylicproduct.com\/wp-content\/uploads\/2025\/07\/20329025579_1456577355-150x150.jpg 150w, https:\/\/customacrylicproduct.com\/wp-content\/uploads\/2025\/07\/20329025579_1456577355-768x768.jpg 768w, https:\/\/customacrylicproduct.com\/wp-content\/uploads\/2025\/07\/20329025579_1456577355-600x600.jpg 600w, https:\/\/customacrylicproduct.com\/wp-content\/uploads\/2025\/07\/20329025579_1456577355-100x100.jpg 100w\" sizes=\"(max-width: 800px) 100vw, 800px\" \/><\/p>\n<p>As nossas solu\u00e7\u00f5es de tratamento por medida consistem em:.<\/p>\n<ul>\n<li><strong>Precis\u00e3o de corte \u00e0 medida:\u00a0<\/strong>Utilizando routers CNC e cortadores a laser avan\u00e7ados, podemos cortar chapas em qualquer tipo de forma ou dimens\u00e3o com uma precis\u00e3o impressionante e toler\u00e2ncias limitadas. Isto garante uma adapta\u00e7\u00e3o ideal a todas as aplica\u00e7\u00f5es, desde simples pain\u00e9is rectangulares a pe\u00e7as entrela\u00e7adas de grande facilidade.<\/li>\n<li><strong>Acabamento lateral especializado:\u00a0<\/strong>Um lado acabado eleva todo o artigo. Fornecemos uma variedade de op\u00e7\u00f5es de acabamento, que consistem em arestas cortadas com serra, revestimentos mate suaves e o popular polimento a fogo e diamante para uma aresta brilhante e transparente que regista e refracta a luz de forma magn\u00edfica.<\/li>\n<li><strong>Perfura\u00e7\u00e3o, fresagem e maquinagem:\u00a0<\/strong>Necessita de instalar furos, escareadores ou recortes complexos? As nossas solu\u00e7\u00f5es de maquinagem de precis\u00e3o podem adaptar-se a designs complexos, garantindo que os seus componentes acr\u00edlicos aguardam uma montagem e combina\u00e7\u00e3o r\u00e1pidas.<\/li>\n<li><strong>Dobragem e termoformagem:\u00a0<\/strong>A natureza termopl\u00e1stica do acr\u00edlico permite-lhe ser aquecido e moldado em praticamente qualquer tipo de forma. Podemos criar curvas elegantes para mobili\u00e1rio, suportes de ecr\u00e3 com \u00e2ngulos personalizados ou c\u00fapulas e escudos de prote\u00e7\u00e3o, abrindo um mundo de possibilidades de design tridimensional.<\/li>\n<li><strong>Gravura e impress\u00e3o:\u00a0<\/strong>Identifique a marca dos seus elementos com desenhos de log\u00f3tipos gravados a laser, n\u00fameros de pe\u00e7as ou padr\u00f5es atractivos. Al\u00e9m disso, podemos oferecer impress\u00e3o direta na superf\u00edcie de alta resolu\u00e7\u00e3o para gr\u00e1ficos e sinais a cores.<\/li>\n<li><strong>Colagem e lamina\u00e7\u00e3o:\u00a0<\/strong>Para aplica\u00e7\u00f5es que requerem uma densidade consider\u00e1vel, como superf\u00edcies de paredes de aqu\u00e1rios ou vidros de seguran\u00e7a, podemos unir habilmente v\u00e1rias folhas entre si para desenvolver um bloco \u00fanico, liso e incrivelmente forte.<\/li>\n<\/ul>\n<h4 id=\"-stamina-resilience-and-versatility-in-one-plan-\"><strong>Resist\u00eancia, resili\u00eancia e versatilidade num s\u00f3 plano<\/strong><\/h4>\n<p>Embora as nossas chapas acr\u00edlicas rivalizem com o vidro em termos de nitidez, ultrapassam-no de longe em termos de resist\u00eancia e seguran\u00e7a. Com uma resist\u00eancia \u00e0 influ\u00eancia at\u00e9 17 vezes superior \u00e0 do vidro convencional, as nossas chapas s\u00e3o praticamente inquebr\u00e1veis, o que as torna a op\u00e7\u00e3o ideal para espa\u00e7os p\u00fablicos com muito tr\u00e1fego, obst\u00e1culos de prote\u00e7\u00e3o e ambientes seguros para crian\u00e7as.<\/p>\n<p>Para al\u00e9m disso, o nosso pol\u00edmero foi concebido para uma longa vida \u00fatil. Possui uma excelente resist\u00eancia \u00e0s condi\u00e7\u00f5es climat\u00e9ricas e estabilidade UV, assegurando que n\u00e3o amarelece nem fica fraco quando exposto aos aspectos, tornando-o excelente para aplica\u00e7\u00f5es interiores e exteriores. A sua natureza leve - cerca de metade do peso do vidro - simplifica o transporte, o manuseamento e a instala\u00e7\u00e3o, reduzindo as exig\u00eancias de toneladas de arquitetura e os pre\u00e7os do trabalho.<\/p>\n<p>As fotografias do nosso armaz\u00e9m, que revelam pilhas substanciais de folhas transparentes e opalinas\/brancas, real\u00e7am a flexibilidade do nosso stock. Fornecemos uma vasta gama de espessuras, desde folhas finas de 2 mm para sobreposi\u00e7\u00f5es at\u00e9 blocos espessos de mais de 100 mm para utiliza\u00e7\u00e3o estrutural e criativa. Para al\u00e9m do transparente, fornecemos um espetro de acabamentos que consiste em:.<\/p>\n<ul>\n<li><strong>Opala\/branco:\u00a0<\/strong>Adequado para a difus\u00e3o da luz em caixas de luz e sinais luminosos.<\/li>\n<li><strong>Fosco\/Matte:\u00a0<\/strong>Perfeita para ecr\u00e3s de privacidade, pain\u00e9is decorativos e brilho de rebaixamento.<\/li>\n<li><strong>Tons e cores:\u00a0<\/strong>Dispon\u00edvel num arco-\u00edris de cores transparentes, transl\u00facidas e opacas para combinar com qualquer tipo de esquema de design.<\/li>\n<\/ul>\n<h4 id=\"-endless-applications-across-every-sector-\"><strong>Infinitas aplica\u00e7\u00f5es em todos os sectores<\/strong><\/h4>\n<p>A mistura \u00fanica de qualidade, longevidade e capacidade de personaliza\u00e7\u00e3o faz das nossas chapas acr\u00edlicas o material de elei\u00e7\u00e3o para uma grande variedade de aplica\u00e7\u00f5es:.<\/p>\n<ul>\n<li><strong>Arquitetura e decora\u00e7\u00e3o de interiores:\u00a0<\/strong>Balaustradas, escadas, divis\u00f3rias, clarab\u00f3ias, obst\u00e1culos sonoros e mobili\u00e1rio personalizado.<\/li>\n<li><strong>Retalho e fator de venda:\u00a0<\/strong>Ecr\u00e3s de produtos topo de gama, estantes, coordenadores de cosm\u00e9tica, elevadores e \u201cprotec\u00e7\u00f5es contra espirros\u201d de seguran\u00e7a.<\/li>\n<li><strong>Sinal\u00e9tica e marca:\u00a0<\/strong>Letras de rede iluminadas, desenhos de log\u00f3tipos comerciais, sistemas de orienta\u00e7\u00e3o e superf\u00edcies de parede de atributos retroiluminados.<\/li>\n<li><strong>Arte e museus:\u00a0<\/strong>Vitrinas e inst\u00e2ncias actuais, molduras para quadros, suportes e como meio para escultura.<\/li>\n<li><strong>Ind\u00fastria e fabrico:\u00a0<\/strong>Protec\u00e7\u00f5es de equipamentos, visores, coberturas de equipamentos, pain\u00e9is de controlo e prototipagem.<\/li>\n<li><strong>Projectos de bricolage e de passatempo:\u00a0<\/strong>Cria\u00e7\u00e3o de aqu\u00e1rios e terr\u00e1rios por medida, altera\u00e7\u00f5es inform\u00e1ticas, estantes e decora\u00e7\u00e3o criativa para o lar.<\/li>\n<\/ul>\n<h4 id=\"-your-relied-on-companion-from-concept-to-conclusion-\"><strong>O seu companheiro de confian\u00e7a desde o conceito at\u00e9 \u00e0 conclus\u00e3o<\/strong><\/h4>\n<p>Quando nos escolhe, n\u00e3o est\u00e1 simplesmente a comprar um artigo; est\u00e1 a receber um companheiro dedicado \u00e0 qualidade e ao servi\u00e7o. As nossas opera\u00e7\u00f5es, desde a obten\u00e7\u00e3o dos melhores recursos at\u00e9 \u00e0 embalagem minuciosa dos componentes acabados em paletes para um transporte sem riscos, s\u00e3o reguladas por rigorosos requisitos de controlo de qualidade. Cada folha \u00e9 protegida por uma pel\u00edcula PE destac\u00e1vel ou por uma m\u00e1scara de papel para garantir que chega \u00e0s suas instala\u00e7\u00f5es em perfeitas condi\u00e7\u00f5es, sem riscos e pronta a ser utilizada.<\/p>\n<p>Deixe-nos ajud\u00e1-lo a dar vida \u00e0 sua vis\u00e3o. Contacte o nosso grupo de especialistas hoje mesmo com os seus desenhos, dimens\u00f5es e exig\u00eancias de tarefas. Trabalharemos consigo para selecionar o melhor produto e fornecer um or\u00e7amento abrangente para os nossos servi\u00e7os de processamento personalizado.<\/p>\n<p><strong>Experimente a distin\u00e7\u00e3o clara. A sua vis\u00e3o, o nosso material, uma parceria perfeita.\u00a0<\/strong>.<\/p>","protected":false},"excerpt":{"rendered":"<p class=\"ng-star-inserted\"><strong class=\"ng-star-inserted\"><span class=\"ng-star-inserted\">Op\u00e7\u00e3o 1 (privilegiar a clareza e o servi\u00e7o):<\/span><\/strong><br class=\"ng-star-inserted\" \/><span class=\"ng-star-inserted\">Experimente uma clareza superior, semelhante \u00e0 do vidro, com as nossas folhas de acr\u00edlico. Oferecemos corte, processamento e fabrico personalizados para satisfazer as suas especifica\u00e7\u00f5es exactas. Dur\u00e1vel e vers\u00e1til para qualquer projeto.<\/span><\/p>\n<p class=\"ng-star-inserted\"><strong class=\"ng-star-inserted\"><span class=\"ng-star-inserted\">Op\u00e7\u00e3o 2 (direta e concisa):<\/span><\/strong><br class=\"ng-star-inserted\" \/><span class=\"ng-star-inserted\">Folhas de pl\u00e1stico acr\u00edlico de alta qualidade e altamente transparentes. Dispon\u00edveis em v\u00e1rias espessuras e cortadas \u00e0 medida do utilizador. Perfeitas para expositores, barreiras de prote\u00e7\u00e3o e fabrico criativo.<\/span><\/p>\n<p class=\"ng-star-inserted\"><strong class=\"ng-star-inserted\"><span class=\"ng-star-inserted\">Op\u00e7\u00e3o 3 (orientada para os benef\u00edcios):<\/span><\/strong><br class=\"ng-star-inserted\" \/><span class=\"ng-star-inserted\">Liberte o seu potencial de design com as nossas chapas acr\u00edlicas cristalinas. Oferecendo uma transpar\u00eancia e durabilidade excepcionais, fornecemos processamento personalizado para um acabamento sempre perfeito.<\/span><\/p>","protected":false},"featured_media":1217,"template":"","meta":{"_kad_post_transparent":"default","_kad_post_title":"","_kad_post_layout":"default","_kad_post_sidebar_id":"","_kad_post_content_style":"default","_kad_post_vertical_padding":"default","_kad_post_feature":"","_kad_post_feature_position":"","_kad_post_header":false,"_kad_post_footer":false,"_kad_post_classname":""},"product_brand":[],"product_cat":[24],"product_tag":[113,112],"class_list":{"0":"post-1213","1":"product","2":"type-product","3":"status-publish","4":"has-post-thumbnail","6":"product_cat-custom-acrylic-sheets","7":"product_tag-acrylic-sheet","8":"product_tag-highly-transparent","10":"first","11":"instock","12":"shipping-taxable","13":"product-type-simple","14":"entry","15":"content-bg","16":"loop-entry"},"_links":{"self":[{"href":"https:\/\/customacrylicproduct.com\/pt\/wp-json\/wp\/v2\/product\/1213","targetHints":{"allow":["GET"]}}],"collection":[{"href":"https:\/\/customacrylicproduct.com\/pt\/wp-json\/wp\/v2\/product"}],"about":[{"href":"https:\/\/customacrylicproduct.com\/pt\/wp-json\/wp\/v2\/types\/product"}],"wp:featuredmedia":[{"embeddable":true,"href":"https:\/\/customacrylicproduct.com\/pt\/wp-json\/wp\/v2\/media\/1217"}],"wp:attachment":[{"href":"https:\/\/customacrylicproduct.com\/pt\/wp-json\/wp\/v2\/media?parent=1213"}],"wp:term":[{"taxonomy":"product_brand","embeddable":true,"href":"https:\/\/customacrylicproduct.com\/pt\/wp-json\/wp\/v2\/product_brand?post=1213"},{"taxonomy":"product_cat","embeddable":true,"href":"https:\/\/customacrylicproduct.com\/pt\/wp-json\/wp\/v2\/product_cat?post=1213"},{"taxonomy":"product_tag","embeddable":true,"href":"https:\/\/customacrylicproduct.com\/pt\/wp-json\/wp\/v2\/product_tag?post=1213"}],"curies":[{"name":"wp","href":"https:\/\/api.w.org\/{rel}","templated":true}]}}