{"id":1218,"date":"2025-07-18T02:18:12","date_gmt":"2025-07-18T02:18:12","guid":{"rendered":"https:\/\/customacrylicproduct.com\/?post_type=product&#038;p=1218"},"modified":"2025-07-22T08:29:47","modified_gmt":"2025-07-22T08:29:47","slug":"acrylic-transparent-arched-semicircular-seat-sign-customization","status":"publish","type":"product","link":"https:\/\/customacrylicproduct.com\/pt\/acrylic-transparent-arched-semicircular-seat-sign-customization\/","title":{"rendered":"Acr\u00edlico Transparente Arqueado Semicircular Sinal de Assento Personaliza\u00e7\u00e3o"},"content":{"rendered":"<h3 id=\"elevate-your-occasion-with-timeless-beauty-custom-arched-acrylic-indications\">Eleve a sua ocasi\u00e3o com uma beleza intemporal: Indica\u00e7\u00f5es personalizadas em acr\u00edlico arqueado<\/h3>\n<p>Na arte da prepara\u00e7\u00e3o de uma ocasi\u00e3o, s\u00e3o as informa\u00e7\u00f5es ponderadas que transformam uma simples celebra\u00e7\u00e3o numa experi\u00eancia not\u00e1vel. Cada componente, desde os arranjos florais at\u00e9 \u00e0s luzes, funciona de forma coerente para criar um ambiente de pormenor e contar uma hist\u00f3ria especial. Os nossos\u00a0<strong>Indicadores semicirculares arqueados transparentes em pol\u00edmero personaliz\u00e1veis\u00a0<\/strong>s\u00e3o feitos para estar entre esses espl\u00eandidos detalhes - um toque de classe contempor\u00e2nea que traz clareza, eleg\u00e2ncia e um toque profundamente individual ao seu dia especial.<\/p>\n<p><img fetchpriority=\"high\" decoding=\"async\" class=\"aligncenter wp-image-1221 size-full\" src=\"https:\/\/customacrylicproduct.com\/wp-content\/uploads\/2025\/07\/O1CN01lUO7iy2NjbDvatlWC_2200786649999-0-cib.jpg\" alt=\"Acr\u00edlico Transparente Assento Semicircular Arqueado\" width=\"800\" height=\"800\" srcset=\"https:\/\/customacrylicproduct.com\/wp-content\/uploads\/2025\/07\/O1CN01lUO7iy2NjbDvatlWC_2200786649999-0-cib.jpg 800w, https:\/\/customacrylicproduct.com\/wp-content\/uploads\/2025\/07\/O1CN01lUO7iy2NjbDvatlWC_2200786649999-0-cib-300x300.jpg 300w, https:\/\/customacrylicproduct.com\/wp-content\/uploads\/2025\/07\/O1CN01lUO7iy2NjbDvatlWC_2200786649999-0-cib-150x150.jpg 150w, https:\/\/customacrylicproduct.com\/wp-content\/uploads\/2025\/07\/O1CN01lUO7iy2NjbDvatlWC_2200786649999-0-cib-768x768.jpg 768w, https:\/\/customacrylicproduct.com\/wp-content\/uploads\/2025\/07\/O1CN01lUO7iy2NjbDvatlWC_2200786649999-0-cib-600x600.jpg 600w, https:\/\/customacrylicproduct.com\/wp-content\/uploads\/2025\/07\/O1CN01lUO7iy2NjbDvatlWC_2200786649999-0-cib-100x100.jpg 100w\" sizes=\"(max-width: 800px) 100vw, 800px\" \/><\/p>\n<p><strong>Uma vis\u00e3o do minimalismo moderno<\/strong><\/p>\n<p>Ao deslocarem-se para al\u00e9m dos sinais tradicionais, estes indicadores curvos em acr\u00edlico simbolizam os princ\u00edpios do design contempor\u00e2neo. A fun\u00e7\u00e3o definidora \u00e9 o seu gracioso topo curvo, um contorno suave e semicircular que parece simultaneamente arquitet\u00f3nico e org\u00e2nico. Esta forma rompe com os cantos \u00e1speros dos sinais b\u00e1sicos em forma de ret\u00e2ngulo, proporcionando uma est\u00e9tica mais suave e muito mais acolhedora ao seu design. O arco \u00e9 um \u00edcone cl\u00e1ssico de fluxo e celebra\u00e7\u00e3o, o que o torna um tema especificamente adequado para eventos de casamento, anivers\u00e1rios de casamento e eventos de viragem.<\/p>\n<p>Fabricados em acr\u00edlico cristalino de primeira qualidade, estes letreiros oferecem o excelente aspeto do vidro sem a sua fragilidade e peso. O produto transparente desenvolve um impacto visual espetacular, permitindo que o elegante manuscrito branco pare\u00e7a estar a flutuar no ar. Esta qualidade superior a\u00e9rea garante que os letreiros real\u00e7am qualquer tipo de estilo ou esquema de cores, desde o r\u00fastico moderno ao cl\u00e1ssico estilo de sal\u00e3o de baile, sem frustrar a decora\u00e7\u00e3o circundante. Integram-se perfeitamente nas suas mesas, acrescentando uma camada de polimento refinado.<\/p>\n<p>&nbsp;<\/p>\n<p>&nbsp;<\/p>\n<p><strong>A arte da tipografia<\/strong><\/p>\n<p>O atrativo visual destes indicadores aumenta com a utiliza\u00e7\u00e3o h\u00e1bil da tipografia. Na verdade, escolhemos meticulosamente um par de fontes que equilibra amor e legibilidade. Palavras-chave como \u201cFavores\u201d, \u201cPresentes\u201d, \u201cLivro de visitas\u201d e \u201cPermanentemente\u201d s\u00e3o feitas num tipo de letra de script encantador e fluido. Este texto tem uma alta qualidade desenhada \u00e0 m\u00e3o, repleto de tra\u00e7os sofisticados e linhas fr\u00e1geis que comunicam uma sensa\u00e7\u00e3o de toque individual e celebra\u00e7\u00e3o.<\/p>\n<p>Em contraste, um tipo de letra sans-serif limpo, minimalista e em mai\u00fasculas \u00e9 utilizado para o texto de apoio, como \u201cPLEASE TAKE ONE\u201d ou \u201cIN OUR HEARTS TODAY AND ALWAYS\u201d. Esta combina\u00e7\u00e3o cria uma hierarquia visual clara, atraindo o olhar para as informa\u00e7\u00f5es mais essenciais em primeiro lugar, ao mesmo tempo que garante que as segundas informa\u00e7\u00f5es s\u00e3o completamente claras. O texto branco e n\u00edtido sobressai maravilhosamente em rela\u00e7\u00e3o ao acr\u00edlico transparente, captando a luz e a aten\u00e7\u00e3o dos seus convidados.<\/p>\n<p><img decoding=\"async\" class=\"size-full wp-image-1222 aligncenter\" src=\"https:\/\/customacrylicproduct.com\/wp-content\/uploads\/2025\/07\/O1CN01183bEz2NjbDptWTtj_2200786649999-0-cib.jpg\" alt=\"\" width=\"800\" height=\"800\" srcset=\"https:\/\/customacrylicproduct.com\/wp-content\/uploads\/2025\/07\/O1CN01183bEz2NjbDptWTtj_2200786649999-0-cib.jpg 800w, https:\/\/customacrylicproduct.com\/wp-content\/uploads\/2025\/07\/O1CN01183bEz2NjbDptWTtj_2200786649999-0-cib-300x300.jpg 300w, https:\/\/customacrylicproduct.com\/wp-content\/uploads\/2025\/07\/O1CN01183bEz2NjbDptWTtj_2200786649999-0-cib-150x150.jpg 150w, https:\/\/customacrylicproduct.com\/wp-content\/uploads\/2025\/07\/O1CN01183bEz2NjbDptWTtj_2200786649999-0-cib-768x768.jpg 768w, https:\/\/customacrylicproduct.com\/wp-content\/uploads\/2025\/07\/O1CN01183bEz2NjbDptWTtj_2200786649999-0-cib-600x600.jpg 600w, https:\/\/customacrylicproduct.com\/wp-content\/uploads\/2025\/07\/O1CN01183bEz2NjbDptWTtj_2200786649999-0-cib-100x100.jpg 100w\" sizes=\"(max-width: 800px) 100vw, 800px\" \/><\/p>\n<p><strong>Liberte a sua imagina\u00e7\u00e3o com uma personaliza\u00e7\u00e3o completa<\/strong><\/p>\n<p>Apesar de apresentarmos uma cole\u00e7\u00e3o de indica\u00e7\u00f5es de destaque perfeitas para qualquer tipo de casamento ou grande ocasi\u00e3o, a verdadeira eleg\u00e2ncia deste artigo reside na sua capacidade de personaliza\u00e7\u00e3o. Estas indica\u00e7\u00f5es s\u00e3o uma tela vazia para as suas exig\u00eancias, prontas para serem personalizadas com o texto que informa a sua hist\u00f3ria.<\/p>\n<p>As indica\u00e7\u00f5es apresentadas nas fotografias funcionam como exemplos impressionantes:.<\/p>\n<ul>\n<li><strong>Favor\u00e1vel ao indicador:\u00a0<\/strong>Um meio cativante e educado de ajudar os visitantes a levar as suas guloseimas para casa. O cartaz \u201cFavores, por favor leve um\u201d \u00e9 um elemento essencial para garantir que ningu\u00e9m perde os presentes atenciosos que preparou.<\/li>\n<li><strong>Presentes e cart\u00f5es Indica\u00e7\u00e3o:\u00a0<\/strong>Elimine a confus\u00e3o e crie um fator de entrega designado e com classe para os presentes da festa de casamento. Este indicador marca elegantemente a mesa das prendas, tornando muito f\u00e1cil para os visitantes deixarem os seus cart\u00f5es e pacotes.<\/li>\n<li><strong>Indicador do livro de visitas:\u00a0<\/strong>Pe\u00e7a a todos os visitantes que deixem os seus votos de felicidades com a indica\u00e7\u00e3o \u201cPor favor, assine o nosso livro de visitas\u201d. Colocado ao lado do seu livro de visitas, serve como uma sugest\u00e3o suave e elegante para registar as mem\u00f3rias de cada pessoa que celebrou consigo.<\/li>\n<li><strong>Placa comemorativa:\u00a0<\/strong>Um meio comovente e elegante de reconhecer os entes queridos que n\u00e3o podem estar presentes pessoalmente. A placa \u201cIn Loving Memory of Those Who Are Forever In Our Hearts Today and Constantly\u201d \u00e9 uma homenagem atractiva, reservando um espa\u00e7o para recorda\u00e7\u00f5es queridas de uma forma atenciosa e profundamente comovente.<\/li>\n<\/ul>\n<p>Para al\u00e9m destas normas, as possibilidades de personaliza\u00e7\u00e3o s\u00e3o quase ilimitadas. Pense nestas v\u00e1rias outras aplica\u00e7\u00f5es:.<\/p>\n<ul>\n<li><strong>N\u00fameros do quadro:\u00a0<\/strong>Crie n\u00fameros de mesa sensacionais e modernos que sejam \u00fateis e fa\u00e7am parte do design.<\/li>\n<li><strong>Menu de bar:\u00a0<\/strong>Apresente as suas bebidas mistas de assinatura ou uma lista de bebidas prontamente dispon\u00edveis com uma indica\u00e7\u00e3o de bar moderna e personalizada.<\/li>\n<li><strong>Lugares previstos:\u00a0<\/strong>Educadamente, reserve filas para membros da fam\u00edlia no evento ou mesas de pormenor na fun\u00e7\u00e3o.<\/li>\n<li><strong>Hashtag das redes sociais:\u00a0<\/strong>Incentive os convidados a partilharem as suas fotografias com um indicador que mostre o hashtag exclusivo da vossa festa de casamento.<\/li>\n<li><strong>Bar de sobremesas ou buffet de doces:\u00a0<\/strong>Identifique os diferentes neg\u00f3cios ou ofere\u00e7a instru\u00e7\u00f5es com indicadores que se adequem ao visual da sua ocasi\u00e3o.<\/li>\n<li><strong>Direc\u00e7\u00f5es do cub\u00edculo fotogr\u00e1fico:\u00a0<\/strong>Dar uma vis\u00e3o geral aos convidados sobre como utilizar a cabina fotogr\u00e1fica para obter o m\u00e1ximo de prazer.<\/li>\n<\/ul>\n<p><strong>Acabamento e estabilidade superiores<\/strong><\/p>\n<p>Cada sinal \u00e9 cuidadosamente fabricado a partir de pol\u00edmeros resistentes e de alta qualidade. As arestas s\u00e3o cortadas com precis\u00e3o e polidas para um acabamento suave e perfeito, reflectindo o nosso compromisso com a excel\u00eancia. A mensagem \u00e9 utilizada utilizando uma t\u00e9cnica de n\u00edvel profissional, garantindo que \u00e9 n\u00edtida, opaca e duradoura, sem risco de descascar ou manchar.<\/p>\n<p>Para garantir uma excelente seguran\u00e7a, cada indicador curvo \u00e9 fornecido com uma base acr\u00edlica retangular feita \u00e0 medida. Este suporte discreto \u00e9 adicionalmente fabricado com o mesmo produto cristalino, mantendo o visual minimalista e permitindo que o pr\u00f3prio indicador continue a ser o foco principal. O sinal desliza firmemente na ranhura da base para uma disposi\u00e7\u00e3o r\u00e1pida, simples e f\u00e1cil e um ecr\u00e3 forte que se manter\u00e1 na vertical durante toda a ocasi\u00e3o.<\/p>\n<p><img decoding=\"async\" class=\"size-full wp-image-1222 aligncenter\" src=\"https:\/\/customacrylicproduct.com\/wp-content\/uploads\/2025\/07\/O1CN01183bEz2NjbDptWTtj_2200786649999-0-cib.jpg\" alt=\"Acr\u00edlico Transparente Assento Semicircular Arqueado\" width=\"800\" height=\"800\" srcset=\"https:\/\/customacrylicproduct.com\/wp-content\/uploads\/2025\/07\/O1CN01183bEz2NjbDptWTtj_2200786649999-0-cib.jpg 800w, https:\/\/customacrylicproduct.com\/wp-content\/uploads\/2025\/07\/O1CN01183bEz2NjbDptWTtj_2200786649999-0-cib-300x300.jpg 300w, https:\/\/customacrylicproduct.com\/wp-content\/uploads\/2025\/07\/O1CN01183bEz2NjbDptWTtj_2200786649999-0-cib-150x150.jpg 150w, https:\/\/customacrylicproduct.com\/wp-content\/uploads\/2025\/07\/O1CN01183bEz2NjbDptWTtj_2200786649999-0-cib-768x768.jpg 768w, https:\/\/customacrylicproduct.com\/wp-content\/uploads\/2025\/07\/O1CN01183bEz2NjbDptWTtj_2200786649999-0-cib-600x600.jpg 600w, https:\/\/customacrylicproduct.com\/wp-content\/uploads\/2025\/07\/O1CN01183bEz2NjbDptWTtj_2200786649999-0-cib-100x100.jpg 100w\" sizes=\"(max-width: 800px) 100vw, 800px\" \/><\/p>\n<p><strong>Vers\u00e1til para cada ocasi\u00e3o<\/strong><\/p>\n<p>Embora sejam ideais para celebra\u00e7\u00f5es de casamento, o design cl\u00e1ssico destas indica\u00e7\u00f5es acr\u00edlicas curvas torna-as adequadas para uma grande variedade de eventos:.<\/p>\n<ul>\n<li><strong>Ch\u00e1s de cozinha para noivas e beb\u00e9s:\u00a0<\/strong>Vis\u00e3o geral dos visitantes para os jogos, a mesa de presentes ou uma esta\u00e7\u00e3o de sorteio de fraldas para beb\u00e9s.<\/li>\n<li><strong>Anivers\u00e1rio de casamento e festas de anivers\u00e1rio:\u00a0<\/strong>Celebre os pontos de viragem com mensagens personalizadas ou marcadores de mesa.<\/li>\n<li><strong>Ocasi\u00f5es de empresa:\u00a0<\/strong>Inclua um toque de classe nas mesas de trabalho de inscri\u00e7\u00e3o, nos ecr\u00e3s de apresenta\u00e7\u00e3o de artigos ou nas mesas informativas.<\/li>\n<li><strong>Loja de retalho:\u00a0<\/strong>Utilize-os como marcadores de pre\u00e7os sofisticados ou para anunciar as sec\u00e7\u00f5es \u201cNovidades\u201d ou \u201cSaldos\u201d.<\/li>\n<\/ul>\n<p>Estas indica\u00e7\u00f5es s\u00e3o mais do que simples instrumentos de orienta\u00e7\u00e3o; s\u00e3o recorda\u00e7\u00f5es. Ap\u00f3s o evento, a placa \u201cIn Loving Memory\u201d pode tornar-se uma parte apreciada da decora\u00e7\u00e3o da sua casa, enquanto um n\u00famero de mesa personalizado ou um indicador de boas-vindas pode funcionar como uma linda recorda\u00e7\u00e3o do seu dia especial.<\/p>\n<p>Inclua um toque de beleza \u00e0 medida na sua festa. Os nossos indicadores em arco acr\u00edlico personalizados s\u00e3o a melhor combina\u00e7\u00e3o de estilo moderno, cren\u00e7a pessoal e carater\u00edstica not\u00e1vel. Encomende os seus hoje mesmo e deixe que estas informa\u00e7\u00f5es deslumbrantes o ajudem a criar um ambiente t\u00e3o \u00fanico e inesquec\u00edvel como a sua hist\u00f3ria de amor.<\/p>","protected":false},"excerpt":{"rendered":"<p class=\"ng-star-inserted\"><span class=\"ng-star-inserted\">Eleve o seu evento com os nossos sinais acr\u00edlicos em arco personalizados. Estes sinais transparentes e semicirculares apresentam um elegante gui\u00e3o branco para um visual moderno e chique. S\u00e3o perfeitos para encaminhar os convidados para o livro de visitas, favores ou mesa de presentes no seu casamento ou ocasi\u00e3o especial. Uma pe\u00e7a de decora\u00e7\u00e3o elegante e sofisticada.<\/span><\/p>","protected":false},"featured_media":1221,"template":"","meta":{"_kad_post_transparent":"default","_kad_post_title":"","_kad_post_layout":"default","_kad_post_sidebar_id":"","_kad_post_content_style":"default","_kad_post_vertical_padding":"default","_kad_post_feature":"","_kad_post_feature_position":"","_kad_post_header":false,"_kad_post_footer":false,"_kad_post_classname":""},"product_brand":[],"product_cat":[18],"product_tag":[114,115],"class_list":{"0":"post-1218","1":"product","2":"type-product","3":"status-publish","4":"has-post-thumbnail","6":"product_cat-custom-acrylic-signs","7":"product_tag-acrylic-transparent-arched-semicircular-seat","8":"product_tag-customization","10":"first","11":"instock","12":"shipping-taxable","13":"product-type-simple","14":"entry","15":"content-bg","16":"loop-entry"},"_links":{"self":[{"href":"https:\/\/customacrylicproduct.com\/pt\/wp-json\/wp\/v2\/product\/1218","targetHints":{"allow":["GET"]}}],"collection":[{"href":"https:\/\/customacrylicproduct.com\/pt\/wp-json\/wp\/v2\/product"}],"about":[{"href":"https:\/\/customacrylicproduct.com\/pt\/wp-json\/wp\/v2\/types\/product"}],"wp:featuredmedia":[{"embeddable":true,"href":"https:\/\/customacrylicproduct.com\/pt\/wp-json\/wp\/v2\/media\/1221"}],"wp:attachment":[{"href":"https:\/\/customacrylicproduct.com\/pt\/wp-json\/wp\/v2\/media?parent=1218"}],"wp:term":[{"taxonomy":"product_brand","embeddable":true,"href":"https:\/\/customacrylicproduct.com\/pt\/wp-json\/wp\/v2\/product_brand?post=1218"},{"taxonomy":"product_cat","embeddable":true,"href":"https:\/\/customacrylicproduct.com\/pt\/wp-json\/wp\/v2\/product_cat?post=1218"},{"taxonomy":"product_tag","embeddable":true,"href":"https:\/\/customacrylicproduct.com\/pt\/wp-json\/wp\/v2\/product_tag?post=1218"}],"curies":[{"name":"wp","href":"https:\/\/api.w.org\/{rel}","templated":true}]}}