{"id":1238,"date":"2025-07-18T06:18:21","date_gmt":"2025-07-18T06:18:21","guid":{"rendered":"https:\/\/customacrylicproduct.com\/?post_type=product&#038;p=1238"},"modified":"2025-07-18T06:18:21","modified_gmt":"2025-07-18T06:18:21","slug":"acrylic-side-table-modern-table-small-space-transparent","status":"publish","type":"product","link":"https:\/\/customacrylicproduct.com\/pt\/acrylic-side-table-modern-table-small-space-transparent\/","title":{"rendered":"Mesa de apoio acr\u00edlica Mesa moderna Espa\u00e7o pequeno Transparente"},"content":{"rendered":"<h3 id=\"the-ethereal-touch-presenting-the-modern-transparent-polymer-rolling-side-table\">O toque et\u00e9reo: Apresenta\u00e7\u00e3o da moderna mesa de apoio de pol\u00edmero transparente com rodas<\/h3>\n<p>No planeta do design moderno, a verdadeira sofistica\u00e7\u00e3o depende frequentemente do que est\u00e1 escondido. Encontra-se na utiliza\u00e7\u00e3o criativa da luz, na impress\u00e3o de \u00e1rea e na combina\u00e7\u00e3o suave de forma e fun\u00e7\u00e3o. Apresentamos a mesa de apoio Polymer - uma obra de arte de disposi\u00e7\u00e3o minimalista que \u00e9 mais do que uma simples pe\u00e7a de mobili\u00e1rio; \u00e9 uma afirma\u00e7\u00e3o de requinte moderno e uma \u00f3ptima op\u00e7\u00e3o para os espa\u00e7os de vida actuais. Fabricado em acr\u00edlico cristalino de alta qualidade, este carrinho com rodas personifica a tend\u00eancia do mobili\u00e1rio \u201cfantasma\u201d, utilizando uma versatilidade inigual\u00e1vel e uma est\u00e9tica et\u00e9rea que combina com qualquer tipo de decora\u00e7\u00e3o sem a frustrar.<\/p>\n<p><img fetchpriority=\"high\" decoding=\"async\" class=\"size-full wp-image-1241\" src=\"https:\/\/customacrylicproduct.com\/wp-content\/uploads\/2025\/07\/Acrylic-Side-Table-3.jpg\" alt=\"Mesa de apoio acr\u00edlica 3\" width=\"800\" height=\"800\" srcset=\"https:\/\/customacrylicproduct.com\/wp-content\/uploads\/2025\/07\/Acrylic-Side-Table-3.jpg 800w, https:\/\/customacrylicproduct.com\/wp-content\/uploads\/2025\/07\/Acrylic-Side-Table-3-300x300.jpg 300w, https:\/\/customacrylicproduct.com\/wp-content\/uploads\/2025\/07\/Acrylic-Side-Table-3-150x150.jpg 150w, https:\/\/customacrylicproduct.com\/wp-content\/uploads\/2025\/07\/Acrylic-Side-Table-3-768x768.jpg 768w, https:\/\/customacrylicproduct.com\/wp-content\/uploads\/2025\/07\/Acrylic-Side-Table-3-600x600.jpg 600w, https:\/\/customacrylicproduct.com\/wp-content\/uploads\/2025\/07\/Acrylic-Side-Table-3-100x100.jpg 100w\" sizes=\"(max-width: 800px) 100vw, 800px\" \/><\/p>\n<h4 id=\"style-viewpoint-the-charm-of-invisibility\">Ponto de vista de estilo: O encanto da invisibilidade<\/h4>\n<p>Na sua ess\u00eancia, esta mesa de apoio \u00e9 uma expedi\u00e7\u00e3o de abertura. Toda a sua estrutura foi desenvolvida para se divertir com a luz e a suposi\u00e7\u00e3o, produzindo um efeito \u201cquase inexistente\u201d que \u00e9 simultaneamente fascinante e incrivelmente \u00fatil. A alta qualidade fantasmag\u00f3rica do acr\u00edlico imaculado permite-lhe misturar-se em qualquer ambiente, desde o ultra-moderno e minimalista ao bo\u00e9mio e diversificado. Ao contr\u00e1rio das mesas de madeira ou de a\u00e7o pesadas e n\u00e3o transparentes, que podem reduzir visualmente uma \u00e1rea, esta mesa transparente produz uma impress\u00e3o de abertura e leveza. N\u00e3o obstrui as linhas de vis\u00e3o nem projecta uma grande escurid\u00e3o, o que a torna a escolha suprema de design para apartamentos pequenos, espa\u00e7os acolhedores e qualquer \u00e1rea onde seja essencial proteger uma sensa\u00e7\u00e3o de espa\u00e7o.<\/p>\n<p>As linhas simples e a forma geom\u00e9trica simples da mesa - composta por 2 taxas circulares sustentadas por 3 pernas redondas duradouras - s\u00e3o uma refer\u00eancia aos conceitos modernistas cl\u00e1ssicos. No entanto, o seu material especial e o seu desempenho m\u00f3vel empurram-na com seguran\u00e7a para o s\u00e9culo XXI. A luz que passa atrav\u00e9s dele e se reflecte nas suas superf\u00edcies elegantes inclui um brilho refinado e luminoso no seu espa\u00e7o, melhorando a luz ambiente e acrescentando um toque de glamour silencioso. \u00c9 uma pe\u00e7a camale\u00f3nica, assumindo facilmente o car\u00e1cter do ambiente que a rodeia, ao mesmo tempo que acrescenta o seu pr\u00f3prio toque de design polido.<\/p>\n<p><img decoding=\"async\" class=\"size-full wp-image-1242\" src=\"https:\/\/customacrylicproduct.com\/wp-content\/uploads\/2025\/07\/Acrylic-Side-Table-4.jpg\" alt=\"Mesa de apoio acr\u00edlica 4\" width=\"800\" height=\"800\" srcset=\"https:\/\/customacrylicproduct.com\/wp-content\/uploads\/2025\/07\/Acrylic-Side-Table-4.jpg 800w, https:\/\/customacrylicproduct.com\/wp-content\/uploads\/2025\/07\/Acrylic-Side-Table-4-300x300.jpg 300w, https:\/\/customacrylicproduct.com\/wp-content\/uploads\/2025\/07\/Acrylic-Side-Table-4-150x150.jpg 150w, https:\/\/customacrylicproduct.com\/wp-content\/uploads\/2025\/07\/Acrylic-Side-Table-4-768x768.jpg 768w, https:\/\/customacrylicproduct.com\/wp-content\/uploads\/2025\/07\/Acrylic-Side-Table-4-600x600.jpg 600w, https:\/\/customacrylicproduct.com\/wp-content\/uploads\/2025\/07\/Acrylic-Side-Table-4-100x100.jpg 100w\" sizes=\"(max-width: 800px) 100vw, 800px\" \/><\/p>\n<h4 id=\"unequaled-versatility-a-table-for-every-single-space-and-reason\">Versatilidade sem igual: Uma mesa para cada espa\u00e7o e raz\u00e3o<\/h4>\n<p>A verdadeira magia desta mesa em acr\u00edlico assenta na sua incr\u00edvel adaptabilidade. A combina\u00e7\u00e3o do seu espa\u00e7o de arruma\u00e7\u00e3o de dois n\u00edveis, da pega pr\u00e1tica e das rodas de rolamento suave transforma-a de uma mesa b\u00e1sica num auxiliar m\u00f3vel multifuncional para cada canto da sua casa.<\/p>\n<p><strong>Na sala de estar:\u00a0<\/strong>. Coloque-a ao lado do seu sof\u00e1 ou da sua cadeira de cotovelo preferida como uma mesa de apoio moderna. O n\u00edvel superior \u00e9 o poleiro ideal para uma ch\u00e1vena de caf\u00e9, a sua leitura atual ou o comando. O n\u00edvel inferior pode mostrar elegantemente uma pequena pilha de publica\u00e7\u00f5es de arte, um objeto atraente ou uma planta verdejante. Precisa de oferecer bebidas aos visitantes? A pega e as rodas integradas permitem-lhe utiliz\u00e1-lo facilmente como um carrinho de bar moderno e improvisado, com um shaker para bebidas alco\u00f3licas, copos e uma garrafa da sua bebida preferida.<\/p>\n<p><strong>Na sala:\u00a0<\/strong>. Reimagine a sua cabeceira com esta moderna mesa de cabeceira. O seu design transparente mant\u00e9m o seu local de dormir organizado e tranquilo. A \u00e1rea da superf\u00edcie principal pode conter um candeeiro m\u00ednimo, o seu telefone e um copo de \u00e1gua, enquanto a prateleira inferior \u00e9 ideal para guardar o seu computador tablet, produtos de cuidados de pele noturnos ou um di\u00e1rio. A sua flexibilidade implica que pode desloc\u00e1-lo convenientemente para limpeza ou para o reorganizar conforme necess\u00e1rio.<\/p>\n<p><strong>Na casa de banho:\u00a0<\/strong>. Transforme a sua casa de banho num retiro tipo spa. A natureza imperme\u00e1vel do acr\u00edlico faz deste carrinho uma solu\u00e7\u00e3o de espa\u00e7o de armazenamento adequada para ambientes h\u00famidos. Utilize-o para arrumar toalhas enroladas, artigos de casa de banho de luxo, velas perfumadas e artigos de higiene pessoal. Mant\u00e9m tudo ao alcance da banheira ou do chuveiro, acrescentando um toque de sofistica\u00e7\u00e3o de hotel de cinco estrelas ao seu regime di\u00e1rio.<\/p>\n<p><strong>No escrit\u00f3rio:\u00a0<\/strong>. Como caddy m\u00f3vel, esta mesa ajuda a manter o seu escrit\u00f3rio organizado e fi\u00e1vel. Utilize-a para guardar um computador tablet, blocos de notas, canetas e v\u00e1rios outros materiais essenciais. Pode coloc\u00e1-la debaixo da secret\u00e1ria quando n\u00e3o estiver a ser utilizada ou lev\u00e1-la consigo para um acesso simples \u00e0s suas ferramentas, tudo isto mantendo uma est\u00e9tica limpa e moderna que promove a \u00eanfase e o pensamento criativo.<\/p>\n<p><strong>Como suporte de plantas ou sistema atual:\u00a0<\/strong>. As suas plantas favoritas s\u00e3o expostas nos seus dois n\u00edveis, produzindo um sensacional jardim vertical. As prateleiras transparentes garantem que ambas as plantas obt\u00eam luz adequada. Por outro lado, utilize-a como um expositor minimalista para representar uma cole\u00e7\u00e3o de objectos de arte, estruturas de imagens ou recorda\u00e7\u00f5es valiosas.<\/p>\n<p><img decoding=\"async\" class=\"aligncenter wp-image-1239 size-full\" src=\"https:\/\/customacrylicproduct.com\/wp-content\/uploads\/2025\/07\/Acrylic-Side-Table-1.jpg\" alt=\"Mesa de apoio acr\u00edlica 1\" width=\"800\" height=\"800\" srcset=\"https:\/\/customacrylicproduct.com\/wp-content\/uploads\/2025\/07\/Acrylic-Side-Table-1.jpg 800w, https:\/\/customacrylicproduct.com\/wp-content\/uploads\/2025\/07\/Acrylic-Side-Table-1-300x300.jpg 300w, https:\/\/customacrylicproduct.com\/wp-content\/uploads\/2025\/07\/Acrylic-Side-Table-1-150x150.jpg 150w, https:\/\/customacrylicproduct.com\/wp-content\/uploads\/2025\/07\/Acrylic-Side-Table-1-768x768.jpg 768w, https:\/\/customacrylicproduct.com\/wp-content\/uploads\/2025\/07\/Acrylic-Side-Table-1-600x600.jpg 600w, https:\/\/customacrylicproduct.com\/wp-content\/uploads\/2025\/07\/Acrylic-Side-Table-1-100x100.jpg 100w\" sizes=\"(max-width: 800px) 100vw, 800px\" \/><\/p>\n<h4 id=\"thoughtful-engineering-and-superior-high-quality-\">Engenharia cuidadosa e alta qualidade superior<\/h4>\n<p>Esta mesa n\u00e3o \u00e9 s\u00f3 apar\u00eancia; foi constru\u00edda para durar e concebida para ser f\u00e1cil. Cada componente foi cuidadosamente considerado para proporcionar uma experi\u00eancia individual not\u00e1vel.<\/p>\n<p><strong>Acr\u00edlico de alta qualidade:\u00a0<\/strong>Fabricada em acr\u00edlico espesso, resistente e de qualidade superior (lucite), a mesa proporciona a abertura do vidro sem a fragilidade. \u00c9 resistente a estilha\u00e7os e substancialmente mais leve, o que a torna muito mais segura e f\u00e1cil de deslocar. As arestas s\u00e3o polidas com per\u00edcia para obter um revestimento liso e arredondado, garantindo a seguran\u00e7a e melhorando o seu aspeto aerodin\u00e2mico.<\/p>\n<p><strong>Edif\u00edcio forte de dois andares:\u00a0<\/strong>A disposi\u00e7\u00e3o de duas prateleiras aumenta a sua superf\u00edcie sem aumentar o impacto. Como se pode ver na imagem em grande plano, as pernas redondas est\u00e3o ligadas a elementos de a\u00e7o roscados e duradouros instalados no acr\u00edlico. Isto garante uma estrutura est\u00e1vel e sem oscila\u00e7\u00f5es, que pode ser montada com facilidade e confian\u00e7a.<\/p>\n<p><strong>Ergon\u00f3mico e de manuseamento suave:\u00a0<\/strong>O trato arredondado com dignidade n\u00e3o \u00e9 uma reflex\u00e3o tardia, mas um componente importante do estilo, fluindo perfeitamente de 2 das pernas de assist\u00eancia. Oferece um aperto confort\u00e1vel e seguro, permitindo-lhe empurrar, puxar e guiar o carrinho com um esfor\u00e7o marginal.<\/p>\n<p><strong>Rodas de rolamento suave:\u00a0<\/strong>Mobilidade \u00e9 flexibilidade. Equipada com rodas de deslizamento suave, esta mesa pode ser deslocada de uma \u00e1rea para outra com um ligeiro empurr\u00e3o. Quer esteja a reorganizar a mob\u00edlia, a limpar ou a levar refrescos aos seus visitantes, a sua flexibilidade torna a vida mais simples. Dependendo da vers\u00e3o, estas rodas podem ser encontradas num revestimento transparente e prateado, quase invis\u00edvel, ou num preto arrojado e moderno, com mecanismos de fixa\u00e7\u00e3o para manter a mesa firmemente no lugar quando necess\u00e1rio.<\/p>\n<h4 id=\"treatment-and-maintenance-\">Tratamento e manuten\u00e7\u00e3o<\/h4>\n<h4>Manter o excelente aspeto da sua mesa de acr\u00edlico \u00e9 simples. Para limpar, passe um pano de microfibras macio e h\u00famido. Para manchas ou impress\u00f5es digitais, uma pequena quantidade de \u00e1gua e sab\u00e3o moderado \u00e9 suficiente. Evite utilizar produtos de limpeza abrasivos, toalhas de papel ou solventes qu\u00edmicos como amon\u00edaco ou \u00e1lcool, uma vez que podem danificar ou embotar gradualmente a superf\u00edcie. Com um tratamento suave, a sua mesa manter\u00e1 certamente o seu brilho cristalino durante v\u00e1rios anos.<\/h4>\n<h4 id=\"final-thought-redefine-your-area-\">Pensamento final: Redefinir a sua \u00e1rea<\/h4>\n<p>A mesa de apoio Polymer Rolling \u00e9 mais do que um simples objeto de destaque; \u00e9 um complemento flex\u00edvel, elegante e inteligente para a casa moderna. Resolve a dificuldade de acrescentar funcionalidade a espa\u00e7os pequenos, melhorando simultaneamente o seu atrativo est\u00e9tico. \u00c9 uma tela para o seu design, um auxiliar m\u00f3vel para as suas necessidades e um sopro de sofistica\u00e7\u00e3o contempor\u00e2nea. Abrace o poder do estilo claro e permita que esta mesa celestial impulsione a sua decora\u00e7\u00e3o, simplifique a sua vida e traga um toque de magia luminosa para a sua casa.<\/p>","protected":false},"excerpt":{"rendered":"<p class=\"ng-star-inserted\"><span class=\"ng-star-inserted\">Eleve o seu espa\u00e7o com este elegante carrinho de rolamentos em acr\u00edlico. O design transparente de 2 n\u00edveis cria uma sensa\u00e7\u00e3o arejada, perfeita para divis\u00f5es pequenas. Com uma pega f\u00e1cil de agarrar e rod\u00edzios suaves, esta mesa de apoio moderna traz estilo e funcionalidade para onde quer que precise.<\/span><\/p>","protected":false},"featured_media":1241,"template":"","meta":{"_kad_post_transparent":"default","_kad_post_title":"","_kad_post_layout":"default","_kad_post_sidebar_id":"","_kad_post_content_style":"default","_kad_post_vertical_padding":"default","_kad_post_feature":"","_kad_post_feature_position":"","_kad_post_header":false,"_kad_post_footer":false,"_kad_post_classname":""},"product_brand":[],"product_cat":[21],"product_tag":[123],"class_list":{"0":"post-1238","1":"product","2":"type-product","3":"status-publish","4":"has-post-thumbnail","6":"product_cat-custom-acrylic-furnitures","7":"product_tag-acrylic-side-table","9":"first","10":"instock","11":"shipping-taxable","12":"product-type-simple","13":"entry","14":"content-bg","15":"loop-entry"},"_links":{"self":[{"href":"https:\/\/customacrylicproduct.com\/pt\/wp-json\/wp\/v2\/product\/1238","targetHints":{"allow":["GET"]}}],"collection":[{"href":"https:\/\/customacrylicproduct.com\/pt\/wp-json\/wp\/v2\/product"}],"about":[{"href":"https:\/\/customacrylicproduct.com\/pt\/wp-json\/wp\/v2\/types\/product"}],"wp:featuredmedia":[{"embeddable":true,"href":"https:\/\/customacrylicproduct.com\/pt\/wp-json\/wp\/v2\/media\/1241"}],"wp:attachment":[{"href":"https:\/\/customacrylicproduct.com\/pt\/wp-json\/wp\/v2\/media?parent=1238"}],"wp:term":[{"taxonomy":"product_brand","embeddable":true,"href":"https:\/\/customacrylicproduct.com\/pt\/wp-json\/wp\/v2\/product_brand?post=1238"},{"taxonomy":"product_cat","embeddable":true,"href":"https:\/\/customacrylicproduct.com\/pt\/wp-json\/wp\/v2\/product_cat?post=1238"},{"taxonomy":"product_tag","embeddable":true,"href":"https:\/\/customacrylicproduct.com\/pt\/wp-json\/wp\/v2\/product_tag?post=1238"}],"curies":[{"name":"wp","href":"https:\/\/api.w.org\/{rel}","templated":true}]}}