{"id":1243,"date":"2025-07-18T06:30:13","date_gmt":"2025-07-18T06:30:13","guid":{"rendered":"https:\/\/customacrylicproduct.com\/?post_type=product&#038;p=1243"},"modified":"2025-07-18T06:30:13","modified_gmt":"2025-07-18T06:30:13","slug":"custom-acrylic-entryway-bench-large-rainbow-ottoman-bench","status":"publish","type":"product","link":"https:\/\/customacrylicproduct.com\/pt\/custom-acrylic-entryway-bench-large-rainbow-ottoman-bench\/","title":{"rendered":"Banco acr\u00edlico personalizado para a entrada Banco grande otomano arco-\u00edris"},"content":{"rendered":"<h3 id=\"-experience-a-spectrum-of-design-the-custom-rainbow-polymer-entryway-bench-\"><strong>Experimente um espetro de design: O banco de entrada em pol\u00edmero Rainbow personalizado<\/strong><\/h3>\n<p>Entre num mundo onde o mobili\u00e1rio vai para al\u00e9m de uma simples funcionalidade e acaba por ser uma obra de arte de cortar a respira\u00e7\u00e3o. Apresentamos o Custom Acrylic Entryway Bench, um item radiante e escultural feito n\u00e3o apenas para habitar um espa\u00e7o, mas para o transformar. Este \u00e9 mais do que um banco ou uma otomana; \u00e9 um ponto de partida para uma conversa, uma declara\u00e7\u00e3o de estilo individual arrojado e uma fonte vibrante de luz e sombra que ir\u00e1 certamente revigorar qualquer tipo de divis\u00e3o que embeleze. Para a pessoa perspicaz que procura misturar a inova\u00e7\u00e3o l\u00fadica com um trabalho artesanal impec\u00e1vel, este banco \u00e9 uma descoberta excecional.<\/p>\n<p><img fetchpriority=\"high\" decoding=\"async\" class=\"size-full wp-image-1245\" src=\"https:\/\/customacrylicproduct.com\/wp-content\/uploads\/2025\/07\/Custom-Acrylic-Entryway-Bench-2.jpg\" alt=\"Banco acr\u00edlico personalizado para a entrada (2)\" width=\"800\" height=\"800\" srcset=\"https:\/\/customacrylicproduct.com\/wp-content\/uploads\/2025\/07\/Custom-Acrylic-Entryway-Bench-2.jpg 800w, https:\/\/customacrylicproduct.com\/wp-content\/uploads\/2025\/07\/Custom-Acrylic-Entryway-Bench-2-300x300.jpg 300w, https:\/\/customacrylicproduct.com\/wp-content\/uploads\/2025\/07\/Custom-Acrylic-Entryway-Bench-2-150x150.jpg 150w, https:\/\/customacrylicproduct.com\/wp-content\/uploads\/2025\/07\/Custom-Acrylic-Entryway-Bench-2-768x768.jpg 768w, https:\/\/customacrylicproduct.com\/wp-content\/uploads\/2025\/07\/Custom-Acrylic-Entryway-Bench-2-600x600.jpg 600w, https:\/\/customacrylicproduct.com\/wp-content\/uploads\/2025\/07\/Custom-Acrylic-Entryway-Bench-2-100x100.jpg 100w\" sizes=\"(max-width: 800px) 100vw, 800px\" \/><\/p>\n<p><strong>Uma abordagem de design de modernismo alegre<\/strong><\/p>\n<p>Na sua ess\u00eancia, o estilo deste banco \u00e9 um evento de contraste e harmonia. \u00c9 uma reimagina\u00e7\u00e3o vibrante da forma intemporal do banco, desconstru\u00edda e reconstru\u00edda com materiais de ponta e um olho de m\u00fasico para a sombra. A estrutura proporciona um di\u00e1logo est\u00e9tico sensacional entre os seus dois elementos principais: as pernas et\u00e9reas e cristalinas e o tampo de cor s\u00f3lida e vibrante.<\/p>\n<p>As pernas s\u00e3o fabricadas em acr\u00edlico espesso e perfeitamente transparente, com um rebordo elegante e ondulante que estimula o movimento suave da \u00e1gua ou a curva elegante de uma perna de cabriole cl\u00e1ssica, reinterpretada para o s\u00e9culo XXI. A sua abertura total produz um resultado maravilhoso e flutuante. O tampo do banco parece flutuar no ar, uma impress\u00e3o que d\u00e1 uma sensa\u00e7\u00e3o de agilidade e visibilidade ao seu espa\u00e7o, evitando que pare\u00e7a ca\u00f3tico ou pesado. Estas pernas n\u00e3o s\u00e3o meros suportes, s\u00e3o tipos esculturais por direito pr\u00f3prio, captando a luz e dobrando-a de forma atractiva e imprevista.<\/p>\n<p>Em magn\u00edfica resist\u00eancia a esta transpar\u00eancia est\u00e1 o tampo do banco, uma harmonia din\u00e2mica de sombras. Composto por uma cole\u00e7\u00e3o de ripas acr\u00edlicas espessas e rectangulares organizadas num gradiente radiante de arco-\u00edris, o tampo \u00e9 um testemunho do poder da sombra para estimular a emo\u00e7\u00e3o e a energia. Cada l\u00e2mina \u00e9 uma barra forte de acr\u00edlico colorido de alta qualidade, reduzida com precis\u00e3o e polida at\u00e9 obter um acabamento de gema. Do magenta quente e laranja ardente ao amarelo ensolarado, lima viva, ciano espetacular e violeta profundo, a gama move-se sem falhas, criando uma pe\u00e7a que \u00e9 esteticamente estimulante de todos os \u00e2ngulos.<\/p>\n<p><img decoding=\"async\" class=\"size-full wp-image-1247\" src=\"https:\/\/customacrylicproduct.com\/wp-content\/uploads\/2025\/07\/Custom-Acrylic-Entryway-Bench-4.jpg\" alt=\"Banco acr\u00edlico personalizado para a entrada (4)\" width=\"800\" height=\"800\" srcset=\"https:\/\/customacrylicproduct.com\/wp-content\/uploads\/2025\/07\/Custom-Acrylic-Entryway-Bench-4.jpg 800w, https:\/\/customacrylicproduct.com\/wp-content\/uploads\/2025\/07\/Custom-Acrylic-Entryway-Bench-4-300x300.jpg 300w, https:\/\/customacrylicproduct.com\/wp-content\/uploads\/2025\/07\/Custom-Acrylic-Entryway-Bench-4-150x150.jpg 150w, https:\/\/customacrylicproduct.com\/wp-content\/uploads\/2025\/07\/Custom-Acrylic-Entryway-Bench-4-768x768.jpg 768w, https:\/\/customacrylicproduct.com\/wp-content\/uploads\/2025\/07\/Custom-Acrylic-Entryway-Bench-4-600x600.jpg 600w, https:\/\/customacrylicproduct.com\/wp-content\/uploads\/2025\/07\/Custom-Acrylic-Entryway-Bench-4-100x100.jpg 100w\" sizes=\"(max-width: 800px) 100vw, 800px\" \/><\/p>\n<p><strong>Uma intera\u00e7\u00e3o din\u00e2mica de luz e sombra<\/strong><\/p>\n<p>Talvez a fun\u00e7\u00e3o mais fascinante deste banco em acr\u00edlico seja a sua parceria com a luz. N\u00e3o se trata de um objeto fixo; \u00e9 uma pe\u00e7a de arte cin\u00e9tica que se transforma ao longo do dia. Quando colocado perto de uma janela de casa ou debaixo de uma luz, ganha vida. Imagine a luz do sol matinal a entrar pela sua entrada, captando as ripas claras e coloridas. A luz n\u00e3o se limita a saltar; viaja atrav\u00e9s dela, chegando a ser instilada com sombra e lan\u00e7ando um magn\u00edfico e alongado arco-\u00edris de escurid\u00e3o pelo seu ch\u00e3o e paredes.<\/p>\n<p>Este programa de luz quotidiano \u00e9 uma fonte de alegria e de espanto cont\u00ednuos. O impacto \u00e9 o mesmo que lidar com um peda\u00e7o de vidro manchado ou um prisma de cristal, mas com uma sensibilidade arquitet\u00f3nica moderna. As linhas bem definidas das ripas desenvolvem um padr\u00e3o de riscas vermelhas paralelas de cor, um elemento gr\u00e1fico e criativo que acrescenta outra camada de interesse visual. Quer seja banhado pelo brilho da hora dourada ou pela luz espantosa de uma tarde sombria, o banco proporciona um ambiente diferente e um novo ponto de vista, tornando a sua casa ainda mais viva e din\u00e2mica.<\/p>\n<p><img decoding=\"async\" class=\"size-full wp-image-1244\" src=\"https:\/\/customacrylicproduct.com\/wp-content\/uploads\/2025\/07\/Custom-Acrylic-Entryway-Bench-1.jpg\" alt=\"Banco acr\u00edlico personalizado para a entrada (1)\" width=\"800\" height=\"800\" srcset=\"https:\/\/customacrylicproduct.com\/wp-content\/uploads\/2025\/07\/Custom-Acrylic-Entryway-Bench-1.jpg 800w, https:\/\/customacrylicproduct.com\/wp-content\/uploads\/2025\/07\/Custom-Acrylic-Entryway-Bench-1-300x300.jpg 300w, https:\/\/customacrylicproduct.com\/wp-content\/uploads\/2025\/07\/Custom-Acrylic-Entryway-Bench-1-150x150.jpg 150w, https:\/\/customacrylicproduct.com\/wp-content\/uploads\/2025\/07\/Custom-Acrylic-Entryway-Bench-1-768x768.jpg 768w, https:\/\/customacrylicproduct.com\/wp-content\/uploads\/2025\/07\/Custom-Acrylic-Entryway-Bench-1-600x600.jpg 600w, https:\/\/customacrylicproduct.com\/wp-content\/uploads\/2025\/07\/Custom-Acrylic-Entryway-Bench-1-100x100.jpg 100w\" sizes=\"(max-width: 800px) 100vw, 800px\" \/><\/p>\n<p><strong>Artesanato magistral e alta qualidade sem compromissos<\/strong><\/p>\n<p>Uma pe\u00e7a visualmente t\u00e3o marcante exige a implementa\u00e7\u00e3o da mais alta qualidade poss\u00edvel. Todas as informa\u00e7\u00f5es do banco Rainbow Acrylic Bench reflectem a dedica\u00e7\u00e3o a um trabalho de qualidade superior. O acr\u00edlico utilizado \u00e9 um produto de qualidade superior, reconhecido pela sua clareza fenomenal, robustez e resist\u00eancia ao amarelecimento gradual. Proporciona o aspeto imaculado do vidro sem a fragilidade, tornando-o uma op\u00e7\u00e3o \u00fatil para um mobili\u00e1rio funcional.<\/p>\n<p>A constru\u00e7\u00e3o \u00e9 simultaneamente robusta e melhorada. Como se pode ver nas imagens detalhadas, cada ripa colorida \u00e9 fixada em seguran\u00e7a \u00e0s pernas transparentes com equipamento vis\u00edvel de primeira qualidade. Estes parafusos met\u00e1licos elegantes n\u00e3o s\u00e3o escondidos, mas s\u00e3o incorporados como um aspeto deliberado do layout, acrescentando um toque de honestidade industrial-chique que fundamenta o estilo a\u00e9reo. As aberturas s\u00e3o perfuradas com precis\u00e3o, garantindo um melhor ajuste e uma estrutura robusta e est\u00e1vel, desenvolvida para durar. Os rebordos das pernas e das ripas s\u00e3o meticulosamente polidos para serem suaves ao toque, real\u00e7ando o glamour e a qualidade superior do produto, semelhante a uma joia.<\/p>\n<p><strong>Versatilidade sem igual: Para al\u00e9m da entrada<\/strong><\/p>\n<p>Embora rotulado de \u201cbanco de entrada\u201d, a sua magn\u00edfica disposi\u00e7\u00e3o e as suas propor\u00e7\u00f5es caridosas fazem dele um objeto extremamente funcional, ideal para in\u00fameras aplica\u00e7\u00f5es na casa moderna.<\/p>\n<ul>\n<li><strong>O Grande Convite:\u00a0<\/strong>Numa entrada ou foyer, estabelece um tom imediato de pensamento criativo e divers\u00e3o sofisticada. \u00c9 o local ideal para cal\u00e7ar ou descal\u00e7ar o cal\u00e7ado, pousar a mala ou simplesmente para ser uma obra de arte convidativa que causa uma primeira impress\u00e3o duradoura nos visitantes.<\/li>\n<li><strong>A pe\u00e7a central da sala de estar:\u00a0<\/strong>Utilize-a como um grande apoio para os p\u00e9s ou como uma mesa de centro \u00fanica. A sua superf\u00edcie ampla pode conter um tabuleiro ornamental com bebidas e acess\u00f3rios, enquanto as suas cores vivas podem fazer o loop de um design de cores diversificado ou atuar como um toque de sombra numa \u00e1rea muito mais neutra.<\/li>\n<li><strong>O O\u00e1sis Pessoal:\u00a0<\/strong>Coloque-o ao p\u00e9 de uma cama na cole\u00e7\u00e3o principal para um toque de chique de hotel boutique. \u00c9 um excelente ponto de apoio para delinear um traje ou simplesmente incluir uma pitada de cor no seu santu\u00e1rio individual. Numa arrecada\u00e7\u00e3o, torna-se um acess\u00f3rio de alta costura por si s\u00f3.<\/li>\n<li><strong>A sala inovadora:\u00a0<\/strong>Num escrit\u00f3rio em casa, num est\u00fadio ou numa sala de jogos, este banco pode ser um recurso inspirador de poder imaginativo. A sua natureza animada incentiva o racioc\u00ednio fora da caixa e inclui um sentimento de felicidade em qualquer tipo de tarefa.<\/li>\n<\/ul>\n<p><strong>Uma declara\u00e7\u00e3o para cada desenho ou modelo<\/strong><\/p>\n<p>A est\u00e9tica \u00fanica deste banco permite-lhe integrar-se perfeitamente numa sele\u00e7\u00e3o de estilos de design de interiores. Numa sala minimalista ou moderna, serve como pe\u00e7a central principal, uma explos\u00e3o de sombras contra um fundo limpo e neutro. Para o maximalista, \u00e9 uma alma g\u00e9mea, que se junta a um conjunto de padr\u00f5es e texturas arrojados. Numa casa com influ\u00eancias de Hollywood Regency ou glamourosas, a sua superf\u00edcie brilhante e os seus tons v\u00edvidos s\u00e3o perfeitos para a casa. At\u00e9 oferece um contraponto moderno chocante e maravilhoso em \u00e1reas extra-padr\u00e3o ou de transi\u00e7\u00e3o.<\/p>\n<p><strong>Comprar arte com que se possa lidar<\/strong><\/p>\n<p>O banco acr\u00edlico personalizado para a entrada \u00e9 mais do que um simples mobili\u00e1rio. \u00c9 um investimento na felicidade, uma escultura pr\u00e1tica e um testemunho da beleza de um design engenhoso. \u00c9 para aqueles que n\u00e3o t\u00eam medo da cor, que apreciam o artesanato fino e que acreditam que as coisas que nos rodeiam devem inspirar-nos diariamente. Traga este espetro de design para a sua casa e veja como ele enche o seu espa\u00e7o de luz, vida e individualidade ilimitada.<\/p>","protected":false},"excerpt":{"rendered":"<p>Ilumine o seu espa\u00e7o com este banco em acr\u00edlico arco-\u00edris personalizado. Uma obra de arte funcional, as suas ripas vibrantes e transl\u00facidas projectam sombras bonitas e coloridas. Esta deslumbrante otomana \u00e9 uma pe\u00e7a moderna e marcante para qualquer entrada, acrescentando instantaneamente um toque divertido e chique.<\/p>","protected":false},"featured_media":1245,"template":"","meta":{"_kad_post_transparent":"default","_kad_post_title":"","_kad_post_layout":"default","_kad_post_sidebar_id":"","_kad_post_content_style":"default","_kad_post_vertical_padding":"default","_kad_post_feature":"","_kad_post_feature_position":"","_kad_post_header":false,"_kad_post_footer":false,"_kad_post_classname":""},"product_brand":[],"product_cat":[21],"product_tag":[126],"class_list":{"0":"post-1243","1":"product","2":"type-product","3":"status-publish","4":"has-post-thumbnail","6":"product_cat-custom-acrylic-furnitures","7":"product_tag-acrylic-entryway-bench","9":"first","10":"instock","11":"shipping-taxable","12":"product-type-simple","13":"entry","14":"content-bg","15":"loop-entry"},"_links":{"self":[{"href":"https:\/\/customacrylicproduct.com\/pt\/wp-json\/wp\/v2\/product\/1243","targetHints":{"allow":["GET"]}}],"collection":[{"href":"https:\/\/customacrylicproduct.com\/pt\/wp-json\/wp\/v2\/product"}],"about":[{"href":"https:\/\/customacrylicproduct.com\/pt\/wp-json\/wp\/v2\/types\/product"}],"wp:featuredmedia":[{"embeddable":true,"href":"https:\/\/customacrylicproduct.com\/pt\/wp-json\/wp\/v2\/media\/1245"}],"wp:attachment":[{"href":"https:\/\/customacrylicproduct.com\/pt\/wp-json\/wp\/v2\/media?parent=1243"}],"wp:term":[{"taxonomy":"product_brand","embeddable":true,"href":"https:\/\/customacrylicproduct.com\/pt\/wp-json\/wp\/v2\/product_brand?post=1243"},{"taxonomy":"product_cat","embeddable":true,"href":"https:\/\/customacrylicproduct.com\/pt\/wp-json\/wp\/v2\/product_cat?post=1243"},{"taxonomy":"product_tag","embeddable":true,"href":"https:\/\/customacrylicproduct.com\/pt\/wp-json\/wp\/v2\/product_tag?post=1243"}],"curies":[{"name":"wp","href":"https:\/\/api.w.org\/{rel}","templated":true}]}}