{"id":1259,"date":"2025-07-18T07:17:47","date_gmt":"2025-07-18T07:17:47","guid":{"rendered":"https:\/\/customacrylicproduct.com\/?post_type=product&#038;p=1259"},"modified":"2025-07-18T08:22:55","modified_gmt":"2025-07-18T08:22:55","slug":"custom-acrylic-crafts-christian-jesus-gift-for-women-men","status":"publish","type":"product","link":"https:\/\/customacrylicproduct.com\/pt\/custom-acrylic-crafts-christian-jesus-gift-for-women-men\/","title":{"rendered":"Artesanato acr\u00edlico personalizado Presente de Jesus crist\u00e3o para mulheres e homens"},"content":{"rendered":"<h3 id=\"-a-sign-of-belief-the-personalized-acrylic-christian-cross-a-timeless-gift-of-scripture-and-grace-\"><strong>Um sinal de f\u00e9: A Cruz Crist\u00e3 Acr\u00edlica Personalizada - Um Presente Intemporal das Escrituras e da Gra\u00e7a<\/strong><\/h3>\n<p>Num mundo que normalmente parece muito barulhento e imprevis\u00edvel, onde \u00e9 que encontramos a nossa \u00e2ncora? Para milh\u00f5es de pessoas, a resposta depende da firmeza da f\u00e9 - um recurso silencioso e constante de esperan\u00e7a, coragem e assist\u00eancia. Orgulhamo-nos de apresentar uma prenda que n\u00e3o s\u00f3 personifica este esp\u00edrito, como tamb\u00e9m lhe d\u00e1 vida com um encanto espetacular: o\u00a0<strong>Cruz crist\u00e3 acr\u00edlica personalizada\u00a0<\/strong>. N\u00e3o se trata apenas de um objeto decorativo, mas sim de um testemunho profundo de f\u00e9, de uma recorda\u00e7\u00e3o quotidiana das garantias de Deus e de uma lembran\u00e7a personalizada, destinada a motivar e a animar o cora\u00e7\u00e3o durante v\u00e1rios anos.<\/p>\n<p>Criado tanto para mulheres como para homens que prezam a sua confian\u00e7a, este item encantador funde o simbolismo crist\u00e3o intemporal com uma arte sofisticada e contempor\u00e2nea. \u00c9 o presente ideal para recordar os minutos mais espirituais da vida, oferecer motiva\u00e7\u00e3o em tempos dif\u00edceis, ou simplesmente para servir como uma atraente pe\u00e7a central de devo\u00e7\u00e3o em qualquer tipo de casa ou escrit\u00f3rio.<\/p>\n<p><img fetchpriority=\"high\" decoding=\"async\" class=\"wp-image-1260 size-large aligncenter\" src=\"https:\/\/customacrylicproduct.com\/wp-content\/uploads\/2025\/07\/Custom-Acrylic-Crafts-1-1024x1024.jpg\" alt=\"Artesanato acr\u00edlico personalizado (1)\" width=\"1024\" height=\"1024\" srcset=\"https:\/\/customacrylicproduct.com\/wp-content\/uploads\/2025\/07\/Custom-Acrylic-Crafts-1-1024x1024.jpg 1024w, https:\/\/customacrylicproduct.com\/wp-content\/uploads\/2025\/07\/Custom-Acrylic-Crafts-1-300x300.jpg 300w, https:\/\/customacrylicproduct.com\/wp-content\/uploads\/2025\/07\/Custom-Acrylic-Crafts-1-150x150.jpg 150w, https:\/\/customacrylicproduct.com\/wp-content\/uploads\/2025\/07\/Custom-Acrylic-Crafts-1-768x768.jpg 768w, https:\/\/customacrylicproduct.com\/wp-content\/uploads\/2025\/07\/Custom-Acrylic-Crafts-1-600x600.jpg 600w, https:\/\/customacrylicproduct.com\/wp-content\/uploads\/2025\/07\/Custom-Acrylic-Crafts-1-100x100.jpg 100w, https:\/\/customacrylicproduct.com\/wp-content\/uploads\/2025\/07\/Custom-Acrylic-Crafts-1.jpg 1500w\" sizes=\"(max-width: 1024px) 100vw, 1024px\" \/><\/p>\n<p><strong>Acabamento impressionante, apelo et\u00e9reo<\/strong><\/p>\n<p>A partir do momento em que a segura, a elevada qualidade desta cruz \u00e9 \u00f3bvia. Cada pe\u00e7a \u00e9 cortada com precis\u00e3o a partir de acr\u00edlico cristalino de primeira qualidade, que simula a beleza imaculada e a sensa\u00e7\u00e3o consider\u00e1vel do vidro, mas oferece uma longevidade superior e resist\u00eancia aos estilha\u00e7os. Os lados s\u00e3o meticulosamente biselados e polidos para obter uma superf\u00edcie impec\u00e1vel, permitindo que a luz passe e se refracte, produzindo um brilho cintilante que parece emanar do interior.<\/p>\n<p>Assente numa base s\u00f3lida e est\u00e1vel, a cruz regula uma presen\u00e7a suave mas eficaz. A sua natureza clara significa pureza de cora\u00e7\u00e3o e qualidade de f\u00e9, enquanto o seu tipo cl\u00e1ssico honra o princ\u00edpio central do cristianismo - o sacrif\u00edcio m\u00e1ximo e o amor ilimitado de Jesus Cristo. \u00c9 uma coisa desenvolvida n\u00e3o apenas para ser vista, mas para ser experimentada; uma liga\u00e7\u00e3o t\u00e1til com os compromissos espirituais que representa.<\/p>\n<p><img decoding=\"async\" class=\"wp-image-1262 size-large aligncenter\" src=\"https:\/\/customacrylicproduct.com\/wp-content\/uploads\/2025\/07\/Custom-Acrylic-Crafts-3-1024x1024.jpg\" alt=\"Artesanato acr\u00edlico personalizado (3)\" width=\"1024\" height=\"1024\" srcset=\"https:\/\/customacrylicproduct.com\/wp-content\/uploads\/2025\/07\/Custom-Acrylic-Crafts-3-1024x1024.jpg 1024w, https:\/\/customacrylicproduct.com\/wp-content\/uploads\/2025\/07\/Custom-Acrylic-Crafts-3-300x300.jpg 300w, https:\/\/customacrylicproduct.com\/wp-content\/uploads\/2025\/07\/Custom-Acrylic-Crafts-3-150x150.jpg 150w, https:\/\/customacrylicproduct.com\/wp-content\/uploads\/2025\/07\/Custom-Acrylic-Crafts-3-768x768.jpg 768w, https:\/\/customacrylicproduct.com\/wp-content\/uploads\/2025\/07\/Custom-Acrylic-Crafts-3-600x600.jpg 600w, https:\/\/customacrylicproduct.com\/wp-content\/uploads\/2025\/07\/Custom-Acrylic-Crafts-3-100x100.jpg 100w, https:\/\/customacrylicproduct.com\/wp-content\/uploads\/2025\/07\/Custom-Acrylic-Crafts-3.jpg 1500w\" sizes=\"(max-width: 1024px) 100vw, 1024px\" \/><\/p>\n<p><strong>O cerne da quest\u00e3o: A Escritura trazida \u00e0 vida<\/strong><\/p>\n<p>O que realmente distingue esta cruz \u00e9 a assimila\u00e7\u00e3o profundamente pessoal e esteticamente magn\u00edfica da Palavra de Deus. Utilizando um processo de impress\u00e3o moderno, a escritura espiritual \u00e9 feita numa escrita sofisticada e em movimento, parecendo flutuar graciosamente sobre a superf\u00edcie clara. Isto \u00e9 acompanhado por um trabalho art\u00edstico vivo e a cores que melhora a defini\u00e7\u00e3o do vers\u00edculo escolhido. As imagens fornecidas mostram dois exemplos poderosos desta criatividade personalizada:.<\/p>\n<p><strong>1. A Cruz de Girassol (Josu\u00e9 1:9):\u00a0<\/strong>. \u201dS\u00ea forte e ousado. N\u00e3o hesites, n\u00e3o te inibas, porque o Senhor teu Deus estar\u00e1 contigo por onde quer que andares.\u201d - Josu\u00e9 1:9.<\/p>\n<p>Este estilo \u00e9 um reduto de tenacidade e de encorajamento. Nas suas instala\u00e7\u00f5es, uma cruz de madeira r\u00fastica \u00e9 adornada com um arranjo din\u00e2mico de girass\u00f3is. Os girass\u00f3is, conhecidos por virarem o rosto para a luz do sol, s\u00e3o uma bela met\u00e1fora do cora\u00e7\u00e3o crist\u00e3o que se transforma na dire\u00e7\u00e3o da luz de Deus para se alimentar e orientar. Simbolizam a adora\u00e7\u00e3o, o empenhamento e a cren\u00e7a inabal\u00e1vel. Emparelhadas com fr\u00e1geis borboletas - \u00edcones globais de melhoria, ressurrei\u00e7\u00e3o e vida nova - as imagens real\u00e7am poderosamente a mensagem de Josu\u00e9 1:9. Este vers\u00edculo \u00e9 uma ordem divina para enfrentar com resist\u00eancia e sem ansiedade, enraizada na garantia da presen\u00e7a cont\u00ednua de Deus. Esta cruz \u00e9 o presente ideal para quem est\u00e1 a iniciar uma nova viagem, para quem enfrenta um desafio pessoal, para um rec\u00e9m-formado que est\u00e1 a entrar no mundo ou para qualquer pessoa que procure uma dose di\u00e1ria de coragem divina.<\/p>\n<p><strong>2. A Cruz Rosa Branca (Ad\u00e1gios 3:5 -6):\u00a0<\/strong>. \u201dConfia no Senhor de todo o teu cora\u00e7\u00e3o e n\u00e3o te estribes no teu pr\u00f3prio entendimento; reconhece-o em todos os teus caminhos, e ele endireitar\u00e1 as tuas veredas.\u201d - Ad\u00e1gios 3:5 -6.<\/p>\n<p>Este design diferente utiliza uma mensagem de confian\u00e7a serena e de apoio divino. Apresenta um elegante arranjo de fr\u00e1geis rosas brancas e tenras folhas amigas do ambiente. As rosas brancas est\u00e3o impregnadas de simbolismo, representando pureza, novos come\u00e7os, rever\u00eancia e um amor incr\u00edvel. Esta imagem capta na perfei\u00e7\u00e3o o significado de Ditos 3:5 -6, um fluxo precioso que pede o abandono total e a cren\u00e7a no plano de Deus. A borboleta solit\u00e1ria que esvoa\u00e7a perto de n\u00f3s representa mais uma vez a bela transforma\u00e7\u00e3o que ocorre quando libertamos e permitimos que Deus dirija as nossas vidas. Esta cruz \u00e9 um presente incrivelmente atencioso para celebra\u00e7\u00f5es de casamento, anivers\u00e1rios de casamento, baptizados ou para qualquer pessoa que esteja a navegar num per\u00edodo de tomada de decis\u00f5es, lembrando-lhe que o seu caminho est\u00e1 a ser conduzido por uma m\u00e3o amorosa.<\/p>\n<p><img decoding=\"async\" class=\"wp-image-1263 size-large aligncenter\" src=\"https:\/\/customacrylicproduct.com\/wp-content\/uploads\/2025\/07\/Custom-Acrylic-Crafts-4-1024x1024.jpg\" alt=\"Artesanato acr\u00edlico personalizado (4)\" width=\"1024\" height=\"1024\" srcset=\"https:\/\/customacrylicproduct.com\/wp-content\/uploads\/2025\/07\/Custom-Acrylic-Crafts-4-1024x1024.jpg 1024w, https:\/\/customacrylicproduct.com\/wp-content\/uploads\/2025\/07\/Custom-Acrylic-Crafts-4-300x300.jpg 300w, https:\/\/customacrylicproduct.com\/wp-content\/uploads\/2025\/07\/Custom-Acrylic-Crafts-4-150x150.jpg 150w, https:\/\/customacrylicproduct.com\/wp-content\/uploads\/2025\/07\/Custom-Acrylic-Crafts-4-768x768.jpg 768w, https:\/\/customacrylicproduct.com\/wp-content\/uploads\/2025\/07\/Custom-Acrylic-Crafts-4-600x600.jpg 600w, https:\/\/customacrylicproduct.com\/wp-content\/uploads\/2025\/07\/Custom-Acrylic-Crafts-4-100x100.jpg 100w, https:\/\/customacrylicproduct.com\/wp-content\/uploads\/2025\/07\/Custom-Acrylic-Crafts-4.jpg 1500w\" sizes=\"(max-width: 1024px) 100vw, 1024px\" \/><\/p>\n<p><strong>Um presente absolutamente pessoal: O poder da personaliza\u00e7\u00e3o<\/strong><\/p>\n<p>Embora estes dois layouts sejam poderosos por si s\u00f3, o verdadeiro encanto deste artigo reside na sua possibilidade de personaliza\u00e7\u00e3o. \u00c9 mais do que um presente pr\u00e9-fabricado, \u00e9 a possibilidade de criar um pr\u00e9mio \u00fanico. Pode escolher a b\u00edblia que mais lhe agrada a si ou ao destinat\u00e1rio. Pense em oferecer uma cruz gravada com o conhecimento de uma confirma\u00e7\u00e3o favorita, um fluxo valioso que proporcionou conforto durante um per\u00edodo dif\u00edcil ou o conhecimento da B\u00edblia Sagrada que leu num casamento. Este grau de personaliza\u00e7\u00e3o transforma uma coisa linda numa heran\u00e7a de cren\u00e7a profundamente intencional e not\u00e1vel.<\/p>\n<p><strong>O presente perfeito para cada celebra\u00e7\u00e3o crist\u00e3<\/strong><\/p>\n<p>A adaptabilidade e o significado profundo desta cruz de pol\u00edmero personalizada fazem dela um excelente presente crist\u00e3o para uma grande variedade de celebra\u00e7\u00f5es:.<\/p>\n<ul>\n<li><strong>Batismo, batizado ou dedica\u00e7\u00e3o:\u00a0<\/strong>Uma bela lembran\u00e7a para homenagear o in\u00edcio de uma vida de f\u00e9.<\/li>\n<li><strong>Primeira comunh\u00e3o e verifica\u00e7\u00e3o:\u00a0<\/strong>Uma prenda intencional para assinalar uma a\u00e7\u00e3o substancial no percurso espiritual de um jovem adulto.<\/li>\n<li><strong>Casamentos e anivers\u00e1rios:\u00a0<\/strong>Um s\u00edmbolo de uma uni\u00e3o centrada em Cristo e um lembrete para manter a cren\u00e7a no cora\u00e7\u00e3o do casamento.<\/li>\n<li><strong>Gradua\u00e7\u00e3o universit\u00e1ria:\u00a0<\/strong>Uma despedida motivadora, aconselhando o diplomado que Deus est\u00e1 com ele na fase seguinte.<\/li>\n<li><strong>Simpatia e luto:\u00a0<\/strong>Uma recorda\u00e7\u00e3o suave e reconfortante da vida eterna e da presen\u00e7a de Deus durante um per\u00edodo de perda.<\/li>\n<li><strong>Bem-estar e inspira\u00e7\u00e3o:\u00a0<\/strong>Um sinal de esperan\u00e7a e de resist\u00eancia para quem enfrenta uma doen\u00e7a ou uma adversidade.<\/li>\n<li><strong>Natal, P\u00e1scoa e Dia do Reconhecimento do Sacerdote:\u00a0<\/strong>Um presente atencioso e reverente que honra o significado verdadeiro destes acontecimentos sagrados.<\/li>\n<li><strong>\u201d Mesmo que\u201d:\u00a0<\/strong>Um dos presentes mais poderosos s\u00e3o geralmente os n\u00e3o esperados - um movimento espont\u00e2neo para aconselhar um amigo \u00edntimo, m\u00e3e, pai, irm\u00e3 ou irm\u00e3o que eles s\u00e3o apreciados e pelos quais se reza.<\/li>\n<\/ul>\n<p><strong>Um ponto focal da devo\u00e7\u00e3o di\u00e1ria<\/strong><\/p>\n<p>Feita para ecr\u00e3, esta cruz ir\u00e1 certamente encontrar uma casa perfeita em qualquer ambiente, actuando como um lembrete consistente e suave para fazer uma pausa, mostrar e rezar. Coloque-a num:.<\/p>\n<ul>\n<li><strong>Mesa de cabeceira:\u00a0<\/strong>Come\u00e7ar e terminar cada dia com uma mensagem de f\u00e9.<\/li>\n<li><strong>Mesa de escrit\u00f3rio:\u00a0<\/strong>Uma fonte de tranquilidade e perspetiva durante um dia de trabalho atarefado.<\/li>\n<li><strong>\u00c1rea de estar Manto ou prateleira:\u00a0<\/strong>Uma declara\u00e7\u00e3o de confian\u00e7a que embeleza a sua casa.<\/li>\n<li><strong>Recanto de ora\u00e7\u00e3o ou estudo:\u00a0<\/strong>Desenvolver um espa\u00e7o concentrado e sagrado de empenhamento.<\/li>\n<\/ul>\n<p>Ofere\u00e7a um presente que v\u00e1 para al\u00e9m do material. Ofere\u00e7a uma pe\u00e7a de arte que fala com o cora\u00e7\u00e3o. A cruz crist\u00e3 em acr\u00edlico feita \u00e0 medida \u00e9 mais do que uma decora\u00e7\u00e3o; \u00e9 uma novidade, um recurso de resist\u00eancia e um \u00edcone claro e brilhante do amor inabal\u00e1vel e das garantias de Deus. Encomende a sua hoje e ofere\u00e7a um farol intemporal de esperan\u00e7a que ser\u00e1 certamente valorizado para toda a vida.<\/p>","protected":false},"excerpt":{"rendered":"<p class=\"ng-star-inserted\"><span class=\"ng-star-inserted\">Uma elegante cruz em acr\u00edlico, um presente crist\u00e3o perfeito para mulheres e homens. Lindamente gravada com um vers\u00edculo b\u00edblico edificante e um desenho vibrante de girassol, esta lembran\u00e7a \u00e9 um lembrete di\u00e1rio de f\u00e9 e coragem. Uma decora\u00e7\u00e3o atenciosa para qualquer secret\u00e1ria ou prateleira.<\/span><\/p>","protected":false},"featured_media":1260,"template":"","meta":{"_kad_post_transparent":"default","_kad_post_title":"","_kad_post_layout":"default","_kad_post_sidebar_id":"","_kad_post_content_style":"default","_kad_post_vertical_padding":"default","_kad_post_feature":"","_kad_post_feature_position":"","_kad_post_header":false,"_kad_post_footer":false,"_kad_post_classname":""},"product_brand":[],"product_cat":[20],"product_tag":[129],"class_list":{"0":"post-1259","1":"product","2":"type-product","3":"status-publish","4":"has-post-thumbnail","6":"product_cat-custom-acrylic-crafts","7":"product_tag-acrylic-crafts","9":"first","10":"instock","11":"shipping-taxable","12":"product-type-simple","13":"entry","14":"content-bg","15":"loop-entry"},"_links":{"self":[{"href":"https:\/\/customacrylicproduct.com\/pt\/wp-json\/wp\/v2\/product\/1259","targetHints":{"allow":["GET"]}}],"collection":[{"href":"https:\/\/customacrylicproduct.com\/pt\/wp-json\/wp\/v2\/product"}],"about":[{"href":"https:\/\/customacrylicproduct.com\/pt\/wp-json\/wp\/v2\/types\/product"}],"wp:featuredmedia":[{"embeddable":true,"href":"https:\/\/customacrylicproduct.com\/pt\/wp-json\/wp\/v2\/media\/1260"}],"wp:attachment":[{"href":"https:\/\/customacrylicproduct.com\/pt\/wp-json\/wp\/v2\/media?parent=1259"}],"wp:term":[{"taxonomy":"product_brand","embeddable":true,"href":"https:\/\/customacrylicproduct.com\/pt\/wp-json\/wp\/v2\/product_brand?post=1259"},{"taxonomy":"product_cat","embeddable":true,"href":"https:\/\/customacrylicproduct.com\/pt\/wp-json\/wp\/v2\/product_cat?post=1259"},{"taxonomy":"product_tag","embeddable":true,"href":"https:\/\/customacrylicproduct.com\/pt\/wp-json\/wp\/v2\/product_tag?post=1259"}],"curies":[{"name":"wp","href":"https:\/\/api.w.org\/{rel}","templated":true}]}}