{"id":1264,"date":"2025-07-18T07:33:46","date_gmt":"2025-07-18T07:33:46","guid":{"rendered":"https:\/\/customacrylicproduct.com\/?post_type=product&#038;p=1264"},"modified":"2025-07-18T07:33:46","modified_gmt":"2025-07-18T07:33:46","slug":"custom-acrylic-sun-glass-tray-sun-glass-storage-organizer","status":"publish","type":"product","link":"https:\/\/customacrylicproduct.com\/pt\/custom-acrylic-sun-glass-tray-sun-glass-storage-organizer\/","title":{"rendered":"Bandeja acr\u00edlica personalizada para vidro solar Organizador de armazenamento de vidro solar"},"content":{"rendered":"<h3 id=\"-transform-your-collection-from-turmoil-to-chic-the-ultimate-customized-acrylic-sunglass-coordinator-\"><strong>Transforme a sua cole\u00e7\u00e3o de agitada em chique: o melhor coordenador de \u00f3culos de sol em acr\u00edlico personalizados<\/strong><\/h3>\n<p>Os seus \u00f3culos de sol s\u00e3o mais do que uma mera prote\u00e7\u00e3o contra o sol; s\u00e3o uma afirma\u00e7\u00e3o de estilo, um dispositivo crucial que completa um traje e uma cole\u00e7\u00e3o cuidadosamente selecionada ao longo do tempo. Desde os intemporais pilotos e wayfarers intemporais at\u00e9 aos vibrantes e grandes itens de afirma\u00e7\u00e3o, cada conjunto representa um aspeto da sua individualidade. Mas como \u00e9 que guarda exatamente estas preciosas propriedades? Est\u00e3o espalhados por uma c\u00f3moda, emaranhados num arm\u00e1rio com segredos e cosm\u00e9ticos, ou precariamente equilibrados numa mesa de cabeceira, vulner\u00e1veis a arranh\u00f5es, p\u00f3 e danos? Est\u00e1 na altura de acabar com a confus\u00e3o e oferecer aos seus \u00f3culos a casa elegante e organizada que devem ter.<\/p>\n<p>Apresentando o\u00a0<strong>Organizador de armazenamento e tabuleiro para \u00f3culos de sol em pol\u00edmero personalizado\u00a0<\/strong>- uma aula magistral de design minimalista e funcionalidade. N\u00e3o se trata apenas de uma caixa; \u00e9 uma mala, um abrigo de seguran\u00e7a e uma ferramenta de neg\u00f3cios inovadora, desenvolvida para elevar a sua \u00e1rea e otimizar a sua vida.<\/p>\n<p><img fetchpriority=\"high\" decoding=\"async\" class=\"size-full wp-image-1265\" src=\"https:\/\/customacrylicproduct.com\/wp-content\/uploads\/2025\/07\/Acrylic-Tray-1.jpg\" alt=\"Tabuleiro em acr\u00edlico (1)\" width=\"800\" height=\"800\" srcset=\"https:\/\/customacrylicproduct.com\/wp-content\/uploads\/2025\/07\/Acrylic-Tray-1.jpg 800w, https:\/\/customacrylicproduct.com\/wp-content\/uploads\/2025\/07\/Acrylic-Tray-1-300x300.jpg 300w, https:\/\/customacrylicproduct.com\/wp-content\/uploads\/2025\/07\/Acrylic-Tray-1-150x150.jpg 150w, https:\/\/customacrylicproduct.com\/wp-content\/uploads\/2025\/07\/Acrylic-Tray-1-768x768.jpg 768w, https:\/\/customacrylicproduct.com\/wp-content\/uploads\/2025\/07\/Acrylic-Tray-1-600x600.jpg 600w, https:\/\/customacrylicproduct.com\/wp-content\/uploads\/2025\/07\/Acrylic-Tray-1-100x100.jpg 100w\" sizes=\"(max-width: 800px) 100vw, 800px\" \/><\/p>\n<h4 id=\"-a-vision-of-clearness-and-order-\"><strong>Uma vis\u00e3o de clareza e ordem<\/strong><\/h4>\n<p>Imagine-se a come\u00e7ar o seu dia com uma qualidade absoluta. Em vez de uma busca fren\u00e9tica pelo par de \u00f3culos de sol ideal, \u00e9 recebido por um ecr\u00e3 sensacional e ordenado. Cada par relaxa na sua pr\u00f3pria \u00e1rea dedicada e bonita, percet\u00edvel com um simples olhar. Esta \u00e9 a experi\u00eancia que o nosso tabuleiro de acr\u00edlico para \u00f3culos de sol proporciona.<\/p>\n<p>Fabricado a partir do melhor acr\u00edlico cristalino, este coordenador foi desenvolvido para ser visto e n\u00e3o detectado. A sua natureza transparente permite que a sua bela cole\u00e7\u00e3o seja a estrela do programa. As linhas simples e a constru\u00e7\u00e3o suave criam um visual suave e contempor\u00e2neo que complementa qualquer tipo de design de decora\u00e7\u00e3o, desde o minimalismo moderno ao glamour cl\u00e1ssico de Hollywood. Ao contr\u00e1rio de situa\u00e7\u00f5es volumosas e n\u00e3o transparentes que escondem a sua cole\u00e7\u00e3o, o nosso tabuleiro transforma os seus \u00f3culos de sol numa pe\u00e7a de arte \u00fatil, transformando a sua vaidade, prateleira do arm\u00e1rio ou tampo do arm\u00e1rio numa loja individual.<\/p>\n<p><img decoding=\"async\" class=\"wp-image-1267 size-large\" src=\"https:\/\/customacrylicproduct.com\/wp-content\/uploads\/2025\/07\/Acrylic-Tray-3-1-1024x1024.jpg\" alt=\"Tabuleiro em acr\u00edlico (3)\" width=\"1024\" height=\"1024\" srcset=\"https:\/\/customacrylicproduct.com\/wp-content\/uploads\/2025\/07\/Acrylic-Tray-3-1-1024x1024.jpg 1024w, https:\/\/customacrylicproduct.com\/wp-content\/uploads\/2025\/07\/Acrylic-Tray-3-1-300x300.jpg 300w, https:\/\/customacrylicproduct.com\/wp-content\/uploads\/2025\/07\/Acrylic-Tray-3-1-150x150.jpg 150w, https:\/\/customacrylicproduct.com\/wp-content\/uploads\/2025\/07\/Acrylic-Tray-3-1-768x768.jpg 768w, https:\/\/customacrylicproduct.com\/wp-content\/uploads\/2025\/07\/Acrylic-Tray-3-1-1536x1536.jpg 1536w, https:\/\/customacrylicproduct.com\/wp-content\/uploads\/2025\/07\/Acrylic-Tray-3-1-600x600.jpg 600w, https:\/\/customacrylicproduct.com\/wp-content\/uploads\/2025\/07\/Acrylic-Tray-3-1-100x100.jpg 100w, https:\/\/customacrylicproduct.com\/wp-content\/uploads\/2025\/07\/Acrylic-Tray-3-1.jpg 1600w\" sizes=\"(max-width: 1024px) 100vw, 1024px\" \/><\/p>\n<h4 id=\"-uncompromising-security-for-your-financial-investment-\"><strong>Seguran\u00e7a sem compromissos para o seu investimento financeiro<\/strong><\/h4>\n<p>Os seus \u00f3culos s\u00e3o um investimento. Cada lente \u00e9 uma maravilha do design \u00f3tico e cada estrutura \u00e9 um trabalho fr\u00e1gil de estilo. O nosso organizador de \u00f3culos de sol foi desenvolvido para proteger esse investimento. O tabuleiro inclui v\u00e1rios compartimentos de tamanho completo que acomodam cada conjunto de \u00f3culos de sol individualmente. Esta divis\u00e3o cuidadosa evita a principal raz\u00e3o para danos nos \u00f3culos: arranh\u00f5es. Acabaram-se as lentes que se esfregam umas contra as outras ou que s\u00e3o arranhadas por outros produtos numa gaveta cheia.<\/p>\n<p>A constru\u00e7\u00e3o em acr\u00edlico forte oferece um obst\u00e1culo inflex\u00edvel e seguro contra choques e tens\u00f5es inesperadas que podem flexionar ou quebrar estruturas fr\u00e1geis. Ao manter os seus \u00f3culos de sol bem organizados, tamb\u00e9m os protege do p\u00f3 e das part\u00edculas que podem decidir sobre as lentes e fazer com que o seu m\u00e9todo funcione diretamente em dobradi\u00e7as delicadas. Cada \u00e1rea funciona como uma cole\u00e7\u00e3o privada para os seus \u00f3culos, garantindo que se mant\u00eam em perfeitas condi\u00e7\u00f5es durante anos.<\/p>\n<figure id=\"attachment_1266\" aria-describedby=\"caption-attachment-1266\" style=\"width: 1024px\" class=\"wp-caption aligncenter\"><img decoding=\"async\" class=\"wp-image-1266 size-large\" src=\"https:\/\/customacrylicproduct.com\/wp-content\/uploads\/2025\/07\/Acrylic-Tray-2-1-1024x1024.jpg\" alt=\"Tabuleiro em acr\u00edlico (2)\" width=\"1024\" height=\"1024\" srcset=\"https:\/\/customacrylicproduct.com\/wp-content\/uploads\/2025\/07\/Acrylic-Tray-2-1-1024x1024.jpg 1024w, https:\/\/customacrylicproduct.com\/wp-content\/uploads\/2025\/07\/Acrylic-Tray-2-1-300x300.jpg 300w, https:\/\/customacrylicproduct.com\/wp-content\/uploads\/2025\/07\/Acrylic-Tray-2-1-150x150.jpg 150w, https:\/\/customacrylicproduct.com\/wp-content\/uploads\/2025\/07\/Acrylic-Tray-2-1-768x768.jpg 768w, https:\/\/customacrylicproduct.com\/wp-content\/uploads\/2025\/07\/Acrylic-Tray-2-1-1536x1536.jpg 1536w, https:\/\/customacrylicproduct.com\/wp-content\/uploads\/2025\/07\/Acrylic-Tray-2-1-600x600.jpg 600w, https:\/\/customacrylicproduct.com\/wp-content\/uploads\/2025\/07\/Acrylic-Tray-2-1-100x100.jpg 100w, https:\/\/customacrylicproduct.com\/wp-content\/uploads\/2025\/07\/Acrylic-Tray-2-1.jpg 1920w\" sizes=\"(max-width: 1024px) 100vw, 1024px\" \/><figcaption id=\"caption-attachment-1266\" class=\"wp-caption-text\">Tabuleiro em acr\u00edlico (2)<\/figcaption><\/figure>\n<h4 id=\"-beyond-sunglasses-a-cosmos-of-company-\"><strong>Para al\u00e9m dos \u00f3culos de sol: Um Cosmos de Empresa<\/strong><\/h4>\n<p>Embora perfeitamente concebido para \u00f3culos de sol, o segredo deste organizador reside na sua inacredit\u00e1vel versatilidade - um conceito que se encontra em toda a nossa variedade de op\u00e7\u00f5es comerciais em acr\u00edlico. O mesmo design arrumado e compartimentado que p\u00f5e ordem nos seus \u00f3culos pode mudar outras \u00e1reas da sua vida.<\/p>\n<ul>\n<li><strong>Para quem usa \u00f3culos:\u00a0<\/strong>Mantenha os seus \u00f3culos de an\u00e1lise, \u00f3culos de computador e \u00f3culos graduados organizados e facilmente acess\u00edveis. Coloque-o na sua secret\u00e1ria ou mesa de cabeceira para um suporte elegante e sensato.<\/li>\n<li><strong>Para os amantes de rel\u00f3gios:\u00a0<\/strong>As \u00e1reas s\u00e3o perfeitamente dimensionadas para acolher os encontros de rel\u00f3gios, protegendo-os desde o in\u00edcio e apresentando a sua cole\u00e7\u00e3o com a sofistica\u00e7\u00e3o de uma inst\u00e2ncia de um especialista em j\u00f3ias de primeira qualidade.<\/li>\n<li><strong>Para os entusiastas da joalharia de moda:\u00a0<\/strong>Diga adeus aos colares torcidos e \u00e0 falta de brincos. Utilize o tabuleiro para organizar braceletes robustas, broches de declara\u00e7\u00e3o, an\u00e9is grandes e v\u00e1rios outros acess\u00f3rios que n\u00e3o se adequam \u00e0s caixas de j\u00f3ias de moda normais.<\/li>\n<li><strong>Para o aficionado da maquilhagem:\u00a0<\/strong>Prepare os seus batons preferidos, pequenas paletas de sombras para os olhos ou recipientes de verniz para as unhas para um mostru\u00e1rio de toucador que seja simultaneamente deslumbrante e eficiente.<\/li>\n<li><strong>Para o profissional criativo:\u00a0<\/strong>Tal como se v\u00ea nos nossos organizadores de secret\u00e1ria correspondentes, o acr\u00edlico traz clareza ao seu espa\u00e7o de trabalho. Utilize este tabuleiro para organizar produtos de artesanato, marcadores, fita washi, clipes ou outros pequenos artigos de papelaria, mantendo a sua secret\u00e1ria minimalista e a sua mente concentrada.<\/li>\n<\/ul>\n<p>Este tabuleiro pertence a um conjunto coeso de ferramentas empresariais concebidas para proporcionar harmonia e design a todos os cantos do seu escrit\u00f3rio ou casa. Combine-o com os nossos tabuleiros para cartas em acr\u00edlico, suportes para canetas e coordenadores de v\u00e1rios n\u00edveis para produzir um sistema avan\u00e7ado e combinado que \u00e9 t\u00e3o deslumbrante como pr\u00e1tico.<\/p>\n<h4 id=\"-the-power-of-customization-\"><strong>O poder da personaliza\u00e7\u00e3o<\/strong><\/h4>\n<p>Compreendemos que cada cole\u00e7\u00e3o e cada espa\u00e7o s\u00e3o \u00fanicos. \u00c9 por isso que oferecemos a garantia \u201cCustom\u201d. O tabuleiro b\u00e1sico de 8 compartimentos \u00e9 um excelente ponto de partida, mas as suas necessidades podem ser diferentes. Tem uma cole\u00e7\u00e3o substancial que necessita de muito mais compartimentos? Precisa de um tabuleiro mais comprido e mais fino para caber completamente dentro de um arm\u00e1rio espec\u00edfico ou numa prateleira estreita? Podemos tratar consigo para personalizar as dimens\u00f5es, a variedade de compartimentos e a disposi\u00e7\u00e3o geral para produzir uma solu\u00e7\u00e3o de arruma\u00e7\u00e3o que seja realmente personalizada. Este n\u00edvel de personaliza\u00e7\u00e3o garante que o seu coordenador n\u00e3o \u00e9 simplesmente um produto que compra, mas um item integrado no seu ambiente individual.<\/p>\n<h4 id=\"-made-permanently-constructed-to-last-\"><strong>Fabricado permanentemente, constru\u00eddo para durar<\/strong><\/h4>\n<p>Os nossos coordenadores s\u00e3o fabricados a partir de acr\u00edlico de qualidade superior e duradouro, e n\u00e3o de pl\u00e1stico leve e econ\u00f3mico. Esta op\u00e7\u00e3o de produto oferece uma s\u00e9rie de vantagens distintas:.<\/p>\n<ul>\n<li><strong>Claridade superior:\u00a0<\/strong>Possui uma qualidade \u00f3tica que rivaliza com o vidro, mas sem a sua fragilidade.<\/li>\n<li><strong>Longevidade:\u00a0<\/strong>\u00c9 resistente a estilha\u00e7os e muito mais robusto do que o pl\u00e1stico moldado comum, garantindo que n\u00e3o se parte nem amarelece com o tempo.<\/li>\n<li><strong>Leve:\u00a0<\/strong>Apesar do seu aspeto robusto, o acr\u00edlico \u00e9 leve, o que facilita a sua desloca\u00e7\u00e3o e reorganiza\u00e7\u00e3o \u00e0 medida que as suas necessidades mudam.<\/li>\n<li><strong>F\u00e1cil de limpar:\u00a0<\/strong>Uma limpeza simples com uma toalha macia e h\u00famida \u00e9 tudo o que \u00e9 necess\u00e1rio para manter a sua agenda com um aspeto novo e impec\u00e1vel.<\/li>\n<\/ul>\n<p>Trata-se de um produto concebido para o quotidiano - uma pe\u00e7a cl\u00e1ssica que, certamente, lhe oferecer\u00e1 a perfei\u00e7\u00e3o durante muitos anos.<\/p>\n<h4 id=\"-elevate-your-day-to-day-\"><strong>Elevar o seu dia a dia<\/strong><\/h4>\n<p>O tabuleiro acr\u00edlico para \u00f3culos de sol feito \u00e0 medida \u00e9 mais do que uma simples arruma\u00e7\u00e3o. \u00c9 um compromisso com um estilo de vida organizado. \u00c9 a sensa\u00e7\u00e3o de calma que adv\u00e9m de uma \u00e1rea organizada. \u00c9 o pequeno prazer de ver os seus pontos impressionantes apresentados com cuidado. \u00c9 uma declara\u00e7\u00e3o sobre a forma como valoriza os seus pertences e a sua satisfa\u00e7\u00e3o.<\/p>\n<p>Deixe de esconder o seu design. Deixe de procurar no dia a dia. Deixe a sua cole\u00e7\u00e3o brilhar.<\/p>\n<p>Encomende hoje o seu porta-\u00f3culos em pol\u00edmero personalizado e descubra a fus\u00e3o perfeita de beleza, defesa e companhia. D\u00ea aos seus dispositivos valiosos a casa a que realmente t\u00eam direito.<\/p>","protected":false},"excerpt":{"rendered":"<p class=\"ng-star-inserted\"><span class=\"ng-star-inserted\">Exiba os seus \u00f3culos com estilo! O nosso tabuleiro personalizado em acr\u00edlico transparente para \u00f3culos de sol organiza e protege a sua cole\u00e7\u00e3o. Com v\u00e1rios compartimentos, mant\u00e9m os \u00f3culos sem riscos e f\u00e1ceis de encontrar. Uma solu\u00e7\u00e3o de arruma\u00e7\u00e3o elegante para qualquer lavat\u00f3rio ou gaveta.<\/span><\/p>","protected":false},"featured_media":1265,"template":"","meta":{"_kad_post_transparent":"default","_kad_post_title":"","_kad_post_layout":"default","_kad_post_sidebar_id":"","_kad_post_content_style":"default","_kad_post_vertical_padding":"default","_kad_post_feature":"","_kad_post_feature_position":"","_kad_post_header":false,"_kad_post_footer":false,"_kad_post_classname":""},"product_brand":[],"product_cat":[22],"product_tag":[130],"class_list":{"0":"post-1264","1":"product","2":"type-product","3":"status-publish","4":"has-post-thumbnail","6":"product_cat-custom-acrylic-trays","7":"product_tag-acrylic-sun-glass-tray","9":"first","10":"instock","11":"shipping-taxable","12":"product-type-simple","13":"entry","14":"content-bg","15":"loop-entry"},"_links":{"self":[{"href":"https:\/\/customacrylicproduct.com\/pt\/wp-json\/wp\/v2\/product\/1264","targetHints":{"allow":["GET"]}}],"collection":[{"href":"https:\/\/customacrylicproduct.com\/pt\/wp-json\/wp\/v2\/product"}],"about":[{"href":"https:\/\/customacrylicproduct.com\/pt\/wp-json\/wp\/v2\/types\/product"}],"wp:featuredmedia":[{"embeddable":true,"href":"https:\/\/customacrylicproduct.com\/pt\/wp-json\/wp\/v2\/media\/1265"}],"wp:attachment":[{"href":"https:\/\/customacrylicproduct.com\/pt\/wp-json\/wp\/v2\/media?parent=1264"}],"wp:term":[{"taxonomy":"product_brand","embeddable":true,"href":"https:\/\/customacrylicproduct.com\/pt\/wp-json\/wp\/v2\/product_brand?post=1264"},{"taxonomy":"product_cat","embeddable":true,"href":"https:\/\/customacrylicproduct.com\/pt\/wp-json\/wp\/v2\/product_cat?post=1264"},{"taxonomy":"product_tag","embeddable":true,"href":"https:\/\/customacrylicproduct.com\/pt\/wp-json\/wp\/v2\/product_tag?post=1264"}],"curies":[{"name":"wp","href":"https:\/\/api.w.org\/{rel}","templated":true}]}}