{"id":1276,"date":"2025-07-18T08:17:30","date_gmt":"2025-07-18T08:17:30","guid":{"rendered":"https:\/\/customacrylicproduct.com\/?post_type=product&#038;p=1276"},"modified":"2025-07-18T08:17:30","modified_gmt":"2025-07-18T08:17:30","slug":"custom-acrylic-crystal-trophy-for-events-and-awards","status":"publish","type":"product","link":"https:\/\/customacrylicproduct.com\/pt\/custom-acrylic-crystal-trophy-for-events-and-awards\/","title":{"rendered":"Trof\u00e9u de cristal acr\u00edlico personalizado para eventos e pr\u00e9mios"},"content":{"rendered":"<h3 id=\"-the-pinnacle-of-acknowledgment-the-custom-acrylic-crystal-trophy-for-extraordinary-moments-\"><strong>O pin\u00e1culo do reconhecimento: O Trof\u00e9u de Cristal Acr\u00edlico Personalizado para Momentos Extraordin\u00e1rios<\/strong><\/h3>\n<p>Num mundo de felicita\u00e7\u00f5es electr\u00f3nicas de curta dura\u00e7\u00e3o e realiza\u00e7\u00f5es transit\u00f3rias, um emblema f\u00edsico de sucesso \u00e9 um testemunho eterno de empenho, qualidade e vit\u00f3ria. Uma homenagem \u00e9 mais do que apenas um objeto; \u00e9 o culminar de um trabalho \u00e1rduo, o s\u00edmbolo de um objetivo alcan\u00e7ado e uma fonte de ideias para os anos vindouros. Apresentamos o Trof\u00e9u de Cristal Acr\u00edlico Personalizado para Ocasi\u00f5es e Honras - uma obra-prima de layout moderno e narrativa personalizada, criada para honrar o extraordin\u00e1rio e celebrar o triunfante.<\/p>\n<p>Este n\u00e3o \u00e9 o seu pr\u00e9mio tradicional e pesado. Trata-se de um objeto de afirma\u00e7\u00e3o, uma escultura art\u00edstica criada para o empreendedor moderno. Tal como se pode ver nas imagens, este pr\u00e9mio redefine o reconhecimento com a sua forma vibrante, clareza deslumbrante e possibilidade ilimitada de personaliza\u00e7\u00e3o. Ultrapassa o previsto, fornecendo um meio avan\u00e7ado e inesquec\u00edvel para homenagear qualquer marco, desde a excel\u00eancia empresarial e a exibi\u00e7\u00e3o do sucesso at\u00e9 \u00e0s distin\u00e7\u00f5es escolares e contribui\u00e7\u00f5es para a vizinhan\u00e7a.<\/p>\n<p><img fetchpriority=\"high\" decoding=\"async\" class=\"size-full wp-image-1278\" src=\"https:\/\/customacrylicproduct.com\/wp-content\/uploads\/2025\/07\/Custom-Acrylic-Crystal-Trophy-2.jpg\" alt=\"Trof\u00e9u de cristal acr\u00edlico personalizado (2)\" width=\"800\" height=\"800\" srcset=\"https:\/\/customacrylicproduct.com\/wp-content\/uploads\/2025\/07\/Custom-Acrylic-Crystal-Trophy-2.jpg 800w, https:\/\/customacrylicproduct.com\/wp-content\/uploads\/2025\/07\/Custom-Acrylic-Crystal-Trophy-2-300x300.jpg 300w, https:\/\/customacrylicproduct.com\/wp-content\/uploads\/2025\/07\/Custom-Acrylic-Crystal-Trophy-2-150x150.jpg 150w, https:\/\/customacrylicproduct.com\/wp-content\/uploads\/2025\/07\/Custom-Acrylic-Crystal-Trophy-2-768x768.jpg 768w, https:\/\/customacrylicproduct.com\/wp-content\/uploads\/2025\/07\/Custom-Acrylic-Crystal-Trophy-2-600x600.jpg 600w, https:\/\/customacrylicproduct.com\/wp-content\/uploads\/2025\/07\/Custom-Acrylic-Crystal-Trophy-2-100x100.jpg 100w\" sizes=\"(max-width: 800px) 100vw, 800px\" \/><\/p>\n<p><strong>Uma sinfonia de layout e material<\/strong><\/p>\n<p>A impress\u00e3o deste pr\u00e9mio \u00e9 de uma eleg\u00e2ncia e de um movimento impressionantes. A sua forma, que faz lembrar uma vela a desfraldar ou uma fita vibrante e abstrata, regista uma sensa\u00e7\u00e3o de energia e de desejo. Trata-se de um estilo que n\u00e3o se limita a repousar numa prateleira, mas que chama a aten\u00e7\u00e3o e narra a progress\u00e3o e o sucesso.<\/p>\n<p><strong>Principais atributos do layout:<\/strong><\/p>\n<ul>\n<li><strong>Forma escultural:\u00a0<\/strong>O texto do trof\u00e9u \u00e9 uma pe\u00e7a solit\u00e1ria, artisticamente moldada, de acr\u00edlico de alta qualidade. Os cortes desequilibrados e angulares incorporados com um lado superior curvado com dignidade criam uma tens\u00e3o est\u00e9tica que \u00e9 simultaneamente surpreendente e unificada. O trof\u00e9u n\u00e3o tem as formas est\u00e1ticas e equilibradas das homenagens tradicionais, o que o torna excelente para marcas com vis\u00e3o de futuro, ocasi\u00f5es inovadoras e sucessos modernos.<\/li>\n<li><strong>Base imaculada:\u00a0<\/strong>O componente escultural est\u00e1 firmemente montado numa base s\u00f3lida, em forma de ret\u00e2ngulo, feita exatamente do mesmo acr\u00edlico perfeito. Esta base funciona como um plinto est\u00e1vel e consider\u00e1vel, que serve de base \u00e0 forma vibrante que se encontra por cima. Os seus lados polidos e transparentes produzem um deslumbrante jogo de luzes, oferecendo a todo o objeto uma sensa\u00e7\u00e3o de leveza e estatuto, como se o feito que representa estivesse a flutuar no ar.<\/li>\n<li><strong>O efeito \u201cCristal\u201d:\u00a0<\/strong>Embora fabricado em acr\u00edlico de alto desempenho, este trof\u00e9u ganha o seu nome \u201cCristal\u201d devido \u00e0 sua fenomenal clareza \u00f3tica. Utilizamos apenas folhas de acr\u00edlico de qualidade superior, opticamente puras, que utilizam a transpar\u00eancia e o brilho do verdadeiro cristal sem a sua delicadeza e peso. O produto \u00e9 habilmente cortado a laser para garantir arestas operativamente precisas, que s\u00e3o depois polidas \u00e0 m\u00e3o com diamante para um acabamento luminoso semelhante ao vidro. Este processo permite que a luz passe e se refracte maravilhosamente, criando um impacto deslumbrante que melhora o seu valor percebido.<\/li>\n<\/ul>\n<p><strong>A tela para a sua hist\u00f3ria: Personaliza\u00e7\u00e3o sem igual<\/strong><\/p>\n<p>O que transforma este ador\u00e1vel objeto numa recorda\u00e7\u00e3o querida \u00e9 a sua capacidade de personaliza\u00e7\u00e3o. As superf\u00edcies lisas e largas do acr\u00edlico s\u00e3o uma tela vazia \u00e0 espera da sua hist\u00f3ria especial. Utilizando a moderna tecnologia de impress\u00e3o UV a cores, podemos dar vida a qualquer tipo de vis\u00e3o com uma informa\u00e7\u00e3o e uma vibra\u00e7\u00e3o de cortar a respira\u00e7\u00e3o.<\/p>\n<p><img decoding=\"async\" class=\"size-full wp-image-1279\" src=\"https:\/\/customacrylicproduct.com\/wp-content\/uploads\/2025\/07\/Custom-Acrylic-Crystal-Trophy-3.jpg\" alt=\"Trof\u00e9u de cristal acr\u00edlico personalizado (3)\" width=\"800\" height=\"800\" srcset=\"https:\/\/customacrylicproduct.com\/wp-content\/uploads\/2025\/07\/Custom-Acrylic-Crystal-Trophy-3.jpg 800w, https:\/\/customacrylicproduct.com\/wp-content\/uploads\/2025\/07\/Custom-Acrylic-Crystal-Trophy-3-300x300.jpg 300w, https:\/\/customacrylicproduct.com\/wp-content\/uploads\/2025\/07\/Custom-Acrylic-Crystal-Trophy-3-150x150.jpg 150w, https:\/\/customacrylicproduct.com\/wp-content\/uploads\/2025\/07\/Custom-Acrylic-Crystal-Trophy-3-768x768.jpg 768w, https:\/\/customacrylicproduct.com\/wp-content\/uploads\/2025\/07\/Custom-Acrylic-Crystal-Trophy-3-600x600.jpg 600w, https:\/\/customacrylicproduct.com\/wp-content\/uploads\/2025\/07\/Custom-Acrylic-Crystal-Trophy-3-100x100.jpg 100w\" sizes=\"(max-width: 800px) 100vw, 800px\" \/><\/p>\n<p><strong>O nosso processo de personaliza\u00e7\u00e3o permite:<\/strong><\/p>\n<ul>\n<li><strong>Gr\u00e1ficos vibrantes e a cores:\u00a0<\/strong>Como se pode ver no exemplo da homenagem \u201cI-KARATE GLOBAL\u201d, o nosso processo de impress\u00e3o pode duplicar gradientes de tonalidade complicados, log\u00f3tipos elaborados e imagens vibrantes. A descolora\u00e7\u00e3o verde-mar na amostra do trof\u00e9u demonstra uma utiliza\u00e7\u00e3o suave mas impactante da tonalidade que combina com a forma moderna. Quer pretenda cores fortes e s\u00f3lidas para a sua marca ou desenhos subtis e imaginativos, o resultado \u00e9 sempre n\u00edtido, saturado e impressionante.<\/li>\n<li><strong>Texto n\u00edtido e leg\u00edvel:\u00a0<\/strong>A abordagem de impress\u00e3o UV garante que cada letra, n\u00famero e linha de mensagem seja fornecida com clareza ideal. Desde o t\u00edtulo e o dia do evento (\u201d WORLD fourth CUP, 24-26 APRIL 2020\u2033) at\u00e9 ao nome do destinat\u00e1rio, organiza\u00e7\u00e3o ou uma determinada mensagem de recomenda\u00e7\u00e3o, a tipografia ser\u00e1 certamente perfeitamente n\u00edtida e simples de ler.<\/li>\n<li><strong>Conce\u00e7\u00e3o do log\u00f3tipo e assimila\u00e7\u00e3o do nome da marca:\u00a0<\/strong>Integre perfeitamente os log\u00f3tipos da sua empresa, evento ou inscri\u00e7\u00e3o no design. O nosso grupo ir\u00e1 certamente colaborar consigo para garantir que a sua marca \u00e9 representada de forma precisa e elegante, mantendo a estabilidade da sua identifica\u00e7\u00e3o est\u00e9tica ao mesmo tempo que aumenta o visual total do pr\u00e9mio.<\/li>\n<li><strong>Consequ\u00eancias divididas e geladas:\u00a0<\/strong>Para al\u00e9m da impress\u00e3o direta, podemos explorar t\u00e9cnicas sofisticadas como a impress\u00e3o invertida (impress\u00e3o no verso para uma sensa\u00e7\u00e3o de profundidade), superf\u00edcies foscas para um toque de beleza suave ou a incorpora\u00e7\u00e3o de aspectos transparentes e n\u00e3o transparentes para criar um pr\u00e9mio verdadeiramente distinto e multidimensional.<\/li>\n<\/ul>\n<p><strong>Flexibilidade para todas as ocasi\u00f5es<\/strong><\/p>\n<p>A est\u00e9tica moderna e a natureza personalizada deste pr\u00e9mio em acr\u00edlico fazem dele a melhor op\u00e7\u00e3o para uma variedade excecional de eventos e programas de reconhecimento.<\/p>\n<ul>\n<li><strong>Distin\u00e7\u00f5es empresariais:\u00a0<\/strong>Melhore os programas de reconhecimento dos seus funcion\u00e1rios. Perfeito para \u201cEmpregado do M\u00eas\u201d, \u201cVendedor do Ano\u201d, \u201cHonras de Promo\u00e7\u00e3o\u201d, \u201cHomenagens da Dire\u00e7\u00e3o\u201d e presentes de reforma. O seu layout simples mostra uma cultura empresarial moderna e especializada.<\/li>\n<li><strong>Ocasi\u00f5es desportivas:\u00a0<\/strong>O melhor pr\u00e9mio para eventos, campeonatos e distin\u00e7\u00f5es de MVP. A forma vibrante \u00e9 particularmente adequada para actividades desportivas que personificam velocidade, gra\u00e7a e estrat\u00e9gia, tais como estilos de luta, dan\u00e7a, acrobacias ou desportos motorizados.<\/li>\n<li><strong>Sucesso acad\u00e9mico e escolar:\u00a0<\/strong>Homenageie os melhores alunos, os campe\u00f5es da competi\u00e7\u00e3o, os professores e os licenciados diferenciados com um pr\u00e9mio que \u00e9 t\u00e3o inteligente e inovador como as suas realiza\u00e7\u00f5es.<\/li>\n<li><strong>Reconhecimento de \u00e1rea e sem fins lucrativos:\u00a0<\/strong>Programa profunda admira\u00e7\u00e3o pelos volunt\u00e1rios, colaboradores, filantropos e l\u00edderes de bairro. Este trof\u00e9u \u00e9 um agradecimento bonito e duradouro pelos seus inestim\u00e1veis pagamentos.<\/li>\n<li><strong>Artes e ind\u00fastrias criativas:\u00a0<\/strong>Desde pr\u00e9mios para eventos cinematogr\u00e1ficos a pr\u00e9mios para concorrentes, a sua forma art\u00edstica faz com que seja um tributo adequado para comemorar a criatividade e a qualidade art\u00edstica.<\/li>\n<\/ul>\n<p><strong>O benef\u00edcio duradouro do pol\u00edmero<\/strong><\/p>\n<p>A escolha de um pr\u00e9mio em cristal acr\u00edlico apresenta uma s\u00e9rie de vantagens pr\u00e1ticas que o tornam superior a materiais t\u00edpicos como o vidro ou o cristal.<\/p>\n<ol>\n<li><strong>Robustez e seguran\u00e7a:\u00a0<\/strong>O pol\u00edmero \u00e9 consideravelmente mais resistente a estilha\u00e7os do que o vidro. Isto torna-o uma lembran\u00e7a mais segura e muito mais resistente, menos suscet\u00edvel de ser danificada durante a apresenta\u00e7\u00e3o, o transporte ou o ecr\u00e3.<\/li>\n<li><strong>Leve:\u00a0<\/strong>Apesar do seu aspeto substancial, o pol\u00edmero \u00e9 muito mais leve do que o cristal, o que facilita muito o seu manuseamento, exist\u00eancia e expedi\u00e7\u00e3o, reduzindo as despesas e os obst\u00e1culos log\u00edsticos.<\/li>\n<li><strong>Clareza superior:\u00a0<\/strong>Os custos do acr\u00edlico n\u00e3o amarelecem gradualmente, assegurando que o pr\u00e9mio continua imaculado e grande durante d\u00e9cadas, preservando a mem\u00f3ria do sucesso que representa.<\/li>\n<li><strong>Design Liberty:\u00a0<\/strong>A trabalhabilidade do acr\u00edlico permite formas mais complexas e criativas do que as que s\u00e3o normalmente poss\u00edveis ou rent\u00e1veis com vidro ou cristal, dando-lhe maior flexibilidade para desenvolver um pr\u00e9mio absolutamente distinto.<\/li>\n<\/ol>\n<p><strong>Crie o seu legado<\/strong><\/p>\n<p>Todos os feitos merecem ser comemorados. Permita-nos ajud\u00e1-lo a produzir um \u00edcone de reconhecimento que seja t\u00e3o \u00fanico e extraordin\u00e1rio como o feito que homenageia. O nosso grupo de programadores est\u00e1 pronto para trabalhar consigo, transformando a sua vis\u00e3o numa homenagem concreta, encantadora e significativa.<\/p>\n<p>Comemorar o sucesso. Honrar a dedica\u00e7\u00e3o. Inspirar o sucesso futuro. Selecione o Pr\u00e9mio de Cristal de Pol\u00edmero Personalizado e proporcione uma homenagem que ser\u00e1 certamente apreciada durante toda a vida.<\/p>","protected":false},"excerpt":{"rendered":"<p class=\"ng-star-inserted\"><span class=\"ng-star-inserted\">Reconhe\u00e7a a excel\u00eancia com este moderno trof\u00e9u em acr\u00edlico personalizado. A sua forma \u00fanica e din\u00e2mica apresenta uma impress\u00e3o a cores vibrante para o seu log\u00f3tipo e texto, tudo assente numa base resistente e cristalina. Ideal para eventos empresariais, competi\u00e7\u00f5es desportivas e cerim\u00f3nias de entrega de pr\u00e9mios.<\/span><\/p>","protected":false},"featured_media":1279,"template":"","meta":{"_kad_post_transparent":"default","_kad_post_title":"","_kad_post_layout":"default","_kad_post_sidebar_id":"","_kad_post_content_style":"default","_kad_post_vertical_padding":"default","_kad_post_feature":"","_kad_post_feature_position":"","_kad_post_header":false,"_kad_post_footer":false,"_kad_post_classname":""},"product_brand":[],"product_cat":[19],"product_tag":[132],"class_list":{"0":"post-1276","1":"product","2":"type-product","3":"status-publish","4":"has-post-thumbnail","6":"product_cat-custom-acrylic-trophies-awards","7":"product_tag-custom-acrylic-crystal-trophy","9":"first","10":"instock","11":"shipping-taxable","12":"product-type-simple","13":"entry","14":"content-bg","15":"loop-entry"},"_links":{"self":[{"href":"https:\/\/customacrylicproduct.com\/pt\/wp-json\/wp\/v2\/product\/1276","targetHints":{"allow":["GET"]}}],"collection":[{"href":"https:\/\/customacrylicproduct.com\/pt\/wp-json\/wp\/v2\/product"}],"about":[{"href":"https:\/\/customacrylicproduct.com\/pt\/wp-json\/wp\/v2\/types\/product"}],"wp:featuredmedia":[{"embeddable":true,"href":"https:\/\/customacrylicproduct.com\/pt\/wp-json\/wp\/v2\/media\/1279"}],"wp:attachment":[{"href":"https:\/\/customacrylicproduct.com\/pt\/wp-json\/wp\/v2\/media?parent=1276"}],"wp:term":[{"taxonomy":"product_brand","embeddable":true,"href":"https:\/\/customacrylicproduct.com\/pt\/wp-json\/wp\/v2\/product_brand?post=1276"},{"taxonomy":"product_cat","embeddable":true,"href":"https:\/\/customacrylicproduct.com\/pt\/wp-json\/wp\/v2\/product_cat?post=1276"},{"taxonomy":"product_tag","embeddable":true,"href":"https:\/\/customacrylicproduct.com\/pt\/wp-json\/wp\/v2\/product_tag?post=1276"}],"curies":[{"name":"wp","href":"https:\/\/api.w.org\/{rel}","templated":true}]}}