{"id":1281,"date":"2025-07-18T08:22:12","date_gmt":"2025-07-18T08:22:12","guid":{"rendered":"https:\/\/customacrylicproduct.com\/?post_type=product&#038;p=1281"},"modified":"2025-07-18T08:30:55","modified_gmt":"2025-07-18T08:30:55","slug":"custom-generic-round-glass-vase-acrylic-vase-home-decoration","status":"publish","type":"product","link":"https:\/\/customacrylicproduct.com\/pt\/custom-generic-round-glass-vase-acrylic-vase-home-decoration\/","title":{"rendered":"Vaso de vidro redondo gen\u00e9rico personalizado Vaso acr\u00edlico Decora\u00e7\u00e3o de casa"},"content":{"rendered":"<h3 id=\"the-arch-orb-sculptural-coordinator-where-practical-design-meets-spirited-creativity\">O coordenador escultural \u201cArch &amp; Orb\u201d: Onde o design pr\u00e1tico encontra a criatividade espirituosa<\/h3>\n<p>Num mundo saturado com o mundano, acreditamos que as coisas que nos rodeiam t\u00eam de fazer mais do que servir um objetivo - devem inspirar, encantar e contar uma hist\u00f3ria. Apresentamos-lhe o Organizador Escultural \u201cArch &amp; Orb\u201d, uma aula magistral de design moderno que, sem esfor\u00e7o, obscurece as linhas entre um acess\u00f3rio funcional de secret\u00e1ria, um elegante porta-flores e uma pe\u00e7a aut\u00f3noma de arte contempor\u00e2nea. N\u00e3o se trata apenas de um contentor; \u00e9 uma experi\u00eancia com curadoria, uma explos\u00e3o de brilho de constru\u00e7\u00e3o concebida para elevar o quotidiano e transformar o seu espa\u00e7o individual numa galeria criada por si.<\/p>\n<p><img fetchpriority=\"high\" decoding=\"async\" class=\"size-full wp-image-1285 aligncenter\" src=\"https:\/\/customacrylicproduct.com\/wp-content\/uploads\/2025\/07\/Custom-Generic-Round-Glass-Vase-4.jpg\" alt=\"Vaso de vidro redondo gen\u00e9rico personalizado (4)\" width=\"800\" height=\"800\" srcset=\"https:\/\/customacrylicproduct.com\/wp-content\/uploads\/2025\/07\/Custom-Generic-Round-Glass-Vase-4.jpg 800w, https:\/\/customacrylicproduct.com\/wp-content\/uploads\/2025\/07\/Custom-Generic-Round-Glass-Vase-4-300x300.jpg 300w, https:\/\/customacrylicproduct.com\/wp-content\/uploads\/2025\/07\/Custom-Generic-Round-Glass-Vase-4-150x150.jpg 150w, https:\/\/customacrylicproduct.com\/wp-content\/uploads\/2025\/07\/Custom-Generic-Round-Glass-Vase-4-768x768.jpg 768w, https:\/\/customacrylicproduct.com\/wp-content\/uploads\/2025\/07\/Custom-Generic-Round-Glass-Vase-4-600x600.jpg 600w, https:\/\/customacrylicproduct.com\/wp-content\/uploads\/2025\/07\/Custom-Generic-Round-Glass-Vase-4-100x100.jpg 100w\" sizes=\"(max-width: 800px) 100vw, 800px\" \/><\/p>\n<h4 id=\"a-harmony-of-kind-and-shade\">Uma harmonia de tipo e sombra<\/h4>\n<p>Na sua ess\u00eancia, o estilo do \u201cArc &amp; Orb\u201d \u00e9 uma festa de puro tipo geom\u00e9trico. A estrutura \u00e9 composta por 2 pain\u00e9is paralelos de acr\u00edlico transparente de alta qualidade, cada um deles formado num arco perfeito e elegante. Estes arcos criam uma sensa\u00e7\u00e3o de gra\u00e7a arquitet\u00f3nica e de abertura, estimulando imagens de pilares tradicionais ou de paisagens urbanas futuristas. A escolha de um azul vivo e el\u00e9trico \u00e9 deliberada e impactante. Esta n\u00e3o \u00e9 uma cor passiva; \u00e9 uma cor que comanda a concentra\u00e7\u00e3o, irradiando confian\u00e7a, criatividade e calma. A claridade do acr\u00edlico permite a passagem da luz, produzindo uma dan\u00e7a cativante de escurid\u00e3o e cor refractada que se altera com a luz do dia, fazendo com que o item se sinta realmente ativo e din\u00e2mico.<\/p>\n<p>Aninhado entre estes dois arcos, encontra-se um recipiente funcional em forma de U, que confere o desempenho central do objeto. No entanto, \u00e9 o toque final audacioso que define verdadeiramente este objeto: uma \u00fanica esfera brilhante num amarelo otimista e banhado pelo sol. Esta esfera aparece \u00e0 deriva, capturada num momento de suspens\u00e3o animada contra o espantoso fundo azul. O contraste \u00e9 el\u00e9trico. A esfera quebra a simetria oficial dos arcos, introduzindo uma componente de surpresa e fantasia. Esta intera\u00e7\u00e3o entre as linhas organizadas dos arcos e a curva natural da esfera \u00e9 o cora\u00e7\u00e3o do mago do design, simbolizando um equil\u00edbrio perfeito entre ordem e espontaneidade, classe e prazer. \u00c9 uma linguagem de estilo que dialoga com a influ\u00eancia da equipa de Memphis, que defendia tons vibrantes, formas geom\u00e9tricas e uma nega\u00e7\u00e3o da austeridade minimalista em favor de objectos expressivos e cheios de car\u00e1cter.<\/p>\n<p><img decoding=\"async\" class=\"size-full wp-image-1284 aligncenter\" src=\"https:\/\/customacrylicproduct.com\/wp-content\/uploads\/2025\/07\/Custom-Generic-Round-Glass-Vase-3.jpg\" alt=\"Vaso de vidro redondo gen\u00e9rico personalizado (3)\" width=\"800\" height=\"800\" srcset=\"https:\/\/customacrylicproduct.com\/wp-content\/uploads\/2025\/07\/Custom-Generic-Round-Glass-Vase-3.jpg 800w, https:\/\/customacrylicproduct.com\/wp-content\/uploads\/2025\/07\/Custom-Generic-Round-Glass-Vase-3-300x300.jpg 300w, https:\/\/customacrylicproduct.com\/wp-content\/uploads\/2025\/07\/Custom-Generic-Round-Glass-Vase-3-150x150.jpg 150w, https:\/\/customacrylicproduct.com\/wp-content\/uploads\/2025\/07\/Custom-Generic-Round-Glass-Vase-3-768x768.jpg 768w, https:\/\/customacrylicproduct.com\/wp-content\/uploads\/2025\/07\/Custom-Generic-Round-Glass-Vase-3-600x600.jpg 600w, https:\/\/customacrylicproduct.com\/wp-content\/uploads\/2025\/07\/Custom-Generic-Round-Glass-Vase-3-100x100.jpg 100w\" sizes=\"(max-width: 800px) 100vw, 800px\" \/><\/p>\n<h4 id=\"unparalleled-flexibility-a-things-of-infinite-possibilities\">Flexibilidade sem igual: Uma Coisa de Infinitas Possibilidades<\/h4>\n<p>O verdadeiro atrativo do coordenador \u201cArch &amp; Orb\u201d reside na sua incr\u00edvel versatilidade. A sua disposi\u00e7\u00e3o cuidada permite-lhe adaptar-se sem esfor\u00e7o \u00e0s suas necessidades, ao seu design e \u00e0 sua vida.<\/p>\n<ul>\n<li><strong>Para o perito moderno:\u00a0<\/strong>Reimagine o seu escrit\u00f3rio. Como propriet\u00e1rio de uma caneta e de um l\u00e1pis, confere um grau de estilo inigual\u00e1vel \u00e0 sua secret\u00e1ria. Diga adeus aos copos desarrumados e sem inspira\u00e7\u00e3o e adopte um item que organiza os seus dispositivos cruciais enquanto funciona como um recurso de motiva\u00e7\u00e3o criativa. \u00c9 uma declara\u00e7\u00e3o de que valoriza a disposi\u00e7\u00e3o, o pensamento criativo e uma mente organizada.<\/li>\n<li><strong>Para o conhecedor de charme:\u00a0<\/strong>Transforme o seu toucador num abrigo elegante e organizado. O suporte tem um tamanho perfeito para pinc\u00e9is de maquilhagem, eyeliners, brilhos labiais e v\u00e1rios outros utens\u00edlios de cosm\u00e9tica. As cores vivas dar\u00e3o um toque de glamour \u00e0 sua rotina matinal, fazendo com que o ato de se preparar seja um ritual criativo.<\/li>\n<li><strong>Para o decorador perspicaz:\u00a0<\/strong>Utilize-o como um suporte de flores contempor\u00e2neo para mostrar a beleza da natureza sob uma nova luz. Embora n\u00e3o se destine a um bouquet completo, \u00e9 um excelente recipiente para um \u00fanico e not\u00e1vel caule, alguns ramos de eucalipto perfumado ou uma pluma de fr\u00e1gil relva dos pampas (como maravilhosamente sugerido na imagem da forma de vida). O contraste entre a estrutura natural das plantas e as linhas sint\u00e9ticas do acr\u00edlico produz uma discuss\u00e3o est\u00e9tica magn\u00edfica.<\/li>\n<li><strong>Para o artista e o designer:\u00a0<\/strong>Tenha sempre \u00e0 m\u00e3o os seus pinc\u00e9is mais utilizados, os dispositivos de moldagem ou os l\u00e1pis de cor. Este propriet\u00e1rio \u00e9 um tributo ao pr\u00f3prio procedimento inovador, uma casa adequada para os instrumentos que d\u00e3o vida \u00e0s suas pr\u00f3prias vis\u00f5es.<\/li>\n<li><strong>Como escultura aut\u00f3noma:\u00a0<\/strong>Muitas vezes, a melhor fun\u00e7\u00e3o de um objeto \u00e9 simplesmente ser deslumbrante. Coloque o \u201cArc &amp; Orb\u201d numa estante, numa lareira ou numa mesa de consola de entrada e deixe-o falar por si. \u00c9 um iniciador de conversa, um objeto de arte que pode ser obtido e que infunde individualidade e um lado inovador e contempor\u00e2neo em qualquer tipo de plano de decora\u00e7\u00e3o de interiores.<\/li>\n<\/ul>\n<p><img decoding=\"async\" class=\"size-full wp-image-1282 aligncenter\" src=\"https:\/\/customacrylicproduct.com\/wp-content\/uploads\/2025\/07\/Custom-Generic-Round-Glass-Vase-1.jpg\" alt=\"Vaso de vidro redondo gen\u00e9rico personalizado (1)\" width=\"800\" height=\"800\" srcset=\"https:\/\/customacrylicproduct.com\/wp-content\/uploads\/2025\/07\/Custom-Generic-Round-Glass-Vase-1.jpg 800w, https:\/\/customacrylicproduct.com\/wp-content\/uploads\/2025\/07\/Custom-Generic-Round-Glass-Vase-1-300x300.jpg 300w, https:\/\/customacrylicproduct.com\/wp-content\/uploads\/2025\/07\/Custom-Generic-Round-Glass-Vase-1-150x150.jpg 150w, https:\/\/customacrylicproduct.com\/wp-content\/uploads\/2025\/07\/Custom-Generic-Round-Glass-Vase-1-768x768.jpg 768w, https:\/\/customacrylicproduct.com\/wp-content\/uploads\/2025\/07\/Custom-Generic-Round-Glass-Vase-1-600x600.jpg 600w, https:\/\/customacrylicproduct.com\/wp-content\/uploads\/2025\/07\/Custom-Generic-Round-Glass-Vase-1-100x100.jpg 100w\" sizes=\"(max-width: 800px) 100vw, 800px\" \/><\/p>\n<h4 id=\"superior-craftsmanship-and-product\">Artesanato e produto de qualidade superior<\/h4>\n<p>Esta pe\u00e7a \u00e9 totalmente fabricada em acr\u00edlico de qualidade superior (tamb\u00e9m chamado plexiglass ou lucite), escolhido pelas suas qualidades superiores fenomenais. Ao contr\u00e1rio do vidro, o pol\u00edmero \u00e9 leve e resistente aos estilha\u00e7os, garantindo resili\u00eancia e paz de esp\u00edrito. O seu atributo mais excecional \u00e9 a sua clareza \u00f3tica, que ultrapassa a do vidro, permitindo uma transmiss\u00e3o mais pura e mais fant\u00e1stica da cor e da luz. Os lados s\u00e3o cortados com precis\u00e3o, revelando a profundidade e a estrutura do produto, enquanto as zonas superficiais s\u00e3o iluminadas com um acabamento not\u00e1vel. A esfera amarela din\u00e2mica \u00e9 integrada de forma segura e sem esfor\u00e7o no estilo, um testemunho da qualidade da constru\u00e7\u00e3o e da aten\u00e7\u00e3o \u00e0 informa\u00e7\u00e3o.<\/p>\n<h4 id=\"the-power-of-modification\">O poder da modifica\u00e7\u00e3o<\/h4>\n<p>Compreendemos que o design individual \u00e9 especial. Mostrando a natureza \u201cpersonalizada\u201d desta oferta, o \u201cArc &amp; Orb\u201d pode ser adaptado \u00e0 sua vis\u00e3o est\u00e9tica particular. Visualize este design deslumbrante numa paleta diferente: um cinzento esfumado com um toque de rosa n\u00e9on, um acr\u00edlico transparente inovador com uma esfera esmeralda profunda, ou um \u00e2mbar quente com uma esfera branca tradicional. As possibilidades s\u00e3o limitadas apenas pela sua imagina\u00e7\u00e3o. Esta modifica\u00e7\u00e3o faz com que seja uma op\u00e7\u00e3o perfeita para presentes de empresas, colabora\u00e7\u00f5es com marcas ou para criar um objeto absolutamente \u00fanico para a sua casa.<\/p>\n<h4 id=\"an-invite-to-redefine-your-room\">Um convite para redefinir o seu quarto<\/h4>\n<p>O organizador escultural \u201cArc &amp; Orb\u201d \u00e9 mais do que um simples produto; \u00e9 um convite. \u00c9 um convite a libertar-se das conven\u00e7\u00f5es, a dar as boas-vindas \u00e0 cor e \u00e0 gentileza, e a encontrar prazer nos pequenos e encantadores detalhes do seu ambiente. \u00c9 uma pe\u00e7a para o forte, o imaginativo e o indiv\u00edduo consciente do design que compreende que as \u00e1reas que habitamos s\u00e3o extens\u00f5es de n\u00f3s pr\u00f3prios.<\/p>\n<p>Compre uma pe\u00e7a de arte pr\u00e1tica. Leve para casa o \u201cArch &amp; Orb\u201d e deixe que a sua sofistica\u00e7\u00e3o espirituosa e o seu estilo moderno o influenciem diariamente.<\/p>","protected":false},"excerpt":{"rendered":"<p class=\"ng-star-inserted\"><span class=\"ng-star-inserted\">D\u00ea um toque art\u00edstico ao seu espa\u00e7o! Este moderno suporte em acr\u00edlico apresenta um design geom\u00e9trico arrojado com arcos azuis transl\u00facidos e uma esfera amarela divertida. Vers\u00e1til como um porta-canetas elegante, organizador de pinc\u00e9is de maquilhagem ou um vaso de haste \u00fanica \u00fanico para uma casa ou escrit\u00f3rio contempor\u00e2neo.<\/span><\/p>","protected":false},"featured_media":1285,"template":"","meta":{"_kad_post_transparent":"default","_kad_post_title":"","_kad_post_layout":"default","_kad_post_sidebar_id":"","_kad_post_content_style":"default","_kad_post_vertical_padding":"default","_kad_post_feature":"","_kad_post_feature_position":"","_kad_post_header":false,"_kad_post_footer":false,"_kad_post_classname":""},"product_brand":[],"product_cat":[17],"product_tag":[133],"class_list":{"0":"post-1281","1":"product","2":"type-product","3":"status-publish","4":"has-post-thumbnail","6":"product_cat-custom-acrylic-boxes","7":"product_tag-custom-generic-round-glass-vase","9":"first","10":"instock","11":"shipping-taxable","12":"product-type-simple","13":"entry","14":"content-bg","15":"loop-entry"},"_links":{"self":[{"href":"https:\/\/customacrylicproduct.com\/pt\/wp-json\/wp\/v2\/product\/1281","targetHints":{"allow":["GET"]}}],"collection":[{"href":"https:\/\/customacrylicproduct.com\/pt\/wp-json\/wp\/v2\/product"}],"about":[{"href":"https:\/\/customacrylicproduct.com\/pt\/wp-json\/wp\/v2\/types\/product"}],"wp:featuredmedia":[{"embeddable":true,"href":"https:\/\/customacrylicproduct.com\/pt\/wp-json\/wp\/v2\/media\/1285"}],"wp:attachment":[{"href":"https:\/\/customacrylicproduct.com\/pt\/wp-json\/wp\/v2\/media?parent=1281"}],"wp:term":[{"taxonomy":"product_brand","embeddable":true,"href":"https:\/\/customacrylicproduct.com\/pt\/wp-json\/wp\/v2\/product_brand?post=1281"},{"taxonomy":"product_cat","embeddable":true,"href":"https:\/\/customacrylicproduct.com\/pt\/wp-json\/wp\/v2\/product_cat?post=1281"},{"taxonomy":"product_tag","embeddable":true,"href":"https:\/\/customacrylicproduct.com\/pt\/wp-json\/wp\/v2\/product_tag?post=1281"}],"curies":[{"name":"wp","href":"https:\/\/api.w.org\/{rel}","templated":true}]}}