{"id":1286,"date":"2025-07-18T08:43:27","date_gmt":"2025-07-18T08:43:27","guid":{"rendered":"https:\/\/customacrylicproduct.com\/?post_type=product&#038;p=1286"},"modified":"2025-07-18T08:43:28","modified_gmt":"2025-07-18T08:43:28","slug":"custom-acrylic-makeup-organizer-dustproof-transparent","status":"publish","type":"product","link":"https:\/\/customacrylicproduct.com\/pt\/custom-acrylic-makeup-organizer-dustproof-transparent\/","title":{"rendered":"Organizador de maquilhagem acr\u00edlico personalizado transparente \u00e0 prova de p\u00f3"},"content":{"rendered":"<h3 id=\"introducing-the-pinnacle-of-sophistication-the-custom-polymer-make-up-skin-care-trunk\">Apresentamos o pin\u00e1culo da sofistica\u00e7\u00e3o: O ba\u00fa de maquilhagem e cuidados da pele em pol\u00edmero personalizado<\/h3>\n<p>Num mundo saturado de tend\u00eancias fugazes, o verdadeiro estilo \u00e9 encontrado na uni\u00e3o de um layout sem idade e de uma capacidade impec\u00e1vel. Orgulhamo-nos de oferecer o Personalized Polymer Make-up Coordinator - um item que vai al\u00e9m do mero espa\u00e7o de armazenamento para se tornar uma declara\u00e7\u00e3o de sofistica\u00e7\u00e3o e um ref\u00fagio para os seus mais queridos itens essenciais de eleg\u00e2ncia. Minuciosamente concebido para a amante dos tempos modernos, este ba\u00fa transparente \u00e9 mais do que um coordenador; \u00e9 uma vitrina, um cofre protetor e um ponto focal para a sua vaidade, concebido para elevar os seus rituais di\u00e1rios a uma experi\u00eancia de puro luxo.<\/p>\n<p><img fetchpriority=\"high\" decoding=\"async\" class=\"size-full wp-image-1288\" src=\"https:\/\/customacrylicproduct.com\/wp-content\/uploads\/2025\/07\/Custom-Acrylic-Makeup-Organizer-1.jpg\" alt=\"Organizador de maquilhagem acr\u00edlico personalizado (1)\" width=\"800\" height=\"800\" srcset=\"https:\/\/customacrylicproduct.com\/wp-content\/uploads\/2025\/07\/Custom-Acrylic-Makeup-Organizer-1.jpg 800w, https:\/\/customacrylicproduct.com\/wp-content\/uploads\/2025\/07\/Custom-Acrylic-Makeup-Organizer-1-300x300.jpg 300w, https:\/\/customacrylicproduct.com\/wp-content\/uploads\/2025\/07\/Custom-Acrylic-Makeup-Organizer-1-150x150.jpg 150w, https:\/\/customacrylicproduct.com\/wp-content\/uploads\/2025\/07\/Custom-Acrylic-Makeup-Organizer-1-768x768.jpg 768w, https:\/\/customacrylicproduct.com\/wp-content\/uploads\/2025\/07\/Custom-Acrylic-Makeup-Organizer-1-600x600.jpg 600w, https:\/\/customacrylicproduct.com\/wp-content\/uploads\/2025\/07\/Custom-Acrylic-Makeup-Organizer-1-100x100.jpg 100w\" sizes=\"(max-width: 800px) 100vw, 800px\" \/><\/p>\n<p><strong>Uma vis\u00e3o de qualidade: Design e est\u00e9tica<\/strong><\/p>\n<p>Inspirado no apelo cl\u00e1ssico dos ba\u00fas de viagem cl\u00e1ssicos, mas reimaginado atrav\u00e9s de uma lente moderna, este coordenador \u00e9 uma aula magistral de disposi\u00e7\u00e3o minimalista. O seu corpo \u00e9 constru\u00eddo a partir de custos, acr\u00edlico cristalino, utilizando uma vis\u00e3o desobstru\u00edda de 360 graus dos seus componentes. Esta abertura n\u00e3o \u00e9 simplesmente uma sele\u00e7\u00e3o estil\u00edstica; \u00e9 uma transforma\u00e7\u00e3o funcional. J\u00e1 n\u00e3o perder\u00e1 tempo precioso a vasculhar sacos opacos ou arm\u00e1rios desarrumados. Toda a sua cole\u00e7\u00e3o - desde os tons din\u00e2micos das suas combina\u00e7\u00f5es favoritas at\u00e9 aos frascos elegantes do seu programa de cuidados da pele - aparece com um \u00fanico olhar, transformando os seus produtos numa exposi\u00e7\u00e3o de arte com curadoria.<\/p>\n<p>As linhas simples e a constru\u00e7\u00e3o suave s\u00e3o real\u00e7adas pelo impressionante equipamento em a\u00e7o de alto polimento. Os robustos fechos de borboleta prateados na parte da frente n\u00e3o s\u00f3 protegem os componentes, como tamb\u00e9m proporcionam um clique agrad\u00e1vel e t\u00e1til, garantindo que os seus pertences est\u00e3o em seguran\u00e7a. As juntas de a\u00e7o a condizer garantem uma abertura e um fecho suaves e seguros da tampa, ao passo que os protectores de canto preparados acrescentam um pormenor industrial-chique que demonstra a durabilidade e a engenharia cuidadosa da mala. Um cuidado forte e confort\u00e1vel, integrado na lateral, termina o design, proporcionando uma transportabilidade simples e f\u00e1cil sem comprometer a silhueta aerodin\u00e2mica.<\/p>\n<p><img decoding=\"async\" class=\"size-full wp-image-1289\" src=\"https:\/\/customacrylicproduct.com\/wp-content\/uploads\/2025\/07\/Custom-Acrylic-Makeup-Organizer-2.jpg\" alt=\"Organizador de maquilhagem acr\u00edlico personalizado (2)\" width=\"1000\" height=\"1000\" srcset=\"https:\/\/customacrylicproduct.com\/wp-content\/uploads\/2025\/07\/Custom-Acrylic-Makeup-Organizer-2.jpg 1000w, https:\/\/customacrylicproduct.com\/wp-content\/uploads\/2025\/07\/Custom-Acrylic-Makeup-Organizer-2-300x300.jpg 300w, https:\/\/customacrylicproduct.com\/wp-content\/uploads\/2025\/07\/Custom-Acrylic-Makeup-Organizer-2-150x150.jpg 150w, https:\/\/customacrylicproduct.com\/wp-content\/uploads\/2025\/07\/Custom-Acrylic-Makeup-Organizer-2-768x768.jpg 768w, https:\/\/customacrylicproduct.com\/wp-content\/uploads\/2025\/07\/Custom-Acrylic-Makeup-Organizer-2-600x600.jpg 600w, https:\/\/customacrylicproduct.com\/wp-content\/uploads\/2025\/07\/Custom-Acrylic-Makeup-Organizer-2-100x100.jpg 100w\" sizes=\"(max-width: 1000px) 100vw, 1000px\" \/><\/p>\n<p><strong>Alta qualidade sem compromissos: Material e m\u00e3o de obra<\/strong><\/p>\n<p>No centro deste coordenador est\u00e1 o seu produto superior: um acr\u00edlico de qualidade superior e de calibre espesso. Ao contr\u00e1rio do vidro delicado, este pol\u00edmero inovador \u00e9 resistente a estilha\u00e7os e incrivelmente resiliente, criado para suportar a aspereza da utiliza\u00e7\u00e3o quotidiana. Al\u00e9m disso, \u00e9 consideravelmente mais leve, o que facilita a sua reorganiza\u00e7\u00e3o no seu toucador ou o transporte para uma nova \u00e1rea. Utilizamos apenas acr\u00edlico da melhor qualidade, garantindo que continua a ser cristalino ao longo do tempo, resistindo ao amarelecimento e \u00e0 turva\u00e7\u00e3o para preservar a exposi\u00e7\u00e3o imaculada da sua cole\u00e7\u00e3o.<\/p>\n<p>Todos os lados s\u00e3o polidos com diamante at\u00e9 obterem uma superf\u00edcie lisa e v\u00edtrea, reflectindo a luz na perfei\u00e7\u00e3o e assegurando que n\u00e3o existem cantos afiados. A montagem \u00e9 not\u00e1vel, um testemunho de um processo de produ\u00e7\u00e3o cuidadoso que se centra na qualidade e na longevidade. N\u00e3o se trata de um contentor leve produzido em massa; \u00e9 um artigo feito \u00e0 medida, concebido para ser um elemento duradouro na sua divis\u00e3o individual.<\/p>\n<p><img decoding=\"async\" class=\"size-full wp-image-1290\" src=\"https:\/\/customacrylicproduct.com\/wp-content\/uploads\/2025\/07\/Custom-Acrylic-Makeup-Organizer-3.jpg\" alt=\"Organizador de maquilhagem acr\u00edlico personalizado (3)\" width=\"1000\" height=\"1000\" srcset=\"https:\/\/customacrylicproduct.com\/wp-content\/uploads\/2025\/07\/Custom-Acrylic-Makeup-Organizer-3.jpg 1000w, https:\/\/customacrylicproduct.com\/wp-content\/uploads\/2025\/07\/Custom-Acrylic-Makeup-Organizer-3-300x300.jpg 300w, https:\/\/customacrylicproduct.com\/wp-content\/uploads\/2025\/07\/Custom-Acrylic-Makeup-Organizer-3-150x150.jpg 150w, https:\/\/customacrylicproduct.com\/wp-content\/uploads\/2025\/07\/Custom-Acrylic-Makeup-Organizer-3-768x768.jpg 768w, https:\/\/customacrylicproduct.com\/wp-content\/uploads\/2025\/07\/Custom-Acrylic-Makeup-Organizer-3-600x600.jpg 600w, https:\/\/customacrylicproduct.com\/wp-content\/uploads\/2025\/07\/Custom-Acrylic-Makeup-Organizer-3-100x100.jpg 100w\" sizes=\"(max-width: 1000px) 100vw, 1000px\" \/><\/p>\n<p><strong>A melhor op\u00e7\u00e3o de organiza\u00e7\u00e3o<\/strong><\/p>\n<p>Este ba\u00fa foi concebido para resolver uma das dificuldades mais comuns com que se deparam os amantes da beleza: a desarruma\u00e7\u00e3o, a sujidade e os danos.<\/p>\n<ul>\n<li><strong>Ref\u00fagio de prote\u00e7\u00e3o e \u00e0 prova de p\u00f3:\u00a0<\/strong>A tampa de ajuste preciso e os fechos seguros criam uma veda\u00e7\u00e3o quase herm\u00e9tica, criando uma barreira imperme\u00e1vel contra a sujidade, a humidade, as part\u00edculas transportadas pelo ar e os p\u00ealos dos c\u00e3es de estima\u00e7\u00e3o. As suas lo\u00e7\u00f5es caras, p\u00f3s fr\u00e1geis e pinc\u00e9is imaculados s\u00e3o mantidos em condi\u00e7\u00f5es imaculadas, mantendo a sua qualidade superior e prolongando a sua esperan\u00e7a de vida. Isto \u00e9 particularmente importante para garantir a estabilidade dos componentes energ\u00e9ticos nos cuidados com a pele e impedir a contamina\u00e7\u00e3o dos aplicadores de maquilhagem.<\/li>\n<li><strong>Interior espa\u00e7oso e vers\u00e1til:\u00a0<\/strong>O interior caridoso e aberto proporciona um conforto excecional. Sem divis\u00f3rias limitadoras e integradas, adapta-se a artigos de todos os tamanhos e formas. Guarde sem esfor\u00e7o frascos de estrutura de tamanho normal, sprays de fixa\u00e7\u00e3o altos, combina\u00e7\u00f5es de sombras grandes e conjuntos de pinc\u00e9is completos. A \u00e1rea adequada permite-lhe organizar os seus produtos como achar melhor - por marca, por tipo ou por frequ\u00eancia de utiliza\u00e7\u00e3o - oferecendo-lhe um controlo criativo total sobre a sua cole\u00e7\u00e3o individual.<\/li>\n<li><strong>Simplifique o seu sistema regular:\u00a0<\/strong>Ao ter tudo vis\u00edvel e acess\u00edvel, a sua maquilhagem matinal e o seu ritual noturno de cuidados com a pele tornam-se mais r\u00e1pidos, mais agrad\u00e1veis e mais fi\u00e1veis. Ir\u00e1 redescobrir artigos que se tinha esquecido que possu\u00eda e descobrir inspira\u00e7\u00e3o ao ver a sua cole\u00e7\u00e3o t\u00e3o magnificamente montada. Motiva uma estrat\u00e9gia extra consciente de consumo, pois pode ver claramente o que tem, evitando compras repetidas.<\/li>\n<\/ul>\n<p><strong>Para al\u00e9m da vaidade: Uma obra-prima polivalente<\/strong><\/p>\n<p>Embora tenha sido desenvolvido a pensar na est\u00e9tica, o car\u00e1cter elegante e funcional deste ba\u00fa em acr\u00edlico torna-o um servi\u00e7o de arruma\u00e7\u00e3o extraordin\u00e1rio para uma multiplicidade de entusiasmos e propriedades.<\/p>\n<ul>\n<li><strong>Para os entusiastas de fragr\u00e2ncias:\u00a0<\/strong>Transforme-o num magn\u00edfico estojo para os seus recipientes de fragr\u00e2ncias, protegendo-os da sujidade e exibindo os seus espl\u00eandidos estilos.<\/li>\n<li><strong>Para a conhecedora de Nail Art:\u00a0<\/strong>Crie uma biblioteca din\u00e2mica da sua cole\u00e7\u00e3o de vernizes, com todas as cores vis\u00edveis e prontas para a sua pr\u00f3xima manicure.<\/li>\n<li><strong>Para o artes\u00e3o e o artista:\u00a0<\/strong>Organize fusos de linha, tubos de tinta, missangas ou v\u00e1rios outros produtos pequenos, mantendo a sua \u00e1rea criativa arrumada e os seus materiais protegidos.<\/li>\n<li><strong>Como lembran\u00e7a ou caixa de recorda\u00e7\u00f5es:\u00a0<\/strong>Delegue-o com as suas recorda\u00e7\u00f5es mais preciosas - imagens, cartas, j\u00f3ias preciosas ou lembran\u00e7as de viagens - transformando-as num arquivo atraente e leg\u00edvel dos minutos da sua vida.<\/li>\n<li><strong>Numa configura\u00e7\u00e3o profissional:\u00a0<\/strong>Para maquilhadores e esteticistas, este porta-bagagens \u00e9 um meio especializado, higi\u00e9nico e elegante de transportar e expor aparelhos e artigos para os clientes.<\/li>\n<\/ul>\n<p><strong>Manuten\u00e7\u00e3o f\u00e1cil para uma atra\u00e7\u00e3o duradoura<\/strong><\/p>\n<p>Manter o estado impec\u00e1vel da sua mala de acr\u00edlico \u00e9 t\u00e3o f\u00e1cil como a sua disposi\u00e7\u00e3o. Uma limpeza r\u00e1pida com um tecido de microfibras macio e h\u00famido e um sab\u00e3o suave \u00e9 tudo o que \u00e9 necess\u00e1rio para remover impress\u00f5es digitais ou p\u00f3, recuperando o seu grande brilho em segundos.<\/p>\n<p><strong>Um investimento na sua \u00e1rea e em si pr\u00f3prio<\/strong><\/p>\n<p>A Coordenadora de Maquilhagem em Acr\u00edlico \u00e0 medida \u00e9 mais do que um objeto, \u00e9 um investimento em ordem, eleg\u00e2ncia e tranquilidade. \u00c9 a op\u00e7\u00e3o definitiva para quem valoriza tanto a est\u00e9tica como a funcionalidade. Transforma a desordem numa cole\u00e7\u00e3o cuidada e uma rotina di\u00e1ria numa rotina elegante. Melhore o seu espa\u00e7o, proteja os seus objectos e exiba o seu estilo com este ba\u00fa de espa\u00e7o de arruma\u00e7\u00e3o transparente sem paralelo. Encomende o seu hoje mesmo e redefina o que significa estar perfeitamente organizado.<\/p>","protected":false},"excerpt":{"rendered":"<p class=\"ng-star-inserted\"><span class=\"ng-star-inserted\">Eleve a sua vaidade com este elegante ba\u00fa de maquilhagem em acr\u00edlico. O seu design transparente e \u00e0 prova de p\u00f3 mant\u00e9m os cosm\u00e9ticos organizados e bem expostos. Com ferragens met\u00e1licas duradouras, fechos seguros e uma pega, \u00e9 uma solu\u00e7\u00e3o de arruma\u00e7\u00e3o elegante e pr\u00e1tica para todos os seus artigos de beleza essenciais.<\/span><\/p>","protected":false},"featured_media":1288,"template":"","meta":{"_kad_post_transparent":"default","_kad_post_title":"","_kad_post_layout":"default","_kad_post_sidebar_id":"","_kad_post_content_style":"default","_kad_post_vertical_padding":"default","_kad_post_feature":"","_kad_post_feature_position":"","_kad_post_header":false,"_kad_post_footer":false,"_kad_post_classname":""},"product_brand":[],"product_cat":[17],"product_tag":[134],"class_list":{"0":"post-1286","1":"product","2":"type-product","3":"status-publish","4":"has-post-thumbnail","6":"product_cat-custom-acrylic-boxes","7":"product_tag-custom-acrylic-makeup-organizer","9":"first","10":"instock","11":"shipping-taxable","12":"product-type-simple","13":"entry","14":"content-bg","15":"loop-entry"},"_links":{"self":[{"href":"https:\/\/customacrylicproduct.com\/pt\/wp-json\/wp\/v2\/product\/1286","targetHints":{"allow":["GET"]}}],"collection":[{"href":"https:\/\/customacrylicproduct.com\/pt\/wp-json\/wp\/v2\/product"}],"about":[{"href":"https:\/\/customacrylicproduct.com\/pt\/wp-json\/wp\/v2\/types\/product"}],"wp:featuredmedia":[{"embeddable":true,"href":"https:\/\/customacrylicproduct.com\/pt\/wp-json\/wp\/v2\/media\/1288"}],"wp:attachment":[{"href":"https:\/\/customacrylicproduct.com\/pt\/wp-json\/wp\/v2\/media?parent=1286"}],"wp:term":[{"taxonomy":"product_brand","embeddable":true,"href":"https:\/\/customacrylicproduct.com\/pt\/wp-json\/wp\/v2\/product_brand?post=1286"},{"taxonomy":"product_cat","embeddable":true,"href":"https:\/\/customacrylicproduct.com\/pt\/wp-json\/wp\/v2\/product_cat?post=1286"},{"taxonomy":"product_tag","embeddable":true,"href":"https:\/\/customacrylicproduct.com\/pt\/wp-json\/wp\/v2\/product_tag?post=1286"}],"curies":[{"name":"wp","href":"https:\/\/api.w.org\/{rel}","templated":true}]}}