{"id":1291,"date":"2025-07-18T08:56:31","date_gmt":"2025-07-18T08:56:31","guid":{"rendered":"https:\/\/customacrylicproduct.com\/?post_type=product&#038;p=1291"},"modified":"2025-07-18T08:56:31","modified_gmt":"2025-07-18T08:56:31","slug":"acrylic-gifts-with-bible-verse-prayers-religious-gifts","status":"publish","type":"product","link":"https:\/\/customacrylicproduct.com\/pt\/acrylic-gifts-with-bible-verse-prayers-religious-gifts\/","title":{"rendered":"Presentes de acr\u00edlico com ora\u00e7\u00f5es de vers\u00edculos b\u00edblicos - Presentes religiosos"},"content":{"rendered":"<h3 id=\"-a-sign-of-confidence-the-angelic-memento-of-divine-support-\"><strong>Um sinal de confian\u00e7a: O Memento Ang\u00e9lico do Apoio Divino<\/strong><\/h3>\n<p>Num mundo que normalmente parece barulhento e pouco claro, onde os nossos cora\u00e7\u00f5es e mentes podem ser ensombrados pelas batalhas di\u00e1rias, pelo stress e pelas ansiedades, a maior parte de n\u00f3s procura uma \u00e2ncora concreta - uma lembran\u00e7a silenciosa e consistente de um amor que \u00e9 invari\u00e1vel e de uma resist\u00eancia que n\u00e3o \u00e9 a nossa. Procuramos um sussurro de eleg\u00e2ncia no centro de um dia agitado, um farol de esperan\u00e7a numa noite escura. Apresentamos o nosso encantador\u00a0<strong>Lembran\u00e7a de anjo em acr\u00edlico com vers\u00edculo da B\u00edblia Sagrada Ora\u00e7\u00f5es\u00a0<\/strong>, A obra de arte, maravilhosamente trabalhada, n\u00e3o foi feita apenas para decorar um espa\u00e7o, mas para elevar uma alma.<\/p>\n<p>\u00c9 mais do que uma simples decora\u00e7\u00e3o, \u00e9 um minist\u00e9rio em miniatura, um testemunho profundo e individual das promessas duradouras de Deus, gravado num tipo elegante e duradouro. Com a forma de um anjo suave com asas estendidas, esta lembran\u00e7a funciona como um mensageiro quotidiano de conforto, amor e identifica\u00e7\u00e3o divina, tornando-a o presente religioso perfeito para si ou para um ente querido.<\/p>\n<p><img fetchpriority=\"high\" decoding=\"async\" class=\"size-full wp-image-1292\" src=\"https:\/\/customacrylicproduct.com\/wp-content\/uploads\/2025\/07\/Acrylic-Gifts-1.jpg\" alt=\"Presentes em acr\u00edlico (1)\" width=\"800\" height=\"800\" srcset=\"https:\/\/customacrylicproduct.com\/wp-content\/uploads\/2025\/07\/Acrylic-Gifts-1.jpg 800w, https:\/\/customacrylicproduct.com\/wp-content\/uploads\/2025\/07\/Acrylic-Gifts-1-300x300.jpg 300w, https:\/\/customacrylicproduct.com\/wp-content\/uploads\/2025\/07\/Acrylic-Gifts-1-150x150.jpg 150w, https:\/\/customacrylicproduct.com\/wp-content\/uploads\/2025\/07\/Acrylic-Gifts-1-768x768.jpg 768w, https:\/\/customacrylicproduct.com\/wp-content\/uploads\/2025\/07\/Acrylic-Gifts-1-600x600.jpg 600w, https:\/\/customacrylicproduct.com\/wp-content\/uploads\/2025\/07\/Acrylic-Gifts-1-100x100.jpg 100w\" sizes=\"(max-width: 800px) 100vw, 800px\" \/><\/p>\n<p><strong>Artesanato impec\u00e1vel, estilo celestial<\/strong><\/p>\n<p>Cada anjo \u00e9 cuidadosamente fabricado em acr\u00edlico cristalino de primeira qualidade, o que lhe confere a excelente e luminescente qualidade superior do vidro, sem a delicadeza. O design significativo e independente permite que seja colocado firmemente em qualquer tipo de superf\u00edcie plana - seja uma mesa de trabalho, uma mesa de cabeceira, uma prateleira ou uma lareira. As bordas s\u00e3o iluminadas para um acabamento suave e sem riscos, e a impress\u00e3o em alta defini\u00e7\u00e3o e em cores est\u00e1 embutida no acr\u00edlico, garantindo que as imagens vibrantes e as palavras espirituais nunca desbotem, lasquem ou descasquem. Na sua cabe\u00e7a, est\u00e1 gravado um fr\u00e1gil e elegante s\u00edmbolo do cora\u00e7\u00e3o infinito, que representa a natureza infinita e sem fim do amor de Deus.<\/p>\n<p>Fornecemos 2 designs \u00fanicos e profundamente significativos, cada um deles combinando a B\u00edblia e a criatividade para falar ao cora\u00e7\u00e3o de uma forma \u00fanica.<\/p>\n<p><img decoding=\"async\" class=\"wp-image-1293 size-large\" src=\"https:\/\/customacrylicproduct.com\/wp-content\/uploads\/2025\/07\/Acrylic-Gifts-2-1024x1024.jpg\" alt=\"Presentes em acr\u00edlico (2)\" width=\"1024\" height=\"1024\" srcset=\"https:\/\/customacrylicproduct.com\/wp-content\/uploads\/2025\/07\/Acrylic-Gifts-2-1024x1024.jpg 1024w, https:\/\/customacrylicproduct.com\/wp-content\/uploads\/2025\/07\/Acrylic-Gifts-2-300x300.jpg 300w, https:\/\/customacrylicproduct.com\/wp-content\/uploads\/2025\/07\/Acrylic-Gifts-2-150x150.jpg 150w, https:\/\/customacrylicproduct.com\/wp-content\/uploads\/2025\/07\/Acrylic-Gifts-2-768x768.jpg 768w, https:\/\/customacrylicproduct.com\/wp-content\/uploads\/2025\/07\/Acrylic-Gifts-2-600x600.jpg 600w, https:\/\/customacrylicproduct.com\/wp-content\/uploads\/2025\/07\/Acrylic-Gifts-2-100x100.jpg 100w, https:\/\/customacrylicproduct.com\/wp-content\/uploads\/2025\/07\/Acrylic-Gifts-2.jpg 1500w\" sizes=\"(max-width: 1024px) 100vw, 1024px\" \/><\/p>\n<p>-.<\/p>\n<h3 id=\"-layout-1-the-continuous-visibility-angel-pink-floral-cross-\"><strong>Esquema 1: O anjo da visibilidade cont\u00ednua (floral cor-de-rosa e cruz)<\/strong><\/h3>\n<p><strong>\u201d Diariamente, a cada hora, a cada minuto, a cada segundo\u201d\u00a0<\/strong><\/p>\n<p>Este esquema \u00e9 um gr\u00e1fico espetacular do cuidado omnipresente e do amor incessante de Deus. Adornado com delicadas flores cor-de-rosa e borboletas esvoa\u00e7antes sobre um fundo de uma cruz de madeira r\u00fastica, \u00e9 uma sugest\u00e3o de que nunca est\u00e1 sozinho e que \u00e9 guardado num pensamento magn\u00edfico a cada minuto.<\/p>\n<ul>\n<li><strong>Diariamente, Deus considera-te. (Salmo 139:17)\u00a0<\/strong>. Esta garantia efectiva dos Salmos fala do seu valor ilimitado. N\u00e3o \u00e9 apenas um pensamento de curta dura\u00e7\u00e3o, mas como o conhecedor continua, as Suas ideias em rela\u00e7\u00e3o a si s\u00e3o preciosas e ultrapassam os gr\u00e3os de areia. Este anjo funciona como uma pedra de toque f\u00edsica para ter em mente que voc\u00ea \u00e9 valioso e est\u00e1 sempre na mente do seu Criador.<\/li>\n<li><strong>A cada hora, Deus cuida de si. (2 Tessalonicenses 3:3)\u00a0<\/strong>. A vida pode trazer prova\u00e7\u00f5es inesperadas e minutos de preocupa\u00e7\u00e3o. Este conhecimento \u00e9 um escudo de f\u00e9, uma declara\u00e7\u00e3o firme de que \u201co Senhor \u00e9 fiel; ele certamente o proteger\u00e1 e o proteger\u00e1 do maligno\u201d. Deixe que esta mensagem fortale\u00e7a o seu esp\u00edrito a cada hora, reconhecendo que um guarda divino est\u00e1 a supervisionar o seu caminho.<\/li>\n<li><strong>A cada minuto, Deus cuida de ti. (1 Pedro 5:7)\u00a0<\/strong>. O peso do globo terrestre pode parecer pesado. Esta lembran\u00e7a sussurra a ordem suave de \u201clan\u00e7ar todo o seu stress e ansiedade sobre ele, pois ele cuida de si\u201d. As borboletas, sinais de mudan\u00e7a e de lan\u00e7amento, ecoam esteticamente este sentimento, encorajando-o a deixar de lado as suas preocupa\u00e7\u00f5es e a descansar nos Seus cuidados, minuto a minuto.<\/li>\n<li><strong>Desde o dia 2, ELE AMA-VOS. (Jeremias 31:3)\u00a0<\/strong>. No centro de tudo isto est\u00e1 a realidade fundamental do Evangelho: O amor profundo e individual de Deus. Este conhecimento, \u201cEu gostei de ti com um amor duradouro\u201d, \u00e9 a \u00e2ncora de todas as outras promessas. \u00c9 a fonte m\u00e1xima da nossa esperan\u00e7a, seguran\u00e7a e prote\u00e7\u00e3o.<\/li>\n<\/ul>\n<p>Este anjo, com as suas imagens suaves e graciosas de flores cor-de-rosa que representam uma nova vida e a cruz que representa o sacrif\u00edcio e o amor supremos, \u00e9 o melhor presente para uma pessoa que est\u00e1 a atravessar uma \u00e9poca dif\u00edcil, proporcionando um recurso substancial de conforto e confian\u00e7a 24 horas por dia, 7 dias por semana.<\/p>\n<p><img decoding=\"async\" class=\"wp-image-1294 size-large\" src=\"https:\/\/customacrylicproduct.com\/wp-content\/uploads\/2025\/07\/Acrylic-Gifts-3-1024x1024.jpg\" alt=\"Presentes em acr\u00edlico (3)\" width=\"1024\" height=\"1024\" srcset=\"https:\/\/customacrylicproduct.com\/wp-content\/uploads\/2025\/07\/Acrylic-Gifts-3-1024x1024.jpg 1024w, https:\/\/customacrylicproduct.com\/wp-content\/uploads\/2025\/07\/Acrylic-Gifts-3-300x300.jpg 300w, https:\/\/customacrylicproduct.com\/wp-content\/uploads\/2025\/07\/Acrylic-Gifts-3-150x150.jpg 150w, https:\/\/customacrylicproduct.com\/wp-content\/uploads\/2025\/07\/Acrylic-Gifts-3-768x768.jpg 768w, https:\/\/customacrylicproduct.com\/wp-content\/uploads\/2025\/07\/Acrylic-Gifts-3-600x600.jpg 600w, https:\/\/customacrylicproduct.com\/wp-content\/uploads\/2025\/07\/Acrylic-Gifts-3-100x100.jpg 100w, https:\/\/customacrylicproduct.com\/wp-content\/uploads\/2025\/07\/Acrylic-Gifts-3.jpg 1500w\" sizes=\"(max-width: 1024px) 100vw, 1024px\" \/><\/p>\n<p>-.<\/p>\n<h3 id=\"-design-2-the-identity-in-christ-angel-sunflower-affirmation-\"><strong>Desenho 2: O anjo da identidade em Cristo (girassol e afirma\u00e7\u00e3o)<\/strong><\/h3>\n<p><strong>\u201d Deus diz que tu \u00e9s ...\u201d\u00a0<\/strong>.<\/p>\n<p>Este estilo \u00e9 uma declara\u00e7\u00e3o brilhante de identidade, desenvolvida para combater sentimentos de incerteza, instabilidade e indignidade com a realidade irrefut\u00e1vel da Palavra de Deus. Banhado pelo brilho feliz e ensolarado de girass\u00f3is din\u00e2micos, que simbolizam adora\u00e7\u00e3o, compromisso e cren\u00e7a espiritual, este anjo fornece uma cole\u00e7\u00e3o de afirma\u00e7\u00f5es poderosas, cada uma com ra\u00edzes na B\u00edblia.<\/p>\n<p>\u00c9 uma chamada telef\u00f3nica di\u00e1ria para nos vermos a n\u00f3s pr\u00f3prios com os olhos de Deus.<\/p>\n<ul>\n<li><strong>Escolhido (Jo\u00e3o 15:16):\u00a0<\/strong>N\u00e3o sois um contratempo ou uma reflex\u00e3o tardia. O Criador do espa\u00e7o profundo selecionou-vos especialmente e designou-vos para florescerem. Esta verdade confere objetivo e erradica sentimentos de insignific\u00e2ncia.<\/li>\n<li><strong>Forte (Salmo 18:35):\u00a0<\/strong>A tua for\u00e7a n\u00e3o vem de dentro de ti, mas de uma fonte magn\u00edfica. Este vers\u00edculo lembra-nos que a m\u00e3o direita de Deus nos sustenta e que a Sua ajuda nos torna fant\u00e1sticos. \u00c9 uma mensagem poderosa para qualquer pessoa que se sinta fraca ou sobrecarregada.<\/li>\n<li><strong>N\u00e3o tem pre\u00e7o (1 Cor\u00edntios 6:20):\u00a0<\/strong>Tu tens um valor imensur\u00e1vel. Esta afirma\u00e7\u00e3o \u00e9 uma dica de que foi \u201ccomprado a pre\u00e7o de saldo\u201d, o pre\u00e7o mais alto que se pode imaginar. Ela fala do seu valor fundamental aos olhos de Deus, um valor que n\u00e3o se baseia nas suas realiza\u00e7\u00f5es ou na opini\u00e3o dos outros.<\/li>\n<li><strong>Maravilhoso (Daniel 12:3):\u00a0<\/strong>Num globo que normalmente corteja pela apar\u00eancia exterior, este vers\u00edculo indica uma beleza muito mais profunda e radiante - o brilho de um cora\u00e7\u00e3o que espelha a sabedoria e a dec\u00eancia de Deus, brilhando como as estrelas para sempre.<\/li>\n<li><strong>\u00danico (Salmo 139:13):\u00a0<\/strong>N\u00e3o \u00e9s uma c\u00f3pia. \u00c9s uma obra de arte original, \u201cfeita de forma incr\u00edvel e tem\u00edvel\u201d. Esta afirma\u00e7\u00e3o celebra o tra\u00e7ado complexo e individual que Deus teceu no seu ser extremo.<\/li>\n<li><strong>\u00danico (Ef\u00e9sios 2,10):\u00a0<\/strong>Esta realidade final e deslumbrante envolve tudo isto. Tu \u00e9s \u201ccria\u00e7\u00e3o de Deus, criado em Cristo Jesus para fazer boas obras\u201d. Tens uma fun\u00e7\u00e3o distinta e \u00fanica que s\u00f3 tu podes cumprir.<\/li>\n<\/ul>\n<p>Este anjo com tema de girassol \u00e9 uma explos\u00e3o de luz solar espiritual, um presente ideal para baptismos, confirma\u00e7\u00f5es, gradua\u00e7\u00f5es universit\u00e1rias ou para qualquer bom amigo ou familiar que precise de uma sugest\u00e3o da sua verdadeira identifica\u00e7\u00e3o e valor em Cristo.<\/p>\n<h3 id=\"-the-perfect-present-for-every-single-event-of-the-heart-\"><strong>O presente perfeito para cada evento do cora\u00e7\u00e3o<\/strong><\/h3>\n<p>Encontrar um presente que comunique absolutamente a profundidade dos seus sentimentos pode ser um desafio. O nosso Acr\u00edlico Angel Memento transcende o comum, usando uma mensagem que permanece para fornecer muito tempo ap\u00f3s a ocasi\u00e3o ter passado. \u00c9 a melhor express\u00e3o de f\u00e9, esperan\u00e7a e amor por:.<\/p>\n<ul>\n<li><strong>Apoio:\u00a0<\/strong>Para um amigo ou familiar pr\u00f3ximo que esteja a enfrentar uma doen\u00e7a, uma perda ou uma transi\u00e7\u00e3o de vida dif\u00edcil.<\/li>\n<li><strong>Celebra\u00e7\u00f5es:\u00a0<\/strong>Um presente significativo para o Dia da M\u00e3e, Natal, P\u00e1scoa, anivers\u00e1rios, baptizados ou anivers\u00e1rios.<\/li>\n<li><strong>Reconhecimento:\u00a0<\/strong>Um meio deslumbrante de agradecer a um padre, a um participante na igreja, a um mentor ou a uma vis\u00e3o geral espiritual.<\/li>\n<li><strong>Mesmo que:\u00a0<\/strong>Uma mo\u00e7\u00e3o espont\u00e2nea para que algu\u00e9m saiba que continua a estar nos seus pensamentos e peti\u00e7\u00f5es.<\/li>\n<\/ul>\n<p>Coloquem-na num local onde capte a luz e, mais importante ainda, chame a aten\u00e7\u00e3o. Que seja a primeira coisa que v\u00ea de manh\u00e3 ou a \u00faltima coisa que v\u00ea \u00e0 noite - um pregador silencioso e inabal\u00e1vel da bondade de Deus. Traga hoje mesmo para a sua casa este atraente sinal de f\u00e9 ou ofere\u00e7a um presente de encorajamento eterno, e deixe que a sua exist\u00eancia ang\u00e9lica encha o seu espa\u00e7o de tranquilidade e de factos magn\u00edficos.<\/p>","protected":false},"excerpt":{"rendered":"<p class=\"ng-star-inserted\"><span class=\"ng-star-inserted\">Ofere\u00e7a conforto com a nossa bonita lembran\u00e7a de anjo em acr\u00edlico. Impresso com vers\u00edculos b\u00edblicos e ora\u00e7\u00f5es inspiradoras, \u00e9 um presente religioso comovente que serve como uma lembran\u00e7a di\u00e1ria da f\u00e9 e do amor sem fim de Deus. Um presente perfeito e atencioso para qualquer ocasi\u00e3o, para mostrar que se preocupa.<\/span><\/p>","protected":false},"featured_media":1292,"template":"","meta":{"_kad_post_transparent":"default","_kad_post_title":"","_kad_post_layout":"default","_kad_post_sidebar_id":"","_kad_post_content_style":"default","_kad_post_vertical_padding":"default","_kad_post_feature":"","_kad_post_feature_position":"","_kad_post_header":false,"_kad_post_footer":false,"_kad_post_classname":""},"product_brand":[],"product_cat":[20],"product_tag":[129],"class_list":{"0":"post-1291","1":"product","2":"type-product","3":"status-publish","4":"has-post-thumbnail","6":"product_cat-custom-acrylic-crafts","7":"product_tag-acrylic-crafts","9":"first","10":"instock","11":"shipping-taxable","12":"product-type-simple","13":"entry","14":"content-bg","15":"loop-entry"},"_links":{"self":[{"href":"https:\/\/customacrylicproduct.com\/pt\/wp-json\/wp\/v2\/product\/1291","targetHints":{"allow":["GET"]}}],"collection":[{"href":"https:\/\/customacrylicproduct.com\/pt\/wp-json\/wp\/v2\/product"}],"about":[{"href":"https:\/\/customacrylicproduct.com\/pt\/wp-json\/wp\/v2\/types\/product"}],"wp:featuredmedia":[{"embeddable":true,"href":"https:\/\/customacrylicproduct.com\/pt\/wp-json\/wp\/v2\/media\/1292"}],"wp:attachment":[{"href":"https:\/\/customacrylicproduct.com\/pt\/wp-json\/wp\/v2\/media?parent=1291"}],"wp:term":[{"taxonomy":"product_brand","embeddable":true,"href":"https:\/\/customacrylicproduct.com\/pt\/wp-json\/wp\/v2\/product_brand?post=1291"},{"taxonomy":"product_cat","embeddable":true,"href":"https:\/\/customacrylicproduct.com\/pt\/wp-json\/wp\/v2\/product_cat?post=1291"},{"taxonomy":"product_tag","embeddable":true,"href":"https:\/\/customacrylicproduct.com\/pt\/wp-json\/wp\/v2\/product_tag?post=1291"}],"curies":[{"name":"wp","href":"https:\/\/api.w.org\/{rel}","templated":true}]}}