{"id":1295,"date":"2025-07-18T09:12:45","date_gmt":"2025-07-18T09:12:45","guid":{"rendered":"https:\/\/customacrylicproduct.com\/?post_type=product&#038;p=1295"},"modified":"2025-07-18T09:24:46","modified_gmt":"2025-07-18T09:24:46","slug":"clear-acrylic-serving-tray-sturdy-huge-capacity-acrylic-tray","status":"publish","type":"product","link":"https:\/\/customacrylicproduct.com\/pt\/clear-acrylic-serving-tray-sturdy-huge-capacity-acrylic-tray\/","title":{"rendered":"Tabuleiro de servir em acr\u00edlico transparente Tabuleiro em acr\u00edlico resistente de grande capacidade"},"content":{"rendered":"<h3 id=\"beauty-redefined-discover-the-ultimate-clear-polymer-offering-tray\">Beleza, redefinida: Descubra o melhor tabuleiro de oferta de pol\u00edmeros transparentes<\/h3>\n<p>No mundo do estilo dom\u00e9stico e do design funcional, h\u00e1 artigos que apenas oferecem um objetivo e, depois, h\u00e1 aqueles que o elevam. S\u00e3o as pe\u00e7as que se integram perfeitamente na sua vida, ao mesmo tempo que fazem uma afirma\u00e7\u00e3o inovadora. Apresentamos a\u00a0<strong>Tabuleiro de oferta em pol\u00edmero transparente com cuidado met\u00e1lico\u00a0<\/strong>- uma obra de arte de design moderno, resist\u00eancia inigual\u00e1vel e adaptabilidade infinita. N\u00e3o se trata apenas de um tabuleiro; \u00e9 uma tela para a sua vida, desenvolvida para trazer ordem, eleg\u00e2ncia e um toque de prest\u00edgio a qualquer espa\u00e7o que embeleze. Quer seja um anfitri\u00e3o habilidoso, um organizador preciso ou um aficionado de uma disposi\u00e7\u00e3o elegante, este tabuleiro \u00e9 o componente crucial que tem procurado.<\/p>\n<p><img fetchpriority=\"high\" decoding=\"async\" class=\"size-full wp-image-1296\" src=\"https:\/\/customacrylicproduct.com\/wp-content\/uploads\/2025\/07\/Clear-Acrylic-Serving-Tray-1.jpg\" alt=\"Tabuleiro de servir em acr\u00edlico transparente (1)\" width=\"800\" height=\"800\" srcset=\"https:\/\/customacrylicproduct.com\/wp-content\/uploads\/2025\/07\/Clear-Acrylic-Serving-Tray-1.jpg 800w, https:\/\/customacrylicproduct.com\/wp-content\/uploads\/2025\/07\/Clear-Acrylic-Serving-Tray-1-300x300.jpg 300w, https:\/\/customacrylicproduct.com\/wp-content\/uploads\/2025\/07\/Clear-Acrylic-Serving-Tray-1-150x150.jpg 150w, https:\/\/customacrylicproduct.com\/wp-content\/uploads\/2025\/07\/Clear-Acrylic-Serving-Tray-1-768x768.jpg 768w, https:\/\/customacrylicproduct.com\/wp-content\/uploads\/2025\/07\/Clear-Acrylic-Serving-Tray-1-600x600.jpg 600w, https:\/\/customacrylicproduct.com\/wp-content\/uploads\/2025\/07\/Clear-Acrylic-Serving-Tray-1-100x100.jpg 100w\" sizes=\"(max-width: 800px) 100vw, 800px\" \/><\/p>\n<h4 id=\"a-vision-of-crystal-clear-class\">Uma vis\u00e3o de classe cristalina<\/h4>\n<p>A primeira impress\u00e3o deste tabuleiro de servir \u00e9 de uma clareza espetacular e de uma gra\u00e7a minimalista. Fabricado a partir de acr\u00edlico cristalino de \u00faltima gera\u00e7\u00e3o, tem uma qualidade luminescente que se equipara ao vidro fino, mas ultrapassa-o em robustez e charme \u00fatil. Ao contr\u00e1rio do vidro, este acr\u00edlico duradouro \u00e9 resistente a estilha\u00e7os e consideravelmente mais leve, o que o torna mais seguro e mais pr\u00e1tico para a utiliza\u00e7\u00e3o quotidiana e para eventos especiais.<\/p>\n<p>A abordagem do design \u00e9 a de uma \u201cempresa invis\u00edvel\u201d. O corpo transparente produz uma ilus\u00e3o de \u00f3tica impressionante, fazendo com que os objectos colocados sobre ele flutuem facilmente no ar. Esta particularidade faz com que o tabuleiro nunca se misture esteticamente com o seu espa\u00e7o. Em vez disso, combina com a decora\u00e7\u00e3o existente, permitindo que as cores e as estruturas da sua casa - e os produtos no pr\u00f3prio tabuleiro - ocupem o lugar central. Imagine-o numa mesa de caf\u00e9 de madeira escura, num balc\u00e3o de cozinha em m\u00e1rmore branco ou numa otomana de formas vivas; n\u00e3o compete, completa.<\/p>\n<p>A est\u00e9tica \u00e9 ainda melhorada pelos encantadores puxadores met\u00e1licos. Constru\u00eddas num estilo contempor\u00e2neo de barra em T e terminadas num tom quente e brilhante de ouro ou lat\u00e3o, estas pegas proporcionam uma compara\u00e7\u00e3o magn\u00edfica e luxuosa com a excelente clareza do acr\u00edlico. S\u00e3o mais do que um mero acento ornamental; foram ergonomicamente concebidas para uma pega confort\u00e1vel e protegida, assegurando que pode transportar tudo, desde uma rodada de bebidas mistas a um decadente pequeno-almo\u00e7o na cama, com confian\u00e7a e facilidade. As ferragens s\u00e3o fixadas de forma segura, prometendo estabilidade e longevidade, um testemunho da elevada qualidade artesanal infundida em cada pormenor.<\/p>\n<p><img decoding=\"async\" class=\"size-full wp-image-1297\" src=\"https:\/\/customacrylicproduct.com\/wp-content\/uploads\/2025\/07\/Clear-Acrylic-Serving-Tray-2.jpg\" alt=\"Tabuleiro de servir em acr\u00edlico transparente (2)\" width=\"800\" height=\"800\" srcset=\"https:\/\/customacrylicproduct.com\/wp-content\/uploads\/2025\/07\/Clear-Acrylic-Serving-Tray-2.jpg 800w, https:\/\/customacrylicproduct.com\/wp-content\/uploads\/2025\/07\/Clear-Acrylic-Serving-Tray-2-300x300.jpg 300w, https:\/\/customacrylicproduct.com\/wp-content\/uploads\/2025\/07\/Clear-Acrylic-Serving-Tray-2-150x150.jpg 150w, https:\/\/customacrylicproduct.com\/wp-content\/uploads\/2025\/07\/Clear-Acrylic-Serving-Tray-2-768x768.jpg 768w, https:\/\/customacrylicproduct.com\/wp-content\/uploads\/2025\/07\/Clear-Acrylic-Serving-Tray-2-600x600.jpg 600w, https:\/\/customacrylicproduct.com\/wp-content\/uploads\/2025\/07\/Clear-Acrylic-Serving-Tray-2-100x100.jpg 100w\" sizes=\"(max-width: 800px) 100vw, 800px\" \/><\/p>\n<h4 id=\"unmatched-durability-and-a-huge-ability-permanently\">Durabilidade incompar\u00e1vel e uma enorme capacidade permanente<\/h4>\n<p>Embora a sua beleza seja \u00f3bvia, a verdadeira genialidade deste tabuleiro depende da sua not\u00e1vel funcionalidade. O \u201cDurable\u201d no seu nome n\u00e3o \u00e9 um simples indicador - \u00e9 uma garantia. Criado a partir de acr\u00edlico de paredes espessas, este tabuleiro foi constru\u00eddo para ser um cavalo de batalha fi\u00e1vel em sua casa. Resiste a dobras, curvaturas e flex\u00f5es, mesmo quando cheio at\u00e9 \u00e0 sua capacidade de carga. Sinta-se confiante ao colocar produtos pesados sobre ele, como uma cafeteira completa, uma cole\u00e7\u00e3o de recipientes de vidro para fragr\u00e2ncias ou uma pilha de publica\u00e7\u00f5es de capa dura. O seu desenvolvimento s\u00f3lido e duradouro garante que pode gerir as necessidades da vida quotidiana sem falhar.<\/p>\n<p>A \u201cGrande Capacidade\u201d \u00e9 onde a sua imagina\u00e7\u00e3o pode voar. A superf\u00edcie consider\u00e1vel e plana oferece uma plataforma suficiente para uma vasta gama de utiliza\u00e7\u00f5es:<\/p>\n<ul>\n<li><strong>O anfitri\u00e3o perfeito:\u00a0<\/strong>Ofere\u00e7a facilmente uma s\u00e9rie de copos de vinho branco, uma cole\u00e7\u00e3o de aperitivos ou uma bela sobremesa para os seus convidados. Crie uma inovadora esta\u00e7\u00e3o de bar m\u00f3vel para a sua festa seguinte, repleta de um shaker para bebidas alco\u00f3licas, bebidas espirituosas e guarni\u00e7\u00f5es. Os lados elevados evitam derrames e mant\u00eam tudo bem arrumado.<\/li>\n<li><strong>O Organizador Definitivo:\u00a0<\/strong>Acabe com a desordem em qualquer tipo de superf\u00edcie. No seu toucador ou na sua c\u00f3moda, torna-se um reposit\u00f3rio elegante para as suas fragr\u00e2ncias, cuidados com a pele, maquilhagem e j\u00f3ias preciosas. Na sala de estar, arruma elegantemente os comandos, montanhas-russas, velas e publica\u00e7\u00f5es. No seu local de trabalho em casa, transforma uma secret\u00e1ria desarrumada numa \u00e1rea de trabalho organizada e motivadora para os seus artigos de papelaria e essenciais.<\/li>\n<li><strong>Uma pe\u00e7a central atractiva:\u00a0<\/strong>Utilize-o como uma base elegante para uma vinheta com curadoria na sua mesa ou ilha da \u00e1rea da cozinha. Como se pode ver na imagem do modo de vida, enquadra perfeitamente um vaso de flores frescas, um moedor de pimenta r\u00fastico e v\u00e1rios outros itens atraentes, transformando-os num ecr\u00e3 natural e atraente. A \u00e1rea de superf\u00edcie reflexiva inclui profundidade e luz ao seu plano, aumentando seu fasc\u00ednio est\u00e9tico.<\/li>\n<li><img decoding=\"async\" class=\"size-full wp-image-1299\" src=\"https:\/\/customacrylicproduct.com\/wp-content\/uploads\/2025\/07\/Clear-Acrylic-Serving-Tray-4.jpg\" alt=\"Tabuleiro de servir em acr\u00edlico transparente (4)\" width=\"800\" height=\"800\" srcset=\"https:\/\/customacrylicproduct.com\/wp-content\/uploads\/2025\/07\/Clear-Acrylic-Serving-Tray-4.jpg 800w, https:\/\/customacrylicproduct.com\/wp-content\/uploads\/2025\/07\/Clear-Acrylic-Serving-Tray-4-300x300.jpg 300w, https:\/\/customacrylicproduct.com\/wp-content\/uploads\/2025\/07\/Clear-Acrylic-Serving-Tray-4-150x150.jpg 150w, https:\/\/customacrylicproduct.com\/wp-content\/uploads\/2025\/07\/Clear-Acrylic-Serving-Tray-4-768x768.jpg 768w, https:\/\/customacrylicproduct.com\/wp-content\/uploads\/2025\/07\/Clear-Acrylic-Serving-Tray-4-600x600.jpg 600w, https:\/\/customacrylicproduct.com\/wp-content\/uploads\/2025\/07\/Clear-Acrylic-Serving-Tray-4-100x100.jpg 100w\" sizes=\"(max-width: 800px) 100vw, 800px\" \/><\/li>\n<\/ul>\n<h4 id=\"a-canvas-for-your-creative-thinking-endless-flexibility\">Uma tela para o seu pensamento criativo: Flexibilidade sem fim<\/h4>\n<p>Este tabuleiro em acr\u00edlico \u00e9 um dos objectos mais flex\u00edveis que alguma vez possuir\u00e1. A sua capacidade camale\u00f3nica de se adaptar a qualquer tipo de fun\u00e7\u00e3o ou ambiente torna-o uma propriedade essencial para a vida contempor\u00e2nea.<\/p>\n<ul>\n<li><strong>Para a refei\u00e7\u00e3o matinal na cama:\u00a0<\/strong>Transforme uma manh\u00e3 normal numa experi\u00eancia elegante. O tabuleiro \u00e9 suficientemente grande para conter um prato, uma ch\u00e1vena de caf\u00e9, um copo de sumo e um pequeno porta-flores com flores, produzindo um excelente momento digno de um hotel em casa.<\/li>\n<li><strong>Para a tranquilidade na casa de banho:\u00a0<\/strong>Transforme a sua casa de banho num ref\u00fagio de spa, utilizando o tabuleiro para organizar artigos de higiene pessoal de alta qualidade, toalhas de m\u00e3o enroladas e velas perfumadas ao lado da banheira ou na penteadeira. O pol\u00edmero \u00e0 prova de \u00e1gua \u00e9 excelente para um ambiente h\u00famido.<\/li>\n<li><strong>Para a entrada:\u00a0<\/strong>Crie uma \u201czona de recusa\u201d para segredos, correio e \u00f3culos de sol. Mant\u00e9m a sua entrada limpa, ao mesmo tempo que inclui um toque de eleg\u00e2ncia no momento em que entra pela porta.<\/li>\n<li><strong>Para cada per\u00edodo:\u00a0<\/strong>Este tabuleiro \u00e9 o desejo de qualquer decorador. Pode decor\u00e1-lo para as f\u00e9rias com ornamentos e verdura, para o outono com pequenas ab\u00f3boras e velas, ou para a primavera com flores frescas e objectos em tons pastel. A sua natureza clara implica que nunca entrar\u00e1 em conflito com o seu esquema de cores sazonal.<\/li>\n<\/ul>\n<h4 id=\"designed-for-you-quality-in-every-information\">Concebido para si: Qualidade em todas as informa\u00e7\u00f5es<\/h4>\n<p>A nossa empresa acredita que o luxo est\u00e1 nos pormenores. Os lados do tabuleiro s\u00e3o polidos a diamante para ficarem completamente lisos e seguros ao toque, mostrando a luz de forma maravilhosa de todos os \u00e2ngulos. Para proteger os seus m\u00f3veis, o tabuleiro est\u00e1 equipado com pequenos p\u00e9s de borracha antiderrapantes, muito discretos, que evitam danos e asseguram a sua posi\u00e7\u00e3o segura. A limpeza \u00e9 f\u00e1cil - basta uma simples passagem de uma toalha macia e h\u00famida e um pouco de sab\u00e3o para recuperar o seu brilho imaculado e sem impress\u00f5es digitais.<\/p>\n<p>Reconhecendo que o tamanho n\u00e3o serve para todos, este fant\u00e1stico tabuleiro est\u00e1 frequentemente dispon\u00edvel numa variedade de dimens\u00f5es. Como mostra a imagem empilhada, pode escolher a dimens\u00e3o perfeita para as suas necessidades espec\u00edficas ou reunir um conjunto de tr\u00eas para criar uma apar\u00eancia coesa e em camadas em toda a sua casa. Utilize a maior para o seu apoio para os p\u00e9s, a m\u00e9dia para o seu carrinho de bar e a mais pequena para a sua mesa de cabeceira. Para aqueles cujo estilo se afasta da transpar\u00eancia total, este estilo est\u00e1 igualmente dispon\u00edvel em superf\u00edcies modernas e n\u00e3o transparentes, como um branco n\u00edtido, proporcionando a mesma silhueta contempor\u00e2nea e equipamento dourado para um impacto diferente, mas igualmente inovador.<\/p>\n<h4 id=\"an-investment-in-style-and-function\">Um investimento em estilo e funcionalidade<\/h4>\n<p>O tabuleiro de servir em acr\u00edlico transparente \u00e9 mais do que um dispositivo; \u00e9 uma op\u00e7\u00e3o. \u00c9 a resposta para a desarruma\u00e7\u00e3o, o condutor de belos ecr\u00e3s de visualiza\u00e7\u00e3o e a chave para um entretenimento f\u00e1cil. Personifica a estabilidade ideal entre a forma e a funcionalidade, proporcionando a agilidade est\u00e9tica do estilo moderno com a resist\u00eancia respeit\u00e1vel da constru\u00e7\u00e3o de qualidade.<\/p>\n<p>Eleve a sua casa, organize a sua vida e ofere\u00e7a com estilo. Adicione esta pe\u00e7a crucial \u00e0 sua cole\u00e7\u00e3o e descubra as possibilidades ilimitadas que se abrem quando um estilo impec\u00e1vel satisfaz a utilidade quotidiana. Encomende hoje o seu tabuleiro para ofertas em acr\u00edlico transparente e redefina o que a eleg\u00e2ncia significa para si.<\/p>","protected":false},"excerpt":{"rendered":"<p class=\"ng-star-inserted\"><span class=\"ng-star-inserted\">Sirva e exponha em grande estilo com este elegante tabuleiro em acr\u00edlico transparente. Com um design robusto e de grande capacidade e pegas douradas elegantes, \u00e9 perfeito para entreter, organizar o seu toucador ou como pe\u00e7a central decorativa. Uma adi\u00e7\u00e3o vers\u00e1til e moderna a qualquer mesa de caf\u00e9 ou cozinha.<\/span><\/p>","protected":false},"featured_media":1296,"template":"","meta":{"_kad_post_transparent":"default","_kad_post_title":"","_kad_post_layout":"default","_kad_post_sidebar_id":"","_kad_post_content_style":"default","_kad_post_vertical_padding":"default","_kad_post_feature":"","_kad_post_feature_position":"","_kad_post_header":false,"_kad_post_footer":false,"_kad_post_classname":""},"product_brand":[],"product_cat":[22],"product_tag":[135],"class_list":{"0":"post-1295","1":"product","2":"type-product","3":"status-publish","4":"has-post-thumbnail","6":"product_cat-custom-acrylic-trays","7":"product_tag-clear-acrylic-serving-tray","9":"first","10":"instock","11":"shipping-taxable","12":"product-type-simple","13":"entry","14":"content-bg","15":"loop-entry"},"_links":{"self":[{"href":"https:\/\/customacrylicproduct.com\/pt\/wp-json\/wp\/v2\/product\/1295","targetHints":{"allow":["GET"]}}],"collection":[{"href":"https:\/\/customacrylicproduct.com\/pt\/wp-json\/wp\/v2\/product"}],"about":[{"href":"https:\/\/customacrylicproduct.com\/pt\/wp-json\/wp\/v2\/types\/product"}],"wp:featuredmedia":[{"embeddable":true,"href":"https:\/\/customacrylicproduct.com\/pt\/wp-json\/wp\/v2\/media\/1296"}],"wp:attachment":[{"href":"https:\/\/customacrylicproduct.com\/pt\/wp-json\/wp\/v2\/media?parent=1295"}],"wp:term":[{"taxonomy":"product_brand","embeddable":true,"href":"https:\/\/customacrylicproduct.com\/pt\/wp-json\/wp\/v2\/product_brand?post=1295"},{"taxonomy":"product_cat","embeddable":true,"href":"https:\/\/customacrylicproduct.com\/pt\/wp-json\/wp\/v2\/product_cat?post=1295"},{"taxonomy":"product_tag","embeddable":true,"href":"https:\/\/customacrylicproduct.com\/pt\/wp-json\/wp\/v2\/product_tag?post=1295"}],"curies":[{"name":"wp","href":"https:\/\/api.w.org\/{rel}","templated":true}]}}