{"id":1300,"date":"2025-07-18T09:35:43","date_gmt":"2025-07-18T09:35:43","guid":{"rendered":"https:\/\/customacrylicproduct.com\/?post_type=product&#038;p=1300"},"modified":"2025-07-18T09:35:43","modified_gmt":"2025-07-18T09:35:43","slug":"custom-acrylic-trophy-contest-champion-trophy-medals","status":"publish","type":"product","link":"https:\/\/customacrylicproduct.com\/pt\/custom-acrylic-trophy-contest-champion-trophy-medals\/","title":{"rendered":"Trof\u00e9u acr\u00edlico personalizado Medalhas de trof\u00e9u de campe\u00e3o de concurso"},"content":{"rendered":"<h3 id=\"-commemorate-every-triumph-introducing-our-costs-personalized-acrylic-trophies-honors-\"><strong>Comemore cada triunfo: Apresentamos os nossos trof\u00e9us e distin\u00e7\u00f5es em acr\u00edlico personalizados para custos<\/strong><\/h3>\n<p>Num mundo de momentos fugazes e distin\u00e7\u00f5es electr\u00f3nicas, o poder de um \u00edcone tang\u00edvel de realiza\u00e7\u00e3o permanece inigual\u00e1vel. O reconhecimento \u00e9 uma necessidade humana essencial; confirma a iniciativa, influencia a qualidade cont\u00ednua e transforma um triunfo pessoal numa recorda\u00e7\u00e3o preciosa. Durante muito tempo, o mundo dos pr\u00e9mios foi controlado por escolhas convencionais, pesadas e frequentemente gen\u00e9ricas. Hoje, convidamo-lo a entrar no futuro do reconhecimento com a nossa impressionante cole\u00e7\u00e3o de trof\u00e9us, distin\u00e7\u00f5es e medalhas em pol\u00edmero feitos \u00e0 medida - a forma contempor\u00e2nea, flex\u00edvel e profundamente individual de celebrar cada campe\u00e3o, cada colaborador e cada momento extraordin\u00e1rio.<\/p>\n<p>Fabricados em acr\u00edlico de alta qualidade e cristalino, estas homenagens oferecem o brilho do vidro com a resist\u00eancia e a flexibilidade criativa de uma maravilha moderna. Quer se trate de reconhecer um campe\u00e3o de actividades desportivas, de identificar uma super estrela empresarial ou de partilhar um agradecimento sincero, os nossos artigos em acr\u00edlico feitos \u00e0 medida s\u00e3o criados para serem mais do que simples pr\u00e9mios; s\u00e3o obras-primas feitas \u00e0 medida que contam uma hist\u00f3ria especial de sucesso.<\/p>\n<p><img fetchpriority=\"high\" decoding=\"async\" class=\"wp-image-1302 size-large\" src=\"https:\/\/customacrylicproduct.com\/wp-content\/uploads\/2025\/07\/Custom-Acrylic-Trophy-2-1024x1024.jpg\" alt=\"Trof\u00e9u acr\u00edlico personalizado (2)\" width=\"1024\" height=\"1024\" srcset=\"https:\/\/customacrylicproduct.com\/wp-content\/uploads\/2025\/07\/Custom-Acrylic-Trophy-2-1024x1024.jpg 1024w, https:\/\/customacrylicproduct.com\/wp-content\/uploads\/2025\/07\/Custom-Acrylic-Trophy-2-300x300.jpg 300w, https:\/\/customacrylicproduct.com\/wp-content\/uploads\/2025\/07\/Custom-Acrylic-Trophy-2-150x150.jpg 150w, https:\/\/customacrylicproduct.com\/wp-content\/uploads\/2025\/07\/Custom-Acrylic-Trophy-2-768x768.jpg 768w, https:\/\/customacrylicproduct.com\/wp-content\/uploads\/2025\/07\/Custom-Acrylic-Trophy-2-600x600.jpg 600w, https:\/\/customacrylicproduct.com\/wp-content\/uploads\/2025\/07\/Custom-Acrylic-Trophy-2-100x100.jpg 100w, https:\/\/customacrylicproduct.com\/wp-content\/uploads\/2025\/07\/Custom-Acrylic-Trophy-2.jpg 1452w\" sizes=\"(max-width: 1024px) 100vw, 1024px\" \/><\/p>\n<h4 id=\"-the-power-of-polymer-a-modern-medium-for-timeless-acknowledgment-\"><strong>O poder do pol\u00edmero: Um meio moderno para um reconhecimento intemporal<\/strong><\/h4>\n<p>O primeiro ponto que ver\u00e1 em rela\u00e7\u00e3o aos nossos pr\u00e9mios em acr\u00edlico \u00e9 a sua qualidade superior impec\u00e1vel e luminescente. Usamos apenas a melhor qualidade de pol\u00edmero de actores, o que proporciona uma clareza \u00f3tica not\u00e1vel, permitindo que a luz passe atrav\u00e9s dele para um efeito deslumbrante e cintilante. Ao contr\u00e1rio do vidro t\u00edpico, o acr\u00edlico \u00e9 dramaticamente muito mais resistente a estilha\u00e7os e leve, tornando-o mais seguro para lidar, exibir e transportar sem comprometer sua sensa\u00e7\u00e3o premium.<\/p>\n<p>Este material contempor\u00e2neo \u00e9 a melhor tela para a imagina\u00e7\u00e3o. As suas \u00e1reas de superf\u00edcie lisas e refinadas e os seus rebordos n\u00edtidos produzem um visual arrumado e moderno que se enquadra perfeitamente em qualquer ambiente, desde a secret\u00e1ria de trabalho de um executivo de uma empresa at\u00e9 \u00e0 prateleira do quarto de um jovem atleta profissional. O estilo inerente do acr\u00edlico garante que o foco permanece no que \u00e9 essencial: a mensagem de realiza\u00e7\u00e3o e o indiv\u00edduo que est\u00e1 a ser reconhecido. \u00c9 um meio que n\u00e3o se limita a conter uma mensagem; eleva-a.<\/p>\n<figure id=\"attachment_1303\" aria-describedby=\"caption-attachment-1303\" style=\"width: 1024px\" class=\"wp-caption aligncenter\"><img decoding=\"async\" class=\"wp-image-1303 size-large\" src=\"https:\/\/customacrylicproduct.com\/wp-content\/uploads\/2025\/07\/Custom-Acrylic-Trophy-3-1024x1024.jpg\" alt=\"Trof\u00e9u acr\u00edlico personalizado (3)\" width=\"1024\" height=\"1024\" srcset=\"https:\/\/customacrylicproduct.com\/wp-content\/uploads\/2025\/07\/Custom-Acrylic-Trophy-3-1024x1024.jpg 1024w, https:\/\/customacrylicproduct.com\/wp-content\/uploads\/2025\/07\/Custom-Acrylic-Trophy-3-300x300.jpg 300w, https:\/\/customacrylicproduct.com\/wp-content\/uploads\/2025\/07\/Custom-Acrylic-Trophy-3-150x150.jpg 150w, https:\/\/customacrylicproduct.com\/wp-content\/uploads\/2025\/07\/Custom-Acrylic-Trophy-3-768x768.jpg 768w, https:\/\/customacrylicproduct.com\/wp-content\/uploads\/2025\/07\/Custom-Acrylic-Trophy-3-600x600.jpg 600w, https:\/\/customacrylicproduct.com\/wp-content\/uploads\/2025\/07\/Custom-Acrylic-Trophy-3-100x100.jpg 100w, https:\/\/customacrylicproduct.com\/wp-content\/uploads\/2025\/07\/Custom-Acrylic-Trophy-3.jpg 1500w\" sizes=\"(max-width: 1024px) 100vw, 1024px\" \/><figcaption id=\"caption-attachment-1303\" class=\"wp-caption-text\">Trof\u00e9u acr\u00edlico personalizado (3)<\/figcaption><\/figure>\n<h4 id=\"-unleash-your-creative-thinking-unparalleled-customization-at-your-fingertips-\"><strong>Liberte o seu pensamento criativo: Personaliza\u00e7\u00e3o sem paralelo na ponta dos dedos<\/strong><\/h4>\n<p>O atrativo das nossas distin\u00e7\u00f5es em acr\u00edlico reside na sua possibilidade ilimitada de personaliza\u00e7\u00e3o. A nossa equipa acredita que um pr\u00e9mio deve ser t\u00e3o \u00fanico como a realiza\u00e7\u00e3o que representa. \u00c9 por isso que oferecemos um vasto conjunto de op\u00e7\u00f5es de personaliza\u00e7\u00e3o para dar vida \u00e0 sua vis\u00e3o.<\/p>\n<p><strong>1. Formando o seu conto \u00fanico:<\/strong><\/p>\n<p>N\u00e3o se lembre do m\u00e9todo de tamanho \u00fanico. Com as nossas capacidades de fabrico inovadoras, a forma do seu pr\u00e9mio \u00e9 limitada apenas pela sua imagina\u00e7\u00e3o criativa.<\/p>\n<ul>\n<li><strong>Formas standard e elegantes:\u00a0<\/strong>Para um aspeto avan\u00e7ado e sem idade, escolha a partir da nossa cole\u00e7\u00e3o de formas b\u00e1sicas. As placas redondas e brilhantes, como as da nossa s\u00e9rie admira\u00e7\u00e3o, proporcionam uma moldura suave e elegante para mensagens sentidas como \u201cObrigado por seres not\u00e1vel\u201d ou \u201cNunca te esque\u00e7as da diferen\u00e7a que fizeste\u201d. Os nossos blocos octogonais independentes e multifacetados, perfeitos para pr\u00e9mios desportivos, proporcionam uma exist\u00eancia significativa e din\u00e2mica que demonstra autoconfian\u00e7a e triunfo.<\/li>\n<li><strong>Formas de corte e vinco totalmente personalizadas:\u00a0<\/strong>\u00c9 aqui que a sua marca e a sua imagina\u00e7\u00e3o podem ser verdadeiramente potenciadas. Podemos cortar o acr\u00edlico por medida em praticamente qualquer forma que deseje. Imagine uma homenagem com o log\u00f3tipo da sua empresa, a silhueta de um produto, a mascote de uma escola ou um sinal tem\u00e1tico para a sua ocasi\u00e3o. Como demonstrado pelo nosso animado pr\u00e9mio \u201cYou Are The Bomb\u201d, uma forma \u00fanica pode incluir uma camada de intelig\u00eancia, divers\u00e3o e memoriza\u00e7\u00e3o que uma placa b\u00e1sica n\u00e3o consegue igualar. Este grau de personaliza\u00e7\u00e3o torna o pr\u00e9mio uma pe\u00e7a de conversa imediata e uma poderosa ferramenta de branding.<\/li>\n<\/ul>\n<figure id=\"attachment_1301\" aria-describedby=\"caption-attachment-1301\" style=\"width: 800px\" class=\"wp-caption aligncenter\"><img decoding=\"async\" class=\"size-full wp-image-1301\" src=\"https:\/\/customacrylicproduct.com\/wp-content\/uploads\/2025\/07\/Custom-Acrylic-Trophy-1.jpg\" alt=\"Trof\u00e9u acr\u00edlico personalizado (1)\" width=\"800\" height=\"800\" srcset=\"https:\/\/customacrylicproduct.com\/wp-content\/uploads\/2025\/07\/Custom-Acrylic-Trophy-1.jpg 800w, https:\/\/customacrylicproduct.com\/wp-content\/uploads\/2025\/07\/Custom-Acrylic-Trophy-1-300x300.jpg 300w, https:\/\/customacrylicproduct.com\/wp-content\/uploads\/2025\/07\/Custom-Acrylic-Trophy-1-150x150.jpg 150w, https:\/\/customacrylicproduct.com\/wp-content\/uploads\/2025\/07\/Custom-Acrylic-Trophy-1-768x768.jpg 768w, https:\/\/customacrylicproduct.com\/wp-content\/uploads\/2025\/07\/Custom-Acrylic-Trophy-1-600x600.jpg 600w, https:\/\/customacrylicproduct.com\/wp-content\/uploads\/2025\/07\/Custom-Acrylic-Trophy-1-100x100.jpg 100w\" sizes=\"(max-width: 800px) 100vw, 800px\" \/><figcaption id=\"caption-attachment-1301\" class=\"wp-caption-text\">Trof\u00e9u acr\u00edlico personalizado (1)<\/figcaption><\/figure>\n<p><strong>2. Uma gama de express\u00f5es: Da inscri\u00e7\u00e3o elegante \u00e0 cor viva<\/strong><\/p>\n<p>A forma como a mensagem e o esquema s\u00e3o aplicados ao acr\u00edlico \u00e9 vital. Oferecemos duas t\u00e9cnicas de primeira linha que se adaptam a qualquer estilo.<\/p>\n<ul>\n<li><strong>Inscri\u00e7\u00e3o de precis\u00e3o a laser:\u00a0<\/strong>Para um acabamento tradicional, polido e avan\u00e7ado, a grava\u00e7\u00e3o a laser \u00e9 a escolha ideal. Os nossos lasers modernos gravam delicadamente o seu texto e gr\u00e1ficos simples no acr\u00edlico, desenvolvendo uma superf\u00edcie branca e n\u00edtida que contrasta perfeitamente com o material transparente. Esta t\u00e9cnica \u00e9 adequada para mensagens profundas, tipos de letra manuscritos com classe e desenhos de log\u00f3tipos m\u00ednimos. \u00c9 a melhor sele\u00e7\u00e3o para reconhecimento de neg\u00f3cios, pr\u00e9mios acad\u00e9micos e presentes personalizados onde a subtileza e a classe s\u00e3o fundamentais.<\/li>\n<li><strong>Impress\u00e3o UV a cores deslumbrante:\u00a0<\/strong>Quando precisa que a sua honra se destaque com for\u00e7a e cor, a nossa tecnologia de impress\u00e3o UV direta fornece resultados surpreendentes. Este processo publica os seus gr\u00e1ficos a cores diretamente no acr\u00edlico, resultando em imagens abundantes, vibrantes e fotorrealistas. Como se pode ver na nossa s\u00e9rie \u201cBasketball Champion\u201d, esta abordagem \u00e9 excelente para reproduzir log\u00f3tipos desportivos din\u00e2micos, cores de equipas e designs complexos. A tinta \u00e9 tratada instantaneamente pela luz UV, tornando-a resiliente, resistente ao desvanecimento e criando uma profundidade est\u00e9tica espetacular, especificamente quando publicada no verso de blocos de acr\u00edlico mais espessos.<\/li>\n<\/ul>\n<p><strong>3. Palavras que importam: Personalizadas para um impacto m\u00e1ximo<\/strong><\/p>\n<p>A mensagem \u00e9 o cora\u00e7\u00e3o de qualquer tipo de pr\u00e9mio. Asseguramos que as suas palavras existem com a qualidade e o impacto que devem ter. Individualize cada item com nomes, datas, feitos particulares, cita\u00e7\u00f5es inspiradoras ou piadas internas. Desde o profundo agradecimento de \u201cObrigado por prestar aten\u00e7\u00e3o, pela ajuda, pela inspira\u00e7\u00e3o\u201d, ao rugido vitorioso de \u201cCampe\u00e3o de basquetebol\u201d, at\u00e9 ao agrad\u00e1vel e inspirador \u201cNalguns casos, negligenciamos que somos fant\u00e1sticos, por isso esta \u00e9 a nossa dica\u201d, as palavras certas transformam um artigo deslumbrante numa recorda\u00e7\u00e3o pessoal acarinhada.<\/p>\n<h4 id=\"-adaptability-for-each-occasion-and-accomplishment-\"><strong>Adaptabilidade a cada ocasi\u00e3o e realiza\u00e7\u00e3o<\/strong><\/h4>\n<p>Os nossos pr\u00e9mios acr\u00edlicos personalizados s\u00e3o criados para se adaptarem a toda e qualquer ocasi\u00e3o em que seja necess\u00e1rio um calend\u00e1rio de reconhecimento.<\/p>\n<ul>\n<li><strong>Reconhecimento da empresa:\u00a0<\/strong>Aumentar o esp\u00edrito e promover uma sociedade de reconhecimento com distin\u00e7\u00f5es para o Funcion\u00e1rio do M\u00eas, Vendedor de Topo, Qualidade de Lideran\u00e7a, Conclus\u00e3o de Tarefas e Reforma.<\/li>\n<li><strong>Campeonatos desportivos:\u00a0<\/strong>De organiza\u00e7\u00f5es de bairro a competi\u00e7\u00f5es nacionais, produza pr\u00e9mios extraordin\u00e1rios para MVPs, Campe\u00f5es e indiv\u00edduos. A durabilidade do acr\u00edlico torna-o ideal para comemorar a experi\u00eancia desportiva.<\/li>\n<li><strong>Realiza\u00e7\u00f5es acad\u00e9micas:\u00a0<\/strong>Homenageie alunos, instrutores e professores com honras elegantes pela gradua\u00e7\u00e3o na faculdade, honras escolares e anos de servi\u00e7o dedicado. Uma placa de \u201cObrigado\u201d individualizada \u00e9 uma prenda que um educador valorizar\u00e1 permanentemente.<\/li>\n<li><strong>Presentes pessoais e marcos:\u00a0<\/strong>Comemore anivers\u00e1rios, anivers\u00e1rios ou simplesmente mostre a um amigo, treinador ou membro da fam\u00edlia o quanto ele \u00e9 importante para si com uma lembran\u00e7a personalizada.<\/li>\n<li><strong>Concursos e ocasi\u00f5es:\u00a0<\/strong>Quer se trate de um concurso de chili, de uma celebra\u00e7\u00e3o de um filme ou de uma angaria\u00e7\u00e3o de fundos para a comunidade, crie pr\u00e9mios tem\u00e1ticos com a sua marca que fa\u00e7am sobressair a sua ocasi\u00e3o.<\/li>\n<\/ul>\n<h4 id=\"-quality-that-endures-a-memory-that-lasts-\"><strong>Qualidade que perdura, uma mem\u00f3ria que perdura<\/strong><\/h4>\n<p>Cada trof\u00e9u que desenvolvemos \u00e9 um testemunho de um trabalho de qualidade superior. Come\u00e7amos com custos, acr\u00edlico sem falhas e utilizamos tecnologias modernas de corte e impress\u00e3o de precis\u00e3o para garantir que cada informa\u00e7\u00e3o \u00e9 excelente. As arestas s\u00e3o polidas \u00e0 chama para obter um revestimento liso, semelhante ao vidro, e cada pr\u00e9mio \u00e9 combinado com uma base resistente e devidamente concebida para um ecr\u00e3 est\u00e1vel e atraente. Estes pr\u00e9mios foram concebidos para durar, funcionando como uma recorda\u00e7\u00e3o duradoura e impressionante de um trabalho bem feito.<\/p>\n<p>Ultrapasse o gen\u00e9rico e desenvolva um momento de reconhecimento que seja t\u00e3o \u00fanico e brilhante como a pessoa que o recebe. Um pr\u00e9mio tem de ser mais do que um espa\u00e7o reservado; tem de ser uma declara\u00e7\u00e3o.<\/p>\n<p><strong>Entre em contacto connosco hoje mesmo para come\u00e7ar a criar os seus pr\u00e9mios em acr\u00edlico personalizados, e vamos produzir algo not\u00e1vel juntos.<\/strong><\/p>","protected":false},"excerpt":{"rendered":"<p class=\"ng-star-inserted\"><span class=\"ng-star-inserted\">Celebre o sucesso com os nossos impressionantes trof\u00e9us acr\u00edlicos personalizados. Personalize com qualquer texto, log\u00f3tipo ou forma \u00fanica. Desde elegantes pr\u00e9mios gravados a vibrantes pr\u00e9mios de campe\u00e3o a cores, estes pr\u00e9mios modernos e duradouros s\u00e3o perfeitos para qualquer concurso, equipa ou evento de reconhecimento.<\/span><\/p>","protected":false},"featured_media":1302,"template":"","meta":{"_kad_post_transparent":"default","_kad_post_title":"","_kad_post_layout":"default","_kad_post_sidebar_id":"","_kad_post_content_style":"default","_kad_post_vertical_padding":"default","_kad_post_feature":"","_kad_post_feature_position":"","_kad_post_header":false,"_kad_post_footer":false,"_kad_post_classname":""},"product_brand":[],"product_cat":[19],"product_tag":[136],"class_list":{"0":"post-1300","1":"product","2":"type-product","3":"status-publish","4":"has-post-thumbnail","6":"product_cat-custom-acrylic-trophies-awards","7":"product_tag-custom-acrylic-trophy","9":"first","10":"instock","11":"shipping-taxable","12":"product-type-simple","13":"entry","14":"content-bg","15":"loop-entry"},"_links":{"self":[{"href":"https:\/\/customacrylicproduct.com\/pt\/wp-json\/wp\/v2\/product\/1300","targetHints":{"allow":["GET"]}}],"collection":[{"href":"https:\/\/customacrylicproduct.com\/pt\/wp-json\/wp\/v2\/product"}],"about":[{"href":"https:\/\/customacrylicproduct.com\/pt\/wp-json\/wp\/v2\/types\/product"}],"wp:featuredmedia":[{"embeddable":true,"href":"https:\/\/customacrylicproduct.com\/pt\/wp-json\/wp\/v2\/media\/1302"}],"wp:attachment":[{"href":"https:\/\/customacrylicproduct.com\/pt\/wp-json\/wp\/v2\/media?parent=1300"}],"wp:term":[{"taxonomy":"product_brand","embeddable":true,"href":"https:\/\/customacrylicproduct.com\/pt\/wp-json\/wp\/v2\/product_brand?post=1300"},{"taxonomy":"product_cat","embeddable":true,"href":"https:\/\/customacrylicproduct.com\/pt\/wp-json\/wp\/v2\/product_cat?post=1300"},{"taxonomy":"product_tag","embeddable":true,"href":"https:\/\/customacrylicproduct.com\/pt\/wp-json\/wp\/v2\/product_tag?post=1300"}],"curies":[{"name":"wp","href":"https:\/\/api.w.org\/{rel}","templated":true}]}}