{"id":1304,"date":"2025-07-18T09:52:21","date_gmt":"2025-07-18T09:52:21","guid":{"rendered":"https:\/\/customacrylicproduct.com\/?post_type=product&#038;p=1304"},"modified":"2025-07-18T09:52:21","modified_gmt":"2025-07-18T09:52:21","slug":"acrylic-tray-counter-ttop-organizer-tray-for-kitchen-box","status":"publish","type":"product","link":"https:\/\/customacrylicproduct.com\/pt\/acrylic-tray-counter-ttop-organizer-tray-for-kitchen-box\/","title":{"rendered":"Bandeja acr\u00edlica para balc\u00e3o Bandeja organizadora para caixa de cozinha"},"content":{"rendered":"<h3 id=\"the-art-of-organization-discover-unmatched-style-and-adaptability-with-our-polymer-countertop-tray\">A arte da organiza\u00e7\u00e3o: Descubra um estilo e uma adaptabilidade inigual\u00e1veis com o nosso tabuleiro de bancada em pol\u00edmero<\/h3>\n<p>No ritmo da vida contempor\u00e2nea, as nossas casas s\u00e3o os nossos ref\u00fagios. No entanto, estes ref\u00fagios individuais podem ficar convenientemente sobrecarregados com a dan\u00e7a di\u00e1ria de pequenos objectos - chaves no balc\u00e3o, cosm\u00e9ticos no toucador, j\u00f3ias preciosas na mesa de cabeceira, especiarias espalhadas pela cozinha. Esta suave acumula\u00e7\u00e3o de \u201ccoisas\u201d pode interferir com a calma e a clareza que desejamos. E se houvesse uma solu\u00e7\u00e3o \u00fanica e elegante para ultrapassar esta desordem? Um dispositivo que n\u00e3o se limita a arrumar, mas que d\u00e1 estilo?<\/p>\n<p>Apresentamos o melhor tabuleiro organizador de balc\u00e3o de cozinha em pol\u00edmero - uma obra de arte de design minimalista e desempenho m\u00e1ximo. N\u00e3o se trata simplesmente de mais uma caixa de arruma\u00e7\u00e3o; \u00e9 um sistema funcional concebido para trazer ordem, sofistica\u00e7\u00e3o e um toque de estilo individual a todos os cantos da sua casa. Fabricado em acr\u00edlico de alta qualidade, este tabuleiro \u00e9 a excelente rela\u00e7\u00e3o conjugal entre robustez e estilo, pronto para transformar as suas \u00e1reas de superf\u00edcie desarrumadas em expositores intencionais e com curadoria.<\/p>\n<p><img fetchpriority=\"high\" decoding=\"async\" class=\"size-full wp-image-1306\" src=\"https:\/\/customacrylicproduct.com\/wp-content\/uploads\/2025\/07\/Acrylic-Tray-Counter-2.jpg\" alt=\"Balc\u00e3o de tabuleiro em acr\u00edlico\" width=\"800\" height=\"800\" srcset=\"https:\/\/customacrylicproduct.com\/wp-content\/uploads\/2025\/07\/Acrylic-Tray-Counter-2.jpg 800w, https:\/\/customacrylicproduct.com\/wp-content\/uploads\/2025\/07\/Acrylic-Tray-Counter-2-300x300.jpg 300w, https:\/\/customacrylicproduct.com\/wp-content\/uploads\/2025\/07\/Acrylic-Tray-Counter-2-150x150.jpg 150w, https:\/\/customacrylicproduct.com\/wp-content\/uploads\/2025\/07\/Acrylic-Tray-Counter-2-768x768.jpg 768w, https:\/\/customacrylicproduct.com\/wp-content\/uploads\/2025\/07\/Acrylic-Tray-Counter-2-600x600.jpg 600w, https:\/\/customacrylicproduct.com\/wp-content\/uploads\/2025\/07\/Acrylic-Tray-Counter-2-100x100.jpg 100w\" sizes=\"(max-width: 800px) 100vw, 800px\" \/><\/p>\n<h4 id=\"-exquisite-design-meets-superior-workmanship-\"><strong>O design requintado alia-se ao acabamento superior<\/strong><\/h4>\n<p>No cora\u00e7\u00e3o do nosso tabuleiro para coordenadores est\u00e1 a dedica\u00e7\u00e3o a apelos visuais simples e modernos. A silhueta suave e quadrada, com as suas linhas n\u00edtidas e bem definidas, fornece uma sensibilidade moderna que complementa qualquer design de decora\u00e7\u00e3o, desde o ultra-minimalista ao luxuosamente extravagante. A constru\u00e7\u00e3o forte e consistente proporciona uma sensa\u00e7\u00e3o de seguran\u00e7a e durabilidade, enquanto os lados elevados garantem que todos os seus objectos b\u00e1sicos permanecem seguros, evitando derrames e fugas.<\/p>\n<p>Um atributo crucial que eleva este tabuleiro de um recipiente f\u00e1cil para um item absolutamente funcional de design dom\u00e9stico \u00e9 a adi\u00e7\u00e3o de duas pegas recortadas perfeitamente integradas. Estas pegas n\u00e3o s\u00e3o apenas um complemento \u00fatil; s\u00e3o um elemento de estilo por si s\u00f3, mantendo o perfil elegante do tabuleiro e proporcionando uma portabilidade simples e f\u00e1cil. Leve facilmente o seu caf\u00e9 matinal vital para o p\u00e1tio, transporte a sua cole\u00e7\u00e3o de cuidados de pele do quarto para a casa de banho ou sirva bebidas mistas aos convidados com gra\u00e7a e comodidade.<\/p>\n<p>O verdadeiro brilho deste tabuleiro reside no seu material. Constru\u00eddo em acr\u00edlico de alta qualidade, oferece a excelente clareza e beleza do vidro sem a sua fragilidade. Este produto dur\u00e1vel \u00e9 resistente a estilha\u00e7os, o que o torna uma sele\u00e7\u00e3o mais segura e resistente para fam\u00edlias activas, especialmente em cozinhas e casas de banho. \u00c9 extraordinariamente leve, mas extremamente forte, e a sua superf\u00edcie n\u00e3o porosa \u00e9 \u00e0 prova de \u00e1gua e excecionalmente f\u00e1cil de limpar. Uma simples passagem de um pano h\u00famido \u00e9 tudo o que \u00e9 necess\u00e1rio para eliminar derrames, p\u00f3 ou manchas de maquilhagem, mantendo o tabuleiro com um aspeto novo durante muitos anos.<\/p>\n<p><img decoding=\"async\" class=\"aligncenter wp-image-1308 size-large\" src=\"https:\/\/customacrylicproduct.com\/wp-content\/uploads\/2025\/07\/Acrylic-Tray-Counter-4-1024x1024.jpg\" alt=\"Balc\u00e3o de tabuleiro em acr\u00edlico (4)\" width=\"1024\" height=\"1024\" srcset=\"https:\/\/customacrylicproduct.com\/wp-content\/uploads\/2025\/07\/Acrylic-Tray-Counter-4-1024x1024.jpg 1024w, https:\/\/customacrylicproduct.com\/wp-content\/uploads\/2025\/07\/Acrylic-Tray-Counter-4-300x300.jpg 300w, https:\/\/customacrylicproduct.com\/wp-content\/uploads\/2025\/07\/Acrylic-Tray-Counter-4-150x150.jpg 150w, https:\/\/customacrylicproduct.com\/wp-content\/uploads\/2025\/07\/Acrylic-Tray-Counter-4-768x768.jpg 768w, https:\/\/customacrylicproduct.com\/wp-content\/uploads\/2025\/07\/Acrylic-Tray-Counter-4-600x600.jpg 600w, https:\/\/customacrylicproduct.com\/wp-content\/uploads\/2025\/07\/Acrylic-Tray-Counter-4-100x100.jpg 100w, https:\/\/customacrylicproduct.com\/wp-content\/uploads\/2025\/07\/Acrylic-Tray-Counter-4.jpg 1500w\" sizes=\"(max-width: 1024px) 100vw, 1024px\" \/><\/p>\n<h4 id=\"-a-combination-to-perfect-your-space-\"><strong>Uma combina\u00e7\u00e3o perfeita para o seu espa\u00e7o<\/strong><\/h4>\n<p>Compreendemos que o design pessoal \u00e9 fundamental. \u00c9 por isso que o nosso tabuleiro Polymer Coordinator est\u00e1 dispon\u00edvel numa s\u00e9rie de cores meticulosamente escolhidas, cada uma criada para estimular um estado de esp\u00edrito diferente e harmonizar-se com o seu design de interiores especial.<\/p>\n<ul>\n<li><strong>Branco padr\u00e3o:\u00a0<\/strong>Tal como se v\u00ea numa excelente superf\u00edcie de m\u00e1rmore, o tabuleiro branco n\u00e3o transparente \u00e9 o ep\u00edtome de uma eleg\u00e2ncia limpa e calma. Proporciona uma tela brilhante e neutra que faz sobressair os objectos que cont\u00e9m. Perfeito para criar um ambiente \u00e0 beira-mar com conchas ornamentais, um ambiente de spa na casa de banho, ou uma busca n\u00edtida e organizada numa \u00e1rea de cozinha de inspira\u00e7\u00e3o escandinava.<\/li>\n<li><strong>Preto sofisticado:\u00a0<\/strong>Para um toque de dramatismo e uma evidente sofistica\u00e7\u00e3o, o tabuleiro preto brilhante \u00e9 uma escolha perfeita. Cria um contraste sensacional em rela\u00e7\u00e3o aos balc\u00f5es de cozinha mais claros, transformando uma cole\u00e7\u00e3o m\u00e9dia de fragr\u00e2ncias e cosm\u00e9ticos num expositor de qualidade superior que evoca uma loja de luxo. O tabuleiro preto acrescenta profundidade e eleg\u00e2ncia, tornando-o uma excelente sele\u00e7\u00e3o para um local de trabalho contempor\u00e2neo, uma sala de estar chique ou um toucador glamoroso.<\/li>\n<li><strong>Transparente:\u00a0<\/strong>Aceite o minimalismo moderno com o tabuleiro transparente. O seu visual \u201cquase inexistente\u201d permite que o encanto das suas superf\u00edcies - quer se trate de madeira abundante ou de m\u00e1rmore elegante - brilhe. Esta escolha \u00e9 excelente para quem quer companhia sem peso visual. Veja como os seus acess\u00f3rios favoritos, como um rel\u00f3gio tradicional e uns \u00f3culos de sol elegantes, aparecem a flutuar numa \u00e1rea maravilhosamente espa\u00e7osa, adicionando uma camada de brilho sem sobrecarregar a decora\u00e7\u00e3o.<\/li>\n<li><strong>Laranja vivo:\u00a0<\/strong>Fa\u00e7a uma declara\u00e7\u00e3o ousada com o nosso fant\u00e1stico tabuleiro cor de laranja. Este pop de cor din\u00e2mica \u00e9 para o decorador positivo que n\u00e3o se preocupa em partilhar a sua personalidade. Pode dar energia a uma \u00e1rea neutra, funcionar como um foco principal numa mesa de caf\u00e9 ou incluir um toque divertido num escrit\u00f3rio. \u00c9 uma afirma\u00e7\u00e3o do design, provando que a organiza\u00e7\u00e3o pode ser agrad\u00e1vel e cheia de vida.<\/li>\n<\/ul>\n<p><img decoding=\"async\" class=\"aligncenter wp-image-1307 size-large\" src=\"https:\/\/customacrylicproduct.com\/wp-content\/uploads\/2025\/07\/Acrylic-Tray-Counter-3-1024x1024.jpg\" alt=\"Balc\u00e3o de tabuleiro em acr\u00edlico (3)\" width=\"1024\" height=\"1024\" srcset=\"https:\/\/customacrylicproduct.com\/wp-content\/uploads\/2025\/07\/Acrylic-Tray-Counter-3-1024x1024.jpg 1024w, https:\/\/customacrylicproduct.com\/wp-content\/uploads\/2025\/07\/Acrylic-Tray-Counter-3-300x300.jpg 300w, https:\/\/customacrylicproduct.com\/wp-content\/uploads\/2025\/07\/Acrylic-Tray-Counter-3-150x150.jpg 150w, https:\/\/customacrylicproduct.com\/wp-content\/uploads\/2025\/07\/Acrylic-Tray-Counter-3-768x768.jpg 768w, https:\/\/customacrylicproduct.com\/wp-content\/uploads\/2025\/07\/Acrylic-Tray-Counter-3-600x600.jpg 600w, https:\/\/customacrylicproduct.com\/wp-content\/uploads\/2025\/07\/Acrylic-Tray-Counter-3-100x100.jpg 100w, https:\/\/customacrylicproduct.com\/wp-content\/uploads\/2025\/07\/Acrylic-Tray-Counter-3.jpg 1500w\" sizes=\"(max-width: 1024px) 100vw, 1024px\" \/><\/p>\n<h4 id=\"-infinite-possibilities-a-tray-for-every-single-space-\"><strong>Possibilidades infinitas: Um tabuleiro para cada espa\u00e7o<\/strong><\/h4>\n<p>O verdadeiro atrativo deste tabuleiro em acr\u00edlico \u00e9 a sua conveni\u00eancia ilimitada. A sua funcionalidade \u00e9 limitada apenas pela sua criatividade.<\/p>\n<ul>\n<li><strong>O centro de comando da \u00e1rea da cozinha:\u00a0<\/strong>Como o seu nome recomenda, este tabuleiro \u00e9 uma pot\u00eancia na \u00e1rea da cozinha. Utilize-o para criar uma esta\u00e7\u00e3o de caf\u00e9 ou de ch\u00e1 limpa, arrumando o a\u00e7ucareiro, a lo\u00e7\u00e3o e as canecas preferidas. Coloque \u00f3leos de prepara\u00e7\u00e3o de alimentos, vinagres e temperos ao lado do fog\u00e3o para um acesso muito f\u00e1cil, protegendo os seus balc\u00f5es. Ou utilize-o como um elegante tabuleiro para servir aperitivos e bebidas quando for agrad\u00e1vel.<\/li>\n<li><strong>O santu\u00e1rio das casas de banho e dos toucadores:\u00a0<\/strong>Transforme o balc\u00e3o da sua casa de banho de uma confus\u00e3o num retiro tranquilo, tipo spa. Prepare cuidadosamente os seus artigos de cuidados di\u00e1rios para a pele, maquilhagem, pinc\u00e9is e perfumes. A superf\u00edcie acr\u00edlica resistente \u00e0 \u00e1gua \u00e9 excelente para o ambiente h\u00famido da casa de banho. Combine-o com um difusor de palhetas, como mostrado, para criar uma experi\u00eancia sensorial completa de ordem e tranquilidade.<\/li>\n<li><strong>O quarto e o santu\u00e1rio dos arm\u00e1rios:\u00a0<\/strong>Acabe com a procura fren\u00e9tica dos seus aparelhos preferidos. Utilize o tabuleiro na sua c\u00f3moda ou mesa de cabeceira como um \u201capanhador\u201d avan\u00e7ado para o seu rel\u00f3gio, pulseiras, an\u00e9is e \u00f3culos de sol. Fornece uma casa marcada para as suas coisas b\u00e1sicas do dia a dia, mantendo-as seguras, organizadas e maravilhosamente apresentadas.<\/li>\n<li><strong>A entrada acolhedora:\u00a0<\/strong>Causar uma impress\u00e3o impressionante. Coloque o tabuleiro numa consola de entrada para criar uma \u00e1rea de destino organizada para segredos, correio, carteiras e telefones. Organiza imediatamente a primeira divis\u00e3o que v\u00ea quando chega a casa, criando um tom de paz e ordem para o resto da sua casa.<\/li>\n<li><strong>O estilista da sala de estar:\u00a0<\/strong>Eleve o design da sua mesa de centro ou otomana. Utilize o tabuleiro para fixar a sua decora\u00e7\u00e3o, organizando em conjunto os comandos, uma vela perfumada, uma pequena planta e montanhas-russas. Cria um aspeto natural e voluntarioso que d\u00e1 a sensa\u00e7\u00e3o de ter sido habilmente estilizado.<\/li>\n<li><strong>O escrit\u00f3rio produtivo:\u00a0<\/strong>Aumente a sua concentra\u00e7\u00e3o organizando o seu espa\u00e7o de trabalho. Este tabuleiro tem o tamanho perfeito para arrumar canetas, blocos de notas, clipes de papel e outros produtos de secret\u00e1ria, ajudando-o a manter um ambiente limpo e motivador, prop\u00edcio \u00e0 produtividade.<\/li>\n<\/ul>\n<h3 id=\"-embrace-a-life-of-stylish-order-\"><strong>Abrace uma vida de ordem elegante<\/strong><\/h3>\n<p>Este tabuleiro organizador de bancada em acr\u00edlico \u00e9 mais do que um simples artigo; \u00e9 uma atualiza\u00e7\u00e3o do modo de vida. \u00c9 o servi\u00e7o simples e encantador para a quest\u00e3o perene da desarruma\u00e7\u00e3o. \u00c9 um investimento financeiro em tranquilidade, uma express\u00e3o de design pessoal e um testemunho do conceito de que os objectos sens\u00edveis podem, e devem, ser bonitos.<\/p>\n<p>Escolha a cor que fala consigo e descubra o poder transformador de uma companhia sofisticada. Traga harmonia \u00e0s suas bancadas, qualidade \u00e0s suas rotinas e um toque de design inovador ao seu dia a dia. Encomende hoje mesmo o seu e inicie a viagem para uma casa mais atractiva e organizada.<\/p>","protected":false},"excerpt":{"rendered":"<p>Organize com estilo com este moderno tabuleiro em acr\u00edlico. O seu design elegante e duradouro \u00e9 perfeito para organizar qualquer bancada. Utilize-o na cozinha para as especiarias, num toucador para os perfumes ou na entrada para as chaves. Inclui pegas incorporadas pr\u00e1ticas para um transporte f\u00e1cil.<\/p>","protected":false},"featured_media":1306,"template":"","meta":{"_kad_post_transparent":"default","_kad_post_title":"","_kad_post_layout":"default","_kad_post_sidebar_id":"","_kad_post_content_style":"default","_kad_post_vertical_padding":"default","_kad_post_feature":"","_kad_post_feature_position":"","_kad_post_header":false,"_kad_post_footer":false,"_kad_post_classname":""},"product_brand":[],"product_cat":[22],"product_tag":[125],"class_list":{"0":"post-1304","1":"product","2":"type-product","3":"status-publish","4":"has-post-thumbnail","6":"product_cat-custom-acrylic-trays","7":"product_tag-acrylic-tray","9":"first","10":"instock","11":"shipping-taxable","12":"product-type-simple","13":"entry","14":"content-bg","15":"loop-entry"},"_links":{"self":[{"href":"https:\/\/customacrylicproduct.com\/pt\/wp-json\/wp\/v2\/product\/1304","targetHints":{"allow":["GET"]}}],"collection":[{"href":"https:\/\/customacrylicproduct.com\/pt\/wp-json\/wp\/v2\/product"}],"about":[{"href":"https:\/\/customacrylicproduct.com\/pt\/wp-json\/wp\/v2\/types\/product"}],"wp:featuredmedia":[{"embeddable":true,"href":"https:\/\/customacrylicproduct.com\/pt\/wp-json\/wp\/v2\/media\/1306"}],"wp:attachment":[{"href":"https:\/\/customacrylicproduct.com\/pt\/wp-json\/wp\/v2\/media?parent=1304"}],"wp:term":[{"taxonomy":"product_brand","embeddable":true,"href":"https:\/\/customacrylicproduct.com\/pt\/wp-json\/wp\/v2\/product_brand?post=1304"},{"taxonomy":"product_cat","embeddable":true,"href":"https:\/\/customacrylicproduct.com\/pt\/wp-json\/wp\/v2\/product_cat?post=1304"},{"taxonomy":"product_tag","embeddable":true,"href":"https:\/\/customacrylicproduct.com\/pt\/wp-json\/wp\/v2\/product_tag?post=1304"}],"curies":[{"name":"wp","href":"https:\/\/api.w.org\/{rel}","templated":true}]}}