{"id":1311,"date":"2025-07-18T10:08:46","date_gmt":"2025-07-18T10:08:46","guid":{"rendered":"https:\/\/customacrylicproduct.com\/?post_type=product&#038;p=1311"},"modified":"2025-07-18T10:08:46","modified_gmt":"2025-07-18T10:08:46","slug":"custom-acrylic-round-tube-length-clear-acrylic-rod","status":"publish","type":"product","link":"https:\/\/customacrylicproduct.com\/pt\/custom-acrylic-round-tube-length-clear-acrylic-rod\/","title":{"rendered":"Tubo redondo de acr\u00edlico personalizado Comprimento da haste de acr\u00edlico transparente"},"content":{"rendered":"<h3 id=\"-unleash-your-vision-costs-custom-made-acrylic-round-tubes-rods-\"><strong>Liberte a sua vis\u00e3o: Custos de tubos e hastes redondos de acr\u00edlico feitos \u00e0 medida<\/strong><\/h3>\n<p>No planeta do layout moderno, da constru\u00e7\u00e3o e da tecnologia, os materiais s\u00e3o a base para o desenvolvimento de grandes ideias. Temos orgulho em apresentar um produto que proporciona uma versatilidade inigual\u00e1vel, uma qualidade fenomenal e um brilho est\u00e9tico: os nossos tubos redondos de pol\u00edmero personalizados. Quer seja um designer a esbo\u00e7ar a pr\u00f3xima estrutura famosa, um promotor de vendas a retalho a criar expositores fascinantes, um engenheiro a criar um prot\u00f3tipo de uma nova engenhoca, ou um amante do \"fa\u00e7a voc\u00ea mesmo\" a dar vida a um projeto pessoal, os nossos tubos de acr\u00edlico fornecem a melhor combina\u00e7\u00e3o de tipo e carater\u00edstica.<\/p>\n<p>Tal como demonstrado na qualidade imaculada dos nossos tubos transparentes e na gama v\u00edvida da nossa cole\u00e7\u00e3o colorida, isto \u00e9 mais do que apenas um recurso. \u00c9 uma tela para a sua criatividade, concebida de acordo com requisitos espec\u00edficos e pronta para transformar as suas ideias em verdade substancial.<\/p>\n<p><img fetchpriority=\"high\" decoding=\"async\" class=\"aligncenter wp-image-1312 size-full\" src=\"https:\/\/customacrylicproduct.com\/wp-content\/uploads\/2025\/07\/Custom-Acrylic-Round-1.jpg\" alt=\"Acr\u00edlico personalizado redondo (1)\" width=\"800\" height=\"800\" srcset=\"https:\/\/customacrylicproduct.com\/wp-content\/uploads\/2025\/07\/Custom-Acrylic-Round-1.jpg 800w, https:\/\/customacrylicproduct.com\/wp-content\/uploads\/2025\/07\/Custom-Acrylic-Round-1-300x300.jpg 300w, https:\/\/customacrylicproduct.com\/wp-content\/uploads\/2025\/07\/Custom-Acrylic-Round-1-150x150.jpg 150w, https:\/\/customacrylicproduct.com\/wp-content\/uploads\/2025\/07\/Custom-Acrylic-Round-1-768x768.jpg 768w, https:\/\/customacrylicproduct.com\/wp-content\/uploads\/2025\/07\/Custom-Acrylic-Round-1-600x600.jpg 600w, https:\/\/customacrylicproduct.com\/wp-content\/uploads\/2025\/07\/Custom-Acrylic-Round-1-100x100.jpg 100w\" sizes=\"(max-width: 800px) 100vw, 800px\" \/><\/p>\n<h4 id=\"-the-beauty-of-remarkable-clarity-and-vivid-shade-\"><strong>A beleza de uma clareza not\u00e1vel e de uma tonalidade viva<\/strong><\/h4>\n<p>A primeira impress\u00e3o que os nossos tubos de acr\u00edlico causam \u00e9 a de uma clareza \u00f3tica sensacional. Como se pode ver nas nossas ofertas cristalinas, o produto apresenta uma taxa de transmiss\u00e3o de luz que ultrapassa tamb\u00e9m a do vidro, permitindo uma exposi\u00e7\u00e3o m\u00e1xima e uma est\u00e9tica contempor\u00e2nea e cuidada. A \u00e1rea da superf\u00edcie \u00e9 perfeitamente lisa e brilhante, desenvolvendo reflexos atractivos e refractando a luz de uma forma que acrescenta um toque de classe a qualquer aplica\u00e7\u00e3o. Ao contr\u00e1rio do vidro, que pode ter uma tonalidade verde, o nosso acr\u00edlico de alta qualidade \u00e9 perfeitamente transparente, garantindo que o foco continua a ser o que est\u00e1 dentro ou fora do tubo, tornando-o ideal para ecr\u00e3s com qualidade de museu, componentes de retalho de alta qualidade e visores de laborat\u00f3rio.<\/p>\n<p>No entanto, as possibilidades visuais n\u00e3o terminam na transpar\u00eancia. A nossa cole\u00e7\u00e3o estende-se a uma deslumbrante variedade de cores personalizadas, como ilustrado pela gama din\u00e2mica de tubos vermelhos, azuis, ecol\u00f3gicos, amarelos e cinzentos fumados. N\u00e3o se trata apenas de acabamentos de superf\u00edcie; a tonalidade \u00e9 incorporada em todo o material, assegurando um tom abundante e consistente que n\u00e3o lasca, descasca ou desvanece. Desde tonalidades fortes e n\u00e3o transparentes que fazem uma declara\u00e7\u00e3o a tonalidades refinadas e transparentes que jogam com a luz e a sombra, os nossos tubos de acr\u00edlico colorido s\u00e3o excelentes para marcas, realces de design de interiores, configura\u00e7\u00f5es criativas e qualquer tipo de projeto que exija um toque de individualidade.<\/p>\n<p><img decoding=\"async\" class=\"size-full wp-image-1315\" src=\"https:\/\/customacrylicproduct.com\/wp-content\/uploads\/2025\/07\/Custom-Acrylic-Round-4.jpg\" alt=\"Acr\u00edlico personalizado redondo (4)\" width=\"800\" height=\"800\" srcset=\"https:\/\/customacrylicproduct.com\/wp-content\/uploads\/2025\/07\/Custom-Acrylic-Round-4.jpg 800w, https:\/\/customacrylicproduct.com\/wp-content\/uploads\/2025\/07\/Custom-Acrylic-Round-4-300x300.jpg 300w, https:\/\/customacrylicproduct.com\/wp-content\/uploads\/2025\/07\/Custom-Acrylic-Round-4-150x150.jpg 150w, https:\/\/customacrylicproduct.com\/wp-content\/uploads\/2025\/07\/Custom-Acrylic-Round-4-768x768.jpg 768w, https:\/\/customacrylicproduct.com\/wp-content\/uploads\/2025\/07\/Custom-Acrylic-Round-4-600x600.jpg 600w, https:\/\/customacrylicproduct.com\/wp-content\/uploads\/2025\/07\/Custom-Acrylic-Round-4-100x100.jpg 100w\" sizes=\"(max-width: 800px) 100vw, 800px\" \/><\/p>\n<h4 id=\"-the-power-of-precision-modification-at-its-core-\"><strong>O Poder da Precis\u00e3o: A modifica\u00e7\u00e3o na sua ess\u00eancia<\/strong><\/h4>\n<p>Reconhecemos que o tamanho raramente serve para todos. A verdadeira ess\u00eancia do nosso artigo assenta na sua total personaliza\u00e7\u00e3o. O t\u00edtulo \u201cComprimento do tubo redondo de pol\u00edmero personalizado\u201d \u00e9 um compromisso que assumimos, oferecendo-lhe o controlo total sobre todas as dimens\u00f5es para garantir a adequa\u00e7\u00e3o ideal ao seu trabalho, reduzindo o desperd\u00edcio e eliminando a necessidade de ajustes no local.<\/p>\n<ul>\n<li><strong>Personalizado Comprimento:\u00a0<\/strong>N\u00e3o se lembre de ser limitado por comprimentos de fornecimento comuns. Oferecemos uma solu\u00e7\u00e3o precisa de corte \u00e0 medida. Quer necessite de uma cole\u00e7\u00e3o de sec\u00e7\u00f5es breves e uniformes para a exposi\u00e7\u00e3o de um produto ou de um tamanho \u00fanico de v\u00e1rios metros para um elemento arquitet\u00f3nico, podemos fornecer especificamente o que a sua disposi\u00e7\u00e3o exige.<\/li>\n<li><strong>Di\u00e2metros vari\u00e1veis:\u00a0<\/strong>As nossas capacidades de fabrico abrangem uma vasta gama de tamanhos externos (OD) e internos (ID). Desde tubos finos, excelentes para a modela\u00e7\u00e3o delicada ou para linhas de l\u00edquidos, como se pode ver nas nossas colec\u00e7\u00f5es bem montadas, at\u00e9 tubos c\u00f3nicos de grande di\u00e2metro que podem funcionar como colunas arquitect\u00f3nicas ou atributos de \u00e1gua not\u00e1veis, a escolha \u00e9 sua.<\/li>\n<li><strong>Densidade da parede:\u00a0<\/strong>A integridade arquitet\u00f3nica e o aspeto visual de um tubo s\u00e3o especificados pela densidade da sua parede. Oferecemos tudo, desde tubos de paredes finas para aplica\u00e7\u00f5es leves a superf\u00edcies de paredes espessas e robustas para projectos que exijam uma elevada resist\u00eancia ao esfor\u00e7o ou uma resist\u00eancia consider\u00e1vel. O utilizador especifica o di\u00e2metro externo e o di\u00e2metro interno, e n\u00f3s criamos o melhor tubo.<\/li>\n<li><strong>Cores e acabamentos:\u00a0<\/strong>Para al\u00e9m das nossas op\u00e7\u00f5es comuns, claras e apresentadas, podemos recorrer a cores personalizadas para corresponder \u00e0 sua marca ou esquema de disposi\u00e7\u00e3o. Al\u00e9m disso, revestimentos como fosco ou acetinado podem ser aplicados para desenvolver um efeito de luz suave e difusa, perfeito para lumin\u00e1rias e ecr\u00e3s de privacidade pessoal.<\/li>\n<\/ul>\n<p><img decoding=\"async\" class=\"size-full wp-image-1313\" src=\"https:\/\/customacrylicproduct.com\/wp-content\/uploads\/2025\/07\/Custom-Acrylic-Round-2.jpg\" alt=\"Acr\u00edlico personalizado redondo (2)\" width=\"800\" height=\"800\" srcset=\"https:\/\/customacrylicproduct.com\/wp-content\/uploads\/2025\/07\/Custom-Acrylic-Round-2.jpg 800w, https:\/\/customacrylicproduct.com\/wp-content\/uploads\/2025\/07\/Custom-Acrylic-Round-2-300x300.jpg 300w, https:\/\/customacrylicproduct.com\/wp-content\/uploads\/2025\/07\/Custom-Acrylic-Round-2-150x150.jpg 150w, https:\/\/customacrylicproduct.com\/wp-content\/uploads\/2025\/07\/Custom-Acrylic-Round-2-768x768.jpg 768w, https:\/\/customacrylicproduct.com\/wp-content\/uploads\/2025\/07\/Custom-Acrylic-Round-2-600x600.jpg 600w, https:\/\/customacrylicproduct.com\/wp-content\/uploads\/2025\/07\/Custom-Acrylic-Round-2-100x100.jpg 100w\" sizes=\"(max-width: 800px) 100vw, 800px\" \/><\/p>\n<h4 id=\"-superior-material-superior-efficiency-why-acrylic-\"><strong>Material superior, efici\u00eancia superior: Porqu\u00ea acr\u00edlico?<\/strong><\/h4>\n<p>O pol\u00edmero, tamb\u00e9m conhecido como polimetacrilato de metilo (PMMA), \u00e9 um termopl\u00e1stico de qualidade de engenharia, c\u00e9lebre pela sua not\u00e1vel combina\u00e7\u00e3o de propriedades, o que o torna uma escolha excecional para o vidro em muitas circunst\u00e2ncias.<\/p>\n<ul>\n<li><strong>Resist\u00eancia excecional:\u00a0<\/strong>O acr\u00edlico apresenta uma resist\u00eancia ao impacto que \u00e9 10 a 20 vezes superior \u00e0 do vidro. \u00c9 resistente a estilha\u00e7os, o que o torna uma sele\u00e7\u00e3o incrivelmente livre de riscos para salas p\u00fablicas, estabelecimentos comerciais e casas com crian\u00e7as. Esta durabilidade garante uma certa longevidade e minimiza o perigo de danos durante o transporte, o tratamento e a instala\u00e7\u00e3o.<\/li>\n<li><strong>Leve:\u00a0<\/strong>Com menos de metade do peso do vidro, o pol\u00edmero \u00e9 substancialmente mais simples e muito mais econ\u00f3mico de transferir e montar. Esta natureza leve diminui os requisitos de carga estrutural para assist\u00eancia e estrutura, abrindo novas oportunidades de estilo.<\/li>\n<li><strong>Resist\u00eancia inigual\u00e1vel \u00e0s condi\u00e7\u00f5es climat\u00e9ricas:\u00a0<\/strong>O pol\u00edmero \u00e9 naturalmente imune aos resultados nocivos da radia\u00e7\u00e3o UV. Ao contr\u00e1rio de v\u00e1rios outros pl\u00e1sticos que podem amarelar, rachar e ficar quebradi\u00e7os quando expostos \u00e0 luz solar, os nossos tubos de acr\u00edlico preservam a sua clareza, sombra e honestidade arquitet\u00f3nica durante muitos anos, tornando-os uma sele\u00e7\u00e3o fi\u00e1vel para aplica\u00e7\u00f5es interiores e exteriores.<\/li>\n<li><strong>Excelente isolante t\u00e9rmico:\u00a0<\/strong>O pol\u00edmero \u00e9 um isolante t\u00e9rmico muito melhor do que o vidro, ajudando a diminuir a transfer\u00eancia de calor. Esta propriedade pode ser \u00fatil em aplica\u00e7\u00f5es como caixas para objectos delicados ou em envidra\u00e7ados arquitect\u00f3nicos.<\/li>\n<li><strong>F\u00e1cil de produzir:\u00a0<\/strong>Uma das vantagens mais consider\u00e1veis do acr\u00edlico \u00e9 a sua capacidade de trabalho. Pode ser f\u00e1cil e claramente reduzido, perfurado, fresado, curvado com calor e abrilhantado at\u00e9 atingir um brilho elevado. As pe\u00e7as podem ser quimicamente ligadas umas \u00e0s outras para criar juntas s\u00f3lidas e suaves, dando aos designers e fabricantes a melhor liberdade criativa.<\/li>\n<\/ul>\n<h4 id=\"-an-universe-of-applications-\"><strong>Um universo de aplica\u00e7\u00f5es<\/strong><\/h4>\n<p>A combina\u00e7\u00e3o de charme visual, personaliza\u00e7\u00e3o e efici\u00eancia robusta torna os nossos tubos de acr\u00edlico adequados para uma variedade praticamente ilimitada de aplica\u00e7\u00f5es em v\u00e1rios sectores.<\/p>\n<ul>\n<li><strong>Estilo e decora\u00e7\u00e3o de interiores:\u00a0<\/strong>Desenvolva balaustradas sensacionais, divis\u00f3rias ornamentais, componentes de ilumina\u00e7\u00e3o modernos, pernas de mobili\u00e1rio, atributos de \u00e1gua e configura\u00e7\u00f5es de arte.<\/li>\n<li><strong>Com\u00e9rcio retalhista e exposi\u00e7\u00f5es:\u00a0<\/strong>Construa expositores apelativos para pontos de venda, suportes para j\u00f3ias preciosas e cosm\u00e9ticos, suportes de sinais transparentes e vitrinas de prote\u00e7\u00e3o de artigos.<\/li>\n<li><strong>Fa\u00e7a voc\u00ea mesmo e projectos de passatempos:\u00a0<\/strong>Construa sistemas de arrefecimento de \u00e1gua para PC personalizados, alimentadores de p\u00e1ssaros, terr\u00e1rios, pe\u00e7as de vers\u00e3o e tarefas artesanais \u00fanicas.<\/li>\n<li><strong>Cient\u00edfico e m\u00e9dico:\u00a0<\/strong>Utilizar como tubos de ensaio resistentes e transparentes, componentes para aparelhos de laborat\u00f3rio, linhas de transporte de fluidos e visores para acompanhar os processos.<\/li>\n<li><strong>Industrial &amp; Design:\u00a0<\/strong>Perfeito para a cria\u00e7\u00e3o de prot\u00f3tipos, produ\u00e7\u00e3o de protec\u00e7\u00f5es para m\u00e1quinas, condutas de luz para ilumina\u00e7\u00e3o direta e visualiza\u00e7\u00e3o do fluxo em sistemas flu\u00eddicos.<\/li>\n<\/ul>\n<h4 id=\"-solid-poles-for-structural-requirements-\"><strong>Postes s\u00f3lidos para requisitos estruturais<\/strong><\/h4>\n<p>Embora os nossos tubos ocos apresentem uma versatilidade espantosa, identificamos igualmente que algumas aplica\u00e7\u00f5es necessitam de um produto forte. Para melhorar as nossas ofertas de tubos, oferecemos igualmente\u00a0<strong>Varetas de pol\u00edmero feitas \u00e0 medida\u00a0<\/strong>. Estes tubos cil\u00edndricos fortes oferecem exatamente a mesma qualidade \u00f3tica, alternativas de cor e vantagens de produto, mas oferecem a densidade e a massa estrutural necess\u00e1rias para aplica\u00e7\u00f5es como pegas resistentes, cavilhas de assist\u00eancia, hastes de orienta\u00e7\u00e3o da luz e pe\u00e7as de vers\u00e3o arquitet\u00f3nica.<\/p>\n<h3 id=\"-begin-your-task-today-\"><strong>Comece hoje a sua tarefa<\/strong><\/h3>\n<p>Deixe de p\u00f4r em perigo e comece a criar. Com os nossos tubos e postes redondos em acr\u00edlico personalizados, o \u00fanico limite \u00e9 a sua imagina\u00e7\u00e3o. Navegue na nossa galeria para obter ideias e, em seguida, contacte a nossa equipa com os seus requisitos espec\u00edficos - tamanho, di\u00e2metro, cor e quantidade. Dedicamo-nos a fornecer materiais de primeira qualidade, cortados com precis\u00e3o, que servir\u00e3o certamente como a espinha dorsal do seu trabalho eficaz seguinte.<\/p>","protected":false},"excerpt":{"rendered":"<p>Tubos redondos de acr\u00edlico personalizados de alta qualidade, cortados no comprimento pretendido. Dispon\u00edvel em cristalino ou numa variedade de cores vibrantes. Dur\u00e1veis e vers\u00e1teis, com excelente clareza \u00f3tica para expositores, trabalhos manuais e projectos de bricolage.<\/p>","protected":false},"featured_media":1312,"template":"","meta":{"_kad_post_transparent":"default","_kad_post_title":"","_kad_post_layout":"default","_kad_post_sidebar_id":"","_kad_post_content_style":"default","_kad_post_vertical_padding":"default","_kad_post_feature":"","_kad_post_feature_position":"","_kad_post_header":false,"_kad_post_footer":false,"_kad_post_classname":""},"product_brand":[],"product_cat":[23],"product_tag":[137],"class_list":{"0":"post-1311","1":"product","2":"type-product","3":"status-publish","4":"has-post-thumbnail","6":"product_cat-custom-acrylic-rods-tubes","7":"product_tag-clear-acrylic-rod","9":"first","10":"instock","11":"shipping-taxable","12":"product-type-simple","13":"entry","14":"content-bg","15":"loop-entry"},"_links":{"self":[{"href":"https:\/\/customacrylicproduct.com\/pt\/wp-json\/wp\/v2\/product\/1311","targetHints":{"allow":["GET"]}}],"collection":[{"href":"https:\/\/customacrylicproduct.com\/pt\/wp-json\/wp\/v2\/product"}],"about":[{"href":"https:\/\/customacrylicproduct.com\/pt\/wp-json\/wp\/v2\/types\/product"}],"wp:featuredmedia":[{"embeddable":true,"href":"https:\/\/customacrylicproduct.com\/pt\/wp-json\/wp\/v2\/media\/1312"}],"wp:attachment":[{"href":"https:\/\/customacrylicproduct.com\/pt\/wp-json\/wp\/v2\/media?parent=1311"}],"wp:term":[{"taxonomy":"product_brand","embeddable":true,"href":"https:\/\/customacrylicproduct.com\/pt\/wp-json\/wp\/v2\/product_brand?post=1311"},{"taxonomy":"product_cat","embeddable":true,"href":"https:\/\/customacrylicproduct.com\/pt\/wp-json\/wp\/v2\/product_cat?post=1311"},{"taxonomy":"product_tag","embeddable":true,"href":"https:\/\/customacrylicproduct.com\/pt\/wp-json\/wp\/v2\/product_tag?post=1311"}],"curies":[{"name":"wp","href":"https:\/\/api.w.org\/{rel}","templated":true}]}}