{"id":1326,"date":"2025-07-20T07:31:04","date_gmt":"2025-07-20T07:31:04","guid":{"rendered":"https:\/\/customacrylicproduct.com\/?post_type=product&#038;p=1326"},"modified":"2025-07-20T07:31:04","modified_gmt":"2025-07-20T07:31:04","slug":"acrylic-trophy-contest-award-halloween-costume-awards","status":"publish","type":"product","link":"https:\/\/customacrylicproduct.com\/pt\/acrylic-trophy-contest-award-halloween-costume-awards\/","title":{"rendered":"Trof\u00e9u acr\u00edlico Pr\u00e9mio de concurso Pr\u00e9mios de fantasia de Halloween"},"content":{"rendered":"<h3 id=\"crown-your-champions-of-enjoyable-the-ultimate-polymer-trophies-for-unforgettable-halloween-christmas-parties\">Coroem os vossos campe\u00f5es da divers\u00e3o: Os melhores trof\u00e9us de pol\u00edmero para festas inesquec\u00edveis de Halloween e Natal<\/h3>\n<p>Todos os anos, a expetativa aumenta. Os arm\u00e1rios s\u00e3o invadidos, as armas adesivas s\u00e3o descarregadas e a imagina\u00e7\u00e3o \u00e9 levada ao limite. De qu\u00ea? De que uma noite gloriosa de evento onde a imagina\u00e7\u00e3o criativa reina suprema. Quer se trate da criatividade arrepiante de uma roupa de Halloween ou da tacanhez de uma camisola feia de Natal, estas iniciativas t\u00eam direito a mais do que apenas uma ronda de elogios. T\u00eam de ser comemoradas.<\/p>\n<p>Apresentando a melhor recompensa para os seus concursos festivos: o\u00a0<strong>Cole\u00e7\u00e3o de Honra do Concurso do Pr\u00e9mio Pol\u00edmero\u00a0<\/strong>. Estas n\u00e3o s\u00e3o as suas prefer\u00eancias de celebra\u00e7\u00e3o comuns e leves. S\u00e3o lembran\u00e7as significativas e magnificamente trabalhadas, feitas para homenagear os verdadeiros campe\u00f5es do esp\u00edrito de f\u00e9rias. Com conjuntos para competi\u00e7\u00f5es de trajes de Halloween e confrontos com casacos de Natal feios, estes trof\u00e9us transformam os concorrentes amig\u00e1veis da sua celebra\u00e7\u00e3o num evento fabuloso, deixando os seus campe\u00f5es com uma recorda\u00e7\u00e3o brilhante que ter\u00e3o a honra de exibir durante muitos anos.<\/p>\n<p><img fetchpriority=\"high\" decoding=\"async\" class=\"aligncenter wp-image-1329 size-large\" src=\"https:\/\/customacrylicproduct.com\/wp-content\/uploads\/2025\/07\/Acrylic-Trophy-3-1024x1024.jpg\" alt=\"Trof\u00e9u acr\u00edlico (3)\" width=\"1024\" height=\"1024\" srcset=\"https:\/\/customacrylicproduct.com\/wp-content\/uploads\/2025\/07\/Acrylic-Trophy-3-1024x1024.jpg 1024w, https:\/\/customacrylicproduct.com\/wp-content\/uploads\/2025\/07\/Acrylic-Trophy-3-300x300.jpg 300w, https:\/\/customacrylicproduct.com\/wp-content\/uploads\/2025\/07\/Acrylic-Trophy-3-150x150.jpg 150w, https:\/\/customacrylicproduct.com\/wp-content\/uploads\/2025\/07\/Acrylic-Trophy-3-768x768.jpg 768w, https:\/\/customacrylicproduct.com\/wp-content\/uploads\/2025\/07\/Acrylic-Trophy-3-600x600.jpg 600w, https:\/\/customacrylicproduct.com\/wp-content\/uploads\/2025\/07\/Acrylic-Trophy-3-100x100.jpg 100w, https:\/\/customacrylicproduct.com\/wp-content\/uploads\/2025\/07\/Acrylic-Trophy-3.jpg 1386w\" sizes=\"(max-width: 1024px) 100vw, 1024px\" \/><\/p>\n<h4 id=\"-a-new-requirement-for-event-prizes-high-quality-you-can-see-and-feel-\"><strong>Um novo requisito para os pr\u00e9mios de eventos: Alta qualidade que se pode ver e sentir<\/strong><\/h4>\n<p>N\u00e3o se lembre dos arcos descart\u00e1veis ou dos certificados comuns. Estes pr\u00e9mios s\u00e3o feitos para impressionar. Cada pr\u00e9mio \u00e9 feito de acr\u00edlico espesso, de qualidade superior e cristalino, o que lhe confere um peso significativo e um aspeto deslumbrante, semelhante ao vidro, sem a fragilidade. A forma octogonal especial \u00e9 cortada com precis\u00e3o, com lados facetados brilhantes e polidos com diamante que captam e refractam a luz, incluindo um toque de brilho em qualquer ecr\u00e3.<\/p>\n<p>No momento em que o vencedor segurar um destes pr\u00e9mios, saber\u00e1 que se trata de algo \u00fanico. \u00c9 um pr\u00e9mio moderno e forte na m\u00e3o - um verdadeiro testemunho da sua vit\u00f3ria. A superf\u00edcie lisa e sem falhas oferece a tela ideal para os gr\u00e1ficos vivos de alta resolu\u00e7\u00e3o que s\u00e3o impressos com uma nitidez e um pormenor not\u00e1veis. Os desenhos s\u00e3o selados dentro do acr\u00edlico, garantindo que nunca ir\u00e3o descolar, desvanecer-se ou raspar. Estes trof\u00e9us s\u00e3o feitos para durar, funcionando como uma sugest\u00e3o a longo prazo de uma noite cheia de risos, pensamento criativo e divers\u00e3o.<\/p>\n<p><img decoding=\"async\" class=\"aligncenter wp-image-1330 size-large\" src=\"https:\/\/customacrylicproduct.com\/wp-content\/uploads\/2025\/07\/Acrylic-Trophy-4-1024x1024.jpg\" alt=\"Trof\u00e9u em acr\u00edlico (4)\" width=\"1024\" height=\"1024\" srcset=\"https:\/\/customacrylicproduct.com\/wp-content\/uploads\/2025\/07\/Acrylic-Trophy-4-1024x1024.jpg 1024w, https:\/\/customacrylicproduct.com\/wp-content\/uploads\/2025\/07\/Acrylic-Trophy-4-300x300.jpg 300w, https:\/\/customacrylicproduct.com\/wp-content\/uploads\/2025\/07\/Acrylic-Trophy-4-150x150.jpg 150w, https:\/\/customacrylicproduct.com\/wp-content\/uploads\/2025\/07\/Acrylic-Trophy-4-768x768.jpg 768w, https:\/\/customacrylicproduct.com\/wp-content\/uploads\/2025\/07\/Acrylic-Trophy-4-600x600.jpg 600w, https:\/\/customacrylicproduct.com\/wp-content\/uploads\/2025\/07\/Acrylic-Trophy-4-100x100.jpg 100w, https:\/\/customacrylicproduct.com\/wp-content\/uploads\/2025\/07\/Acrylic-Trophy-4.jpg 1427w\" sizes=\"(max-width: 1024px) 100vw, 1024px\" \/><\/p>\n<p>-.<\/p>\n<h4 id=\"-spooktacular-formality-the-halloween-costume-contest-honors-\"><strong>Formalidade assustadora: O Concurso de Fantasias de Halloween<\/strong><\/h4>\n<p>O Halloween \u00e9 o auge do virtuosismo dos disfarces. Desde o terrivelmente pr\u00e1tico at\u00e9 ao alegremente inteligente, os seus convidados colocam o cora\u00e7\u00e3o nos seus desenvolvimentos. Agora, pode dar-lhes o reconhecimento de que necessitam com o nosso conjunto de honras assustadoramente divertidas com tema de esqueleto. O design espirituoso mas polido, incluindo um esqueleto de anima\u00e7\u00e3o carism\u00e1tico que d\u00e1 uma luz verde entusi\u00e1stica, atinge o excelente equil\u00edbrio entre o assustador e o divertido, tornando-o apropriado para qualquer tipo de ambiente de evento.<\/p>\n<p>Esta cole\u00e7\u00e3o inclui pr\u00e9mios para todos os tipos de g\u00e9nios criativos:.<\/p>\n<ul>\n<li><strong>Melhor traje:\u00a0<\/strong>O grande pr\u00e9mio! Para o fato que foi executado na perfei\u00e7\u00e3o, original e simplesmente not\u00e1vel.<\/li>\n<li><strong>O traje mais assustador:\u00a0<\/strong>Para o desenvolvimento que causou arrepios na espinha e fez os visitantes saltarem. Este pr\u00e9mio homenageia o mestre do susto no seu meio.<\/li>\n<li><strong>A fantasia mais louca:\u00a0<\/strong>As gargalhadas s\u00e3o um pr\u00e9mio por si s\u00f3, mas este pr\u00e9mio \u00e9 para o indiv\u00edduo cujo fato foi uma piada ambulante, um jogo de palavras criativo aqui, ou simplesmente hist\u00e9rico.<\/li>\n<li><strong>Melhor roupa de casal:\u00a0<\/strong>Celebrando a sinergia e a imagina\u00e7\u00e3o a 2! Esta homenagem \u00e9 para o duo din\u00e2mico cujos fatos emparelhados estavam perfeitamente sincronizados e maravilhosamente concebidos.<\/li>\n<\/ul>\n<p>Pense no prazer da cerim\u00f3nia de entrega de pr\u00e9mios no final da noite. Ao revelar os vencedores, n\u00e3o est\u00e1 simplesmente a entregar-lhes uma recompensa; est\u00e1 a apresentar-lhes um t\u00edtulo e um sinal concreto da sua preemin\u00eancia no Halloween.<\/p>\n<p><img decoding=\"async\" class=\"aligncenter wp-image-1327 size-large\" src=\"https:\/\/customacrylicproduct.com\/wp-content\/uploads\/2025\/07\/Acrylic-Trophy-1-1024x1024.jpg\" alt=\"Trof\u00e9u acr\u00edlico (1)\" width=\"1024\" height=\"1024\" srcset=\"https:\/\/customacrylicproduct.com\/wp-content\/uploads\/2025\/07\/Acrylic-Trophy-1-1024x1024.jpg 1024w, https:\/\/customacrylicproduct.com\/wp-content\/uploads\/2025\/07\/Acrylic-Trophy-1-300x300.jpg 300w, https:\/\/customacrylicproduct.com\/wp-content\/uploads\/2025\/07\/Acrylic-Trophy-1-150x150.jpg 150w, https:\/\/customacrylicproduct.com\/wp-content\/uploads\/2025\/07\/Acrylic-Trophy-1-768x768.jpg 768w, https:\/\/customacrylicproduct.com\/wp-content\/uploads\/2025\/07\/Acrylic-Trophy-1-600x600.jpg 600w, https:\/\/customacrylicproduct.com\/wp-content\/uploads\/2025\/07\/Acrylic-Trophy-1-100x100.jpg 100w, https:\/\/customacrylicproduct.com\/wp-content\/uploads\/2025\/07\/Acrylic-Trophy-1.jpg 1500w\" sizes=\"(max-width: 1024px) 100vw, 1024px\" \/><\/p>\n<p>-.<\/p>\n<h4 id=\"-commemorate-stylishly-the-ugly-christmas-sweatshirt-honors-\"><strong>Comemore com estilo: A homenagem \u00e0 camisola feia de Natal<\/strong><\/h4>\n<p>A celebra\u00e7\u00e3o do Casaco de Natal Feio tornou-se numa preciosa tradi\u00e7\u00e3o natal\u00edcia, uma deliciosa desobedi\u00eancia ao traje formal de f\u00e9rias. \u00c9 um evento do feio, do ins\u00edpido e do gloriosamente extravagante. A nossa cole\u00e7\u00e3o de pr\u00e9mios da Camisola de Natal Feia capta completamente este esp\u00edrito com estilos v\u00edvidos e alegres que apresentam uma caneca dourada deslumbrante e ilustra\u00e7\u00f5es de casacos alegremente terr\u00edveis.<\/p>\n<p>Fa\u00e7a do seu confronto de camisolas um concurso oficial com uma variedade de grupos para garantir que a marca distinta de feiura de cada um tem a possibilidade de brilhar:.<\/p>\n<ul>\n<li><strong>A camisola mais feia:\u00a0<\/strong>Um dos t\u00edtulos mais procurados (e temidos). Para o casaco que \u00e9 um verdadeiro atentado aos sentidos - uma obra de arte de m\u00e1 prefer\u00eancia.<\/li>\n<li><strong>Muitos Casacos Alegres:\u00a0<\/strong>Para os indiv\u00edduos que n\u00e3o se limitaram a vestir uma camisola, vestiram o feriado completo, com luzes estrobosc\u00f3picas, enfeites e talvez at\u00e9 um ou dois sinos.<\/li>\n<li><strong>Uma camisola muito inovadora:\u00a0<\/strong>Esta honra vai para o entusiasta do \"fa\u00e7a voc\u00ea mesmo\", a pessoa que criou um layout absolutamente inicial e inteligente que excedeu uma simples camisola comprada em loja.<\/li>\n<li><strong>A camisola mais foleira:\u00a0<\/strong>Um parente pr\u00f3ximo de \u201cO Mais Feio\u201d, este pr\u00e9mio comemora a camisola que acolhe alegremente todos os tropos espalhafatosos do manual de f\u00e9rias.<\/li>\n<li><strong>Camisola de casal Finest Couple:\u00a0<\/strong>Para o par que confirmou que 2 casacos horr\u00edveis s\u00e3o muito melhores do que um. Este pr\u00e9mio distingue o conjunto do par mais bem coordenado e digno de ser visto.<\/li>\n<li><strong>Sweatshirt cl\u00e1ssica ideal:\u00a0<\/strong>Uma sauda\u00e7\u00e3o aos cl\u00e1ssicos! Este pr\u00e9mio destina-se \u00e0 pessoa que desenterrou um verdadeiro tesouro de horror tricotado, com d\u00e9cadas de exist\u00eancia, de uma loja de segunda m\u00e3o ou do arm\u00e1rio de um antepassado.<\/li>\n<\/ul>\n<p>Estes trof\u00e9us constituem um enquadramento divertido e oficial da sua festa. Os visitantes far\u00e3o campanha para as vota\u00e7\u00f5es, exibir\u00e3o as suas luzes intermitentes e ornamentos pendurados e aguardar\u00e3o com entusiasmo o julgamento final. O vencedor obt\u00e9m as derradeiras liberdades civis de gabarolice e um grande trof\u00e9u para apresentar todos os anos juntamente com as suas decora\u00e7\u00f5es de Natal.<\/p>\n<h4 id=\"-more-than-a-prize-it-s-a-valued-keepsake-\"><strong>Mais do que um pr\u00e9mio, \u00e9 uma recorda\u00e7\u00e3o valiosa<\/strong><\/h4>\n<p>A melhor parte destes pr\u00e9mios em acr\u00edlico \u00e9 a sua vida ap\u00f3s o evento. Ao contr\u00e1rio de um recipiente de um copo de vinho que se esgota numa noite, estes pr\u00e9mios foram concebidos para serem exibidos. A sua disposi\u00e7\u00e3o segura e aut\u00f3noma permite-lhes ficar completamente em cima de uma secret\u00e1ria, de uma estante, de uma lareira ou de um arm\u00e1rio de exposi\u00e7\u00e3o.<\/p>\n<p>Para o vencedor, acaba por ser um \u00f3timo in\u00edcio de discuss\u00e3o. Quando os convidados v\u00eaem o radiante pr\u00e9mio \u201cO traje mais assustador\u201d no ecr\u00e3, \u00e9 desencadeada uma hist\u00f3ria sobre essa impressionante festa de Halloween. O pr\u00e9mio \u201cA camisola mais feia\u201d torna-se uma piada e um fator de satisfa\u00e7\u00e3o em todas as festas. \u00c9 uma manifesta\u00e7\u00e3o f\u00edsica de uma mem\u00f3ria divertida, um meio de reviver o riso e a camaradagem de uma ocasi\u00e3o \u00fanica.<\/p>\n<h4 id=\"-perfect-for-any-kind-of-event-\"><strong>Perfeito para qualquer tipo de evento<\/strong><\/h4>\n<p>Embora desenvolvidos para festas dom\u00e9sticas, a qualidade especializada destes trof\u00e9us torna-os excelentes para uma vasta gama de ocasi\u00f5es:.<\/p>\n<ul>\n<li><strong>Eventos do escrit\u00f3rio:\u00a0<\/strong>Aumentar o moral e motivar o envolvimento em eventos de f\u00e9rias da empresa.<\/li>\n<li><strong>Fun\u00e7\u00f5es da faculdade:\u00a0<\/strong>Uma recompensa segura e agrad\u00e1vel para as celebra\u00e7\u00f5es na sala de aula ou para as cerim\u00f3nias de entrega de m\u00e1scaras em toda a escola.<\/li>\n<li><strong>Eventos e angaria\u00e7\u00f5es de fundos da vizinhan\u00e7a:\u00a0<\/strong>D\u00ea um toque de per\u00edcia e de alegria \u00e0s competi\u00e7\u00f5es e celebra\u00e7\u00f5es do bairro.<\/li>\n<li><strong>Clubes noturnos e restaurantes:\u00a0<\/strong>Organizar um concurso p\u00fablico de roupa ou camisola e atrair grupos com a promessa de uma recompensa \u00fanica e de alta qualidade.<\/li>\n<\/ul>\n<p>Deixe de oferecer pr\u00e9mios descart\u00e1veis para esfor\u00e7os memor\u00e1veis. Eleve a sua pr\u00f3xima celebra\u00e7\u00e3o, desperte alguns concorrentes agrad\u00e1veis e crie mem\u00f3rias duradouras.<\/p>\n<p><strong>Encomende hoje o seu trof\u00e9u Polymer Trophy Contest Honors e prepare-se para organizar o evento mais falado da \u00e9poca!<\/strong><\/p>","protected":false},"excerpt":{"rendered":"<p class=\"ng-star-inserted\"><span class=\"ng-star-inserted\">Coroe os vencedores das suas festas de Halloween e de Natal com estes divertidos trof\u00e9us em acr\u00edlico! Perfeitos para concursos de m\u00e1scaras e concursos de camisolas feias, cada pr\u00e9mio apresenta gr\u00e1ficos vibrantes e festivos. Dur\u00e1veis e muito bem trabalhados, s\u00e3o um pr\u00e9mio memor\u00e1vel e uma recorda\u00e7\u00e3o divertida para qualquer confronto festivo.<\/span><\/p>","protected":false},"featured_media":1329,"template":"","meta":{"_kad_post_transparent":"default","_kad_post_title":"","_kad_post_layout":"default","_kad_post_sidebar_id":"","_kad_post_content_style":"default","_kad_post_vertical_padding":"default","_kad_post_feature":"","_kad_post_feature_position":"","_kad_post_header":false,"_kad_post_footer":false,"_kad_post_classname":""},"product_brand":[],"product_cat":[19],"product_tag":[136],"class_list":{"0":"post-1326","1":"product","2":"type-product","3":"status-publish","4":"has-post-thumbnail","6":"product_cat-custom-acrylic-trophies-awards","7":"product_tag-custom-acrylic-trophy","9":"first","10":"instock","11":"shipping-taxable","12":"product-type-simple","13":"entry","14":"content-bg","15":"loop-entry"},"_links":{"self":[{"href":"https:\/\/customacrylicproduct.com\/pt\/wp-json\/wp\/v2\/product\/1326","targetHints":{"allow":["GET"]}}],"collection":[{"href":"https:\/\/customacrylicproduct.com\/pt\/wp-json\/wp\/v2\/product"}],"about":[{"href":"https:\/\/customacrylicproduct.com\/pt\/wp-json\/wp\/v2\/types\/product"}],"wp:featuredmedia":[{"embeddable":true,"href":"https:\/\/customacrylicproduct.com\/pt\/wp-json\/wp\/v2\/media\/1329"}],"wp:attachment":[{"href":"https:\/\/customacrylicproduct.com\/pt\/wp-json\/wp\/v2\/media?parent=1326"}],"wp:term":[{"taxonomy":"product_brand","embeddable":true,"href":"https:\/\/customacrylicproduct.com\/pt\/wp-json\/wp\/v2\/product_brand?post=1326"},{"taxonomy":"product_cat","embeddable":true,"href":"https:\/\/customacrylicproduct.com\/pt\/wp-json\/wp\/v2\/product_cat?post=1326"},{"taxonomy":"product_tag","embeddable":true,"href":"https:\/\/customacrylicproduct.com\/pt\/wp-json\/wp\/v2\/product_tag?post=1326"}],"curies":[{"name":"wp","href":"https:\/\/api.w.org\/{rel}","templated":true}]}}