{"id":1336,"date":"2025-07-20T07:58:56","date_gmt":"2025-07-20T07:58:56","guid":{"rendered":"https:\/\/customacrylicproduct.com\/?post_type=product&#038;p=1336"},"modified":"2025-07-20T07:58:56","modified_gmt":"2025-07-20T07:58:56","slug":"custom-size-iridescent-acrylic-rainbow-acrylic-sheet","status":"publish","type":"product","link":"https:\/\/customacrylicproduct.com\/pt\/custom-size-iridescent-acrylic-rainbow-acrylic-sheet\/","title":{"rendered":"Folha de acr\u00edlico arco-\u00edris acr\u00edlico iridescente de tamanho personalizado"},"content":{"rendered":"<h3 id=\"-transform-your-world-with-light-and-color-presenting-our-customized-iridescent-acrylic-sheet-\"><strong>Transforme o seu mundo com luz e cor: Apresentamos a nossa folha de acr\u00edlico iridescente personalizada<\/strong><\/h3>\n<p>Entre numa nova dimens\u00e3o de estilo e pensamento criativo com a nossa deslumbrante folha de acr\u00edlico arco-\u00edris iridescente. N\u00e3o se trata simplesmente de mais um pl\u00e1stico colorido; \u00e9 um produto vibrante e interativo que capta a criatividade e transforma \u00e1reas comuns em experi\u00eancias fenomenais. Com uma \u00e1rea de superf\u00edcie que dan\u00e7a numa sinfonia hipnotizante de tonalidades vari\u00e1veis, desde azuis incr\u00edveis e violetas vivas a dourados quentes e rosas ardentes, o nosso acr\u00edlico iridescente oferece um fen\u00f3meno visual que tem de ser visto para ser pensado. Cada \u00e2ngulo, cada mudan\u00e7a de luz, exp\u00f5e um novo aspeto da sua personalidade, tornando-o o produto supremo para criadores, artistas, marcas e fabricantes que tentam ser diferentes.<\/p>\n<p><img fetchpriority=\"high\" decoding=\"async\" class=\"size-full wp-image-1339\" src=\"https:\/\/customacrylicproduct.com\/wp-content\/uploads\/2025\/07\/Acrylic-Sheet-3-1.jpg\" alt=\"Folha de acr\u00edlico (3)\" width=\"800\" height=\"800\" srcset=\"https:\/\/customacrylicproduct.com\/wp-content\/uploads\/2025\/07\/Acrylic-Sheet-3-1.jpg 800w, https:\/\/customacrylicproduct.com\/wp-content\/uploads\/2025\/07\/Acrylic-Sheet-3-1-300x300.jpg 300w, https:\/\/customacrylicproduct.com\/wp-content\/uploads\/2025\/07\/Acrylic-Sheet-3-1-150x150.jpg 150w, https:\/\/customacrylicproduct.com\/wp-content\/uploads\/2025\/07\/Acrylic-Sheet-3-1-768x768.jpg 768w, https:\/\/customacrylicproduct.com\/wp-content\/uploads\/2025\/07\/Acrylic-Sheet-3-1-600x600.jpg 600w, https:\/\/customacrylicproduct.com\/wp-content\/uploads\/2025\/07\/Acrylic-Sheet-3-1-100x100.jpg 100w\" sizes=\"(max-width: 800px) 100vw, 800px\" \/><\/p>\n<h4 id=\"-the-science-of-magic-what-is-iridescent-acrylic-\"><strong>A Ci\u00eancia da Magia: O que \u00e9 o acr\u00edlico iridescente?<\/strong><\/h4>\n<p>O magn\u00edfico impacto do nosso acr\u00edlico arco-\u00edris resulta da investiga\u00e7\u00e3o cient\u00edfica de materiais avan\u00e7ados. O seu n\u00facleo \u00e9 uma folha de acr\u00edlico cristalino (PMMA) de alta qualidade. O que lhe confere a sua encantadora qualidade superior \u00e9 uma pel\u00edcula dicr\u00f3ica especialmente concebida, que est\u00e1 habilmente relacionada com a sua \u00e1rea de superf\u00edcie. Esta pel\u00edcula cont\u00e9m muitas camadas micro-finas de v\u00e1rios pol\u00edmeros e metais. Quando a luz passa atrav\u00e9s destas camadas, \u00e9 dividida num espetro de cores atrav\u00e9s de um processo de interfer\u00eancia e refra\u00e7\u00e3o.<\/p>\n<p>Ao contr\u00e1rio de uma folha colorida b\u00e1sica, que absorve determinados comprimentos de onda da luz, o nosso acr\u00edlico semelhante a um arco-\u00edris reflecte e transmite de forma \u00fanica v\u00e1rias cores, dependendo do \u00e2ngulo de observa\u00e7\u00e3o e do recurso de ilumina\u00e7\u00e3o. Isto sugere que uma \u00fanica folha pode parecer azul el\u00e9trico de um ponto de vista, mudar para um dourado rosa suave de outro e lan\u00e7ar uma sombra de cor completamente diferente - normalmente uma cor correspondente como amarelo ou magenta. Esta propriedade de camale\u00e3o garante que qualquer tipo de objeto fabricado a partir dele nunca \u00e9 est\u00e1tico; est\u00e1 vivo, interagindo continuamente com a sua atmosfera e com o cliente.<\/p>\n<p><img decoding=\"async\" class=\"size-full wp-image-1338\" src=\"https:\/\/customacrylicproduct.com\/wp-content\/uploads\/2025\/07\/Acrylic-Sheet-2-1.jpg\" alt=\"Folha de acr\u00edlico (2)\" width=\"800\" height=\"800\" srcset=\"https:\/\/customacrylicproduct.com\/wp-content\/uploads\/2025\/07\/Acrylic-Sheet-2-1.jpg 800w, https:\/\/customacrylicproduct.com\/wp-content\/uploads\/2025\/07\/Acrylic-Sheet-2-1-300x300.jpg 300w, https:\/\/customacrylicproduct.com\/wp-content\/uploads\/2025\/07\/Acrylic-Sheet-2-1-150x150.jpg 150w, https:\/\/customacrylicproduct.com\/wp-content\/uploads\/2025\/07\/Acrylic-Sheet-2-1-768x768.jpg 768w, https:\/\/customacrylicproduct.com\/wp-content\/uploads\/2025\/07\/Acrylic-Sheet-2-1-600x600.jpg 600w, https:\/\/customacrylicproduct.com\/wp-content\/uploads\/2025\/07\/Acrylic-Sheet-2-1-100x100.jpg 100w\" sizes=\"(max-width: 800px) 100vw, 800px\" \/><\/p>\n<h4 id=\"-unmatched-versatility-and-never-ending-applications-\"><strong>Versatilidade inigual\u00e1vel e aplica\u00e7\u00f5es sem fim<\/strong><\/h4>\n<p>O verdadeiro poder da nossa chapa acr\u00edlica iridescente reside no seu potencial infinito. Como mostram as imagens, as suas aplica\u00e7\u00f5es v\u00e3o desde mobili\u00e1rio funcional a instala\u00e7\u00f5es art\u00edsticas espectaculares. Uma vez que oferecemos tamanhos e formas totalmente personalizados, a sua vis\u00e3o inovadora \u00e9 o \u00fanico limite.<\/p>\n<p><strong>1. Mobili\u00e1rio revolucion\u00e1rio e decora\u00e7\u00e3o de interiores:\u00a0<\/strong>. Visualize uma mesa de caf\u00e9 que parece flutuar numa piscina de luz l\u00edquida, ou um conjunto de prateleiras que ilumina os artigos que cont\u00e9m com um brilho sagrado. O nosso acr\u00edlico iridescente \u00e9 ideal para desenvolver objectos de declara\u00e7\u00e3o que se tornam a pe\u00e7a central de qualquer divis\u00e3o. Pode ser produzido em:.<\/p>\n<ul>\n<li><strong>Mesas e consolas:\u00a0<\/strong>Inclua um toque de alta qualidade avan\u00e7ada nas salas de estar e nas entradas.<\/li>\n<li><strong>Sistemas de estantes:\u00a0<\/strong>Como se pode ver na fotografia fornecida da enorme prateleira com v\u00e1rios cubos, este material transforma uma arruma\u00e7\u00e3o f\u00e1cil num objeto de arte din\u00e2mico e ordenado.<\/li>\n<li><strong>Divis\u00f3rias e divis\u00f3rias:\u00a0<\/strong>Produzir espa\u00e7os semi-privados que n\u00e3o obstruam a luz, mas que, em vez disso, joguem com ela, lan\u00e7ando padr\u00f5es bonitos e coloridos ao longo do dia.<\/li>\n<li><strong>Portas de arm\u00e1rios e pain\u00e9is de parede:\u00a0<\/strong>Melhore as \u00e1reas de cozinha, casas de banho e paredes com uma pitada imprevista e inovadora de sombra din\u00e2mica.<\/li>\n<\/ul>\n<p><strong>2. Retalho de grande impacto e Retalho visual:\u00a0<\/strong>. No competitivo mundo do retalho, \u00e9 vital captar o interesse do consumidor. O nosso pol\u00edmero iridescente \u00e9 um divisor de \u00e1guas na venda a retalho visual. A sua natureza atractiva atrai os clientes e aumenta a perce\u00e7\u00e3o do valor dos seus artigos.<\/p>\n<ul>\n<li><strong>Situa\u00e7\u00f5es de exposi\u00e7\u00e3o e suportes:\u00a0<\/strong>Exiba artigos de alta qualidade, como j\u00f3ias preciosas, cosm\u00e9ticos ou dispositivos electr\u00f3nicos, em caixas que s\u00e3o t\u00e3o bonitas como os pr\u00f3prios artigos. A caixa de luz com personalidades gravadas na imagem \u00e9 um exemplo perfeito de como pode ser utilizada para branding.<\/li>\n<li><strong>Expositores de ponto de venda (POP):\u00a0<\/strong>Produzir ecr\u00e3s memor\u00e1veis nas caixas de pagamento que sejam dif\u00edceis de ignorar.<\/li>\n<li><strong>Sinal\u00e9tica e marca:\u00a0<\/strong>Grave o seu log\u00f3tipo a laser no material para obter uma sinaliza\u00e7\u00e3o que muda de cor \u00e0 medida que os consumidores passam, produzindo uma experi\u00eancia de marca not\u00e1vel.<\/li>\n<\/ul>\n<p><strong>3. Arte e escultura com significado:\u00a0<\/strong>. Para m\u00fasicos e artistas, o nosso pol\u00edmero iridescente n\u00e3o \u00e9 apenas um material, \u00e9 um meio. A sua comunica\u00e7\u00e3o com a luz oferece um esquema totalmente novo a descobrir. A fotografia das estruturas cristalinas mostra a sua capacidade de criar esculturas avan\u00e7adas e de outro mundo que parecem irradiar o seu pr\u00f3prio poder. Quer seja utilizado em instala\u00e7\u00f5es de arte luminosa, esculturas abstractas ou como componente de um item de meios mistos, acrescenta uma camada de profundidade e atividade que os materiais convencionais n\u00e3o conseguem duplicar.<\/p>\n<p><strong>4. Eventos e design de eventos:\u00a0<\/strong>. Desenvolva minutos \u201cInstagram\u00e1veis\u201d e ambientes extraordin\u00e1rios para feiras, casamentos e ocasi\u00f5es empresariais. Use as nossas folhas de corte personalizado para desenvolver fundos espectaculares, p\u00f3dios \u00fanicos, aspectos ornamentais e at\u00e9 mesmo cub\u00edculos inteiros que certamente far\u00e3o da sua \u00e1rea o destaque da ocasi\u00e3o.<\/p>\n<p><strong>5. Projectos de bricolage e cria\u00e7\u00f5es pessoais:\u00a0<\/strong>. A simplicidade de lidar com o acr\u00edlico torna este produto facilmente acess\u00edvel a amadores e entusiastas do \"fa\u00e7a voc\u00ea mesmo\". Podemos cortar itens personalizados para uma vasta gama de trabalhos de menor dimens\u00e3o, que consistem em:.<\/p>\n<ul>\n<li><strong>Bijutaria e acess\u00f3rios de moda\u00a0<\/strong>.<\/li>\n<li><strong>Organizadores de maquilhagem e caixas de arruma\u00e7\u00e3o feitos \u00e0 medida\u00a0<\/strong>.<\/li>\n<li><strong>Pain\u00e9is personalizados para caixas de computador\u00a0<\/strong>.<\/li>\n<li><strong>Molduras de imagens art\u00edsticas\u00a0<\/strong>.<\/li>\n<\/ul>\n<h4 id=\"-superior-high-quality-and-accuracy-customization-\"><strong>Personaliza\u00e7\u00e3o de alta qualidade e precis\u00e3o superior<\/strong><\/h4>\n<p>Dedicamo-nos a fornecer um artigo que seja t\u00e3o resistente quanto atrativo. As nossas folhas de pol\u00edmero Rainbowlike oferecem todas as vantagens do acr\u00edlico t\u00edpico de alta qualidade:.<\/p>\n<ul>\n<li><strong>Resili\u00eancia fenomenal:\u00a0<\/strong>Mais resistente ao impacto e \u00e0 quebra do que o vidro, o que o torna uma op\u00e7\u00e3o muito mais segura e duradoura.<\/li>\n<li><strong>Leve:\u00a0<\/strong>Muito mais leve do que o vidro, o que facilita a desloca\u00e7\u00e3o, o manuseamento e a instala\u00e7\u00e3o, especialmente no caso de objectos de grandes dimens\u00f5es.<\/li>\n<li><strong>F\u00e1cil de fazer:\u00a0<\/strong>Pode ser cortado a laser, fresado por CNC, perfurado, dobrado com calor e colado para cumprir os requisitos exactos do seu trabalho.<\/li>\n<\/ul>\n<p>O nosso servi\u00e7o de modifica\u00e7\u00e3o est\u00e1 no centro da nossa atividade. N\u00e3o nos limitamos a comercializar chapas comuns; associamo-nos a si para dar vida \u00e0 sua vis\u00e3o. Basta fornecer-nos as dimens\u00f5es pretendidas, escolher a sua forma - desde quadrados e c\u00edrculos simples (como se pode ver nas imagens dos recursos) at\u00e9 \u00e0s facilidades, padr\u00f5es intrincados - e a nossa tecnologia moderna de redu\u00e7\u00e3o avan\u00e7ada ir\u00e1 certamente fornecer uma pe\u00e7a completamente acabada, pronta para a sua tarefa.<\/p>\n<p><img decoding=\"async\" class=\"size-full wp-image-1337\" src=\"https:\/\/customacrylicproduct.com\/wp-content\/uploads\/2025\/07\/Acrylic-Sheet-1-1.jpg\" alt=\"Folha de acr\u00edlico (1)\" width=\"800\" height=\"800\" srcset=\"https:\/\/customacrylicproduct.com\/wp-content\/uploads\/2025\/07\/Acrylic-Sheet-1-1.jpg 800w, https:\/\/customacrylicproduct.com\/wp-content\/uploads\/2025\/07\/Acrylic-Sheet-1-1-300x300.jpg 300w, https:\/\/customacrylicproduct.com\/wp-content\/uploads\/2025\/07\/Acrylic-Sheet-1-1-150x150.jpg 150w, https:\/\/customacrylicproduct.com\/wp-content\/uploads\/2025\/07\/Acrylic-Sheet-1-1-768x768.jpg 768w, https:\/\/customacrylicproduct.com\/wp-content\/uploads\/2025\/07\/Acrylic-Sheet-1-1-600x600.jpg 600w, https:\/\/customacrylicproduct.com\/wp-content\/uploads\/2025\/07\/Acrylic-Sheet-1-1-100x100.jpg 100w\" sizes=\"(max-width: 800px) 100vw, 800px\" \/><\/p>\n<h4 id=\"-begin-your-creative-trip-\"><strong>Comece a sua viagem criativa<\/strong><\/h4>\n<p>A folha de acr\u00edlico Rainbowlike Rainbow de tamanho personalizado \u00e9 mais do que um produto de constru\u00e7\u00e3o; \u00e9 um convite \u00e0 apresenta\u00e7\u00e3o. Destina-se ao promotor que deseja criar um espa\u00e7o que se sinta realmente ativo, \u00e0 marca que pretende construir uma identidade extraordin\u00e1ria e ao artista que deseja pintar com a pr\u00f3pria luz.<\/p>\n<p>Explore as possibilidades ilimitadas e d\u00ea largas \u00e0 sua imagina\u00e7\u00e3o. Contacte-nos hoje com as especifica\u00e7\u00f5es do seu projeto e permita-nos ajud\u00e1-lo a transformar uma simples superf\u00edcie numa obra-prima din\u00e2mica e em constante mudan\u00e7a.<\/p>","protected":false},"excerpt":{"rendered":"<p class=\"ng-star-inserted\"><span class=\"ng-star-inserted\">Crie projectos espantosos com a nossa folha de acr\u00edlico iridescente. Este material deslumbrante muda magicamente atrav\u00e9s de um arco-\u00edris de cores com base na luz e no \u00e2ngulo. Perfeito para mobili\u00e1rio, expositores e arte \u00fanicos. Dispon\u00edvel em tamanhos e formas personalizados para dar vida \u00e0 sua vis\u00e3o.<\/span><\/p>","protected":false},"featured_media":1339,"template":"","meta":{"_kad_post_transparent":"default","_kad_post_title":"","_kad_post_layout":"default","_kad_post_sidebar_id":"","_kad_post_content_style":"default","_kad_post_vertical_padding":"default","_kad_post_feature":"","_kad_post_feature_position":"","_kad_post_header":false,"_kad_post_footer":false,"_kad_post_classname":""},"product_brand":[],"product_cat":[24],"product_tag":[74],"class_list":{"0":"post-1336","1":"product","2":"type-product","3":"status-publish","4":"has-post-thumbnail","6":"product_cat-custom-acrylic-sheets","7":"product_tag-custom-acrylic-sheets","9":"first","10":"instock","11":"shipping-taxable","12":"product-type-simple","13":"entry","14":"content-bg","15":"loop-entry"},"_links":{"self":[{"href":"https:\/\/customacrylicproduct.com\/pt\/wp-json\/wp\/v2\/product\/1336","targetHints":{"allow":["GET"]}}],"collection":[{"href":"https:\/\/customacrylicproduct.com\/pt\/wp-json\/wp\/v2\/product"}],"about":[{"href":"https:\/\/customacrylicproduct.com\/pt\/wp-json\/wp\/v2\/types\/product"}],"wp:featuredmedia":[{"embeddable":true,"href":"https:\/\/customacrylicproduct.com\/pt\/wp-json\/wp\/v2\/media\/1339"}],"wp:attachment":[{"href":"https:\/\/customacrylicproduct.com\/pt\/wp-json\/wp\/v2\/media?parent=1336"}],"wp:term":[{"taxonomy":"product_brand","embeddable":true,"href":"https:\/\/customacrylicproduct.com\/pt\/wp-json\/wp\/v2\/product_brand?post=1336"},{"taxonomy":"product_cat","embeddable":true,"href":"https:\/\/customacrylicproduct.com\/pt\/wp-json\/wp\/v2\/product_cat?post=1336"},{"taxonomy":"product_tag","embeddable":true,"href":"https:\/\/customacrylicproduct.com\/pt\/wp-json\/wp\/v2\/product_tag?post=1336"}],"curies":[{"name":"wp","href":"https:\/\/api.w.org\/{rel}","templated":true}]}}