{"id":1346,"date":"2025-07-20T08:32:25","date_gmt":"2025-07-20T08:32:25","guid":{"rendered":"https:\/\/customacrylicproduct.com\/?post_type=product&#038;p=1346"},"modified":"2025-07-20T08:32:25","modified_gmt":"2025-07-20T08:32:25","slug":"custom-acrylic-high-quality-gold-embossed-metal-tag","status":"publish","type":"product","link":"https:\/\/customacrylicproduct.com\/pt\/custom-acrylic-high-quality-gold-embossed-metal-tag\/","title":{"rendered":"Etiqueta met\u00e1lica personalizada em acr\u00edlico de alta qualidade com relevo dourado"},"content":{"rendered":"<h3 id=\"elevate-your-brand-perfect-your-gift-the-ultimate-custom-high-quality-gold-metal-tag\">Eleve a sua marca, aperfei\u00e7oe o seu presente: a derradeira etiqueta met\u00e1lica dourada personalizada de alta qualidade<\/h3>\n<p>Num mundo de produ\u00e7\u00e3o em massa, um toque individual diz muito. \u00c9 o toque final, a marca registada numa obra de arte, a declara\u00e7\u00e3o pac\u00edfica de alta qualidade que distingue um artigo, um presente ou uma produ\u00e7\u00e3o. Apresentamos o servi\u00e7o definitivo para marcas e pessoas que procuram essa marca de distin\u00e7\u00e3o sem paralelo: as nossas etiquetas de a\u00e7o douradas personalizadas de alta qualidade. N\u00e3o se trata de simples etiquetas, mas sim de mini obras-primas, minuciosamente trabalhadas para incorporar a sua vis\u00e3o e elevar as suas produ\u00e7\u00f5es de medianas a memor\u00e1veis.<\/p>\n<p>Quer seja um designer a incluir uma marca na sua mais recente cole\u00e7\u00e3o, um artes\u00e3o a individualizar um tesouro feito \u00e0 m\u00e3o ou um indiv\u00edduo \u00e0 procura de um presente genuinamente distinto e duradouro, as nossas etiquetas personalizadas oferecem uma liga\u00e7\u00e3o tang\u00edvel \u00e0 qualidade superior, ao tratamento e \u00e0 identifica\u00e7\u00e3o.<\/p>\n<p><img fetchpriority=\"high\" decoding=\"async\" class=\"size-full wp-image-1349\" src=\"https:\/\/customacrylicproduct.com\/wp-content\/uploads\/2025\/07\/Custom-Acrylic-Sign-3.jpg\" alt=\"Sinal acr\u00edlico personalizado (3)\" width=\"800\" height=\"800\" srcset=\"https:\/\/customacrylicproduct.com\/wp-content\/uploads\/2025\/07\/Custom-Acrylic-Sign-3.jpg 800w, https:\/\/customacrylicproduct.com\/wp-content\/uploads\/2025\/07\/Custom-Acrylic-Sign-3-300x300.jpg 300w, https:\/\/customacrylicproduct.com\/wp-content\/uploads\/2025\/07\/Custom-Acrylic-Sign-3-150x150.jpg 150w, https:\/\/customacrylicproduct.com\/wp-content\/uploads\/2025\/07\/Custom-Acrylic-Sign-3-768x768.jpg 768w, https:\/\/customacrylicproduct.com\/wp-content\/uploads\/2025\/07\/Custom-Acrylic-Sign-3-600x600.jpg 600w, https:\/\/customacrylicproduct.com\/wp-content\/uploads\/2025\/07\/Custom-Acrylic-Sign-3-100x100.jpg 100w\" sizes=\"(max-width: 800px) 100vw, 800px\" \/><\/p>\n<h4 id=\"the-essence-of-unmatched-quality\">A ess\u00eancia de uma qualidade inigual\u00e1vel<\/h4>\n<p>No centro do nosso artigo est\u00e1 uma dedica\u00e7\u00e3o inabal\u00e1vel a materiais e acabamentos de primeira qualidade. Cada etiqueta \u00e9 forjada a partir de a\u00e7os de alta qualidade, escolhidos pelo seu toque substancial, resist\u00eancia impressionante e brilho brilhante. A superf\u00edcie dourada radiante, dispon\u00edvel em tons dourados refinados, escovados ou mesmo aumentados, n\u00e3o \u00e9 uma simples cobertura, mas uma camada profunda e duradoura feita para resistir ao desgaste e \u00e0 utiliza\u00e7\u00e3o. O peso suave e moderno do a\u00e7o na sua m\u00e3o \u00e9 um sinal imediato da sua natureza de custo - uma garantia silenciosa da qualidade contida no produto que embeleza.<\/p>\n<p>O nosso sofisticado processo de produ\u00e7\u00e3o permite um n\u00edvel de exatid\u00e3o que d\u00e1 vida tamb\u00e9m aos layouts mais elaborados. Desde as linhas n\u00edtidas e organizadas de um log\u00f3tipo moderno at\u00e9 aos fr\u00e1geis redemoinhos de um nome escrito \u00e0 m\u00e3o, todas as informa\u00e7\u00f5es s\u00e3o feitas com uma precis\u00e3o impec\u00e1vel. \u00c9 aqui que a identidade da sua marca ou mensagem individual \u00e9 transformada num emblema f\u00edsico e duradouro.<\/p>\n<p><img decoding=\"async\" class=\"size-full wp-image-1348\" src=\"https:\/\/customacrylicproduct.com\/wp-content\/uploads\/2025\/07\/Custom-Acrylic-Sign-2.jpg\" alt=\"Sinal acr\u00edlico personalizado (2)\" width=\"800\" height=\"800\" srcset=\"https:\/\/customacrylicproduct.com\/wp-content\/uploads\/2025\/07\/Custom-Acrylic-Sign-2.jpg 800w, https:\/\/customacrylicproduct.com\/wp-content\/uploads\/2025\/07\/Custom-Acrylic-Sign-2-300x300.jpg 300w, https:\/\/customacrylicproduct.com\/wp-content\/uploads\/2025\/07\/Custom-Acrylic-Sign-2-150x150.jpg 150w, https:\/\/customacrylicproduct.com\/wp-content\/uploads\/2025\/07\/Custom-Acrylic-Sign-2-768x768.jpg 768w, https:\/\/customacrylicproduct.com\/wp-content\/uploads\/2025\/07\/Custom-Acrylic-Sign-2-600x600.jpg 600w, https:\/\/customacrylicproduct.com\/wp-content\/uploads\/2025\/07\/Custom-Acrylic-Sign-2-100x100.jpg 100w\" sizes=\"(max-width: 800px) 100vw, 800px\" \/><\/p>\n<h4 id=\"a-canvas-for-your-creativity-three-designs-of-expression\">Uma tela para a sua criatividade: Tr\u00eas desenhos de express\u00e3o<\/h4>\n<p>O atrativo das nossas etiquetas personalizadas reside na sua versatilidade. Compreendemos que cada marca e cada presente tem a sua pr\u00f3pria hist\u00f3ria especial para contar. Para o ajudar a cont\u00e1-la sem falhas, oferecemos uma gama de estilos de personaliza\u00e7\u00e3o, cada um com o seu car\u00e1cter \u00fanico, perfeitamente ilustrado pelas nossas inst\u00e2ncias.<\/p>\n<p><img decoding=\"async\" class=\"size-full wp-image-1347\" src=\"https:\/\/customacrylicproduct.com\/wp-content\/uploads\/2025\/07\/Custom-Acrylic-Sign-1.jpg\" alt=\"Sinal acr\u00edlico personalizado (1)\" width=\"800\" height=\"800\" srcset=\"https:\/\/customacrylicproduct.com\/wp-content\/uploads\/2025\/07\/Custom-Acrylic-Sign-1.jpg 800w, https:\/\/customacrylicproduct.com\/wp-content\/uploads\/2025\/07\/Custom-Acrylic-Sign-1-300x300.jpg 300w, https:\/\/customacrylicproduct.com\/wp-content\/uploads\/2025\/07\/Custom-Acrylic-Sign-1-150x150.jpg 150w, https:\/\/customacrylicproduct.com\/wp-content\/uploads\/2025\/07\/Custom-Acrylic-Sign-1-768x768.jpg 768w, https:\/\/customacrylicproduct.com\/wp-content\/uploads\/2025\/07\/Custom-Acrylic-Sign-1-600x600.jpg 600w, https:\/\/customacrylicproduct.com\/wp-content\/uploads\/2025\/07\/Custom-Acrylic-Sign-1-100x100.jpg 100w\" sizes=\"(max-width: 800px) 100vw, 800px\" \/><\/p>\n<p><strong>1. A etiqueta padr\u00e3o gravada e gravada em relevo: Sofistica\u00e7\u00e3o cl\u00e1ssica<\/strong><\/p>\n<p>Tal como se v\u00ea na sofisticada etiqueta \u201cmax bone\u201d, este design \u00e9 o ep\u00edtome do luxo cl\u00e1ssico e desvalorizado. Utilizando os m\u00e9todos mais avan\u00e7ados de inscri\u00e7\u00e3o e grava\u00e7\u00e3o, o desenho do seu log\u00f3tipo, o nome da sua marca ou o texto personalizado s\u00e3o gravados em profundidade na superf\u00edcie do a\u00e7o. O resultado \u00e9 um efeito subtil e tridimensional, visualmente apelativo e agrad\u00e1vel ao toque. Esta abordagem \u00e9 ideal para:.<\/p>\n<ul>\n<li><strong>Acess\u00f3rios de luxo para animais:\u00a0<\/strong>Adi\u00e7\u00e3o de uma marca de marca avan\u00e7ada a coleiras, trelas e transportadores de animais.<\/li>\n<li><strong>Bolsas de m\u00e3o de alta qualidade e produto em couro natural:\u00a0<\/strong>Trabalhando como uma marca de fabricante distinta em bolsas, malas e pastas.<\/li>\n<li><strong>Mobili\u00e1rio e artigos para o lar:\u00a0<\/strong>Uma afirma\u00e7\u00e3o de qualidade muito discreta mas eficaz em mobili\u00e1rio artesanal ou decora\u00e7\u00e3o de design.<\/li>\n<li><strong>Marca de vestu\u00e1rio:\u00a0<\/strong>Uma etiqueta requintada para o interior da gola de um casaco ou para o bolso de umas cal\u00e7as de ganga.<\/li>\n<\/ul>\n<p>Os lados arredondados e o estilo simples de dois orif\u00edcios garantem uma adi\u00e7\u00e3o f\u00e1cil, segura e protegida, integrando-se sem esfor\u00e7o no seu artigo.<\/p>\n<p><strong>2. A moderna etiqueta recortada a laser: Arrojado e arquitet\u00f3nico<\/strong><\/p>\n<p>Para uma afirma\u00e7\u00e3o contempor\u00e2nea e de grande impacto, o design intermedi\u00e1rio a laser \u00e9 inigual\u00e1vel. O seu estilo, como o exemplo \u201cVVNVH\u201d, n\u00e3o \u00e9 publicado na etiqueta, mas \u00e9 cortado com precis\u00e3o\u00a0<em>via\u00a0<\/em>isto. Isto cria um impacto de padr\u00e3o impressionante, utilizando um espa\u00e7o desfavor\u00e1vel para criar as suas letras ou o design do seu log\u00f3tipo. As linhas n\u00edtidas e organizadas e a precis\u00e3o geom\u00e9trica proporcionam uma sensa\u00e7\u00e3o de modernidade e de constru\u00e7\u00e3o que \u00e9 dif\u00edcil de ignorar. Este desenho \u00e9 excelente para:.<\/p>\n<ul>\n<li><strong>Streetwear e estilo de vanguarda:\u00a0<\/strong>Fazer uma declara\u00e7\u00e3o de marca vibrante em vestu\u00e1rio, t\u00e9nis e dispositivos.<\/li>\n<li><strong>Produtos de design industrial:\u00a0<\/strong>Melhorar o aspeto visual da eletr\u00f3nica moderna, dos dispositivos ou de situa\u00e7\u00f5es personalizadas.<\/li>\n<li><strong>Marca de alta costura:\u00a0<\/strong>Criar uma etiqueta especial e inesquec\u00edvel que acaba por ser uma parte indispens\u00e1vel do pr\u00f3prio estilo.<\/li>\n<li><strong>Placas de identifica\u00e7\u00e3o personalizadas:\u00a0<\/strong>Para uma representa\u00e7\u00e3o visual vibrante de um nome ou inicial em sacos, malas de viagem ou trabalhos art\u00edsticos.<\/li>\n<\/ul>\n<p>As aberturas de rebites em quatro cantos proporcionam um m\u00e9todo de complemento seguro e industrial-chique que refor\u00e7a o charme moderno da etiqueta.<\/p>\n<p><strong>3. A etiqueta intermedi\u00e1ria do gui\u00e3o \u00edntimo: Pessoal e elegante\u00a0<\/strong>.<\/p>\n<p>Quando a mensagem \u00e9 individual, o tipo de letra tamb\u00e9m o deve ser. O nosso estilo intermedi\u00e1rio de escrita, exemplificado pela etiqueta l\u00edquida \u201cKlove\u201d, transforma um nome, uma palavra ou uma assinatura numa pe\u00e7a de arte que pode ser usada. O metal \u00e9 meticulosamente cortado para se adaptar \u00e0s curvas elegantes de um tipo de letra cursivo, resultando numa etiqueta que \u00e9 simultaneamente uma etiqueta e um apelo. Os la\u00e7os integrados em ambas as extremidades foram concebidos para serem utilizados como acess\u00f3rios em correntes, cabos ou grandes cord\u00f5es, tornando-a ideal para:.<\/p>\n<ul>\n<li><strong>J\u00f3ias por medida:\u00a0<\/strong>Desenvolvimento de medalh\u00f5es e braceletes personalizados com placas de identifica\u00e7\u00e3o que s\u00e3o presentes profundamente individuais.<\/li>\n<li><strong>Eventos de Casamento e Favores para Eventos:\u00a0<\/strong>Acrescentando um apelo luxuoso e individualizado aos presentes dos convidados, convites ou configura\u00e7\u00f5es de locais.<\/li>\n<li><strong>Roupa interior e roupa delicada:\u00a0<\/strong>Um pequeno e belo pormenor que revela a natureza \u00edntima da pe\u00e7a de vestu\u00e1rio.<\/li>\n<li><strong>Artesanato feito \u00e0 m\u00e3o:\u00a0<\/strong>A excelente marca registada para um valioso patchwork, um cachecol tecido ou um livro de recortes, transformando uma atividade de lazer num legado.<\/li>\n<\/ul>\n<p>Este design regista o significado da singularidade, tornando-o a melhor sele\u00e7\u00e3o para presentes personalizados e marcas artesanais.<\/p>\n<h4 id=\"beyond-metal-exploring-all-opportunities-\">Para al\u00e9m do metal: Explorando todas as oportunidades.<\/h4>\n<p>Embora o luxo cl\u00e1ssico das nossas etiquetas em a\u00e7o dourado seja a nossa oferta de assinatura, reconhecemos que v\u00e1rios trabalhos exigem produtos diferentes. Para satisfazer totalmente as suas necessidades inovadoras, tamb\u00e9m oferecemos a cria\u00e7\u00e3o de etiquetas personalizadas em acr\u00edlico de primeira qualidade. O acr\u00edlico proporciona uma op\u00e7\u00e3o leve, flex\u00edvel e v\u00edvida, ideal para projectos em que o peso \u00e9 uma preocupa\u00e7\u00e3o ou em que se pretende uma tonalidade din\u00e2mica.<\/p>\n<h4 id=\"a-smooth-personalization-experience-\">Uma experi\u00eancia de personaliza\u00e7\u00e3o suave.<\/h4>\n<p>Dar vida \u00e0 sua vis\u00e3o \u00e9 o nosso entusiasmo. O nosso processo de layout \u00e9 conjunto e descomplicado:.<\/p>\n<ol>\n<li><strong>Partilhe a sua vis\u00e3o:\u00a0<\/strong>Forne\u00e7a-nos o design do seu log\u00f3tipo, texto, escolha de tipo de letra ou princ\u00edpio de design.<\/li>\n<li><strong>Escolha as suas especifica\u00e7\u00f5es:\u00a0<\/strong>Selecione o produto recomendado (a\u00e7o ou acr\u00edlico), o acabamento, a dimens\u00e3o, a forma e o design dos acess\u00f3rios (orif\u00edcios, fendas, etc.).<\/li>\n<li><strong>Aprovar o seu desenho:\u00a0<\/strong>Certamente criaremos uma prova eletr\u00f3nica para sua revis\u00e3o, assegurando que todas as informa\u00e7\u00f5es s\u00e3o as melhores antes do in\u00edcio da produ\u00e7\u00e3o.<\/li>\n<li><strong>Receber a sua obra-prima:\u00a0<\/strong>Elaboramos meticulosamente as suas etiquetas personalizadas e fornecemo-las, preparadas para embelezar as suas cria\u00e7\u00f5es.<\/li>\n<\/ol>\n<h4 id=\"the-last-word-in-high-quality-\">A \u00faltima palavra em alta qualidade.<\/h4>\n<p>A sua marca merece mais do que uma etiqueta impressa. Os seus presentes merecem mais do que um cart\u00e3o n\u00e3o reutiliz\u00e1vel. As nossas etiquetas personalizadas de a\u00e7o dourado de alta qualidade s\u00e3o um investimento financeiro na compreens\u00e3o, uma dedica\u00e7\u00e3o \u00e0 qualidade superior e um evento de identidade. Eles s\u00e3o a pequena informa\u00e7\u00e3o que faz a maior distin\u00e7\u00e3o.<\/p>\n<p>Permita-nos ajud\u00e1-lo a deixar a sua marca. Contacte o nosso grupo hoje para come\u00e7ar a fazer a etiqueta personalizada que certamente contar\u00e1 a sua hist\u00f3ria durante v\u00e1rios anos para encontrar. Mude o normal para o extraordin\u00e1rio e deixe sua qualidade superior brilhar.<\/p>","protected":false},"excerpt":{"rendered":"<p>Eleve a sua marca com as nossas etiquetas met\u00e1licas douradas personalizadas de qualidade superior. Perfeitas para dar um acabamento profissional e de alta qualidade a vestu\u00e1rio, malas de m\u00e3o e acess\u00f3rios. Escolha entre estilos elegantes gravados ou modernos recortados para exibir perfeitamente o seu log\u00f3tipo. Duradouras, sofisticadas e de fabrico elegante.<\/p>","protected":false},"featured_media":1349,"template":"","meta":{"_kad_post_transparent":"default","_kad_post_title":"","_kad_post_layout":"default","_kad_post_sidebar_id":"","_kad_post_content_style":"default","_kad_post_vertical_padding":"default","_kad_post_feature":"","_kad_post_feature_position":"","_kad_post_header":false,"_kad_post_footer":false,"_kad_post_classname":""},"product_brand":[],"product_cat":[18],"product_tag":[51],"class_list":{"0":"post-1346","1":"product","2":"type-product","3":"status-publish","4":"has-post-thumbnail","6":"product_cat-custom-acrylic-signs","7":"product_tag-custom-acrylic-signs","9":"first","10":"instock","11":"shipping-taxable","12":"product-type-simple","13":"entry","14":"content-bg","15":"loop-entry"},"_links":{"self":[{"href":"https:\/\/customacrylicproduct.com\/pt\/wp-json\/wp\/v2\/product\/1346","targetHints":{"allow":["GET"]}}],"collection":[{"href":"https:\/\/customacrylicproduct.com\/pt\/wp-json\/wp\/v2\/product"}],"about":[{"href":"https:\/\/customacrylicproduct.com\/pt\/wp-json\/wp\/v2\/types\/product"}],"wp:featuredmedia":[{"embeddable":true,"href":"https:\/\/customacrylicproduct.com\/pt\/wp-json\/wp\/v2\/media\/1349"}],"wp:attachment":[{"href":"https:\/\/customacrylicproduct.com\/pt\/wp-json\/wp\/v2\/media?parent=1346"}],"wp:term":[{"taxonomy":"product_brand","embeddable":true,"href":"https:\/\/customacrylicproduct.com\/pt\/wp-json\/wp\/v2\/product_brand?post=1346"},{"taxonomy":"product_cat","embeddable":true,"href":"https:\/\/customacrylicproduct.com\/pt\/wp-json\/wp\/v2\/product_cat?post=1346"},{"taxonomy":"product_tag","embeddable":true,"href":"https:\/\/customacrylicproduct.com\/pt\/wp-json\/wp\/v2\/product_tag?post=1346"}],"curies":[{"name":"wp","href":"https:\/\/api.w.org\/{rel}","templated":true}]}}