{"id":1360,"date":"2025-07-21T01:38:16","date_gmt":"2025-07-21T01:38:16","guid":{"rendered":"https:\/\/customacrylicproduct.com\/?post_type=product&#038;p=1360"},"modified":"2025-07-21T01:38:16","modified_gmt":"2025-07-21T01:38:16","slug":"high-borosilicate-acrylic-rod-diameter-glass-stirring-rod","status":"publish","type":"product","link":"https:\/\/customacrylicproduct.com\/pt\/high-borosilicate-acrylic-rod-diameter-glass-stirring-rod\/","title":{"rendered":"Vareta de agita\u00e7\u00e3o de vidro com alto di\u00e2metro de haste de acr\u00edlico de borosilicato"},"content":{"rendered":"<h3 id=\"unlock-a-globe-of-creative-thinking-the-ultimate-gift-of-costs-threaded-polymer-rods\">Desbloquear um globo de pensamento criativo: O derradeiro presente das hastes roscadas de pol\u00edmero Costs<\/h3>\n<p>No planeta do design, da cria\u00e7\u00e3o e do progresso, a alta qualidade dos seus materiais especifica o limite da sua criatividade. Para o criador cr\u00edtico, o fan\u00e1tico apaixonado do \"fa\u00e7a voc\u00ea mesmo\", o designer profissional ou o amador especializado da sua vida, descobrir um presente que seja \u00fatil e motivador pode ser um obst\u00e1culo. Procura-se algo que n\u00e3o seja simplesmente uma ferramenta, mas um estimulante para o seu excelente conceito seguinte.<\/p>\n<p>Apresenta\u00e7\u00e3o do nosso\u00a0<strong>Hastes acr\u00edlicas com rosca interna Premium\u00a0<\/strong>- uma pe\u00e7a avan\u00e7ada criada para fundir uma est\u00e9tica not\u00e1vel com uma funcionalidade robusta. Esque\u00e7a o t\u00edtulo enganador e inc\u00f3modo; estas n\u00e3o s\u00e3o simples varetas de agita\u00e7\u00e3o. S\u00e3o a base inovadora para tarefas que requerem estilo, resist\u00eancia e um toque de brilho moderno. Isto \u00e9 mais do que um artigo; \u00e9 um convite \u00e0 cria\u00e7\u00e3o, um presente ideal para qualquer pessoa que veja o mundo em rela\u00e7\u00e3o ao que ele \u00e9.\u00a0<em>pode\u00a0<\/em>ser.<\/p>\n<p><img fetchpriority=\"high\" decoding=\"async\" class=\"size-full wp-image-1364\" src=\"https:\/\/customacrylicproduct.com\/wp-content\/uploads\/2025\/07\/Acrylic-Rod-4.jpg\" alt=\"Haste acr\u00edlica (4)\" width=\"800\" height=\"800\" srcset=\"https:\/\/customacrylicproduct.com\/wp-content\/uploads\/2025\/07\/Acrylic-Rod-4.jpg 800w, https:\/\/customacrylicproduct.com\/wp-content\/uploads\/2025\/07\/Acrylic-Rod-4-300x300.jpg 300w, https:\/\/customacrylicproduct.com\/wp-content\/uploads\/2025\/07\/Acrylic-Rod-4-150x150.jpg 150w, https:\/\/customacrylicproduct.com\/wp-content\/uploads\/2025\/07\/Acrylic-Rod-4-768x768.jpg 768w, https:\/\/customacrylicproduct.com\/wp-content\/uploads\/2025\/07\/Acrylic-Rod-4-600x600.jpg 600w, https:\/\/customacrylicproduct.com\/wp-content\/uploads\/2025\/07\/Acrylic-Rod-4-100x100.jpg 100w\" sizes=\"(max-width: 800px) 100vw, 800px\" \/><\/p>\n<h4 id=\"the-essence-of-the-product-crystalline-quality-fulfills-unyielding-strength\">A ess\u00eancia do produto: A qualidade cristalina preenche a for\u00e7a inabal\u00e1vel<\/h4>\n<p>\u00c0 primeira vista, estas varetas hipnotizam pela sua excelente abertura. T\u00eam uma clareza \u00f3tica que se equipara \u00e0 do vidro polido mais fino, permitindo que a luz passe atrav\u00e9s delas sem obst\u00e1culos, criando impactos est\u00e9ticos espectaculares de refra\u00e7\u00e3o e reflex\u00e3o. Mas, ao contr\u00e1rio do vidro, que \u00e9 pesado e delicado, estes var\u00f5es s\u00e3o fabricados em acr\u00edlico de alta qualidade (polimetacrilato de metilo, ou PMMA), um produto reconhecido pelas suas constru\u00e7\u00f5es excepcionais.<\/p>\n<ul>\n<li><strong>Mais leve e mais forte:\u00a0<\/strong>O acr\u00edlico usa o encanto do vidro sem a responsabilidade. \u00c9 substancialmente mais leve e apresenta uma resist\u00eancia ao impacto muito maior, o que o torna muito mais seguro e flex\u00edvel para uma vasta gama de aplica\u00e7\u00f5es, desde mobili\u00e1rio a pe\u00e7as de arte complexas. Um projeto constru\u00eddo com estes postes ser\u00e1 certamente dur\u00e1vel e simples de manusear.<\/li>\n<li><strong>Durabilidade excecional:\u00a0<\/strong>O nosso acr\u00edlico \u00e9 estabilizado contra os raios UV, garantindo que n\u00e3o amarelece nem se torna fr\u00e1gil com o tempo, mesmo quando sujeito \u00e0 luz solar. O aspeto imaculado e transparente perdurar\u00e1 durante muitos anos, protegendo a estabilidade e a atra\u00e7\u00e3o da cria\u00e7\u00e3o conclu\u00edda.<\/li>\n<li><strong>Perfeito Completo:\u00a0<\/strong>Cada vareta \u00e9 extrudida com precis\u00e3o e, posteriormente, maquinada com per\u00edcia, o que resulta numa superf\u00edcie completamente lisa ao toque. As extremidades s\u00e3o cortadas e abrilhantadas para preservar a nitidez \u00f3tica at\u00e9 ao lado, oferecendo uma superf\u00edcie perfeita e perfeita de todos os \u00e2ngulos.<\/li>\n<\/ul>\n<p><img decoding=\"async\" class=\"size-full wp-image-1363\" src=\"https:\/\/customacrylicproduct.com\/wp-content\/uploads\/2025\/07\/Acrylic-Rod-3.jpg\" alt=\"Haste acr\u00edlica (3)\" width=\"800\" height=\"800\" srcset=\"https:\/\/customacrylicproduct.com\/wp-content\/uploads\/2025\/07\/Acrylic-Rod-3.jpg 800w, https:\/\/customacrylicproduct.com\/wp-content\/uploads\/2025\/07\/Acrylic-Rod-3-300x300.jpg 300w, https:\/\/customacrylicproduct.com\/wp-content\/uploads\/2025\/07\/Acrylic-Rod-3-150x150.jpg 150w, https:\/\/customacrylicproduct.com\/wp-content\/uploads\/2025\/07\/Acrylic-Rod-3-768x768.jpg 768w, https:\/\/customacrylicproduct.com\/wp-content\/uploads\/2025\/07\/Acrylic-Rod-3-600x600.jpg 600w, https:\/\/customacrylicproduct.com\/wp-content\/uploads\/2025\/07\/Acrylic-Rod-3-100x100.jpg 100w\" sizes=\"(max-width: 800px) 100vw, 800px\" \/><\/p>\n<h4 id=\"the-core-advancement-accuracy-internal-threading\">O principal avan\u00e7o: Rosca interna de precis\u00e3o<\/h4>\n<p>O que realmente faz com que estas barras de acr\u00edlico passem de um simples produto de stock para um elemento de estilo indispens\u00e1vel \u00e9 a\u00a0<strong>rosca interna maquinada com precis\u00e3o\u00a0<\/strong>em cada extremidade. Esta carater\u00edstica \u00fanica abre um mundo de modularidade e de constru\u00e7\u00e3o segura e protegida que \u00e9 simplesmente dif\u00edcil de alcan\u00e7ar com var\u00f5es normais.<\/p>\n<ul>\n<li><strong>Liga\u00e7\u00f5es invis\u00edveis e bem fundamentadas:\u00a0<\/strong>Diga adeus aos suportes exteriores inc\u00f3modos, aos adesivos desagrad\u00e1veis e ao equipamento vis\u00edvel que prejudica a limpeza das linhas de disposi\u00e7\u00e3o. As cordas interiores permitem que os parafusos, os parafusos e v\u00e1rias outras portas roscadas sejam colocados de forma firme e discreta dentro do pr\u00f3prio poste. Isto produz juntas poderosas e de suporte de carga que s\u00e3o virtualmente invis\u00edveis, levando a uma est\u00e9tica \u201c\u00e0 deriva\u201d ou m\u00ednima que \u00e9 extremamente exigida no layout atual.<\/li>\n<li><strong>Modularidade sem limites:\u00a0<\/strong>O enfiamento normalizado incentiva os designers a pensar de forma modular. Os postes podem ser fixados de ponta a ponta para obter tamanhos maiores, unidos em \u00e2ngulos atrav\u00e9s de suportes feitos \u00e0 medida ou fixados diretamente a superf\u00edcies como madeira, a\u00e7o ou rocha. Os projectos podem ser convenientemente constru\u00eddos, desmontados, reconfigurados ou fixados, utilizando um grau de adaptabilidade que incita \u00e0 experimenta\u00e7\u00e3o.<\/li>\n<li><strong>Adaptabilidade inigual\u00e1vel:\u00a0<\/strong>Esta op\u00e7\u00e3o de engenharia simples, mas fant\u00e1stica, transforma a haste numa porta global, numa perna dur\u00e1vel, num suporte elegante, num suporte robusto ou num aspeto estrutural num conjunto maior. As aplica\u00e7\u00f5es poss\u00edveis s\u00e3o limitadas apenas pela imagina\u00e7\u00e3o de cada um.<\/li>\n<\/ul>\n<p><img decoding=\"async\" class=\"size-full wp-image-1362\" src=\"https:\/\/customacrylicproduct.com\/wp-content\/uploads\/2025\/07\/Acrylic-Rod-2.jpg\" alt=\"Haste acr\u00edlica (2)\" width=\"800\" height=\"800\" srcset=\"https:\/\/customacrylicproduct.com\/wp-content\/uploads\/2025\/07\/Acrylic-Rod-2.jpg 800w, https:\/\/customacrylicproduct.com\/wp-content\/uploads\/2025\/07\/Acrylic-Rod-2-300x300.jpg 300w, https:\/\/customacrylicproduct.com\/wp-content\/uploads\/2025\/07\/Acrylic-Rod-2-150x150.jpg 150w, https:\/\/customacrylicproduct.com\/wp-content\/uploads\/2025\/07\/Acrylic-Rod-2-768x768.jpg 768w, https:\/\/customacrylicproduct.com\/wp-content\/uploads\/2025\/07\/Acrylic-Rod-2-600x600.jpg 600w, https:\/\/customacrylicproduct.com\/wp-content\/uploads\/2025\/07\/Acrylic-Rod-2-100x100.jpg 100w\" sizes=\"(max-width: 800px) 100vw, 800px\" \/><\/p>\n<h4 id=\"a-canvas-for-imagination-limitless-applications\">Uma tela para a imagina\u00e7\u00e3o: Aplica\u00e7\u00f5es ilimitadas<\/h4>\n<p>Apresentar estes p\u00f3los \u00e9 oferecer um potencial. A seguir, apresentamos apenas alguns dos projectos extraordin\u00e1rios que podem ser realizados:<\/p>\n<p><strong>Para o designer de mobili\u00e1rio moderno e para quem gosta de fazer bricolage:\u00a0<\/strong>. Visualize uma mesa de centro minimalista em que o tampo de madeira ou vidro parece flutuar sem peso sobre 4 pernas cristalinas. Fotografe uma prateleira com suportes \u201cinvis\u00edveis\u201d, desenvolvendo um aspeto arejado e limpo. Estes var\u00f5es s\u00e3o excelentes como:.<\/p>\n<ul>\n<li><strong>Pernas de mesa e de arm\u00e1rio:\u00a0<\/strong>Proporcionam um suporte resistente e elegante para mesas de apoio, consolas multim\u00e9dia e arm\u00e1rios de apresenta\u00e7\u00e3o.<\/li>\n<li><strong>Puxadores e puxadores de arm\u00e1rios:\u00a0<\/strong>Desenvolver ferragens personalizadas e de alta qualidade que d\u00e3o um toque especial e extravagante a qualquer tipo de mobili\u00e1rio.<\/li>\n<li><strong>Suportes para prateleiras de deriva:\u00a0<\/strong>Fixe as estantes numa superf\u00edcie de parede com um vazio limpo e contempor\u00e2neo.<\/li>\n<\/ul>\n<p><strong>Para o m\u00fasico, o entalhador e o construtor:\u00a0<\/strong>. Estes postes s\u00e3o uma ferramenta de sonho para os artistas que colaboram com a luz e o espa\u00e7o. Podem ser utilizados para construir esculturas cin\u00e9ticas, instala\u00e7\u00f5es de luz ou estruturas que se divertem com a compreens\u00e3o.<\/p>\n<ul>\n<li><strong>Luzes:\u00a0<\/strong>Construa um candelabro ou uma luz pendente personalizada, utilizando as hastes como redes para tiras de LED ou como difusores que espalham a luz em padr\u00f5es atractivos.<\/li>\n<li><strong>Instala\u00e7\u00f5es art\u00edsticas:\u00a0<\/strong>Desenvolver estruturas geom\u00e9tricas espectaculares ou armaduras para esculturas de meios mistos em que o grupo de suporte pertence \u00e0 pr\u00f3pria arte.<\/li>\n<li><strong>Expositores de retalho e de galerias:\u00a0<\/strong>Conceba instala\u00e7\u00f5es com qualidade de museu para artefactos, suportes para objectos ou suportes de sinaliza\u00e7\u00e3o sofisticados que reforcem, em vez de desviarem a aten\u00e7\u00e3o, o objeto em exposi\u00e7\u00e3o.<\/li>\n<\/ul>\n<p><strong>Para os entusiastas da tecnologia e para os entusiastas:\u00a0<\/strong>. A resist\u00eancia e a natureza n\u00e3o condutora do acr\u00edlico tornam estas varetas ideais para tarefas t\u00e9cnicas.<\/p>\n<ul>\n<li><strong>Situa\u00e7\u00f5es inform\u00e1ticas personalizadas:\u00a0<\/strong>Desenvolver estruturas internas especiais ou componentes ornamentais externos para o desenvolvimento de um sistema inform\u00e1tico topo de gama.<\/li>\n<li><strong>Rob\u00f3tica e prototipagem:\u00a0<\/strong>Utilize-os como pe\u00e7as arquitect\u00f3nicas leves, s\u00f3lidas e convenientemente maquin\u00e1veis para bra\u00e7os de rob\u00f4s, estruturas ou locais de unidades de dete\u00e7\u00e3o.<\/li>\n<\/ul>\n<h4 id=\"the-perfect-gift-for-the-developer-in-your-life-\">O presente perfeito para o programador da sua vida<\/h4>\n<p>Porque \u00e9 que estes postes de acr\u00edlico com rosca s\u00e3o um presente t\u00e3o atencioso e impactante?<\/p>\n<ol>\n<li><strong>Fala a l\u00edngua deles:\u00a0<\/strong>Oferecer este artigo revela que compreende o seu entusiasmo por desenvolver, desenvolver e construir. \u00c9 um presente que reconhece e apoia o seu impulso criativo.<\/li>\n<li><strong>\u00c9 uma caixa de potencial:\u00a0<\/strong>N\u00e3o est\u00e1 apenas a fornecer um conjunto de varas; est\u00e1 a fornecer as pe\u00e7as centrais para a pr\u00f3xima d\u00fazia de conceitos. \u00c9 um presente que ser\u00e1 certamente utilizado, apreciado e transformado em algo novo e interessante.<\/li>\n<li><strong>\u00c9 \u00fanico e de alta qualidade:\u00a0<\/strong>Este n\u00e3o \u00e9 um dispositivo comum que pode ser encontrado em qualquer tipo de loja de ferragens. \u00c9 um componente especializado e de alta qualidade que ser\u00e1 rapidamente identificado por um designer como algo \u00fanico e profundamente \u00fatil.<\/li>\n<\/ol>\n<p>Dispon\u00edveis em v\u00e1rios comprimentos, estas varas podem ser misturadas e combinadas para se adaptarem a qualquer escala de projeto. Cada um deles \u00e9 um testemunho de qualidade, desde a sua transpar\u00eancia sem bolhas at\u00e9 aos seus fios perfeitamente cortados.<\/p>\n<p>Ofere\u00e7a a d\u00e1diva de um potencial puro. Ofere\u00e7a a d\u00e1diva de um estilo not\u00e1vel.\u00a0<strong>Encomende hoje uma cole\u00e7\u00e3o de hastes acr\u00edlicas roscadas interiores Costs\u00a0<\/strong>e veja como a mente imaginativa da sua vida transforma estes componentes bonitos e flex\u00edveis numa obra-prima.<\/p>","protected":false},"excerpt":{"rendered":"<p class=\"ng-star-inserted\"><span class=\"ng-star-inserted\">Hastes de acr\u00edlico dur\u00e1veis e transparentes com extremidades roscadas internamente. Perfeitas como suportes, conectores, pernas ou pegas para projectos de bricolage, mobili\u00e1rio e expositores. Estas hastes vers\u00e1teis proporcionam uma liga\u00e7\u00e3o forte com um aspeto elegante e moderno. Dispon\u00edveis em v\u00e1rios comprimentos para se adaptarem \u00e0s suas necessidades.<\/span><\/p>","protected":false},"featured_media":1364,"template":"","meta":{"_kad_post_transparent":"default","_kad_post_title":"","_kad_post_layout":"default","_kad_post_sidebar_id":"","_kad_post_content_style":"default","_kad_post_vertical_padding":"default","_kad_post_feature":"","_kad_post_feature_position":"","_kad_post_header":false,"_kad_post_footer":false,"_kad_post_classname":""},"product_brand":[],"product_cat":[23],"product_tag":[63],"class_list":{"0":"post-1360","1":"product","2":"type-product","3":"status-publish","4":"has-post-thumbnail","6":"product_cat-custom-acrylic-rods-tubes","7":"product_tag-acrylic-rods","9":"first","10":"instock","11":"shipping-taxable","12":"product-type-simple","13":"entry","14":"content-bg","15":"loop-entry"},"_links":{"self":[{"href":"https:\/\/customacrylicproduct.com\/pt\/wp-json\/wp\/v2\/product\/1360","targetHints":{"allow":["GET"]}}],"collection":[{"href":"https:\/\/customacrylicproduct.com\/pt\/wp-json\/wp\/v2\/product"}],"about":[{"href":"https:\/\/customacrylicproduct.com\/pt\/wp-json\/wp\/v2\/types\/product"}],"wp:featuredmedia":[{"embeddable":true,"href":"https:\/\/customacrylicproduct.com\/pt\/wp-json\/wp\/v2\/media\/1364"}],"wp:attachment":[{"href":"https:\/\/customacrylicproduct.com\/pt\/wp-json\/wp\/v2\/media?parent=1360"}],"wp:term":[{"taxonomy":"product_brand","embeddable":true,"href":"https:\/\/customacrylicproduct.com\/pt\/wp-json\/wp\/v2\/product_brand?post=1360"},{"taxonomy":"product_cat","embeddable":true,"href":"https:\/\/customacrylicproduct.com\/pt\/wp-json\/wp\/v2\/product_cat?post=1360"},{"taxonomy":"product_tag","embeddable":true,"href":"https:\/\/customacrylicproduct.com\/pt\/wp-json\/wp\/v2\/product_tag?post=1360"}],"curies":[{"name":"wp","href":"https:\/\/api.w.org\/{rel}","templated":true}]}}