{"id":1370,"date":"2025-07-21T02:01:08","date_gmt":"2025-07-21T02:01:08","guid":{"rendered":"https:\/\/customacrylicproduct.com\/?post_type=product&#038;p=1370"},"modified":"2025-07-21T02:05:38","modified_gmt":"2025-07-21T02:05:38","slug":"custom-transparent-acrylic-sheets-chemical-resistant","status":"publish","type":"product","link":"https:\/\/customacrylicproduct.com\/pt\/custom-transparent-acrylic-sheets-chemical-resistant\/","title":{"rendered":"Folhas acr\u00edlicas transparentes personalizadas resistentes a produtos qu\u00edmicos"},"content":{"rendered":"<h3 id=\"-presents-for-custom-transparent-acrylic-sheets-the-ultimate-canvas-for-your-creative-imagination-and-love-\"><strong>Presentes para folhas de acr\u00edlico transparentes personalizadas: A derradeira tela para a sua imagina\u00e7\u00e3o criativa e amor<\/strong><\/h3>\n<p>Num mundo saturado de modas passageiras e objectos n\u00e3o reutiliz\u00e1veis, a procura de uma prenda excelente - uma prenda que seja ao mesmo tempo profundamente pessoal e duradouramente bonita - pode ser um desafio. Procuramos algo que n\u00e3o s\u00f3 transmita uma mensagem, como tamb\u00e9m acabe por ser uma recorda\u00e7\u00e3o valiosa. Imagine um produto que combine a excelente e luminosa claridade do cristal com a for\u00e7a duradoura do design moderno; uma tela em branco que pode ser transformada num s\u00edmbolo de apre\u00e7o personalizado, num \u00edcone de qualidade empresarial ou numa pe\u00e7a de arte acarinhada.<\/p>\n<p>\u00c9 com orgulho que apresentamos as nossas folhas e blocos de acr\u00edlico transparente personalizados de qualidade superior - o meio ideal para dar vida aos seus conceitos de presentes mais criativos. Como se pode ver nas imagens, este \u00e9 um produto de grande versatilidade. Come\u00e7a como uma folha transparente perfeita, protegida por uma pel\u00edcula de papel simples, com uma capacidade ilimitada na sua superf\u00edcie imaculada. Com um trabalho artesanal especializado, \u00e9 transformada em blocos substanciais e sofisticados, com arestas polidas a diamante que captam e refractam a luz, desenvolvendo um resultado visual deslumbrante que potencia qualquer tipo de layout gravado no seu interior ou sobre ele. \u00c9 mais do que um simples pl\u00e1stico, \u00e9 um portal para a cria\u00e7\u00e3o de momentos marcantes e objectos intemporais.<\/p>\n<p><img fetchpriority=\"high\" decoding=\"async\" class=\"aligncenter wp-image-1371 size-full\" src=\"https:\/\/customacrylicproduct.com\/wp-content\/uploads\/2025\/07\/Custom-Transparent-Acrylic-Sheets-1.jpg\" alt=\"Folhas de acr\u00edlico transparente personalizadas (1)\" width=\"700\" height=\"700\" srcset=\"https:\/\/customacrylicproduct.com\/wp-content\/uploads\/2025\/07\/Custom-Transparent-Acrylic-Sheets-1.jpg 700w, https:\/\/customacrylicproduct.com\/wp-content\/uploads\/2025\/07\/Custom-Transparent-Acrylic-Sheets-1-300x300.jpg 300w, https:\/\/customacrylicproduct.com\/wp-content\/uploads\/2025\/07\/Custom-Transparent-Acrylic-Sheets-1-150x150.jpg 150w, https:\/\/customacrylicproduct.com\/wp-content\/uploads\/2025\/07\/Custom-Transparent-Acrylic-Sheets-1-600x600.jpg 600w, https:\/\/customacrylicproduct.com\/wp-content\/uploads\/2025\/07\/Custom-Transparent-Acrylic-Sheets-1-100x100.jpg 100w\" sizes=\"(max-width: 700px) 100vw, 700px\" \/><\/p>\n<h4 id=\"-unparalleled-optical-clarity-a-home-window-to-the-spirit-\"><strong>Claridade \u00f3tica sem igual: Uma janela dom\u00e9stica para o esp\u00edrito<\/strong><\/h4>\n<p>O primeiro ponto que observar\u00e1 em rela\u00e7\u00e3o ao nosso pol\u00edmero \u00e9 a sua impressionante nitidez. Com uma transmiss\u00e3o de luz superior a 92%, excede tamb\u00e9m a do vidro de alta qualidade, proporcionando uma vis\u00e3o basicamente an\u00e9mica e sem distor\u00e7\u00f5es. Esta pureza \u00f3tica torna-o a escolha perfeita para blocos de fotografias, permitindo que as imagens dos entes queridos irradiem com cores vibrantes e verdadeiras e profundidade. Quando utilizado para homenagens ou placas personalizadas, o texto e os log\u00f3tipos aparecem \u00e0 deriva no material, suspensos num estado de perfeita abertura. Ao contr\u00e1rio do vidro, que muitas vezes tem uma cor esverdeada, o nosso acr\u00edlico garante que a sua mensagem e arte existam exatamente como pretende - n\u00edtidos, limpos e notavelmente claros.<\/p>\n<p><img decoding=\"async\" class=\"size-full wp-image-1374\" src=\"https:\/\/customacrylicproduct.com\/wp-content\/uploads\/2025\/07\/Custom-Transparent-Acrylic-Sheets-4.jpg\" alt=\"Folhas de acr\u00edlico transparente personalizadas (4)\" width=\"1024\" height=\"1024\" srcset=\"https:\/\/customacrylicproduct.com\/wp-content\/uploads\/2025\/07\/Custom-Transparent-Acrylic-Sheets-4.jpg 1024w, https:\/\/customacrylicproduct.com\/wp-content\/uploads\/2025\/07\/Custom-Transparent-Acrylic-Sheets-4-300x300.jpg 300w, https:\/\/customacrylicproduct.com\/wp-content\/uploads\/2025\/07\/Custom-Transparent-Acrylic-Sheets-4-150x150.jpg 150w, https:\/\/customacrylicproduct.com\/wp-content\/uploads\/2025\/07\/Custom-Transparent-Acrylic-Sheets-4-768x768.jpg 768w, https:\/\/customacrylicproduct.com\/wp-content\/uploads\/2025\/07\/Custom-Transparent-Acrylic-Sheets-4-600x600.jpg 600w, https:\/\/customacrylicproduct.com\/wp-content\/uploads\/2025\/07\/Custom-Transparent-Acrylic-Sheets-4-100x100.jpg 100w\" sizes=\"(max-width: 1024px) 100vw, 1024px\" \/><\/p>\n<h4 id=\"-the-power-of-infinite-personalization-\"><strong>O poder da personaliza\u00e7\u00e3o infinita<\/strong><\/h4>\n<p>A verdadeira magia do nosso acr\u00edlico reside no seu potencial infinito de personaliza\u00e7\u00e3o. Este n\u00e3o \u00e9 um produto pronto a usar; \u00e9 a estrutura para o seu desenvolvimento distinto. Quer seja um particular \u00e0 procura de um presente \u00fanico, uma organiza\u00e7\u00e3o \u00e0 procura de desenvolver mercadoria de marca, ou um m\u00fasico \u00e0 procura de novas ferramentas, as nossas folhas de acr\u00edlico podem ser especificamente personalizadas de acordo com a sua vis\u00e3o.<\/p>\n<ul>\n<li><strong>Grava\u00e7\u00e3o e grava\u00e7\u00e3o a laser:\u00a0<\/strong>Desenvolva designs excecionalmente descritos e de longa dura\u00e7\u00e3o. Grave uma mensagem sentida, um dia importante, um log\u00f3tipo complexo ou mesmo um retrato completo na superf\u00edcie ou dentro do pr\u00f3prio bloco para obter um magn\u00edfico efeito 3D.<\/li>\n<li><strong>Corte e modela\u00e7\u00e3o de precis\u00e3o:\u00a0<\/strong>O nosso acr\u00edlico pode ser cortado em praticamente qualquer tipo de forma conceb\u00edvel, desde formas rectangulares cl\u00e1ssicas e c\u00edrculos a formas complexas e letras personalizadas. As arestas biseladas e refinadas que se v\u00eaem nos blocos conclu\u00eddos s\u00e3o um testemunho da precis\u00e3o que conseguimos alcan\u00e7ar.<\/li>\n<li><strong>Impress\u00e3o UV a cores:\u00a0<\/strong>Ultrapasse a grava\u00e7\u00e3o e imprima fotografias e gr\u00e1ficos vibrantes, a cores, diretamente na superf\u00edcie do acr\u00edlico. O resultado \u00e9 um artigo duradouro e de grande impacto que integra a profundidade do acr\u00edlico com o esplendor de uma fotografia.<\/li>\n<li><strong>Constru\u00e7\u00f5es com v\u00e1rias camadas:\u00a0<\/strong>Integre folhas de densidades diferentes para desenvolver esculturas divididas, indica\u00e7\u00f5es ou ecr\u00e3s, incluindo uma nova dimens\u00e3o de profundidade e requinte ao seu projeto.<\/li>\n<\/ul>\n<h4 id=\"-engineered-for-stamina-chemical-resistant-and-shatter-proof-\"><strong>Concebida para resistir: resistente a qu\u00edmicos e \u00e0 prova de estilha\u00e7os<\/strong><\/h4>\n<p>Um presente precisa de ser desenvolvido para durar, uma dica a longo prazo de um minuto ou de um feito \u00fanico. O nosso acr\u00edlico foi concebido exatamente para esta fun\u00e7\u00e3o. \u00c9 significativamente mais resistente ao impacto do que o vidro - at\u00e9 17 vezes mais forte - tornando-o essencialmente \u00e0 prova de estilha\u00e7os. Esta durabilidade torna-o uma escolha mais segura e \u00fatil para casas com crian\u00e7as, locais de trabalho activos e ambientes de venda a retalho com muito tr\u00e1fego.<\/p>\n<p>Al\u00e9m disso, um atributo essencial do nosso acr\u00edlico de custos \u00e9 a sua not\u00e1vel\u00a0<strong>resist\u00eancia qu\u00edmica\u00a0<\/strong>. O que \u00e9 que isto significa para si? Significa que a sua cria\u00e7\u00e3o personalizada est\u00e1 protegida contra a degrada\u00e7\u00e3o dos produtos qu\u00edmicos, produtos de limpeza, \u00f3leos e anti\u00e1cidos habituais da fam\u00edlia. Um pr\u00e9mio gravado na secret\u00e1ria de um diretor executivo n\u00e3o ficar\u00e1 sombrio ou amarelado com o tempo. Um bloco fotogr\u00e1fico personalizado em acr\u00edlico na sala de estar pode ser limpo sem a preocupa\u00e7\u00e3o de danificar ou estragar a superf\u00edcie. Um splashback personalizado para a \u00e1rea da cozinha resistir\u00e1 a manchas de comida e gordura, mantendo a sua excelente transpar\u00eancia durante v\u00e1rios anos. Esta durabilidade qu\u00edmica garante que o seu investimento financeiro numa pe\u00e7a feita \u00e0 medida est\u00e1 protegido e que a sua beleza se mant\u00e9m limpa com o passar do tempo.<\/p>\n<p><img decoding=\"async\" class=\"size-full wp-image-1372\" src=\"https:\/\/customacrylicproduct.com\/wp-content\/uploads\/2025\/07\/Custom-Transparent-Acrylic-Sheets-2.jpg\" alt=\"Folhas acr\u00edlicas transparentes personalizadas (2)\" width=\"750\" height=\"750\" srcset=\"https:\/\/customacrylicproduct.com\/wp-content\/uploads\/2025\/07\/Custom-Transparent-Acrylic-Sheets-2.jpg 750w, https:\/\/customacrylicproduct.com\/wp-content\/uploads\/2025\/07\/Custom-Transparent-Acrylic-Sheets-2-300x300.jpg 300w, https:\/\/customacrylicproduct.com\/wp-content\/uploads\/2025\/07\/Custom-Transparent-Acrylic-Sheets-2-150x150.jpg 150w, https:\/\/customacrylicproduct.com\/wp-content\/uploads\/2025\/07\/Custom-Transparent-Acrylic-Sheets-2-600x600.jpg 600w, https:\/\/customacrylicproduct.com\/wp-content\/uploads\/2025\/07\/Custom-Transparent-Acrylic-Sheets-2-100x100.jpg 100w\" sizes=\"(max-width: 750px) 100vw, 750px\" \/><\/p>\n<h4 id=\"-a-world-of-applications-from-personal-gifts-to-expert-statements-\"><strong>Um mundo de aplica\u00e7\u00f5es: De presentes pessoais a declara\u00e7\u00f5es de especialistas<\/strong><\/h4>\n<p>A conveni\u00eancia do nosso acr\u00edlico feito por medida torna-o adequado para uma variedade extremamente vasta de aplica\u00e7\u00f5es.<\/p>\n<p><strong>Para presentes individuais genu\u00ednos:\u00a0<\/strong>.<\/p>\n<ul>\n<li><strong>Blocos de fotografias:\u00a0<\/strong>Celebre um casamento, um anivers\u00e1rio ou uma fotografia de um membro da fam\u00edlia num bloco de acr\u00edlico espesso e independente que d\u00e1 um toque moderno e elegante a qualquer decora\u00e7\u00e3o.<\/li>\n<li><strong>Placas gravadas:\u00a0<\/strong>Celebre a formatura, o nascimento ou um sucesso \u00fanico com uma mensagem personalizada gravada numa placa transparente.<\/li>\n<li><strong>Porta-chaves e ornamentos personalizados:\u00a0<\/strong>Desenvolver pequenos s\u00edmbolos personalizados que tenham um significado especial.<\/li>\n<li><strong>Sinais para eventos e casamentos:\u00a0<\/strong>Crie sensacionais sinais de boas-vindas, n\u00fameros de mesa e gr\u00e1ficos de lugares que emanam classe moderna.<\/li>\n<\/ul>\n<p><strong>Para a excel\u00eancia empresarial e o branding:<\/strong><\/p>\n<ul>\n<li><strong>Trof\u00e9us e pr\u00e9mios feitos \u00e0 medida:\u00a0<\/strong>Ultrapasse os estilos tradicionais e desenvolva homenagens especiais e de qualidade superior que demonstrem de forma inequ\u00edvoca a marca da sua empresa e a relev\u00e2ncia do feito.<\/li>\n<li><strong>Blocos de secret\u00e1ria de marca:\u00a0<\/strong>Inclua o design e os valores do log\u00f3tipo da sua empresa num pisa-pap\u00e9is elegante e moderno ou num acess\u00f3rio de secret\u00e1ria para os funcion\u00e1rios e clientes.<\/li>\n<li><strong>Expositores de retalho topo de gama:\u00a0<\/strong>Exponha produtos de luxo, como j\u00f3ias de moda, rel\u00f3gios ou cosm\u00e9ticos, em suportes de acr\u00edlico personalizados que real\u00e7am, em vez de desviar a aten\u00e7\u00e3o, o artigo em exposi\u00e7\u00e3o.<\/li>\n<li><strong>Hall de entrada Sinal\u00e9tica:\u00a0<\/strong>Cause uma primeira impress\u00e3o eficaz com uma indica\u00e7\u00e3o acr\u00edlica dimensional e elegante que inclui o nome da sua empresa e o desenho do log\u00f3tipo.<\/li>\n<\/ul>\n<p><strong>Para o m\u00fasico e o fan\u00e1tico da bricolage:<\/strong><\/p>\n<ul>\n<li><strong>Pintura \u00c1rea de superf\u00edcie:\u00a0<\/strong>Utilize a folha transparente como uma tela distinta para a pintura inversa, criando uma profundidade e um brilho inacredit\u00e1veis.<\/li>\n<li><strong>Meio escultural:\u00a0<\/strong>Corte, sobreponha e cole folhas para desenvolver esculturas abstractas ou metaf\u00f3ricas espectaculares que jogam com a luz e a transpar\u00eancia.<\/li>\n<li><strong>Decora\u00e7\u00e3o de casa DIY:\u00a0<\/strong>Crie as suas pr\u00f3prias prateleiras flutuantes, quadros para fotografias ou talvez pequenos tampos de mesa para um visual limpo e minimalista.<\/li>\n<\/ul>\n<h3 id=\"-your-vision-immortalized-in-acrylic-\"><strong>A sua vis\u00e3o, imortalizada em acr\u00edlico<\/strong><\/h3>\n<p>As nossas folhas de acr\u00edlico transparente feitas \u00e0 medida representam a excelente sinergia de atra\u00e7\u00e3o, resist\u00eancia e personaliza\u00e7\u00e3o. Fornecem uma ard\u00f3sia vazia para o seu pensamento criativo, uma ferramenta robusta para a sua mensagem e um material sem idade para as suas mem\u00f3rias. Desde a folha em bruto e protegida at\u00e9 ao produto final maravilhosamente iluminado, oferecemos a estrutura necess\u00e1ria para criar algo realmente \u00fanico.<\/p>\n<p>N\u00e3o opte pelo normal. Escolha um presente que seja t\u00e3o claro como os seus objectivos e t\u00e3o duradouro como as suas opini\u00f5es. Entre em contacto connosco hoje para discutir o seu trabalho e permita-nos ajud\u00e1-lo a transformar uma folha de acr\u00edlico b\u00e1sica numa obra-prima extraordin\u00e1ria.<\/p>","protected":false},"excerpt":{"rendered":"<p class=\"ng-star-inserted\"><span class=\"ng-star-inserted\">Folhas de acr\u00edlico transparente dur\u00e1veis e resistentes a produtos qu\u00edmicos. Cortadas \u00e0 medida para o tamanho e espessura pretendidos. Apresentam um acabamento polido e de alto brilho para um aspeto cristalino de primeira qualidade. Ideal para expositores, barreiras de prote\u00e7\u00e3o e sinais.<\/span><\/p>","protected":false},"featured_media":1371,"template":"","meta":{"_kad_post_transparent":"default","_kad_post_title":"","_kad_post_layout":"default","_kad_post_sidebar_id":"","_kad_post_content_style":"default","_kad_post_vertical_padding":"default","_kad_post_feature":"","_kad_post_feature_position":"","_kad_post_header":false,"_kad_post_footer":false,"_kad_post_classname":""},"product_brand":[],"product_cat":[24],"product_tag":[142],"class_list":{"0":"post-1370","1":"product","2":"type-product","3":"status-publish","4":"has-post-thumbnail","6":"product_cat-custom-acrylic-sheets","7":"product_tag-custom-transparent-acrylic-sheets","9":"first","10":"instock","11":"shipping-taxable","12":"product-type-simple","13":"entry","14":"content-bg","15":"loop-entry"},"_links":{"self":[{"href":"https:\/\/customacrylicproduct.com\/pt\/wp-json\/wp\/v2\/product\/1370","targetHints":{"allow":["GET"]}}],"collection":[{"href":"https:\/\/customacrylicproduct.com\/pt\/wp-json\/wp\/v2\/product"}],"about":[{"href":"https:\/\/customacrylicproduct.com\/pt\/wp-json\/wp\/v2\/types\/product"}],"wp:featuredmedia":[{"embeddable":true,"href":"https:\/\/customacrylicproduct.com\/pt\/wp-json\/wp\/v2\/media\/1371"}],"wp:attachment":[{"href":"https:\/\/customacrylicproduct.com\/pt\/wp-json\/wp\/v2\/media?parent=1370"}],"wp:term":[{"taxonomy":"product_brand","embeddable":true,"href":"https:\/\/customacrylicproduct.com\/pt\/wp-json\/wp\/v2\/product_brand?post=1370"},{"taxonomy":"product_cat","embeddable":true,"href":"https:\/\/customacrylicproduct.com\/pt\/wp-json\/wp\/v2\/product_cat?post=1370"},{"taxonomy":"product_tag","embeddable":true,"href":"https:\/\/customacrylicproduct.com\/pt\/wp-json\/wp\/v2\/product_tag?post=1370"}],"curies":[{"name":"wp","href":"https:\/\/api.w.org\/{rel}","templated":true}]}}