{"id":1387,"date":"2025-07-21T03:33:48","date_gmt":"2025-07-21T03:33:48","guid":{"rendered":"https:\/\/customacrylicproduct.com\/?post_type=product&#038;p=1387"},"modified":"2025-07-21T03:33:48","modified_gmt":"2025-07-21T03:33:48","slug":"acrylic-custom-trophy-awards-suppliers-for-souvenir-gifts","status":"publish","type":"product","link":"https:\/\/customacrylicproduct.com\/pt\/acrylic-custom-trophy-awards-suppliers-for-souvenir-gifts\/","title":{"rendered":"Trof\u00e9us personalizados em acr\u00edlico Fornecedores de pr\u00e9mios para lembran\u00e7as"},"content":{"rendered":"<h3 id=\"commemorate-success-the-ultimate-collection-of-custom-made-acrylic-trophies-and-awards\">Comemore o sucesso: A derradeira cole\u00e7\u00e3o de trof\u00e9us e pr\u00e9mios em acr\u00edlico feitos \u00e0 medida<\/h3>\n<p>Num mundo de reconhecimentos electr\u00f3nicos fugazes, o poder de uma homenagem tang\u00edvel e perfeitamente elaborada continua a ser inigual\u00e1vel. \u00c9 um testemunho f\u00edsico de trabalho \u00e1rduo, um \u00edcone duradouro de reconhecimento e uma caneta proeminente de um marco alcan\u00e7ado. Temos o prazer de apresentar a nossa cole\u00e7\u00e3o de topo de pr\u00e9mios e galard\u00f5es em acr\u00edlico personalizados - a excelente combina\u00e7\u00e3o de beleza moderna, acabamento not\u00e1vel e personaliza\u00e7\u00e3o \u00e0 medida. Desenvolvidos para empresas, empresas e pessoas que procuram honrar a excel\u00eancia de uma forma realmente inesquec\u00edvel, estes pr\u00e9mios transformam minutos de sucesso em tesouros eternos.<\/p>\n<p><img fetchpriority=\"high\" decoding=\"async\" class=\"size-full wp-image-1388\" src=\"https:\/\/customacrylicproduct.com\/wp-content\/uploads\/2025\/07\/Acrylic-Custom-Trophy-1.jpg\" alt=\"Trof\u00e9u personalizado em acr\u00edlico (1)\" width=\"800\" height=\"800\" srcset=\"https:\/\/customacrylicproduct.com\/wp-content\/uploads\/2025\/07\/Acrylic-Custom-Trophy-1.jpg 800w, https:\/\/customacrylicproduct.com\/wp-content\/uploads\/2025\/07\/Acrylic-Custom-Trophy-1-300x300.jpg 300w, https:\/\/customacrylicproduct.com\/wp-content\/uploads\/2025\/07\/Acrylic-Custom-Trophy-1-150x150.jpg 150w, https:\/\/customacrylicproduct.com\/wp-content\/uploads\/2025\/07\/Acrylic-Custom-Trophy-1-768x768.jpg 768w, https:\/\/customacrylicproduct.com\/wp-content\/uploads\/2025\/07\/Acrylic-Custom-Trophy-1-600x600.jpg 600w, https:\/\/customacrylicproduct.com\/wp-content\/uploads\/2025\/07\/Acrylic-Custom-Trophy-1-100x100.jpg 100w\" sizes=\"(max-width: 800px) 100vw, 800px\" \/><\/p>\n<p><strong>Qualidade superior sem paralelo: O apelo do pol\u00edmero cristalino\u00a0<\/strong>.<\/p>\n<p>A base de cada pr\u00e9mio extraordin\u00e1rio \u00e9 o material onde nasce. Os nossos pr\u00e9mios s\u00e3o fabricados com acr\u00edlico de primeira qualidade da mais alta qualidade poss\u00edvel, um produto escolhido pela sua abertura impec\u00e1vel e cristalina que se equipara ao melhor vidro \u00f3tico. Ao contr\u00e1rio do vidro convencional, o nosso acr\u00edlico oferece uma longevidade e resist\u00eancia \u00e0 ru\u00edna excepcionais, garantindo que o seu s\u00edmbolo de reconhecimento continua imaculado durante muitos anos.<\/p>\n<p>Cada placa tem um peso substancial e encorajador que partilha valor e relev\u00e2ncia no momento em que \u00e9 segurada. A verdadeira criatividade, no entanto, \u00e9 revelada na informa\u00e7\u00e3o. Como se pode ver nas imagens em grande plano, as faces s\u00e3o meticulosamente cortadas e polidas at\u00e9 \u00e0 excel\u00eancia. Fornecemos uma sele\u00e7\u00e3o de designs de faces, desde bis\u00e9is limpos e afiados a cortes elegantes e recortados que captam e refractam a luz com mestria, desenvolvendo uma visualiza\u00e7\u00e3o fant\u00e1stica de todos os \u00e2ngulos. Esta excelente superf\u00edcie melhora o trabalho art\u00edstico gravado ou publicado no interior, fazendo com que pare\u00e7a flutuar num bloco de luz pura e clara. A constru\u00e7\u00e3o suave e a superf\u00edcie brilhante dizem muito sobre a qualidade superior e o cuidado adquirido em cada uma das pe\u00e7as.<\/p>\n<p><img decoding=\"async\" class=\"size-full wp-image-1390\" src=\"https:\/\/customacrylicproduct.com\/wp-content\/uploads\/2025\/07\/Acrylic-Custom-Trophy-3.jpg\" alt=\"Trof\u00e9u personalizado em acr\u00edlico (3)\" width=\"800\" height=\"800\" srcset=\"https:\/\/customacrylicproduct.com\/wp-content\/uploads\/2025\/07\/Acrylic-Custom-Trophy-3.jpg 800w, https:\/\/customacrylicproduct.com\/wp-content\/uploads\/2025\/07\/Acrylic-Custom-Trophy-3-300x300.jpg 300w, https:\/\/customacrylicproduct.com\/wp-content\/uploads\/2025\/07\/Acrylic-Custom-Trophy-3-150x150.jpg 150w, https:\/\/customacrylicproduct.com\/wp-content\/uploads\/2025\/07\/Acrylic-Custom-Trophy-3-768x768.jpg 768w, https:\/\/customacrylicproduct.com\/wp-content\/uploads\/2025\/07\/Acrylic-Custom-Trophy-3-600x600.jpg 600w, https:\/\/customacrylicproduct.com\/wp-content\/uploads\/2025\/07\/Acrylic-Custom-Trophy-3-100x100.jpg 100w\" sizes=\"(max-width: 800px) 100vw, 800px\" \/><\/p>\n<p><strong>A arte da personaliza\u00e7\u00e3o \u00e0 medida: A sua vis\u00e3o, concretizada\u00a0<\/strong>.<\/p>\n<p>O poder de verdade da nossa cole\u00e7\u00e3o depende da sua capacidade infinita de personaliza\u00e7\u00e3o. Reconhecemos que cada conquista \u00e9 especial e que cada marca tem a sua pr\u00f3pria identidade. Por essa raz\u00e3o, oferecemos um vasto conjunto de op\u00e7\u00f5es de personaliza\u00e7\u00e3o para produzir um pr\u00e9mio que n\u00e3o \u00e9 apenas oferecido, mas que \u00e9 realmente representativo da ocasi\u00e3o e do destinat\u00e1rio.<\/p>\n<p><strong>1. T\u00e9cnicas avan\u00e7adas de impress\u00e3o e inscri\u00e7\u00e3o:\u00a0<\/strong>. Como demonstrado nos nossos variados exemplos, dominamos v\u00e1rios m\u00e9todos de excel\u00eancia para dar vida \u00e0 sua vis\u00e3o:.<\/p>\n<ul>\n<li><strong>Folha de alum\u00ednio dourada e prateada:\u00a0<\/strong>Para uma afirma\u00e7\u00e3o tradicional e extravagante, a nossa aplica\u00e7\u00e3o de folha de alum\u00ednio dourada e prateada \u00e9 inigual\u00e1vel. Este m\u00e9todo proporciona um brilho met\u00e1lico de prest\u00edgio ao texto e aos gr\u00e1ficos, produzindo uma compara\u00e7\u00e3o impressionante com fundos pretos, transparentes ou coloridos. \u00c9 a op\u00e7\u00e3o ideal para pr\u00e9mios de alto n\u00edvel para executivos, placas de \u201cFornecedor Franchisado\u201d e certificados de gratid\u00e3o onde se pretende um toque de magnific\u00eancia.<\/li>\n<li><strong>Impress\u00e3o din\u00e2mica a cores (\u5f69\u5370):\u00a0<\/strong>Liberte a sua criatividade com a nossa impress\u00e3o de sombras avan\u00e7ada. Isto permite a melhor duplica\u00e7\u00e3o de desenhos de log\u00f3tipos de empresas a cores, imagens de marca complexas, componentes fotogr\u00e1ficos e realces de estilo v\u00edvido. Quer se trate dos detalhes da tonalidade Pantone do nome da sua marca ou de um selo refinado e vibrante, esta alternativa proporciona total flexibilidade de design sem compromissos.<\/li>\n<li><strong>Inscri\u00e7\u00e3o de exatid\u00e3o:\u00a0<\/strong>Para um efeito requintado e inovador, a grava\u00e7\u00e3o a laser cria texto e imagens n\u00edtidos e foscos diretamente no acr\u00edlico, utilizando um acabamento sofisticado e reativo que resiste ao exame do tempo.<\/li>\n<\/ul>\n<p><strong>2. Material totalmente personalizado:\u00a0<\/strong>. Do \u201cCertificado de Aprecia\u00e7\u00e3o\u201d ao \u201cPr\u00e9mio Anual de Progresso da Equipa\u201d (\u5e74\u5ea6\u56e2\u961f\u8fdb\u6b65\u5956), cada palavra \u00e9 sua para comandar. Personalize as suas honras com:.<\/p>\n<ul>\n<li><strong>Nomes e t\u00edtulos dos benefici\u00e1rios\u00a0<\/strong>.<\/li>\n<li><strong>Nome do neg\u00f3cio ou da empresa\u00a0<\/strong>(por exemplo, \u6df1\u5733\u4e1c\u539f\u7535\u5b50\u6709\u9650\u516c\u53f8 - Shenzhen Dongyuan Electronics Co., Ltd.).<\/li>\n<li><strong>Etiquetas de honra especiais\u00a0<\/strong>.<\/li>\n<li><strong>Datas e dedicat\u00f3rias\u00a0<\/strong>.<\/li>\n<li><strong>Cita\u00e7\u00f5es ou mensagens motivacionais\u00a0<\/strong>.<\/li>\n<li><strong>Slogans ou declara\u00e7\u00f5es de miss\u00e3o da empresa\u00a0<\/strong>.<\/li>\n<\/ul>\n<p><strong>3. Diversos estilos e formatos de apresenta\u00e7\u00e3o:\u00a0<\/strong>. A nossa galeria apresenta uma grande variedade de desenhos que se adaptam a qualquer tipo de visual:.<\/p>\n<ul>\n<li><strong>Placas verticais padr\u00e3o:\u00a0<\/strong>Ideais para um sucesso espec\u00edfico, estes pr\u00e9mios s\u00e3o altos e orgulhosos, incluindo frequentemente bordos luxuriantes e cl\u00e1ssicos e tipos de letra serifados elegantes.<\/li>\n<li><strong>Pr\u00e9mios horizontais modernos:\u00a0<\/strong>Perfeitas para mostrar o sucesso de uma marca, como \u201cMarca preferida do consumidor\u201d (\u6d88\u8d39\u8005\u559c\u7231\u54c1\u724c), estas oferecem uma tela mais ampla para o design de textos e log\u00f3tipos.<\/li>\n<li><strong>Quadros de certifica\u00e7\u00e3o minimalistas:\u00a0<\/strong>Para um aspeto limpo e contempor\u00e2neo, as nossas estruturas acr\u00edlicas simples possuem um certificado publicado, misturando-se perfeitamente em qualquer tipo de ambiente de trabalho moderno.<\/li>\n<li><strong>Formas e bases distintas:\u00a0<\/strong>Fornecemos uma gama de bases em acr\u00edlico s\u00f3lido e podemos mesmo trabalhar consigo para desenvolver formas personalizadas que espelhem a sua marca ou o tema do seu evento.<\/li>\n<\/ul>\n<p><strong>Versatilidade para cada evento e sector\u00a0<\/strong>.<\/p>\n<p>As nossas distin\u00e7\u00f5es acr\u00edlicas personalizadas s\u00e3o a sele\u00e7\u00e3o definitiva para um espetro substancial de objectivos de reconhecimento:.<\/p>\n<ul>\n<li><strong>Reconhecimento da empresa:\u00a0<\/strong>Celebre a qualidade na sua organiza\u00e7\u00e3o. Perfeito para o Empregado do M\u00eas, Vendedor do Ano, Homenagens da Dire\u00e7\u00e3o, Presentes de Reforma e para assinalar Anos de Servi\u00e7o substanciais.<\/li>\n<li><strong>Marcos da organiza\u00e7\u00e3o e dos parceiros:\u00a0<\/strong>Fortale\u00e7a as parcerias especializadas com placas de alta qualidade para a posi\u00e7\u00e3o de \u201cRevendedor Autorizado\u201d ou \u201cFornecedor Franqueado\u201d (\u7279\u7ea6\u7ecf\u9500\u5546), Anivers\u00e1rios de Parceria e honras de Melhor Fornecedor.<\/li>\n<li><strong>Pr\u00e9mios de mercado e de marca:\u00a0<\/strong>Fa\u00e7a uma declara\u00e7\u00e3o p\u00fablica do seu sucesso com pr\u00e9mios sensacionais para concorrentes do mercado, lan\u00e7amentos de produtos e distin\u00e7\u00f5es de qualidade da marca.<\/li>\n<li><strong>Realiza\u00e7\u00f5es acad\u00e9micas e educativas:\u00a0<\/strong>Celebre o sucesso acad\u00e9mico, homenageie professores conceituados ou d\u00ea \u201cCertificados de Conclus\u00e3o\u201d inovadores para programas de forma\u00e7\u00e3o e workshops.<\/li>\n<li><strong>Trabalho social e sem fins lucrativos:\u00a0<\/strong>Identifique as contribui\u00e7\u00f5es indispens\u00e1veis de doadores, patrocinadores e volunt\u00e1rios com uma bela lembran\u00e7a que demonstra o quanto os seus esfor\u00e7os s\u00e3o valorizados.<\/li>\n<li><strong>Lembran\u00e7as e presentes pessoais:\u00a0<\/strong>Produzir um presente \u00fanico para um marco pessoal, uma conquista desportiva, ou apenas como um s\u00edmbolo individualizado e com classe para um ente querido.<\/li>\n<\/ul>\n<p><img decoding=\"async\" class=\"size-full wp-image-1391\" src=\"https:\/\/customacrylicproduct.com\/wp-content\/uploads\/2025\/07\/Acrylic-Custom-Trophy-4.jpg\" alt=\"Trof\u00e9u personalizado em acr\u00edlico (4)\" width=\"800\" height=\"800\" srcset=\"https:\/\/customacrylicproduct.com\/wp-content\/uploads\/2025\/07\/Acrylic-Custom-Trophy-4.jpg 800w, https:\/\/customacrylicproduct.com\/wp-content\/uploads\/2025\/07\/Acrylic-Custom-Trophy-4-300x300.jpg 300w, https:\/\/customacrylicproduct.com\/wp-content\/uploads\/2025\/07\/Acrylic-Custom-Trophy-4-150x150.jpg 150w, https:\/\/customacrylicproduct.com\/wp-content\/uploads\/2025\/07\/Acrylic-Custom-Trophy-4-768x768.jpg 768w, https:\/\/customacrylicproduct.com\/wp-content\/uploads\/2025\/07\/Acrylic-Custom-Trophy-4-600x600.jpg 600w, https:\/\/customacrylicproduct.com\/wp-content\/uploads\/2025\/07\/Acrylic-Custom-Trophy-4-100x100.jpg 100w\" sizes=\"(max-width: 800px) 100vw, 800px\" \/><\/p>\n<p><strong>Uma declara\u00e7\u00e3o de valor duradoura\u00a0<\/strong>.<\/p>\n<p>No final, uma homenagem \u00e9 mais do que um simples objeto; \u00e9 uma poderosa ferramenta de comunica\u00e7\u00e3o. Fornecer um trof\u00e9u em acr\u00edlico de alta qualidade e personalizado diz ao destinat\u00e1rio que o seu pagamento \u00e9 significativo, que os seus esfor\u00e7os s\u00e3o vistos e que o seu sucesso \u00e9 valorizado ao mais alto n\u00edvel. \u00c9 um motivador concreto que ser\u00e1 certamente exibido com prazer numa secret\u00e1ria, numa prateleira ou numa vitrina, actuando como uma sugest\u00e3o cont\u00ednua de realiza\u00e7\u00e3o e um recurso de motiva\u00e7\u00e3o para os outros.<\/p>\n<p>Escolha honrar o sucesso com distin\u00e7\u00e3o. Trabalhe connosco para criar e desenvolver uma obra-prima em acr\u00edlico \u00e0 medida que capte na perfei\u00e7\u00e3o o esp\u00edrito da conquista e o prest\u00edgio da sua marca. Deixe-nos ajud\u00e1-lo a imortalizar a qualidade.<\/p>","protected":false},"excerpt":{"rendered":"<p class=\"ng-star-inserted\"><span class=\"ng-star-inserted\">Crie elegantes trof\u00e9us e pr\u00e9mios em acr\u00edlico personalizados para qualquer ocasi\u00e3o. Personalize estas placas cristalinas com o seu log\u00f3tipo e texto. S\u00e3o perfeitas para presentes de empresas, lembran\u00e7as e eventos de reconhecimento. Est\u00e3o dispon\u00edveis v\u00e1rias formas e estilos de impress\u00e3o de qualidade superior, como a folha de ouro.<\/span><\/p>","protected":false},"featured_media":1388,"template":"","meta":{"_kad_post_transparent":"default","_kad_post_title":"","_kad_post_layout":"default","_kad_post_sidebar_id":"","_kad_post_content_style":"default","_kad_post_vertical_padding":"default","_kad_post_feature":"","_kad_post_feature_position":"","_kad_post_header":false,"_kad_post_footer":false,"_kad_post_classname":""},"product_brand":[],"product_cat":[19],"product_tag":[145],"class_list":{"0":"post-1387","1":"product","2":"type-product","3":"status-publish","4":"has-post-thumbnail","6":"product_cat-custom-acrylic-trophies-awards","7":"product_tag-acrylic-custom-trophy","9":"first","10":"instock","11":"shipping-taxable","12":"product-type-simple","13":"entry","14":"content-bg","15":"loop-entry"},"_links":{"self":[{"href":"https:\/\/customacrylicproduct.com\/pt\/wp-json\/wp\/v2\/product\/1387","targetHints":{"allow":["GET"]}}],"collection":[{"href":"https:\/\/customacrylicproduct.com\/pt\/wp-json\/wp\/v2\/product"}],"about":[{"href":"https:\/\/customacrylicproduct.com\/pt\/wp-json\/wp\/v2\/types\/product"}],"wp:featuredmedia":[{"embeddable":true,"href":"https:\/\/customacrylicproduct.com\/pt\/wp-json\/wp\/v2\/media\/1388"}],"wp:attachment":[{"href":"https:\/\/customacrylicproduct.com\/pt\/wp-json\/wp\/v2\/media?parent=1387"}],"wp:term":[{"taxonomy":"product_brand","embeddable":true,"href":"https:\/\/customacrylicproduct.com\/pt\/wp-json\/wp\/v2\/product_brand?post=1387"},{"taxonomy":"product_cat","embeddable":true,"href":"https:\/\/customacrylicproduct.com\/pt\/wp-json\/wp\/v2\/product_cat?post=1387"},{"taxonomy":"product_tag","embeddable":true,"href":"https:\/\/customacrylicproduct.com\/pt\/wp-json\/wp\/v2\/product_tag?post=1387"}],"curies":[{"name":"wp","href":"https:\/\/api.w.org\/{rel}","templated":true}]}}