{"id":1403,"date":"2025-07-21T04:14:24","date_gmt":"2025-07-21T04:14:24","guid":{"rendered":"https:\/\/customacrylicproduct.com\/?post_type=product&#038;p=1403"},"modified":"2025-07-21T04:14:24","modified_gmt":"2025-07-21T04:14:24","slug":"gift-box-clear-acrylic-flower-bag-portable-flower-basket","status":"publish","type":"product","link":"https:\/\/customacrylicproduct.com\/pt\/gift-box-clear-acrylic-flower-bag-portable-flower-basket\/","title":{"rendered":"Caixa de oferta Saco de flores em acr\u00edlico transparente Cesto de flores port\u00e1til"},"content":{"rendered":"<h3 id=\"sophistication-redefined-the-ultimate-clear-polymer-flower-present-box-a-modern-declaration-of-elegance\">Sofistica\u00e7\u00e3o redefinida: A derradeira caixa de flores e presentes em pol\u00edmero transparente - Uma declara\u00e7\u00e3o moderna de eleg\u00e2ncia<\/h3>\n<p>Num mundo repleto de tend\u00eancias fugazes e embalagens n\u00e3o reutiliz\u00e1veis, surge um objeto de apelo intemporal e fun\u00e7\u00e3o duradoura: o cesto de flores e caixa de oferta em pol\u00edmero transparente. N\u00e3o se trata apenas de um recipiente; \u00e9 uma fase cristalina, uma tela m\u00ednima feita para elevar a arte de presentear, o estilo floral e o estilo individual numa experi\u00eancia inesquec\u00edvel. N\u00e3o se lembre dos inv\u00f3lucros de papel convencionais que obscurecem a beleza e dos cestos de vime que pertencem a uma \u00e9poca passada. Entre num novo mundo de luxo moderno onde o seu presente n\u00e3o \u00e9 apenas fornecido, mas maravilhosamente exibido.<\/p>\n<p>Fabricado a partir de custos, acr\u00edlico de alta qualidade, este cesto m\u00f3vel reimagina o que implica fornecer e receber. A sua abertura impec\u00e1vel e as suas linhas geom\u00e9tricas e arrumadas produzem um impacto visual sensacional, permitindo que os materiais no seu interior - seja um arranjo din\u00e2mico de pe\u00f3nias frescas, uma cole\u00e7\u00e3o de artigos de luxo ou os seus pr\u00f3prios artigos b\u00e1sicos da moda - sejam o centro das aten\u00e7\u00f5es. Este \u00e9 um item de design avan\u00e7ado que fala quantidades, transmitindo considera\u00e7\u00e3o, imagina\u00e7\u00e3o e um olho not\u00e1vel para a est\u00e9tica moderna.<\/p>\n<p><img fetchpriority=\"high\" decoding=\"async\" class=\"size-full wp-image-1406\" src=\"https:\/\/customacrylicproduct.com\/wp-content\/uploads\/2025\/07\/Acrylic-Flower-Bag-3.jpg\" alt=\"Saco de flores em acr\u00edlico (3)\" width=\"800\" height=\"800\" srcset=\"https:\/\/customacrylicproduct.com\/wp-content\/uploads\/2025\/07\/Acrylic-Flower-Bag-3.jpg 800w, https:\/\/customacrylicproduct.com\/wp-content\/uploads\/2025\/07\/Acrylic-Flower-Bag-3-300x300.jpg 300w, https:\/\/customacrylicproduct.com\/wp-content\/uploads\/2025\/07\/Acrylic-Flower-Bag-3-150x150.jpg 150w, https:\/\/customacrylicproduct.com\/wp-content\/uploads\/2025\/07\/Acrylic-Flower-Bag-3-768x768.jpg 768w, https:\/\/customacrylicproduct.com\/wp-content\/uploads\/2025\/07\/Acrylic-Flower-Bag-3-600x600.jpg 600w, https:\/\/customacrylicproduct.com\/wp-content\/uploads\/2025\/07\/Acrylic-Flower-Bag-3-100x100.jpg 100w\" sizes=\"(max-width: 800px) 100vw, 800px\" \/><\/p>\n<p><strong>Uma harmonia de tipos e carater\u00edsticas<\/strong><\/p>\n<p>Na sua ess\u00eancia, este objeto \u00e9 uma aula magistral de design minimalista. Criado a partir de acr\u00edlico espesso e dur\u00e1vel, apresenta a clareza imaculada do vidro sem a sua fragilidade e peso. O produto \u00e9 resistente a estilha\u00e7os, leve e de manuten\u00e7\u00e3o incrivelmente simples, garantindo que o seu fant\u00e1stico brilho dura muitos anos. A constru\u00e7\u00e3o sem costuras e as bordas elegantes mostram a luz maravilhosamente, desenvolvendo uma qualidade superior semelhante \u00e0 de uma galeria que real\u00e7a cada pequena coisa que cont\u00e9m. Quer selecione o tipo flex\u00edvel em forma de ret\u00e2ngulo ou os dados pequenos e elegantes, est\u00e1 a investir numa pe\u00e7a de arte funcional.<\/p>\n<p>Para se adaptar a diversos gostos e eventos, esta bela caixa \u00e9 oferecida com 2 op\u00e7\u00f5es de pega distintas, cada uma com uma personalidade \u00fanica:.<\/p>\n<ol>\n<li><strong>A pega moderna e minimalista:\u00a0<\/strong>Para aqueles que apreciam uma disposi\u00e7\u00e3o suave e integrada, a pega em acr\u00edlico resistente \u00e9 a op\u00e7\u00e3o ideal. Flui perfeitamente a partir do corpo do cesto, ligada a rebites met\u00e1licos refinados e de alta qualidade que incluem um toque de eleg\u00e2ncia comercial. Esta varia\u00e7\u00e3o \u00e9 a personifica\u00e7\u00e3o de um estilo discreto - forte, limpo e facilmente contempor\u00e2neo. \u00c9 uma op\u00e7\u00e3o vers\u00e1til e neutra em termos de g\u00e9nero, ideal para ofertas de empresas, design sofisticado de casas e arranjos florais contempor\u00e2neos.<\/li>\n<li><strong>O Toque de Luxo Pearl Take Care Of:\u00a0<\/strong>Elevando o item de um recipiente deslumbrante para um acess\u00f3rio de moda de declara\u00e7\u00e3o, o man\u00edpulo de p\u00e9rolas amov\u00edvel \u00e9 a defini\u00e7\u00e3o de beleza cl\u00e1ssica. Um gracioso arco de p\u00e9rolas falsas brilhantes e de grandes dimens\u00f5es est\u00e1 ligado por requintados fechos dourados, permitindo que seja facilmente colocado ou retirado. Este cuidado transforma a caixa de acr\u00edlico num saco elegante, que vira a cabe\u00e7a, evocando artigos de alta costura. \u00c9 a sele\u00e7\u00e3o perfeita para casamentos, duches de casamento, celebra\u00e7\u00f5es de anivers\u00e1rios marcantes, ou para o indiv\u00edduo que gosta de misturar amor intemporal com design contempor\u00e2neo.<\/li>\n<\/ol>\n<p><img decoding=\"async\" class=\"size-full wp-image-1404\" src=\"https:\/\/customacrylicproduct.com\/wp-content\/uploads\/2025\/07\/Acrylic-Flower-Bag-1.jpg\" alt=\"Saco acr\u00edlico para flores (1)\" width=\"800\" height=\"800\" srcset=\"https:\/\/customacrylicproduct.com\/wp-content\/uploads\/2025\/07\/Acrylic-Flower-Bag-1.jpg 800w, https:\/\/customacrylicproduct.com\/wp-content\/uploads\/2025\/07\/Acrylic-Flower-Bag-1-300x300.jpg 300w, https:\/\/customacrylicproduct.com\/wp-content\/uploads\/2025\/07\/Acrylic-Flower-Bag-1-150x150.jpg 150w, https:\/\/customacrylicproduct.com\/wp-content\/uploads\/2025\/07\/Acrylic-Flower-Bag-1-768x768.jpg 768w, https:\/\/customacrylicproduct.com\/wp-content\/uploads\/2025\/07\/Acrylic-Flower-Bag-1-600x600.jpg 600w, https:\/\/customacrylicproduct.com\/wp-content\/uploads\/2025\/07\/Acrylic-Flower-Bag-1-100x100.jpg 100w\" sizes=\"(max-width: 800px) 100vw, 800px\" \/><\/p>\n<p><strong>Soltar a imagina\u00e7\u00e3o sem limites: Uma multiplicidade de utiliza\u00e7\u00f5es<\/strong><\/p>\n<p>A verdadeira genialidade do Clear Polymer Blossom Basket reside na sua impressionante capacidade de adapta\u00e7\u00e3o. A sua fun\u00e7\u00e3o \u00e9 limitada apenas pela sua criatividade.<\/p>\n<p><strong>Para a designer floral sonhadora e amante de bricolage:\u00a0<\/strong>. Este \u00e9 o melhor recipiente para a criatividade floral dos tempos modernos. O design \u00e0 prova de \u00e1gua permite-lhe utilizar espuma floral para arranjos de flores frescas, produzindo uma ilus\u00e3o encantadora de flores a flutuar numa caixa de cristal. As paredes transparentes desafiam-no a pensar em toda a composi\u00e7\u00e3o, desde as ideias das flores at\u00e9 aos caules habilmente preparados. \u00c9 ideal para mostrar flores \u00fanicas e not\u00e1veis, como uma orqu\u00eddea ou uma hort\u00eansia, ou para um luxuoso arranjo ao estilo de um jardim. Para uma prenda duradoura, encha-a com rosas preservadas ou eternas, criando uma recorda\u00e7\u00e3o sensacional que tamb\u00e9m pode ser usada como decora\u00e7\u00e3o de casa a longo prazo.<\/p>\n<p><strong>Para quem sabe dar prendas:\u00a0<\/strong>. Aumente a sua oferta de presentes para um tipo de arte. Esta caixa de acr\u00edlico \u00e9 uma das embalagens de presentes mais extravagantes que se pode imaginar, tornando-se um componente essencial e recicl\u00e1vel do pr\u00f3prio aqui e agora.<\/p>\n<ul>\n<li><strong>Charme e cuidados com a pele:\u00a0<\/strong>Crie um acess\u00f3rio personalizado com s\u00e9runs, perfumes e cosm\u00e9ticos de alta qualidade.<\/li>\n<li><strong>Emo\u00e7\u00f5es requintadas:\u00a0<\/strong>Providencie chocolates artesanais, macarons, uma bebida espirituosa de pequena produ\u00e7\u00e3o ou uma garrafa de champanhe de qualidade.<\/li>\n<li><strong>Pedidos de casamento das damas de honor e dos padrinhos:\u00a0<\/strong>Encha-o com uma mini garrafa de prosecco, um roup\u00e3o de seda, j\u00f3ias preciosas feitas \u00e0 medida ou um kit de cuidados pessoais. A embalagem em si \u00e9 um agradecimento que eles certamente valorizar\u00e3o.<\/li>\n<li><strong>Chuveiros para beb\u00e9s:\u00a0<\/strong>Botas ador\u00e1veis, um chocalho de prata e artigos de tratamento para beb\u00e9s num pacote que os novos pais podem utilizar mais tarde para fazer companhia ao quarto do beb\u00e9.<\/li>\n<\/ul>\n<p><strong>Para a pessoa que gosta de moda:\u00a0<\/strong>. Com o cuidado da p\u00e9rola anexado, esta \u00e9 mais do que uma caixa - \u00e9 uma bolsa. Um acess\u00f3rio para iniciar uma conversa, perfeito para casamentos, eventos no jardim, inaugura\u00e7\u00f5es de galerias ou um pequeno-almo\u00e7o elegante. A sua natureza transparente convida a um ecr\u00e3 de exibi\u00e7\u00e3o com curadoria dos seus itens essenciais: um batom de designer, um porta-cart\u00f5es elegante, o seu telefone e segredos. \u00c9 uma pe\u00e7a de declara\u00e7\u00e3o vibrante que \u00e9 ao mesmo tempo viva e excecionalmente sofisticada.<\/p>\n<p><strong>Para os amantes do design requintado da casa:\u00a0<\/strong>. Muito depois de as flores se terem desvanecido ou de o presente ter sido desembrulhado, esta caixa de acr\u00edlico continua a servir com estilo.<\/p>\n<ul>\n<li><strong>Organizador de toucador:\u00a0<\/strong>Transforme a sua mesa de roupa num balc\u00e3o de luxo, utilizando-a para guardar pinc\u00e9is de maquilhagem, combina\u00e7\u00f5es ou colec\u00e7\u00f5es de verniz para unhas.<\/li>\n<li><strong>Caddy para secret\u00e1ria:\u00a0<\/strong>D\u00ea ordem e sofistica\u00e7\u00e3o ao seu espa\u00e7o de trabalho, organizando as suas melhores canetas, artigos de papelaria e materiais de trabalho.<\/li>\n<li><strong>Centro de mesa:\u00a0<\/strong>Utilize-o numa mesa de caf\u00e9 ou de jantar como um vaso de longa dura\u00e7\u00e3o ou como propriet\u00e1rio de artigos ornamentais, ornamentos sazonais ou velas (em vidro protetor).<\/li>\n<li><strong>Caixa de mem\u00f3rias:\u00a0<\/strong>Mostre recorda\u00e7\u00f5es, imagens ou lembran\u00e7as de viagem valiosas num expositor elegante e sem p\u00f3.<\/li>\n<\/ul>\n<p><img decoding=\"async\" class=\"size-full wp-image-1405\" src=\"https:\/\/customacrylicproduct.com\/wp-content\/uploads\/2025\/07\/Acrylic-Flower-Bag-2.jpg\" alt=\"Saco acr\u00edlico para flores (2)\" width=\"800\" height=\"800\" srcset=\"https:\/\/customacrylicproduct.com\/wp-content\/uploads\/2025\/07\/Acrylic-Flower-Bag-2.jpg 800w, https:\/\/customacrylicproduct.com\/wp-content\/uploads\/2025\/07\/Acrylic-Flower-Bag-2-300x300.jpg 300w, https:\/\/customacrylicproduct.com\/wp-content\/uploads\/2025\/07\/Acrylic-Flower-Bag-2-150x150.jpg 150w, https:\/\/customacrylicproduct.com\/wp-content\/uploads\/2025\/07\/Acrylic-Flower-Bag-2-768x768.jpg 768w, https:\/\/customacrylicproduct.com\/wp-content\/uploads\/2025\/07\/Acrylic-Flower-Bag-2-600x600.jpg 600w, https:\/\/customacrylicproduct.com\/wp-content\/uploads\/2025\/07\/Acrylic-Flower-Bag-2-100x100.jpg 100w\" sizes=\"(max-width: 800px) 100vw, 800px\" \/><\/p>\n<p><strong>A prenda que n\u00e3o p\u00e1ra de dar<\/strong><\/p>\n<p>Selecionar a Caixa para Flores e Prendas em Acr\u00edlico Transparente \u00e9 uma declara\u00e7\u00e3o de sustentabilidade e considera\u00e7\u00e3o. Ao contr\u00e1rio do papel e do cart\u00e3o que s\u00e3o rapidamente eliminados, este \u00e9 um artigo para sempre, desenvolvido para ser reutilizado e apreciado durante toda a vida. Reduz o desperd\u00edcio ao mesmo tempo que acrescenta uma pe\u00e7a de beleza duradoura \u00e0 casa ou ao guarda-roupa de algu\u00e9m.<\/p>\n<p>\u00c9 o melhor presente para cada evento: Dia dos Namorados, Dia da M\u00e3e, anivers\u00e1rios de casamento, anivers\u00e1rios, eventos de casamento, inaugura\u00e7\u00f5es de casas, ou simplesmente como um movimento \u201cs\u00f3 porque sim\u201d para revelar a algu\u00e9m o quanto essa pessoa significa para si. Transforma um arranjo f\u00e1cil numa presta\u00e7\u00e3o impressionante e um presente atencioso num tesouro selecionado.<\/p>\n<p>Abrace a clareza do estilo contempor\u00e2neo. Eleve as suas mo\u00e7\u00f5es de amor, evento e estilo. Selecione o Clear Acrylic Blossom Basket &amp; Gift Box e ofere\u00e7a um presente que seja t\u00e3o deslumbrante, vers\u00e1til e claro como as suas inten\u00e7\u00f5es.<\/p>","protected":false},"excerpt":{"rendered":"<p class=\"ng-star-inserted\"><span class=\"ng-star-inserted\">Eleve a sua oferta de presentes com o nosso elegante cesto de flores em acr\u00edlico. Esta caixa transparente e port\u00e1til, com uma elegante pega em p\u00e9rola ou acr\u00edlico, exibe lindamente arranjos florais, cosm\u00e9ticos ou conjuntos de presentes selecionados. Uma apresenta\u00e7\u00e3o moderna e inesquec\u00edvel para qualquer ocasi\u00e3o.<\/span><\/p>","protected":false},"featured_media":1404,"template":"","meta":{"_kad_post_transparent":"default","_kad_post_title":"","_kad_post_layout":"default","_kad_post_sidebar_id":"","_kad_post_content_style":"default","_kad_post_vertical_padding":"default","_kad_post_feature":"","_kad_post_feature_position":"","_kad_post_header":false,"_kad_post_footer":false,"_kad_post_classname":""},"product_brand":[],"product_cat":[17],"product_tag":[45],"class_list":{"0":"post-1403","1":"product","2":"type-product","3":"status-publish","4":"has-post-thumbnail","6":"product_cat-custom-acrylic-boxes","7":"product_tag-customized-acrylic-boxes","9":"first","10":"instock","11":"shipping-taxable","12":"product-type-simple","13":"entry","14":"content-bg","15":"loop-entry"},"_links":{"self":[{"href":"https:\/\/customacrylicproduct.com\/pt\/wp-json\/wp\/v2\/product\/1403","targetHints":{"allow":["GET"]}}],"collection":[{"href":"https:\/\/customacrylicproduct.com\/pt\/wp-json\/wp\/v2\/product"}],"about":[{"href":"https:\/\/customacrylicproduct.com\/pt\/wp-json\/wp\/v2\/types\/product"}],"wp:featuredmedia":[{"embeddable":true,"href":"https:\/\/customacrylicproduct.com\/pt\/wp-json\/wp\/v2\/media\/1404"}],"wp:attachment":[{"href":"https:\/\/customacrylicproduct.com\/pt\/wp-json\/wp\/v2\/media?parent=1403"}],"wp:term":[{"taxonomy":"product_brand","embeddable":true,"href":"https:\/\/customacrylicproduct.com\/pt\/wp-json\/wp\/v2\/product_brand?post=1403"},{"taxonomy":"product_cat","embeddable":true,"href":"https:\/\/customacrylicproduct.com\/pt\/wp-json\/wp\/v2\/product_cat?post=1403"},{"taxonomy":"product_tag","embeddable":true,"href":"https:\/\/customacrylicproduct.com\/pt\/wp-json\/wp\/v2\/product_tag?post=1403"}],"curies":[{"name":"wp","href":"https:\/\/api.w.org\/{rel}","templated":true}]}}