{"id":1421,"date":"2025-07-21T06:58:40","date_gmt":"2025-07-21T06:58:40","guid":{"rendered":"https:\/\/customacrylicproduct.com\/?post_type=product&#038;p=1421"},"modified":"2025-07-21T06:58:41","modified_gmt":"2025-07-21T06:58:41","slug":"custom-acrylic-trophy-employee-inspirational-acrylic-sign-prizes","status":"publish","type":"product","link":"https:\/\/customacrylicproduct.com\/pt\/custom-acrylic-trophy-employee-inspirational-acrylic-sign-prizes\/","title":{"rendered":"Trof\u00e9u acr\u00edlico personalizado para funcion\u00e1rios Sinal acr\u00edlico inspirador Pr\u00e9mios"},"content":{"rendered":"<h3 id=\"-commemorate-excellence-the-ultimate-collection-of-custom-polymer-trophies-inspirational-awards-\"><strong>Comemorar a excel\u00eancia: A derradeira cole\u00e7\u00e3o de trof\u00e9us de pol\u00edmero personalizados e pr\u00e9mios inspiradores<\/strong><\/h3>\n<p>No panorama do trabalho atual, a moeda mais eficaz n\u00e3o \u00e9 apenas a remunera\u00e7\u00e3o - \u00e9 o reconhecimento. Reconhecer o esfor\u00e7o, a dedica\u00e7\u00e3o e o sucesso excecional do seu empregado \u00e9 a base de uma for\u00e7a de trabalho favor\u00e1vel, motivada e fiel. Mas como partilhar este apre\u00e7o de uma forma objetiva e duradoura, algo que transcenda um simples e-mail ou uma refer\u00eancia fugaz numa reuni\u00e3o?<\/p>\n<p>Apresentamos a nossa primeira cole\u00e7\u00e3o de\u00a0<strong>Trof\u00e9us acr\u00edlicos personalizados e pr\u00e9mios inspiradores para funcion\u00e1rios\u00a0<\/strong>- um servi\u00e7o avan\u00e7ado, moderno e sincero, desenvolvido para honrar as verdadeiras estrelas da sua organiza\u00e7\u00e3o. Afaste-se dos pr\u00e9mios datados e pesados e d\u00ea as boas-vindas ao brilho sofisticado e cristalino do acr\u00edlico. Estas homenagens s\u00e3o mais do que simples pr\u00e9mios; s\u00e3o lembran\u00e7as maravilhosamente elaboradas que servem como uma dica di\u00e1ria do valor de uma pessoa, um testemunho dos seus pagamentos e um \u00edcone eficaz de uma sociedade empresarial que celebra os seus indiv\u00edduos.<\/p>\n<p><img fetchpriority=\"high\" decoding=\"async\" class=\"wp-image-1425 size-large aligncenter\" src=\"https:\/\/customacrylicproduct.com\/wp-content\/uploads\/2025\/07\/Custom-Acrylic-Trophy-4-1024x1024.jpg\" alt=\"Trof\u00e9u acr\u00edlico personalizado (4)\" width=\"1024\" height=\"1024\" srcset=\"https:\/\/customacrylicproduct.com\/wp-content\/uploads\/2025\/07\/Custom-Acrylic-Trophy-4-1024x1024.jpg 1024w, https:\/\/customacrylicproduct.com\/wp-content\/uploads\/2025\/07\/Custom-Acrylic-Trophy-4-300x300.jpg 300w, https:\/\/customacrylicproduct.com\/wp-content\/uploads\/2025\/07\/Custom-Acrylic-Trophy-4-150x150.jpg 150w, https:\/\/customacrylicproduct.com\/wp-content\/uploads\/2025\/07\/Custom-Acrylic-Trophy-4-768x768.jpg 768w, https:\/\/customacrylicproduct.com\/wp-content\/uploads\/2025\/07\/Custom-Acrylic-Trophy-4-600x600.jpg 600w, https:\/\/customacrylicproduct.com\/wp-content\/uploads\/2025\/07\/Custom-Acrylic-Trophy-4-100x100.jpg 100w, https:\/\/customacrylicproduct.com\/wp-content\/uploads\/2025\/07\/Custom-Acrylic-Trophy-4.jpg 1500w\" sizes=\"(max-width: 1024px) 100vw, 1024px\" \/><\/p>\n<h4 id=\"-unequaled-quality-unforgettable-visibility-\"><strong>Qualidade inigual\u00e1vel, visibilidade inesquec\u00edvel<\/strong><\/h4>\n<p>Cada honra da nossa cole\u00e7\u00e3o come\u00e7a com uma pe\u00e7a de acr\u00edlico de \u00faltima gera\u00e7\u00e3o, escolhida pela sua not\u00e1vel qualidade e resist\u00eancia. Este material proporciona a eleg\u00e2ncia espetacular e refractora de luz do vidro de cristal, mas com vantagens excepcionais e contempor\u00e2neas. \u00c9 resistente a estilha\u00e7os, leve e n\u00e3o amarelece com o tempo, assegurando que o seu gesto de admira\u00e7\u00e3o se mant\u00e9m excelente durante muitos anos.<\/p>\n<p>Cada pe\u00e7a \u00e9 cortada com precis\u00e3o e os seus lados s\u00e3o polidos com diamante para obter uma superf\u00edcie lisa e luminosa, desenvolvendo um aspeto impec\u00e1vel de todos os \u00e2ngulos. As mensagens motivacionais e os pormenores personalizados s\u00e3o aplicados utilizando tecnologias avan\u00e7adas de grava\u00e7\u00e3o a laser e de impress\u00e3o de alta resolu\u00e7\u00e3o. Este procedimento permite obter mensagens incrivelmente n\u00edtidas e vivas e gr\u00e1ficos v\u00edvidos que s\u00e3o permanentemente aderidos ao acr\u00edlico, assegurando que nunca se desvanecer\u00e3o, descolar\u00e3o ou se desgastar\u00e3o. Suportado por uma base de acr\u00edlico forte e perfeitamente equilibrada, cada trof\u00e9u mant\u00e9m-se est\u00e1vel e gracioso, o que o torna um complemento de honra para qualquer tipo de secret\u00e1ria, prateleira ou vitrina.<\/p>\n<p><img decoding=\"async\" class=\"wp-image-1424 size-large aligncenter\" src=\"https:\/\/customacrylicproduct.com\/wp-content\/uploads\/2025\/07\/Custom-Acrylic-Trophy-3-1-1024x1024.jpg\" alt=\"Trof\u00e9u acr\u00edlico personalizado (3)\" width=\"1024\" height=\"1024\" srcset=\"https:\/\/customacrylicproduct.com\/wp-content\/uploads\/2025\/07\/Custom-Acrylic-Trophy-3-1-1024x1024.jpg 1024w, https:\/\/customacrylicproduct.com\/wp-content\/uploads\/2025\/07\/Custom-Acrylic-Trophy-3-1-300x300.jpg 300w, https:\/\/customacrylicproduct.com\/wp-content\/uploads\/2025\/07\/Custom-Acrylic-Trophy-3-1-150x150.jpg 150w, https:\/\/customacrylicproduct.com\/wp-content\/uploads\/2025\/07\/Custom-Acrylic-Trophy-3-1-768x768.jpg 768w, https:\/\/customacrylicproduct.com\/wp-content\/uploads\/2025\/07\/Custom-Acrylic-Trophy-3-1-600x600.jpg 600w, https:\/\/customacrylicproduct.com\/wp-content\/uploads\/2025\/07\/Custom-Acrylic-Trophy-3-1-100x100.jpg 100w, https:\/\/customacrylicproduct.com\/wp-content\/uploads\/2025\/07\/Custom-Acrylic-Trophy-3-1.jpg 1500w\" sizes=\"(max-width: 1024px) 100vw, 1024px\" \/><\/p>\n<h4 id=\"-a-design-for-each-achievement-a-design-for-every-celebrity-\"><strong>Um projeto para cada conquista, um projeto para cada celebridade<\/strong><\/h4>\n<p>A nossa cole\u00e7\u00e3o selecionada oferece uma gama diversificada de formas e layouts, permitindo-lhe descobrir a melhor homenagem para espelhar o determinado feito e a personalidade do destinat\u00e1rio.<\/p>\n<ul>\n<li><strong>A s\u00e9rie tradicional do oct\u00f3gono:\u00a0<\/strong>Um sinal de dureza, estabilidade e talento complexo, o trof\u00e9u octogonal \u00e9 uma op\u00e7\u00e3o cl\u00e1ssica para uma vasta sele\u00e7\u00e3o de reconhecimentos. As suas linhas simples proporcionam a melhor tela para as nossas mensagens motivacionais pr\u00e9-concebidas que v\u00e3o diretamente ao cerne do reconhecimento:.<\/li>\n<li><strong>\u201d Excelente trabalho\u201d\u00a0<\/strong>: Combinado com um \u00edcone de trof\u00e9u dourado brilhante, esta \u00e9 a honra perfeita para reconhecer o esfor\u00e7o constante, a conclus\u00e3o de projectos e a efici\u00eancia fi\u00e1vel.<\/li>\n<li><strong>\u201d Muito bem!\u201d\u00a0<\/strong>: Um estilo de luz verde alegre e universalmente reconhecido que proporciona um impulso agrad\u00e1vel e imediato de refor\u00e7o positivo.<\/li>\n<li><strong>\u201d Incr\u00edvel\u201d\u00a0<\/strong>: Fixado com uma faixa e tr\u00eas estrelas radiantes, este pr\u00e9mio \u00e9 reservado para aqueles que realmente ultrapassaram os limites, proporcionando resultados impressionantes.<\/li>\n<li><strong>\u201d Tu abanas\u201d\u00a0<\/strong>: Um m\u00e9todo surpreendente, contempor\u00e2neo e descontra\u00eddo para celebrar um empregado cuja mentalidade positiva e capacidades not\u00e1veis tiveram um impacto real.<\/li>\n<li><strong>\u201d Parab\u00e9ns! Conseguiste!\u201d\u00a0<\/strong>: Com uma energia festiva, este desenho \u00e9 ideal para assinalar marcos importantes, atingir metas entusi\u00e1sticas e alcan\u00e7ar objectivos significativos.<\/li>\n<li><strong>\u201d Tu fazes a diferen\u00e7a\u201d\u00a0<\/strong>: Emoldurada por uma elegante coroa de louros, esta \u00e9 uma mensagem profundamente significativa para reconhecer um membro do pessoal cuja influ\u00eancia e pagamentos se fazem sentir em todo o grupo ou empresa.<\/li>\n<li><strong>O Pr\u00e9mio Celebridade Motivacional:\u00a0<\/strong>Para as suas verdadeiras estrelas do espet\u00e1culo, o que poderia ser melhor do que uma homenagem na sua forma? Os nossos trof\u00e9us de celebridades esculpidos de forma distinta s\u00e3o criados n\u00e3o s\u00f3 para reconhecer um sucesso, mas tamb\u00e9m para honrar o indiv\u00edduo. Gravado com uma ador\u00e1vel constela\u00e7\u00e3o de estrelas mais pequenas, transporta a mensagem extensiva:\u00a0<em>\u201d Que te orgulhes do trabalho que fazes, da pessoa que \u00e9s e da diferen\u00e7a que fazes.\u201d\u00a0<\/em>Esta homenagem transcende uma \u00fanica ocasi\u00e3o; \u00e9 um tributo \u00e0 personalidade, estabilidade e impacto global favor\u00e1vel de um trabalhador. A sua silhueta criativa e vibrante torna-a uma pe\u00e7a de arte de secret\u00e1ria deslumbrante que motiva a satisfa\u00e7\u00e3o todos os dias. Oferecido separadamente ou em pacotes m\u00faltiplos sem complica\u00e7\u00f5es, \u00e9 o melhor para o reconhecimento de toda a equipa.<\/li>\n<li><strong>O Escudo de Honra:\u00a0<\/strong>Para as distin\u00e7\u00f5es mais respeitadas, o nosso pr\u00e9mio em forma de escudo \u00e9 um emblema eficaz de honestidade, defesa e realiza\u00e7\u00e3o diferenciada. A sua presen\u00e7a intemporal e imponente torna-o o ve\u00edculo supremo para um reconhecimento totalmente individualizado.<\/li>\n<\/ul>\n<p><img decoding=\"async\" class=\"wp-image-1423 size-large aligncenter\" src=\"https:\/\/customacrylicproduct.com\/wp-content\/uploads\/2025\/07\/Custom-Acrylic-Trophy-2-1-1024x1024.jpg\" alt=\"Trof\u00e9u acr\u00edlico personalizado (2)\" width=\"1024\" height=\"1024\" srcset=\"https:\/\/customacrylicproduct.com\/wp-content\/uploads\/2025\/07\/Custom-Acrylic-Trophy-2-1-1024x1024.jpg 1024w, https:\/\/customacrylicproduct.com\/wp-content\/uploads\/2025\/07\/Custom-Acrylic-Trophy-2-1-300x300.jpg 300w, https:\/\/customacrylicproduct.com\/wp-content\/uploads\/2025\/07\/Custom-Acrylic-Trophy-2-1-150x150.jpg 150w, https:\/\/customacrylicproduct.com\/wp-content\/uploads\/2025\/07\/Custom-Acrylic-Trophy-2-1-768x768.jpg 768w, https:\/\/customacrylicproduct.com\/wp-content\/uploads\/2025\/07\/Custom-Acrylic-Trophy-2-1-600x600.jpg 600w, https:\/\/customacrylicproduct.com\/wp-content\/uploads\/2025\/07\/Custom-Acrylic-Trophy-2-1-100x100.jpg 100w, https:\/\/customacrylicproduct.com\/wp-content\/uploads\/2025\/07\/Custom-Acrylic-Trophy-2-1.jpg 1500w\" sizes=\"(max-width: 1024px) 100vw, 1024px\" \/><\/p>\n<h4 id=\"-the-power-of-customization-make-it-their-tale-\"><strong>O poder da personaliza\u00e7\u00e3o: Torne-o o seu conto<\/strong><\/h4>\n<p>O verdadeiro cora\u00e7\u00e3o da nossa cole\u00e7\u00e3o depende da capacidade de produzir um pr\u00e9mio totalmente distinto. Embora as nossas op\u00e7\u00f5es pr\u00e9-concebidas tenham impacto, um pr\u00e9mio personalizado transforma um presente numa recorda\u00e7\u00e3o querida. O nosso pr\u00e9mio escudo completamente personalizado, e v\u00e1rios outros modelos, permitem-lhe criar uma homenagem distinta, definindo:.<\/p>\n<ul>\n<li><strong>Pr\u00e9mio de t\u00edtulo personalizado:\u00a0<\/strong>Mudar para al\u00e9m de \u201cMembro do Pessoal do M\u00eas\u201d. Produzir um t\u00edtulo que especifique e tenha um objetivo, como \u201cPr\u00e9mio Tit\u00e3 do Desenvolvimento\u201d ou \u201cCampe\u00e3o do Apoio ao Cliente 2024\u201d.<\/li>\n<li><strong>Chamada de pessoa:\u00a0<\/strong>O nome do destinat\u00e1rio \u00e9 destacado de forma proeminente, dando-lhe a honra pessoal que merece.<\/li>\n<li><strong>Discutiu o fator de compensa\u00e7\u00e3o:\u00a0<\/strong>\u00c9 aqui que a magia acontece. Em vez de um lugar-comum comum, pormenorize o \u201cporqu\u00ea\u201d. Por exemplo:\u00a0<em>\u201d Pela vossa not\u00e1vel gest\u00e3o no lan\u00e7amento da Phoenix Task antes do prazo previsto,\u201d\u00a0<\/em>ou\u00a0<em>\u201d Por ultrapassar continuamente os objectivos de vendas e orientar os novos membros da equipa.\u201d\u00a0<\/em>Este pormenor valida a sua contribui\u00e7\u00e3o especial de uma forma poderosa.<\/li>\n<li><strong>Dia opcional e texto personalizado:\u00a0<\/strong>Inclua o dia do feito para comemorar o minuto, ou inclua uma breve mensagem individual da lideran\u00e7a ou da equipa.<\/li>\n<\/ul>\n<p>Este profundo grau de modifica\u00e7\u00e3o garante que o destinat\u00e1rio se sinta realmente visto e valorizado, desenvolvendo uma liga\u00e7\u00e3o emocional que um pr\u00e9mio gen\u00e9rico n\u00e3o consegue reproduzir.<\/p>\n<h4 id=\"-versatile-for-any-type-of-and-every-occasion-\"><strong>Vers\u00e1til para qualquer tipo e qualquer ocasi\u00e3o<\/strong><\/h4>\n<p>Estas espectaculares homenagens em acr\u00edlico s\u00e3o a melhor escolha para uma vasta gama de necessidades de reconhecimento em qualquer tipo de mercado ou organiza\u00e7\u00e3o:.<\/p>\n<ul>\n<li><strong>Trabalhador do m\u00eas, do trimestre ou do ano\u00a0<\/strong>.<\/li>\n<li><strong>Marcos de vendas e efici\u00eancia\u00a0<\/strong>.<\/li>\n<li><strong>Conclus\u00e3o do trabalho e sucesso do grupo\u00a0<\/strong>.<\/li>\n<li><strong>Anivers\u00e1rios de trabalho e anos de servi\u00e7o\u00a0<\/strong>.<\/li>\n<li><strong>Vida de reformado e homenagens de despedida\u00a0<\/strong>.<\/li>\n<li><strong>Reconhecimento de gest\u00e3o e tutoria\u00a0<\/strong>.<\/li>\n<li><strong>Programas de reconhecimento entre pares\u00a0<\/strong>.<\/li>\n<li><strong>Formalidade do servi\u00e7o volunt\u00e1rio e comunit\u00e1rio\u00a0<\/strong>.<\/li>\n<li><strong>Presentes de agradecimento para gestores, colegas e conselheiros\u00a0<\/strong>.<\/li>\n<\/ul>\n<p>Quer seja um supervisor de RH a orquestrar uma gala anual de homenagem, um l\u00edder de grupo que pretende animar os \u00e2nimos ou um pequeno empres\u00e1rio a promover uma sociedade de gratid\u00e3o, estes trof\u00e9us s\u00e3o a sua ferramenta ideal.<\/p>\n<p><strong>Compre o seu pessoal, um s\u00edmbolo duradouro de gratid\u00e3o<\/strong><\/p>\n<p>Reconhecer os seus trabalhadores \u00e9 um dos investimentos financeiros de maior retorno que pode fazer na cultura, intera\u00e7\u00e3o e reten\u00e7\u00e3o da sua empresa. Quando um membro da equipa coloca esta deslumbrante homenagem em acr\u00edlico na sua secret\u00e1ria, faz mais do que apenas decorar uma \u00e1rea - serve como um indicador consistente e substancial de que os seus problemas de trabalho, as suas iniciativas s\u00e3o vistas e que s\u00e3o um componente valioso de um grupo que se preocupa.<\/p>\n<p>N\u00e3o deixe que os pagamentos extraordin\u00e1rios passem \u00e0 hist\u00f3ria. Eleve a sua admira\u00e7\u00e3o de um coment\u00e1rio passageiro para uma honra a longo prazo.<\/p>\n<p><strong>Encomende hoje mesmo os seus trof\u00e9us de pol\u00edmero personalizados e d\u00ea ao seu grupo o \u00edcone de reconhecimento atrativo, individual e duradouro que merecem.<\/strong><\/p>","protected":false},"excerpt":{"rendered":"<p class=\"ng-star-inserted\"><span class=\"ng-star-inserted\">Reconhe\u00e7a o excelente trabalho com os nossos trof\u00e9us acr\u00edlicos personalizados. Perfeitos para a aprecia\u00e7\u00e3o dos funcion\u00e1rios, estes pr\u00e9mios inspiradores podem ser personalizados com nomes, cita\u00e7\u00f5es e mensagens. Uma forma moderna e significativa de celebrar o sucesso.<\/span><\/p>","protected":false},"featured_media":1422,"template":"","meta":{"_kad_post_transparent":"default","_kad_post_title":"","_kad_post_layout":"default","_kad_post_sidebar_id":"","_kad_post_content_style":"default","_kad_post_vertical_padding":"default","_kad_post_feature":"","_kad_post_feature_position":"","_kad_post_header":false,"_kad_post_footer":false,"_kad_post_classname":""},"product_brand":[],"product_cat":[19],"product_tag":[136],"class_list":{"0":"post-1421","1":"product","2":"type-product","3":"status-publish","4":"has-post-thumbnail","6":"product_cat-custom-acrylic-trophies-awards","7":"product_tag-custom-acrylic-trophy","9":"first","10":"instock","11":"shipping-taxable","12":"product-type-simple","13":"entry","14":"content-bg","15":"loop-entry"},"_links":{"self":[{"href":"https:\/\/customacrylicproduct.com\/pt\/wp-json\/wp\/v2\/product\/1421","targetHints":{"allow":["GET"]}}],"collection":[{"href":"https:\/\/customacrylicproduct.com\/pt\/wp-json\/wp\/v2\/product"}],"about":[{"href":"https:\/\/customacrylicproduct.com\/pt\/wp-json\/wp\/v2\/types\/product"}],"wp:featuredmedia":[{"embeddable":true,"href":"https:\/\/customacrylicproduct.com\/pt\/wp-json\/wp\/v2\/media\/1422"}],"wp:attachment":[{"href":"https:\/\/customacrylicproduct.com\/pt\/wp-json\/wp\/v2\/media?parent=1421"}],"wp:term":[{"taxonomy":"product_brand","embeddable":true,"href":"https:\/\/customacrylicproduct.com\/pt\/wp-json\/wp\/v2\/product_brand?post=1421"},{"taxonomy":"product_cat","embeddable":true,"href":"https:\/\/customacrylicproduct.com\/pt\/wp-json\/wp\/v2\/product_cat?post=1421"},{"taxonomy":"product_tag","embeddable":true,"href":"https:\/\/customacrylicproduct.com\/pt\/wp-json\/wp\/v2\/product_tag?post=1421"}],"curies":[{"name":"wp","href":"https:\/\/api.w.org\/{rel}","templated":true}]}}