{"id":1431,"date":"2025-07-21T07:17:34","date_gmt":"2025-07-21T07:17:34","guid":{"rendered":"https:\/\/customacrylicproduct.com\/?post_type=product&#038;p=1431"},"modified":"2025-07-21T07:17:34","modified_gmt":"2025-07-21T07:17:34","slug":"custom-acrylic-sign-party-wall-backdrop-background-banner","status":"publish","type":"product","link":"https:\/\/customacrylicproduct.com\/pt\/custom-acrylic-sign-party-wall-backdrop-background-banner\/","title":{"rendered":"Placa acr\u00edlica personalizada para festas com fundo de parede e faixa de fundo"},"content":{"rendered":"<h3 id=\"-raise-every-moment-the-ultimate-overview-to-personalized-acrylic-indicators-for-events-backdrops-and-banners-\"><strong>Elevar cada momento: A vis\u00e3o geral definitiva dos indicadores acr\u00edlicos personalizados para eventos, cen\u00e1rios e faixas<\/strong><\/h3>\n<p>Num mundo saturado de minutos electr\u00f3nicos fugazes, o poder de uma pe\u00e7a central concreta e perfeitamente trabalhada no seu evento n\u00e3o pode ser subestimado. \u00c9 a \u00e2ncora para as fotografias, o ponto de partida para a discuss\u00e3o, o componente que transforma uma simples celebra\u00e7\u00e3o numa experi\u00eancia inesquec\u00edvel e com curadoria. Convite para o futuro do estilo de eventos: o indicador acr\u00edlico personalizado. Simples, contempor\u00e2neos e constantemente flex\u00edveis, estes indicadores s\u00e3o os presentes ideais e as pe\u00e7as de afirma\u00e7\u00e3o para qualquer tipo de festa, evento de casamento, ocasi\u00e3o empresarial ou interior de casa.<\/p>\n<p>Enquanto imagina uma sensacional faixa de \u201cAnivers\u00e1rio Satisfeito\u201d ou um elegante sinal de boas-vindas a um casamento, a nossa experi\u00eancia \u00e9 criada no planeta do fabrico de precis\u00e3o. As imagens que v\u00ea mostram o n\u00facleo das nossas capacidades - demonstrando a alta qualidade, a resist\u00eancia e o interesse minucioso pela informa\u00e7\u00e3o que oferecemos em todas as tarefas, desde aplica\u00e7\u00f5es comerciais at\u00e9 ao ador\u00e1vel indicador individualizado que certamente se tornar\u00e1 o cora\u00e7\u00e3o da sua celebra\u00e7\u00e3o.<\/p>\n<p><img fetchpriority=\"high\" decoding=\"async\" class=\"size-full wp-image-1433\" src=\"https:\/\/customacrylicproduct.com\/wp-content\/uploads\/2025\/07\/Custom-Acrylic-Sign-2-2.jpg\" alt=\"Sinal acr\u00edlico personalizado (2)\" width=\"960\" height=\"960\" srcset=\"https:\/\/customacrylicproduct.com\/wp-content\/uploads\/2025\/07\/Custom-Acrylic-Sign-2-2.jpg 960w, https:\/\/customacrylicproduct.com\/wp-content\/uploads\/2025\/07\/Custom-Acrylic-Sign-2-2-300x300.jpg 300w, https:\/\/customacrylicproduct.com\/wp-content\/uploads\/2025\/07\/Custom-Acrylic-Sign-2-2-150x150.jpg 150w, https:\/\/customacrylicproduct.com\/wp-content\/uploads\/2025\/07\/Custom-Acrylic-Sign-2-2-768x768.jpg 768w, https:\/\/customacrylicproduct.com\/wp-content\/uploads\/2025\/07\/Custom-Acrylic-Sign-2-2-600x600.jpg 600w, https:\/\/customacrylicproduct.com\/wp-content\/uploads\/2025\/07\/Custom-Acrylic-Sign-2-2-100x100.jpg 100w\" sizes=\"(max-width: 960px) 100vw, 960px\" \/><\/p>\n<h4 id=\"-our-foundation-of-quality-a-take-a-look-at-our-production-prowess-\"><strong>A nossa base de qualidade: Um olhar sobre as nossas capacidades de produ\u00e7\u00e3o<\/strong><\/h4>\n<p>Vamos analisar o que as nossas v\u00e1rias inst\u00e2ncias de fabrico revelam sobre a qualidade que pode esperar para a sua indica\u00e7\u00e3o de evento personalizado:.<\/p>\n<p><strong>1. Clareza, tonalidade e precis\u00e3o de n\u00edvel empresarial (como se v\u00ea na indica\u00e7\u00e3o \u201cMAX \u8fc8\u65af\u201d)<\/strong><\/p>\n<p>A primeira fotografia mostra um indicador especializado, com marca, para uma caixa de demonstra\u00e7\u00e3o de inova\u00e7\u00e3o. O que \u00e9 que isto significa para o seu indicador de celebra\u00e7\u00e3o?<\/p>\n<ul>\n<li><strong>Cor viva e fiel \u00e0 vida:\u00a0<\/strong>O azul profundo e uniforme e a mensagem branca n\u00edtida s\u00e3o conseguidos atrav\u00e9s de t\u00e9cnicas de impress\u00e3o sofisticadas que garantem que as tonalidades escolhidas s\u00e3o ricas, saturadas e completamente compat\u00edveis com o motivo do seu evento ou com a marca da sua empresa. N\u00e3o nos limitamos a imprimir; damos vida ao seu esquema de cores.<\/li>\n<li><strong>Renderiza\u00e7\u00e3o de log\u00f3tipo e texto sem falhas:\u00a0<\/strong>Repare na nitidez do log\u00f3tipo \u201cMAX\u201d e na clareza dos caracteres chineses (\u8fc8\u65af). O nosso processo de impress\u00e3o de alta resolu\u00e7\u00e3o garante que todas as linhas, curvas e personalidades do seu design - seja um fr\u00e1gil estilo de letra script para um casamento ou um design de log\u00f3tipo vibrante para o lan\u00e7amento de um artigo - s\u00e3o reproduzidas com uma nitidez impec\u00e1vel e sem sangramento.<\/li>\n<li><strong>Perito Completo:\u00a0<\/strong>Este cartaz tem um aspeto arrumado, elegante e fi\u00e1vel. Trazemos exatamente o mesmo grau de profissionalismo e confian\u00e7a para o seu cartaz de evento, assegurando que tem um aspeto premium, avan\u00e7ado e digno do seu lugar principal no seu design.<\/li>\n<\/ul>\n<p><img decoding=\"async\" class=\"size-full wp-image-1435\" src=\"https:\/\/customacrylicproduct.com\/wp-content\/uploads\/2025\/07\/Custom-Acrylic-Sign-4-1.jpg\" alt=\"Sinal acr\u00edlico personalizado (4)\" width=\"960\" height=\"960\" srcset=\"https:\/\/customacrylicproduct.com\/wp-content\/uploads\/2025\/07\/Custom-Acrylic-Sign-4-1.jpg 960w, https:\/\/customacrylicproduct.com\/wp-content\/uploads\/2025\/07\/Custom-Acrylic-Sign-4-1-300x300.jpg 300w, https:\/\/customacrylicproduct.com\/wp-content\/uploads\/2025\/07\/Custom-Acrylic-Sign-4-1-150x150.jpg 150w, https:\/\/customacrylicproduct.com\/wp-content\/uploads\/2025\/07\/Custom-Acrylic-Sign-4-1-768x768.jpg 768w, https:\/\/customacrylicproduct.com\/wp-content\/uploads\/2025\/07\/Custom-Acrylic-Sign-4-1-600x600.jpg 600w, https:\/\/customacrylicproduct.com\/wp-content\/uploads\/2025\/07\/Custom-Acrylic-Sign-4-1-100x100.jpg 100w\" sizes=\"(max-width: 960px) 100vw, 960px\" \/><\/p>\n<p><strong>2. Estilo intrincado e longevidade \u00fatil (como se v\u00ea na placa de controlo \u201cSHPW Food Warming\u201d)<\/strong><\/p>\n<p>Esta imagem de uma placa de controlo de temperatura \u00e9 um testemunho da nossa compet\u00eancia tecnol\u00f3gica em engenharia de precis\u00e3o.<\/p>\n<ul>\n<li><strong>Recortes de instala\u00e7\u00f5es e formul\u00e1rios:\u00a0<\/strong>A janela retangular de tamanho completo para um ecr\u00e3 digital e os intermedi\u00e1rios precisos para luzes de sinaliza\u00e7\u00e3o demonstram a nossa capacidade de colaborar com layouts complexos. Para a sua indica\u00e7\u00e3o de festa, isto traduz-se no desenvolvimento de qualquer tipo de forma personalizada que possa imaginar - desde letras e formas pormenorizadas a sinais com componentes em camadas ou estilos de sala adversos.<\/li>\n<li><strong>Edif\u00edcio resiliente e multicamada:\u00a0<\/strong>O painel de controlo deve resistir ao uso constante, ao calor e \u00e0 limpeza. Utilizamos materiais de acr\u00edlico e policarbonato resistentes aos custos, resistentes a estilha\u00e7os e constru\u00eddos para durar. A sua indica\u00e7\u00e3o personalizada n\u00e3o s\u00f3 ter\u00e1 uma apar\u00eancia sensacional no dia da ocasi\u00e3o, mas tamb\u00e9m poder\u00e1 ser mantida como uma lembran\u00e7a dur\u00e1vel ou pe\u00e7a de decora\u00e7\u00e3o de casa por v\u00e1rios anos.<\/li>\n<li><strong>Suporte adesivo potente:\u00a0<\/strong>O verso exp\u00f5e uma folha inteira de adesivo 3M 9448A de alto desempenho. Este \u00e9 um atributo essencial que podemos fornecer aos seus indicadores. Permite uma instala\u00e7\u00e3o f\u00e1cil, segura e sem danos em superf\u00edcies de parede, cen\u00e1rios e v\u00e1rias outras superf\u00edcies lisas. N\u00e3o s\u00e3o necess\u00e1rios pregos ou equipamento de instala\u00e7\u00e3o complexo - basta descolar e colar para obter um aspeto impec\u00e1vel e flutuante.<\/li>\n<\/ul>\n<p><img decoding=\"async\" class=\"size-full wp-image-1434\" src=\"https:\/\/customacrylicproduct.com\/wp-content\/uploads\/2025\/07\/Custom-Acrylic-Sign-3-2.jpg\" alt=\"Sinal acr\u00edlico personalizado (3)\" width=\"960\" height=\"960\" srcset=\"https:\/\/customacrylicproduct.com\/wp-content\/uploads\/2025\/07\/Custom-Acrylic-Sign-3-2.jpg 960w, https:\/\/customacrylicproduct.com\/wp-content\/uploads\/2025\/07\/Custom-Acrylic-Sign-3-2-300x300.jpg 300w, https:\/\/customacrylicproduct.com\/wp-content\/uploads\/2025\/07\/Custom-Acrylic-Sign-3-2-150x150.jpg 150w, https:\/\/customacrylicproduct.com\/wp-content\/uploads\/2025\/07\/Custom-Acrylic-Sign-3-2-768x768.jpg 768w, https:\/\/customacrylicproduct.com\/wp-content\/uploads\/2025\/07\/Custom-Acrylic-Sign-3-2-600x600.jpg 600w, https:\/\/customacrylicproduct.com\/wp-content\/uploads\/2025\/07\/Custom-Acrylic-Sign-3-2-100x100.jpg 100w\" sizes=\"(max-width: 960px) 100vw, 960px\" \/><\/p>\n<p><strong>3. Consist\u00eancia, escala e conveni\u00eancia (como se v\u00ea nos pain\u00e9is \u201cColeira educativa para c\u00e3es de companhia\u201d)<\/strong><\/p>\n<p>Os numerosos pequenos pain\u00e9is para coleiras de treino canino destacam mais dois elementos essenciais do nosso servi\u00e7o:.<\/p>\n<ul>\n<li><strong>Replica\u00e7\u00e3o perfeita:\u00a0<\/strong>Quer necessite de um grande indicador de boas-vindas ou de 150 pequenas etiquetas de nome personalizadas para uma festa de casamento, garantimos uma uniformidade absoluta em todos os artigos. Cada produto ser\u00e1 o mais adequado em termos de cor, tamanho e qualidade superior.<\/li>\n<li><strong>Flexibilidade de aplica\u00e7\u00e3o:\u00a0<\/strong>Estes pequenos pain\u00e9is mostram que as nossas capacidades n\u00e3o se limitam a grandes faixas. Podemos criar um conjunto completo de design em acr\u00edlico a condizer para a sua ocasi\u00e3o:.<\/li>\n<li><strong>Agitadores ou identificadores de \u00e1lcool para consumo feitos \u00e0 medida\u00a0<\/strong>.<\/li>\n<li><strong>Cart\u00f5es de lugar individualizados\u00a0<\/strong>.<\/li>\n<li><strong>N\u00fameros da tabela\u00a0<\/strong>.<\/li>\n<li><strong>Topos de bolo\u00a0<\/strong>.<\/li>\n<li><strong>Etiquetas para prendas ou brindes para eventos\u00a0<\/strong>.<\/li>\n<\/ul>\n<h4 id=\"-unleash-your-creative-thinking-countless-opportunities-for-your-custom-made-sign-\"><strong>Liberte o seu pensamento criativo: In\u00fameras oportunidades para o seu letreiro personalizado<\/strong><\/h4>\n<p>Atualmente, vamos equiparar este poder de fabrico \u00e0 decora\u00e7\u00e3o espetacular para a sua pr\u00f3xima ocasi\u00e3o. Os nossos sinais acr\u00edlicos personalizados s\u00e3o a tela excelente para a sua vis\u00e3o.<\/p>\n<ul>\n<li><strong>Casamentos e anivers\u00e1rios:\u00a0<\/strong>Imagine um espetacular indicador de boas-vindas em acr\u00edlico fosco com caligrafia a saudar os seus convidados. Imagine n\u00fameros de mesa elegantes em acr\u00edlico transparente que parecem flutuar sobre os centros de mesa, ou um indicador de sele\u00e7\u00e3o de comida de bar deslumbrante detalhado com as suas bebidas mistas de marca registada.<\/li>\n<li><strong>Anivers\u00e1rios e marcos:\u00a0<\/strong>Fa\u00e7a uma declara\u00e7\u00e3o com um indicador acr\u00edlico grande e vivo que inclua o nome do convidado de honra, servindo como o melhor fundo para fotografias. De um \u201cSweet 16\u201d a um \u201cFabulous 50\u201d, podemos registar o esp\u00edrito da festa num layout que se destaca.<\/li>\n<li><strong>Chuveiros para beb\u00e9s e exposi\u00e7\u00f5es de g\u00e9nero:\u00a0<\/strong>Revele a sua alegria com um cartaz \u201cOh Infant!\u201d ou \u201cInvite Youngster\u201d perfeitamente concebido. Estas produzem recorda\u00e7\u00f5es preciosas que podem mais tarde ser penduradas no quarto do beb\u00e9.<\/li>\n<li><strong>Eventos empresariais e activa\u00e7\u00f5es de marcas:\u00a0<\/strong>Excite os clientes e inspire os membros da equipa com um sinal habilmente criado com o design do log\u00f3tipo da sua empresa. Perfeito para stands de feiras comerciais, locais de eventos, cen\u00e1rios de entrevistas e eventos de honra.<\/li>\n<li><strong>Cen\u00e1rios e faixas para eventos:\u00a0<\/strong>Desenvolva a superf\u00edcie de parede de imagem mais digna do Instagram com um banner de acr\u00edlico personalizado. Quer seja uma cita\u00e7\u00e3o divertida, um hashtag de evento ou um simples \u201cAllow's Party\u201d, ser\u00e1 o foco principal da divers\u00e3o.<\/li>\n<\/ul>\n<h4 id=\"-the-straightforward-path-to-your-perfect-indicator-\"><strong>O caminho direto para o seu indicador perfeito<\/strong><\/h4>\n<p>A nossa equipa acredita que o processo de personaliza\u00e7\u00e3o \u00e9 t\u00e3o simples e satisfat\u00f3rio como a pr\u00f3pria ocasi\u00e3o.<\/p>\n<ol>\n<li><strong>Partilhe a sua vis\u00e3o:\u00a0<\/strong>Informe-nos sobre as suas necessidades. Envie-nos o texto pretendido, o design do log\u00f3tipo, o design de cores, as prefer\u00eancias de estilo de letra e as medidas.<\/li>\n<li><strong>Conce\u00e7\u00e3o colaborativa:\u00a0<\/strong>A nossa equipa de layout trabalhar\u00e1 consigo para desenvolver uma prova digital, certificando-se de que todas as informa\u00e7\u00f5es s\u00e3o excelentes antes de iniciarmos o fabrico.<\/li>\n<li><strong>Produ\u00e7\u00e3o de precis\u00e3o:\u00a0<\/strong>Utilizando a mesma tecnologia moderna que cria os nossos produtos de qualidade industrial, elaboramos o seu indicador com um tratamento minucioso.<\/li>\n<li><strong>Distribui\u00e7\u00e3o \u00e0 sua porta:\u00a0<\/strong>A sua indica\u00e7\u00e3o final \u00e9 meticulosamente examinada, embalada de forma segura e entregue diretamente a si, pronta para o seu grande lan\u00e7amento.<\/li>\n<\/ol>\n<p>N\u00e3o opte por desenhos gen\u00e9ricos e n\u00e3o reutiliz\u00e1veis. Adquira uma obra de arte que reflicta o seu estilo e valorize o seu evento. Permita-nos colocar \u00e0 sua disposi\u00e7\u00e3o o nosso rigor industrial, a nossa compet\u00eancia t\u00e9cnica e o nosso entusiasmo pela qualidade superior.<\/p>\n<p><strong>Contacte-nos hoje para come\u00e7ar a criar a indica\u00e7\u00e3o acr\u00edlica personalizada que ir\u00e1 certamente transformar a sua celebra\u00e7\u00e3o especial num evento local.<\/strong><\/p>","protected":false},"excerpt":{"rendered":"<p class=\"ng-star-inserted\"><span class=\"ng-star-inserted\">Crie sinais e pain\u00e9is acr\u00edlicos personalizados de alta qualidade para qualquer necessidade. Perfeitos para sobreposi\u00e7\u00f5es de produtos, marcas ou cen\u00e1rios de festas espectaculares. Inclui impress\u00e3o duradoura, recortes precisos e suporte adesivo forte para facilitar a montagem. D\u00ea vida ao seu design exclusivo com um acabamento profissional e polido.<\/span><\/p>","protected":false},"featured_media":1432,"template":"","meta":{"_kad_post_transparent":"default","_kad_post_title":"","_kad_post_layout":"default","_kad_post_sidebar_id":"","_kad_post_content_style":"default","_kad_post_vertical_padding":"default","_kad_post_feature":"","_kad_post_feature_position":"","_kad_post_header":false,"_kad_post_footer":false,"_kad_post_classname":""},"product_brand":[],"product_cat":[18],"product_tag":[149],"class_list":{"0":"post-1431","1":"product","2":"type-product","3":"status-publish","4":"has-post-thumbnail","6":"product_cat-custom-acrylic-signs","7":"product_tag-custom-acrylic-sign","9":"first","10":"instock","11":"shipping-taxable","12":"product-type-simple","13":"entry","14":"content-bg","15":"loop-entry"},"_links":{"self":[{"href":"https:\/\/customacrylicproduct.com\/pt\/wp-json\/wp\/v2\/product\/1431","targetHints":{"allow":["GET"]}}],"collection":[{"href":"https:\/\/customacrylicproduct.com\/pt\/wp-json\/wp\/v2\/product"}],"about":[{"href":"https:\/\/customacrylicproduct.com\/pt\/wp-json\/wp\/v2\/types\/product"}],"wp:featuredmedia":[{"embeddable":true,"href":"https:\/\/customacrylicproduct.com\/pt\/wp-json\/wp\/v2\/media\/1432"}],"wp:attachment":[{"href":"https:\/\/customacrylicproduct.com\/pt\/wp-json\/wp\/v2\/media?parent=1431"}],"wp:term":[{"taxonomy":"product_brand","embeddable":true,"href":"https:\/\/customacrylicproduct.com\/pt\/wp-json\/wp\/v2\/product_brand?post=1431"},{"taxonomy":"product_cat","embeddable":true,"href":"https:\/\/customacrylicproduct.com\/pt\/wp-json\/wp\/v2\/product_cat?post=1431"},{"taxonomy":"product_tag","embeddable":true,"href":"https:\/\/customacrylicproduct.com\/pt\/wp-json\/wp\/v2\/product_tag?post=1431"}],"curies":[{"name":"wp","href":"https:\/\/api.w.org\/{rel}","templated":true}]}}