{"id":1436,"date":"2025-07-21T07:26:39","date_gmt":"2025-07-21T07:26:39","guid":{"rendered":"https:\/\/customacrylicproduct.com\/?post_type=product&#038;p=1436"},"modified":"2025-07-21T07:26:39","modified_gmt":"2025-07-21T07:26:39","slug":"custom-acrylic-signs-illuminated-shop-display-led-sign","status":"publish","type":"product","link":"https:\/\/customacrylicproduct.com\/pt\/custom-acrylic-signs-illuminated-shop-display-led-sign\/","title":{"rendered":"Sinais acr\u00edlicos personalizados Sinal LED de exposi\u00e7\u00e3o de loja iluminada"},"content":{"rendered":"<h3 id=\"-raise-your-brand-name-premium-personalized-illuminated-led-acrylic-indications-\"><strong>Aumente o nome da sua marca: Indica\u00e7\u00f5es acr\u00edlicas personalizadas Premium em LED iluminado<\/strong><\/h3>\n<p>Num mundo saturado de som visual, causar uma primeira impress\u00e3o duradoura n\u00e3o \u00e9 apenas uma vantagem - \u00e9 um requisito. O design do seu log\u00f3tipo \u00e9 a cara da sua marca, o embaixador silencioso que fala muito antes de dizer uma palavra. Visualize-o feito n\u00e3o apenas num expositor ou num cart\u00e3o de visita, mas como uma obra de arte tang\u00edvel e luminosa que regula a concentra\u00e7\u00e3o e demonstra compet\u00eancia. Convide para a declara\u00e7\u00e3o m\u00e1xima de identidade de marca: os nossos Sinais de Pol\u00edmero LED Iluminados Personalizados.<\/p>\n<p>Tal como se pode ver na elegante \u00e1rea funcional \u201cMYSA\u201d, estas indica\u00e7\u00f5es s\u00e3o mais do que simples marcadores; s\u00e3o pontos focais. Transformam qualquer tipo de espa\u00e7o - desde um \u00e1trio de neg\u00f3cios a uma boutique elegante, um sal\u00e3o de cabeleireiro contempor\u00e2neo ou uma oficina imaginativa - num testemunho do seu compromisso com a alta qualidade e o design. Esta \u00e9 a sua oportunidade de dar vida ao nome da sua marca com um brilho radiante e sofisticado que cativa e inspira auto-confian\u00e7a.<\/p>\n<p><img fetchpriority=\"high\" decoding=\"async\" class=\"size-full wp-image-1439\" src=\"https:\/\/customacrylicproduct.com\/wp-content\/uploads\/2025\/07\/Custom-Acrylic-Signs-3-1.jpg\" alt=\"Sinais acr\u00edlicos personalizados (3)\" width=\"800\" height=\"800\" srcset=\"https:\/\/customacrylicproduct.com\/wp-content\/uploads\/2025\/07\/Custom-Acrylic-Signs-3-1.jpg 800w, https:\/\/customacrylicproduct.com\/wp-content\/uploads\/2025\/07\/Custom-Acrylic-Signs-3-1-300x300.jpg 300w, https:\/\/customacrylicproduct.com\/wp-content\/uploads\/2025\/07\/Custom-Acrylic-Signs-3-1-150x150.jpg 150w, https:\/\/customacrylicproduct.com\/wp-content\/uploads\/2025\/07\/Custom-Acrylic-Signs-3-1-768x768.jpg 768w, https:\/\/customacrylicproduct.com\/wp-content\/uploads\/2025\/07\/Custom-Acrylic-Signs-3-1-600x600.jpg 600w, https:\/\/customacrylicproduct.com\/wp-content\/uploads\/2025\/07\/Custom-Acrylic-Signs-3-1-100x100.jpg 100w\" sizes=\"(max-width: 800px) 100vw, 800px\" \/><\/p>\n<h4 id=\"-unparalleled-workmanship-and-product-excellence-\"><strong>Excel\u00eancia inigual\u00e1vel em termos de m\u00e3o de obra e produtos<\/strong><\/h4>\n<p>No centro de cada indicador est\u00e1 uma fus\u00e3o de tecnologia moderna e inovadora e de um trabalho de mestre. Come\u00e7amos com o acr\u00edlico da mais alta qualidade, escolhido pela sua excecional clareza, longevidade e conveni\u00eancia. Este produto de primeira qualidade \u00e9 depois cortado com precis\u00e3o utilizando a moderna tecnologia laser para duplicar o seu log\u00f3tipo e letras com uma precis\u00e3o perfeita, registando todas as curvas, linhas e informa\u00e7\u00f5es detalhadas da sua disposi\u00e7\u00e3o.<\/p>\n<p>A face do indicador, tal como se v\u00ea na magn\u00edfica inscri\u00e7\u00e3o dourada \u201cCUSTOMIZED LOGO STYLE\u201d, apresenta um acabamento luxuoso e espelhado. Esta \u00e1rea de superf\u00edcie polida mostra maravilhosamente o que a rodeia durante o dia, desenvolvendo uma est\u00e9tica vibrante e premium. Embora a opulenta superf\u00edcie dourada seja uma sele\u00e7\u00e3o preferida pela sua sofistica\u00e7\u00e3o cl\u00e1ssica, oferecemos um vasto leque de op\u00e7\u00f5es de personaliza\u00e7\u00e3o para corresponder perfeitamente ao esquema da sua marca, incluindo:.<\/p>\n<ul>\n<li><strong>Acabamentos elegantes em a\u00e7o escovado (prata, ouro rosa, bronze)\u00a0<\/strong>.<\/li>\n<li><strong>Cores fortes e arrojadas (preto, branco e correspond\u00eancia Pantone personalizada)\u00a0<\/strong>.<\/li>\n<li><strong>Acabamentos mate modernos para um aspeto mais subtil e avan\u00e7ado\u00a0<\/strong>.<\/li>\n<\/ul>\n<p>O corpo de cada letra \u00e9 criado de forma robusta, proporcionando a profundidade tridimensional que faz com que a indica\u00e7\u00e3o sobressaia na parede. N\u00e3o se trata de um sinal nivelado e impresso; \u00e9 uma pe\u00e7a escultural que inclui estrutura e constr\u00f3i paix\u00e3o no seu interior.<\/p>\n<p><img decoding=\"async\" class=\"size-full wp-image-1438\" src=\"https:\/\/customacrylicproduct.com\/wp-content\/uploads\/2025\/07\/Custom-Acrylic-Signs-2-1.jpg\" alt=\"Sinais acr\u00edlicos personalizados (2)\" width=\"800\" height=\"800\" srcset=\"https:\/\/customacrylicproduct.com\/wp-content\/uploads\/2025\/07\/Custom-Acrylic-Signs-2-1.jpg 800w, https:\/\/customacrylicproduct.com\/wp-content\/uploads\/2025\/07\/Custom-Acrylic-Signs-2-1-300x300.jpg 300w, https:\/\/customacrylicproduct.com\/wp-content\/uploads\/2025\/07\/Custom-Acrylic-Signs-2-1-150x150.jpg 150w, https:\/\/customacrylicproduct.com\/wp-content\/uploads\/2025\/07\/Custom-Acrylic-Signs-2-1-768x768.jpg 768w, https:\/\/customacrylicproduct.com\/wp-content\/uploads\/2025\/07\/Custom-Acrylic-Signs-2-1-600x600.jpg 600w, https:\/\/customacrylicproduct.com\/wp-content\/uploads\/2025\/07\/Custom-Acrylic-Signs-2-1-100x100.jpg 100w\" sizes=\"(max-width: 800px) 100vw, 800px\" \/><\/p>\n<h4 id=\"-the-magic-of-halo-lighting-\"><strong>A magia da ilumina\u00e7\u00e3o Halo<\/strong><\/h4>\n<p>O que distingue verdadeiramente estas indica\u00e7\u00f5es \u00e9 a fant\u00e1stica retroilumina\u00e7\u00e3o. Integramos componentes LED de longa dura\u00e7\u00e3o e energeticamente eficientes, discretamente por detr\u00e1s de cada letra ou elemento de layout. Quando ligada, a luz \u00e9 projectada para tr\u00e1s sobre a superf\u00edcie de instala\u00e7\u00e3o, criando um efeito de \u201caur\u00e9ola\u201d suave e espiritual. Este brilho suave delineia o seu log\u00f3tipo, fazendo-o parecer como se estivesse a flutuar facilmente contra a parede.<\/p>\n<p>Esta ilumina\u00e7\u00e3o de aur\u00e9ola oferece in\u00fameras vantagens importantes:.<\/p>\n<ul>\n<li><strong>Sofistica\u00e7\u00e3o subtil:\u00a0<\/strong>Ao contr\u00e1rio das indica\u00e7\u00f5es severas, com ilumina\u00e7\u00e3o frontal, o brilho retroiluminado \u00e9 elegante e convidativo. Produz uma atmosfera acolhedora e especializada que \u00e9 excelente para \u00e1reas viradas para o cliente, como balc\u00f5es de rece\u00e7\u00e3o, espa\u00e7os de espera e salas de confer\u00eancias.<\/li>\n<li><strong>Influ\u00eancia 24\/7:\u00a0<\/strong>O seu indicador ter\u00e1 certamente um aspeto deslumbrante ao longo do dia com a sua superf\u00edcie elegante e transformar-se-\u00e1 num sinal radiante \u00e0 noite ou em ambientes com pouca luz, garantindo que o nome da sua marca est\u00e1 sempre vis\u00edvel e em destaque.<\/li>\n<li><strong>Melhoria da legibilidade:\u00a0<\/strong>A compara\u00e7\u00e3o criada pelo resultado da aur\u00e9ola torna o seu nome e log\u00f3tipo excecionalmente claros e f\u00e1ceis de analisar \u00e0 dist\u00e2ncia, sem causar encandeamento ou press\u00e3o ocular.<\/li>\n<li><strong>Desempenho energ\u00e9tico:\u00a0<\/strong>Os nossos LEDs de alta qualidade consomem muito pouca energia e t\u00eam uma esperan\u00e7a de vida de 50 000 horas, tornando a sua indica\u00e7\u00e3o um investimento financeiro bonito, sustent\u00e1vel e econ\u00f3mico.<\/li>\n<\/ul>\n<p><img decoding=\"async\" class=\"wp-image-1437 size-large aligncenter\" src=\"https:\/\/customacrylicproduct.com\/wp-content\/uploads\/2025\/07\/Custom-Acrylic-Signs-1-1-1024x1024.jpg\" alt=\"Sinais acr\u00edlicos personalizados (1)\" width=\"1024\" height=\"1024\" srcset=\"https:\/\/customacrylicproduct.com\/wp-content\/uploads\/2025\/07\/Custom-Acrylic-Signs-1-1-1024x1024.jpg 1024w, https:\/\/customacrylicproduct.com\/wp-content\/uploads\/2025\/07\/Custom-Acrylic-Signs-1-1-300x300.jpg 300w, https:\/\/customacrylicproduct.com\/wp-content\/uploads\/2025\/07\/Custom-Acrylic-Signs-1-1-150x150.jpg 150w, https:\/\/customacrylicproduct.com\/wp-content\/uploads\/2025\/07\/Custom-Acrylic-Signs-1-1-768x769.jpg 768w, https:\/\/customacrylicproduct.com\/wp-content\/uploads\/2025\/07\/Custom-Acrylic-Signs-1-1-1534x1536.jpg 1534w, https:\/\/customacrylicproduct.com\/wp-content\/uploads\/2025\/07\/Custom-Acrylic-Signs-1-1-600x601.jpg 600w, https:\/\/customacrylicproduct.com\/wp-content\/uploads\/2025\/07\/Custom-Acrylic-Signs-1-1-100x100.jpg 100w, https:\/\/customacrylicproduct.com\/wp-content\/uploads\/2025\/07\/Custom-Acrylic-Signs-1-1.jpg 1918w\" sizes=\"(max-width: 1024px) 100vw, 1024px\" \/><\/p>\n<h4 id=\"-an-universe-of-applications-where-your-vision-revives-\"><strong>Um universo de aplica\u00e7\u00f5es: Onde a sua vis\u00e3o revive<\/strong><\/h4>\n<p>A flexibilidade dos nossos indicadores luminosos personalizados n\u00e3o tem limites. S\u00e3o feitos para elevar qualquer ambiente e servir uma grande variedade de objectivos.<\/p>\n<ul>\n<li><strong>Locais de trabalho de empresas e halls de entrada:\u00a0<\/strong>Tal como acontece com o sinal \u201cMYSA\u201d, fa\u00e7a uma declara\u00e7\u00e3o imediata de sucesso e estabilidade no momento em que um cliente ou parceiro entra pela sua porta. Um log\u00f3tipo bem iluminado por detr\u00e1s do balc\u00e3o da rece\u00e7\u00e3o cria um fundo de confian\u00e7a para a marca e melhora a sua imagem de especialista.<\/li>\n<li><strong>Boutiques de retalho e salas de exposi\u00e7\u00e3o:\u00a0<\/strong>Atraia o tr\u00e1fego do site e produza uma experi\u00eancia not\u00e1vel na loja. Um letreiro personalizado pode destacar o nome da sua marca, um determinado departamento ou funcionar como um fundo de fotografia deslumbrante e \u201cInstagram\u00e1vel\u201d para os seus clientes.<\/li>\n<li><strong>Sal\u00f5es de cabeleireiro, spas e centros de sa\u00fade:\u00a0<\/strong>Crie uma atmosfera de luxo, calma e evas\u00e3o. O brilho suave da aur\u00e9ola \u00e9 excelente para produzir um ambiente relaxante que se harmoniza com as solu\u00e7\u00f5es que oferece, fazendo com que os clientes se sintam realmente mimados desde o momento em que chegam.<\/li>\n<li><strong>Restaurantes, caf\u00e9s e clubes noturnos:\u00a0<\/strong>Defina o ambiente e a personalidade do seu estabelecimento. Quer se trate de um restaurante elegante e moderno ou de um bar r\u00fastico e acolhedor, um letreiro luminoso feito \u00e0 medida pode acabar por ser um componente de assinatura do seu design que os clientes recordam e fotografam.<\/li>\n<li><strong>Est\u00fadios criativos e escrit\u00f3rios em casa:\u00a0<\/strong>Para empres\u00e1rios, artistas e criadores de conte\u00fados web, o seu escrit\u00f3rio pessoal \u00e9 o seu santu\u00e1rio. Um letreiro personalizado com a sua marca, o design do log\u00f3tipo do seu canal ou um conceito individual pode servir de recurso di\u00e1rio de motiva\u00e7\u00e3o e de pano de fundo profissional para chamadas telef\u00f3nicas de videoclipes e cria\u00e7\u00e3o de material.<\/li>\n<li><strong>O presente de neg\u00f3cios perfeito:\u00a0<\/strong>Est\u00e1 \u00e0 procura de um presente genuinamente distinto e com um objetivo para uma inaugura\u00e7\u00e3o, um anivers\u00e1rio da organiza\u00e7\u00e3o ou a promo\u00e7\u00e3o de um associado? Uma indica\u00e7\u00e3o de design de log\u00f3tipo iluminado personalizado \u00e9 um presente atencioso, excecional e pr\u00e1tico que ser\u00e1 valorizado e utilizado durante v\u00e1rios anos.<\/li>\n<\/ul>\n<h4 id=\"-a-smooth-process-from-your-idea-to-installment-\"><strong>Um processo tranquilo: Da sua ideia \u00e0 presta\u00e7\u00e3o<\/strong><\/h4>\n<p>A nossa empresa acredita que o desenvolvimento do seu sinal perfeito tem de ser uma experi\u00eancia fant\u00e1stica e f\u00e1cil. O nosso processo foi criado para ser conjunto e transparente em cada passo do caminho.<\/p>\n<ol>\n<li><strong>Nomea\u00e7\u00e3o e apresenta\u00e7\u00e3o de projectos:\u00a0<\/strong>Basta enviar-nos os documentos de conce\u00e7\u00e3o do seu log\u00f3tipo (de prefer\u00eancia AI, EPS ou PDF de alta resolu\u00e7\u00e3o), as dimens\u00f5es pretendidas e qualquer tipo de revestimento espec\u00edfico ou requisitos de cor. N\u00e3o tem um esquema final? A nossa equipa pode trabalhar consigo para dar vida ao seu conceito.<\/li>\n<li><strong>Prova digital e or\u00e7amento:\u00a0<\/strong>Elaboraremos uma maquete eletr\u00f3nica completa da sua indica\u00e7\u00e3o, revelando-lhe exatamente o aspeto que ter\u00e1 com as dimens\u00f5es e a ilumina\u00e7\u00e3o especificadas. Juntamente com esta prova, receber\u00e1 um or\u00e7amento exaustivo e sem compromisso.<\/li>\n<li><strong>Constru\u00e7\u00e3o de precis\u00e3o:\u00a0<\/strong>Assim que aprovar a prova, os nossos t\u00e9cnicos competentes p\u00f5em-se em a\u00e7\u00e3o. Utilizando os melhores materiais e ferramentas sofisticadas, elaboramos, completamos e montamos minuciosamente a sua indica\u00e7\u00e3o, integrando a ilumina\u00e7\u00e3o LED e os circuitos.<\/li>\n<li><strong>Inspe\u00e7\u00e3o de qualidade superior e envio seguro:\u00a0<\/strong>Cada indicador \u00e9 submetido a uma rigorosa inspe\u00e7\u00e3o de garantia de qualidade para assegurar que \u00e9 not\u00e1vel. Depois disso, \u00e9 meticulosamente embalado com todo o hardware de coloca\u00e7\u00e3o e diretrizes necess\u00e1rias antes de ser enviado firmemente para a sua porta da frente.<\/li>\n<\/ol>\n<p>Adquira uma identifica\u00e7\u00e3o que brilha. Ultrapasse o normal e d\u00ea \u00e0 sua marca a exist\u00eancia luminosa e de alta qualidade a que tem direito. Uma indica\u00e7\u00e3o acr\u00edlica iluminada personalizada \u00e9 mais do que simples sinais - \u00e9 um investimento na sua imagem, um farol para a sua organiza\u00e7\u00e3o e uma dica di\u00e1ria da sua vis\u00e3o trazida \u00e0 luz.<\/p>\n<p><strong>Entre em contacto connosco hoje mesmo para obter um or\u00e7amento gratuito e uma maquete digital, e vamos come\u00e7ar a construir o indicador que definir\u00e1 a sua \u00e1rea.<\/strong><\/p>","protected":false},"excerpt":{"rendered":"<p class=\"ng-star-inserted\"><span class=\"ng-star-inserted\">Eleve a sua marca com um deslumbrante letreiro 3D retroiluminado. Os nossos sinais acr\u00edlicos personalizados apresentam um sofisticado brilho LED em forma de aur\u00e9ola e um luxuoso acabamento espelhado. Ideal para log\u00f3tipos de empresas, recep\u00e7\u00f5es de escrit\u00f3rios e montras. Cause uma impress\u00e3o duradoura com um ecr\u00e3 iluminado de qualidade superior.<\/span><\/p>","protected":false},"featured_media":1437,"template":"","meta":{"_kad_post_transparent":"default","_kad_post_title":"","_kad_post_layout":"default","_kad_post_sidebar_id":"","_kad_post_content_style":"default","_kad_post_vertical_padding":"default","_kad_post_feature":"","_kad_post_feature_position":"","_kad_post_header":false,"_kad_post_footer":false,"_kad_post_classname":""},"product_brand":[],"product_cat":[18],"product_tag":[51],"class_list":{"0":"post-1436","1":"product","2":"type-product","3":"status-publish","4":"has-post-thumbnail","6":"product_cat-custom-acrylic-signs","7":"product_tag-custom-acrylic-signs","9":"first","10":"instock","11":"shipping-taxable","12":"product-type-simple","13":"entry","14":"content-bg","15":"loop-entry"},"_links":{"self":[{"href":"https:\/\/customacrylicproduct.com\/pt\/wp-json\/wp\/v2\/product\/1436","targetHints":{"allow":["GET"]}}],"collection":[{"href":"https:\/\/customacrylicproduct.com\/pt\/wp-json\/wp\/v2\/product"}],"about":[{"href":"https:\/\/customacrylicproduct.com\/pt\/wp-json\/wp\/v2\/types\/product"}],"wp:featuredmedia":[{"embeddable":true,"href":"https:\/\/customacrylicproduct.com\/pt\/wp-json\/wp\/v2\/media\/1437"}],"wp:attachment":[{"href":"https:\/\/customacrylicproduct.com\/pt\/wp-json\/wp\/v2\/media?parent=1436"}],"wp:term":[{"taxonomy":"product_brand","embeddable":true,"href":"https:\/\/customacrylicproduct.com\/pt\/wp-json\/wp\/v2\/product_brand?post=1436"},{"taxonomy":"product_cat","embeddable":true,"href":"https:\/\/customacrylicproduct.com\/pt\/wp-json\/wp\/v2\/product_cat?post=1436"},{"taxonomy":"product_tag","embeddable":true,"href":"https:\/\/customacrylicproduct.com\/pt\/wp-json\/wp\/v2\/product_tag?post=1436"}],"curies":[{"name":"wp","href":"https:\/\/api.w.org\/{rel}","templated":true}]}}