{"id":1441,"date":"2025-07-21T07:50:23","date_gmt":"2025-07-21T07:50:23","guid":{"rendered":"https:\/\/customacrylicproduct.com\/?post_type=product&#038;p=1441"},"modified":"2025-07-21T07:50:23","modified_gmt":"2025-07-21T07:50:23","slug":"custom-transparent-acrylic-engraved-disc-simple-souvenir","status":"publish","type":"product","link":"https:\/\/customacrylicproduct.com\/pt\/custom-transparent-acrylic-engraved-disc-simple-souvenir\/","title":{"rendered":"Disco acr\u00edlico transparente personalizado gravado Lembran\u00e7a simples"},"content":{"rendered":"<h3 id=\"capture-your-tradition-in-crystal-clear-sparkle-the-custom-3d-laser-engraved-polymer-block\">Capture a sua tradi\u00e7\u00e3o com um brilho cristalino: O bloco de pol\u00edmero personalizado 3D gravado a laser<\/h3>\n<p>Num mundo de minutos electr\u00f3nicos de curta dura\u00e7\u00e3o e artigos descart\u00e1veis, existe um grande poder em guardar algo substancial, a longo prazo e profundamente individual. \u00c9 o poder de honrar um marco, de honrar um sucesso, de imortalizar uma mem\u00f3ria ou de oferecer um presente que vai para al\u00e9m do normal. Apresentamos um artigo que n\u00e3o \u00e9 apenas uma coisa, mas um recipiente para estes sentimentos: o bloco acr\u00edlico personalizado 3D gravado a laser - uma obra de arte de fabrico contempor\u00e2neo e arte \u00e0 medida.<\/p>\n<p><img fetchpriority=\"high\" decoding=\"async\" class=\"size-full wp-image-1444\" src=\"https:\/\/customacrylicproduct.com\/wp-content\/uploads\/2025\/07\/Custom-Transparent-Souvenir-3.jpg\" alt=\"Lembran\u00e7a transparente personalizada (3)\" width=\"800\" height=\"800\" srcset=\"https:\/\/customacrylicproduct.com\/wp-content\/uploads\/2025\/07\/Custom-Transparent-Souvenir-3.jpg 800w, https:\/\/customacrylicproduct.com\/wp-content\/uploads\/2025\/07\/Custom-Transparent-Souvenir-3-300x300.jpg 300w, https:\/\/customacrylicproduct.com\/wp-content\/uploads\/2025\/07\/Custom-Transparent-Souvenir-3-150x150.jpg 150w, https:\/\/customacrylicproduct.com\/wp-content\/uploads\/2025\/07\/Custom-Transparent-Souvenir-3-768x768.jpg 768w, https:\/\/customacrylicproduct.com\/wp-content\/uploads\/2025\/07\/Custom-Transparent-Souvenir-3-600x600.jpg 600w, https:\/\/customacrylicproduct.com\/wp-content\/uploads\/2025\/07\/Custom-Transparent-Souvenir-3-100x100.jpg 100w\" sizes=\"(max-width: 800px) 100vw, 800px\" \/><\/p>\n<p><strong>Um mon\u00f3lito em miniatura: A arte da presen\u00e7a<\/strong><\/p>\n<p>\u00c0 primeira vista, o objeto \u00e9 de uma sofistica\u00e7\u00e3o simples e minimalista. Trata-se de um bloco de acr\u00edlico opticamente transparente, sem falhas e resistente, polido at\u00e9 obter uma superf\u00edcie v\u00edtrea. As suas linhas simples e o seu peso substancial d\u00e3o-lhe uma sensa\u00e7\u00e3o imediata de qualidade superior e relev\u00e2ncia. Quando colocado numa secret\u00e1ria executiva, num balc\u00e3o de escrit\u00f3rio ou numa lareira em casa, regula a aten\u00e7\u00e3o sem a exigir. \u00c9 simultaneamente um pisa-pap\u00e9is sofisticado e uma pe\u00e7a de escultura moderna.<\/p>\n<p>Mas a sua verdadeira magia \u00e9 revelada ap\u00f3s um exame mais atento. Este n\u00e3o \u00e9 um bloco f\u00e1cil de gravar na superf\u00edcie. \u00c0 deriva no seu n\u00facleo imaculado e transparente est\u00e1 um globo de informa\u00e7\u00e3o detalhada, suspenso no tempo e no espa\u00e7o. Uma imagem, um desenho de log\u00f3tipo, uma mensagem ou uma intrincada vers\u00e3o tridimensional paira et\u00e9rea, relativamente criada a partir da luz captada. Como se pode ver no exemplo, a palavra \u201cXangai\u201d e o seu equivalente chin\u00eas \u201c\u4e0a\u6d77\u56fd\u9645\u201d (Shanghai International) s\u00e3o representados com uma nitidez espetacular, a sua forma distinta criando uma intera\u00e7\u00e3o fascinante de luz e escurid\u00e3o. Acima deles, o elegante resumo da janela lateral de um autom\u00f3vel e um complicado elemento de design com v\u00e1rias partes - possivelmente um amortecedor - s\u00e3o registados com uma precis\u00e3o espetacular. Esta \u00e9 a arte da inscri\u00e7\u00e3o a laser sub-superficial, e transforma um bloco simples numa janela para a sua hist\u00f3ria.<\/p>\n<p><img decoding=\"async\" class=\"size-full wp-image-1443\" src=\"https:\/\/customacrylicproduct.com\/wp-content\/uploads\/2025\/07\/Custom-Transparent-Souvenir-2.jpg\" alt=\"Lembran\u00e7a transparente personalizada (2)\" width=\"800\" height=\"800\" srcset=\"https:\/\/customacrylicproduct.com\/wp-content\/uploads\/2025\/07\/Custom-Transparent-Souvenir-2.jpg 800w, https:\/\/customacrylicproduct.com\/wp-content\/uploads\/2025\/07\/Custom-Transparent-Souvenir-2-300x300.jpg 300w, https:\/\/customacrylicproduct.com\/wp-content\/uploads\/2025\/07\/Custom-Transparent-Souvenir-2-150x150.jpg 150w, https:\/\/customacrylicproduct.com\/wp-content\/uploads\/2025\/07\/Custom-Transparent-Souvenir-2-768x768.jpg 768w, https:\/\/customacrylicproduct.com\/wp-content\/uploads\/2025\/07\/Custom-Transparent-Souvenir-2-600x600.jpg 600w, https:\/\/customacrylicproduct.com\/wp-content\/uploads\/2025\/07\/Custom-Transparent-Souvenir-2-100x100.jpg 100w\" sizes=\"(max-width: 800px) 100vw, 800px\" \/><\/p>\n<p><strong>A investiga\u00e7\u00e3o cient\u00edfica da magia: Revelando o processo de grava\u00e7\u00e3o a laser 3D<\/strong><\/p>\n<p>Como \u00e9 que se consegue este efeito tridimensional cativante? O processo \u00e9 uma maravilha de inova\u00e7\u00e3o e precis\u00e3o. Ao contr\u00e1rio da inscri\u00e7\u00e3o t\u00edpica que risca a \u00e1rea da superf\u00edcie, o nosso sistema laser de ponta foca um feixe de luz de alta intensidade num ponto espec\u00edfico\u00a0<em>no interior\u00a0<\/em>o bloco de acr\u00edlico. O laser em si \u00e9 inofensivo para a superf\u00edcie do material. No entanto, no ponto focal espec\u00edfico, a sua pot\u00eancia concentrada cria uma pequena fenda ou bolha - um pequeno ponto fosco.<\/p>\n<p>O nosso software regula este laser com uma precis\u00e3o de n\u00edvel micr\u00f3nico, fazendo pulsar milhares e milhares destes pontos para construir o seu desenho, camada a camada, dentro do bloco s\u00f3lido. Estes pontos particulares coalescem como celebridades a desenvolver uma constela\u00e7\u00e3o, produzindo uma imagem concreta e distinta com profundidade e dimens\u00e3o genu\u00ednas. O resultado \u00e9 um desenho que pode ser visto de qualquer \u00e2ngulo, cada perspetiva fornecendo uma nova gratid\u00e3o para as entradas e sa\u00eddas do trabalho. O aspeto \u201cfosco\u201d da gravura capta a luz de forma maravilhosa, fazendo com que a imagem interior brilhe como se estivesse iluminada por dentro, especialmente quando colocada perto de uma janela de casa ou sob a luz de uma secret\u00e1ria.<\/p>\n<p><img decoding=\"async\" class=\"size-full wp-image-1442\" src=\"https:\/\/customacrylicproduct.com\/wp-content\/uploads\/2025\/07\/Custom-Transparent-Souvenir-1.jpg\" alt=\"Lembran\u00e7a transparente personalizada (1)\" width=\"800\" height=\"800\" srcset=\"https:\/\/customacrylicproduct.com\/wp-content\/uploads\/2025\/07\/Custom-Transparent-Souvenir-1.jpg 800w, https:\/\/customacrylicproduct.com\/wp-content\/uploads\/2025\/07\/Custom-Transparent-Souvenir-1-300x300.jpg 300w, https:\/\/customacrylicproduct.com\/wp-content\/uploads\/2025\/07\/Custom-Transparent-Souvenir-1-150x150.jpg 150w, https:\/\/customacrylicproduct.com\/wp-content\/uploads\/2025\/07\/Custom-Transparent-Souvenir-1-768x768.jpg 768w, https:\/\/customacrylicproduct.com\/wp-content\/uploads\/2025\/07\/Custom-Transparent-Souvenir-1-600x600.jpg 600w, https:\/\/customacrylicproduct.com\/wp-content\/uploads\/2025\/07\/Custom-Transparent-Souvenir-1-100x100.jpg 100w\" sizes=\"(max-width: 800px) 100vw, 800px\" \/><\/p>\n<p><strong>A derradeira tela para personaliza\u00e7\u00e3o: A sua vis\u00e3o, encapsulada<\/strong><\/p>\n<p>Este bloco acr\u00edlico \u00e9, acima de tudo, uma tela para a sua imagina\u00e7\u00e3o criativa. As possibilidades de personaliza\u00e7\u00e3o s\u00e3o praticamente ilimitadas, tornando-o a melhor op\u00e7\u00e3o para uma vasta gama de aplica\u00e7\u00f5es.<\/p>\n<ul>\n<li><strong>Excel\u00eancia empresarial e branding:<\/strong><\/li>\n<li><strong>Homenagens e agradecimentos:\u00a0<\/strong>Ultrapasse as placas comuns. Homenageie o \u201cFuncion\u00e1rio do Ano\u201d, \u201cL\u00edder de Vendas\u201d ou \u201cAnos de Servi\u00e7o\u201d com uma homenagem t\u00e3o proeminente como o pr\u00f3prio feito. Grave o nome do destinat\u00e1rio, o t\u00edtulo do pr\u00e9mio e o log\u00f3tipo da empresa em 3D magn\u00edfico.<\/li>\n<li><strong>Lan\u00e7amentos de produtos e maravilhas da engenharia:\u00a0<\/strong>Como mostra a imagem de exemplo, n\u00e3o h\u00e1 melhor maneira de mostrar um item novo ou uma pe\u00e7a de engenharia complexa. Renderize um design CAD 3D do seu reparo, gadget ou projeto de constru\u00e7\u00e3o dentro do bloco. \u00c9 uma ferramenta eficaz de publicidade e marketing e um presente memor\u00e1vel para clientes, companheiros e capitalistas.<\/li>\n<li><strong>Presentes comerciais e fichas para eventos:\u00a0<\/strong>Para semin\u00e1rios, exposi\u00e7\u00f5es (como o Sal\u00e3o Internacional do Autom\u00f3vel de Xangai referido no exemplo) ou anivers\u00e1rios de empresas, estes blocos funcionam como uma recorda\u00e7\u00e3o de alta qualidade e memor\u00e1vel. S\u00e3o um lembrete consistente e elegante da dedica\u00e7\u00e3o da sua marca \u00e0 qualidade superior e ao progresso.<\/li>\n<li><strong>Marcos pessoais e mem\u00f3rias queridas:<\/strong><\/li>\n<li><strong>Casamentos e anivers\u00e1rios:\u00a0<\/strong>Imortalize o dia da celebra\u00e7\u00e3o do casamento, os nomes dos noivos e at\u00e9 uma fotografia 3D a partir de uma fotografia preferida. \u00c9 uma recorda\u00e7\u00e3o cl\u00e1ssica que ser\u00e1 guardada para toda a vida.<\/li>\n<li><strong>Licenciaturas e realiza\u00e7\u00f5es acad\u00e9micas:\u00a0<\/strong>Comemore um doutoramento com um modelo 3D de uma h\u00e9lice de ADN, um n\u00edvel de estilo com uma representa\u00e7\u00e3o do trabalho final do licenciado ou um diploma de regulamenta\u00e7\u00e3o com as gamas de justi\u00e7a.<\/li>\n<li><strong>Mem\u00f3rias:\u00a0<\/strong>Crie uma homenagem atraente e duradoura a um ente querido ou a um animal de estima\u00e7\u00e3o da fam\u00edlia. Um nome b\u00e1sico, um dia e um \u00edcone significativo podem ser guardados para sempre com uma qualidade perfeita, utilizando um fator de reflex\u00e3o encantador e tranquilo.<\/li>\n<li><strong>Hobbies e paix\u00f5es:\u00a0<\/strong>De um autom\u00f3vel cl\u00e1ssico para o fan\u00e1tico por carros a uma nota musical para o m\u00fasico, qualquer interesse pode ser transformado numa obra de arte pessoal.<\/li>\n<\/ul>\n<p><strong>Alta qualidade sem compromissos e eleg\u00e2ncia duradoura<\/strong><\/p>\n<p>Utilizamos apenas o melhor grau de acr\u00edlico de qualidade superior e opticamente puro. Ao contr\u00e1rio dos pl\u00e1sticos de qualidade inferior, o nosso material \u00e9 escolhido pela sua qualidade excecional, pela sua resist\u00eancia ao amarelecimento com o tempo e pelo seu peso gratificante, que simula cuidadosamente o de um grande cristal. Os rebordos s\u00e3o polidos com diamante para ficarem perfeitamente lisos e transparentes, permitindo a entrada de luz de todos os lados e o brilho da inscri\u00e7\u00e3o interior.<\/p>\n<p>Al\u00e9m disso, esta escolha de produto garante resili\u00eancia. Embora possua a beleza visual do vidro, \u00e9 muito mais resistente aos estilha\u00e7os, assegurando que a sua querida recorda\u00e7\u00e3o permanece segura e bonita durante muitos anos. Para cuidar dele, basta uma limpeza b\u00e1sica com um tecido de microfibra macio para recuperar o seu brilho deslumbrante.<\/p>\n<p><strong>A sua viagem do conceito \u00e0 obra-prima<\/strong><\/p>\n<p>A cria\u00e7\u00e3o do seu bloco acr\u00edlico personalizado \u00e9 um processo conjunto e sem falhas. Basta fornecer-nos a sua mensagem preferida, o desenho do log\u00f3tipo, a imagem 2D ou o ficheiro de desenho 3D. A nossa equipa de designers especializados ir\u00e1 certamente criar uma prova digital para a sua aprova\u00e7\u00e3o, mostrando-lhe especificamente como o seu estilo ir\u00e1 certamente aparecer no bloco. Quando estiver totalmente satisfeito, os nossos mestres artes\u00e3os dar\u00e3o vida \u00e0 sua vis\u00e3o com uma precis\u00e3o inigual\u00e1vel.<\/p>\n<p>N\u00e3o se limite a dar um presente; d\u00ea uma tradi\u00e7\u00e3o. N\u00e3o adquira apenas uma recorda\u00e7\u00e3o; adquira uma obra de arte que conta uma hist\u00f3ria. Escolha o Bloco Acr\u00edlico Personalizado 3D Gravado a Laser e envolva os momentos que mais importam num brilho cl\u00e1ssico e cristalino.<\/p>","protected":false},"excerpt":{"rendered":"<p class=\"ng-star-inserted\"><span class=\"ng-star-inserted\">Crie uma recorda\u00e7\u00e3o intemporal com os nossos blocos de acr\u00edlico 3D personalizados gravados a laser. O seu log\u00f3tipo, texto ou imagem \u00e9 gravado com precis\u00e3o no interior do acr\u00edlico cristalino, criando um efeito flutuante deslumbrante. Perfeitos para pr\u00e9mios empresariais, presentes personalizados e lembran\u00e7as \u00fanicas que deixam uma impress\u00e3o duradoura.<\/span><\/p>","protected":false},"featured_media":1444,"template":"","meta":{"_kad_post_transparent":"default","_kad_post_title":"","_kad_post_layout":"default","_kad_post_sidebar_id":"","_kad_post_content_style":"default","_kad_post_vertical_padding":"default","_kad_post_feature":"","_kad_post_feature_position":"","_kad_post_header":false,"_kad_post_footer":false,"_kad_post_classname":""},"product_brand":[],"product_cat":[20],"product_tag":[129],"class_list":{"0":"post-1441","1":"product","2":"type-product","3":"status-publish","4":"has-post-thumbnail","6":"product_cat-custom-acrylic-crafts","7":"product_tag-acrylic-crafts","9":"first","10":"instock","11":"shipping-taxable","12":"product-type-simple","13":"entry","14":"content-bg","15":"loop-entry"},"_links":{"self":[{"href":"https:\/\/customacrylicproduct.com\/pt\/wp-json\/wp\/v2\/product\/1441","targetHints":{"allow":["GET"]}}],"collection":[{"href":"https:\/\/customacrylicproduct.com\/pt\/wp-json\/wp\/v2\/product"}],"about":[{"href":"https:\/\/customacrylicproduct.com\/pt\/wp-json\/wp\/v2\/types\/product"}],"wp:featuredmedia":[{"embeddable":true,"href":"https:\/\/customacrylicproduct.com\/pt\/wp-json\/wp\/v2\/media\/1444"}],"wp:attachment":[{"href":"https:\/\/customacrylicproduct.com\/pt\/wp-json\/wp\/v2\/media?parent=1441"}],"wp:term":[{"taxonomy":"product_brand","embeddable":true,"href":"https:\/\/customacrylicproduct.com\/pt\/wp-json\/wp\/v2\/product_brand?post=1441"},{"taxonomy":"product_cat","embeddable":true,"href":"https:\/\/customacrylicproduct.com\/pt\/wp-json\/wp\/v2\/product_cat?post=1441"},{"taxonomy":"product_tag","embeddable":true,"href":"https:\/\/customacrylicproduct.com\/pt\/wp-json\/wp\/v2\/product_tag?post=1441"}],"curies":[{"name":"wp","href":"https:\/\/api.w.org\/{rel}","templated":true}]}}