{"id":1451,"date":"2025-07-21T08:16:11","date_gmt":"2025-07-21T08:16:11","guid":{"rendered":"https:\/\/customacrylicproduct.com\/?post_type=product&#038;p=1451"},"modified":"2025-07-21T08:16:11","modified_gmt":"2025-07-21T08:16:11","slug":"office-desk-custom-clear-acrylic-desk-computer-desk","status":"publish","type":"product","link":"https:\/\/customacrylicproduct.com\/pt\/office-desk-custom-clear-acrylic-desk-computer-desk\/","title":{"rendered":"Secret\u00e1ria de escrit\u00f3rio Secret\u00e1ria de computador personalizada em acr\u00edlico transparente"},"content":{"rendered":"<h3 id=\"redefine-your-work-area-the-custom-made-polymer-desk-for-the-modern-visionary\">Redefina a sua \u00e1rea de trabalho: A secret\u00e1ria de pol\u00edmero feita \u00e0 medida para o vision\u00e1rio moderno<\/h3>\n<p>Numa \u00e9poca em que as nossas vidas profissionais e pessoais est\u00e3o muito mais interligadas do que nunca, a \u00e1rea em que vivemos para a imagina\u00e7\u00e3o, concentra\u00e7\u00e3o e desempenho merece ser mais do que simplesmente funcional. Tem de ser uma expans\u00e3o da nossa individualidade, um recurso de inspira\u00e7\u00e3o e um testemunho de um design impressionante. N\u00e3o se lembrem das secret\u00e1rias grandes e pouco criativas do passado - a madeira robusta, o a\u00e7o frio, os estilos comuns que habitam a \u00e1rea sem a impulsionar. Est\u00e1 na altura de aceitar um novo padr\u00e3o de design, um que valorize a luz, o ar e a express\u00e3o pessoal.<\/p>\n<p>Apresentando o\u00a0<strong>Secret\u00e1ria de computador em pol\u00edmero personalizada\u00a0<\/strong>, O m\u00f3vel de mesa da marca S.A. \u00e9 uma obra de arte de design minimalista e engenharia moderna. Esta n\u00e3o \u00e9 simplesmente uma pe\u00e7a de mobili\u00e1rio; \u00e9 uma afirma\u00e7\u00e3o. Fabricada a partir de uma pe\u00e7a \u00fanica e cont\u00ednua de acr\u00edlico de \u00faltima gera\u00e7\u00e3o, a sua silhueta ic\u00f3nica em \u201ccascata\u201d flui sem problemas da \u00e1rea de superf\u00edcie para o pavimento, produzindo um encanto escultural que \u00e9 t\u00e3o sens\u00edvel como impressionante. Quer deseje a eleg\u00e2ncia et\u00e9rea e quase impercet\u00edvel da transpar\u00eancia cristalina ou o pop aventureiro de uma cor vibrante e personalizada, esta secret\u00e1ria foi criada para transformar o seu local de trabalho, oficina ou espa\u00e7o criativo num santu\u00e1rio de estilo e efici\u00eancia.<\/p>\n<p><img fetchpriority=\"high\" decoding=\"async\" class=\"wp-image-1452 size-large aligncenter\" src=\"https:\/\/customacrylicproduct.com\/wp-content\/uploads\/2025\/07\/Custom-Clear-Acrylic-Desk-1-1024x1024.jpg\" alt=\"Secret\u00e1ria acr\u00edlica transparente personalizada (1)\" width=\"1024\" height=\"1024\" srcset=\"https:\/\/customacrylicproduct.com\/wp-content\/uploads\/2025\/07\/Custom-Clear-Acrylic-Desk-1-1024x1024.jpg 1024w, https:\/\/customacrylicproduct.com\/wp-content\/uploads\/2025\/07\/Custom-Clear-Acrylic-Desk-1-300x300.jpg 300w, https:\/\/customacrylicproduct.com\/wp-content\/uploads\/2025\/07\/Custom-Clear-Acrylic-Desk-1-150x150.jpg 150w, https:\/\/customacrylicproduct.com\/wp-content\/uploads\/2025\/07\/Custom-Clear-Acrylic-Desk-1-768x768.jpg 768w, https:\/\/customacrylicproduct.com\/wp-content\/uploads\/2025\/07\/Custom-Clear-Acrylic-Desk-1-600x600.jpg 600w, https:\/\/customacrylicproduct.com\/wp-content\/uploads\/2025\/07\/Custom-Clear-Acrylic-Desk-1-100x100.jpg 100w, https:\/\/customacrylicproduct.com\/wp-content\/uploads\/2025\/07\/Custom-Clear-Acrylic-Desk-1.jpg 1500w\" sizes=\"(max-width: 1024px) 100vw, 1024px\" \/><\/p>\n<h4 id=\"-the-power-of-openness-an-illusion-of-area-and-quality-\"><strong>O poder da abertura: Uma ilus\u00e3o de \u00e1rea e qualidade<\/strong><\/h4>\n<p>Imagine um espa\u00e7o de trabalho que parece realmente aberto, ventilado e sem limites. A varia\u00e7\u00e3o transparente da nossa secret\u00e1ria em acr\u00edlico, como se v\u00ea na fotografia inicial, \u00e9 o sonho do minimalista. O seu tipo imaculado e cristalino cria um impacto espetacular de \u201cfantasma\u201d, permitindo que se misture facilmente com qualquer tipo de decora\u00e7\u00e3o, ao mesmo tempo que faz com que a \u00e1rea pare\u00e7a significativamente maior e muito mais organizada. \u00c9 a melhor op\u00e7\u00e3o para pequenos apartamentos ou condom\u00ednios, espa\u00e7os acolhedores de escrit\u00f3rio em casa, ou qualquer pessoa que pense que uma \u00e1rea organizada leva a uma mente organizada.<\/p>\n<p>A superf\u00edcie da mesa de trabalho parece flutuar no ar, oferecendo uma plataforma maravilhosa para as suas ferramentas essenciais. O seu computador port\u00e1til parece suspenso, a sua ch\u00e1vena de caf\u00e9 preferida \u00e9 mantida no ar e o eco-friendly v\u00edvido de uma pequena suculenta torna-se um ponto focal em rela\u00e7\u00e3o ao fundo transparente. A luz atravessa-a sem bloqueios, espalhando-se pelo ch\u00e3o e pelas paredes, eliminando o forte impacto visual das mesas de trabalho convencionais. Este sil\u00eancio visual permite que a sua decora\u00e7\u00e3o, a sua vista e as suas ideias sejam o centro das aten\u00e7\u00f5es. Fabricada a partir de acr\u00edlico de grande espessura e custo, utiliza a eleg\u00e2ncia transparente do vidro sem a fragilidade ou o peso dif\u00edcil, assegurando a durabilidade e uma est\u00e9tica elegante e polida durante muitos anos.<\/p>\n<p><img decoding=\"async\" class=\"wp-image-1453 size-large aligncenter\" src=\"https:\/\/customacrylicproduct.com\/wp-content\/uploads\/2025\/07\/Custom-Clear-Acrylic-Desk-2-1024x1024.jpg\" alt=\"Secret\u00e1ria acr\u00edlica transparente personalizada (2)\" width=\"1024\" height=\"1024\" srcset=\"https:\/\/customacrylicproduct.com\/wp-content\/uploads\/2025\/07\/Custom-Clear-Acrylic-Desk-2-1024x1024.jpg 1024w, https:\/\/customacrylicproduct.com\/wp-content\/uploads\/2025\/07\/Custom-Clear-Acrylic-Desk-2-300x300.jpg 300w, https:\/\/customacrylicproduct.com\/wp-content\/uploads\/2025\/07\/Custom-Clear-Acrylic-Desk-2-150x150.jpg 150w, https:\/\/customacrylicproduct.com\/wp-content\/uploads\/2025\/07\/Custom-Clear-Acrylic-Desk-2-768x768.jpg 768w, https:\/\/customacrylicproduct.com\/wp-content\/uploads\/2025\/07\/Custom-Clear-Acrylic-Desk-2-600x600.jpg 600w, https:\/\/customacrylicproduct.com\/wp-content\/uploads\/2025\/07\/Custom-Clear-Acrylic-Desk-2-100x100.jpg 100w, https:\/\/customacrylicproduct.com\/wp-content\/uploads\/2025\/07\/Custom-Clear-Acrylic-Desk-2.jpg 1500w\" sizes=\"(max-width: 1024px) 100vw, 1024px\" \/><\/p>\n<h4 id=\"-a-dash-of-luster-express-yourself-with-customized-shade-\"><strong>Uma pitada de brilho: Expresse-se com sombras personalizadas<\/strong><\/h4>\n<p>Para os vibrantes, imaginativos e expressivos, a nossa secret\u00e1ria em acr\u00edlico est\u00e1 dispon\u00edvel numa magn\u00edfica gama de cores personalizadas. Tal como se pode ver no design laranja vivo, esta secret\u00e1ria pode ser o ponto focal eletrizante da sua \u00e1rea. Imagine o brilho acolhedor e en\u00e9rgico do laranja do p\u00f4r do sol a infundir o seu espa\u00e7o de trabalho com imagina\u00e7\u00e3o e paix\u00e3o. \u00c9 uma inje\u00e7\u00e3o de adrenalina imaginativa, uma fonte constante de inspira\u00e7\u00e3o que transforma o seu escrit\u00f3rio num est\u00fadio din\u00e2mico. A cor transparente capta a luz, lan\u00e7ando um tom acolhedor e ambiente em toda a \u00e1rea, desenvolvendo um estado de esp\u00edrito que \u00e9 simultaneamente avan\u00e7ado e divertido.<\/p>\n<p>A secret\u00e1ria cor de laranja, quer seja utilizada como uma esta\u00e7\u00e3o de computador moderna com uma cadeira acr\u00edlica a condizer ou como uma mesa de centro extravagante numa sala de estar moderna, demonstra o poder transformador da cor. Mas a sele\u00e7\u00e3o \u00e9 sua. Visualize um cinzento esfumado fant\u00e1stico para um ambiente avan\u00e7ado e especializado; um azul n\u00e1utico profundo para promover a calma e a concentra\u00e7\u00e3o; ou um f\u00facsia divertido para revigorar um espa\u00e7o criativo. As nossas alternativas de cores personalizadas permitem-lhe combinar na perfei\u00e7\u00e3o a sua secret\u00e1ria com a sua marca pessoal, as cores da sua empresa ou simplesmente com o estado de esp\u00edrito que deseja cultivar. N\u00e3o se trata apenas de mobili\u00e1rio; \u00e9 arte \u00fatil, repintada com luz.<\/p>\n<p><img decoding=\"async\" class=\"wp-image-1454 size-large aligncenter\" src=\"https:\/\/customacrylicproduct.com\/wp-content\/uploads\/2025\/07\/Custom-Clear-Acrylic-Desk-3-1024x1024.jpg\" alt=\"Secret\u00e1ria acr\u00edlica transparente personalizada (3)\" width=\"1024\" height=\"1024\" srcset=\"https:\/\/customacrylicproduct.com\/wp-content\/uploads\/2025\/07\/Custom-Clear-Acrylic-Desk-3-1024x1024.jpg 1024w, https:\/\/customacrylicproduct.com\/wp-content\/uploads\/2025\/07\/Custom-Clear-Acrylic-Desk-3-300x300.jpg 300w, https:\/\/customacrylicproduct.com\/wp-content\/uploads\/2025\/07\/Custom-Clear-Acrylic-Desk-3-150x150.jpg 150w, https:\/\/customacrylicproduct.com\/wp-content\/uploads\/2025\/07\/Custom-Clear-Acrylic-Desk-3-768x768.jpg 768w, https:\/\/customacrylicproduct.com\/wp-content\/uploads\/2025\/07\/Custom-Clear-Acrylic-Desk-3-600x600.jpg 600w, https:\/\/customacrylicproduct.com\/wp-content\/uploads\/2025\/07\/Custom-Clear-Acrylic-Desk-3-100x100.jpg 100w, https:\/\/customacrylicproduct.com\/wp-content\/uploads\/2025\/07\/Custom-Clear-Acrylic-Desk-3.jpg 1154w\" sizes=\"(max-width: 1024px) 100vw, 1024px\" \/><\/p>\n<h4 id=\"-masterful-design-meets-uncompromising-functionality-\"><strong>O design magistral alia-se a uma funcionalidade sem compromissos<\/strong><\/h4>\n<p>Embora a sua est\u00e9tica seja, sem d\u00favida, a sua fun\u00e7\u00e3o mais marcante, a secret\u00e1ria acr\u00edlica personalizada foi concebida tendo em mente a efici\u00eancia di\u00e1ria. A magia do estilo cascata depende da sua constru\u00e7\u00e3o sem costuras, que elimina linhas e articula\u00e7\u00f5es severas, resultando num tipo fluido e elegante, com arestas arredondadas de grande beleza que s\u00e3o simultaneamente seguras e esteticamente suaves.<\/p>\n<p>Um elemento vital desta disposi\u00e7\u00e3o inteligente \u00e9 a prateleira inferior incorporada. Este n\u00edvel discreto, mas espa\u00e7oso, \u00e9 vital para preservar uma superf\u00edcie de trabalho bonita e sem desordem. \u00c9 a melhor casa para os livros de refer\u00eancia, como a elegante quantidade \u201cCHANEE\u201d, ou para guardar o teclado e o rato do computador no final do dia. Pode guardar blocos de notas, agendas ou talvez um computador tablet, mas com f\u00e1cil acesso, mantendo a \u00e1rea aberta e arrumada da secret\u00e1ria principal para as suas tarefas imediatas.<\/p>\n<p>O pr\u00f3prio computador de secret\u00e1ria oferece amplas propriedades para qualquer configura\u00e7\u00e3o. Pode acomodar convenientemente um computador port\u00e1til e acess\u00f3rios simples, como na primeira imagem, ou um monitor de computador de secret\u00e1ria de tamanho normal, como um iMac, um teclado e um rato de computador, com espa\u00e7o suficiente para um bloco de notas, uma planta e a sua bebida preferida. A sua versatilidade ultrapassa o local de trabalho; utilize-a como uma sofisticada mesa de toucador no seu quarto, uma elegante mesa de consola numa entrada ou uma sofisticada superf\u00edcie de ecr\u00e3 na sua sala de estar.<\/p>\n<h4 id=\"-the-ultimate-bespoke-present-for-the-discerning-person-\"><strong>O melhor presente personalizado para uma pessoa exigente<\/strong><\/h4>\n<p>Num mundo de produtos produzidos em massa, um presente absolutamente individual e atencioso \u00e9 diferente. A mesa de trabalho acr\u00edlica personalizada \u00e9 o presente supremo para as pessoas da sua vida que apreciam design, qualidade e exclusividade. \u00c9 um presente extraordin\u00e1rio para um graduado atual que est\u00e1 come\u00e7ando sua profiss\u00e3o, um empres\u00e1rio iniciante que est\u00e1 apresentando a empresa dos seus sonhos ou um ente querido que recentemente fez a transi\u00e7\u00e3o para trabalhar em casa.<\/p>\n<p>Aumente o seu presente tirando partido das nossas op\u00e7\u00f5es de personaliza\u00e7\u00e3o. Selecione as medidas ideais para uma divis\u00e3o especial. Escolha uma cor que espelhe o seu cora\u00e7\u00e3o - seja ela relaxante e clara ou din\u00e2mica e arrojada. Para um toque pessoal realmente incompar\u00e1vel, considere a possibilidade de gravar as iniciais, uma cita\u00e7\u00e3o inspiradora ou o log\u00f3tipo da empresa na superf\u00edcie. Desta forma, a secret\u00e1ria deixa de ser um objeto bonito e passa a ser um patrim\u00f3nio pessoal, uma recorda\u00e7\u00e3o di\u00e1ria da sua aten\u00e7\u00e3o e do seu potencial.<\/p>\n<p><strong>Melhorar o seu ambiente<\/strong><\/p>\n<p>O seu espa\u00e7o de trabalho \u00e9 onde nascem os conceitos, se criam as t\u00e9cnicas e se constroem os desejos. Deve ser um lugar que o equipa e motiva. A secret\u00e1ria acr\u00edlica personalizada para sistemas inform\u00e1ticos \u00e9 mais do que um simples local de trabalho; \u00e9 um catalisador para o pensamento criativo, um s\u00edmbolo do estilo moderno e uma representa\u00e7\u00e3o clara do seu estilo de pensamento avan\u00e7ado. Selecione a qualidade. Escolha a cor. Escolha personalizado. Est\u00e1 na altura de criar um espa\u00e7o que adora.<\/p>","protected":false},"excerpt":{"rendered":"<p class=\"ng-star-inserted\"><span class=\"ng-star-inserted\">Transforme o seu espa\u00e7o de trabalho com esta espantosa secret\u00e1ria acr\u00edlica em cascata. O seu design minimalista e transparente d\u00e1 um toque moderno e cria uma ilus\u00e3o de espa\u00e7o. Dispon\u00edvel em cores claras ou vibrantes personalizadas com uma pr\u00e1tica prateleira de arruma\u00e7\u00e3o. Perfeita para o seu escrit\u00f3rio em casa ou como uma elegante mesa de toucador.<\/span><\/p>","protected":false},"featured_media":1452,"template":"","meta":{"_kad_post_transparent":"default","_kad_post_title":"","_kad_post_layout":"default","_kad_post_sidebar_id":"","_kad_post_content_style":"default","_kad_post_vertical_padding":"default","_kad_post_feature":"","_kad_post_feature_position":"","_kad_post_header":false,"_kad_post_footer":false,"_kad_post_classname":""},"product_brand":[],"product_cat":[21],"product_tag":[151],"class_list":{"0":"post-1451","1":"product","2":"type-product","3":"status-publish","4":"has-post-thumbnail","6":"product_cat-custom-acrylic-furnitures","7":"product_tag-custom-clear-acrylic-desk","9":"first","10":"instock","11":"shipping-taxable","12":"product-type-simple","13":"entry","14":"content-bg","15":"loop-entry"},"_links":{"self":[{"href":"https:\/\/customacrylicproduct.com\/pt\/wp-json\/wp\/v2\/product\/1451","targetHints":{"allow":["GET"]}}],"collection":[{"href":"https:\/\/customacrylicproduct.com\/pt\/wp-json\/wp\/v2\/product"}],"about":[{"href":"https:\/\/customacrylicproduct.com\/pt\/wp-json\/wp\/v2\/types\/product"}],"wp:featuredmedia":[{"embeddable":true,"href":"https:\/\/customacrylicproduct.com\/pt\/wp-json\/wp\/v2\/media\/1452"}],"wp:attachment":[{"href":"https:\/\/customacrylicproduct.com\/pt\/wp-json\/wp\/v2\/media?parent=1451"}],"wp:term":[{"taxonomy":"product_brand","embeddable":true,"href":"https:\/\/customacrylicproduct.com\/pt\/wp-json\/wp\/v2\/product_brand?post=1451"},{"taxonomy":"product_cat","embeddable":true,"href":"https:\/\/customacrylicproduct.com\/pt\/wp-json\/wp\/v2\/product_cat?post=1451"},{"taxonomy":"product_tag","embeddable":true,"href":"https:\/\/customacrylicproduct.com\/pt\/wp-json\/wp\/v2\/product_tag?post=1451"}],"curies":[{"name":"wp","href":"https:\/\/api.w.org\/{rel}","templated":true}]}}