{"id":1457,"date":"2025-07-21T08:29:07","date_gmt":"2025-07-21T08:29:07","guid":{"rendered":"https:\/\/customacrylicproduct.com\/?post_type=product&#038;p=1457"},"modified":"2025-07-21T08:29:07","modified_gmt":"2025-07-21T08:29:07","slug":"custom-acrylic-display-stand-acrylic-u-shape-display-stand","status":"publish","type":"product","link":"https:\/\/customacrylicproduct.com\/pt\/custom-acrylic-display-stand-acrylic-u-shape-display-stand\/","title":{"rendered":"Expositor acr\u00edlico personalizado Expositor acr\u00edlico em forma de U"},"content":{"rendered":"<h3 id=\"-raise-your-show-the-ultimate-customized-u-shaped-polymer-riser-stand-\"><strong>Eleve o seu espet\u00e1culo: O derradeiro suporte elevat\u00f3rio de pol\u00edmero em forma de U personalizado<\/strong><\/h3>\n<p>Num mundo repleto de objectos, a forma como os oferece \u00e9 t\u00e3o vital como os pr\u00f3prios objectos. Uma prateleira desarrumada, um balc\u00e3o de cozinha de pernas para o ar ou um ecr\u00e3 de exposi\u00e7\u00e3o de retalho sem brilho podem fazer com que os seus pertences mais preciosos ou artigos muito populares sejam ignorados. Est\u00e1 na altura de mudar a sua discuss\u00e3o de mundana para espetacular. Apresentamos o suporte para presentes em pol\u00edmero personalizado em forma de U - uma ferramenta flex\u00edvel, sofisticada e poderosa, concebida para fazer sobressair os seus artigos, chamar a aten\u00e7\u00e3o e contar a sua pr\u00f3pria hist\u00f3ria.<\/p>\n<p>Isto n\u00e3o \u00e9 apenas um suporte; \u00e9 uma fase. Fabricados em acr\u00edlico de qualidade superior e cristalino, estes suportes oferecem um resultado inovador de \u201cderiva\u201d, desenvolvendo uma est\u00e9tica limpa e moderna que aumenta em vez de distrair. Quer seja um colecionador cr\u00edtico, um vision\u00e1rio do retalho ou apenas uma pessoa que valoriza uma sala organizada e atraente, esta cole\u00e7\u00e3o de suportes para ecr\u00e3s \u00e9 a solu\u00e7\u00e3o flex\u00edvel que tem procurado.<\/p>\n<p><img fetchpriority=\"high\" decoding=\"async\" class=\"size-full wp-image-1458\" src=\"https:\/\/customacrylicproduct.com\/wp-content\/uploads\/2025\/07\/Custom-Acrylic-Display-1-1.jpg\" alt=\"Expositor acr\u00edlico personalizado (1)\" width=\"750\" height=\"750\" srcset=\"https:\/\/customacrylicproduct.com\/wp-content\/uploads\/2025\/07\/Custom-Acrylic-Display-1-1.jpg 750w, https:\/\/customacrylicproduct.com\/wp-content\/uploads\/2025\/07\/Custom-Acrylic-Display-1-1-300x300.jpg 300w, https:\/\/customacrylicproduct.com\/wp-content\/uploads\/2025\/07\/Custom-Acrylic-Display-1-1-150x150.jpg 150w, https:\/\/customacrylicproduct.com\/wp-content\/uploads\/2025\/07\/Custom-Acrylic-Display-1-1-600x600.jpg 600w, https:\/\/customacrylicproduct.com\/wp-content\/uploads\/2025\/07\/Custom-Acrylic-Display-1-1-100x100.jpg 100w\" sizes=\"(max-width: 750px) 100vw, 750px\" \/><\/p>\n<h4 id=\"-unparalleled-clearness-and-superior-top-quality-\"><strong>Clareza sem paralelo e qualidade superior<\/strong><\/h4>\n<p>Os nossos expositores em forma de U s\u00e3o constru\u00eddos a partir de acr\u00edlico de alta densidade e de qualidade A, um material conhecido pelas suas constru\u00e7\u00f5es fenomenais. Ao contr\u00e1rio do vidro, o acr\u00edlico \u00e9 leve e resistente a estilha\u00e7os, o que o torna uma sele\u00e7\u00e3o mais segura e muito mais funcional, tanto para ambientes industriais como dom\u00e9sticos. No entanto, a sua carater\u00edstica mais atractiva \u00e9 a clareza \u00f3tica. Com uma taxa de transmiss\u00e3o de luz que ultrapassa o vidro, os nossos suportes de acr\u00edlico garantem que os seus artigos s\u00e3o vistos sem qualquer tonalidade ou distor\u00e7\u00e3o. A \u00eanfase continua a ser inteiramente colocada no seu artigo, apresentado nas suas tonalidades mais verdadeiras e na sua melhor informa\u00e7\u00e3o.<\/p>\n<p>Cada suporte \u00e9 meticulosamente fabricado a partir de uma \u00fanica folha de acr\u00edlico. Utilizando uma inova\u00e7\u00e3o avan\u00e7ada de dobragem por calor, criamos uma curva em \u201ccascata\u201d sem costuras, provocando a famosa forma de U. Esta constru\u00e7\u00e3o de pe\u00e7a \u00fanica elimina a necessidade de cola indesej\u00e1vel ou de juntas fracas, assegurando uma resist\u00eancia e resili\u00eancia de primeira qualidade. Os lados s\u00e3o cortados a laser e polidos com diamante para um acabamento suave e luminoso, espelhando a luz de forma maravilhosa e incluindo um toque de luxo na apresenta\u00e7\u00e3o total.<\/p>\n<p><img decoding=\"async\" class=\"size-full wp-image-1459\" src=\"https:\/\/customacrylicproduct.com\/wp-content\/uploads\/2025\/07\/Custom-Acrylic-Display-2-1.jpg\" alt=\"Expositor acr\u00edlico personalizado (2)\" width=\"750\" height=\"750\" srcset=\"https:\/\/customacrylicproduct.com\/wp-content\/uploads\/2025\/07\/Custom-Acrylic-Display-2-1.jpg 750w, https:\/\/customacrylicproduct.com\/wp-content\/uploads\/2025\/07\/Custom-Acrylic-Display-2-1-300x300.jpg 300w, https:\/\/customacrylicproduct.com\/wp-content\/uploads\/2025\/07\/Custom-Acrylic-Display-2-1-150x150.jpg 150w, https:\/\/customacrylicproduct.com\/wp-content\/uploads\/2025\/07\/Custom-Acrylic-Display-2-1-600x600.jpg 600w, https:\/\/customacrylicproduct.com\/wp-content\/uploads\/2025\/07\/Custom-Acrylic-Display-2-1-100x100.jpg 100w\" sizes=\"(max-width: 750px) 100vw, 750px\" \/><\/p>\n<h4 id=\"-a-world-of-versatility-from-retail-to-collectibles-\"><strong>Um mundo de versatilidade: Do retalho aos objectos de cole\u00e7\u00e3o<\/strong><\/h4>\n<p>A verdade \u00e9 que a genialidade destes montantes em acr\u00edlico reside na sua incr\u00edvel versatilidade. Muitas vezes dispon\u00edveis num tr\u00edgono aninhado ou em dimens\u00f5es mais variadas (pequeno, m\u00e9dio e grande), podem ser configurados para desenvolver uma hierarquia est\u00e9tica din\u00e2mica e multin\u00edvel. Este efeito em camadas atrai o olhar atrav\u00e9s do expositor, garantindo que cada artigo obt\u00e9m o seu momento de destaque.<\/p>\n<p><strong>Para o ambiente de retalho:\u00a0<\/strong>.<\/p>\n<ul>\n<li><strong>Boutiques e sapatarias:\u00a0<\/strong>Como mostram as nossas imagens, estes suportes s\u00e3o excelentes para sapatos topo de gama. Mostre um par de sapatos nude de classe com os seus saltos vermelhos marcantes ou um par cl\u00e1ssico de sapatos pretos em pele natural. As diferentes alturas permitem-lhe incluir um item her\u00f3i ou organizar uma cole\u00e7\u00e3o com um ritmo est\u00e9tico sofisticado.<\/li>\n<li><strong>Balc\u00f5es de j\u00f3ias preciosas e acess\u00f3rios:\u00a0<\/strong>Visualize colares fr\u00e1geis sobre a superf\u00edcie requintada, vistas que captam a luz ou bolsas de revela\u00e7\u00e3o apresentadas como obras-primas. A natureza clara do suporte faz com que os tesouros cintilem e os metais brilhem.<\/li>\n<li><strong>Cosm\u00e9tica e eleg\u00e2ncia:\u00a0<\/strong>Organize fragr\u00e2ncias, recipientes para cuidados com a pele e paletas de maquilhagem num ecr\u00e3 impec\u00e1vel e acolhedor que fala de qualidade e saneamento.<\/li>\n<li><strong>Padarias e caf\u00e9s:\u00a0<\/strong>Produza um expositor apetitoso para cupcakes, macarons e pastelaria artesanal. O produto acr\u00edlico seguro para alimentos \u00e9 higi\u00e9nico e f\u00e1cil de limpar.<\/li>\n<li><strong>Exposi\u00e7\u00f5es e mostras:\u00a0<\/strong>Numa configura\u00e7\u00e3o competitiva, destaque-se da multid\u00e3o. Estes suportes leves e m\u00f3veis s\u00e3o simples de entregar e montar, proporcionando imediatamente ao seu stand um aspeto elegante e especializado.<\/li>\n<\/ul>\n<p><img decoding=\"async\" class=\"size-full wp-image-1460\" src=\"https:\/\/customacrylicproduct.com\/wp-content\/uploads\/2025\/07\/Custom-Acrylic-Display-3-1.jpg\" alt=\"Expositor acr\u00edlico personalizado (3)\" width=\"750\" height=\"750\" srcset=\"https:\/\/customacrylicproduct.com\/wp-content\/uploads\/2025\/07\/Custom-Acrylic-Display-3-1.jpg 750w, https:\/\/customacrylicproduct.com\/wp-content\/uploads\/2025\/07\/Custom-Acrylic-Display-3-1-300x300.jpg 300w, https:\/\/customacrylicproduct.com\/wp-content\/uploads\/2025\/07\/Custom-Acrylic-Display-3-1-150x150.jpg 150w, https:\/\/customacrylicproduct.com\/wp-content\/uploads\/2025\/07\/Custom-Acrylic-Display-3-1-600x600.jpg 600w, https:\/\/customacrylicproduct.com\/wp-content\/uploads\/2025\/07\/Custom-Acrylic-Display-3-1-100x100.jpg 100w\" sizes=\"(max-width: 750px) 100vw, 750px\" \/><\/p>\n<p><strong>Para o colecionador entusiasta e organizador dom\u00e9stico:<\/strong><\/p>\n<ul>\n<li><strong>Fase do desejo de um entusiasta:\u00a0<\/strong>Estes suportes s\u00e3o absolutamente essenciais para as ag\u00eancias de cole\u00e7\u00e3o. Produza uma cena impressionante com as suas figuras de a\u00e7\u00e3o favoritas, como as personagens do mundo das Maravilhas, como o Homem-Aranha, o Homem de Ferro, o Hunk e o Thor. Mostre a sua estimada cole\u00e7\u00e3o de Funko Pops, como os encantadores n\u00fameros do Groot, ou as adoradas personagens de anime como o Doraemon. Os n\u00edveis permitem-lhe dar a cada n\u00famero - desde a primeira fila at\u00e9 \u00e0 \u00faltima - uma presen\u00e7a clara, transformando uma prateleira simples num diorama com qualidade de museu.<\/li>\n<li><strong>Estilo de casa elegante:\u00a0<\/strong>Utilize-os para passar antiguidades. Coloque-os numa estante para elevar pequenas esculturas ou suculentas em vasos. Organize o seu toucador, criando n\u00edveis para perfumes e cremes. Na cozinha, podem funcionar como uma elegante prateleira de especiarias.<\/li>\n<\/ul>\n<h4 id=\"-the-power-of-personalization-created-you-\"><strong>O poder da personaliza\u00e7\u00e3o: Criado por si<\/strong><\/h4>\n<p>Embora as nossas colec\u00e7\u00f5es t\u00edpicas sejam criadas para um amplo fasc\u00ednio, compreendemos que uma dimens\u00e3o n\u00e3o serve para todos. \u00c9 por isso que temos todo o gosto em oferecer\u00a0<strong>Suportes acr\u00edlicos personalizados para presentes\u00a0<\/strong>. \u00c9 aqui que revive a sua vis\u00e3o espec\u00edfica.<\/p>\n<ul>\n<li><strong>Dimens\u00f5es personalizadas:\u00a0<\/strong>Tem uma estatueta anormalmente alta ou um objeto de grandes dimens\u00f5es? Podemos fabricar suportes de acordo com os seus requisitos exactos de altura, largura e profundidade, garantindo sempre o melhor ajuste.<\/li>\n<li><strong>Cor e fim:\u00a0<\/strong>Embora o cristalino seja um padr\u00e3o intemporal, a sua marca ou estilo pode exigir algo diferente. Como se pode ver numa das nossas imagens de estilo de vida, estes suportes s\u00e3o magn\u00edficos em\u00a0<strong>acr\u00edlico preto\u00a0<\/strong>, utilizando uma compara\u00e7\u00e3o forte e significativa que faz com que os artigos saltem \u00e0 vista. Al\u00e9m disso, podemos produzi-los em branco, congelado ou numa gama de v\u00e1rias outras cores para combinar perfeitamente com a sua marca.<\/li>\n<li><strong>Marca e personaliza\u00e7\u00e3o:\u00a0<\/strong>Para as empresas, isto \u00e9 um fator de mudan\u00e7a. Podemos inscrever ou publicar habilmente o log\u00f3tipo da sua empresa, o nome da marca ou uma mensagem \u00fanica diretamente no suporte. Isto transforma um simples dispositivo de ecr\u00e3 numa propriedade de marca eficaz.<\/li>\n<\/ul>\n<h4 id=\"-the-perfect-thoughtful-present-\"><strong>O presente perfeito e atencioso<\/strong><\/h4>\n<p>Est\u00e1 a tentar encontrar um presente especial e pr\u00e1tico? O Expositor Acr\u00edlico Personalizado \u00e9 uma sele\u00e7\u00e3o incrivelmente atenciosa para uma sele\u00e7\u00e3o de pessoas na sua vida:.<\/p>\n<ul>\n<li><strong>Para a ag\u00eancia de cobran\u00e7as:\u00a0<\/strong>Ofere\u00e7a-lhes o presente de um ecr\u00e3 deslumbrante para a atividade de lazer de que gostam. \u00c9 um presente que mostra que est\u00e1 atento aos seus interesses.<\/li>\n<li><strong>Para o propriet\u00e1rio de uma empresa local:\u00a0<\/strong>Ajude um amigo pr\u00f3ximo ou familiar a impulsionar a sua pequena empresa ou loja Etsy com uma op\u00e7\u00e3o de exposi\u00e7\u00e3o especializada.<\/li>\n<li><strong>Para os amantes da moda:\u00a0<\/strong>Um meio elegante e moderno para organizarem e exibirem o seu cal\u00e7ado, bolsas ou j\u00f3ias preciosas favoritas.<\/li>\n<li><strong>Para o casal ou o novo propriet\u00e1rio:\u00a0<\/strong>Um presente contempor\u00e2neo e \u00fatil que os ajuda a organizar e a embelezar o seu novo espa\u00e7o com estilo.<\/li>\n<\/ul>\n<p>Adquira uma apresenta\u00e7\u00e3o que justifique os seus artigos e entusiasmos. Desloque-se para al\u00e9m do n\u00edvel e do negligenciado. Com o expositor de pol\u00edmero em forma de U personalizado, pode desenvolver profundidade, incluir eleg\u00e2ncia e transformar qualquer superf\u00edcie numa exposi\u00e7\u00e3o com curadoria. Encomende o seu pr\u00f3prio hoje e descubra a arte da tela de exibi\u00e7\u00e3o.<\/p>","protected":false},"excerpt":{"rendered":"<p class=\"ng-star-inserted\"><span class=\"ng-star-inserted\">Eleve os seus artigos com os nossos expositores acr\u00edlicos personalizados em forma de U. Este conjunto de suportes transparentes \u00e9 perfeito para criar apresenta\u00e7\u00f5es deslumbrantes e de v\u00e1rios n\u00edveis para sapatos, artigos de cole\u00e7\u00e3o ou produtos de retalho. Dur\u00e1vel, elegante e vers\u00e1til para qualquer necessidade de exposi\u00e7\u00e3o.<\/span><\/p>","protected":false},"featured_media":1458,"template":"","meta":{"_kad_post_transparent":"default","_kad_post_title":"","_kad_post_layout":"default","_kad_post_sidebar_id":"","_kad_post_content_style":"default","_kad_post_vertical_padding":"default","_kad_post_feature":"","_kad_post_feature_position":"","_kad_post_header":false,"_kad_post_footer":false,"_kad_post_classname":""},"product_brand":[],"product_cat":[15],"product_tag":[33],"class_list":{"0":"post-1457","1":"product","2":"type-product","3":"status-publish","4":"has-post-thumbnail","6":"product_cat-custom-acrylic-displays","7":"product_tag-custom-acrylic-display","9":"first","10":"instock","11":"shipping-taxable","12":"product-type-simple","13":"entry","14":"content-bg","15":"loop-entry"},"_links":{"self":[{"href":"https:\/\/customacrylicproduct.com\/pt\/wp-json\/wp\/v2\/product\/1457","targetHints":{"allow":["GET"]}}],"collection":[{"href":"https:\/\/customacrylicproduct.com\/pt\/wp-json\/wp\/v2\/product"}],"about":[{"href":"https:\/\/customacrylicproduct.com\/pt\/wp-json\/wp\/v2\/types\/product"}],"wp:featuredmedia":[{"embeddable":true,"href":"https:\/\/customacrylicproduct.com\/pt\/wp-json\/wp\/v2\/media\/1458"}],"wp:attachment":[{"href":"https:\/\/customacrylicproduct.com\/pt\/wp-json\/wp\/v2\/media?parent=1457"}],"wp:term":[{"taxonomy":"product_brand","embeddable":true,"href":"https:\/\/customacrylicproduct.com\/pt\/wp-json\/wp\/v2\/product_brand?post=1457"},{"taxonomy":"product_cat","embeddable":true,"href":"https:\/\/customacrylicproduct.com\/pt\/wp-json\/wp\/v2\/product_cat?post=1457"},{"taxonomy":"product_tag","embeddable":true,"href":"https:\/\/customacrylicproduct.com\/pt\/wp-json\/wp\/v2\/product_tag?post=1457"}],"curies":[{"name":"wp","href":"https:\/\/api.w.org\/{rel}","templated":true}]}}