{"id":1462,"date":"2025-07-21T08:41:38","date_gmt":"2025-07-21T08:41:38","guid":{"rendered":"https:\/\/customacrylicproduct.com\/?post_type=product&#038;p=1462"},"modified":"2025-07-21T08:41:38","modified_gmt":"2025-07-21T08:41:38","slug":"wholesale-custom-custom-acrylic-fashion-label-for-brand-logo","status":"publish","type":"product","link":"https:\/\/customacrylicproduct.com\/pt\/wholesale-custom-custom-acrylic-fashion-label-for-brand-logo\/","title":{"rendered":"Etiqueta de moda acr\u00edlica personalizada por atacado para o log\u00f3tipo da marca"},"content":{"rendered":"<h3 id=\"-elevate-your-brand-an-intro-to-costs-personalized-style-labels-\"><strong>Eleve a sua marca: Uma introdu\u00e7\u00e3o aos custos de etiquetas de estilo personalizadas<\/strong><\/h3>\n<p>Num mundo repleto de marcas, a miss\u00e3o de marcar a diferen\u00e7a \u00e9 fundamental. Cada detalhe \u00e9 um problema, cada ponto de contacto \u00e9 uma oportunidade e cada elemento do seu artigo tem de ligar a sua hist\u00f3ria de qualidade superior, tratamento e identidade. A \u00faltima assinatura t\u00e1til do seu desenvolvimento \u00e9 frequentemente uma das mais duradouras. Apresentamos a nossa linha superior de etiquetas de moda em pol\u00edmero e a\u00e7o personalizadas por atacado - o toque final que transforma os seus produtos de meros artigos em pe\u00e7as preciosas do legado da sua marca.<\/p>\n<p>N\u00e3o se trata apenas de etiquetas, mas sim de pequenos emblemas de qualidade, cuidadosamente elaborados para suportar o peso e a estatura do design do seu log\u00f3tipo. Concebidas para designers cr\u00edticos, designers artesanais, gestores de ofertas comerciais e marcas desenvolvidas, as nossas etiquetas personalizadas s\u00e3o a ponte entre a sua vis\u00e3o e a perce\u00e7\u00e3o de qualidade inigual\u00e1vel do seu consumidor.<\/p>\n<p><img fetchpriority=\"high\" decoding=\"async\" class=\"size-full wp-image-1466\" src=\"https:\/\/customacrylicproduct.com\/wp-content\/uploads\/2025\/07\/Acrylic-Fashion-Label-4.jpg\" alt=\"Etiqueta de moda em acr\u00edlico (4)\" width=\"800\" height=\"800\" srcset=\"https:\/\/customacrylicproduct.com\/wp-content\/uploads\/2025\/07\/Acrylic-Fashion-Label-4.jpg 800w, https:\/\/customacrylicproduct.com\/wp-content\/uploads\/2025\/07\/Acrylic-Fashion-Label-4-300x300.jpg 300w, https:\/\/customacrylicproduct.com\/wp-content\/uploads\/2025\/07\/Acrylic-Fashion-Label-4-150x150.jpg 150w, https:\/\/customacrylicproduct.com\/wp-content\/uploads\/2025\/07\/Acrylic-Fashion-Label-4-768x768.jpg 768w, https:\/\/customacrylicproduct.com\/wp-content\/uploads\/2025\/07\/Acrylic-Fashion-Label-4-600x600.jpg 600w, https:\/\/customacrylicproduct.com\/wp-content\/uploads\/2025\/07\/Acrylic-Fashion-Label-4-100x100.jpg 100w\" sizes=\"(max-width: 800px) 100vw, 800px\" \/><\/p>\n<h4 id=\"-the-unspoken-power-of-a-premium-tag-\"><strong>O poder t\u00e1cito de uma etiqueta Premium<\/strong><\/h4>\n<p>Antes de um cliente experimentar a qualidade superior completa da sua pe\u00e7a de vestu\u00e1rio, mala ou acess\u00f3rio, v\u00ea e sente a etiqueta. Esta intera\u00e7\u00e3o inicial estabelece o tom para toda a experi\u00eancia da marca. Uma etiqueta leve e publicada pode desvalorizar inconscientemente o artigo, ao passo que uma etiqueta s\u00f3lida, elegantemente inscrita em metal ou em acr\u00edlico brilhante associa imediatamente luxo, resist\u00eancia e aten\u00e7\u00e3o precisa \u00e0 informa\u00e7\u00e3o.<\/p>\n<p>As nossas etiquetas proporcionam uma liga\u00e7\u00e3o substancial \u00e0 sua marca. O toque incr\u00edvel e suave do metal elegante, o peso subtil que fala de subst\u00e2ncia, a inscri\u00e7\u00e3o n\u00edtida e exacta do design do seu log\u00f3tipo - estas informa\u00e7\u00f5es sensoriais produzem uma impress\u00e3o eficaz e duradoura. Contam a hist\u00f3ria de uma marca que se compra a si pr\u00f3pria e, por extens\u00e3o, na satisfa\u00e7\u00e3o e deleite dos seus clientes. Este elemento min\u00fasculo, mas substancial, eleva o valor considerado de qualquer tipo de coisa que decora, justificando um fator de taxa de custos e fomentando um compromisso inabal\u00e1vel com a marca.<\/p>\n<p><img decoding=\"async\" class=\"size-full wp-image-1465\" src=\"https:\/\/customacrylicproduct.com\/wp-content\/uploads\/2025\/07\/Acrylic-Fashion-Label-3.jpg\" alt=\"Etiqueta de moda em acr\u00edlico (3)\" width=\"800\" height=\"800\" srcset=\"https:\/\/customacrylicproduct.com\/wp-content\/uploads\/2025\/07\/Acrylic-Fashion-Label-3.jpg 800w, https:\/\/customacrylicproduct.com\/wp-content\/uploads\/2025\/07\/Acrylic-Fashion-Label-3-300x300.jpg 300w, https:\/\/customacrylicproduct.com\/wp-content\/uploads\/2025\/07\/Acrylic-Fashion-Label-3-150x150.jpg 150w, https:\/\/customacrylicproduct.com\/wp-content\/uploads\/2025\/07\/Acrylic-Fashion-Label-3-768x768.jpg 768w, https:\/\/customacrylicproduct.com\/wp-content\/uploads\/2025\/07\/Acrylic-Fashion-Label-3-600x600.jpg 600w, https:\/\/customacrylicproduct.com\/wp-content\/uploads\/2025\/07\/Acrylic-Fashion-Label-3-100x100.jpg 100w\" sizes=\"(max-width: 800px) 100vw, 800px\" \/><\/p>\n<h4 id=\"-letting-loose-imagination-unmatched-customization-at-your-fingertips-\"><strong>Soltar a imagina\u00e7\u00e3o: Personaliza\u00e7\u00e3o inigual\u00e1vel na ponta dos dedos<\/strong><\/h4>\n<p>A sua marca \u00e9 \u00fanica, e o seu r\u00f3tulo tamb\u00e9m o deve ser. Constru\u00edmos a nossa solu\u00e7\u00e3o em torno de uma base de personaliza\u00e7\u00e3o total, garantindo que o produto final \u00e9 uma representa\u00e7\u00e3o perfeita e tang\u00edvel da identifica\u00e7\u00e3o da sua marca. Acompanhamo-lo em todas as fases, desde a conce\u00e7\u00e3o at\u00e9 \u00e0 conclus\u00e3o, para dar vida \u00e0 sua vis\u00e3o.<\/p>\n<p><strong>1. Uma escolha de materiais de prest\u00edgio:<\/strong><\/p>\n<p>Embora as fotografias mostrem uma variedade espetacular de superf\u00edcies met\u00e1licas, as nossas capacidades abrangem tanto os a\u00e7os intemporais como os acr\u00edlicos modernos, proporcionando-lhe um espetro de possibilidades est\u00e9ticas.<\/p>\n<ul>\n<li><strong>Metal (liga de zinco, lat\u00e3o, a\u00e7o inoxid\u00e1vel):\u00a0<\/strong>A op\u00e7\u00e3o por excel\u00eancia para as marcas de luxo e de patrim\u00f3nio. Os nossos r\u00f3tulos met\u00e1licos s\u00e3o propostos numa gama de superf\u00edcies, que consiste em:.<\/li>\n<li><strong>Ouro elegante:\u00a0<\/strong>Brilhante, cl\u00e1ssico e, sem d\u00favida, opulento. Perfeito para um estilo sofisticado, vestu\u00e1rio de casamento e artigos de luxo em pele natural.<\/li>\n<li><strong>Prata penteada\/n\u00edquel:\u00a0<\/strong>Um revestimento inovador e moderno que sugere um estilo atual e precis\u00e3o tecnol\u00f3gica.<\/li>\n<li><strong>Ouro rosa:\u00a0<\/strong>Uma op\u00e7\u00e3o elegante e cl\u00e1ssica que proporciona calor e um toque de romantismo.<\/li>\n<li><strong>Lat\u00e3o\/Bronze antigo:\u00a0<\/strong>Apresenta uma sensa\u00e7\u00e3o vintage e artesanal, adequada para artigos artesanais, ganga e colec\u00e7\u00f5es inspiradas no patrim\u00f3nio.<\/li>\n<li><strong>Preto mate:\u00a0<\/strong>Elegante, minimalista e forte. Uma op\u00e7\u00e3o poderosa para streetwear, acess\u00f3rios tecnol\u00f3gicos e estilos progressivos.<\/li>\n<li><strong>Gunmetal:\u00a0<\/strong>Uma superf\u00edcie escura, temperamental e industrial que exala um requinte ousado.<\/li>\n<li><strong>Pol\u00edmero:\u00a0<\/strong>Para marcas que procuram uma declara\u00e7\u00e3o moderna, leve ou viva. O acr\u00edlico oferece v\u00e1rios tipos de conveni\u00eancia:.<\/li>\n<li><strong>Tons vibrantes:\u00a0<\/strong>Dispon\u00edvel num esquema virtualmente ilimitado de tons opacos, transparentes ou fluorescentes para corresponder completamente ao esquema de cores da sua marca.<\/li>\n<li><strong>Revestimentos espelhados:\u00a0<\/strong>Obtenha o aspeto refletor do a\u00e7o com a leveza das casas de acr\u00edlico em dourado, prateado e outras cores.<\/li>\n<li><strong>Cristalino e fosco:\u00a0<\/strong>Crie um efeito de marca subtil, \u201cfantasma\u201d, que \u00e9 simultaneamente minimalista e de alta tecnologia.<\/li>\n<\/ul>\n<p><strong>2. Precis\u00e3o em todas as informa\u00e7\u00f5es:<\/strong><\/p>\n<p>O seu log\u00f3tipo \u00e9 o cora\u00e7\u00e3o da sua marca. Utilizamos tecnologia moderna de ponta para garantir que \u00e9 apresentado com uma precis\u00e3o impec\u00e1vel.<\/p>\n<ul>\n<li><strong>Inscri\u00e7\u00e3o a laser:\u00a0<\/strong>Proporciona linhas extremamente n\u00edtidas e limpas e informa\u00e7\u00f5es elaboradas, sendo a melhor op\u00e7\u00e3o para log\u00f3tipos complexos e mensagens de grande impacto.<\/li>\n<li><strong>Fundi\u00e7\u00e3o injectada e estampagem\/desbaste:\u00a0<\/strong>Produz um efeito tridimensional, oferecendo ao desenho do seu log\u00f3tipo uma textura em relevo ou em reentr\u00e2ncia que acolhe o toque e inclui profundidade.<\/li>\n<li><strong>Recortes por medida:\u00a0<\/strong>Como se pode ver em alguns dos nossos casos, podemos reduzir o nome da sua marca ou o design do seu log\u00f3tipo diretamente do material, desenvolvendo um layout \u00fanico e inesquec\u00edvel.<\/li>\n<\/ul>\n<p><strong>3. Conforma\u00e7\u00e3o, Dimensionamento e Acr\u00e9scimo:<\/strong><\/p>\n<p>Abandonamos a t\u00edpica forma retangular. A sua etiqueta pode ter qualquer forma que visualize - oval, redonda, uma forma personalizada do seu s\u00edmbolo ou um tipo geom\u00e9trico especial. Tamb\u00e9m fornecemos diferentes op\u00e7\u00f5es de fixa\u00e7\u00e3o para corresponder \u00e0s necessidades espec\u00edficas do seu artigo:.<\/p>\n<ul>\n<li><strong>Furos para coser:\u00a0<\/strong>Cl\u00e1ssico, protegido e vers\u00e1til para t\u00eaxteis. Dispon\u00edvel com dois, 4 ou furos personalizados.<\/li>\n<li><strong>Pin\u00e7as\/Rivelas:\u00a0<\/strong>Perfeita para materiais mais espessos, como couro natural, ganga e lona, proporcionando uma fixa\u00e7\u00e3o robusta e industrial-chique.<\/li>\n<li><strong>Suporte adesivo:\u00a0<\/strong>Um adesivo forte da 3M para aplica\u00e7\u00e3o em superf\u00edcies dif\u00edceis, como caixas de presentes, dispositivos electr\u00f3nicos ou computadores port\u00e1teis.<\/li>\n<\/ul>\n<p><img decoding=\"async\" class=\"size-full wp-image-1463\" src=\"https:\/\/customacrylicproduct.com\/wp-content\/uploads\/2025\/07\/Acrylic-Fashion-Label-1.jpg\" alt=\"Etiqueta de moda em acr\u00edlico (1)\" width=\"800\" height=\"800\" srcset=\"https:\/\/customacrylicproduct.com\/wp-content\/uploads\/2025\/07\/Acrylic-Fashion-Label-1.jpg 800w, https:\/\/customacrylicproduct.com\/wp-content\/uploads\/2025\/07\/Acrylic-Fashion-Label-1-300x300.jpg 300w, https:\/\/customacrylicproduct.com\/wp-content\/uploads\/2025\/07\/Acrylic-Fashion-Label-1-150x150.jpg 150w, https:\/\/customacrylicproduct.com\/wp-content\/uploads\/2025\/07\/Acrylic-Fashion-Label-1-768x768.jpg 768w, https:\/\/customacrylicproduct.com\/wp-content\/uploads\/2025\/07\/Acrylic-Fashion-Label-1-600x600.jpg 600w, https:\/\/customacrylicproduct.com\/wp-content\/uploads\/2025\/07\/Acrylic-Fashion-Label-1-100x100.jpg 100w\" sizes=\"(max-width: 800px) 100vw, 800px\" \/><\/p>\n<h4 id=\"-versatile-applications-past-the-garment-\"><strong>Aplica\u00e7\u00f5es vers\u00e1teis: Para al\u00e9m do vestu\u00e1rio<\/strong><\/h4>\n<p>Embora sejam adequadas para a ind\u00fastria da moda, a aplica\u00e7\u00e3o das nossas etiquetas personalizadas \u00e9 limitada apenas pela sua criatividade. S\u00e3o um poderoso dispositivo de branding numa multiplicidade de sectores:.<\/p>\n<ul>\n<li><strong>Vestu\u00e1rio de estilo:\u00a0<\/strong>Os complementos falam de casacos, casacos de desporto, vestidos e alta-costura.<\/li>\n<li><strong>Bolsas e acess\u00f3rios:\u00a0<\/strong>Marca para malas de m\u00e3o, livros de bolso, mochilas, cintos e bagagens.<\/li>\n<li><strong>Cal\u00e7as de ganga e roupa exterior:\u00a0<\/strong>Etiquetas de a\u00e7o duradouras para manchas de cal\u00e7as e exteriores de casacos.<\/li>\n<li><strong>Sapatos:\u00a0<\/strong>Marca refinada em t\u00e9nis, botas e cal\u00e7ado de gala.<\/li>\n<li><strong>Malhas e chap\u00e9us:\u00a0<\/strong>Etiquetas elegantes para gorros, len\u00e7os de cabe\u00e7a e camisolas.<\/li>\n<li><strong>Artigos para casa e mobili\u00e1rio:\u00a0<\/strong>Marca de qualidade em almofadas, mantas, toalhas e at\u00e9 m\u00f3veis de alta qualidade.<\/li>\n<li><strong>Presentes da empresa:\u00a0<\/strong>Melhore os artigos promocionais, os acess\u00f3rios tecnol\u00f3gicos e as caixas de oferta premium com uma marca permanente e de elevado valor.<\/li>\n<li><strong>Artesanato:\u00a0<\/strong>Acrescente uma marca registada especializada a produtos feitos \u00e0 m\u00e3o, desde dispositivos para c\u00e3es de estima\u00e7\u00e3o a di\u00e1rios com encaderna\u00e7\u00e3o personalizada.<\/li>\n<\/ul>\n<h4 id=\"-your-wholesale-companion-in-quality-\"><strong>O seu companheiro grossista de qualidade<\/strong><\/h4>\n<p>Compreendemos as necessidades da produ\u00e7\u00e3o e o valor de uma cadeia de fornecimento fi\u00e1vel. O nosso programa de venda por grosso foi concebido para ser uma experi\u00eancia perfeita e encorajadora para a sua empresa. Oferecemos pre\u00e7os competitivos em encomendas por grosso, quantidades m\u00ednimas de encomenda reduzidas (MOQs) para apoiar os designers emergentes e a capacidade de produ\u00e7\u00e3o em grande escala para marcas estabelecidas. O nosso rigoroso processo de garantia de qualidade assegura que cada etiqueta da sua encomenda, desde a primeira \u00e0 d\u00e9cima mil\u00e9sima, mant\u00e9m exatamente o mesmo crit\u00e9rio de excel\u00eancia em termos de acabamento, cor e informa\u00e7\u00e3o.<\/p>\n<p>O nosso processo coletivo come\u00e7a com uma reuni\u00e3o de reconhecimento da sua tarefa. Em seguida, fornecemos provas electr\u00f3nicas para sua aprova\u00e7\u00e3o antes de procedermos a um exemplo f\u00edsico, garantindo a sua total satisfa\u00e7\u00e3o antes do in\u00edcio da produ\u00e7\u00e3o total.<\/p>\n<h4 id=\"-invest-in-your-brand-s-legacy-\"><strong>Investir no legado da sua marca<\/strong><\/h4>\n<p>A longo prazo, uma marca \u00e9 uma garantia. \u00c9 uma garantia de alta qualidade, uma garantia de design e uma garantia de uma experi\u00eancia. As nossas etiquetas de moda personalizadas em acr\u00edlico e metal s\u00e3o mais do que apenas uma pe\u00e7a; s\u00e3o um sintoma f\u00edsico desse compromisso. S\u00e3o um embaixador silencioso e consistente da sua marca, comunicando a sua dedica\u00e7\u00e3o \u00e0 qualidade muito depois da primeira venda.<\/p>\n<p>Contacte-nos hoje para pedir um or\u00e7amento ou para falar com os nossos especialistas em design. Permita-nos ajud\u00e1-lo a desenvolver um r\u00f3tulo que n\u00e3o s\u00f3 identifique o seu produto, como tamb\u00e9m o defina. Fa\u00e7a da sua marca uma marca de distin\u00e7\u00e3o.<\/p>","protected":false},"excerpt":{"rendered":"<p class=\"ng-star-inserted\"><span class=\"ng-star-inserted\">Eleve a sua marca com etiquetas met\u00e1licas personalizadas com log\u00f3tipo. Perfeitas para moda, vestu\u00e1rio e malas de m\u00e3o, estas etiquetas podem ser personalizadas com o seu log\u00f3tipo numa variedade de acabamentos deslumbrantes como ouro, prata e preto. D\u00ea um toque de luxo e profissionalismo aos seus produtos. Dispon\u00edvel por grosso.<\/span><\/p>","protected":false},"featured_media":1466,"template":"","meta":{"_kad_post_transparent":"default","_kad_post_title":"","_kad_post_layout":"default","_kad_post_sidebar_id":"","_kad_post_content_style":"default","_kad_post_vertical_padding":"default","_kad_post_feature":"","_kad_post_feature_position":"","_kad_post_header":false,"_kad_post_footer":false,"_kad_post_classname":""},"product_brand":[],"product_cat":[18],"product_tag":[84],"class_list":{"0":"post-1462","1":"product","2":"type-product","3":"status-publish","4":"has-post-thumbnail","6":"product_cat-custom-acrylic-signs","7":"product_tag-clear-acrylic-signs","9":"first","10":"instock","11":"shipping-taxable","12":"product-type-simple","13":"entry","14":"content-bg","15":"loop-entry"},"_links":{"self":[{"href":"https:\/\/customacrylicproduct.com\/pt\/wp-json\/wp\/v2\/product\/1462","targetHints":{"allow":["GET"]}}],"collection":[{"href":"https:\/\/customacrylicproduct.com\/pt\/wp-json\/wp\/v2\/product"}],"about":[{"href":"https:\/\/customacrylicproduct.com\/pt\/wp-json\/wp\/v2\/types\/product"}],"wp:featuredmedia":[{"embeddable":true,"href":"https:\/\/customacrylicproduct.com\/pt\/wp-json\/wp\/v2\/media\/1466"}],"wp:attachment":[{"href":"https:\/\/customacrylicproduct.com\/pt\/wp-json\/wp\/v2\/media?parent=1462"}],"wp:term":[{"taxonomy":"product_brand","embeddable":true,"href":"https:\/\/customacrylicproduct.com\/pt\/wp-json\/wp\/v2\/product_brand?post=1462"},{"taxonomy":"product_cat","embeddable":true,"href":"https:\/\/customacrylicproduct.com\/pt\/wp-json\/wp\/v2\/product_cat?post=1462"},{"taxonomy":"product_tag","embeddable":true,"href":"https:\/\/customacrylicproduct.com\/pt\/wp-json\/wp\/v2\/product_tag?post=1462"}],"curies":[{"name":"wp","href":"https:\/\/api.w.org\/{rel}","templated":true}]}}