{"id":1472,"date":"2025-07-21T09:05:53","date_gmt":"2025-07-21T09:05:53","guid":{"rendered":"https:\/\/customacrylicproduct.com\/?post_type=product&#038;p=1472"},"modified":"2025-07-21T09:26:07","modified_gmt":"2025-07-21T09:26:07","slug":"custom-acrylic-trophy-custom-personalized-marble-trophy","status":"publish","type":"product","link":"https:\/\/customacrylicproduct.com\/pt\/custom-acrylic-trophy-custom-personalized-marble-trophy\/","title":{"rendered":"Trof\u00e9u acr\u00edlico personalizado Trof\u00e9u em m\u00e1rmore personalizado"},"content":{"rendered":"<h3 id=\"-elevate-recognition-with-customized-polymer-trophies-a-modern-symphony-of-shade-craft-and-customization-\"><strong>Eleve o reconhecimento com trof\u00e9us de pol\u00edmero personalizados: Uma Sinfonia Moderna de Sombra, Artesanato e Personaliza\u00e7\u00e3o<\/strong><\/h3>\n<p>No mundo das realiza\u00e7\u00f5es e do reconhecimento, o sinal de sucesso deve ser t\u00e3o fenomenal como a pr\u00f3pria realiza\u00e7\u00e3o. Ultrapasse o lugar comum e aceite um novo per\u00edodo de honras com a nossa magn\u00edfica cole\u00e7\u00e3o de trof\u00e9us de pol\u00edmero personalizados. Meticulosamente criados e executados na perfei\u00e7\u00e3o, estes pr\u00e9mios n\u00e3o s\u00e3o apenas artigos; s\u00e3o obras de arte personalizadas, representa\u00e7\u00f5es substanciais de dedica\u00e7\u00e3o, inova\u00e7\u00e3o e excel\u00eancia. Embora possuam a sensa\u00e7\u00e3o consider\u00e1vel e a emin\u00eancia logo que relacionados com produtos padr\u00e3o como o m\u00e1rmore e o cristal, a sua constru\u00e7\u00e3o contempor\u00e2nea em acr\u00edlico abre um universo de tonalidades vivas, formas din\u00e2micas e personaliza\u00e7\u00e3o sem paralelo que deixar\u00e1 um impacto duradouro em cada destinat\u00e1rio.<\/p>\n<p><img fetchpriority=\"high\" decoding=\"async\" class=\"size-full wp-image-1473\" src=\"https:\/\/customacrylicproduct.com\/wp-content\/uploads\/2025\/07\/Custom-Acrylic-Trophy-1-2.jpg\" alt=\"Trof\u00e9u acr\u00edlico personalizado (1)\" width=\"800\" height=\"800\" srcset=\"https:\/\/customacrylicproduct.com\/wp-content\/uploads\/2025\/07\/Custom-Acrylic-Trophy-1-2.jpg 800w, https:\/\/customacrylicproduct.com\/wp-content\/uploads\/2025\/07\/Custom-Acrylic-Trophy-1-2-300x300.jpg 300w, https:\/\/customacrylicproduct.com\/wp-content\/uploads\/2025\/07\/Custom-Acrylic-Trophy-1-2-150x150.jpg 150w, https:\/\/customacrylicproduct.com\/wp-content\/uploads\/2025\/07\/Custom-Acrylic-Trophy-1-2-768x768.jpg 768w, https:\/\/customacrylicproduct.com\/wp-content\/uploads\/2025\/07\/Custom-Acrylic-Trophy-1-2-600x600.jpg 600w, https:\/\/customacrylicproduct.com\/wp-content\/uploads\/2025\/07\/Custom-Acrylic-Trophy-1-2-100x100.jpg 100w\" sizes=\"(max-width: 800px) 100vw, 800px\" \/><\/p>\n<h4 id=\"-a-brand-new-measurement-in-honor-layout-\"><strong>Uma medida totalmente nova na disposi\u00e7\u00e3o de honra<\/strong><\/h4>\n<p>O que rapidamente distingue estes pr\u00e9mios \u00e9 a sua fascinante disposi\u00e7\u00e3o em v\u00e1rias camadas. Cada item \u00e9 uma aula magistral de narrativa visual, combinando uma placa suave e refinada com um elemento de base vibrante e tridimensional que inclui profundidade, personalidade e significado.<\/p>\n<ul>\n<li><strong>A Funda\u00e7\u00e3o Din\u00e2mica:\u00a0<\/strong>Observe atentamente a base destes pr\u00e9mios. Em vez de um simples bloco, encontrar\u00e1 paisagens urbanas intrincadamente trabalhadas, pilares crescentes ou celebridades a disparar. Estes componentes 3D n\u00e3o s\u00e3o simplesmente decorativos; s\u00e3o simb\u00f3licos. O conceito de horizonte representa a paix\u00e3o, o crescimento e a constru\u00e7\u00e3o do sucesso a partir do zero - ideal para realiza\u00e7\u00f5es empresariais ou honras de departamento. Os pilares com estrelas no topo evocam uma sensa\u00e7\u00e3o de agarrar as estrelas e comemorar os melhores artistas. Esta pe\u00e7a de arte fundamental est\u00e1 prontamente dispon\u00edvel numa gama de estilos e pode ser fornecida em tons abundantes e coordenados (como o azul safira profundo ou o vermelho rubi) ou num sofisticado acabamento transparente congelado que contrasta maravilhosamente com a placa principal.<\/li>\n<li><strong>Uma tela de cores luminescentes:\u00a0<\/strong>O texto do pr\u00e9mio funciona como uma tela din\u00e2mica. Utilizamos um processo de mistura de tonalidades de \u00faltima gera\u00e7\u00e3o em acr\u00edlico de qualidade superior, resultando numa tonalidade profunda e clara que capta e refracta a luz com uma sofistica\u00e7\u00e3o impressionante. Como se pode ver nas imagens, as op\u00e7\u00f5es de tonalidade s\u00e3o simultaneamente arrojadas e sofisticadas. Selecione a partir de um tom energizante\u00a0<strong>Azul safira\u00a0<\/strong>que as men\u00e7\u00f5es contam e a seguran\u00e7a, uma paix\u00e3o\u00a0<strong>Vermelho rubi\u00a0<\/strong>que representa a resist\u00eancia e a gest\u00e3o, um projeto suave e moderno\u00a0<strong>Onyx Preto\u00a0<\/strong>para um toque de estatura cl\u00e1ssica, ou talvez um magn\u00edfico\u00a0<strong>Sundown Orange Slope\u00a0<\/strong>que personifica a imagina\u00e7\u00e3o e o dinamismo. Esta cor de utiliza\u00e7\u00e3o permite-lhe harmonizar as honras com a marca da sua empresa, o tema do seu evento ou a sensa\u00e7\u00e3o de pormenor que deseja transmitir.<\/li>\n<li><strong>Formas sofisticadas para cada mensagem:\u00a0<\/strong>A forma de uma quest\u00e3o de honra. A nossa cole\u00e7\u00e3o oferece uma sele\u00e7\u00e3o de formas que se adequam ao tom do seu evento de reconhecimento. O suave\u00a0<strong>topo dobrado\u00a0<\/strong>oferece uma sensa\u00e7\u00e3o de estilo e fluidez. O n\u00edtido,\u00a0<strong>inclina\u00e7\u00e3o assim\u00e9trica\u00a0<\/strong>transmite uma sensa\u00e7\u00e3o de dinamismo e de efici\u00eancia de vanguarda. O intemporal\u00a0<strong>placa em forma de ret\u00e2ngulo\u00a0<\/strong>proporciona uma base intemporal e magn\u00edfica para a sua mensagem. Cada forma \u00e9 cortada com precis\u00e3o e polida com diamante para garantir arestas perfeitamente lisas e um revestimento semelhante ao vidro.<\/li>\n<\/ul>\n<p><img decoding=\"async\" class=\"size-full wp-image-1476\" src=\"https:\/\/customacrylicproduct.com\/wp-content\/uploads\/2025\/07\/Custom-Acrylic-Trophy-4-1.jpg\" alt=\"Trof\u00e9u acr\u00edlico personalizado (4)\" width=\"800\" height=\"800\" srcset=\"https:\/\/customacrylicproduct.com\/wp-content\/uploads\/2025\/07\/Custom-Acrylic-Trophy-4-1.jpg 800w, https:\/\/customacrylicproduct.com\/wp-content\/uploads\/2025\/07\/Custom-Acrylic-Trophy-4-1-300x300.jpg 300w, https:\/\/customacrylicproduct.com\/wp-content\/uploads\/2025\/07\/Custom-Acrylic-Trophy-4-1-150x150.jpg 150w, https:\/\/customacrylicproduct.com\/wp-content\/uploads\/2025\/07\/Custom-Acrylic-Trophy-4-1-768x768.jpg 768w, https:\/\/customacrylicproduct.com\/wp-content\/uploads\/2025\/07\/Custom-Acrylic-Trophy-4-1-600x600.jpg 600w, https:\/\/customacrylicproduct.com\/wp-content\/uploads\/2025\/07\/Custom-Acrylic-Trophy-4-1-100x100.jpg 100w\" sizes=\"(max-width: 800px) 100vw, 800px\" \/><\/p>\n<h4 id=\"-the-heart-of-the-matter-unrivaled-personalization-\"><strong>O cerne da quest\u00e3o: Personaliza\u00e7\u00e3o inigual\u00e1vel<\/strong><\/h4>\n<p>Uma homenagem \u00e9 t\u00e3o importante quanto a mensagem que transmite. \u00c9 aqui que os nossos pr\u00e9mios personalizados irradiam realmente. Fornecemos uma cole\u00e7\u00e3o abrangente de op\u00e7\u00f5es de personaliza\u00e7\u00e3o para transformar cada trof\u00e9u num testemunho especial e pessoal de realiza\u00e7\u00e3o.<\/p>\n<ul>\n<li><strong>Texto e tipografia personalizados:\u00a0<\/strong>Desde o nome do destinat\u00e1rio at\u00e9 ao t\u00edtulo do pr\u00e9mio (\u201dMelhor servi\u00e7o\u201d, \u201cPr\u00e9mio de excel\u00eancia do departamento\u201d, \u201c\u5e74\u5ea6\u6700\u4f18\u79c0\u5458\u5de5\u201d - Funcion\u00e1rio anual mais bem pago), todas as palavras s\u00e3o fornecidas com uma precis\u00e3o n\u00edtida e organizada. Tem controlo total sobre a mensagem, os tipos de letra e o design para garantir que a mensagem \u00e9 clara, impactante e estilisticamente ideal.<\/li>\n<li><strong>Combina\u00e7\u00e3o de log\u00f3tipo e gr\u00e1fico de alta resolu\u00e7\u00e3o:\u00a0<\/strong>A sua marca \u00e9 a sua identifica\u00e7\u00e3o. Podemos integrar perfeitamente o log\u00f3tipo da sua empresa, a ins\u00edgnia da ocasi\u00e3o ou gr\u00e1ficos personalizados diretamente no design. Como se viu nos casos \u201cECOWATER\u201d e \u201cDr. AHN\u201d, os log\u00f3tipos n\u00e3o s\u00e3o apenas colocados \u00e0 superf\u00edcie; s\u00e3o incorporados diretamente no visual geral, acabando por ser parte integrante da composi\u00e7\u00e3o criativa da homenagem.<\/li>\n<li><strong>Comemora\u00e7\u00e3o de marcos hist\u00f3ricos:\u00a0<\/strong>Marcar o evento com dias de pormenor, como \u201c2024 Honor\u201d ou \u201c2023-2024\u201d, assegurando que a mem\u00f3ria do sucesso \u00e9 mantida para sempre. Quer se trate de uma gala anual, de um testemunho trimestral ou de uma conclus\u00e3o de um trabalho pontual, o dia em que o pr\u00e9mio \u00e9 atribu\u00eddo \u00e9 um momento de vit\u00f3ria.<\/li>\n<\/ul>\n<p>O nosso processo de conce\u00e7\u00e3o \u00e9 conjunto. Basta fornecer-nos a mensagem desejada, os log\u00f3tipos e as ideias de design, e o nosso grupo ir\u00e1 certamente colaborar consigo para criar uma prova eletr\u00f3nica, permitindo-lhe rever e aceitar todos os detalhes antes do in\u00edcio da produ\u00e7\u00e3o. O resultado \u00e9 um pr\u00e9mio genuinamente personalizado, criado exclusivamente para si.<\/p>\n<p><img decoding=\"async\" class=\"size-full wp-image-1475\" src=\"https:\/\/customacrylicproduct.com\/wp-content\/uploads\/2025\/07\/Custom-Acrylic-Trophy-3-2.jpg\" alt=\"Trof\u00e9u acr\u00edlico personalizado (3)\" width=\"800\" height=\"800\" srcset=\"https:\/\/customacrylicproduct.com\/wp-content\/uploads\/2025\/07\/Custom-Acrylic-Trophy-3-2.jpg 800w, https:\/\/customacrylicproduct.com\/wp-content\/uploads\/2025\/07\/Custom-Acrylic-Trophy-3-2-300x300.jpg 300w, https:\/\/customacrylicproduct.com\/wp-content\/uploads\/2025\/07\/Custom-Acrylic-Trophy-3-2-150x150.jpg 150w, https:\/\/customacrylicproduct.com\/wp-content\/uploads\/2025\/07\/Custom-Acrylic-Trophy-3-2-768x768.jpg 768w, https:\/\/customacrylicproduct.com\/wp-content\/uploads\/2025\/07\/Custom-Acrylic-Trophy-3-2-600x600.jpg 600w, https:\/\/customacrylicproduct.com\/wp-content\/uploads\/2025\/07\/Custom-Acrylic-Trophy-3-2-100x100.jpg 100w\" sizes=\"(max-width: 800px) 100vw, 800px\" \/><\/p>\n<h4 id=\"-crafted-from-costs-materials-for-long-lasting-stature-\"><strong>Fabricado com materiais caros para uma estatura duradoura<\/strong><\/h4>\n<p>Embora estes pr\u00e9mios possam ser confundidos com cristal delicado, s\u00e3o concebidos para uma eleg\u00e2ncia duradoura a partir de acr\u00edlico de alta densidade e de qualidade superior. Esta op\u00e7\u00e3o de produto fornece o mais eficaz de todos os globos:.<\/p>\n<ul>\n<li><strong>Clareza \u00f3tica:\u00a0<\/strong>O nosso acr\u00edlico apresenta uma transpar\u00eancia cristalina que se equipara ao vidro mais fino, permitindo uma transmiss\u00e3o de luz deslumbrante e uma express\u00e3o de sombra vibrante.<\/li>\n<li><strong>Peso consider\u00e1vel:\u00a0<\/strong>Estes trof\u00e9us t\u00eam um peso agrad\u00e1vel e uma sensa\u00e7\u00e3o s\u00f3lida e excecional na m\u00e3o, comunicando valor e valor ao destinat\u00e1rio.<\/li>\n<li><strong>Resist\u00eancia e seguran\u00e7a:\u00a0<\/strong>Ao contr\u00e1rio do vidro ou do cristal, o pol\u00edmero \u00e9 resistente a estilha\u00e7os, o que o torna uma alternativa muito mais segura e duradoura para ecr\u00e3s num local de trabalho ou num ambiente dom\u00e9stico agitado.<\/li>\n<li><strong>Exatid\u00e3o de fabrico:\u00a0<\/strong>Cada trof\u00e9u come\u00e7a como um forte bloco de acr\u00edlico, que \u00e9 depois cortado com precis\u00e3o, aderido com tratamento especializado e polido at\u00e9 ficar com um brilho espelhado. A impress\u00e3o \u00e9 obtida atrav\u00e9s de uma inova\u00e7\u00e3o UV avan\u00e7ada, que trata a tinta diretamente no material para obter uma superf\u00edcie n\u00edtida, vibrante e resistente a riscos que n\u00e3o ir\u00e1 certamente descolar ou descolorir com o tempo.<\/li>\n<\/ul>\n<h4 id=\"-the-perfect-award-for-every-single-celebration-\"><strong>O pr\u00e9mio perfeito para cada celebra\u00e7\u00e3o<\/strong><\/h4>\n<p>A grande comodidade deste layout torna-o a op\u00e7\u00e3o ideal para uma grande variedade de ocasi\u00f5es de agradecimento:.<\/p>\n<ul>\n<li><strong>Qualidade empresarial:\u00a0<\/strong>Homenageie os seus melhores vendedores, departamentos excepcionais e empregados do ano.<\/li>\n<li><strong>Reconhecimento de solu\u00e7\u00f5es e parceiros:\u00a0<\/strong>Reconhecer os fornecedores do \u201cMelhor Servi\u00e7o\u201d, os \u201cDistribuidores Magn\u00edficos\u201d e os parceiros importantes da empresa.<\/li>\n<li><strong>Lideran\u00e7a e inova\u00e7\u00e3o:\u00a0<\/strong>Comemore os l\u00edderes vision\u00e1rios e os grupos que est\u00e3o a alargar as fronteiras do seu sector.<\/li>\n<li><strong>Realiza\u00e7\u00f5es acad\u00e9micas e educativas:\u00a0<\/strong>Reconhecer os principais formandos e diplomados dos centros de emprego e das institui\u00e7\u00f5es de ensino.<\/li>\n<li><strong>Eventos e eventos \u00fanicos:\u00a0<\/strong>Criar um pr\u00e9mio inesquec\u00edvel e contempor\u00e2neo para os concorrentes e concursos.<\/li>\n<\/ul>\n<p>N\u00e3o se limite a oferecer uma honra; ofere\u00e7a um objeto de declara\u00e7\u00e3o. Ofere\u00e7a um \u00edcone de realiza\u00e7\u00e3o que \u00e9 t\u00e3o especial, v\u00edvido e vibrante como a pessoa que o recebe. Os nossos trof\u00e9us de pol\u00edmero feitos \u00e0 medida s\u00e3o mais do que uma recompensa - s\u00e3o uma homenagem duradoura ao trabalho \u00e1rduo, um incentivo para o sucesso futuro e uma pe\u00e7a de arte deslumbrante que ser\u00e1 exibida com satisfa\u00e7\u00e3o durante muitos anos.<\/p>\n<p>Contacte-nos hoje para come\u00e7ar a criar um trof\u00e9u que espelhe verdadeiramente a qualidade que deseja comemorar.<\/p>","protected":false},"excerpt":{"rendered":"<p class=\"ng-star-inserted\"><span class=\"ng-star-inserted\">Reconhe\u00e7a a sua grandeza com os nossos pr\u00e9mios em acr\u00edlico personalizados. Totalmente personalizados com o seu texto e log\u00f3tipo, estes trof\u00e9us apresentam cores vibrantes e desenhos din\u00e2micos em 3D. Uma escolha elegante e moderna para reconhecimento de funcion\u00e1rios, eventos corporativos e celebra\u00e7\u00e3o do sucesso.<\/span><\/p>","protected":false},"featured_media":1473,"template":"","meta":{"_kad_post_transparent":"default","_kad_post_title":"","_kad_post_layout":"default","_kad_post_sidebar_id":"","_kad_post_content_style":"default","_kad_post_vertical_padding":"default","_kad_post_feature":"","_kad_post_feature_position":"","_kad_post_header":false,"_kad_post_footer":false,"_kad_post_classname":""},"product_brand":[],"product_cat":[19],"product_tag":[136],"class_list":{"0":"post-1472","1":"product","2":"type-product","3":"status-publish","4":"has-post-thumbnail","6":"product_cat-custom-acrylic-trophies-awards","7":"product_tag-custom-acrylic-trophy","9":"first","10":"instock","11":"shipping-taxable","12":"product-type-simple","13":"entry","14":"content-bg","15":"loop-entry"},"_links":{"self":[{"href":"https:\/\/customacrylicproduct.com\/pt\/wp-json\/wp\/v2\/product\/1472","targetHints":{"allow":["GET"]}}],"collection":[{"href":"https:\/\/customacrylicproduct.com\/pt\/wp-json\/wp\/v2\/product"}],"about":[{"href":"https:\/\/customacrylicproduct.com\/pt\/wp-json\/wp\/v2\/types\/product"}],"wp:featuredmedia":[{"embeddable":true,"href":"https:\/\/customacrylicproduct.com\/pt\/wp-json\/wp\/v2\/media\/1473"}],"wp:attachment":[{"href":"https:\/\/customacrylicproduct.com\/pt\/wp-json\/wp\/v2\/media?parent=1472"}],"wp:term":[{"taxonomy":"product_brand","embeddable":true,"href":"https:\/\/customacrylicproduct.com\/pt\/wp-json\/wp\/v2\/product_brand?post=1472"},{"taxonomy":"product_cat","embeddable":true,"href":"https:\/\/customacrylicproduct.com\/pt\/wp-json\/wp\/v2\/product_cat?post=1472"},{"taxonomy":"product_tag","embeddable":true,"href":"https:\/\/customacrylicproduct.com\/pt\/wp-json\/wp\/v2\/product_tag?post=1472"}],"curies":[{"name":"wp","href":"https:\/\/api.w.org\/{rel}","templated":true}]}}