{"id":1479,"date":"2025-07-21T09:37:31","date_gmt":"2025-07-21T09:37:31","guid":{"rendered":"https:\/\/customacrylicproduct.com\/?post_type=product&#038;p=1479"},"modified":"2025-07-21T09:37:32","modified_gmt":"2025-07-21T09:37:32","slug":"clear-colored-acrylic-tube-pmma-cylinder-acrylic-pipe","status":"publish","type":"product","link":"https:\/\/customacrylicproduct.com\/pt\/clear-colored-acrylic-tube-pmma-cylinder-acrylic-pipe\/","title":{"rendered":"Tubo acr\u00edlico transparente colorido Cilindro PMMA Tubo acr\u00edlico"},"content":{"rendered":"<h3 id=\"-clear-colored-pmma-polymer-cylinders-the-junction-of-light-shade-and-unbounded-style-\"><strong>Cilindros de pol\u00edmero PMMA transparentes e coloridos: A jun\u00e7\u00e3o de luz, sombra e estilo sem limites<\/strong><\/h3>\n<p>Abra um mundo de oportunidades de estilo onde a transpar\u00eancia satisfaz a sombra e o tipo cumpre a fun\u00e7\u00e3o. Orgulhamo-nos de apresentar a nossa linha l\u00edder de Tubos Acr\u00edlicos Transparentes e Coloridos, Cilindros PMMA e Tubos de Pol\u00edmero - um produto fundamental criado para o designer vision\u00e1rio, o desenvolvedor engenhoso, o fabricante preciso e o m\u00fasico criativo. Mais do que uma simples barra de pl\u00e1stico b\u00e1sica, este artigo \u00e9 um meio flex\u00edvel, pronto a ser transformado em elementos de constru\u00e7\u00e3o impressionantes, expositores de retalho animados, artigos de arte sensacionais e pe\u00e7as funcionais de precis\u00e3o.<\/p>\n<p>A nossa cole\u00e7\u00e3o, claramente capturada nas fotografias, mostra o potencial absoluto contido em cada cilindro magistralmente trabalhado. Desde a pureza cristalina que se equipara ao vidro \u00f3tico at\u00e9 um espetro deslumbrante de tonalidades instiladas, estes tubos de acr\u00edlico s\u00e3o criados para captar a luz, especificar o espa\u00e7o e dar vida aos seus princ\u00edpios mais ambiciosos.<\/p>\n<p><img fetchpriority=\"high\" decoding=\"async\" class=\"size-full wp-image-1480\" src=\"https:\/\/customacrylicproduct.com\/wp-content\/uploads\/2025\/07\/Acrylic-Tube-1.jpg\" alt=\"Tubo acr\u00edlico (1)\" width=\"800\" height=\"800\" srcset=\"https:\/\/customacrylicproduct.com\/wp-content\/uploads\/2025\/07\/Acrylic-Tube-1.jpg 800w, https:\/\/customacrylicproduct.com\/wp-content\/uploads\/2025\/07\/Acrylic-Tube-1-300x300.jpg 300w, https:\/\/customacrylicproduct.com\/wp-content\/uploads\/2025\/07\/Acrylic-Tube-1-150x150.jpg 150w, https:\/\/customacrylicproduct.com\/wp-content\/uploads\/2025\/07\/Acrylic-Tube-1-768x768.jpg 768w, https:\/\/customacrylicproduct.com\/wp-content\/uploads\/2025\/07\/Acrylic-Tube-1-600x600.jpg 600w, https:\/\/customacrylicproduct.com\/wp-content\/uploads\/2025\/07\/Acrylic-Tube-1-100x100.jpg 100w\" sizes=\"(max-width: 800px) 100vw, 800px\" \/><\/p>\n<h4 id=\"-area-1-unparalleled-clarity-and-material-pureness-\"><strong>\u00c1rea 1: Clareza sem paralelo e pureza material<\/strong><\/h4>\n<p>No centro do nosso produto est\u00e1 a fenomenal qualidade superior do nosso polimetacrilato de metilo (PMMA), geralmente designado por acr\u00edlico. Como se pode ver nas imagens de grande plano dos nossos cilindros transparentes, cada pe\u00e7a apresenta um brilho impec\u00e1vel, semelhante ao do vidro, sem a delicadeza e o peso fundamentais do vidro normal.<\/p>\n<ul>\n<li><strong>Abertura de grau \u00f3tico:\u00a0<\/strong>Os nossos postes de acr\u00edlico transparente proporcionam uma transmiss\u00e3o de luz superior, permitindo que at\u00e9 92% de luz vis\u00edvel os atravesse. Isto cria um visual esteticamente leve, discreto e sofisticado. A excelente qualidade do produto garante que a luz n\u00e3o \u00e9 apenas transferida, mas \u00e9 tamb\u00e9m refractada de forma maravilhosa, desenvolvendo reflexos vibrantes e uma sensa\u00e7\u00e3o de profundidade, como demonstrado pelos destaques n\u00edtidos nas superf\u00edcies das hastes.<\/li>\n<li><strong>Fabrico de precis\u00e3o:\u00a0<\/strong>Dispon\u00edvel numa s\u00e9rie substancial de di\u00e2metros, desde tubos finos a cilindros significativos, cada item \u00e9 produzido com resist\u00eancias exactas. Quer necessite da uniformidade do acr\u00edlico extrudido para aplica\u00e7\u00f5es longas e constantes ou das elevadas qualidades de maquina\u00e7\u00e3o dos actores acr\u00edlicos para projectos complexos, os nossos produtos oferecem fiabilidade e qualidade superior. As sec\u00e7\u00f5es transversais completamente redondas e as \u00e1reas de superf\u00edcie lisas e refinadas que receberam o plano empilhado s\u00e3o um testemunho do nosso compromisso com o design de precis\u00e3o.<\/li>\n<\/ul>\n<p><img decoding=\"async\" class=\"size-full wp-image-1482\" src=\"https:\/\/customacrylicproduct.com\/wp-content\/uploads\/2025\/07\/Acrylic-Tube-3.jpg\" alt=\"Tubo acr\u00edlico (3)\" width=\"750\" height=\"750\" srcset=\"https:\/\/customacrylicproduct.com\/wp-content\/uploads\/2025\/07\/Acrylic-Tube-3.jpg 750w, https:\/\/customacrylicproduct.com\/wp-content\/uploads\/2025\/07\/Acrylic-Tube-3-300x300.jpg 300w, https:\/\/customacrylicproduct.com\/wp-content\/uploads\/2025\/07\/Acrylic-Tube-3-150x150.jpg 150w, https:\/\/customacrylicproduct.com\/wp-content\/uploads\/2025\/07\/Acrylic-Tube-3-600x600.jpg 600w, https:\/\/customacrylicproduct.com\/wp-content\/uploads\/2025\/07\/Acrylic-Tube-3-100x100.jpg 100w\" sizes=\"(max-width: 750px) 100vw, 750px\" \/><\/p>\n<h4 id=\"-section-2-a-vivid-range-of-innovative-possibilities-\"><strong>Sec\u00e7\u00e3o 2: Uma vasta gama de possibilidades inovadoras<\/strong><\/h4>\n<p>V\u00e1 para al\u00e9m do encanto intemporal do acr\u00edlico transparente e mergulhe num mundo de sombras din\u00e2micas e luminescentes. Os nossos cilindros de acr\u00edlico colorido n\u00e3o s\u00e3o apenas revestidos \u00e0 superf\u00edcie; a tonalidade \u00e9 fundamentalmente parte do produto, assegurando uma tonalidade rica e consistente em todo o poste.<\/p>\n<ul>\n<li><strong>Cores ricas e transl\u00facidas:\u00a0<\/strong>Como mostra a sele\u00e7\u00e3o de p\u00f3los do arco-\u00edris, oferecemos uma combina\u00e7\u00e3o detalhada de cores b\u00e1sicas - desde o laranja ardente e o vermelho forte at\u00e9 ao azul frio e ao rico amigo do ambiente. Estas tonalidades claras ligam-se magnificamente \u00e0 luz, lan\u00e7ando sombras matizadas e desenvolvendo efeitos visuais sensacionais. S\u00e3o ideais para tarefas que exijam um certo ambiente, a coloca\u00e7\u00e3o da identidade da marca ou um simples e poderoso toque de cor.<\/li>\n<li><strong>Modifica\u00e7\u00e3o e Opacidade:\u00a0<\/strong>Para al\u00e9m das nossas ofertas t\u00edpicas, fornecemos servi\u00e7os de correspond\u00eancia de cores personalizados para satisfazer os requisitos exactos do seu projeto. Quer necessite de uma determinada tonalidade corporativa, de uma cor art\u00edstica especial ou de v\u00e1rios n\u00edveis de translucidez e opacidade (de totalmente transparente a semi-opaco ou s\u00f3lido), n\u00f3s podemos fornecer. A barra branca congelada apresentada juntamente com as op\u00e7\u00f5es de cor d\u00e1 uma ideia da sele\u00e7\u00e3o de revestimentos oferecidos, que consistem em \u00e1reas de superf\u00edcie acetinadas e mate.<\/li>\n<\/ul>\n<p><img decoding=\"async\" class=\"size-full wp-image-1481\" src=\"https:\/\/customacrylicproduct.com\/wp-content\/uploads\/2025\/07\/Acrylic-Tube-2.jpg\" alt=\"Tubo acr\u00edlico (2)\" width=\"750\" height=\"750\" srcset=\"https:\/\/customacrylicproduct.com\/wp-content\/uploads\/2025\/07\/Acrylic-Tube-2.jpg 750w, https:\/\/customacrylicproduct.com\/wp-content\/uploads\/2025\/07\/Acrylic-Tube-2-300x300.jpg 300w, https:\/\/customacrylicproduct.com\/wp-content\/uploads\/2025\/07\/Acrylic-Tube-2-150x150.jpg 150w, https:\/\/customacrylicproduct.com\/wp-content\/uploads\/2025\/07\/Acrylic-Tube-2-600x600.jpg 600w, https:\/\/customacrylicproduct.com\/wp-content\/uploads\/2025\/07\/Acrylic-Tube-2-100x100.jpg 100w\" sizes=\"(max-width: 750px) 100vw, 750px\" \/><\/p>\n<h4 id=\"-section-3-convenience-in-form-function-and-construction-\"><strong>Sec\u00e7\u00e3o 3: Conveni\u00eancia na forma, fun\u00e7\u00e3o e constru\u00e7\u00e3o<\/strong><\/h4>\n<p>A verdadeira resist\u00eancia dos nossos tubos cil\u00edndricos em acr\u00edlico assenta na sua inacredit\u00e1vel versatilidade. Estes postes n\u00e3o s\u00e3o apenas um produto acabado, mas um ponto de partida para uma criatividade sem limites, gra\u00e7as \u00e0 sua excecional trabalhabilidade e estabilidade arquitet\u00f3nica.<\/p>\n<ul>\n<li><strong>Eleg\u00e2ncia arquitet\u00f3nica:\u00a0<\/strong>Um dos exemplos mais impressionantes da sua aplica\u00e7\u00e3o \u00e9 a constru\u00e7\u00e3o e o design de interiores. A imagem da sofisticada escadaria mostra como os nossos tubos cil\u00edndricos de acr\u00edlico podem ser transformados em espl\u00eandidos bala\u00fastres. Podem ser maquinados com torneamentos intrincados, moldados diretamente em perfis complexos e tamb\u00e9m fabricados com elementos decorativos como bolhas embutidas, desenvolvendo um efeito de \u201c\u00e1gua congelada\u201d ou \u201ccristal\u201d. Encimados por acess\u00f3rios de a\u00e7o polido, estes bala\u00fastres transformam uma escada b\u00e1sica numa pe\u00e7a central elegante, mostrando a capacidade do material para ser perfurado, torneado e incorporado na perfei\u00e7\u00e3o com outros produtos como o a\u00e7o, o lat\u00e3o e a madeira.<\/li>\n<li><strong>Maquinabilidade descomplicada:\u00a0<\/strong>O acr\u00edlico \u00e9 o desejo de um fabricante. Pode ser facilmente reduzido a qualquer tamanho, perfurado, direcionado, curvado com calor e polido para um acabamento de alto brilho. Os desenhos luxuriantes dos bala\u00fastres exibem esta casa na perfei\u00e7\u00e3o. Quer esteja a desenvolver um suporte f\u00e1cil ou uma escultura complexa, os nossos var\u00f5es de acr\u00edlico podem ser moldados com dispositivos de oficina padr\u00e3o, permitindo uma prototipagem r\u00e1pida e desenvolvimentos \u00e0 medida.<\/li>\n<\/ul>\n<h4 id=\"-area-4-a-globe-of-applications-\"><strong>Dom\u00ednio 4: um globo de aplica\u00e7\u00f5es<\/strong><\/h4>\n<p>Os nossos cilindros acr\u00edlicos de PMMA s\u00e3o utilizados numa gama variada de mercados e campos criativos:.<\/p>\n<ul>\n<li><strong>Design de interiores e estilo:\u00a0<\/strong>Para al\u00e9m dos bala\u00fastres das escadas, utilize os nossos var\u00f5es para corrim\u00f5es modernos, divis\u00f3rias atractivas, pernas de m\u00f3veis, puxadores de arm\u00e1rios e componentes de luzes personalizados que se divertem com as propriedades residenciais de orienta\u00e7\u00e3o da luz do material.<\/li>\n<li><strong>Expositores de retalho e de ponto de venda (POS):\u00a0<\/strong>A clareza e o apelo moderno do acr\u00edlico tornam-no perfeito para criar ambientes de retalho de alta qualidade. Construa elevadores de artigos apelativos, suportes de j\u00f3ias, propriet\u00e1rios de sinaliza\u00e7\u00e3o e estruturas de exposi\u00e7\u00e3o distintas que atraem o interesse dos clientes sem desviar a aten\u00e7\u00e3o do produto.<\/li>\n<li><strong>Arte e escultura:\u00a0<\/strong>A pir\u00e2mide de postes empilhados mostra como o pr\u00f3prio material pode vir a ser uma obra de arte. Os artistas e os escultores utilizam os nossos tubos cindricos pelas suas qualidades \u00f3pticas, estabilidade arquitet\u00f3nica e capacidade de serem moldados em formas significativas.<\/li>\n<li><strong>Design de ilumina\u00e7\u00e3o:\u00a0<\/strong>As barras de acr\u00edlico s\u00e3o condutas de luz excepcionais. Quando iluminadas com LEDs, podem brilhar de forma not\u00e1vel ao longo de todo o seu comprimento, desenvolvendo resultados visuais magn\u00edficos para sinais, ilumina\u00e7\u00e3o de realce de edif\u00edcios e instala\u00e7\u00f5es art\u00edsticas.<\/li>\n<li><strong>Projectos industriais e de bricolage:\u00a0<\/strong>Desde prot\u00f3tipos funcionais e projectos cient\u00edficos a pe\u00e7as para aqu\u00e1rios feitas \u00e0 medida e ao estilo \"fa\u00e7a voc\u00ea mesmo\", a longevidade, a resist\u00eancia \u00e0s condi\u00e7\u00f5es climat\u00e9ricas e a comodidade de utiliza\u00e7\u00e3o fazem das nossas varas de acr\u00edlico uma escolha respeit\u00e1vel para qualquer tipo de trabalho.<\/li>\n<\/ul>\n<h4 id=\"-the-polymer-benefit-why-choose-pmma-\"><strong>A vantagem do pol\u00edmero: Porqu\u00ea escolher o PMMA?<\/strong><\/h4>\n<ul>\n<li><strong>Leve:\u00a0<\/strong>Cerca de metade do peso do vidro, o que facilita a manuten\u00e7\u00e3o, o transporte e a instala\u00e7\u00e3o.<\/li>\n<li><strong>Resistente ao efeito:\u00a0<\/strong>Extremamente mais resistente a estilha\u00e7os do que o vidro, garantindo seguran\u00e7a e robustez em locais de tr\u00e1fego intenso.<\/li>\n<li><strong>Resistente ao clima e aos raios UV:\u00a0<\/strong>Normalmente resistente \u00e0 luz UV, n\u00e3o amarelece nem se quebra com o tempo, o que o torna adequado para aplica\u00e7\u00f5es interiores e exteriores.<\/li>\n<li><strong>Isolante t\u00e9rmico excecional:\u00a0<\/strong>Proporciona um isolamento t\u00e9rmico muito melhor do que o vidro.<\/li>\n<li><strong>Resist\u00eancia qu\u00edmica:\u00a0<\/strong>Resistente a muitos produtos qu\u00edmicos t\u00edpicos.<\/li>\n<\/ul>\n<p>A sua vis\u00e3o \u00e9 o plano; os nossos cilindros de acr\u00edlico transparente e colorido s\u00e3o o meio. Quer esteja a conceber uma grande escadaria, um espa\u00e7o comercial din\u00e2mico ou uma obra-prima \u00edntima, os nossos produtos oferecem a qualidade, a versatilidade e o brilho est\u00e9tico de que necessita para ser bem sucedido. Entre em contacto connosco hoje mesmo para analisar as exig\u00eancias do seu projeto, pedir um exemplo ou receber um or\u00e7amento personalizado. Vamos construir algo not\u00e1vel em conjunto.<\/p>","protected":false},"excerpt":{"rendered":"<p class=\"ng-star-inserted\"><span class=\"ng-star-inserted\">Barras e tubos em acr\u00edlico (PMMA) transparente e colorido de alta claridade. Cilindros dur\u00e1veis e polidos em v\u00e1rios di\u00e2metros. Perfeitos para decora\u00e7\u00e3o arquitet\u00f3nica, como bala\u00fastres de escadas, expositores, ilumina\u00e7\u00e3o e projectos de bricolage. Tamanhos personalizados e cores vibrantes dispon\u00edveis.<\/span><\/p>","protected":false},"featured_media":1480,"template":"","meta":{"_kad_post_transparent":"default","_kad_post_title":"","_kad_post_layout":"default","_kad_post_sidebar_id":"","_kad_post_content_style":"default","_kad_post_vertical_padding":"default","_kad_post_feature":"","_kad_post_feature_position":"","_kad_post_header":false,"_kad_post_footer":false,"_kad_post_classname":""},"product_brand":[],"product_cat":[23],"product_tag":[152],"class_list":{"0":"post-1479","1":"product","2":"type-product","3":"status-publish","4":"has-post-thumbnail","6":"product_cat-custom-acrylic-rods-tubes","7":"product_tag-colored-acrylic-tube","9":"first","10":"instock","11":"shipping-taxable","12":"product-type-simple","13":"entry","14":"content-bg","15":"loop-entry"},"_links":{"self":[{"href":"https:\/\/customacrylicproduct.com\/pt\/wp-json\/wp\/v2\/product\/1479","targetHints":{"allow":["GET"]}}],"collection":[{"href":"https:\/\/customacrylicproduct.com\/pt\/wp-json\/wp\/v2\/product"}],"about":[{"href":"https:\/\/customacrylicproduct.com\/pt\/wp-json\/wp\/v2\/types\/product"}],"wp:featuredmedia":[{"embeddable":true,"href":"https:\/\/customacrylicproduct.com\/pt\/wp-json\/wp\/v2\/media\/1480"}],"wp:attachment":[{"href":"https:\/\/customacrylicproduct.com\/pt\/wp-json\/wp\/v2\/media?parent=1479"}],"wp:term":[{"taxonomy":"product_brand","embeddable":true,"href":"https:\/\/customacrylicproduct.com\/pt\/wp-json\/wp\/v2\/product_brand?post=1479"},{"taxonomy":"product_cat","embeddable":true,"href":"https:\/\/customacrylicproduct.com\/pt\/wp-json\/wp\/v2\/product_cat?post=1479"},{"taxonomy":"product_tag","embeddable":true,"href":"https:\/\/customacrylicproduct.com\/pt\/wp-json\/wp\/v2\/product_tag?post=1479"}],"curies":[{"name":"wp","href":"https:\/\/api.w.org\/{rel}","templated":true}]}}